{"id":51278,"date":"2024-02-14T13:09:11","date_gmt":"2024-02-14T12:09:11","guid":{"rendered":"https:\/\/disimi.hr\/?post_type=product&#038;p=51278"},"modified":"2026-05-06T10:31:39","modified_gmt":"2026-05-06T08:31:39","slug":"torba-kovecezic-dim-19x15x12-cm-tzf2411","status":"publish","type":"product","link":"https:\/\/disimi.hr\/en\/product\/torba-kovecezic-dim-19x15x12-cm-tzf2411\/","title":{"rendered":"Bag &#8220;Kove\u010de\u017ei\u0107&#8221; dim.19x15x12 cm &#8211; tzf2411"},"content":{"rendered":"<div class=\"wpb-content-wrapper\"><p>[vc_row][vc_column][vc_column_text woodmart_inline=&#8221;no&#8221; text_larger=&#8221;yes&#8221;] <\/p>\n<p style=\"text-align: center;\"><strong>Fashion accessories that we can&#8217;t part with<\/strong><\/p>\n<p style=\"text-align: center;\">A rectangular bag made of sturdy material!<\/p>\n<p style=\"text-align: center;\"><strong>The perfect gift,&#8230; just for you!<\/strong><\/p>\n<p style=\"text-align: center;\"><strong>\u2714 A bag to go with every wardrobe<\/strong>, for relaxed styling<\/p>\n<p style=\"text-align: center;\"><strong>\u2714 They save your money:<\/strong> Although high-quality, their price meets everyone&#8217;s budget.<\/p>\n<p style=\"text-align: center;\"><strong>\u2714 Modern design:<\/strong> There are no compromises in design with DiSiMi? bags. A bag is an integral part of a woman&#8217;s identity and as such must have that something.<\/p>\n<p style=\"text-align: center;\"><strong>\u2714 What&#8217;s more important than a bag?<\/strong> If women had all the money in the world, we&#8217;re sure that even that wouldn&#8217;t be enough to afford all the bags they like and, most importantly, they need all those bags. A bag is an indispensable part of every successful outfit. It often happens that changing a bag makes all the difference in an outfit. Why is that? Because a bag is a fashion accessory that connects the whole, stands out and thus attracts attention.<\/p>\n<p>[\/vc_column_text][vc_row_inner][vc_column_inner width=&#8221;1\/2&#8243;][vc_single_image image=&#8221;2580&#8243; img_size=&#8221;full&#8221; alignment=&#8221;center&#8221; parallax_scroll=&#8221;no&#8221; woodmart_inline=&#8221;no&#8221;][\/vc_column_inner][vc_column_inner width=&#8221;1\/2&#8243;][vc_single_image image=&#8221;7452&#8243; img_size=&#8221;full&#8221; alignment=&#8221;center&#8221; parallax_scroll=&#8221;no&#8221; woodmart_inline=&#8221;no&#8221;][\/vc_column_inner][\/vc_row_inner][vc_row_inner][vc_column_inner][vc_column_text woodmart_inline=&#8221;no&#8221; text_larger=&#8221;no&#8221;] <\/p>\n<div>\n<p style=\"text-align: center;\">We deeply believe that our bags are of top quality and design. We believe in our product so much that we are sure it will delight you. If DiSiMi? bags do not meet your expectations, you can return them at any time and we will give you a full refund within the first 30 days.<\/p>\n<\/div>\n<p>[\/vc_column_text][\/vc_column_inner][\/vc_row_inner][\/vc_column][\/vc_row]<\/p>\n<\/div>","protected":false},"excerpt":{"rendered":"<p>A small but powerful handbag is the key to good style. A small, striking handbag as an indispensable fashion accessory for evening occasions and casual daytime situations. For the most necessary things, for special women and occasions. <\/p>\n<p>Made of natural material, dimensions 19x15x12 cm. With lining, with a smaller handle of 10 cm in height and with a handle adjustable in height up to 45 cm.<\/p>\n","protected":false},"featured_media":126977,"template":"","meta":[],"product_brand":[],"product_cat":[113,115],"product_tag":[],"class_list":{"0":"post-51278","1":"product","2":"type-product","3":"status-publish","4":"has-post-thumbnail","6":"product_cat-bags","7":"product_cat-summer-bags","9":"first","10":"instock","11":"featured","12":"taxable","13":"shipping-taxable","14":"purchasable","15":"product-type-simple"},"yoast_head":"<!-- This site is optimized with the Yoast SEO plugin v27.5 - https:\/\/yoast.com\/product\/yoast-seo-wordpress\/ -->\n<title>Bag &quot;Kove\u010de\u017ei\u0107&quot; dim.19x15x12 cm - tzf2411 - DISIMI?<\/title>\n<meta name=\"robots\" content=\"index, follow, max-snippet:-1, max-image-preview:large, max-video-preview:-1\" \/>\n<link rel=\"canonical\" href=\"https:\/\/disimi.hr\/en\/proizvod\/torba-kovecezic-dim-19x15x12-cm-tzf2411\/\" \/>\n<meta property=\"og:locale\" content=\"en_US\" \/>\n<meta property=\"og:type\" content=\"article\" \/>\n<meta property=\"og:title\" content=\"Bag &quot;Kove\u010de\u017ei\u0107&quot; dim.19x15x12 cm - tzf2411 - DISIMI?\" \/>\n<meta property=\"og:description\" content=\"A small but powerful handbag is the key to good style. A small, striking handbag as an indispensable fashion accessory for evening occasions and casual daytime situations. For the most necessary things, for special women and occasions.  Made of natural material, dimensions 19x15x12 cm. With lining, with a smaller handle of 10 cm in height and with a handle adjustable in height up to 45 cm.\" \/>\n<meta property=\"og:url\" content=\"https:\/\/disimi.hr\/en\/proizvod\/torba-kovecezic-dim-19x15x12-cm-tzf2411\/\" \/>\n<meta property=\"og:site_name\" content=\"DISIMI?\" \/>\n<meta property=\"article:publisher\" content=\"https:\/\/www.facebook.com\/DISIMI.hr\/\" \/>\n<meta property=\"article:modified_time\" content=\"2026-05-06T08:31:39+00:00\" \/>\n<meta property=\"og:image\" content=\"https:\/\/disimi.hr\/wp-content\/uploads\/2024\/02\/tzf2411-w.jpg\" \/>\n\t<meta property=\"og:image:width\" content=\"800\" \/>\n\t<meta property=\"og:image:height\" content=\"800\" \/>\n\t<meta property=\"og:image:type\" content=\"image\/jpeg\" \/>\n<meta name=\"twitter:card\" content=\"summary_large_image\" \/>\n<meta name=\"twitter:label1\" content=\"Est. reading time\" \/>\n\t<meta name=\"twitter:data1\" content=\"2 minutes\" \/>\n<script type=\"application\/ld+json\" class=\"yoast-schema-graph\">{\"@context\":\"https:\\\/\\\/schema.org\",\"@graph\":[{\"@type\":\"WebPage\",\"@id\":\"https:\\\/\\\/disimi.hr\\\/en\\\/proizvod\\\/torba-kovecezic-dim-19x15x12-cm-tzf2411\\\/\",\"url\":\"https:\\\/\\\/disimi.hr\\\/en\\\/proizvod\\\/torba-kovecezic-dim-19x15x12-cm-tzf2411\\\/\",\"name\":\"Bag \\\"Kove\u010de\u017ei\u0107\\\" dim.19x15x12 cm - tzf2411 - DISIMI?\",\"isPartOf\":{\"@id\":\"https:\\\/\\\/disimi.hr\\\/#website\"},\"primaryImageOfPage\":{\"@id\":\"https:\\\/\\\/disimi.hr\\\/en\\\/proizvod\\\/torba-kovecezic-dim-19x15x12-cm-tzf2411\\\/#primaryimage\"},\"image\":{\"@id\":\"https:\\\/\\\/disimi.hr\\\/en\\\/proizvod\\\/torba-kovecezic-dim-19x15x12-cm-tzf2411\\\/#primaryimage\"},\"thumbnailUrl\":\"https:\\\/\\\/disimi.hr\\\/wp-content\\\/uploads\\\/2024\\\/02\\\/tzf2411-w.jpg\",\"datePublished\":\"2024-02-14T12:09:11+00:00\",\"dateModified\":\"2026-05-06T08:31:39+00:00\",\"breadcrumb\":{\"@id\":\"https:\\\/\\\/disimi.hr\\\/en\\\/proizvod\\\/torba-kovecezic-dim-19x15x12-cm-tzf2411\\\/#breadcrumb\"},\"inLanguage\":\"en-US\",\"potentialAction\":[{\"@type\":\"ReadAction\",\"target\":[\"https:\\\/\\\/disimi.hr\\\/en\\\/proizvod\\\/torba-kovecezic-dim-19x15x12-cm-tzf2411\\\/\"]}]},{\"@type\":\"ImageObject\",\"inLanguage\":\"en-US\",\"@id\":\"https:\\\/\\\/disimi.hr\\\/en\\\/proizvod\\\/torba-kovecezic-dim-19x15x12-cm-tzf2411\\\/#primaryimage\",\"url\":\"https:\\\/\\\/disimi.hr\\\/wp-content\\\/uploads\\\/2024\\\/02\\\/tzf2411-w.jpg\",\"contentUrl\":\"https:\\\/\\\/disimi.hr\\\/wp-content\\\/uploads\\\/2024\\\/02\\\/tzf2411-w.jpg\",\"width\":800,\"height\":800},{\"@type\":\"BreadcrumbList\",\"@id\":\"https:\\\/\\\/disimi.hr\\\/en\\\/proizvod\\\/torba-kovecezic-dim-19x15x12-cm-tzf2411\\\/#breadcrumb\",\"itemListElement\":[{\"@type\":\"ListItem\",\"position\":1,\"name\":\"Po\u010detna stranica\",\"item\":\"https:\\\/\\\/disimi.hr\\\/en\\\/\"},{\"@type\":\"ListItem\",\"position\":2,\"name\":\"Products\",\"item\":\"https:\\\/\\\/disimi.hr\\\/en\\\/products\\\/\"},{\"@type\":\"ListItem\",\"position\":3,\"name\":\"Bag &#8220;Kove\u010de\u017ei\u0107&#8221; dim.19x15x12 cm &#8211; tzf2411\"}]},{\"@type\":\"WebSite\",\"@id\":\"https:\\\/\\\/disimi.hr\\\/#website\",\"url\":\"https:\\\/\\\/disimi.hr\\\/\",\"name\":\"DISIMI?\",\"description\":\"Hrvatski brand i jedinstveni dizajn!\",\"publisher\":{\"@id\":\"https:\\\/\\\/disimi.hr\\\/#organization\"},\"potentialAction\":[{\"@type\":\"SearchAction\",\"target\":{\"@type\":\"EntryPoint\",\"urlTemplate\":\"https:\\\/\\\/disimi.hr\\\/?s={search_term_string}\"},\"query-input\":{\"@type\":\"PropertyValueSpecification\",\"valueRequired\":true,\"valueName\":\"search_term_string\"}}],\"inLanguage\":\"en-US\"},{\"@type\":\"Organization\",\"@id\":\"https:\\\/\\\/disimi.hr\\\/#organization\",\"name\":\"DiSiMi?\",\"url\":\"https:\\\/\\\/disimi.hr\\\/\",\"logo\":{\"@type\":\"ImageObject\",\"inLanguage\":\"en-US\",\"@id\":\"https:\\\/\\\/disimi.hr\\\/#\\\/schema\\\/logo\\\/image\\\/\",\"url\":\"https:\\\/\\\/disimi.hr\\\/wp-content\\\/uploads\\\/2022\\\/02\\\/logo2.jpg\",\"contentUrl\":\"https:\\\/\\\/disimi.hr\\\/wp-content\\\/uploads\\\/2022\\\/02\\\/logo2.jpg\",\"width\":250,\"height\":79,\"caption\":\"DiSiMi?\"},\"image\":{\"@id\":\"https:\\\/\\\/disimi.hr\\\/#\\\/schema\\\/logo\\\/image\\\/\"},\"sameAs\":[\"https:\\\/\\\/www.facebook.com\\\/DISIMI.hr\\\/\",\"https:\\\/\\\/www.instagram.com\\\/disimi.hr\\\/\"]}]}<\/script>\n<!-- \/ Yoast SEO plugin. -->","yoast_head_json":{"title":"Bag \"Kove\u010de\u017ei\u0107\" dim.19x15x12 cm - tzf2411 - DISIMI?","robots":{"index":"index","follow":"follow","max-snippet":"max-snippet:-1","max-image-preview":"max-image-preview:large","max-video-preview":"max-video-preview:-1"},"canonical":"https:\/\/disimi.hr\/en\/proizvod\/torba-kovecezic-dim-19x15x12-cm-tzf2411\/","og_locale":"en_US","og_type":"article","og_title":"Bag \"Kove\u010de\u017ei\u0107\" dim.19x15x12 cm - tzf2411 - DISIMI?","og_description":"A small but powerful handbag is the key to good style. A small, striking handbag as an indispensable fashion accessory for evening occasions and casual daytime situations. For the most necessary things, for special women and occasions.  Made of natural material, dimensions 19x15x12 cm. With lining, with a smaller handle of 10 cm in height and with a handle adjustable in height up to 45 cm.","og_url":"https:\/\/disimi.hr\/en\/proizvod\/torba-kovecezic-dim-19x15x12-cm-tzf2411\/","og_site_name":"DISIMI?","article_publisher":"https:\/\/www.facebook.com\/DISIMI.hr\/","article_modified_time":"2026-05-06T08:31:39+00:00","og_image":[{"width":800,"height":800,"url":"https:\/\/disimi.hr\/wp-content\/uploads\/2024\/02\/tzf2411-w.jpg","type":"image\/jpeg"}],"twitter_card":"summary_large_image","twitter_misc":{"Est. reading time":"2 minutes"},"schema":{"@context":"https:\/\/schema.org","@graph":[{"@type":"WebPage","@id":"https:\/\/disimi.hr\/en\/proizvod\/torba-kovecezic-dim-19x15x12-cm-tzf2411\/","url":"https:\/\/disimi.hr\/en\/proizvod\/torba-kovecezic-dim-19x15x12-cm-tzf2411\/","name":"Bag \"Kove\u010de\u017ei\u0107\" dim.19x15x12 cm - tzf2411 - DISIMI?","isPartOf":{"@id":"https:\/\/disimi.hr\/#website"},"primaryImageOfPage":{"@id":"https:\/\/disimi.hr\/en\/proizvod\/torba-kovecezic-dim-19x15x12-cm-tzf2411\/#primaryimage"},"image":{"@id":"https:\/\/disimi.hr\/en\/proizvod\/torba-kovecezic-dim-19x15x12-cm-tzf2411\/#primaryimage"},"thumbnailUrl":"https:\/\/disimi.hr\/wp-content\/uploads\/2024\/02\/tzf2411-w.jpg","datePublished":"2024-02-14T12:09:11+00:00","dateModified":"2026-05-06T08:31:39+00:00","breadcrumb":{"@id":"https:\/\/disimi.hr\/en\/proizvod\/torba-kovecezic-dim-19x15x12-cm-tzf2411\/#breadcrumb"},"inLanguage":"en-US","potentialAction":[{"@type":"ReadAction","target":["https:\/\/disimi.hr\/en\/proizvod\/torba-kovecezic-dim-19x15x12-cm-tzf2411\/"]}]},{"@type":"ImageObject","inLanguage":"en-US","@id":"https:\/\/disimi.hr\/en\/proizvod\/torba-kovecezic-dim-19x15x12-cm-tzf2411\/#primaryimage","url":"https:\/\/disimi.hr\/wp-content\/uploads\/2024\/02\/tzf2411-w.jpg","contentUrl":"https:\/\/disimi.hr\/wp-content\/uploads\/2024\/02\/tzf2411-w.jpg","width":800,"height":800},{"@type":"BreadcrumbList","@id":"https:\/\/disimi.hr\/en\/proizvod\/torba-kovecezic-dim-19x15x12-cm-tzf2411\/#breadcrumb","itemListElement":[{"@type":"ListItem","position":1,"name":"Po\u010detna stranica","item":"https:\/\/disimi.hr\/en\/"},{"@type":"ListItem","position":2,"name":"Products","item":"https:\/\/disimi.hr\/en\/products\/"},{"@type":"ListItem","position":3,"name":"Bag &#8220;Kove\u010de\u017ei\u0107&#8221; dim.19x15x12 cm &#8211; tzf2411"}]},{"@type":"WebSite","@id":"https:\/\/disimi.hr\/#website","url":"https:\/\/disimi.hr\/","name":"DISIMI?","description":"Hrvatski brand i jedinstveni dizajn!","publisher":{"@id":"https:\/\/disimi.hr\/#organization"},"potentialAction":[{"@type":"SearchAction","target":{"@type":"EntryPoint","urlTemplate":"https:\/\/disimi.hr\/?s={search_term_string}"},"query-input":{"@type":"PropertyValueSpecification","valueRequired":true,"valueName":"search_term_string"}}],"inLanguage":"en-US"},{"@type":"Organization","@id":"https:\/\/disimi.hr\/#organization","name":"DiSiMi?","url":"https:\/\/disimi.hr\/","logo":{"@type":"ImageObject","inLanguage":"en-US","@id":"https:\/\/disimi.hr\/#\/schema\/logo\/image\/","url":"https:\/\/disimi.hr\/wp-content\/uploads\/2022\/02\/logo2.jpg","contentUrl":"https:\/\/disimi.hr\/wp-content\/uploads\/2022\/02\/logo2.jpg","width":250,"height":79,"caption":"DiSiMi?"},"image":{"@id":"https:\/\/disimi.hr\/#\/schema\/logo\/image\/"},"sameAs":["https:\/\/www.facebook.com\/DISIMI.hr\/","https:\/\/www.instagram.com\/disimi.hr\/"]}]}},"_links":{"self":[{"href":"https:\/\/disimi.hr\/en\/wp-json\/wp\/v2\/product\/51278","targetHints":{"allow":["GET"]}}],"collection":[{"href":"https:\/\/disimi.hr\/en\/wp-json\/wp\/v2\/product"}],"about":[{"href":"https:\/\/disimi.hr\/en\/wp-json\/wp\/v2\/types\/product"}],"wp:featuredmedia":[{"embeddable":true,"href":"https:\/\/disimi.hr\/en\/wp-json\/wp\/v2\/media\/126977"}],"wp:attachment":[{"href":"https:\/\/disimi.hr\/en\/wp-json\/wp\/v2\/media?parent=51278"}],"wp:term":[{"taxonomy":"product_brand","embeddable":true,"href":"https:\/\/disimi.hr\/en\/wp-json\/wp\/v2\/product_brand?post=51278"},{"taxonomy":"product_cat","embeddable":true,"href":"https:\/\/disimi.hr\/en\/wp-json\/wp\/v2\/product_cat?post=51278"},{"taxonomy":"product_tag","embeddable":true,"href":"https:\/\/disimi.hr\/en\/wp-json\/wp\/v2\/product_tag?post=51278"}],"curies":[{"name":"wp","href":"https:\/\/api.w.org\/{rel}","templated":true}]}}