{"id":44066,"date":"2023-10-18T11:24:55","date_gmt":"2023-10-18T09:24:55","guid":{"rendered":"https:\/\/disimi.hr\/proizvod\/torba-hobo-crna-dim-30x25x6cm-tzf2378\/"},"modified":"2026-04-27T12:09:50","modified_gmt":"2026-04-27T10:09:50","slug":"torba-hobo-crna-dim-30x25x6cm-tzf2378","status":"publish","type":"product","link":"https:\/\/disimi.hr\/en\/product\/torba-hobo-crna-dim-30x25x6cm-tzf2378\/","title":{"rendered":"Torba &#8220;Hobo&#8221; crna, dim. 30x25x6cm &#8211; TZF2378"},"content":{"rendered":"<div class=\"wpb-content-wrapper\"><p>[vc_row][vc_column][vc_column_text woodmart_inline=&#8221;no&#8221; text_larger=&#8221;yes&#8221;]<\/p>\n<p style=\"text-align: center\"><strong class=\"naslov-product-tekst\">Modni dodaci od kojih se ne odvajamo<\/strong><\/p>\n<p style=\"text-align: center\">Torba zanimljivog oblika i teksture materijala izra\u0111ena od podatnog i izdr\u017eljivog materijala<\/p>\n<p style=\"text-align: center\"><strong class=\"naslov-sesiri-tekst\">Savr\u0161eni poklon,\u2026\u2026ma za vas!<\/strong><\/p>\n<p style=\"text-align: center\">\u2714<strong>\u00a0Torba\u00a0<\/strong>uz svaku garderobu, za opu\u0161ten styling<\/p>\n<p style=\"text-align: center\">\u2714<strong>\u00a0\u010cuvaju va\u0161 novac<\/strong>: Iako visokokvalitetne, svojom cijenom zadovoljavaju sva\u010diji bud\u017eet.<\/p>\n<div class=\"product-glavni-tekst\">\n<p style=\"text-align: center\">\u2714<strong>\u00a0Moderan dizajn<\/strong>: Kod DiSiMi? torbi nema kompromisa u dizajnu. Torba je sastavni dio \u017eenskog identiteta i kao takva mora imati ono ne\u0161to.<\/p>\n<p style=\"text-align: center\">\u2714<strong>\u00a0\u0160to je bitnije od torbe?<\/strong>\u00a0Kada bi imali sve novce svijeta, sigurni smo da \u017eenama ne bi ni to bilo dovoljno da si priu\u0161te sve torbe koje im se svi\u0111aju i ono najva\u017enije \u2013 sve te torbe im i trebaju. Torba je neizostavni dio svakog uspje\u0161nog outfita. Vrlo \u010desto se dogodi da upravo promjena torbe \u010dini razliku odjevne kombinacije. Za\u0161to je to tako? Zato jer je torba modni dodatak koji povezuje cjelinu, isti\u010de se i tako privla\u010di pa\u017enju..<\/p>\n<\/div>\n<p>[\/vc_column_text][vc_row_inner][vc_column_inner width=&#8221;1\/2&#8243;][vc_single_image image=&#8221;74523&#8243; img_size=&#8221;full&#8221; alignment=&#8221;center&#8221; parallax_scroll=&#8221;no&#8221; woodmart_inline=&#8221;no&#8221;][\/vc_column_inner][vc_column_inner width=&#8221;1\/2&#8243;][vc_single_image image=&#8221;7452&#8243; img_size=&#8221;full&#8221; alignment=&#8221;center&#8221; parallax_scroll=&#8221;no&#8221; woodmart_inline=&#8221;no&#8221;][\/vc_column_inner][\/vc_row_inner][vc_row_inner][vc_column_inner][vc_column_text woodmart_inline=&#8221;no&#8221; text_larger=&#8221;no&#8221;]<\/p>\n<p style=\"text-align: center\">Originalna torba zanimljive teksture<\/p>\n<p style=\"text-align: center\">Materijal: 100% poliuretan<\/p>\n<p>Dimenzije: 30x25x6cm<\/p>\n<p style=\"text-align: center\">Duboko vjerujemo kako su na\u0161e torbe vrhunske kvalitete i dizajna. Toliko vjerujemo u na\u0161 proizvod da smo sigurno da \u0107e vas odu\u0161eviti. Ukoliko DiSiMi? torbe ne zadovolje va\u0161a o\u010dekivanja mo\u017eete ih vratiti u bilo kojem trenutku a mi \u0107emo vam napraviti puni povrat novca u prvih 30 dana.<\/p>\n<p>[\/vc_column_text][\/vc_column_inner][\/vc_row_inner][\/vc_column][\/vc_row]<\/p>\n<\/div>","protected":false},"excerpt":{"rendered":"<p>Torba zanimljivog oblika i teksture izra\u0111ena od podatnog i izdr\u017eljivog materijala.<\/p>\n<p>Uz svaku garderobu, za opu\u0161ten styling!<\/p>\n<p>Materijal: 100% poliuretan<br \/>\nDimenzije: 30x25x6cm<\/p>\n<p>Patentni zatvara\u010d<\/p>\n<p>Unutarnji d\u017eep sa patentnim zatvara\u010dem<\/p>\n<p>Sa podstavom<\/p>\n<p>&nbsp;<\/p>\n","protected":false},"featured_media":125224,"template":"","meta":[],"product_brand":[],"product_cat":[113,114],"product_tag":[],"class_list":{"0":"post-44066","1":"product","2":"type-product","3":"status-publish","4":"has-post-thumbnail","6":"product_cat-bags","7":"product_cat-fashion-bags","9":"first","10":"instock","11":"sale","12":"featured","13":"taxable","14":"shipping-taxable","15":"purchasable","16":"product-type-simple"},"yoast_head":"<!-- This site is optimized with the Yoast SEO plugin v27.5 - https:\/\/yoast.com\/product\/yoast-seo-wordpress\/ -->\n<title>Torba &quot;Hobo&quot; crna, dim. 30x25x6cm - TZF2378 - DISIMI?<\/title>\n<meta name=\"robots\" content=\"index, follow, max-snippet:-1, max-image-preview:large, max-video-preview:-1\" \/>\n<link rel=\"canonical\" href=\"https:\/\/disimi.hr\/en\/proizvod\/torba-hobo-crna-dim-30x25x6cm-tzf2378\/\" \/>\n<meta property=\"og:locale\" content=\"en_US\" \/>\n<meta property=\"og:type\" content=\"article\" \/>\n<meta property=\"og:title\" content=\"Torba &quot;Hobo&quot; crna, dim. 30x25x6cm - TZF2378 - DISIMI?\" \/>\n<meta property=\"og:description\" content=\"Torba zanimljivog oblika i teksture izra\u0111ena od podatnog i izdr\u017eljivog materijala.  Uz svaku garderobu, za opu\u0161ten styling!  Materijal: 100% poliuretan Dimenzije: 30x25x6cm  Patentni zatvara\u010d  Unutarnji d\u017eep sa patentnim zatvara\u010dem  Sa podstavom  &nbsp;\" \/>\n<meta property=\"og:url\" content=\"https:\/\/disimi.hr\/en\/proizvod\/torba-hobo-crna-dim-30x25x6cm-tzf2378\/\" \/>\n<meta property=\"og:site_name\" content=\"DISIMI?\" \/>\n<meta property=\"article:publisher\" content=\"https:\/\/www.facebook.com\/DISIMI.hr\/\" \/>\n<meta property=\"article:modified_time\" content=\"2026-04-27T10:09:50+00:00\" \/>\n<meta property=\"og:image\" content=\"https:\/\/disimi.hr\/wp-content\/uploads\/2023\/10\/TZF2378.jpg\" \/>\n\t<meta property=\"og:image:width\" content=\"850\" \/>\n\t<meta property=\"og:image:height\" content=\"850\" \/>\n\t<meta property=\"og:image:type\" content=\"image\/jpeg\" \/>\n<meta name=\"twitter:card\" content=\"summary_large_image\" \/>\n<meta name=\"twitter:label1\" content=\"Est. reading time\" \/>\n\t<meta name=\"twitter:data1\" content=\"2 minutes\" \/>\n<script type=\"application\/ld+json\" class=\"yoast-schema-graph\">{\"@context\":\"https:\\\/\\\/schema.org\",\"@graph\":[{\"@type\":\"WebPage\",\"@id\":\"https:\\\/\\\/disimi.hr\\\/en\\\/proizvod\\\/torba-hobo-crna-dim-30x25x6cm-tzf2378\\\/\",\"url\":\"https:\\\/\\\/disimi.hr\\\/en\\\/proizvod\\\/torba-hobo-crna-dim-30x25x6cm-tzf2378\\\/\",\"name\":\"Torba \\\"Hobo\\\" crna, dim. 30x25x6cm - TZF2378 - DISIMI?\",\"isPartOf\":{\"@id\":\"https:\\\/\\\/disimi.hr\\\/#website\"},\"primaryImageOfPage\":{\"@id\":\"https:\\\/\\\/disimi.hr\\\/en\\\/proizvod\\\/torba-hobo-crna-dim-30x25x6cm-tzf2378\\\/#primaryimage\"},\"image\":{\"@id\":\"https:\\\/\\\/disimi.hr\\\/en\\\/proizvod\\\/torba-hobo-crna-dim-30x25x6cm-tzf2378\\\/#primaryimage\"},\"thumbnailUrl\":\"https:\\\/\\\/disimi.hr\\\/wp-content\\\/uploads\\\/2023\\\/10\\\/TZF2378.jpg\",\"datePublished\":\"2023-10-18T09:24:55+00:00\",\"dateModified\":\"2026-04-27T10:09:50+00:00\",\"breadcrumb\":{\"@id\":\"https:\\\/\\\/disimi.hr\\\/en\\\/proizvod\\\/torba-hobo-crna-dim-30x25x6cm-tzf2378\\\/#breadcrumb\"},\"inLanguage\":\"en-US\",\"potentialAction\":[{\"@type\":\"ReadAction\",\"target\":[\"https:\\\/\\\/disimi.hr\\\/en\\\/proizvod\\\/torba-hobo-crna-dim-30x25x6cm-tzf2378\\\/\"]}]},{\"@type\":\"ImageObject\",\"inLanguage\":\"en-US\",\"@id\":\"https:\\\/\\\/disimi.hr\\\/en\\\/proizvod\\\/torba-hobo-crna-dim-30x25x6cm-tzf2378\\\/#primaryimage\",\"url\":\"https:\\\/\\\/disimi.hr\\\/wp-content\\\/uploads\\\/2023\\\/10\\\/TZF2378.jpg\",\"contentUrl\":\"https:\\\/\\\/disimi.hr\\\/wp-content\\\/uploads\\\/2023\\\/10\\\/TZF2378.jpg\",\"width\":850,\"height\":850},{\"@type\":\"BreadcrumbList\",\"@id\":\"https:\\\/\\\/disimi.hr\\\/en\\\/proizvod\\\/torba-hobo-crna-dim-30x25x6cm-tzf2378\\\/#breadcrumb\",\"itemListElement\":[{\"@type\":\"ListItem\",\"position\":1,\"name\":\"Po\u010detna stranica\",\"item\":\"https:\\\/\\\/disimi.hr\\\/en\\\/\"},{\"@type\":\"ListItem\",\"position\":2,\"name\":\"Products\",\"item\":\"https:\\\/\\\/disimi.hr\\\/en\\\/products\\\/\"},{\"@type\":\"ListItem\",\"position\":3,\"name\":\"Torba &#8220;Hobo&#8221; crna, dim. 30x25x6cm &#8211; TZF2378\"}]},{\"@type\":\"WebSite\",\"@id\":\"https:\\\/\\\/disimi.hr\\\/#website\",\"url\":\"https:\\\/\\\/disimi.hr\\\/\",\"name\":\"DISIMI?\",\"description\":\"Hrvatski brand i jedinstveni dizajn!\",\"publisher\":{\"@id\":\"https:\\\/\\\/disimi.hr\\\/#organization\"},\"potentialAction\":[{\"@type\":\"SearchAction\",\"target\":{\"@type\":\"EntryPoint\",\"urlTemplate\":\"https:\\\/\\\/disimi.hr\\\/?s={search_term_string}\"},\"query-input\":{\"@type\":\"PropertyValueSpecification\",\"valueRequired\":true,\"valueName\":\"search_term_string\"}}],\"inLanguage\":\"en-US\"},{\"@type\":\"Organization\",\"@id\":\"https:\\\/\\\/disimi.hr\\\/#organization\",\"name\":\"DiSiMi?\",\"url\":\"https:\\\/\\\/disimi.hr\\\/\",\"logo\":{\"@type\":\"ImageObject\",\"inLanguage\":\"en-US\",\"@id\":\"https:\\\/\\\/disimi.hr\\\/#\\\/schema\\\/logo\\\/image\\\/\",\"url\":\"https:\\\/\\\/disimi.hr\\\/wp-content\\\/uploads\\\/2022\\\/02\\\/logo2.jpg\",\"contentUrl\":\"https:\\\/\\\/disimi.hr\\\/wp-content\\\/uploads\\\/2022\\\/02\\\/logo2.jpg\",\"width\":250,\"height\":79,\"caption\":\"DiSiMi?\"},\"image\":{\"@id\":\"https:\\\/\\\/disimi.hr\\\/#\\\/schema\\\/logo\\\/image\\\/\"},\"sameAs\":[\"https:\\\/\\\/www.facebook.com\\\/DISIMI.hr\\\/\",\"https:\\\/\\\/www.instagram.com\\\/disimi.hr\\\/\"]}]}<\/script>\n<!-- \/ Yoast SEO plugin. -->","yoast_head_json":{"title":"Torba \"Hobo\" crna, dim. 30x25x6cm - TZF2378 - DISIMI?","robots":{"index":"index","follow":"follow","max-snippet":"max-snippet:-1","max-image-preview":"max-image-preview:large","max-video-preview":"max-video-preview:-1"},"canonical":"https:\/\/disimi.hr\/en\/proizvod\/torba-hobo-crna-dim-30x25x6cm-tzf2378\/","og_locale":"en_US","og_type":"article","og_title":"Torba \"Hobo\" crna, dim. 30x25x6cm - TZF2378 - DISIMI?","og_description":"Torba zanimljivog oblika i teksture izra\u0111ena od podatnog i izdr\u017eljivog materijala.  Uz svaku garderobu, za opu\u0161ten styling!  Materijal: 100% poliuretan Dimenzije: 30x25x6cm  Patentni zatvara\u010d  Unutarnji d\u017eep sa patentnim zatvara\u010dem  Sa podstavom  &nbsp;","og_url":"https:\/\/disimi.hr\/en\/proizvod\/torba-hobo-crna-dim-30x25x6cm-tzf2378\/","og_site_name":"DISIMI?","article_publisher":"https:\/\/www.facebook.com\/DISIMI.hr\/","article_modified_time":"2026-04-27T10:09:50+00:00","og_image":[{"width":850,"height":850,"url":"https:\/\/disimi.hr\/wp-content\/uploads\/2023\/10\/TZF2378.jpg","type":"image\/jpeg"}],"twitter_card":"summary_large_image","twitter_misc":{"Est. reading time":"2 minutes"},"schema":{"@context":"https:\/\/schema.org","@graph":[{"@type":"WebPage","@id":"https:\/\/disimi.hr\/en\/proizvod\/torba-hobo-crna-dim-30x25x6cm-tzf2378\/","url":"https:\/\/disimi.hr\/en\/proizvod\/torba-hobo-crna-dim-30x25x6cm-tzf2378\/","name":"Torba \"Hobo\" crna, dim. 30x25x6cm - TZF2378 - DISIMI?","isPartOf":{"@id":"https:\/\/disimi.hr\/#website"},"primaryImageOfPage":{"@id":"https:\/\/disimi.hr\/en\/proizvod\/torba-hobo-crna-dim-30x25x6cm-tzf2378\/#primaryimage"},"image":{"@id":"https:\/\/disimi.hr\/en\/proizvod\/torba-hobo-crna-dim-30x25x6cm-tzf2378\/#primaryimage"},"thumbnailUrl":"https:\/\/disimi.hr\/wp-content\/uploads\/2023\/10\/TZF2378.jpg","datePublished":"2023-10-18T09:24:55+00:00","dateModified":"2026-04-27T10:09:50+00:00","breadcrumb":{"@id":"https:\/\/disimi.hr\/en\/proizvod\/torba-hobo-crna-dim-30x25x6cm-tzf2378\/#breadcrumb"},"inLanguage":"en-US","potentialAction":[{"@type":"ReadAction","target":["https:\/\/disimi.hr\/en\/proizvod\/torba-hobo-crna-dim-30x25x6cm-tzf2378\/"]}]},{"@type":"ImageObject","inLanguage":"en-US","@id":"https:\/\/disimi.hr\/en\/proizvod\/torba-hobo-crna-dim-30x25x6cm-tzf2378\/#primaryimage","url":"https:\/\/disimi.hr\/wp-content\/uploads\/2023\/10\/TZF2378.jpg","contentUrl":"https:\/\/disimi.hr\/wp-content\/uploads\/2023\/10\/TZF2378.jpg","width":850,"height":850},{"@type":"BreadcrumbList","@id":"https:\/\/disimi.hr\/en\/proizvod\/torba-hobo-crna-dim-30x25x6cm-tzf2378\/#breadcrumb","itemListElement":[{"@type":"ListItem","position":1,"name":"Po\u010detna stranica","item":"https:\/\/disimi.hr\/en\/"},{"@type":"ListItem","position":2,"name":"Products","item":"https:\/\/disimi.hr\/en\/products\/"},{"@type":"ListItem","position":3,"name":"Torba &#8220;Hobo&#8221; crna, dim. 30x25x6cm &#8211; TZF2378"}]},{"@type":"WebSite","@id":"https:\/\/disimi.hr\/#website","url":"https:\/\/disimi.hr\/","name":"DISIMI?","description":"Hrvatski brand i jedinstveni dizajn!","publisher":{"@id":"https:\/\/disimi.hr\/#organization"},"potentialAction":[{"@type":"SearchAction","target":{"@type":"EntryPoint","urlTemplate":"https:\/\/disimi.hr\/?s={search_term_string}"},"query-input":{"@type":"PropertyValueSpecification","valueRequired":true,"valueName":"search_term_string"}}],"inLanguage":"en-US"},{"@type":"Organization","@id":"https:\/\/disimi.hr\/#organization","name":"DiSiMi?","url":"https:\/\/disimi.hr\/","logo":{"@type":"ImageObject","inLanguage":"en-US","@id":"https:\/\/disimi.hr\/#\/schema\/logo\/image\/","url":"https:\/\/disimi.hr\/wp-content\/uploads\/2022\/02\/logo2.jpg","contentUrl":"https:\/\/disimi.hr\/wp-content\/uploads\/2022\/02\/logo2.jpg","width":250,"height":79,"caption":"DiSiMi?"},"image":{"@id":"https:\/\/disimi.hr\/#\/schema\/logo\/image\/"},"sameAs":["https:\/\/www.facebook.com\/DISIMI.hr\/","https:\/\/www.instagram.com\/disimi.hr\/"]}]}},"_links":{"self":[{"href":"https:\/\/disimi.hr\/en\/wp-json\/wp\/v2\/product\/44066","targetHints":{"allow":["GET"]}}],"collection":[{"href":"https:\/\/disimi.hr\/en\/wp-json\/wp\/v2\/product"}],"about":[{"href":"https:\/\/disimi.hr\/en\/wp-json\/wp\/v2\/types\/product"}],"wp:featuredmedia":[{"embeddable":true,"href":"https:\/\/disimi.hr\/en\/wp-json\/wp\/v2\/media\/125224"}],"wp:attachment":[{"href":"https:\/\/disimi.hr\/en\/wp-json\/wp\/v2\/media?parent=44066"}],"wp:term":[{"taxonomy":"product_brand","embeddable":true,"href":"https:\/\/disimi.hr\/en\/wp-json\/wp\/v2\/product_brand?post=44066"},{"taxonomy":"product_cat","embeddable":true,"href":"https:\/\/disimi.hr\/en\/wp-json\/wp\/v2\/product_cat?post=44066"},{"taxonomy":"product_tag","embeddable":true,"href":"https:\/\/disimi.hr\/en\/wp-json\/wp\/v2\/product_tag?post=44066"}],"curies":[{"name":"wp","href":"https:\/\/api.w.org\/{rel}","templated":true}]}}