{"id":131045,"date":"2026-03-24T12:39:27","date_gmt":"2026-03-24T11:39:27","guid":{"rendered":"https:\/\/disimi.hr\/?post_type=product&#038;p=131045"},"modified":"2026-05-15T14:07:53","modified_gmt":"2026-05-15T12:07:53","slug":"torba-pismo-pletena-rock-roll-dim-26x20-cm-tzf2601","status":"publish","type":"product","link":"https:\/\/disimi.hr\/en\/product\/torba-pismo-pletena-rock-roll-dim-26x20-cm-tzf2601\/","title":{"rendered":"Torba pismo pletena &#8220;Rock &#038; Roll&#8221; Crna dim. 26&#215;20 cm &#8211; tzf2601"},"content":{"rendered":"<div class=\"wpb-content-wrapper\"><p>[vc_row][vc_column][vc_column_text css=&#8221;&#8221; woodmart_inline=&#8221;no&#8221; text_larger=&#8221;yes&#8221;]<\/p>\n<p style=\"text-align: center;\"><strong>Modni dodaci od kojih se ne odvajamo<\/strong><\/p>\n<p style=\"text-align: center;\">Upoznajte savr\u0161enog suputnika za ve\u010dernje izlaske ili posebne prigode \u2013 na\u0161u elegantnu pletenu pismo torbicu iz kolekcije DiSiMi?. Dovoljno mala da je prakti\u010dna, a opet dovoljno upe\u010datljiva da vas istakne!<\/p>\n<p style=\"text-align: center;\"><strong>Savr\u0161eni poklon,\u2026\u2026ma za vas!<\/strong><\/p>\n<p style=\"text-align: center;\"><strong>\u2714 Torba uz svaku garderobu<\/strong>, za opu\u0161ten styling<\/p>\n<p style=\"text-align: center;\"><strong>\u2714 \u010cuvaju va\u0161 novac:<\/strong> Iako visokokvalitetne, svojom cijenom zadovoljavaju sva\u010diji bud\u017eet.<\/p>\n<p style=\"text-align: center;\"><strong>\u2714 Moderan dizajn:<\/strong> Kod DiSiMi? torbi nema kompromisa u dizajnu. Torba je sastavni dio \u017eenskog identiteta i kao takva mora imati ono ne\u0161to.<\/p>\n<p style=\"text-align: center;\"><strong>\u2714 \u0160to je bitnije od torbe?<\/strong> Kada bi imali sve novce svijeta, sigurni smo da \u017eenama ne bi ni to bilo dovoljno da si priu\u0161te sve torbe koje im se svi\u0111aju i ono najva\u017enije \u2013 sve te torbe im i trebaju. Torba je neizostavni dio svakog uspje\u0161nog outfita. Vrlo \u010desto se dogodi da upravo promjena torbe \u010dini razliku odjevne kombinacije. Za\u0161to je to tako? Zato jer je torba modni dodatak koji povezuje cjelinu, isti\u010de se i tako privla\u010di pa\u017enju.<\/p>\n<p>[\/vc_column_text][vc_row_inner][vc_column_inner width=&#8221;1\/2&#8243;][vc_single_image image=&#8221;2580&#8243; img_size=&#8221;full&#8221; alignment=&#8221;center&#8221; parallax_scroll=&#8221;no&#8221; woodmart_inline=&#8221;no&#8221;][\/vc_column_inner][vc_column_inner width=&#8221;1\/2&#8243;][vc_single_image image=&#8221;7452&#8243; img_size=&#8221;full&#8221; alignment=&#8221;center&#8221; parallax_scroll=&#8221;no&#8221; woodmart_inline=&#8221;no&#8221;][\/vc_column_inner][\/vc_row_inner][vc_row_inner][vc_column_inner][vc_column_text woodmart_inline=&#8221;no&#8221; text_larger=&#8221;no&#8221;]<\/p>\n<p style=\"text-align: center;\">Jedinstveni dizajn koji kombinira razli\u010dite otiske s kona\u010dnim dodirom detalja!<\/p>\n<p style=\"text-align: center;\">Otvara se na vrhu s patentnim zatvara\u010dem, a unutra\u0161njost ima oblo\u017eene dijelove.<\/p>\n<p style=\"text-align: center;\">Dimenzije: 26 x 20 cm<\/p>\n<p style=\"text-align: center;\">Tako\u0111er ima ru\u010dku za lak\u0161e no\u0161enje. \ud83d\ude09<\/p>\n<p style=\"text-align: center;\">Duboko vjerujemo kako su na\u0161e torbe vrhunske kvalitete i dizajna. Toliko vjerujemo u na\u0161 proizvod da smo sigurno da \u0107e vas odu\u0161eviti. Ukoliko DiSiMi? torbe ne zadovolje va\u0161a o\u010dekivanja mo\u017eete ih vratiti u bilo kojem trenutku a mi \u0107emo vam napraviti puni povrat novca u prvih 30 dana.<\/p>\n<p>[\/vc_column_text][\/vc_column_inner][\/vc_row_inner][\/vc_column][\/vc_row]<\/p>\n<\/div>","protected":false},"excerpt":{"rendered":"<ul class=\"marker:text-textOff list-disc\">\n<li>\n<p class=\"my-0\"><strong>Materijal i dizajn:<\/strong> Izra\u0111ena od kvalitetnog pletenog materijala (kombinacija \u010dvrstog papira i poliuretana), ova torbica odi\u0161e prirodnom elegancijom. Minimalisti\u010dki dizajn s decentnim &#8220;DiSiMi?&#8221; natpisom dodaje sofisticiranost.<\/p>\n<\/li>\n<li>\n<p class=\"my-0\"><strong>Prakti\u010dnost:<\/strong> Idealna za no\u0161enje u ruci, ova pismo torbica je savr\u0161ena za no\u0161enje najnu\u017enijih potrep\u0161tina poput mobitela, nov\u010danika i klju\u010deva. Zatvaranje na patent osigurava da su va\u0161e stvari sigurne. Ima i dodatnu malu ru\u010dku.<\/p>\n<\/li>\n<li>\n<p class=\"my-0\"><strong>Dimenzije:<\/strong> Kompaktna veli\u010dina \u010dini je savr\u0161enom za ve\u010dernje izlaske ili posebne doga\u0111aje. Dimenzije 26&#215;20 cm<\/p>\n<\/li>\n<li>\n<p class=\"my-0\"><strong>Stil:<\/strong>\u00a0Savr\u0161en dodatak svakom elegantnom outfitu, ova pismo torbica \u0107e upotpuniti va\u0161 look i dodati dozu sofisticiranosti. Njezin prirodni izgled lako se kombinira s razli\u010ditim stilovima odijevanja.<\/p>\n<\/li>\n<\/ul>\n<p class=\"my-0\">Ova pismo torbica je idealan izbor za sve one koji tra\u017ee prakti\u010dan, a istovremeno elegantan dodatak svojoj garderobi. Naru\u010dite svoju pletenu pismo torbicu DiSiMi? i zablistajte u svakoj prilici!<\/p>\n","protected":false},"featured_media":131048,"template":"","meta":[],"product_brand":[],"product_cat":[113,117],"product_tag":[301],"class_list":{"0":"post-131045","1":"product","2":"type-product","3":"status-publish","4":"has-post-thumbnail","6":"product_cat-bags","7":"product_cat-letter-bag","8":"product_tag-new","10":"first","11":"instock","12":"featured","13":"taxable","14":"shipping-taxable","15":"purchasable","16":"product-type-simple"},"yoast_head":"<!-- This site is optimized with the Yoast SEO plugin v27.5 - https:\/\/yoast.com\/product\/yoast-seo-wordpress\/ -->\n<title>Torba pismo pletena &quot;Rock &amp; Roll&quot; Crna dim. 26x20 cm - tzf2601 - DISIMI?<\/title>\n<meta name=\"robots\" content=\"index, follow, max-snippet:-1, max-image-preview:large, max-video-preview:-1\" \/>\n<link rel=\"canonical\" href=\"https:\/\/disimi.hr\/en\/product\/torba-pismo-pletena-rock-roll-dim-26x20-cm-tzf2601\/\" \/>\n<meta property=\"og:locale\" content=\"en_US\" \/>\n<meta property=\"og:type\" content=\"article\" \/>\n<meta property=\"og:title\" content=\"Torba pismo pletena &quot;Rock &amp; Roll&quot; Crna dim. 26x20 cm - tzf2601 - DISIMI?\" \/>\n<meta property=\"og:description\" content=\"Materijal i dizajn: Izra\u0111ena od kvalitetnog pletenog materijala (kombinacija \u010dvrstog papira i poliuretana), ova torbica odi\u0161e prirodnom elegancijom. Minimalisti\u010dki dizajn s decentnim &quot;DiSiMi?&quot; natpisom dodaje sofisticiranost.    Prakti\u010dnost: Idealna za no\u0161enje u ruci, ova pismo torbica je savr\u0161ena za no\u0161enje najnu\u017enijih potrep\u0161tina poput mobitela, nov\u010danika i klju\u010deva. Zatvaranje na patent osigurava da su va\u0161e stvari sigurne. Ima i dodatnu malu ru\u010dku.    Dimenzije: Kompaktna veli\u010dina \u010dini je savr\u0161enom za ve\u010dernje izlaske ili posebne doga\u0111aje. Dimenzije 26x20 cm    Stil:\u00a0Savr\u0161en dodatak svakom elegantnom outfitu, ova pismo torbica \u0107e upotpuniti va\u0161 look i dodati dozu sofisticiranosti. Njezin prirodni izgled lako se kombinira s razli\u010ditim stilovima odijevanja.   Ova pismo torbica je idealan izbor za sve one koji tra\u017ee prakti\u010dan, a istovremeno elegantan dodatak svojoj garderobi. Naru\u010dite svoju pletenu pismo torbicu DiSiMi? i zablistajte u svakoj prilici!\" \/>\n<meta property=\"og:url\" content=\"https:\/\/disimi.hr\/en\/product\/torba-pismo-pletena-rock-roll-dim-26x20-cm-tzf2601\/\" \/>\n<meta property=\"og:site_name\" content=\"DISIMI?\" \/>\n<meta property=\"article:publisher\" content=\"https:\/\/www.facebook.com\/DISIMI.hr\/\" \/>\n<meta property=\"article:modified_time\" content=\"2026-05-15T12:07:53+00:00\" \/>\n<meta property=\"og:image\" content=\"https:\/\/disimi.hr\/wp-content\/uploads\/2026\/03\/tzf2601-W.jpg\" \/>\n\t<meta property=\"og:image:width\" content=\"800\" \/>\n\t<meta property=\"og:image:height\" content=\"800\" \/>\n\t<meta property=\"og:image:type\" content=\"image\/jpeg\" \/>\n<meta name=\"twitter:card\" content=\"summary_large_image\" \/>\n<meta name=\"twitter:label1\" content=\"Est. reading time\" \/>\n\t<meta name=\"twitter:data1\" content=\"3 minutes\" \/>\n<script type=\"application\/ld+json\" class=\"yoast-schema-graph\">{\"@context\":\"https:\\\/\\\/schema.org\",\"@graph\":[{\"@type\":\"WebPage\",\"@id\":\"https:\\\/\\\/disimi.hr\\\/en\\\/product\\\/torba-pismo-pletena-rock-roll-dim-26x20-cm-tzf2601\\\/\",\"url\":\"https:\\\/\\\/disimi.hr\\\/en\\\/product\\\/torba-pismo-pletena-rock-roll-dim-26x20-cm-tzf2601\\\/\",\"name\":\"Torba pismo pletena \\\"Rock & Roll\\\" Crna dim. 26x20 cm - tzf2601 - DISIMI?\",\"isPartOf\":{\"@id\":\"https:\\\/\\\/disimi.hr\\\/#website\"},\"primaryImageOfPage\":{\"@id\":\"https:\\\/\\\/disimi.hr\\\/en\\\/product\\\/torba-pismo-pletena-rock-roll-dim-26x20-cm-tzf2601\\\/#primaryimage\"},\"image\":{\"@id\":\"https:\\\/\\\/disimi.hr\\\/en\\\/product\\\/torba-pismo-pletena-rock-roll-dim-26x20-cm-tzf2601\\\/#primaryimage\"},\"thumbnailUrl\":\"https:\\\/\\\/disimi.hr\\\/wp-content\\\/uploads\\\/2026\\\/03\\\/tzf2601-W.jpg\",\"datePublished\":\"2026-03-24T11:39:27+00:00\",\"dateModified\":\"2026-05-15T12:07:53+00:00\",\"breadcrumb\":{\"@id\":\"https:\\\/\\\/disimi.hr\\\/en\\\/product\\\/torba-pismo-pletena-rock-roll-dim-26x20-cm-tzf2601\\\/#breadcrumb\"},\"inLanguage\":\"en-US\",\"potentialAction\":[{\"@type\":\"ReadAction\",\"target\":[\"https:\\\/\\\/disimi.hr\\\/en\\\/product\\\/torba-pismo-pletena-rock-roll-dim-26x20-cm-tzf2601\\\/\"]}]},{\"@type\":\"ImageObject\",\"inLanguage\":\"en-US\",\"@id\":\"https:\\\/\\\/disimi.hr\\\/en\\\/product\\\/torba-pismo-pletena-rock-roll-dim-26x20-cm-tzf2601\\\/#primaryimage\",\"url\":\"https:\\\/\\\/disimi.hr\\\/wp-content\\\/uploads\\\/2026\\\/03\\\/tzf2601-W.jpg\",\"contentUrl\":\"https:\\\/\\\/disimi.hr\\\/wp-content\\\/uploads\\\/2026\\\/03\\\/tzf2601-W.jpg\",\"width\":800,\"height\":800},{\"@type\":\"BreadcrumbList\",\"@id\":\"https:\\\/\\\/disimi.hr\\\/en\\\/product\\\/torba-pismo-pletena-rock-roll-dim-26x20-cm-tzf2601\\\/#breadcrumb\",\"itemListElement\":[{\"@type\":\"ListItem\",\"position\":1,\"name\":\"Po\u010detna stranica\",\"item\":\"https:\\\/\\\/disimi.hr\\\/en\\\/\"},{\"@type\":\"ListItem\",\"position\":2,\"name\":\"Products\",\"item\":\"https:\\\/\\\/disimi.hr\\\/en\\\/products\\\/\"},{\"@type\":\"ListItem\",\"position\":3,\"name\":\"Torba pismo pletena &#8220;Rock &#038; Roll&#8221; Crna dim. 26&#215;20 cm &#8211; tzf2601\"}]},{\"@type\":\"WebSite\",\"@id\":\"https:\\\/\\\/disimi.hr\\\/#website\",\"url\":\"https:\\\/\\\/disimi.hr\\\/\",\"name\":\"DISIMI?\",\"description\":\"Hrvatski brand i jedinstveni dizajn!\",\"publisher\":{\"@id\":\"https:\\\/\\\/disimi.hr\\\/#organization\"},\"potentialAction\":[{\"@type\":\"SearchAction\",\"target\":{\"@type\":\"EntryPoint\",\"urlTemplate\":\"https:\\\/\\\/disimi.hr\\\/?s={search_term_string}\"},\"query-input\":{\"@type\":\"PropertyValueSpecification\",\"valueRequired\":true,\"valueName\":\"search_term_string\"}}],\"inLanguage\":\"en-US\"},{\"@type\":\"Organization\",\"@id\":\"https:\\\/\\\/disimi.hr\\\/#organization\",\"name\":\"DiSiMi?\",\"url\":\"https:\\\/\\\/disimi.hr\\\/\",\"logo\":{\"@type\":\"ImageObject\",\"inLanguage\":\"en-US\",\"@id\":\"https:\\\/\\\/disimi.hr\\\/#\\\/schema\\\/logo\\\/image\\\/\",\"url\":\"https:\\\/\\\/disimi.hr\\\/wp-content\\\/uploads\\\/2022\\\/02\\\/logo2.jpg\",\"contentUrl\":\"https:\\\/\\\/disimi.hr\\\/wp-content\\\/uploads\\\/2022\\\/02\\\/logo2.jpg\",\"width\":250,\"height\":79,\"caption\":\"DiSiMi?\"},\"image\":{\"@id\":\"https:\\\/\\\/disimi.hr\\\/#\\\/schema\\\/logo\\\/image\\\/\"},\"sameAs\":[\"https:\\\/\\\/www.facebook.com\\\/DISIMI.hr\\\/\",\"https:\\\/\\\/www.instagram.com\\\/disimi.hr\\\/\"]}]}<\/script>\n<!-- \/ Yoast SEO plugin. -->","yoast_head_json":{"title":"Torba pismo pletena \"Rock & Roll\" Crna dim. 26x20 cm - tzf2601 - DISIMI?","robots":{"index":"index","follow":"follow","max-snippet":"max-snippet:-1","max-image-preview":"max-image-preview:large","max-video-preview":"max-video-preview:-1"},"canonical":"https:\/\/disimi.hr\/en\/product\/torba-pismo-pletena-rock-roll-dim-26x20-cm-tzf2601\/","og_locale":"en_US","og_type":"article","og_title":"Torba pismo pletena \"Rock & Roll\" Crna dim. 26x20 cm - tzf2601 - DISIMI?","og_description":"Materijal i dizajn: Izra\u0111ena od kvalitetnog pletenog materijala (kombinacija \u010dvrstog papira i poliuretana), ova torbica odi\u0161e prirodnom elegancijom. Minimalisti\u010dki dizajn s decentnim \"DiSiMi?\" natpisom dodaje sofisticiranost.    Prakti\u010dnost: Idealna za no\u0161enje u ruci, ova pismo torbica je savr\u0161ena za no\u0161enje najnu\u017enijih potrep\u0161tina poput mobitela, nov\u010danika i klju\u010deva. Zatvaranje na patent osigurava da su va\u0161e stvari sigurne. Ima i dodatnu malu ru\u010dku.    Dimenzije: Kompaktna veli\u010dina \u010dini je savr\u0161enom za ve\u010dernje izlaske ili posebne doga\u0111aje. Dimenzije 26x20 cm    Stil:\u00a0Savr\u0161en dodatak svakom elegantnom outfitu, ova pismo torbica \u0107e upotpuniti va\u0161 look i dodati dozu sofisticiranosti. Njezin prirodni izgled lako se kombinira s razli\u010ditim stilovima odijevanja.   Ova pismo torbica je idealan izbor za sve one koji tra\u017ee prakti\u010dan, a istovremeno elegantan dodatak svojoj garderobi. Naru\u010dite svoju pletenu pismo torbicu DiSiMi? i zablistajte u svakoj prilici!","og_url":"https:\/\/disimi.hr\/en\/product\/torba-pismo-pletena-rock-roll-dim-26x20-cm-tzf2601\/","og_site_name":"DISIMI?","article_publisher":"https:\/\/www.facebook.com\/DISIMI.hr\/","article_modified_time":"2026-05-15T12:07:53+00:00","og_image":[{"width":800,"height":800,"url":"https:\/\/disimi.hr\/wp-content\/uploads\/2026\/03\/tzf2601-W.jpg","type":"image\/jpeg"}],"twitter_card":"summary_large_image","twitter_misc":{"Est. reading time":"3 minutes"},"schema":{"@context":"https:\/\/schema.org","@graph":[{"@type":"WebPage","@id":"https:\/\/disimi.hr\/en\/product\/torba-pismo-pletena-rock-roll-dim-26x20-cm-tzf2601\/","url":"https:\/\/disimi.hr\/en\/product\/torba-pismo-pletena-rock-roll-dim-26x20-cm-tzf2601\/","name":"Torba pismo pletena \"Rock & Roll\" Crna dim. 26x20 cm - tzf2601 - DISIMI?","isPartOf":{"@id":"https:\/\/disimi.hr\/#website"},"primaryImageOfPage":{"@id":"https:\/\/disimi.hr\/en\/product\/torba-pismo-pletena-rock-roll-dim-26x20-cm-tzf2601\/#primaryimage"},"image":{"@id":"https:\/\/disimi.hr\/en\/product\/torba-pismo-pletena-rock-roll-dim-26x20-cm-tzf2601\/#primaryimage"},"thumbnailUrl":"https:\/\/disimi.hr\/wp-content\/uploads\/2026\/03\/tzf2601-W.jpg","datePublished":"2026-03-24T11:39:27+00:00","dateModified":"2026-05-15T12:07:53+00:00","breadcrumb":{"@id":"https:\/\/disimi.hr\/en\/product\/torba-pismo-pletena-rock-roll-dim-26x20-cm-tzf2601\/#breadcrumb"},"inLanguage":"en-US","potentialAction":[{"@type":"ReadAction","target":["https:\/\/disimi.hr\/en\/product\/torba-pismo-pletena-rock-roll-dim-26x20-cm-tzf2601\/"]}]},{"@type":"ImageObject","inLanguage":"en-US","@id":"https:\/\/disimi.hr\/en\/product\/torba-pismo-pletena-rock-roll-dim-26x20-cm-tzf2601\/#primaryimage","url":"https:\/\/disimi.hr\/wp-content\/uploads\/2026\/03\/tzf2601-W.jpg","contentUrl":"https:\/\/disimi.hr\/wp-content\/uploads\/2026\/03\/tzf2601-W.jpg","width":800,"height":800},{"@type":"BreadcrumbList","@id":"https:\/\/disimi.hr\/en\/product\/torba-pismo-pletena-rock-roll-dim-26x20-cm-tzf2601\/#breadcrumb","itemListElement":[{"@type":"ListItem","position":1,"name":"Po\u010detna stranica","item":"https:\/\/disimi.hr\/en\/"},{"@type":"ListItem","position":2,"name":"Products","item":"https:\/\/disimi.hr\/en\/products\/"},{"@type":"ListItem","position":3,"name":"Torba pismo pletena &#8220;Rock &#038; Roll&#8221; Crna dim. 26&#215;20 cm &#8211; tzf2601"}]},{"@type":"WebSite","@id":"https:\/\/disimi.hr\/#website","url":"https:\/\/disimi.hr\/","name":"DISIMI?","description":"Hrvatski brand i jedinstveni dizajn!","publisher":{"@id":"https:\/\/disimi.hr\/#organization"},"potentialAction":[{"@type":"SearchAction","target":{"@type":"EntryPoint","urlTemplate":"https:\/\/disimi.hr\/?s={search_term_string}"},"query-input":{"@type":"PropertyValueSpecification","valueRequired":true,"valueName":"search_term_string"}}],"inLanguage":"en-US"},{"@type":"Organization","@id":"https:\/\/disimi.hr\/#organization","name":"DiSiMi?","url":"https:\/\/disimi.hr\/","logo":{"@type":"ImageObject","inLanguage":"en-US","@id":"https:\/\/disimi.hr\/#\/schema\/logo\/image\/","url":"https:\/\/disimi.hr\/wp-content\/uploads\/2022\/02\/logo2.jpg","contentUrl":"https:\/\/disimi.hr\/wp-content\/uploads\/2022\/02\/logo2.jpg","width":250,"height":79,"caption":"DiSiMi?"},"image":{"@id":"https:\/\/disimi.hr\/#\/schema\/logo\/image\/"},"sameAs":["https:\/\/www.facebook.com\/DISIMI.hr\/","https:\/\/www.instagram.com\/disimi.hr\/"]}]}},"_links":{"self":[{"href":"https:\/\/disimi.hr\/en\/wp-json\/wp\/v2\/product\/131045","targetHints":{"allow":["GET"]}}],"collection":[{"href":"https:\/\/disimi.hr\/en\/wp-json\/wp\/v2\/product"}],"about":[{"href":"https:\/\/disimi.hr\/en\/wp-json\/wp\/v2\/types\/product"}],"wp:featuredmedia":[{"embeddable":true,"href":"https:\/\/disimi.hr\/en\/wp-json\/wp\/v2\/media\/131048"}],"wp:attachment":[{"href":"https:\/\/disimi.hr\/en\/wp-json\/wp\/v2\/media?parent=131045"}],"wp:term":[{"taxonomy":"product_brand","embeddable":true,"href":"https:\/\/disimi.hr\/en\/wp-json\/wp\/v2\/product_brand?post=131045"},{"taxonomy":"product_cat","embeddable":true,"href":"https:\/\/disimi.hr\/en\/wp-json\/wp\/v2\/product_cat?post=131045"},{"taxonomy":"product_tag","embeddable":true,"href":"https:\/\/disimi.hr\/en\/wp-json\/wp\/v2\/product_tag?post=131045"}],"curies":[{"name":"wp","href":"https:\/\/api.w.org\/{rel}","templated":true}]}}