{"id":130760,"date":"2026-03-23T11:33:50","date_gmt":"2026-03-23T10:33:50","guid":{"rendered":"https:\/\/disimi.hr\/?post_type=product&#038;p=130760"},"modified":"2026-03-23T11:37:27","modified_gmt":"2026-03-23T10:37:27","slug":"natikace-tratincica-nzf2605","status":"publish","type":"product","link":"https:\/\/disimi.hr\/en\/product\/natikace-tratincica-nzf2605\/","title":{"rendered":"Natikac\u030ce &#8220;Tratin\u010dica&#8221; &#8211; nzf2605"},"content":{"rendered":"<div class=\"wpb-content-wrapper\"><p>[vc_row][vc_column][vc_column_text css=&#8221;&#8221; woodmart_inline=&#8221;no&#8221; text_larger=&#8221;yes&#8221;]<\/p>\n<p style=\"text-align: center;\"><strong class=\"naslov-product-tekst\">Udobnost nikada nije izgledala bolje.<\/strong><\/p>\n<p style=\"text-align: center;\">Savr\u0161eno udobne i oku neodoljive DiSiMi? natika\u010de u\u010dinit \u0107e hod po oblacima svakodnevnicom. Vrlo su ugodne, anatomski prilago\u0111ene i kreirane po zadnjim standardnima modne industrije. Kada ka\u017eemo da ove natika\u010de zaustavljaju vrijeme to i mislimo, probajte ih samo pro\u0161etati u dru\u0161tvu va\u0161ih prijatelja i bit \u0107ete glavna tema okupljanja.<\/p>\n<p style=\"text-align: center;\"><strong class=\"naslov-product-tekst\">Ovo ljeto razmazite svoja stopala.<\/strong><\/p>\n<div class=\"product-glavni-tekst\">\n<p style=\"text-align: center;\">\u2714<strong>\u00a0Udobnost je broj 1<\/strong>: DiSiMi? natika\u010de imaju dodatni sloj ispod tabanice, kako bi udobnost bila ne samo dobra, nego savr\u0161ena!.<\/p>\n<p style=\"text-align: center;\">\u2714<strong>\u00a0\u010cuvaju va\u0161 novac<\/strong>: Iako visokokvalitetne, svojom cijenom zadovoljavaju sva\u010diji bud\u017eet.<\/p>\n<p style=\"text-align: center;\">\u2714<strong>\u00a0Protuklizni potplat<\/strong>: Potplat EVA + guma omogu\u0107ava Va\u0161im natika\u010dama da izvrsno prijanjaju uz svaku povr\u0161inu.<\/p>\n<p style=\"text-align: center;\">\u2714<strong>\u00a0Moderan dizajn<\/strong>: Kod DiSiMi? natika\u010da nema kompromisa u dizajnu. Natika\u010de jedinstvenog i privla\u010dnog dizajna, privla\u010dne i udobne!<\/p>\n<p style=\"text-align: center;\">\u2714<strong>\u00a0Sna\u017ene,a mekane<\/strong>: Bilo da smo u \u0161etnji uz pla\u017eu ili u u\u017eurbanoj gradskoj atmosferi DiSiMi? natika\u010de savr\u0161eno prianjaju na podlogu i daju osje\u0107aj sigurnosti i slobode pri svakom koraku .<\/p>\n<p>\u2714<strong> Za koje prigode?<\/strong> Unesite da\u0161ak \u017eivahnosti i udobnosti u svoj stil s ovim modernim i \u0161armantnim natika\u010dama! Njihov jedinstveni dizajn odmah privla\u010di pa\u017enju, dok podesiva kop\u010da osigurava savr\u0161eno pristajanje. \u00a0Idealan su izbor za \u0161etnje, opu\u0161tene ljetne ve\u010deri ili svakodnevne aktivnosti.<\/p>\n<\/div>\n<p>[\/vc_column_text][vc_row_inner][vc_column_inner width=&#8221;1\/2&#8243;][vc_single_image image=&#8221;2580&#8243; img_size=&#8221;full&#8221; alignment=&#8221;center&#8221; parallax_scroll=&#8221;no&#8221; woodmart_inline=&#8221;no&#8221;][\/vc_column_inner][vc_column_inner width=&#8221;1\/2&#8243;][vc_single_image image=&#8221;7452&#8243; img_size=&#8221;full&#8221; alignment=&#8221;center&#8221; parallax_scroll=&#8221;no&#8221; woodmart_inline=&#8221;no&#8221;][\/vc_column_inner][\/vc_row_inner][vc_row_inner][vc_column_inner][vc_column_text woodmart_inline=&#8221;no&#8221; text_larger=&#8221;no&#8221;]<\/p>\n<p style=\"text-align: center;\">Pri odabiru va\u0161ih novih DiSiMi? natika\u010da zna\u010dajke na koje trebate paziti su pravi broj, premali nikada nije udoban, prevelik mo\u017ee biti opasan, posebno ako puno hodate po stepenicama. Zato molimo prije narud\u017ebe izmjerite veli\u010dinu svojih stopala i usporedite sa na\u0161om tablicom veli\u010dina.<\/p>\n<div class=\"product-zadnje\">\n<p style=\"text-align: center;\">Na\u0161a garancija: Duboko vjerujemo kako su na\u0161e natika\u010de vrhunske kvalitete i dizajna. Toliko vjerujemo u na\u0161 proizvod da smo sigurni da \u0107e vas odu\u0161eviti. Ukoliko DiSiMi? natika\u010de ne zadovolje va\u0161a o\u010dekivanja mo\u017eete ih vratiti u bilo kojem trenutku a mi \u0107emo vam napraviti puni povrat novca u prvih 30 dana.<\/p>\n<\/div>\n<p>[\/vc_column_text][\/vc_column_inner][\/vc_row_inner][\/vc_column][\/vc_row]<\/p>\n<\/div>","protected":false},"excerpt":{"rendered":"<p>Uz omiljene modele u neutralnim bojama, za one odva\u017enije natika\u010de sa uzorkom cvijeta! Gornji\u0161te je izra\u0111eno od obra\u0111ene eko ko\u017ee, ispod PU tabanice je sloj memorijske pjene za savr\u0161enu udobnost. Potplat je izra\u0111en u kombinaciji EVA materijala i gume.<\/p>\n<p>Ove natika\u010de nisu samo obu\u0107a \u2013 one su izraz stila i prakti\u010dnosti. Dodajte ih svojoj kolekciji i u\u017eivajte u svakom koraku!<\/p>\n<div>\n<table border=\"0\" width=\"253\" cellspacing=\"0\" cellpadding=\"0\">\n<tbody>\n<tr>\n<td valign=\"bottom\" nowrap=\"nowrap\" width=\"127\">\n<div>VELI\u010cINA<u><\/u><u><\/u><\/div>\n<\/td>\n<td valign=\"bottom\" nowrap=\"nowrap\" width=\"127\">DULJINA U MILIMETRIMA<\/td>\n<\/tr>\n<tr>\n<td valign=\"bottom\" nowrap=\"nowrap\" width=\"127\">\n<div>37<u><\/u><\/div>\n<\/td>\n<td valign=\"bottom\" nowrap=\"nowrap\" width=\"127\">\n<div>240<\/div>\n<\/td>\n<\/tr>\n<tr>\n<td valign=\"bottom\" nowrap=\"nowrap\" width=\"127\">\n<div>38<u><\/u><\/div>\n<\/td>\n<td valign=\"bottom\" nowrap=\"nowrap\" width=\"127\">\n<div>245<\/div>\n<\/td>\n<\/tr>\n<tr>\n<td valign=\"bottom\" nowrap=\"nowrap\" width=\"127\">\n<div>39<u><\/u><\/div>\n<\/td>\n<td valign=\"bottom\" nowrap=\"nowrap\" width=\"127\">\n<div>250<\/div>\n<\/td>\n<\/tr>\n<tr>\n<td valign=\"bottom\" nowrap=\"nowrap\" width=\"127\">40<\/td>\n<td valign=\"bottom\" nowrap=\"nowrap\" width=\"127\">\n<div>260<\/div>\n<\/td>\n<\/tr>\n<tr>\n<td valign=\"bottom\" nowrap=\"nowrap\" width=\"127\">\n<div>41<u><\/u><\/div>\n<\/td>\n<td valign=\"bottom\" nowrap=\"nowrap\" width=\"127\">\n<div>265<\/div>\n<\/td>\n<\/tr>\n<tr>\n<td valign=\"bottom\" nowrap=\"nowrap\" width=\"127\">\n<div>42<u><\/u><\/div>\n<\/td>\n<td valign=\"bottom\" nowrap=\"nowrap\" width=\"127\">\n<div>275<\/div>\n<\/td>\n<\/tr>\n<\/tbody>\n<\/table>\n<\/div>\n","protected":false},"featured_media":130780,"template":"","meta":[],"product_brand":[],"product_cat":[108,106],"product_tag":[],"class_list":{"0":"post-130760","1":"product","2":"type-product","3":"status-publish","4":"has-post-thumbnail","6":"product_cat-clogs","7":"product_cat-summer-footwear","9":"first","10":"instock","11":"featured","12":"taxable","13":"shipping-taxable","14":"purchasable","15":"product-type-variable"},"yoast_head":"<!-- This site is optimized with the Yoast SEO plugin v27.5 - https:\/\/yoast.com\/product\/yoast-seo-wordpress\/ -->\n<title>Natikac\u030ce &quot;Tratin\u010dica&quot; - nzf2605 - DISIMI?<\/title>\n<meta name=\"robots\" content=\"index, follow, max-snippet:-1, max-image-preview:large, max-video-preview:-1\" \/>\n<link rel=\"canonical\" href=\"https:\/\/disimi.hr\/en\/product\/natikace-tratincica-nzf2605\/\" \/>\n<meta property=\"og:locale\" content=\"en_US\" \/>\n<meta property=\"og:type\" content=\"article\" \/>\n<meta property=\"og:title\" content=\"Natikac\u030ce &quot;Tratin\u010dica&quot; - nzf2605 - DISIMI?\" \/>\n<meta property=\"og:description\" content=\"Uz omiljene modele u neutralnim bojama, za one odva\u017enije natika\u010de sa uzorkom cvijeta! Gornji\u0161te je izra\u0111eno od obra\u0111ene eko ko\u017ee, ispod PU tabanice je sloj memorijske pjene za savr\u0161enu udobnost. Potplat je izra\u0111en u kombinaciji EVA materijala i gume.  Ove natika\u010de nisu samo obu\u0107a \u2013 one su izraz stila i prakti\u010dnosti. Dodajte ih svojoj kolekciji i u\u017eivajte u svakom koraku!      VELI\u010cINA DULJINA U MILIMETRIMA    37  240    38  245    39  250   40  260    41  265    42  275\" \/>\n<meta property=\"og:url\" content=\"https:\/\/disimi.hr\/en\/product\/natikace-tratincica-nzf2605\/\" \/>\n<meta property=\"og:site_name\" content=\"DISIMI?\" \/>\n<meta property=\"article:publisher\" content=\"https:\/\/www.facebook.com\/DISIMI.hr\/\" \/>\n<meta property=\"article:modified_time\" content=\"2026-03-23T10:37:27+00:00\" \/>\n<meta property=\"og:image\" content=\"https:\/\/disimi.hr\/wp-content\/uploads\/2026\/03\/nzf2605-W.jpg\" \/>\n\t<meta property=\"og:image:width\" content=\"800\" \/>\n\t<meta property=\"og:image:height\" content=\"800\" \/>\n\t<meta property=\"og:image:type\" content=\"image\/jpeg\" \/>\n<meta name=\"twitter:card\" content=\"summary_large_image\" \/>\n<meta name=\"twitter:label1\" content=\"Est. reading time\" \/>\n\t<meta name=\"twitter:data1\" content=\"2 minutes\" \/>\n<script type=\"application\/ld+json\" class=\"yoast-schema-graph\">{\"@context\":\"https:\\\/\\\/schema.org\",\"@graph\":[{\"@type\":\"WebPage\",\"@id\":\"https:\\\/\\\/disimi.hr\\\/en\\\/product\\\/natikace-tratincica-nzf2605\\\/\",\"url\":\"https:\\\/\\\/disimi.hr\\\/en\\\/product\\\/natikace-tratincica-nzf2605\\\/\",\"name\":\"Natikac\u030ce \\\"Tratin\u010dica\\\" - nzf2605 - DISIMI?\",\"isPartOf\":{\"@id\":\"https:\\\/\\\/disimi.hr\\\/#website\"},\"primaryImageOfPage\":{\"@id\":\"https:\\\/\\\/disimi.hr\\\/en\\\/product\\\/natikace-tratincica-nzf2605\\\/#primaryimage\"},\"image\":{\"@id\":\"https:\\\/\\\/disimi.hr\\\/en\\\/product\\\/natikace-tratincica-nzf2605\\\/#primaryimage\"},\"thumbnailUrl\":\"https:\\\/\\\/disimi.hr\\\/wp-content\\\/uploads\\\/2026\\\/03\\\/nzf2605-W.jpg\",\"datePublished\":\"2026-03-23T10:33:50+00:00\",\"dateModified\":\"2026-03-23T10:37:27+00:00\",\"breadcrumb\":{\"@id\":\"https:\\\/\\\/disimi.hr\\\/en\\\/product\\\/natikace-tratincica-nzf2605\\\/#breadcrumb\"},\"inLanguage\":\"en-US\",\"potentialAction\":[{\"@type\":\"ReadAction\",\"target\":[\"https:\\\/\\\/disimi.hr\\\/en\\\/product\\\/natikace-tratincica-nzf2605\\\/\"]}]},{\"@type\":\"ImageObject\",\"inLanguage\":\"en-US\",\"@id\":\"https:\\\/\\\/disimi.hr\\\/en\\\/product\\\/natikace-tratincica-nzf2605\\\/#primaryimage\",\"url\":\"https:\\\/\\\/disimi.hr\\\/wp-content\\\/uploads\\\/2026\\\/03\\\/nzf2605-W.jpg\",\"contentUrl\":\"https:\\\/\\\/disimi.hr\\\/wp-content\\\/uploads\\\/2026\\\/03\\\/nzf2605-W.jpg\",\"width\":800,\"height\":800},{\"@type\":\"BreadcrumbList\",\"@id\":\"https:\\\/\\\/disimi.hr\\\/en\\\/product\\\/natikace-tratincica-nzf2605\\\/#breadcrumb\",\"itemListElement\":[{\"@type\":\"ListItem\",\"position\":1,\"name\":\"Po\u010detna stranica\",\"item\":\"https:\\\/\\\/disimi.hr\\\/en\\\/\"},{\"@type\":\"ListItem\",\"position\":2,\"name\":\"Products\",\"item\":\"https:\\\/\\\/disimi.hr\\\/en\\\/products\\\/\"},{\"@type\":\"ListItem\",\"position\":3,\"name\":\"Natikac\u030ce &#8220;Tratin\u010dica&#8221; &#8211; nzf2605\"}]},{\"@type\":\"WebSite\",\"@id\":\"https:\\\/\\\/disimi.hr\\\/#website\",\"url\":\"https:\\\/\\\/disimi.hr\\\/\",\"name\":\"DISIMI?\",\"description\":\"Hrvatski brand i jedinstveni dizajn!\",\"publisher\":{\"@id\":\"https:\\\/\\\/disimi.hr\\\/#organization\"},\"potentialAction\":[{\"@type\":\"SearchAction\",\"target\":{\"@type\":\"EntryPoint\",\"urlTemplate\":\"https:\\\/\\\/disimi.hr\\\/?s={search_term_string}\"},\"query-input\":{\"@type\":\"PropertyValueSpecification\",\"valueRequired\":true,\"valueName\":\"search_term_string\"}}],\"inLanguage\":\"en-US\"},{\"@type\":\"Organization\",\"@id\":\"https:\\\/\\\/disimi.hr\\\/#organization\",\"name\":\"DiSiMi?\",\"url\":\"https:\\\/\\\/disimi.hr\\\/\",\"logo\":{\"@type\":\"ImageObject\",\"inLanguage\":\"en-US\",\"@id\":\"https:\\\/\\\/disimi.hr\\\/#\\\/schema\\\/logo\\\/image\\\/\",\"url\":\"https:\\\/\\\/disimi.hr\\\/wp-content\\\/uploads\\\/2022\\\/02\\\/logo2.jpg\",\"contentUrl\":\"https:\\\/\\\/disimi.hr\\\/wp-content\\\/uploads\\\/2022\\\/02\\\/logo2.jpg\",\"width\":250,\"height\":79,\"caption\":\"DiSiMi?\"},\"image\":{\"@id\":\"https:\\\/\\\/disimi.hr\\\/#\\\/schema\\\/logo\\\/image\\\/\"},\"sameAs\":[\"https:\\\/\\\/www.facebook.com\\\/DISIMI.hr\\\/\",\"https:\\\/\\\/www.instagram.com\\\/disimi.hr\\\/\"]}]}<\/script>\n<!-- \/ Yoast SEO plugin. -->","yoast_head_json":{"title":"Natikac\u030ce \"Tratin\u010dica\" - nzf2605 - DISIMI?","robots":{"index":"index","follow":"follow","max-snippet":"max-snippet:-1","max-image-preview":"max-image-preview:large","max-video-preview":"max-video-preview:-1"},"canonical":"https:\/\/disimi.hr\/en\/product\/natikace-tratincica-nzf2605\/","og_locale":"en_US","og_type":"article","og_title":"Natikac\u030ce \"Tratin\u010dica\" - nzf2605 - DISIMI?","og_description":"Uz omiljene modele u neutralnim bojama, za one odva\u017enije natika\u010de sa uzorkom cvijeta! Gornji\u0161te je izra\u0111eno od obra\u0111ene eko ko\u017ee, ispod PU tabanice je sloj memorijske pjene za savr\u0161enu udobnost. Potplat je izra\u0111en u kombinaciji EVA materijala i gume.  Ove natika\u010de nisu samo obu\u0107a \u2013 one su izraz stila i prakti\u010dnosti. Dodajte ih svojoj kolekciji i u\u017eivajte u svakom koraku!      VELI\u010cINA DULJINA U MILIMETRIMA    37  240    38  245    39  250   40  260    41  265    42  275","og_url":"https:\/\/disimi.hr\/en\/product\/natikace-tratincica-nzf2605\/","og_site_name":"DISIMI?","article_publisher":"https:\/\/www.facebook.com\/DISIMI.hr\/","article_modified_time":"2026-03-23T10:37:27+00:00","og_image":[{"width":800,"height":800,"url":"https:\/\/disimi.hr\/wp-content\/uploads\/2026\/03\/nzf2605-W.jpg","type":"image\/jpeg"}],"twitter_card":"summary_large_image","twitter_misc":{"Est. reading time":"2 minutes"},"schema":{"@context":"https:\/\/schema.org","@graph":[{"@type":"WebPage","@id":"https:\/\/disimi.hr\/en\/product\/natikace-tratincica-nzf2605\/","url":"https:\/\/disimi.hr\/en\/product\/natikace-tratincica-nzf2605\/","name":"Natikac\u030ce \"Tratin\u010dica\" - nzf2605 - DISIMI?","isPartOf":{"@id":"https:\/\/disimi.hr\/#website"},"primaryImageOfPage":{"@id":"https:\/\/disimi.hr\/en\/product\/natikace-tratincica-nzf2605\/#primaryimage"},"image":{"@id":"https:\/\/disimi.hr\/en\/product\/natikace-tratincica-nzf2605\/#primaryimage"},"thumbnailUrl":"https:\/\/disimi.hr\/wp-content\/uploads\/2026\/03\/nzf2605-W.jpg","datePublished":"2026-03-23T10:33:50+00:00","dateModified":"2026-03-23T10:37:27+00:00","breadcrumb":{"@id":"https:\/\/disimi.hr\/en\/product\/natikace-tratincica-nzf2605\/#breadcrumb"},"inLanguage":"en-US","potentialAction":[{"@type":"ReadAction","target":["https:\/\/disimi.hr\/en\/product\/natikace-tratincica-nzf2605\/"]}]},{"@type":"ImageObject","inLanguage":"en-US","@id":"https:\/\/disimi.hr\/en\/product\/natikace-tratincica-nzf2605\/#primaryimage","url":"https:\/\/disimi.hr\/wp-content\/uploads\/2026\/03\/nzf2605-W.jpg","contentUrl":"https:\/\/disimi.hr\/wp-content\/uploads\/2026\/03\/nzf2605-W.jpg","width":800,"height":800},{"@type":"BreadcrumbList","@id":"https:\/\/disimi.hr\/en\/product\/natikace-tratincica-nzf2605\/#breadcrumb","itemListElement":[{"@type":"ListItem","position":1,"name":"Po\u010detna stranica","item":"https:\/\/disimi.hr\/en\/"},{"@type":"ListItem","position":2,"name":"Products","item":"https:\/\/disimi.hr\/en\/products\/"},{"@type":"ListItem","position":3,"name":"Natikac\u030ce &#8220;Tratin\u010dica&#8221; &#8211; nzf2605"}]},{"@type":"WebSite","@id":"https:\/\/disimi.hr\/#website","url":"https:\/\/disimi.hr\/","name":"DISIMI?","description":"Hrvatski brand i jedinstveni dizajn!","publisher":{"@id":"https:\/\/disimi.hr\/#organization"},"potentialAction":[{"@type":"SearchAction","target":{"@type":"EntryPoint","urlTemplate":"https:\/\/disimi.hr\/?s={search_term_string}"},"query-input":{"@type":"PropertyValueSpecification","valueRequired":true,"valueName":"search_term_string"}}],"inLanguage":"en-US"},{"@type":"Organization","@id":"https:\/\/disimi.hr\/#organization","name":"DiSiMi?","url":"https:\/\/disimi.hr\/","logo":{"@type":"ImageObject","inLanguage":"en-US","@id":"https:\/\/disimi.hr\/#\/schema\/logo\/image\/","url":"https:\/\/disimi.hr\/wp-content\/uploads\/2022\/02\/logo2.jpg","contentUrl":"https:\/\/disimi.hr\/wp-content\/uploads\/2022\/02\/logo2.jpg","width":250,"height":79,"caption":"DiSiMi?"},"image":{"@id":"https:\/\/disimi.hr\/#\/schema\/logo\/image\/"},"sameAs":["https:\/\/www.facebook.com\/DISIMI.hr\/","https:\/\/www.instagram.com\/disimi.hr\/"]}]}},"_links":{"self":[{"href":"https:\/\/disimi.hr\/en\/wp-json\/wp\/v2\/product\/130760","targetHints":{"allow":["GET"]}}],"collection":[{"href":"https:\/\/disimi.hr\/en\/wp-json\/wp\/v2\/product"}],"about":[{"href":"https:\/\/disimi.hr\/en\/wp-json\/wp\/v2\/types\/product"}],"wp:featuredmedia":[{"embeddable":true,"href":"https:\/\/disimi.hr\/en\/wp-json\/wp\/v2\/media\/130780"}],"wp:attachment":[{"href":"https:\/\/disimi.hr\/en\/wp-json\/wp\/v2\/media?parent=130760"}],"wp:term":[{"taxonomy":"product_brand","embeddable":true,"href":"https:\/\/disimi.hr\/en\/wp-json\/wp\/v2\/product_brand?post=130760"},{"taxonomy":"product_cat","embeddable":true,"href":"https:\/\/disimi.hr\/en\/wp-json\/wp\/v2\/product_cat?post=130760"},{"taxonomy":"product_tag","embeddable":true,"href":"https:\/\/disimi.hr\/en\/wp-json\/wp\/v2\/product_tag?post=130760"}],"curies":[{"name":"wp","href":"https:\/\/api.w.org\/{rel}","templated":true}]}}