{"id":132842,"date":"2026-04-20T11:08:24","date_gmt":"2026-04-20T09:08:24","guid":{"rendered":"https:\/\/disimi.hr\/?post_type=product&#038;p=132842"},"modified":"2026-04-23T02:20:11","modified_gmt":"2026-04-23T00:20:11","slug":"torba-zenska-za-svaki-dan-mornaru-moj-tzf2616","status":"publish","type":"product","link":"https:\/\/disimi.hr\/de\/produkt\/torba-zenska-za-svaki-dan-mornaru-moj-tzf2616\/","title":{"rendered":"Torba \u017eenska za svaki dan &#8220;Mornaru moj&#8221; &#8211; tzf2616"},"content":{"rendered":"<div class=\"wpb-content-wrapper\"><p>[vc_row][vc_column][vc_column_text woodmart_inline=&#8221;no&#8221; text_larger=&#8221;yes&#8221;]<\/p>\n<p style=\"text-align: center;\"><strong>Modni dodaci od kojih se ne odvajamo<\/strong><\/p>\n<p style=\"text-align: center;\">Torba pravokutnog oblika izra\u0111ena od \u010dvrstog materijala!<\/p>\n<p style=\"text-align: center;\"><strong>Savr\u0161eni poklon,\u2026\u2026ma za vas!<\/strong><\/p>\n<p style=\"text-align: center;\"><strong>\u2714 Torba uz svaku garderobu<\/strong>, za opu\u0161ten styling<\/p>\n<p style=\"text-align: center;\"><strong>\u2714 \u010cuvaju va\u0161 novac:<\/strong> Iako visokokvalitetne, svojom cijenom zadovoljavaju sva\u010diji bud\u017eet.<\/p>\n<p style=\"text-align: center;\"><strong>\u2714 Moderan dizajn:<\/strong> Kod DiSiMi? torbi nema kompromisa u dizajnu. Torba je sastavni dio \u017eenskog identiteta i kao takva mora imati ono ne\u0161to.<\/p>\n<p style=\"text-align: center;\"><strong>\u2714 \u0160to je bitnije od torbe?<\/strong> Kada bi imali sve novce svijeta, sigurni smo da \u017eenama ne bi ni to bilo dovoljno da si priu\u0161te sve torbe koje im se svi\u0111aju i ono najva\u017enije \u2013 sve te torbe im i trebaju. Torba je neizostavni dio svakog uspje\u0161nog outfita. Vrlo \u010desto se dogodi da upravo promjena torbe \u010dini razliku odjevne kombinacije. Za\u0161to je to tako? Zato jer je torba modni dodatak koji povezuje cjelinu, isti\u010de se i tako privla\u010di pa\u017enju.<\/p>\n<p>[\/vc_column_text][vc_row_inner][vc_column_inner width=&#8221;1\/2&#8243;][vc_single_image image=&#8221;2580&#8243; img_size=&#8221;full&#8221; alignment=&#8221;center&#8221; parallax_scroll=&#8221;no&#8221; woodmart_inline=&#8221;no&#8221;][\/vc_column_inner][vc_column_inner width=&#8221;1\/2&#8243;][vc_single_image image=&#8221;7452&#8243; img_size=&#8221;full&#8221; alignment=&#8221;center&#8221; parallax_scroll=&#8221;no&#8221; woodmart_inline=&#8221;no&#8221;][\/vc_column_inner][\/vc_row_inner][vc_row_inner][vc_column_inner][vc_column_text woodmart_inline=&#8221;no&#8221; text_larger=&#8221;no&#8221;]<\/p>\n<div>\n<p style=\"text-align: center;\">Duboko vjerujemo kako su na\u0161e torbe vrhunske kvalitete i dizajna. Toliko vjerujemo u na\u0161 proizvod da smo sigurno da \u0107e vas odu\u0161eviti. Ukoliko DiSiMi? torbe ne zadovolje va\u0161a o\u010dekivanja mo\u017eete ih vratiti u bilo kojem trenutku a mi \u0107emo vam napraviti puni povrat novca u prvih 30 dana.<\/p>\n<\/div>\n<p>[\/vc_column_text][\/vc_column_inner][\/vc_row_inner][\/vc_column][\/vc_row]<\/p>\n<\/div>","protected":false},"excerpt":{"rendered":"<p>Genijalna torba za svaki dan. Razbijamo monotoniju! Torba koja podi\u017ee ba\u0161 svaki styling! Dimenzija 38&#215;43 cm. Izra\u0111ena od \u010dvrstog pamuka. Du\u017eina ru\u010dke 35 cm.<\/p>\n","protected":false},"featured_media":132846,"template":"","meta":[],"product_brand":[],"product_cat":[263,215,216],"product_tag":[],"class_list":{"0":"post-132842","1":"product","2":"type-product","3":"status-publish","4":"has-post-thumbnail","6":"product_cat-alltagstaschen","7":"product_cat-sommertaschen","8":"product_cat-taschen","10":"first","11":"instock","12":"featured","13":"taxable","14":"shipping-taxable","15":"purchasable","16":"product-type-simple"},"yoast_head":"<!-- This site is optimized with the Yoast SEO plugin v27.3 - https:\/\/yoast.com\/product\/yoast-seo-wordpress\/ -->\n<title>Torba \u017eenska za svaki dan &quot;Mornaru moj&quot; - tzf2616 - DISIMI?<\/title>\n<meta name=\"robots\" content=\"index, follow, max-snippet:-1, max-image-preview:large, max-video-preview:-1\" \/>\n<link rel=\"canonical\" href=\"https:\/\/disimi.hr\/de\/produkt\/torba-zenska-za-svaki-dan-mornaru-moj-tzf2616\/\" \/>\n<meta property=\"og:locale\" content=\"de_DE\" \/>\n<meta property=\"og:type\" content=\"article\" \/>\n<meta property=\"og:title\" content=\"Torba \u017eenska za svaki dan &quot;Mornaru moj&quot; - tzf2616 - DISIMI?\" \/>\n<meta property=\"og:description\" content=\"Genijalna torba za svaki dan. Razbijamo monotoniju! Torba koja podi\u017ee ba\u0161 svaki styling! Dimenzija 38x43 cm. Izra\u0111ena od \u010dvrstog pamuka. Du\u017eina ru\u010dke 35 cm.\" \/>\n<meta property=\"og:url\" content=\"https:\/\/disimi.hr\/de\/produkt\/torba-zenska-za-svaki-dan-mornaru-moj-tzf2616\/\" \/>\n<meta property=\"og:site_name\" content=\"DISIMI?\" \/>\n<meta property=\"article:publisher\" content=\"https:\/\/www.facebook.com\/DISIMI.hr\/\" \/>\n<meta property=\"article:modified_time\" content=\"2026-04-23T00:20:11+00:00\" \/>\n<meta property=\"og:image\" content=\"https:\/\/disimi.hr\/wp-content\/uploads\/2026\/04\/tzf2616-W.jpg\" \/>\n\t<meta property=\"og:image:width\" content=\"800\" \/>\n\t<meta property=\"og:image:height\" content=\"800\" \/>\n\t<meta property=\"og:image:type\" content=\"image\/jpeg\" \/>\n<meta name=\"twitter:card\" content=\"summary_large_image\" \/>\n<meta name=\"twitter:label1\" content=\"Gesch\u00e4tzte Lesezeit\" \/>\n\t<meta name=\"twitter:data1\" content=\"2\u00a0Minute\" \/>\n<script type=\"application\/ld+json\" class=\"yoast-schema-graph\">{\"@context\":\"https:\\\/\\\/schema.org\",\"@graph\":[{\"@type\":\"WebPage\",\"@id\":\"https:\\\/\\\/disimi.hr\\\/de\\\/produkt\\\/torba-zenska-za-svaki-dan-mornaru-moj-tzf2616\\\/\",\"url\":\"https:\\\/\\\/disimi.hr\\\/de\\\/produkt\\\/torba-zenska-za-svaki-dan-mornaru-moj-tzf2616\\\/\",\"name\":\"Torba \u017eenska za svaki dan \\\"Mornaru moj\\\" - tzf2616 - DISIMI?\",\"isPartOf\":{\"@id\":\"https:\\\/\\\/disimi.hr\\\/#website\"},\"primaryImageOfPage\":{\"@id\":\"https:\\\/\\\/disimi.hr\\\/de\\\/produkt\\\/torba-zenska-za-svaki-dan-mornaru-moj-tzf2616\\\/#primaryimage\"},\"image\":{\"@id\":\"https:\\\/\\\/disimi.hr\\\/de\\\/produkt\\\/torba-zenska-za-svaki-dan-mornaru-moj-tzf2616\\\/#primaryimage\"},\"thumbnailUrl\":\"https:\\\/\\\/disimi.hr\\\/wp-content\\\/uploads\\\/2026\\\/04\\\/tzf2616-W.jpg\",\"datePublished\":\"2026-04-20T09:08:24+00:00\",\"dateModified\":\"2026-04-23T00:20:11+00:00\",\"breadcrumb\":{\"@id\":\"https:\\\/\\\/disimi.hr\\\/de\\\/produkt\\\/torba-zenska-za-svaki-dan-mornaru-moj-tzf2616\\\/#breadcrumb\"},\"inLanguage\":\"de\",\"potentialAction\":[{\"@type\":\"ReadAction\",\"target\":[\"https:\\\/\\\/disimi.hr\\\/de\\\/produkt\\\/torba-zenska-za-svaki-dan-mornaru-moj-tzf2616\\\/\"]}]},{\"@type\":\"ImageObject\",\"inLanguage\":\"de\",\"@id\":\"https:\\\/\\\/disimi.hr\\\/de\\\/produkt\\\/torba-zenska-za-svaki-dan-mornaru-moj-tzf2616\\\/#primaryimage\",\"url\":\"https:\\\/\\\/disimi.hr\\\/wp-content\\\/uploads\\\/2026\\\/04\\\/tzf2616-W.jpg\",\"contentUrl\":\"https:\\\/\\\/disimi.hr\\\/wp-content\\\/uploads\\\/2026\\\/04\\\/tzf2616-W.jpg\",\"width\":800,\"height\":800},{\"@type\":\"BreadcrumbList\",\"@id\":\"https:\\\/\\\/disimi.hr\\\/de\\\/produkt\\\/torba-zenska-za-svaki-dan-mornaru-moj-tzf2616\\\/#breadcrumb\",\"itemListElement\":[{\"@type\":\"ListItem\",\"position\":1,\"name\":\"Po\u010detna stranica\",\"item\":\"https:\\\/\\\/disimi.hr\\\/de\\\/\"},{\"@type\":\"ListItem\",\"position\":2,\"name\":\"Produkte\",\"item\":\"https:\\\/\\\/disimi.hr\\\/de\\\/produkte\\\/\"},{\"@type\":\"ListItem\",\"position\":3,\"name\":\"Torba \u017eenska za svaki dan &#8220;Mornaru moj&#8221; &#8211; tzf2616\"}]},{\"@type\":\"WebSite\",\"@id\":\"https:\\\/\\\/disimi.hr\\\/#website\",\"url\":\"https:\\\/\\\/disimi.hr\\\/\",\"name\":\"DISIMI?\",\"description\":\"Hrvatski brand i jedinstveni dizajn!\",\"publisher\":{\"@id\":\"https:\\\/\\\/disimi.hr\\\/#organization\"},\"potentialAction\":[{\"@type\":\"SearchAction\",\"target\":{\"@type\":\"EntryPoint\",\"urlTemplate\":\"https:\\\/\\\/disimi.hr\\\/?s={search_term_string}\"},\"query-input\":{\"@type\":\"PropertyValueSpecification\",\"valueRequired\":true,\"valueName\":\"search_term_string\"}}],\"inLanguage\":\"de\"},{\"@type\":\"Organization\",\"@id\":\"https:\\\/\\\/disimi.hr\\\/#organization\",\"name\":\"DiSiMi?\",\"url\":\"https:\\\/\\\/disimi.hr\\\/\",\"logo\":{\"@type\":\"ImageObject\",\"inLanguage\":\"de\",\"@id\":\"https:\\\/\\\/disimi.hr\\\/#\\\/schema\\\/logo\\\/image\\\/\",\"url\":\"https:\\\/\\\/disimi.hr\\\/wp-content\\\/uploads\\\/2022\\\/02\\\/logo2.jpg\",\"contentUrl\":\"https:\\\/\\\/disimi.hr\\\/wp-content\\\/uploads\\\/2022\\\/02\\\/logo2.jpg\",\"width\":250,\"height\":79,\"caption\":\"DiSiMi?\"},\"image\":{\"@id\":\"https:\\\/\\\/disimi.hr\\\/#\\\/schema\\\/logo\\\/image\\\/\"},\"sameAs\":[\"https:\\\/\\\/www.facebook.com\\\/DISIMI.hr\\\/\",\"https:\\\/\\\/www.instagram.com\\\/disimi.hr\\\/\"]}]}<\/script>\n<!-- \/ Yoast SEO plugin. -->","yoast_head_json":{"title":"Torba \u017eenska za svaki dan \"Mornaru moj\" - tzf2616 - DISIMI?","robots":{"index":"index","follow":"follow","max-snippet":"max-snippet:-1","max-image-preview":"max-image-preview:large","max-video-preview":"max-video-preview:-1"},"canonical":"https:\/\/disimi.hr\/de\/produkt\/torba-zenska-za-svaki-dan-mornaru-moj-tzf2616\/","og_locale":"de_DE","og_type":"article","og_title":"Torba \u017eenska za svaki dan \"Mornaru moj\" - tzf2616 - DISIMI?","og_description":"Genijalna torba za svaki dan. Razbijamo monotoniju! Torba koja podi\u017ee ba\u0161 svaki styling! Dimenzija 38x43 cm. Izra\u0111ena od \u010dvrstog pamuka. Du\u017eina ru\u010dke 35 cm.","og_url":"https:\/\/disimi.hr\/de\/produkt\/torba-zenska-za-svaki-dan-mornaru-moj-tzf2616\/","og_site_name":"DISIMI?","article_publisher":"https:\/\/www.facebook.com\/DISIMI.hr\/","article_modified_time":"2026-04-23T00:20:11+00:00","og_image":[{"width":800,"height":800,"url":"https:\/\/disimi.hr\/wp-content\/uploads\/2026\/04\/tzf2616-W.jpg","type":"image\/jpeg"}],"twitter_card":"summary_large_image","twitter_misc":{"Gesch\u00e4tzte Lesezeit":"2\u00a0Minute"},"schema":{"@context":"https:\/\/schema.org","@graph":[{"@type":"WebPage","@id":"https:\/\/disimi.hr\/de\/produkt\/torba-zenska-za-svaki-dan-mornaru-moj-tzf2616\/","url":"https:\/\/disimi.hr\/de\/produkt\/torba-zenska-za-svaki-dan-mornaru-moj-tzf2616\/","name":"Torba \u017eenska za svaki dan \"Mornaru moj\" - tzf2616 - DISIMI?","isPartOf":{"@id":"https:\/\/disimi.hr\/#website"},"primaryImageOfPage":{"@id":"https:\/\/disimi.hr\/de\/produkt\/torba-zenska-za-svaki-dan-mornaru-moj-tzf2616\/#primaryimage"},"image":{"@id":"https:\/\/disimi.hr\/de\/produkt\/torba-zenska-za-svaki-dan-mornaru-moj-tzf2616\/#primaryimage"},"thumbnailUrl":"https:\/\/disimi.hr\/wp-content\/uploads\/2026\/04\/tzf2616-W.jpg","datePublished":"2026-04-20T09:08:24+00:00","dateModified":"2026-04-23T00:20:11+00:00","breadcrumb":{"@id":"https:\/\/disimi.hr\/de\/produkt\/torba-zenska-za-svaki-dan-mornaru-moj-tzf2616\/#breadcrumb"},"inLanguage":"de","potentialAction":[{"@type":"ReadAction","target":["https:\/\/disimi.hr\/de\/produkt\/torba-zenska-za-svaki-dan-mornaru-moj-tzf2616\/"]}]},{"@type":"ImageObject","inLanguage":"de","@id":"https:\/\/disimi.hr\/de\/produkt\/torba-zenska-za-svaki-dan-mornaru-moj-tzf2616\/#primaryimage","url":"https:\/\/disimi.hr\/wp-content\/uploads\/2026\/04\/tzf2616-W.jpg","contentUrl":"https:\/\/disimi.hr\/wp-content\/uploads\/2026\/04\/tzf2616-W.jpg","width":800,"height":800},{"@type":"BreadcrumbList","@id":"https:\/\/disimi.hr\/de\/produkt\/torba-zenska-za-svaki-dan-mornaru-moj-tzf2616\/#breadcrumb","itemListElement":[{"@type":"ListItem","position":1,"name":"Po\u010detna stranica","item":"https:\/\/disimi.hr\/de\/"},{"@type":"ListItem","position":2,"name":"Produkte","item":"https:\/\/disimi.hr\/de\/produkte\/"},{"@type":"ListItem","position":3,"name":"Torba \u017eenska za svaki dan &#8220;Mornaru moj&#8221; &#8211; tzf2616"}]},{"@type":"WebSite","@id":"https:\/\/disimi.hr\/#website","url":"https:\/\/disimi.hr\/","name":"DISIMI?","description":"Hrvatski brand i jedinstveni dizajn!","publisher":{"@id":"https:\/\/disimi.hr\/#organization"},"potentialAction":[{"@type":"SearchAction","target":{"@type":"EntryPoint","urlTemplate":"https:\/\/disimi.hr\/?s={search_term_string}"},"query-input":{"@type":"PropertyValueSpecification","valueRequired":true,"valueName":"search_term_string"}}],"inLanguage":"de"},{"@type":"Organization","@id":"https:\/\/disimi.hr\/#organization","name":"DiSiMi?","url":"https:\/\/disimi.hr\/","logo":{"@type":"ImageObject","inLanguage":"de","@id":"https:\/\/disimi.hr\/#\/schema\/logo\/image\/","url":"https:\/\/disimi.hr\/wp-content\/uploads\/2022\/02\/logo2.jpg","contentUrl":"https:\/\/disimi.hr\/wp-content\/uploads\/2022\/02\/logo2.jpg","width":250,"height":79,"caption":"DiSiMi?"},"image":{"@id":"https:\/\/disimi.hr\/#\/schema\/logo\/image\/"},"sameAs":["https:\/\/www.facebook.com\/DISIMI.hr\/","https:\/\/www.instagram.com\/disimi.hr\/"]}]}},"_links":{"self":[{"href":"https:\/\/disimi.hr\/de\/wp-json\/wp\/v2\/product\/132842","targetHints":{"allow":["GET"]}}],"collection":[{"href":"https:\/\/disimi.hr\/de\/wp-json\/wp\/v2\/product"}],"about":[{"href":"https:\/\/disimi.hr\/de\/wp-json\/wp\/v2\/types\/product"}],"wp:featuredmedia":[{"embeddable":true,"href":"https:\/\/disimi.hr\/de\/wp-json\/wp\/v2\/media\/132846"}],"wp:attachment":[{"href":"https:\/\/disimi.hr\/de\/wp-json\/wp\/v2\/media?parent=132842"}],"wp:term":[{"taxonomy":"product_brand","embeddable":true,"href":"https:\/\/disimi.hr\/de\/wp-json\/wp\/v2\/product_brand?post=132842"},{"taxonomy":"product_cat","embeddable":true,"href":"https:\/\/disimi.hr\/de\/wp-json\/wp\/v2\/product_cat?post=132842"},{"taxonomy":"product_tag","embeddable":true,"href":"https:\/\/disimi.hr\/de\/wp-json\/wp\/v2\/product_tag?post=132842"}],"curies":[{"name":"wp","href":"https:\/\/api.w.org\/{rel}","templated":true}]}}