{"id":131136,"date":"2026-03-24T14:33:54","date_gmt":"2026-03-24T13:33:54","guid":{"rendered":"https:\/\/disimi.hr\/?post_type=product&#038;p=131136"},"modified":"2026-03-24T23:46:22","modified_gmt":"2026-03-24T22:46:22","slug":"kapa-zenska-zebra-kzf2604","status":"publish","type":"product","link":"https:\/\/disimi.hr\/de\/produkt\/kapa-zenska-zebra-kzf2604\/","title":{"rendered":"Kapa \u017eenska &#8220;Zebra&#8221; &#8211; kzf2604"},"content":{"rendered":"<div class=\"wpb-content-wrapper\"><p>[vc_row][vc_column][vc_column_text css=&#8221;&#8221; woodmart_inline=&#8221;no&#8221; text_larger=&#8221;yes&#8221;][\/vc_column_text][vc_row_inner][vc_column_inner width=&#8221;1\/2&#8243;][vc_single_image image=&#8221;2580&#8243; img_size=&#8221;full&#8221; alignment=&#8221;center&#8221; parallax_scroll=&#8221;no&#8221; woodmart_inline=&#8221;no&#8221;][\/vc_column_inner][vc_column_inner width=&#8221;1\/2&#8243;][vc_single_image image=&#8221;7452&#8243; img_size=&#8221;full&#8221; alignment=&#8221;center&#8221; parallax_scroll=&#8221;no&#8221; woodmart_inline=&#8221;no&#8221;][\/vc_column_inner][\/vc_row_inner][vc_row_inner][vc_column_inner][vc_column_text css=&#8221;&#8221; woodmart_inline=&#8221;no&#8221; text_larger=&#8221;no&#8221;]<\/p>\n<p style=\"text-align: center;\">Duboko vjerujemo kako su na\u0161e kape vrhunske kvalitete i dizajna. Toliko vjerujemo u na\u0161 proizvod da smo sigurno da \u0107e vas odu\u0161eviti. Ukoliko DiSiMi? kape ne zadovolje va\u0161a o\u010dekivanja mo\u017eete ih vratiti u bilo kojem trenutku a mi \u0107emo vam napraviti puni povrat novca u prvih 30 dana.<\/p>\n<p>[\/vc_column_text][\/vc_column_inner][\/vc_row_inner][\/vc_column][\/vc_row]<\/p>\n<\/div>","protected":false},"excerpt":{"rendered":"<p>\u017denska bucket kapa s zebrano uzorkom idealan je izbor za sve koje \u017eele da njihov modni dodatak istovremeno \u0161titi od sunca i izgleda efektno. Mekani, lagani materijal ugodno pristaje na glavu i lako se sprema u torbu, pa je prakti\u010dna za putovanja, pla\u017eu ili festivalske dane. Atraktivan\u00a0 print \u010dini ovaj \u0161e\u0161ir statement komadom koji \u0107e podi\u0107i i najjednostavniji outfit.<\/p>\n<p>Kapa ljeti slu\u017ei i kao pouzdana za\u0161tita od sunca \u0161to je \u010dini ne samo stilskim nego i potrebnim dodatkom u sun\u010danim ljetnim danima.<\/p>\n<p>Lagana, prozra\u010dna kapa sa leopard uzorkom. \u0160irina oboda 7 cm<\/p>\n<p>UPF 50\u00a0&#8211; Blokira 49 od 50 jedinica UV zraka, u uvjetima jake izlo\u017eenosti suncu.<\/p>\n<p>&nbsp;<\/p>\n","protected":false},"featured_media":131140,"template":"","meta":[],"product_brand":[],"product_cat":[240,239],"product_tag":[],"class_list":{"0":"post-131136","1":"product","2":"type-product","3":"status-publish","4":"has-post-thumbnail","6":"product_cat-damen-herren","7":"product_cat-hute-mutzen","9":"first","10":"instock","11":"taxable","12":"shipping-taxable","13":"purchasable","14":"product-type-simple"},"yoast_head":"<!-- This site is optimized with the Yoast SEO plugin v27.3 - https:\/\/yoast.com\/product\/yoast-seo-wordpress\/ -->\n<title>Kapa \u017eenska &quot;Zebra&quot; - kzf2604 - DISIMI?<\/title>\n<meta name=\"robots\" content=\"index, follow, max-snippet:-1, max-image-preview:large, max-video-preview:-1\" \/>\n<link rel=\"canonical\" href=\"https:\/\/disimi.hr\/de\/produkt\/kapa-zenska-zebra-kzf2604\/\" \/>\n<meta property=\"og:locale\" content=\"de_DE\" \/>\n<meta property=\"og:type\" content=\"article\" \/>\n<meta property=\"og:title\" content=\"Kapa \u017eenska &quot;Zebra&quot; - kzf2604 - DISIMI?\" \/>\n<meta property=\"og:description\" content=\"\u017denska bucket kapa s zebrano uzorkom idealan je izbor za sve koje \u017eele da njihov modni dodatak istovremeno \u0161titi od sunca i izgleda efektno. Mekani, lagani materijal ugodno pristaje na glavu i lako se sprema u torbu, pa je prakti\u010dna za putovanja, pla\u017eu ili festivalske dane. Atraktivan\u00a0 print \u010dini ovaj \u0161e\u0161ir statement komadom koji \u0107e podi\u0107i i najjednostavniji outfit.  Kapa ljeti slu\u017ei i kao pouzdana za\u0161tita od sunca \u0161to je \u010dini ne samo stilskim nego i potrebnim dodatkom u sun\u010danim ljetnim danima.  Lagana, prozra\u010dna kapa sa leopard uzorkom. \u0160irina oboda 7 cm  UPF 50\u00a0- Blokira 49 od 50 jedinica UV zraka, u uvjetima jake izlo\u017eenosti suncu.  &nbsp;\" \/>\n<meta property=\"og:url\" content=\"https:\/\/disimi.hr\/de\/produkt\/kapa-zenska-zebra-kzf2604\/\" \/>\n<meta property=\"og:site_name\" content=\"DISIMI?\" \/>\n<meta property=\"article:publisher\" content=\"https:\/\/www.facebook.com\/DISIMI.hr\/\" \/>\n<meta property=\"article:modified_time\" content=\"2026-03-24T22:46:22+00:00\" \/>\n<meta property=\"og:image\" content=\"https:\/\/disimi.hr\/wp-content\/uploads\/2026\/03\/KZF2604-W.jpg\" \/>\n\t<meta property=\"og:image:width\" content=\"800\" \/>\n\t<meta property=\"og:image:height\" content=\"800\" \/>\n\t<meta property=\"og:image:type\" content=\"image\/jpeg\" \/>\n<meta name=\"twitter:card\" content=\"summary_large_image\" \/>\n<meta name=\"twitter:label1\" content=\"Gesch\u00e4tzte Lesezeit\" \/>\n\t<meta name=\"twitter:data1\" content=\"1\u00a0Minute\" \/>\n<script type=\"application\/ld+json\" class=\"yoast-schema-graph\">{\"@context\":\"https:\\\/\\\/schema.org\",\"@graph\":[{\"@type\":\"WebPage\",\"@id\":\"https:\\\/\\\/disimi.hr\\\/de\\\/produkt\\\/kapa-zenska-zebra-kzf2604\\\/\",\"url\":\"https:\\\/\\\/disimi.hr\\\/de\\\/produkt\\\/kapa-zenska-zebra-kzf2604\\\/\",\"name\":\"Kapa \u017eenska \\\"Zebra\\\" - kzf2604 - DISIMI?\",\"isPartOf\":{\"@id\":\"https:\\\/\\\/disimi.hr\\\/#website\"},\"primaryImageOfPage\":{\"@id\":\"https:\\\/\\\/disimi.hr\\\/de\\\/produkt\\\/kapa-zenska-zebra-kzf2604\\\/#primaryimage\"},\"image\":{\"@id\":\"https:\\\/\\\/disimi.hr\\\/de\\\/produkt\\\/kapa-zenska-zebra-kzf2604\\\/#primaryimage\"},\"thumbnailUrl\":\"https:\\\/\\\/disimi.hr\\\/wp-content\\\/uploads\\\/2026\\\/03\\\/KZF2604-W.jpg\",\"datePublished\":\"2026-03-24T13:33:54+00:00\",\"dateModified\":\"2026-03-24T22:46:22+00:00\",\"breadcrumb\":{\"@id\":\"https:\\\/\\\/disimi.hr\\\/de\\\/produkt\\\/kapa-zenska-zebra-kzf2604\\\/#breadcrumb\"},\"inLanguage\":\"de\",\"potentialAction\":[{\"@type\":\"ReadAction\",\"target\":[\"https:\\\/\\\/disimi.hr\\\/de\\\/produkt\\\/kapa-zenska-zebra-kzf2604\\\/\"]}]},{\"@type\":\"ImageObject\",\"inLanguage\":\"de\",\"@id\":\"https:\\\/\\\/disimi.hr\\\/de\\\/produkt\\\/kapa-zenska-zebra-kzf2604\\\/#primaryimage\",\"url\":\"https:\\\/\\\/disimi.hr\\\/wp-content\\\/uploads\\\/2026\\\/03\\\/KZF2604-W.jpg\",\"contentUrl\":\"https:\\\/\\\/disimi.hr\\\/wp-content\\\/uploads\\\/2026\\\/03\\\/KZF2604-W.jpg\",\"width\":800,\"height\":800},{\"@type\":\"BreadcrumbList\",\"@id\":\"https:\\\/\\\/disimi.hr\\\/de\\\/produkt\\\/kapa-zenska-zebra-kzf2604\\\/#breadcrumb\",\"itemListElement\":[{\"@type\":\"ListItem\",\"position\":1,\"name\":\"Po\u010detna stranica\",\"item\":\"https:\\\/\\\/disimi.hr\\\/de\\\/\"},{\"@type\":\"ListItem\",\"position\":2,\"name\":\"Produkte\",\"item\":\"https:\\\/\\\/disimi.hr\\\/de\\\/produkte\\\/\"},{\"@type\":\"ListItem\",\"position\":3,\"name\":\"Kapa \u017eenska &#8220;Zebra&#8221; &#8211; kzf2604\"}]},{\"@type\":\"WebSite\",\"@id\":\"https:\\\/\\\/disimi.hr\\\/#website\",\"url\":\"https:\\\/\\\/disimi.hr\\\/\",\"name\":\"DISIMI?\",\"description\":\"Hrvatski brand i jedinstveni dizajn!\",\"publisher\":{\"@id\":\"https:\\\/\\\/disimi.hr\\\/#organization\"},\"potentialAction\":[{\"@type\":\"SearchAction\",\"target\":{\"@type\":\"EntryPoint\",\"urlTemplate\":\"https:\\\/\\\/disimi.hr\\\/?s={search_term_string}\"},\"query-input\":{\"@type\":\"PropertyValueSpecification\",\"valueRequired\":true,\"valueName\":\"search_term_string\"}}],\"inLanguage\":\"de\"},{\"@type\":\"Organization\",\"@id\":\"https:\\\/\\\/disimi.hr\\\/#organization\",\"name\":\"DiSiMi?\",\"url\":\"https:\\\/\\\/disimi.hr\\\/\",\"logo\":{\"@type\":\"ImageObject\",\"inLanguage\":\"de\",\"@id\":\"https:\\\/\\\/disimi.hr\\\/#\\\/schema\\\/logo\\\/image\\\/\",\"url\":\"https:\\\/\\\/disimi.hr\\\/wp-content\\\/uploads\\\/2022\\\/02\\\/logo2.jpg\",\"contentUrl\":\"https:\\\/\\\/disimi.hr\\\/wp-content\\\/uploads\\\/2022\\\/02\\\/logo2.jpg\",\"width\":250,\"height\":79,\"caption\":\"DiSiMi?\"},\"image\":{\"@id\":\"https:\\\/\\\/disimi.hr\\\/#\\\/schema\\\/logo\\\/image\\\/\"},\"sameAs\":[\"https:\\\/\\\/www.facebook.com\\\/DISIMI.hr\\\/\",\"https:\\\/\\\/www.instagram.com\\\/disimi.hr\\\/\"]}]}<\/script>\n<!-- \/ Yoast SEO plugin. -->","yoast_head_json":{"title":"Kapa \u017eenska \"Zebra\" - kzf2604 - DISIMI?","robots":{"index":"index","follow":"follow","max-snippet":"max-snippet:-1","max-image-preview":"max-image-preview:large","max-video-preview":"max-video-preview:-1"},"canonical":"https:\/\/disimi.hr\/de\/produkt\/kapa-zenska-zebra-kzf2604\/","og_locale":"de_DE","og_type":"article","og_title":"Kapa \u017eenska \"Zebra\" - kzf2604 - DISIMI?","og_description":"\u017denska bucket kapa s zebrano uzorkom idealan je izbor za sve koje \u017eele da njihov modni dodatak istovremeno \u0161titi od sunca i izgleda efektno. Mekani, lagani materijal ugodno pristaje na glavu i lako se sprema u torbu, pa je prakti\u010dna za putovanja, pla\u017eu ili festivalske dane. Atraktivan\u00a0 print \u010dini ovaj \u0161e\u0161ir statement komadom koji \u0107e podi\u0107i i najjednostavniji outfit.  Kapa ljeti slu\u017ei i kao pouzdana za\u0161tita od sunca \u0161to je \u010dini ne samo stilskim nego i potrebnim dodatkom u sun\u010danim ljetnim danima.  Lagana, prozra\u010dna kapa sa leopard uzorkom. \u0160irina oboda 7 cm  UPF 50\u00a0- Blokira 49 od 50 jedinica UV zraka, u uvjetima jake izlo\u017eenosti suncu.  &nbsp;","og_url":"https:\/\/disimi.hr\/de\/produkt\/kapa-zenska-zebra-kzf2604\/","og_site_name":"DISIMI?","article_publisher":"https:\/\/www.facebook.com\/DISIMI.hr\/","article_modified_time":"2026-03-24T22:46:22+00:00","og_image":[{"width":800,"height":800,"url":"https:\/\/disimi.hr\/wp-content\/uploads\/2026\/03\/KZF2604-W.jpg","type":"image\/jpeg"}],"twitter_card":"summary_large_image","twitter_misc":{"Gesch\u00e4tzte Lesezeit":"1\u00a0Minute"},"schema":{"@context":"https:\/\/schema.org","@graph":[{"@type":"WebPage","@id":"https:\/\/disimi.hr\/de\/produkt\/kapa-zenska-zebra-kzf2604\/","url":"https:\/\/disimi.hr\/de\/produkt\/kapa-zenska-zebra-kzf2604\/","name":"Kapa \u017eenska \"Zebra\" - kzf2604 - DISIMI?","isPartOf":{"@id":"https:\/\/disimi.hr\/#website"},"primaryImageOfPage":{"@id":"https:\/\/disimi.hr\/de\/produkt\/kapa-zenska-zebra-kzf2604\/#primaryimage"},"image":{"@id":"https:\/\/disimi.hr\/de\/produkt\/kapa-zenska-zebra-kzf2604\/#primaryimage"},"thumbnailUrl":"https:\/\/disimi.hr\/wp-content\/uploads\/2026\/03\/KZF2604-W.jpg","datePublished":"2026-03-24T13:33:54+00:00","dateModified":"2026-03-24T22:46:22+00:00","breadcrumb":{"@id":"https:\/\/disimi.hr\/de\/produkt\/kapa-zenska-zebra-kzf2604\/#breadcrumb"},"inLanguage":"de","potentialAction":[{"@type":"ReadAction","target":["https:\/\/disimi.hr\/de\/produkt\/kapa-zenska-zebra-kzf2604\/"]}]},{"@type":"ImageObject","inLanguage":"de","@id":"https:\/\/disimi.hr\/de\/produkt\/kapa-zenska-zebra-kzf2604\/#primaryimage","url":"https:\/\/disimi.hr\/wp-content\/uploads\/2026\/03\/KZF2604-W.jpg","contentUrl":"https:\/\/disimi.hr\/wp-content\/uploads\/2026\/03\/KZF2604-W.jpg","width":800,"height":800},{"@type":"BreadcrumbList","@id":"https:\/\/disimi.hr\/de\/produkt\/kapa-zenska-zebra-kzf2604\/#breadcrumb","itemListElement":[{"@type":"ListItem","position":1,"name":"Po\u010detna stranica","item":"https:\/\/disimi.hr\/de\/"},{"@type":"ListItem","position":2,"name":"Produkte","item":"https:\/\/disimi.hr\/de\/produkte\/"},{"@type":"ListItem","position":3,"name":"Kapa \u017eenska &#8220;Zebra&#8221; &#8211; kzf2604"}]},{"@type":"WebSite","@id":"https:\/\/disimi.hr\/#website","url":"https:\/\/disimi.hr\/","name":"DISIMI?","description":"Hrvatski brand i jedinstveni dizajn!","publisher":{"@id":"https:\/\/disimi.hr\/#organization"},"potentialAction":[{"@type":"SearchAction","target":{"@type":"EntryPoint","urlTemplate":"https:\/\/disimi.hr\/?s={search_term_string}"},"query-input":{"@type":"PropertyValueSpecification","valueRequired":true,"valueName":"search_term_string"}}],"inLanguage":"de"},{"@type":"Organization","@id":"https:\/\/disimi.hr\/#organization","name":"DiSiMi?","url":"https:\/\/disimi.hr\/","logo":{"@type":"ImageObject","inLanguage":"de","@id":"https:\/\/disimi.hr\/#\/schema\/logo\/image\/","url":"https:\/\/disimi.hr\/wp-content\/uploads\/2022\/02\/logo2.jpg","contentUrl":"https:\/\/disimi.hr\/wp-content\/uploads\/2022\/02\/logo2.jpg","width":250,"height":79,"caption":"DiSiMi?"},"image":{"@id":"https:\/\/disimi.hr\/#\/schema\/logo\/image\/"},"sameAs":["https:\/\/www.facebook.com\/DISIMI.hr\/","https:\/\/www.instagram.com\/disimi.hr\/"]}]}},"_links":{"self":[{"href":"https:\/\/disimi.hr\/de\/wp-json\/wp\/v2\/product\/131136","targetHints":{"allow":["GET"]}}],"collection":[{"href":"https:\/\/disimi.hr\/de\/wp-json\/wp\/v2\/product"}],"about":[{"href":"https:\/\/disimi.hr\/de\/wp-json\/wp\/v2\/types\/product"}],"wp:featuredmedia":[{"embeddable":true,"href":"https:\/\/disimi.hr\/de\/wp-json\/wp\/v2\/media\/131140"}],"wp:attachment":[{"href":"https:\/\/disimi.hr\/de\/wp-json\/wp\/v2\/media?parent=131136"}],"wp:term":[{"taxonomy":"product_brand","embeddable":true,"href":"https:\/\/disimi.hr\/de\/wp-json\/wp\/v2\/product_brand?post=131136"},{"taxonomy":"product_cat","embeddable":true,"href":"https:\/\/disimi.hr\/de\/wp-json\/wp\/v2\/product_cat?post=131136"},{"taxonomy":"product_tag","embeddable":true,"href":"https:\/\/disimi.hr\/de\/wp-json\/wp\/v2\/product_tag?post=131136"}],"curies":[{"name":"wp","href":"https:\/\/api.w.org\/{rel}","templated":true}]}}