{"id":131113,"date":"2026-03-24T13:39:02","date_gmt":"2026-03-24T12:39:02","guid":{"rendered":"https:\/\/disimi.hr\/?post_type=product&#038;p=131113"},"modified":"2026-04-18T15:31:38","modified_gmt":"2026-04-18T13:31:38","slug":"torba-disimi-big-bag-leopard-tzf2615","status":"publish","type":"product","link":"https:\/\/disimi.hr\/de\/produkt\/torba-disimi-big-bag-leopard-tzf2615\/","title":{"rendered":"Torba disimi big bag &#8220;Leopard&#8221; &#8211; tzf2615"},"content":{"rendered":"<div class=\"wpb-content-wrapper\"><p>[vc_row][vc_column][vc_column_text woodmart_inline=&#8221;no&#8221; text_larger=&#8221;yes&#8221;]<\/p>\n<p style=\"text-align: center;\"><strong>Modni dodaci od kojih se ne odvajamo<\/strong><\/p>\n<p style=\"text-align: center;\">Torba izra\u0111ena od \u010dvrstog pamu\u010dnog materijala!<\/p>\n<p style=\"text-align: center;\"><strong>Savr\u0161eni poklon,\u2026\u2026ma za vas!<\/strong><\/p>\n<p style=\"text-align: center;\"><strong>\u2714 Torba uz svaku garderobu<\/strong>, za opu\u0161ten styling<\/p>\n<p style=\"text-align: center;\"><strong>\u2714 \u010cuvaju va\u0161 novac:<\/strong> Iako visokokvalitetne, svojom cijenom zadovoljavaju sva\u010diji bud\u017eet.<\/p>\n<p style=\"text-align: center;\"><strong>\u2714 Moderan dizajn:<\/strong> Kod DiSiMi? torbi nema kompromisa u dizajnu. Torba je sastavni dio \u017eenskog identiteta i kao takva mora imati ono ne\u0161to.<\/p>\n<p style=\"text-align: center;\"><strong>\u2714 \u0160to je bitnije od torbe?<\/strong> Kada bi imali sve novce svijeta, sigurni smo da \u017eenama ne bi ni to bilo dovoljno da si priu\u0161te sve torbe koje im se svi\u0111aju i ono najva\u017enije \u2013 sve te torbe im i trebaju. Torba je neizostavni dio svakog uspje\u0161nog outfita. Vrlo \u010desto se dogodi da upravo promjena torbe \u010dini razliku odjevne kombinacije. Za\u0161to je to tako? Zato jer je torba modni dodatak koji povezuje cjelinu, isti\u010de se i tako privla\u010di pa\u017enju.<\/p>\n<p>[\/vc_column_text][vc_row_inner][vc_column_inner width=&#8221;1\/2&#8243;][vc_single_image image=&#8221;2580&#8243; img_size=&#8221;full&#8221; alignment=&#8221;center&#8221; parallax_scroll=&#8221;no&#8221; woodmart_inline=&#8221;no&#8221;][\/vc_column_inner][vc_column_inner width=&#8221;1\/2&#8243;][vc_single_image image=&#8221;7452&#8243; img_size=&#8221;full&#8221; alignment=&#8221;center&#8221; parallax_scroll=&#8221;no&#8221; woodmart_inline=&#8221;no&#8221;][\/vc_column_inner][\/vc_row_inner][vc_row_inner][vc_column_inner][vc_column_text woodmart_inline=&#8221;no&#8221; text_larger=&#8221;no&#8221;]<\/p>\n<div>\n<p style=\"text-align: center;\">Duboko vjerujemo kako su na\u0161e torbe vrhunske kvalitete i dizajna. Toliko vjerujemo u na\u0161 proizvod da smo sigurno da \u0107e vas odu\u0161eviti. Ukoliko DiSiMi? torbe ne zadovolje va\u0161a o\u010dekivanja mo\u017eete ih vratiti u bilo kojem trenutku a mi \u0107emo vam napraviti puni povrat novca u prvih 30 dana.<\/p>\n<\/div>\n<p>[\/vc_column_text][\/vc_column_inner][\/vc_row_inner][\/vc_column][\/vc_row]<\/p>\n<\/div>","protected":false},"excerpt":{"rendered":"<p>Torba u koju stane sve! Plijeni pa\u017enju dimenzijom, upe\u010datljivim bojama i dizajnom. Limitirana web kolekcija na\u0161e prepoznatljive &#8220;Big Bag&#8221; torbe. Torba je izra\u0111ena od \u010dvrstog pamuka. Dimenzije torbe su 32x40x41 cm a dimenzija ru\u010dke je 24 cm.<\/p>\n","protected":false},"featured_media":131117,"template":"","meta":[],"product_brand":[],"product_cat":[215,216],"product_tag":[],"class_list":{"0":"post-131113","1":"product","2":"type-product","3":"status-publish","4":"has-post-thumbnail","6":"product_cat-sommertaschen","7":"product_cat-taschen","9":"first","10":"instock","11":"featured","12":"taxable","13":"shipping-taxable","14":"purchasable","15":"product-type-simple"},"yoast_head":"<!-- This site is optimized with the Yoast SEO plugin v27.5 - https:\/\/yoast.com\/product\/yoast-seo-wordpress\/ -->\n<title>Torba disimi big bag &quot;Leopard&quot; - tzf2615 - DISIMI?<\/title>\n<meta name=\"robots\" content=\"index, follow, max-snippet:-1, max-image-preview:large, max-video-preview:-1\" \/>\n<link rel=\"canonical\" href=\"https:\/\/disimi.hr\/de\/produkt\/torba-disimi-big-bag-leopard-tzf2615\/\" \/>\n<meta property=\"og:locale\" content=\"de_DE\" \/>\n<meta property=\"og:type\" content=\"article\" \/>\n<meta property=\"og:title\" content=\"Torba disimi big bag &quot;Leopard&quot; - tzf2615 - DISIMI?\" \/>\n<meta property=\"og:description\" content=\"Torba u koju stane sve! Plijeni pa\u017enju dimenzijom, upe\u010datljivim bojama i dizajnom. Limitirana web kolekcija na\u0161e prepoznatljive &quot;Big Bag&quot; torbe. Torba je izra\u0111ena od \u010dvrstog pamuka. Dimenzije torbe su 32x40x41 cm a dimenzija ru\u010dke je 24 cm.\" \/>\n<meta property=\"og:url\" content=\"https:\/\/disimi.hr\/de\/produkt\/torba-disimi-big-bag-leopard-tzf2615\/\" \/>\n<meta property=\"og:site_name\" content=\"DISIMI?\" \/>\n<meta property=\"article:publisher\" content=\"https:\/\/www.facebook.com\/DISIMI.hr\/\" \/>\n<meta property=\"article:modified_time\" content=\"2026-04-18T13:31:38+00:00\" \/>\n<meta property=\"og:image\" content=\"https:\/\/disimi.hr\/wp-content\/uploads\/2026\/03\/tzf2615-w.jpg\" \/>\n\t<meta property=\"og:image:width\" content=\"800\" \/>\n\t<meta property=\"og:image:height\" content=\"800\" \/>\n\t<meta property=\"og:image:type\" content=\"image\/jpeg\" \/>\n<meta name=\"twitter:card\" content=\"summary_large_image\" \/>\n<meta name=\"twitter:label1\" content=\"Gesch\u00e4tzte Lesezeit\" \/>\n\t<meta name=\"twitter:data1\" content=\"2\u00a0Minute\" \/>\n<script type=\"application\/ld+json\" class=\"yoast-schema-graph\">{\"@context\":\"https:\\\/\\\/schema.org\",\"@graph\":[{\"@type\":\"WebPage\",\"@id\":\"https:\\\/\\\/disimi.hr\\\/de\\\/produkt\\\/torba-disimi-big-bag-leopard-tzf2615\\\/\",\"url\":\"https:\\\/\\\/disimi.hr\\\/de\\\/produkt\\\/torba-disimi-big-bag-leopard-tzf2615\\\/\",\"name\":\"Torba disimi big bag \\\"Leopard\\\" - tzf2615 - DISIMI?\",\"isPartOf\":{\"@id\":\"https:\\\/\\\/disimi.hr\\\/#website\"},\"primaryImageOfPage\":{\"@id\":\"https:\\\/\\\/disimi.hr\\\/de\\\/produkt\\\/torba-disimi-big-bag-leopard-tzf2615\\\/#primaryimage\"},\"image\":{\"@id\":\"https:\\\/\\\/disimi.hr\\\/de\\\/produkt\\\/torba-disimi-big-bag-leopard-tzf2615\\\/#primaryimage\"},\"thumbnailUrl\":\"https:\\\/\\\/disimi.hr\\\/wp-content\\\/uploads\\\/2026\\\/03\\\/tzf2615-w.jpg\",\"datePublished\":\"2026-03-24T12:39:02+00:00\",\"dateModified\":\"2026-04-18T13:31:38+00:00\",\"breadcrumb\":{\"@id\":\"https:\\\/\\\/disimi.hr\\\/de\\\/produkt\\\/torba-disimi-big-bag-leopard-tzf2615\\\/#breadcrumb\"},\"inLanguage\":\"de\",\"potentialAction\":[{\"@type\":\"ReadAction\",\"target\":[\"https:\\\/\\\/disimi.hr\\\/de\\\/produkt\\\/torba-disimi-big-bag-leopard-tzf2615\\\/\"]}]},{\"@type\":\"ImageObject\",\"inLanguage\":\"de\",\"@id\":\"https:\\\/\\\/disimi.hr\\\/de\\\/produkt\\\/torba-disimi-big-bag-leopard-tzf2615\\\/#primaryimage\",\"url\":\"https:\\\/\\\/disimi.hr\\\/wp-content\\\/uploads\\\/2026\\\/03\\\/tzf2615-w.jpg\",\"contentUrl\":\"https:\\\/\\\/disimi.hr\\\/wp-content\\\/uploads\\\/2026\\\/03\\\/tzf2615-w.jpg\",\"width\":800,\"height\":800},{\"@type\":\"BreadcrumbList\",\"@id\":\"https:\\\/\\\/disimi.hr\\\/de\\\/produkt\\\/torba-disimi-big-bag-leopard-tzf2615\\\/#breadcrumb\",\"itemListElement\":[{\"@type\":\"ListItem\",\"position\":1,\"name\":\"Po\u010detna stranica\",\"item\":\"https:\\\/\\\/disimi.hr\\\/de\\\/\"},{\"@type\":\"ListItem\",\"position\":2,\"name\":\"Produkte\",\"item\":\"https:\\\/\\\/disimi.hr\\\/de\\\/produkte\\\/\"},{\"@type\":\"ListItem\",\"position\":3,\"name\":\"Torba disimi big bag &#8220;Leopard&#8221; &#8211; tzf2615\"}]},{\"@type\":\"WebSite\",\"@id\":\"https:\\\/\\\/disimi.hr\\\/#website\",\"url\":\"https:\\\/\\\/disimi.hr\\\/\",\"name\":\"DISIMI?\",\"description\":\"Hrvatski brand i jedinstveni dizajn!\",\"publisher\":{\"@id\":\"https:\\\/\\\/disimi.hr\\\/#organization\"},\"potentialAction\":[{\"@type\":\"SearchAction\",\"target\":{\"@type\":\"EntryPoint\",\"urlTemplate\":\"https:\\\/\\\/disimi.hr\\\/?s={search_term_string}\"},\"query-input\":{\"@type\":\"PropertyValueSpecification\",\"valueRequired\":true,\"valueName\":\"search_term_string\"}}],\"inLanguage\":\"de\"},{\"@type\":\"Organization\",\"@id\":\"https:\\\/\\\/disimi.hr\\\/#organization\",\"name\":\"DiSiMi?\",\"url\":\"https:\\\/\\\/disimi.hr\\\/\",\"logo\":{\"@type\":\"ImageObject\",\"inLanguage\":\"de\",\"@id\":\"https:\\\/\\\/disimi.hr\\\/#\\\/schema\\\/logo\\\/image\\\/\",\"url\":\"https:\\\/\\\/disimi.hr\\\/wp-content\\\/uploads\\\/2022\\\/02\\\/logo2.jpg\",\"contentUrl\":\"https:\\\/\\\/disimi.hr\\\/wp-content\\\/uploads\\\/2022\\\/02\\\/logo2.jpg\",\"width\":250,\"height\":79,\"caption\":\"DiSiMi?\"},\"image\":{\"@id\":\"https:\\\/\\\/disimi.hr\\\/#\\\/schema\\\/logo\\\/image\\\/\"},\"sameAs\":[\"https:\\\/\\\/www.facebook.com\\\/DISIMI.hr\\\/\",\"https:\\\/\\\/www.instagram.com\\\/disimi.hr\\\/\"]}]}<\/script>\n<!-- \/ Yoast SEO plugin. -->","yoast_head_json":{"title":"Torba disimi big bag \"Leopard\" - tzf2615 - DISIMI?","robots":{"index":"index","follow":"follow","max-snippet":"max-snippet:-1","max-image-preview":"max-image-preview:large","max-video-preview":"max-video-preview:-1"},"canonical":"https:\/\/disimi.hr\/de\/produkt\/torba-disimi-big-bag-leopard-tzf2615\/","og_locale":"de_DE","og_type":"article","og_title":"Torba disimi big bag \"Leopard\" - tzf2615 - DISIMI?","og_description":"Torba u koju stane sve! Plijeni pa\u017enju dimenzijom, upe\u010datljivim bojama i dizajnom. Limitirana web kolekcija na\u0161e prepoznatljive \"Big Bag\" torbe. Torba je izra\u0111ena od \u010dvrstog pamuka. Dimenzije torbe su 32x40x41 cm a dimenzija ru\u010dke je 24 cm.","og_url":"https:\/\/disimi.hr\/de\/produkt\/torba-disimi-big-bag-leopard-tzf2615\/","og_site_name":"DISIMI?","article_publisher":"https:\/\/www.facebook.com\/DISIMI.hr\/","article_modified_time":"2026-04-18T13:31:38+00:00","og_image":[{"width":800,"height":800,"url":"https:\/\/disimi.hr\/wp-content\/uploads\/2026\/03\/tzf2615-w.jpg","type":"image\/jpeg"}],"twitter_card":"summary_large_image","twitter_misc":{"Gesch\u00e4tzte Lesezeit":"2\u00a0Minute"},"schema":{"@context":"https:\/\/schema.org","@graph":[{"@type":"WebPage","@id":"https:\/\/disimi.hr\/de\/produkt\/torba-disimi-big-bag-leopard-tzf2615\/","url":"https:\/\/disimi.hr\/de\/produkt\/torba-disimi-big-bag-leopard-tzf2615\/","name":"Torba disimi big bag \"Leopard\" - tzf2615 - DISIMI?","isPartOf":{"@id":"https:\/\/disimi.hr\/#website"},"primaryImageOfPage":{"@id":"https:\/\/disimi.hr\/de\/produkt\/torba-disimi-big-bag-leopard-tzf2615\/#primaryimage"},"image":{"@id":"https:\/\/disimi.hr\/de\/produkt\/torba-disimi-big-bag-leopard-tzf2615\/#primaryimage"},"thumbnailUrl":"https:\/\/disimi.hr\/wp-content\/uploads\/2026\/03\/tzf2615-w.jpg","datePublished":"2026-03-24T12:39:02+00:00","dateModified":"2026-04-18T13:31:38+00:00","breadcrumb":{"@id":"https:\/\/disimi.hr\/de\/produkt\/torba-disimi-big-bag-leopard-tzf2615\/#breadcrumb"},"inLanguage":"de","potentialAction":[{"@type":"ReadAction","target":["https:\/\/disimi.hr\/de\/produkt\/torba-disimi-big-bag-leopard-tzf2615\/"]}]},{"@type":"ImageObject","inLanguage":"de","@id":"https:\/\/disimi.hr\/de\/produkt\/torba-disimi-big-bag-leopard-tzf2615\/#primaryimage","url":"https:\/\/disimi.hr\/wp-content\/uploads\/2026\/03\/tzf2615-w.jpg","contentUrl":"https:\/\/disimi.hr\/wp-content\/uploads\/2026\/03\/tzf2615-w.jpg","width":800,"height":800},{"@type":"BreadcrumbList","@id":"https:\/\/disimi.hr\/de\/produkt\/torba-disimi-big-bag-leopard-tzf2615\/#breadcrumb","itemListElement":[{"@type":"ListItem","position":1,"name":"Po\u010detna stranica","item":"https:\/\/disimi.hr\/de\/"},{"@type":"ListItem","position":2,"name":"Produkte","item":"https:\/\/disimi.hr\/de\/produkte\/"},{"@type":"ListItem","position":3,"name":"Torba disimi big bag &#8220;Leopard&#8221; &#8211; tzf2615"}]},{"@type":"WebSite","@id":"https:\/\/disimi.hr\/#website","url":"https:\/\/disimi.hr\/","name":"DISIMI?","description":"Hrvatski brand i jedinstveni dizajn!","publisher":{"@id":"https:\/\/disimi.hr\/#organization"},"potentialAction":[{"@type":"SearchAction","target":{"@type":"EntryPoint","urlTemplate":"https:\/\/disimi.hr\/?s={search_term_string}"},"query-input":{"@type":"PropertyValueSpecification","valueRequired":true,"valueName":"search_term_string"}}],"inLanguage":"de"},{"@type":"Organization","@id":"https:\/\/disimi.hr\/#organization","name":"DiSiMi?","url":"https:\/\/disimi.hr\/","logo":{"@type":"ImageObject","inLanguage":"de","@id":"https:\/\/disimi.hr\/#\/schema\/logo\/image\/","url":"https:\/\/disimi.hr\/wp-content\/uploads\/2022\/02\/logo2.jpg","contentUrl":"https:\/\/disimi.hr\/wp-content\/uploads\/2022\/02\/logo2.jpg","width":250,"height":79,"caption":"DiSiMi?"},"image":{"@id":"https:\/\/disimi.hr\/#\/schema\/logo\/image\/"},"sameAs":["https:\/\/www.facebook.com\/DISIMI.hr\/","https:\/\/www.instagram.com\/disimi.hr\/"]}]}},"_links":{"self":[{"href":"https:\/\/disimi.hr\/de\/wp-json\/wp\/v2\/product\/131113","targetHints":{"allow":["GET"]}}],"collection":[{"href":"https:\/\/disimi.hr\/de\/wp-json\/wp\/v2\/product"}],"about":[{"href":"https:\/\/disimi.hr\/de\/wp-json\/wp\/v2\/types\/product"}],"wp:featuredmedia":[{"embeddable":true,"href":"https:\/\/disimi.hr\/de\/wp-json\/wp\/v2\/media\/131117"}],"wp:attachment":[{"href":"https:\/\/disimi.hr\/de\/wp-json\/wp\/v2\/media?parent=131113"}],"wp:term":[{"taxonomy":"product_brand","embeddable":true,"href":"https:\/\/disimi.hr\/de\/wp-json\/wp\/v2\/product_brand?post=131113"},{"taxonomy":"product_cat","embeddable":true,"href":"https:\/\/disimi.hr\/de\/wp-json\/wp\/v2\/product_cat?post=131113"},{"taxonomy":"product_tag","embeddable":true,"href":"https:\/\/disimi.hr\/de\/wp-json\/wp\/v2\/product_tag?post=131113"}],"curies":[{"name":"wp","href":"https:\/\/api.w.org\/{rel}","templated":true}]}}