{"id":131094,"date":"2026-03-24T13:20:22","date_gmt":"2026-03-24T12:20:22","guid":{"rendered":"https:\/\/disimi.hr\/?post_type=product&#038;p=131094"},"modified":"2026-05-09T09:58:56","modified_gmt":"2026-05-09T07:58:56","slug":"torba-paper-straw-hand-made-bez-dim-41x22x35-cm-tzf2611","status":"publish","type":"product","link":"https:\/\/disimi.hr\/de\/produkt\/torba-paper-straw-hand-made-bez-dim-41x22x35-cm-tzf2611\/","title":{"rendered":"Torba &#8220;Paper Straw Hand Made&#8221; Be\u017e, dim. 41x22x35 cm &#8211; tzf2611"},"content":{"rendered":"<div class=\"wpb-content-wrapper\"><p>[vc_row][vc_column][vc_column_text css=&#8221;&#8221; woodmart_inline=&#8221;no&#8221; text_larger=&#8221;yes&#8221;]<\/p>\n<p style=\"text-align: center;\"><strong>Modni dodaci od kojih se ne odvajamo<\/strong><\/p>\n<p style=\"text-align: center;\">Unesite stil i funkcionalnost u svoju svakodnevnicu s ovom modernom torbom na\u0161eg brenda <strong>DiSiMi?<\/strong>. Dizajnirana za prakti\u010dnost i estetiku, torba se isti\u010de svojim upe\u010datljivim crno-bijelim prugama i prepoznatljivim logotipom &#8220;DiSiMi?&#8221; koji je elegantno ispisan na trakama.<\/p>\n<p style=\"text-align: center;\"><strong>Savr\u0161eni poklon,\u2026\u2026ma za vas!<\/strong><\/p>\n<p style=\"text-align: center;\"><strong>\u2714 Torba uz svaku garderobu<\/strong>, za opu\u0161ten styling<\/p>\n<p style=\"text-align: center;\"><strong>\u2714 \u010cuvaju va\u0161 novac:<\/strong> Iako visokokvalitetne, svojom cijenom zadovoljavaju sva\u010diji bud\u017eet.<\/p>\n<p style=\"text-align: center;\"><strong>\u2714 Moderan dizajn:<\/strong> Kod DiSiMi? torbi nema kompromisa u dizajnu. Torba je sastavni dio \u017eenskog identiteta i kao takva mora imati ono ne\u0161to.<\/p>\n<p style=\"text-align: center;\"><strong>\u2714 \u0160to je bitnije od torbe?<\/strong> Kada bi imali sve novce svijeta, sigurni smo da \u017eenama ne bi ni to bilo dovoljno da si priu\u0161te sve torbe koje im se svi\u0111aju i ono najva\u017enije \u2013 sve te torbe im i trebaju. Torba je neizostavni dio svakog uspje\u0161nog outfita. Vrlo \u010desto se dogodi da upravo promjena torbe \u010dini razliku odjevne kombinacije. Za\u0161to je to tako? Zato jer je torba modni dodatak koji povezuje cjelinu, isti\u010de se i tako privla\u010di pa\u017enju.<\/p>\n<p>[\/vc_column_text][vc_row_inner][vc_column_inner width=&#8221;1\/2&#8243;][vc_single_image image=&#8221;2580&#8243; img_size=&#8221;full&#8221; alignment=&#8221;center&#8221; parallax_scroll=&#8221;no&#8221; woodmart_inline=&#8221;no&#8221;][\/vc_column_inner][vc_column_inner width=&#8221;1\/2&#8243;][vc_single_image image=&#8221;7452&#8243; img_size=&#8221;full&#8221; alignment=&#8221;center&#8221; parallax_scroll=&#8221;no&#8221; woodmart_inline=&#8221;no&#8221;][\/vc_column_inner][\/vc_row_inner][vc_row_inner][vc_column_inner][vc_column_text woodmart_inline=&#8221;no&#8221; text_larger=&#8221;no&#8221;]<\/p>\n<div>\n<p style=\"text-align: center;\">Duboko vjerujemo kako su na\u0161e torbe vrhunske kvalitete i dizajna. Toliko vjerujemo u na\u0161 proizvod da smo sigurno da \u0107e vas odu\u0161eviti. Ukoliko DiSiMi? torbe ne zadovolje va\u0161a o\u010dekivanja mo\u017eete ih vratiti u bilo kojem trenutku a mi \u0107emo vam napraviti puni povrat novca u prvih 30 dana.<\/p>\n<\/div>\n<p>[\/vc_column_text][\/vc_column_inner][\/vc_row_inner][\/vc_column][\/vc_row]<\/p>\n<\/div>","protected":false},"excerpt":{"rendered":"<p>Torba od ru\u010dno pletenog papira stvorena je<strong> za sve koje vole prirodan, opu\u0161ten stil<\/strong> i tra\u017ee prakti\u010dan modni dodatak za svaki dan ili ljetne kombinacije.<br \/>\n<strong>Materijal<\/strong>: Ru\u010dno pleteni papir koji daje autenti\u010dan \u201eraffia\u201c izgled, s detaljima i ru\u010dkama od poliuretana za ve\u0107u trajnost i jednostavno odr\u017eavanje.<br \/>\n<strong>Dimenzije:<\/strong> Idealna veli\u010dina za svakodnevne potrebe dim. 41x22x35 cm \u2013 vi\u0161e nego dovoljno prostora za nov\u010danik, mobitel, nao\u010dale, bo\u010dicu vode i sitnice.\u00a0 Torba se zatvara gumb zatvara\u010dem.<br \/>\n<strong>Dizajn:<\/strong> Podesivi remeni s dekorativnim rupicama omogu\u0107uju udobno no\u0161enje na ramenu, a mekani oblik torbe prilago\u0111ava se sadr\u017eaju koji nosite.<br \/>\n<strong>Boja:<\/strong> Prirodna natur be\u017e nijansa ru\u010dno pletenog papira u kontrastu s tamnim ru\u010dkama daje torbi moderan, ali i opu\u0161ten izgled koji je lako uklopiti u svaki outfit.<br \/>\n<strong>Vi\u0161enamjenska<\/strong>: Ova torba je savr\u0161en izbor za sve prilike \u2013 od odlaska na posao, \u0161etnje gradom, kupovine na tr\u017enici, do odlaska na pla\u017eu. Njena prakti\u010dnost i moderan boho izgled \u010dine je neizostavnim dodatkom svake garderobe.<br \/>\nDodajte ovu torbu u svoju kolekciju i naglasite svoj prirodan, le\u017eeran stil!<\/p>\n<p>&nbsp;<\/p>\n","protected":false},"featured_media":131099,"template":"","meta":[],"product_brand":[],"product_cat":[215,216],"product_tag":[261],"class_list":{"0":"post-131094","1":"product","2":"type-product","3":"status-publish","4":"has-post-thumbnail","6":"product_cat-sommertaschen","7":"product_cat-taschen","8":"product_tag-outfit-6","10":"first","11":"instock","12":"featured","13":"taxable","14":"shipping-taxable","15":"purchasable","16":"product-type-simple"},"yoast_head":"<!-- This site is optimized with the Yoast SEO plugin v27.5 - https:\/\/yoast.com\/product\/yoast-seo-wordpress\/ -->\n<title>Torba &quot;Paper Straw Hand Made&quot; Be\u017e, dim. 41x22x35 cm - tzf2611 - DISIMI?<\/title>\n<meta name=\"robots\" content=\"index, follow, max-snippet:-1, max-image-preview:large, max-video-preview:-1\" \/>\n<link rel=\"canonical\" href=\"https:\/\/disimi.hr\/de\/produkt\/torba-paper-straw-hand-made-bez-dim-41x22x35-cm-tzf2611\/\" \/>\n<meta property=\"og:locale\" content=\"de_DE\" \/>\n<meta property=\"og:type\" content=\"article\" \/>\n<meta property=\"og:title\" content=\"Torba &quot;Paper Straw Hand Made&quot; Be\u017e, dim. 41x22x35 cm - tzf2611 - DISIMI?\" \/>\n<meta property=\"og:description\" content=\"Torba od ru\u010dno pletenog papira stvorena je za sve koje vole prirodan, opu\u0161ten stil i tra\u017ee prakti\u010dan modni dodatak za svaki dan ili ljetne kombinacije. Materijal: Ru\u010dno pleteni papir koji daje autenti\u010dan \u201eraffia\u201c izgled, s detaljima i ru\u010dkama od poliuretana za ve\u0107u trajnost i jednostavno odr\u017eavanje. Dimenzije: Idealna veli\u010dina za svakodnevne potrebe dim. 41x22x35 cm \u2013 vi\u0161e nego dovoljno prostora za nov\u010danik, mobitel, nao\u010dale, bo\u010dicu vode i sitnice.\u00a0 Torba se zatvara gumb zatvara\u010dem. Dizajn: Podesivi remeni s dekorativnim rupicama omogu\u0107uju udobno no\u0161enje na ramenu, a mekani oblik torbe prilago\u0111ava se sadr\u017eaju koji nosite. Boja: Prirodna natur be\u017e nijansa ru\u010dno pletenog papira u kontrastu s tamnim ru\u010dkama daje torbi moderan, ali i opu\u0161ten izgled koji je lako uklopiti u svaki outfit. Vi\u0161enamjenska: Ova torba je savr\u0161en izbor za sve prilike \u2013 od odlaska na posao, \u0161etnje gradom, kupovine na tr\u017enici, do odlaska na pla\u017eu. Njena prakti\u010dnost i moderan boho izgled \u010dine je neizostavnim dodatkom svake garderobe. Dodajte ovu torbu u svoju kolekciju i naglasite svoj prirodan, le\u017eeran stil!  &nbsp;\" \/>\n<meta property=\"og:url\" content=\"https:\/\/disimi.hr\/de\/produkt\/torba-paper-straw-hand-made-bez-dim-41x22x35-cm-tzf2611\/\" \/>\n<meta property=\"og:site_name\" content=\"DISIMI?\" \/>\n<meta property=\"article:publisher\" content=\"https:\/\/www.facebook.com\/DISIMI.hr\/\" \/>\n<meta property=\"article:modified_time\" content=\"2026-05-09T07:58:56+00:00\" \/>\n<meta property=\"og:image\" content=\"https:\/\/disimi.hr\/wp-content\/uploads\/2026\/03\/tzf2611-W.jpg\" \/>\n\t<meta property=\"og:image:width\" content=\"800\" \/>\n\t<meta property=\"og:image:height\" content=\"800\" \/>\n\t<meta property=\"og:image:type\" content=\"image\/jpeg\" \/>\n<meta name=\"twitter:card\" content=\"summary_large_image\" \/>\n<meta name=\"twitter:label1\" content=\"Gesch\u00e4tzte Lesezeit\" \/>\n\t<meta name=\"twitter:data1\" content=\"2\u00a0Minute\" \/>\n<script type=\"application\/ld+json\" class=\"yoast-schema-graph\">{\"@context\":\"https:\\\/\\\/schema.org\",\"@graph\":[{\"@type\":\"WebPage\",\"@id\":\"https:\\\/\\\/disimi.hr\\\/de\\\/produkt\\\/torba-paper-straw-hand-made-bez-dim-41x22x35-cm-tzf2611\\\/\",\"url\":\"https:\\\/\\\/disimi.hr\\\/de\\\/produkt\\\/torba-paper-straw-hand-made-bez-dim-41x22x35-cm-tzf2611\\\/\",\"name\":\"Torba \\\"Paper Straw Hand Made\\\" Be\u017e, dim. 41x22x35 cm - tzf2611 - DISIMI?\",\"isPartOf\":{\"@id\":\"https:\\\/\\\/disimi.hr\\\/#website\"},\"primaryImageOfPage\":{\"@id\":\"https:\\\/\\\/disimi.hr\\\/de\\\/produkt\\\/torba-paper-straw-hand-made-bez-dim-41x22x35-cm-tzf2611\\\/#primaryimage\"},\"image\":{\"@id\":\"https:\\\/\\\/disimi.hr\\\/de\\\/produkt\\\/torba-paper-straw-hand-made-bez-dim-41x22x35-cm-tzf2611\\\/#primaryimage\"},\"thumbnailUrl\":\"https:\\\/\\\/disimi.hr\\\/wp-content\\\/uploads\\\/2026\\\/03\\\/tzf2611-W.jpg\",\"datePublished\":\"2026-03-24T12:20:22+00:00\",\"dateModified\":\"2026-05-09T07:58:56+00:00\",\"breadcrumb\":{\"@id\":\"https:\\\/\\\/disimi.hr\\\/de\\\/produkt\\\/torba-paper-straw-hand-made-bez-dim-41x22x35-cm-tzf2611\\\/#breadcrumb\"},\"inLanguage\":\"de\",\"potentialAction\":[{\"@type\":\"ReadAction\",\"target\":[\"https:\\\/\\\/disimi.hr\\\/de\\\/produkt\\\/torba-paper-straw-hand-made-bez-dim-41x22x35-cm-tzf2611\\\/\"]}]},{\"@type\":\"ImageObject\",\"inLanguage\":\"de\",\"@id\":\"https:\\\/\\\/disimi.hr\\\/de\\\/produkt\\\/torba-paper-straw-hand-made-bez-dim-41x22x35-cm-tzf2611\\\/#primaryimage\",\"url\":\"https:\\\/\\\/disimi.hr\\\/wp-content\\\/uploads\\\/2026\\\/03\\\/tzf2611-W.jpg\",\"contentUrl\":\"https:\\\/\\\/disimi.hr\\\/wp-content\\\/uploads\\\/2026\\\/03\\\/tzf2611-W.jpg\",\"width\":800,\"height\":800},{\"@type\":\"BreadcrumbList\",\"@id\":\"https:\\\/\\\/disimi.hr\\\/de\\\/produkt\\\/torba-paper-straw-hand-made-bez-dim-41x22x35-cm-tzf2611\\\/#breadcrumb\",\"itemListElement\":[{\"@type\":\"ListItem\",\"position\":1,\"name\":\"Po\u010detna stranica\",\"item\":\"https:\\\/\\\/disimi.hr\\\/de\\\/\"},{\"@type\":\"ListItem\",\"position\":2,\"name\":\"Produkte\",\"item\":\"https:\\\/\\\/disimi.hr\\\/de\\\/produkte\\\/\"},{\"@type\":\"ListItem\",\"position\":3,\"name\":\"Torba &#8220;Paper Straw Hand Made&#8221; Be\u017e, dim. 41x22x35 cm &#8211; tzf2611\"}]},{\"@type\":\"WebSite\",\"@id\":\"https:\\\/\\\/disimi.hr\\\/#website\",\"url\":\"https:\\\/\\\/disimi.hr\\\/\",\"name\":\"DISIMI?\",\"description\":\"Hrvatski brand i jedinstveni dizajn!\",\"publisher\":{\"@id\":\"https:\\\/\\\/disimi.hr\\\/#organization\"},\"potentialAction\":[{\"@type\":\"SearchAction\",\"target\":{\"@type\":\"EntryPoint\",\"urlTemplate\":\"https:\\\/\\\/disimi.hr\\\/?s={search_term_string}\"},\"query-input\":{\"@type\":\"PropertyValueSpecification\",\"valueRequired\":true,\"valueName\":\"search_term_string\"}}],\"inLanguage\":\"de\"},{\"@type\":\"Organization\",\"@id\":\"https:\\\/\\\/disimi.hr\\\/#organization\",\"name\":\"DiSiMi?\",\"url\":\"https:\\\/\\\/disimi.hr\\\/\",\"logo\":{\"@type\":\"ImageObject\",\"inLanguage\":\"de\",\"@id\":\"https:\\\/\\\/disimi.hr\\\/#\\\/schema\\\/logo\\\/image\\\/\",\"url\":\"https:\\\/\\\/disimi.hr\\\/wp-content\\\/uploads\\\/2022\\\/02\\\/logo2.jpg\",\"contentUrl\":\"https:\\\/\\\/disimi.hr\\\/wp-content\\\/uploads\\\/2022\\\/02\\\/logo2.jpg\",\"width\":250,\"height\":79,\"caption\":\"DiSiMi?\"},\"image\":{\"@id\":\"https:\\\/\\\/disimi.hr\\\/#\\\/schema\\\/logo\\\/image\\\/\"},\"sameAs\":[\"https:\\\/\\\/www.facebook.com\\\/DISIMI.hr\\\/\",\"https:\\\/\\\/www.instagram.com\\\/disimi.hr\\\/\"]}]}<\/script>\n<!-- \/ Yoast SEO plugin. -->","yoast_head_json":{"title":"Torba \"Paper Straw Hand Made\" Be\u017e, dim. 41x22x35 cm - tzf2611 - DISIMI?","robots":{"index":"index","follow":"follow","max-snippet":"max-snippet:-1","max-image-preview":"max-image-preview:large","max-video-preview":"max-video-preview:-1"},"canonical":"https:\/\/disimi.hr\/de\/produkt\/torba-paper-straw-hand-made-bez-dim-41x22x35-cm-tzf2611\/","og_locale":"de_DE","og_type":"article","og_title":"Torba \"Paper Straw Hand Made\" Be\u017e, dim. 41x22x35 cm - tzf2611 - DISIMI?","og_description":"Torba od ru\u010dno pletenog papira stvorena je za sve koje vole prirodan, opu\u0161ten stil i tra\u017ee prakti\u010dan modni dodatak za svaki dan ili ljetne kombinacije. Materijal: Ru\u010dno pleteni papir koji daje autenti\u010dan \u201eraffia\u201c izgled, s detaljima i ru\u010dkama od poliuretana za ve\u0107u trajnost i jednostavno odr\u017eavanje. Dimenzije: Idealna veli\u010dina za svakodnevne potrebe dim. 41x22x35 cm \u2013 vi\u0161e nego dovoljno prostora za nov\u010danik, mobitel, nao\u010dale, bo\u010dicu vode i sitnice.\u00a0 Torba se zatvara gumb zatvara\u010dem. Dizajn: Podesivi remeni s dekorativnim rupicama omogu\u0107uju udobno no\u0161enje na ramenu, a mekani oblik torbe prilago\u0111ava se sadr\u017eaju koji nosite. Boja: Prirodna natur be\u017e nijansa ru\u010dno pletenog papira u kontrastu s tamnim ru\u010dkama daje torbi moderan, ali i opu\u0161ten izgled koji je lako uklopiti u svaki outfit. Vi\u0161enamjenska: Ova torba je savr\u0161en izbor za sve prilike \u2013 od odlaska na posao, \u0161etnje gradom, kupovine na tr\u017enici, do odlaska na pla\u017eu. Njena prakti\u010dnost i moderan boho izgled \u010dine je neizostavnim dodatkom svake garderobe. Dodajte ovu torbu u svoju kolekciju i naglasite svoj prirodan, le\u017eeran stil!  &nbsp;","og_url":"https:\/\/disimi.hr\/de\/produkt\/torba-paper-straw-hand-made-bez-dim-41x22x35-cm-tzf2611\/","og_site_name":"DISIMI?","article_publisher":"https:\/\/www.facebook.com\/DISIMI.hr\/","article_modified_time":"2026-05-09T07:58:56+00:00","og_image":[{"width":800,"height":800,"url":"https:\/\/disimi.hr\/wp-content\/uploads\/2026\/03\/tzf2611-W.jpg","type":"image\/jpeg"}],"twitter_card":"summary_large_image","twitter_misc":{"Gesch\u00e4tzte Lesezeit":"2\u00a0Minute"},"schema":{"@context":"https:\/\/schema.org","@graph":[{"@type":"WebPage","@id":"https:\/\/disimi.hr\/de\/produkt\/torba-paper-straw-hand-made-bez-dim-41x22x35-cm-tzf2611\/","url":"https:\/\/disimi.hr\/de\/produkt\/torba-paper-straw-hand-made-bez-dim-41x22x35-cm-tzf2611\/","name":"Torba \"Paper Straw Hand Made\" Be\u017e, dim. 41x22x35 cm - tzf2611 - DISIMI?","isPartOf":{"@id":"https:\/\/disimi.hr\/#website"},"primaryImageOfPage":{"@id":"https:\/\/disimi.hr\/de\/produkt\/torba-paper-straw-hand-made-bez-dim-41x22x35-cm-tzf2611\/#primaryimage"},"image":{"@id":"https:\/\/disimi.hr\/de\/produkt\/torba-paper-straw-hand-made-bez-dim-41x22x35-cm-tzf2611\/#primaryimage"},"thumbnailUrl":"https:\/\/disimi.hr\/wp-content\/uploads\/2026\/03\/tzf2611-W.jpg","datePublished":"2026-03-24T12:20:22+00:00","dateModified":"2026-05-09T07:58:56+00:00","breadcrumb":{"@id":"https:\/\/disimi.hr\/de\/produkt\/torba-paper-straw-hand-made-bez-dim-41x22x35-cm-tzf2611\/#breadcrumb"},"inLanguage":"de","potentialAction":[{"@type":"ReadAction","target":["https:\/\/disimi.hr\/de\/produkt\/torba-paper-straw-hand-made-bez-dim-41x22x35-cm-tzf2611\/"]}]},{"@type":"ImageObject","inLanguage":"de","@id":"https:\/\/disimi.hr\/de\/produkt\/torba-paper-straw-hand-made-bez-dim-41x22x35-cm-tzf2611\/#primaryimage","url":"https:\/\/disimi.hr\/wp-content\/uploads\/2026\/03\/tzf2611-W.jpg","contentUrl":"https:\/\/disimi.hr\/wp-content\/uploads\/2026\/03\/tzf2611-W.jpg","width":800,"height":800},{"@type":"BreadcrumbList","@id":"https:\/\/disimi.hr\/de\/produkt\/torba-paper-straw-hand-made-bez-dim-41x22x35-cm-tzf2611\/#breadcrumb","itemListElement":[{"@type":"ListItem","position":1,"name":"Po\u010detna stranica","item":"https:\/\/disimi.hr\/de\/"},{"@type":"ListItem","position":2,"name":"Produkte","item":"https:\/\/disimi.hr\/de\/produkte\/"},{"@type":"ListItem","position":3,"name":"Torba &#8220;Paper Straw Hand Made&#8221; Be\u017e, dim. 41x22x35 cm &#8211; tzf2611"}]},{"@type":"WebSite","@id":"https:\/\/disimi.hr\/#website","url":"https:\/\/disimi.hr\/","name":"DISIMI?","description":"Hrvatski brand i jedinstveni dizajn!","publisher":{"@id":"https:\/\/disimi.hr\/#organization"},"potentialAction":[{"@type":"SearchAction","target":{"@type":"EntryPoint","urlTemplate":"https:\/\/disimi.hr\/?s={search_term_string}"},"query-input":{"@type":"PropertyValueSpecification","valueRequired":true,"valueName":"search_term_string"}}],"inLanguage":"de"},{"@type":"Organization","@id":"https:\/\/disimi.hr\/#organization","name":"DiSiMi?","url":"https:\/\/disimi.hr\/","logo":{"@type":"ImageObject","inLanguage":"de","@id":"https:\/\/disimi.hr\/#\/schema\/logo\/image\/","url":"https:\/\/disimi.hr\/wp-content\/uploads\/2022\/02\/logo2.jpg","contentUrl":"https:\/\/disimi.hr\/wp-content\/uploads\/2022\/02\/logo2.jpg","width":250,"height":79,"caption":"DiSiMi?"},"image":{"@id":"https:\/\/disimi.hr\/#\/schema\/logo\/image\/"},"sameAs":["https:\/\/www.facebook.com\/DISIMI.hr\/","https:\/\/www.instagram.com\/disimi.hr\/"]}]}},"_links":{"self":[{"href":"https:\/\/disimi.hr\/de\/wp-json\/wp\/v2\/product\/131094","targetHints":{"allow":["GET"]}}],"collection":[{"href":"https:\/\/disimi.hr\/de\/wp-json\/wp\/v2\/product"}],"about":[{"href":"https:\/\/disimi.hr\/de\/wp-json\/wp\/v2\/types\/product"}],"wp:featuredmedia":[{"embeddable":true,"href":"https:\/\/disimi.hr\/de\/wp-json\/wp\/v2\/media\/131099"}],"wp:attachment":[{"href":"https:\/\/disimi.hr\/de\/wp-json\/wp\/v2\/media?parent=131094"}],"wp:term":[{"taxonomy":"product_brand","embeddable":true,"href":"https:\/\/disimi.hr\/de\/wp-json\/wp\/v2\/product_brand?post=131094"},{"taxonomy":"product_cat","embeddable":true,"href":"https:\/\/disimi.hr\/de\/wp-json\/wp\/v2\/product_cat?post=131094"},{"taxonomy":"product_tag","embeddable":true,"href":"https:\/\/disimi.hr\/de\/wp-json\/wp\/v2\/product_tag?post=131094"}],"curies":[{"name":"wp","href":"https:\/\/api.w.org\/{rel}","templated":true}]}}