{"id":130941,"date":"2026-03-23T12:21:16","date_gmt":"2026-03-23T11:21:16","guid":{"rendered":"https:\/\/disimi.hr\/?post_type=product&#038;p=130941"},"modified":"2026-03-23T13:00:22","modified_gmt":"2026-03-23T12:00:22","slug":"natikace-povisene-bez-raffia-upper-nzf2611","status":"publish","type":"product","link":"https:\/\/disimi.hr\/de\/produkt\/natikace-povisene-bez-raffia-upper-nzf2611\/","title":{"rendered":"Natika\u010de povi\u0161ene be\u017e &#8220;Raffia Upper&#8221; &#8211; nzf2611"},"content":{"rendered":"<div class=\"wpb-content-wrapper\"><p>[vc_row][vc_column][vc_column_text css=&#8221;&#8221; woodmart_inline=&#8221;no&#8221; text_larger=&#8221;yes&#8221;]<\/p>\n<p style=\"text-align: center;\"><strong class=\"naslov-product-tekst\">Udobnost nikada nije izgledala bolje.<\/strong><\/p>\n<p style=\"text-align: center;\">Dodajte da\u0161ak elegancije i udobnosti svojoj svakodnevnoj obu\u0107i uz ove prekrasne natika\u010de! Dizajnirane za \u017eene koje cijene stil i prakti\u010dnost, ove natika\u010de savr\u0161en su spoj funkcionalnosti i estetike.<\/p>\n<p style=\"text-align: center;\"><strong class=\"naslov-product-tekst\">Ovo ljeto razmazite svoja stopala.<\/strong><\/p>\n<div class=\"product-glavni-tekst\">\n<p style=\"text-align: center;\">\u2714<strong>\u00a0Udobnost je broj 1<\/strong>: Natika\u010de izra\u0111ene od EVA materijala pru\u017eaju izuzetnu udobnost! Savr\u0161en izbor za duge \u0161etnje ili opu\u0161tene trenutke kod ku\u0107e, ove natika\u010de nude optimalnu podr\u0161ku stopalu. Ergonomski oblik omogu\u0107uje prirodan polo\u017eaj stopala, smanjuju\u0107i umor tijekom dana.<\/p>\n<p style=\"text-align: center;\">\u2714<strong>\u00a0\u010cuvaju va\u0161 novac<\/strong>: Iako visokokvalitetne, svojom cijenom zadovoljavaju sva\u010diji bud\u017eet.<\/p>\n<p style=\"text-align: center;\">\u2714<strong>\u00a0Protuklizni potplat<\/strong>: Potplat od EVA materijala omogu\u0107ava Va\u0161im natika\u010dama da dobro prianjaju uz svaku povr\u0161inu.<\/p>\n<p style=\"text-align: center;\">\u2714<strong>\u00a0Moderan dizajn<\/strong>: Kod DiSiMi? natika\u010da nema kompromisa u dizajnu. Natika\u010de jedinstvenog i privla\u010dnog dizajna, privla\u010dne i udobne!<\/p>\n<p style=\"text-align: center;\">\u2714<strong>\u00a0Sna\u017ene,a mekane<\/strong>: Bilo da smo u \u0161etnji uz pla\u017eu ili u u\u017eurbanoj gradskoj atmosferi DiSiMi? natika\u010de savr\u0161eno prianjaju na podlogu i daju osje\u0107aj sigurnosti i slobode pri svakom koraku .<\/p>\n<p>\u2714<strong> U kojim prigodama?<\/strong> Bilo da smo u \u0161etnji uz pla\u017eu ili u u\u017eurbanoj gradskoj atmosferi DiSiMi? natika\u010de savr\u0161eno prianjaju na podlogu i daju osje\u0107aj sigurnosti i slobode pri svakom koraku. Idealan su izbor za ljetne dane, odlazak na pla\u017eu ili casual dru\u017eenja s prijateljima. Kombinirajte ih s lepr\u0161avim haljinama, kratkim hla\u010dama ili trapericama za savr\u0161en izgled.<\/p>\n<\/div>\n<p>[\/vc_column_text][vc_row_inner][vc_column_inner width=&#8221;1\/2&#8243;][vc_single_image image=&#8221;2580&#8243; img_size=&#8221;full&#8221; alignment=&#8221;center&#8221; parallax_scroll=&#8221;no&#8221; woodmart_inline=&#8221;no&#8221;][\/vc_column_inner][vc_column_inner width=&#8221;1\/2&#8243;][vc_single_image image=&#8221;7452&#8243; img_size=&#8221;full&#8221; alignment=&#8221;center&#8221; parallax_scroll=&#8221;no&#8221; woodmart_inline=&#8221;no&#8221;][\/vc_column_inner][\/vc_row_inner][vc_row_inner][vc_column_inner][vc_column_text woodmart_inline=&#8221;no&#8221; text_larger=&#8221;no&#8221;]<\/p>\n<p style=\"text-align: center;\">Pri odabiru va\u0161ih novih DiSiMi? natika\u010da zna\u010dajke na koje trebate paziti su pravi broj, premali nikada nije udoban, prevelik mo\u017ee biti opasan, posebno ako puno hodate po stepenicama. Zato molimo prije narud\u017ebe izmjerite veli\u010dinu svojih stopala i usporedite sa na\u0161om tablicom veli\u010dina.<\/p>\n<div class=\"product-zadnje\">\n<p style=\"text-align: center;\">Na\u0161a garancija: Duboko vjerujemo kako su na\u0161e natika\u010de vrhunske kvalitete i dizajna. Toliko vjerujemo u na\u0161 proizvod da smo sigurni da \u0107e vas odu\u0161eviti. Ukoliko DiSiMi? natika\u010de ne zadovolje va\u0161a o\u010dekivanja mo\u017eete ih vratiti u bilo kojem trenutku a mi \u0107emo vam napraviti puni povrat novca u prvih 30 dana.<\/p>\n<\/div>\n<p>[\/vc_column_text][\/vc_column_inner][\/vc_row_inner][\/vc_column][\/vc_row]<\/p>\n<\/div>","protected":false},"excerpt":{"rendered":"<p>Natika\u010de od EVA materijala za savr\u0161enu udobnost.<\/p>\n<p>Ne propustite priliku da unesete udobnost i stil u svoj svakodnevni \u017eivot \u2013 naru\u010dite svoje natika\u010de ve\u0107 danas!<\/p>\n<div>\n<table border=\"0\" width=\"253\" cellspacing=\"0\" cellpadding=\"0\">\n<tbody>\n<tr>\n<td valign=\"bottom\" nowrap=\"nowrap\" width=\"127\">\n<div>VELI\u010cINA<u><\/u><u><\/u><\/div>\n<\/td>\n<td valign=\"bottom\" nowrap=\"nowrap\" width=\"127\">DULJINA U MILIMETRIMA<\/td>\n<\/tr>\n<tr>\n<td valign=\"bottom\" nowrap=\"nowrap\" width=\"127\">\n<div>35\/36<u><\/u><\/div>\n<\/td>\n<td valign=\"bottom\" nowrap=\"nowrap\" width=\"127\">\n<div>240<\/div>\n<\/td>\n<\/tr>\n<tr>\n<td valign=\"bottom\" nowrap=\"nowrap\" width=\"127\">\n<div>37\/38<u><\/u><\/div>\n<\/td>\n<td valign=\"bottom\" nowrap=\"nowrap\" width=\"127\">\n<div>253<\/div>\n<\/td>\n<\/tr>\n<tr>\n<td valign=\"bottom\" nowrap=\"nowrap\" width=\"127\">\n<div>39\/40<u><\/u><\/div>\n<\/td>\n<td valign=\"bottom\" nowrap=\"nowrap\" width=\"127\">\n<div>266<\/div>\n<\/td>\n<\/tr>\n<tr>\n<td valign=\"bottom\" nowrap=\"nowrap\" width=\"127\">41\/42<\/td>\n<td valign=\"bottom\" nowrap=\"nowrap\" width=\"127\">\n<div>279<\/div>\n<\/td>\n<\/tr>\n<tr>\n<td valign=\"bottom\" nowrap=\"nowrap\" width=\"127\"><\/td>\n<td valign=\"bottom\" nowrap=\"nowrap\" width=\"127\"><\/td>\n<\/tr>\n<\/tbody>\n<\/table>\n<\/div>\n","protected":false},"featured_media":130968,"template":"","meta":[],"product_brand":[],"product_cat":[246,242],"product_tag":[],"class_list":{"0":"post-130941","1":"product","2":"type-product","3":"status-publish","4":"has-post-thumbnail","6":"product_cat-pantoletten","7":"product_cat-sommerschuhe","9":"first","10":"instock","11":"featured","12":"taxable","13":"shipping-taxable","14":"purchasable","15":"product-type-variable"},"yoast_head":"<!-- This site is optimized with the Yoast SEO plugin v27.5 - https:\/\/yoast.com\/product\/yoast-seo-wordpress\/ -->\n<title>Natika\u010de povi\u0161ene be\u017e &quot;Raffia Upper&quot; - nzf2611 - DISIMI?<\/title>\n<meta name=\"robots\" content=\"index, follow, max-snippet:-1, max-image-preview:large, max-video-preview:-1\" \/>\n<link rel=\"canonical\" href=\"https:\/\/disimi.hr\/de\/produkt\/natikace-povisene-bez-raffia-upper-nzf2611\/\" \/>\n<meta property=\"og:locale\" content=\"de_DE\" \/>\n<meta property=\"og:type\" content=\"article\" \/>\n<meta property=\"og:title\" content=\"Natika\u010de povi\u0161ene be\u017e &quot;Raffia Upper&quot; - nzf2611 - DISIMI?\" \/>\n<meta property=\"og:description\" content=\"Natika\u010de od EVA materijala za savr\u0161enu udobnost.  Ne propustite priliku da unesete udobnost i stil u svoj svakodnevni \u017eivot \u2013 naru\u010dite svoje natika\u010de ve\u0107 danas!      VELI\u010cINA DULJINA U MILIMETRIMA    35\/36  240    37\/38  253    39\/40  266   41\/42  279\" \/>\n<meta property=\"og:url\" content=\"https:\/\/disimi.hr\/de\/produkt\/natikace-povisene-bez-raffia-upper-nzf2611\/\" \/>\n<meta property=\"og:site_name\" content=\"DISIMI?\" \/>\n<meta property=\"article:publisher\" content=\"https:\/\/www.facebook.com\/DISIMI.hr\/\" \/>\n<meta property=\"article:modified_time\" content=\"2026-03-23T12:00:22+00:00\" \/>\n<meta property=\"og:image\" content=\"https:\/\/disimi.hr\/wp-content\/uploads\/2026\/03\/nzf2611-W.jpg\" \/>\n\t<meta property=\"og:image:width\" content=\"800\" \/>\n\t<meta property=\"og:image:height\" content=\"800\" \/>\n\t<meta property=\"og:image:type\" content=\"image\/jpeg\" \/>\n<meta name=\"twitter:card\" content=\"summary_large_image\" \/>\n<meta name=\"twitter:label1\" content=\"Gesch\u00e4tzte Lesezeit\" \/>\n\t<meta name=\"twitter:data1\" content=\"3\u00a0Minute\" \/>\n<script type=\"application\/ld+json\" class=\"yoast-schema-graph\">{\"@context\":\"https:\\\/\\\/schema.org\",\"@graph\":[{\"@type\":\"WebPage\",\"@id\":\"https:\\\/\\\/disimi.hr\\\/de\\\/produkt\\\/natikace-povisene-bez-raffia-upper-nzf2611\\\/\",\"url\":\"https:\\\/\\\/disimi.hr\\\/de\\\/produkt\\\/natikace-povisene-bez-raffia-upper-nzf2611\\\/\",\"name\":\"Natika\u010de povi\u0161ene be\u017e \\\"Raffia Upper\\\" - nzf2611 - DISIMI?\",\"isPartOf\":{\"@id\":\"https:\\\/\\\/disimi.hr\\\/#website\"},\"primaryImageOfPage\":{\"@id\":\"https:\\\/\\\/disimi.hr\\\/de\\\/produkt\\\/natikace-povisene-bez-raffia-upper-nzf2611\\\/#primaryimage\"},\"image\":{\"@id\":\"https:\\\/\\\/disimi.hr\\\/de\\\/produkt\\\/natikace-povisene-bez-raffia-upper-nzf2611\\\/#primaryimage\"},\"thumbnailUrl\":\"https:\\\/\\\/disimi.hr\\\/wp-content\\\/uploads\\\/2026\\\/03\\\/nzf2611-W.jpg\",\"datePublished\":\"2026-03-23T11:21:16+00:00\",\"dateModified\":\"2026-03-23T12:00:22+00:00\",\"breadcrumb\":{\"@id\":\"https:\\\/\\\/disimi.hr\\\/de\\\/produkt\\\/natikace-povisene-bez-raffia-upper-nzf2611\\\/#breadcrumb\"},\"inLanguage\":\"de\",\"potentialAction\":[{\"@type\":\"ReadAction\",\"target\":[\"https:\\\/\\\/disimi.hr\\\/de\\\/produkt\\\/natikace-povisene-bez-raffia-upper-nzf2611\\\/\"]}]},{\"@type\":\"ImageObject\",\"inLanguage\":\"de\",\"@id\":\"https:\\\/\\\/disimi.hr\\\/de\\\/produkt\\\/natikace-povisene-bez-raffia-upper-nzf2611\\\/#primaryimage\",\"url\":\"https:\\\/\\\/disimi.hr\\\/wp-content\\\/uploads\\\/2026\\\/03\\\/nzf2611-W.jpg\",\"contentUrl\":\"https:\\\/\\\/disimi.hr\\\/wp-content\\\/uploads\\\/2026\\\/03\\\/nzf2611-W.jpg\",\"width\":800,\"height\":800},{\"@type\":\"BreadcrumbList\",\"@id\":\"https:\\\/\\\/disimi.hr\\\/de\\\/produkt\\\/natikace-povisene-bez-raffia-upper-nzf2611\\\/#breadcrumb\",\"itemListElement\":[{\"@type\":\"ListItem\",\"position\":1,\"name\":\"Po\u010detna stranica\",\"item\":\"https:\\\/\\\/disimi.hr\\\/de\\\/\"},{\"@type\":\"ListItem\",\"position\":2,\"name\":\"Produkte\",\"item\":\"https:\\\/\\\/disimi.hr\\\/de\\\/produkte\\\/\"},{\"@type\":\"ListItem\",\"position\":3,\"name\":\"Natika\u010de povi\u0161ene be\u017e &#8220;Raffia Upper&#8221; &#8211; nzf2611\"}]},{\"@type\":\"WebSite\",\"@id\":\"https:\\\/\\\/disimi.hr\\\/#website\",\"url\":\"https:\\\/\\\/disimi.hr\\\/\",\"name\":\"DISIMI?\",\"description\":\"Hrvatski brand i jedinstveni dizajn!\",\"publisher\":{\"@id\":\"https:\\\/\\\/disimi.hr\\\/#organization\"},\"potentialAction\":[{\"@type\":\"SearchAction\",\"target\":{\"@type\":\"EntryPoint\",\"urlTemplate\":\"https:\\\/\\\/disimi.hr\\\/?s={search_term_string}\"},\"query-input\":{\"@type\":\"PropertyValueSpecification\",\"valueRequired\":true,\"valueName\":\"search_term_string\"}}],\"inLanguage\":\"de\"},{\"@type\":\"Organization\",\"@id\":\"https:\\\/\\\/disimi.hr\\\/#organization\",\"name\":\"DiSiMi?\",\"url\":\"https:\\\/\\\/disimi.hr\\\/\",\"logo\":{\"@type\":\"ImageObject\",\"inLanguage\":\"de\",\"@id\":\"https:\\\/\\\/disimi.hr\\\/#\\\/schema\\\/logo\\\/image\\\/\",\"url\":\"https:\\\/\\\/disimi.hr\\\/wp-content\\\/uploads\\\/2022\\\/02\\\/logo2.jpg\",\"contentUrl\":\"https:\\\/\\\/disimi.hr\\\/wp-content\\\/uploads\\\/2022\\\/02\\\/logo2.jpg\",\"width\":250,\"height\":79,\"caption\":\"DiSiMi?\"},\"image\":{\"@id\":\"https:\\\/\\\/disimi.hr\\\/#\\\/schema\\\/logo\\\/image\\\/\"},\"sameAs\":[\"https:\\\/\\\/www.facebook.com\\\/DISIMI.hr\\\/\",\"https:\\\/\\\/www.instagram.com\\\/disimi.hr\\\/\"]}]}<\/script>\n<!-- \/ Yoast SEO plugin. -->","yoast_head_json":{"title":"Natika\u010de povi\u0161ene be\u017e \"Raffia Upper\" - nzf2611 - DISIMI?","robots":{"index":"index","follow":"follow","max-snippet":"max-snippet:-1","max-image-preview":"max-image-preview:large","max-video-preview":"max-video-preview:-1"},"canonical":"https:\/\/disimi.hr\/de\/produkt\/natikace-povisene-bez-raffia-upper-nzf2611\/","og_locale":"de_DE","og_type":"article","og_title":"Natika\u010de povi\u0161ene be\u017e \"Raffia Upper\" - nzf2611 - DISIMI?","og_description":"Natika\u010de od EVA materijala za savr\u0161enu udobnost.  Ne propustite priliku da unesete udobnost i stil u svoj svakodnevni \u017eivot \u2013 naru\u010dite svoje natika\u010de ve\u0107 danas!      VELI\u010cINA DULJINA U MILIMETRIMA    35\/36  240    37\/38  253    39\/40  266   41\/42  279","og_url":"https:\/\/disimi.hr\/de\/produkt\/natikace-povisene-bez-raffia-upper-nzf2611\/","og_site_name":"DISIMI?","article_publisher":"https:\/\/www.facebook.com\/DISIMI.hr\/","article_modified_time":"2026-03-23T12:00:22+00:00","og_image":[{"width":800,"height":800,"url":"https:\/\/disimi.hr\/wp-content\/uploads\/2026\/03\/nzf2611-W.jpg","type":"image\/jpeg"}],"twitter_card":"summary_large_image","twitter_misc":{"Gesch\u00e4tzte Lesezeit":"3\u00a0Minute"},"schema":{"@context":"https:\/\/schema.org","@graph":[{"@type":"WebPage","@id":"https:\/\/disimi.hr\/de\/produkt\/natikace-povisene-bez-raffia-upper-nzf2611\/","url":"https:\/\/disimi.hr\/de\/produkt\/natikace-povisene-bez-raffia-upper-nzf2611\/","name":"Natika\u010de povi\u0161ene be\u017e \"Raffia Upper\" - nzf2611 - DISIMI?","isPartOf":{"@id":"https:\/\/disimi.hr\/#website"},"primaryImageOfPage":{"@id":"https:\/\/disimi.hr\/de\/produkt\/natikace-povisene-bez-raffia-upper-nzf2611\/#primaryimage"},"image":{"@id":"https:\/\/disimi.hr\/de\/produkt\/natikace-povisene-bez-raffia-upper-nzf2611\/#primaryimage"},"thumbnailUrl":"https:\/\/disimi.hr\/wp-content\/uploads\/2026\/03\/nzf2611-W.jpg","datePublished":"2026-03-23T11:21:16+00:00","dateModified":"2026-03-23T12:00:22+00:00","breadcrumb":{"@id":"https:\/\/disimi.hr\/de\/produkt\/natikace-povisene-bez-raffia-upper-nzf2611\/#breadcrumb"},"inLanguage":"de","potentialAction":[{"@type":"ReadAction","target":["https:\/\/disimi.hr\/de\/produkt\/natikace-povisene-bez-raffia-upper-nzf2611\/"]}]},{"@type":"ImageObject","inLanguage":"de","@id":"https:\/\/disimi.hr\/de\/produkt\/natikace-povisene-bez-raffia-upper-nzf2611\/#primaryimage","url":"https:\/\/disimi.hr\/wp-content\/uploads\/2026\/03\/nzf2611-W.jpg","contentUrl":"https:\/\/disimi.hr\/wp-content\/uploads\/2026\/03\/nzf2611-W.jpg","width":800,"height":800},{"@type":"BreadcrumbList","@id":"https:\/\/disimi.hr\/de\/produkt\/natikace-povisene-bez-raffia-upper-nzf2611\/#breadcrumb","itemListElement":[{"@type":"ListItem","position":1,"name":"Po\u010detna stranica","item":"https:\/\/disimi.hr\/de\/"},{"@type":"ListItem","position":2,"name":"Produkte","item":"https:\/\/disimi.hr\/de\/produkte\/"},{"@type":"ListItem","position":3,"name":"Natika\u010de povi\u0161ene be\u017e &#8220;Raffia Upper&#8221; &#8211; nzf2611"}]},{"@type":"WebSite","@id":"https:\/\/disimi.hr\/#website","url":"https:\/\/disimi.hr\/","name":"DISIMI?","description":"Hrvatski brand i jedinstveni dizajn!","publisher":{"@id":"https:\/\/disimi.hr\/#organization"},"potentialAction":[{"@type":"SearchAction","target":{"@type":"EntryPoint","urlTemplate":"https:\/\/disimi.hr\/?s={search_term_string}"},"query-input":{"@type":"PropertyValueSpecification","valueRequired":true,"valueName":"search_term_string"}}],"inLanguage":"de"},{"@type":"Organization","@id":"https:\/\/disimi.hr\/#organization","name":"DiSiMi?","url":"https:\/\/disimi.hr\/","logo":{"@type":"ImageObject","inLanguage":"de","@id":"https:\/\/disimi.hr\/#\/schema\/logo\/image\/","url":"https:\/\/disimi.hr\/wp-content\/uploads\/2022\/02\/logo2.jpg","contentUrl":"https:\/\/disimi.hr\/wp-content\/uploads\/2022\/02\/logo2.jpg","width":250,"height":79,"caption":"DiSiMi?"},"image":{"@id":"https:\/\/disimi.hr\/#\/schema\/logo\/image\/"},"sameAs":["https:\/\/www.facebook.com\/DISIMI.hr\/","https:\/\/www.instagram.com\/disimi.hr\/"]}]}},"_links":{"self":[{"href":"https:\/\/disimi.hr\/de\/wp-json\/wp\/v2\/product\/130941","targetHints":{"allow":["GET"]}}],"collection":[{"href":"https:\/\/disimi.hr\/de\/wp-json\/wp\/v2\/product"}],"about":[{"href":"https:\/\/disimi.hr\/de\/wp-json\/wp\/v2\/types\/product"}],"wp:featuredmedia":[{"embeddable":true,"href":"https:\/\/disimi.hr\/de\/wp-json\/wp\/v2\/media\/130968"}],"wp:attachment":[{"href":"https:\/\/disimi.hr\/de\/wp-json\/wp\/v2\/media?parent=130941"}],"wp:term":[{"taxonomy":"product_brand","embeddable":true,"href":"https:\/\/disimi.hr\/de\/wp-json\/wp\/v2\/product_brand?post=130941"},{"taxonomy":"product_cat","embeddable":true,"href":"https:\/\/disimi.hr\/de\/wp-json\/wp\/v2\/product_cat?post=130941"},{"taxonomy":"product_tag","embeddable":true,"href":"https:\/\/disimi.hr\/de\/wp-json\/wp\/v2\/product_tag?post=130941"}],"curies":[{"name":"wp","href":"https:\/\/api.w.org\/{rel}","templated":true}]}}