{"id":130605,"date":"2026-03-23T10:59:25","date_gmt":"2026-03-23T09:59:25","guid":{"rendered":"https:\/\/disimi.hr\/?post_type=product&#038;p=130605"},"modified":"2026-03-23T11:04:05","modified_gmt":"2026-03-23T10:04:05","slug":"natikace-sa-dvije-trake-smede-nzf2600","status":"publish","type":"product","link":"https:\/\/disimi.hr\/de\/produkt\/natikace-sa-dvije-trake-smede-nzf2600\/","title":{"rendered":"Natikac\u030ce sa dvije trake &#8220;Sme\u0111e&#8221;- nzf2600"},"content":{"rendered":"<div class=\"wpb-content-wrapper\"><p>[vc_row][vc_column][vc_row_inner][vc_column_inner width=&#8221;1\/2&#8243;][vc_single_image image=&#8221;2580&#8243; img_size=&#8221;full&#8221; alignment=&#8221;center&#8221; parallax_scroll=&#8221;no&#8221; woodmart_inline=&#8221;no&#8221;][\/vc_column_inner][vc_column_inner width=&#8221;1\/2&#8243;][vc_single_image image=&#8221;7452&#8243; img_size=&#8221;full&#8221; alignment=&#8221;center&#8221; parallax_scroll=&#8221;no&#8221; woodmart_inline=&#8221;no&#8221;][\/vc_column_inner][\/vc_row_inner][vc_row_inner][vc_column_inner][vc_column_text woodmart_inline=&#8221;no&#8221; text_larger=&#8221;no&#8221;]<\/p>\n<p style=\"text-align: center;\">Pri odabiru va\u0161ih novih DiSiMi? natika\u010da zna\u010dajke na koje trebate paziti su pravi broj, premali nikada nije udoban, prevelik mo\u017ee biti opasan, posebno ako puno hodate po stepenicama. Zato molimo prije narud\u017ebe izmjerite veli\u010dinu svojih stopala i usporedite sa na\u0161om tablicom veli\u010dina.<\/p>\n<div class=\"product-zadnje\">\n<p style=\"text-align: center;\">Na\u0161a garancija: Duboko vjerujemo kako su na\u0161e natika\u010de vrhunske kvalitete i dizajna. Toliko vjerujemo u na\u0161 proizvod da smo sigurni da \u0107e vas odu\u0161eviti. Ukoliko DiSiMi? natika\u010de ne zadovolje va\u0161a o\u010dekivanja mo\u017eete ih vratiti u bilo kojem trenutku a mi \u0107emo vam napraviti puni povrat novca u prvih 30 dana.<\/p>\n<\/div>\n<p>[\/vc_column_text][\/vc_column_inner][\/vc_row_inner][\/vc_column][\/vc_row]<\/p>\n<\/div>","protected":false},"excerpt":{"rendered":"<p>Dodajte eleganciju i udobnost svojoj obu\u0107i s ovim sofisticiranim natika\u010dama s dvije trake! Njihov minimalisti\u010dki dizajn u sme\u0111oj boji s upe\u010datljivim zlatnim kop\u010dama \u010dini ih savr\u0161enim izborom za svaku priliku \u2013 od svakodnevnih \u0161etnji do le\u017eernih ve\u010dernjih izlazaka. Ove natika\u010de idealan su spoj stila i funkcionalnosti \u2013 neophodan dodatak za modernu \u017eenu koja cijeni udobnost bez kompromisa na estetici!<\/p>\n<p>Udobne i efektne, natika\u010de su jedan od klju\u010dnih modela cipela za one najtoplije proljetne i ljetne dane. Nje\u017eni tonovi, visoka peta, udobnost &#8211; dobitna ljetna kombinacija! Gornji\u0161te je izra\u0111eno od obra\u0111ene eko ko\u017ee, ispod PU tabanice je sloj memorijske pjene za savr\u0161enu udobnost. Potplat je izra\u0111en u kombinaciji\u00a0 EVA materijala\u00a0 i gume.<\/p>\n<p>Savr\u0161ene za kombiniranje s ljetnim haljinama, elegantnim hla\u010dama ili omiljenim trapericama, ove natika\u010de \u0107e postati va\u0161 omiljeni saveznik za svaki dan!<\/p>\n<table style=\"height: 214px;\" border=\"0\" width=\"252\" cellspacing=\"0\" cellpadding=\"0\">\n<tbody>\n<tr>\n<td valign=\"bottom\" nowrap=\"nowrap\" width=\"127\">\n<div>VELI\u010cINA<u><\/u><u><\/u><\/div>\n<\/td>\n<td valign=\"bottom\" nowrap=\"nowrap\" width=\"127\">DULJINA U MILIMETRIMA<\/td>\n<\/tr>\n<tr>\n<td valign=\"bottom\" nowrap=\"nowrap\" width=\"127\">\n<div>37<u><\/u><\/div>\n<\/td>\n<td valign=\"bottom\" nowrap=\"nowrap\" width=\"127\">\n<div>240<\/div>\n<\/td>\n<\/tr>\n<tr>\n<td valign=\"bottom\" nowrap=\"nowrap\" width=\"127\">\n<div>38<u><\/u><\/div>\n<\/td>\n<td valign=\"bottom\" nowrap=\"nowrap\" width=\"127\">\n<div>245<\/div>\n<\/td>\n<\/tr>\n<tr>\n<td valign=\"bottom\" nowrap=\"nowrap\" width=\"127\">\n<div>39<u><\/u><\/div>\n<\/td>\n<td valign=\"bottom\" nowrap=\"nowrap\" width=\"127\">\n<div>250<\/div>\n<\/td>\n<\/tr>\n<tr>\n<td valign=\"bottom\" nowrap=\"nowrap\" width=\"127\">40<\/td>\n<td valign=\"bottom\" nowrap=\"nowrap\" width=\"127\">\n<div>260<\/div>\n<\/td>\n<\/tr>\n<tr>\n<td valign=\"bottom\" nowrap=\"nowrap\" width=\"127\">\n<div>41<u><\/u><\/div>\n<\/td>\n<td valign=\"bottom\" nowrap=\"nowrap\" width=\"127\">\n<div>267<\/div>\n<\/td>\n<\/tr>\n<tr>\n<td valign=\"bottom\" nowrap=\"nowrap\" width=\"127\">\n<div>42<u><\/u><\/div>\n<\/td>\n<td valign=\"bottom\" nowrap=\"nowrap\" width=\"127\">\n<div>272<\/div>\n<\/td>\n<\/tr>\n<\/tbody>\n<\/table>\n","protected":false},"featured_media":130633,"template":"","meta":[],"product_brand":[],"product_cat":[246,242],"product_tag":[],"class_list":{"0":"post-130605","1":"product","2":"type-product","3":"status-publish","4":"has-post-thumbnail","6":"product_cat-pantoletten","7":"product_cat-sommerschuhe","9":"first","10":"instock","11":"featured","12":"taxable","13":"shipping-taxable","14":"purchasable","15":"product-type-variable"},"yoast_head":"<!-- This site is optimized with the Yoast SEO plugin v27.5 - https:\/\/yoast.com\/product\/yoast-seo-wordpress\/ -->\n<title>Natikac\u030ce sa dvije trake &quot;Sme\u0111e&quot;- nzf2600 - DISIMI?<\/title>\n<meta name=\"robots\" content=\"index, follow, max-snippet:-1, max-image-preview:large, max-video-preview:-1\" \/>\n<link rel=\"canonical\" href=\"https:\/\/disimi.hr\/de\/produkt\/natikace-sa-dvije-trake-smede-nzf2600\/\" \/>\n<meta property=\"og:locale\" content=\"de_DE\" \/>\n<meta property=\"og:type\" content=\"article\" \/>\n<meta property=\"og:title\" content=\"Natikac\u030ce sa dvije trake &quot;Sme\u0111e&quot;- nzf2600 - DISIMI?\" \/>\n<meta property=\"og:description\" content=\"Dodajte eleganciju i udobnost svojoj obu\u0107i s ovim sofisticiranim natika\u010dama s dvije trake! Njihov minimalisti\u010dki dizajn u sme\u0111oj boji s upe\u010datljivim zlatnim kop\u010dama \u010dini ih savr\u0161enim izborom za svaku priliku \u2013 od svakodnevnih \u0161etnji do le\u017eernih ve\u010dernjih izlazaka. Ove natika\u010de idealan su spoj stila i funkcionalnosti \u2013 neophodan dodatak za modernu \u017eenu koja cijeni udobnost bez kompromisa na estetici!  Udobne i efektne, natika\u010de su jedan od klju\u010dnih modela cipela za one najtoplije proljetne i ljetne dane. Nje\u017eni tonovi, visoka peta, udobnost - dobitna ljetna kombinacija! Gornji\u0161te je izra\u0111eno od obra\u0111ene eko ko\u017ee, ispod PU tabanice je sloj memorijske pjene za savr\u0161enu udobnost. Potplat je izra\u0111en u kombinaciji\u00a0 EVA materijala\u00a0 i gume.  Savr\u0161ene za kombiniranje s ljetnim haljinama, elegantnim hla\u010dama ili omiljenim trapericama, ove natika\u010de \u0107e postati va\u0161 omiljeni saveznik za svaki dan!     VELI\u010cINA DULJINA U MILIMETRIMA    37  240    38  245    39  250   40  260    41  267    42  272\" \/>\n<meta property=\"og:url\" content=\"https:\/\/disimi.hr\/de\/produkt\/natikace-sa-dvije-trake-smede-nzf2600\/\" \/>\n<meta property=\"og:site_name\" content=\"DISIMI?\" \/>\n<meta property=\"article:publisher\" content=\"https:\/\/www.facebook.com\/DISIMI.hr\/\" \/>\n<meta property=\"article:modified_time\" content=\"2026-03-23T10:04:05+00:00\" \/>\n<meta property=\"og:image\" content=\"https:\/\/disimi.hr\/wp-content\/uploads\/2026\/03\/nzf2600-W.jpg\" \/>\n\t<meta property=\"og:image:width\" content=\"800\" \/>\n\t<meta property=\"og:image:height\" content=\"800\" \/>\n\t<meta property=\"og:image:type\" content=\"image\/jpeg\" \/>\n<meta name=\"twitter:card\" content=\"summary_large_image\" \/>\n<meta name=\"twitter:label1\" content=\"Gesch\u00e4tzte Lesezeit\" \/>\n\t<meta name=\"twitter:data1\" content=\"2\u00a0Minute\" \/>\n<script type=\"application\/ld+json\" class=\"yoast-schema-graph\">{\"@context\":\"https:\\\/\\\/schema.org\",\"@graph\":[{\"@type\":\"WebPage\",\"@id\":\"https:\\\/\\\/disimi.hr\\\/de\\\/produkt\\\/natikace-sa-dvije-trake-smede-nzf2600\\\/\",\"url\":\"https:\\\/\\\/disimi.hr\\\/de\\\/produkt\\\/natikace-sa-dvije-trake-smede-nzf2600\\\/\",\"name\":\"Natikac\u030ce sa dvije trake \\\"Sme\u0111e\\\"- nzf2600 - DISIMI?\",\"isPartOf\":{\"@id\":\"https:\\\/\\\/disimi.hr\\\/#website\"},\"primaryImageOfPage\":{\"@id\":\"https:\\\/\\\/disimi.hr\\\/de\\\/produkt\\\/natikace-sa-dvije-trake-smede-nzf2600\\\/#primaryimage\"},\"image\":{\"@id\":\"https:\\\/\\\/disimi.hr\\\/de\\\/produkt\\\/natikace-sa-dvije-trake-smede-nzf2600\\\/#primaryimage\"},\"thumbnailUrl\":\"https:\\\/\\\/disimi.hr\\\/wp-content\\\/uploads\\\/2026\\\/03\\\/nzf2600-W.jpg\",\"datePublished\":\"2026-03-23T09:59:25+00:00\",\"dateModified\":\"2026-03-23T10:04:05+00:00\",\"breadcrumb\":{\"@id\":\"https:\\\/\\\/disimi.hr\\\/de\\\/produkt\\\/natikace-sa-dvije-trake-smede-nzf2600\\\/#breadcrumb\"},\"inLanguage\":\"de\",\"potentialAction\":[{\"@type\":\"ReadAction\",\"target\":[\"https:\\\/\\\/disimi.hr\\\/de\\\/produkt\\\/natikace-sa-dvije-trake-smede-nzf2600\\\/\"]}]},{\"@type\":\"ImageObject\",\"inLanguage\":\"de\",\"@id\":\"https:\\\/\\\/disimi.hr\\\/de\\\/produkt\\\/natikace-sa-dvije-trake-smede-nzf2600\\\/#primaryimage\",\"url\":\"https:\\\/\\\/disimi.hr\\\/wp-content\\\/uploads\\\/2026\\\/03\\\/nzf2600-W.jpg\",\"contentUrl\":\"https:\\\/\\\/disimi.hr\\\/wp-content\\\/uploads\\\/2026\\\/03\\\/nzf2600-W.jpg\",\"width\":800,\"height\":800},{\"@type\":\"BreadcrumbList\",\"@id\":\"https:\\\/\\\/disimi.hr\\\/de\\\/produkt\\\/natikace-sa-dvije-trake-smede-nzf2600\\\/#breadcrumb\",\"itemListElement\":[{\"@type\":\"ListItem\",\"position\":1,\"name\":\"Po\u010detna stranica\",\"item\":\"https:\\\/\\\/disimi.hr\\\/de\\\/\"},{\"@type\":\"ListItem\",\"position\":2,\"name\":\"Produkte\",\"item\":\"https:\\\/\\\/disimi.hr\\\/de\\\/produkte\\\/\"},{\"@type\":\"ListItem\",\"position\":3,\"name\":\"Natikac\u030ce sa dvije trake &#8220;Sme\u0111e&#8221;- nzf2600\"}]},{\"@type\":\"WebSite\",\"@id\":\"https:\\\/\\\/disimi.hr\\\/#website\",\"url\":\"https:\\\/\\\/disimi.hr\\\/\",\"name\":\"DISIMI?\",\"description\":\"Hrvatski brand i jedinstveni dizajn!\",\"publisher\":{\"@id\":\"https:\\\/\\\/disimi.hr\\\/#organization\"},\"potentialAction\":[{\"@type\":\"SearchAction\",\"target\":{\"@type\":\"EntryPoint\",\"urlTemplate\":\"https:\\\/\\\/disimi.hr\\\/?s={search_term_string}\"},\"query-input\":{\"@type\":\"PropertyValueSpecification\",\"valueRequired\":true,\"valueName\":\"search_term_string\"}}],\"inLanguage\":\"de\"},{\"@type\":\"Organization\",\"@id\":\"https:\\\/\\\/disimi.hr\\\/#organization\",\"name\":\"DiSiMi?\",\"url\":\"https:\\\/\\\/disimi.hr\\\/\",\"logo\":{\"@type\":\"ImageObject\",\"inLanguage\":\"de\",\"@id\":\"https:\\\/\\\/disimi.hr\\\/#\\\/schema\\\/logo\\\/image\\\/\",\"url\":\"https:\\\/\\\/disimi.hr\\\/wp-content\\\/uploads\\\/2022\\\/02\\\/logo2.jpg\",\"contentUrl\":\"https:\\\/\\\/disimi.hr\\\/wp-content\\\/uploads\\\/2022\\\/02\\\/logo2.jpg\",\"width\":250,\"height\":79,\"caption\":\"DiSiMi?\"},\"image\":{\"@id\":\"https:\\\/\\\/disimi.hr\\\/#\\\/schema\\\/logo\\\/image\\\/\"},\"sameAs\":[\"https:\\\/\\\/www.facebook.com\\\/DISIMI.hr\\\/\",\"https:\\\/\\\/www.instagram.com\\\/disimi.hr\\\/\"]}]}<\/script>\n<!-- \/ Yoast SEO plugin. -->","yoast_head_json":{"title":"Natikac\u030ce sa dvije trake \"Sme\u0111e\"- nzf2600 - DISIMI?","robots":{"index":"index","follow":"follow","max-snippet":"max-snippet:-1","max-image-preview":"max-image-preview:large","max-video-preview":"max-video-preview:-1"},"canonical":"https:\/\/disimi.hr\/de\/produkt\/natikace-sa-dvije-trake-smede-nzf2600\/","og_locale":"de_DE","og_type":"article","og_title":"Natikac\u030ce sa dvije trake \"Sme\u0111e\"- nzf2600 - DISIMI?","og_description":"Dodajte eleganciju i udobnost svojoj obu\u0107i s ovim sofisticiranim natika\u010dama s dvije trake! Njihov minimalisti\u010dki dizajn u sme\u0111oj boji s upe\u010datljivim zlatnim kop\u010dama \u010dini ih savr\u0161enim izborom za svaku priliku \u2013 od svakodnevnih \u0161etnji do le\u017eernih ve\u010dernjih izlazaka. Ove natika\u010de idealan su spoj stila i funkcionalnosti \u2013 neophodan dodatak za modernu \u017eenu koja cijeni udobnost bez kompromisa na estetici!  Udobne i efektne, natika\u010de su jedan od klju\u010dnih modela cipela za one najtoplije proljetne i ljetne dane. Nje\u017eni tonovi, visoka peta, udobnost - dobitna ljetna kombinacija! Gornji\u0161te je izra\u0111eno od obra\u0111ene eko ko\u017ee, ispod PU tabanice je sloj memorijske pjene za savr\u0161enu udobnost. Potplat je izra\u0111en u kombinaciji\u00a0 EVA materijala\u00a0 i gume.  Savr\u0161ene za kombiniranje s ljetnim haljinama, elegantnim hla\u010dama ili omiljenim trapericama, ove natika\u010de \u0107e postati va\u0161 omiljeni saveznik za svaki dan!     VELI\u010cINA DULJINA U MILIMETRIMA    37  240    38  245    39  250   40  260    41  267    42  272","og_url":"https:\/\/disimi.hr\/de\/produkt\/natikace-sa-dvije-trake-smede-nzf2600\/","og_site_name":"DISIMI?","article_publisher":"https:\/\/www.facebook.com\/DISIMI.hr\/","article_modified_time":"2026-03-23T10:04:05+00:00","og_image":[{"width":800,"height":800,"url":"https:\/\/disimi.hr\/wp-content\/uploads\/2026\/03\/nzf2600-W.jpg","type":"image\/jpeg"}],"twitter_card":"summary_large_image","twitter_misc":{"Gesch\u00e4tzte Lesezeit":"2\u00a0Minute"},"schema":{"@context":"https:\/\/schema.org","@graph":[{"@type":"WebPage","@id":"https:\/\/disimi.hr\/de\/produkt\/natikace-sa-dvije-trake-smede-nzf2600\/","url":"https:\/\/disimi.hr\/de\/produkt\/natikace-sa-dvije-trake-smede-nzf2600\/","name":"Natikac\u030ce sa dvije trake \"Sme\u0111e\"- nzf2600 - DISIMI?","isPartOf":{"@id":"https:\/\/disimi.hr\/#website"},"primaryImageOfPage":{"@id":"https:\/\/disimi.hr\/de\/produkt\/natikace-sa-dvije-trake-smede-nzf2600\/#primaryimage"},"image":{"@id":"https:\/\/disimi.hr\/de\/produkt\/natikace-sa-dvije-trake-smede-nzf2600\/#primaryimage"},"thumbnailUrl":"https:\/\/disimi.hr\/wp-content\/uploads\/2026\/03\/nzf2600-W.jpg","datePublished":"2026-03-23T09:59:25+00:00","dateModified":"2026-03-23T10:04:05+00:00","breadcrumb":{"@id":"https:\/\/disimi.hr\/de\/produkt\/natikace-sa-dvije-trake-smede-nzf2600\/#breadcrumb"},"inLanguage":"de","potentialAction":[{"@type":"ReadAction","target":["https:\/\/disimi.hr\/de\/produkt\/natikace-sa-dvije-trake-smede-nzf2600\/"]}]},{"@type":"ImageObject","inLanguage":"de","@id":"https:\/\/disimi.hr\/de\/produkt\/natikace-sa-dvije-trake-smede-nzf2600\/#primaryimage","url":"https:\/\/disimi.hr\/wp-content\/uploads\/2026\/03\/nzf2600-W.jpg","contentUrl":"https:\/\/disimi.hr\/wp-content\/uploads\/2026\/03\/nzf2600-W.jpg","width":800,"height":800},{"@type":"BreadcrumbList","@id":"https:\/\/disimi.hr\/de\/produkt\/natikace-sa-dvije-trake-smede-nzf2600\/#breadcrumb","itemListElement":[{"@type":"ListItem","position":1,"name":"Po\u010detna stranica","item":"https:\/\/disimi.hr\/de\/"},{"@type":"ListItem","position":2,"name":"Produkte","item":"https:\/\/disimi.hr\/de\/produkte\/"},{"@type":"ListItem","position":3,"name":"Natikac\u030ce sa dvije trake &#8220;Sme\u0111e&#8221;- nzf2600"}]},{"@type":"WebSite","@id":"https:\/\/disimi.hr\/#website","url":"https:\/\/disimi.hr\/","name":"DISIMI?","description":"Hrvatski brand i jedinstveni dizajn!","publisher":{"@id":"https:\/\/disimi.hr\/#organization"},"potentialAction":[{"@type":"SearchAction","target":{"@type":"EntryPoint","urlTemplate":"https:\/\/disimi.hr\/?s={search_term_string}"},"query-input":{"@type":"PropertyValueSpecification","valueRequired":true,"valueName":"search_term_string"}}],"inLanguage":"de"},{"@type":"Organization","@id":"https:\/\/disimi.hr\/#organization","name":"DiSiMi?","url":"https:\/\/disimi.hr\/","logo":{"@type":"ImageObject","inLanguage":"de","@id":"https:\/\/disimi.hr\/#\/schema\/logo\/image\/","url":"https:\/\/disimi.hr\/wp-content\/uploads\/2022\/02\/logo2.jpg","contentUrl":"https:\/\/disimi.hr\/wp-content\/uploads\/2022\/02\/logo2.jpg","width":250,"height":79,"caption":"DiSiMi?"},"image":{"@id":"https:\/\/disimi.hr\/#\/schema\/logo\/image\/"},"sameAs":["https:\/\/www.facebook.com\/DISIMI.hr\/","https:\/\/www.instagram.com\/disimi.hr\/"]}]}},"_links":{"self":[{"href":"https:\/\/disimi.hr\/de\/wp-json\/wp\/v2\/product\/130605","targetHints":{"allow":["GET"]}}],"collection":[{"href":"https:\/\/disimi.hr\/de\/wp-json\/wp\/v2\/product"}],"about":[{"href":"https:\/\/disimi.hr\/de\/wp-json\/wp\/v2\/types\/product"}],"wp:featuredmedia":[{"embeddable":true,"href":"https:\/\/disimi.hr\/de\/wp-json\/wp\/v2\/media\/130633"}],"wp:attachment":[{"href":"https:\/\/disimi.hr\/de\/wp-json\/wp\/v2\/media?parent=130605"}],"wp:term":[{"taxonomy":"product_brand","embeddable":true,"href":"https:\/\/disimi.hr\/de\/wp-json\/wp\/v2\/product_brand?post=130605"},{"taxonomy":"product_cat","embeddable":true,"href":"https:\/\/disimi.hr\/de\/wp-json\/wp\/v2\/product_cat?post=130605"},{"taxonomy":"product_tag","embeddable":true,"href":"https:\/\/disimi.hr\/de\/wp-json\/wp\/v2\/product_tag?post=130605"}],"curies":[{"name":"wp","href":"https:\/\/api.w.org\/{rel}","templated":true}]}}