{"id":130526,"date":"2026-03-23T09:04:07","date_gmt":"2026-03-23T08:04:07","guid":{"rendered":"https:\/\/disimi.hr\/?post_type=product&#038;p=130526"},"modified":"2026-03-23T09:11:18","modified_gmt":"2026-03-23T08:11:18","slug":"natikace-anatomske-sa-zracnim-jastukom-black-texture-nzf2612","status":"publish","type":"product","link":"https:\/\/disimi.hr\/de\/produkt\/natikace-anatomske-sa-zracnim-jastukom-black-texture-nzf2612\/","title":{"rendered":"Natika\u010de anatomske sa zra\u010dnim jastukom &#8220;Black Texture&#8221;- nzf2612"},"content":{"rendered":"<div class=\"wpb-content-wrapper\"><p>[vc_row][vc_column][vc_column_text css=&#8221;&#8221; woodmart_inline=&#8221;no&#8221; text_larger=&#8221;yes&#8221;]<\/p>\n<p style=\"text-align: center;\"><strong>Anatomska obu\u0107a<\/strong><\/p>\n<p style=\"text-align: center;\">Anatomska obu\u0107a kreirana je s ciljem da rastereti kralje\u017enicu, koljena, zglobove i stopala. Kako bi obu\u0107a uspje\u0161no odradila taj posao, ima anatomsko gazi\u0161te. Takva obu\u0107a ima va\u017enu ulogu u odr\u017eavanju pravilne fiziologije pokreta, a time i prevencije raznih deformacija ili ozljeda. Kada va\u0161 posao podrazumijeva da ve\u0107inu vremena provodite na nogama, \u010dak kada ste u ku\u0107i va\u0161a su stopala definitivno izlo\u017eena ve\u0107em optere\u0107enju, ali i mogu\u0107em nastanku petnog trna, kurjih o\u010diju te problema s venama. Ako jo\u0161 niste, svakako razmislite o ulaganju u kvalitetan par anatomske obu\u0107e.<\/p>\n<p style=\"text-align: center;\"><strong>Zra\u010dni jastuci<\/strong><\/p>\n<p style=\"text-align: center;\">Zbog anatomske obu\u0107e sa amortizerima u obliku zra\u010dnih jastuka \u0107ete ve\u0107 u prvim satima provedenim na nogama osjetiti znatno smanjenje pritiska na peti i bolju cirkulaciju. Redovitim no\u0161enjem, takva \u0107e vam obu\u0107a umanjiti i bolove u le\u0111ima izazvane dugim stajanjem.<\/p>\n<p style=\"text-align: center;\"><strong>Povi\u0161ena peta<\/strong><\/p>\n<p style=\"text-align: center;\">Obu\u0107a sa povi\u0161enjem pete od 2 centimetra jednako raspore\u0111uju optere\u0107enje pa je hodanje ugodnije a pritom i visoka peta dodatno nagla\u0161ava eleganciju!<\/p>\n<p style=\"text-align: center;\">Ukupna visina pete 5 cm<\/p>\n<p style=\"text-align: center;\">\u2714<strong>\u00a0Moderan dizajn<\/strong>: Bez kompromisa u dizajnu. Obu\u0107a jedinstvenog i privla\u010dnog dizajna, udobne su za oko kao i za stopalo!<\/p>\n<p style=\"text-align: center;\">\u2714<strong>\u00a0Udobnost je broj 1<\/strong>: Osim \u0161to \u0107e svojom mekanom podstavom razmaziti svako stopalo, imaju poseban PU sloj ispod tabanice, kako udobnost ne bi bila dobra, nego savr\u0161ena!.<\/p>\n<p style=\"text-align: center;\">\u2714<strong>\u00a0Protuklizni potplat<\/strong>: Potplat od PU materijala omogu\u0107ava Va\u0161im najboljim ku\u0107nim prijateljicama da izvrsno prianjaju uz svaku povr\u0161inu.<\/p>\n<p style=\"text-align: center;\">\u2714<strong>\u00a0\u010cuvaju va\u0161 novac<\/strong>: Iako visokokvalitetne, svojom cijenom zadovoljavaju sva\u010diji bud\u017eet.<\/p>\n<p>[\/vc_column_text][vc_row_inner][vc_column_inner width=&#8221;1\/2&#8243;][vc_single_image image=&#8221;2580&#8243; img_size=&#8221;full&#8221; alignment=&#8221;center&#8221; parallax_scroll=&#8221;no&#8221; woodmart_inline=&#8221;no&#8221;][\/vc_column_inner][vc_column_inner width=&#8221;1\/2&#8243;][vc_single_image image=&#8221;7452&#8243; img_size=&#8221;full&#8221; alignment=&#8221;center&#8221; parallax_scroll=&#8221;no&#8221; woodmart_inline=&#8221;no&#8221;][\/vc_column_inner][\/vc_row_inner][vc_row_inner][vc_column_inner][vc_column_text css=&#8221;&#8221; woodmart_inline=&#8221;no&#8221; text_larger=&#8221;no&#8221;]<\/p>\n<p style=\"text-align: center;\">Pri odabiru va\u0161ih novih Disimi natika\u010da zna\u010dajke na koje trebate paziti su pravi broj, premali nikada nije udoban, prevelik mo\u017ee biti opasan, posebno ako puno hodate po stepenicama. Zato molimo prije narud\u017ebe izmjerite veli\u010dinu svojih stopala i usporedite sa na\u0161om tablicom veli\u010dina. Anatomske natika\u010de postoje u mnogim ina\u010dicama.<\/p>\n<p style=\"text-align: center;\"><strong>Na\u0161a garancija:<\/strong> Duboko vjerujemo kako su na\u0161e natika\u010de vrhunske kvalitete. Toliko vjerujemo u na\u0161 proizvod da smo sigurni da \u0107e vas odu\u0161eviti. Ukoliko Disimi natika\u010de ne zadovolje va\u0161a o\u010dekivanja mo\u017eete ih vratiti u bilo kojem trenutku a mi \u0107emo vam napraviti puni povrat novca u prvih 30 dana.<\/p>\n<p>[\/vc_column_text][\/vc_column_inner][\/vc_row_inner][\/vc_column][\/vc_row]<\/p>\n<\/div>","protected":false},"excerpt":{"rendered":"<p>Visina na peti 5 cm<\/p>\n<p>1. Gornji\u0161te: PU \u2013 jedinstven i privla\u010dan dizajn<br \/>\n2. Podstava\/ulo\u017ena tabanica: PU \u2013 ispod tabanice nalazi se sloj od PU pjene od 5mm za savr\u0161enu udobnost<br \/>\n3. Potplat: PU \u2013 izvrsno prianjanje obu\u0107e za podlogu. Zra\u010dni jastuk za apsorpciju prilikom hodanja!<\/p>\n<p>Crne \u017eenske natika\u010de s povi\u0161enim potplatom izra\u0111ene su od laganog i mekanog materijala koji osigurava udobnost pri svakom koraku. \u0160iroki remen s diskretnom teksturom i dekorativnom zlatnom kop\u010dom daje modelu elegantan i moderan izgled, pa se natika\u010de lako kombiniraju i uz svakodnevne i uz malo sve\u010danije odjevne kombinacije. Anatomski oblikovan ulo\u017eak s masa\u017enim ispup\u010denjima pru\u017ea dodatnu udobnost tijekom cjelodnevnog no\u0161enja, dok protuklizni potplat osigurava stabilnost.<\/p>\n<div><\/div>\n<div>\n<table style=\"height: 194px;\" border=\"0\" width=\"254\" cellspacing=\"0\" cellpadding=\"0\">\n<tbody>\n<tr>\n<td valign=\"bottom\" nowrap=\"nowrap\" width=\"127\">\n<div>VELI\u010cINA<u><\/u><u><\/u><\/div>\n<\/td>\n<td valign=\"bottom\" nowrap=\"nowrap\" width=\"127\">DULJINA U MILIMETRIMA<\/td>\n<\/tr>\n<tr>\n<td valign=\"bottom\" nowrap=\"nowrap\" width=\"127\"><\/td>\n<td valign=\"bottom\" nowrap=\"nowrap\" width=\"127\"><\/td>\n<\/tr>\n<tr>\n<td valign=\"bottom\" nowrap=\"nowrap\" width=\"127\">\n<div>37<u><\/u><u><\/u><\/div>\n<\/td>\n<td valign=\"bottom\" nowrap=\"nowrap\" width=\"127\">\n<div>245<\/div>\n<\/td>\n<\/tr>\n<tr>\n<td valign=\"bottom\" nowrap=\"nowrap\" width=\"127\">\n<div>38<u><\/u><u><\/u><\/div>\n<\/td>\n<td valign=\"bottom\" nowrap=\"nowrap\" width=\"127\">\n<div>252<\/div>\n<\/td>\n<\/tr>\n<tr>\n<td valign=\"bottom\" nowrap=\"nowrap\" width=\"127\">\n<div>39<u><\/u><u><\/u><\/div>\n<\/td>\n<td valign=\"bottom\" nowrap=\"nowrap\" width=\"127\">\n<div>257<\/div>\n<\/td>\n<\/tr>\n<tr>\n<td valign=\"bottom\" nowrap=\"nowrap\" width=\"127\">\n<div>40<u><\/u><u><\/u><\/div>\n<\/td>\n<td valign=\"bottom\" nowrap=\"nowrap\" width=\"127\">\n<div>262<\/div>\n<\/td>\n<\/tr>\n<tr>\n<td valign=\"bottom\" nowrap=\"nowrap\" width=\"127\">\n<div>41<u><\/u><u><\/u><\/div>\n<\/td>\n<td valign=\"bottom\" nowrap=\"nowrap\" width=\"127\">\n<div>270<\/div>\n<\/td>\n<\/tr>\n<tr>\n<td valign=\"bottom\" nowrap=\"nowrap\" width=\"127\">42<\/td>\n<td valign=\"bottom\" nowrap=\"nowrap\" width=\"127\">275<\/td>\n<\/tr>\n<\/tbody>\n<\/table>\n<\/div>\n","protected":false},"featured_media":130554,"template":"","meta":[],"product_brand":[],"product_cat":[245,246,242],"product_tag":[],"class_list":{"0":"post-130526","1":"product","2":"type-product","3":"status-publish","4":"has-post-thumbnail","6":"product_cat-anatomische-pantoletten","7":"product_cat-pantoletten","8":"product_cat-sommerschuhe","10":"first","11":"instock","12":"taxable","13":"shipping-taxable","14":"purchasable","15":"product-type-variable"},"yoast_head":"<!-- This site is optimized with the Yoast SEO plugin v27.5 - https:\/\/yoast.com\/product\/yoast-seo-wordpress\/ -->\n<title>Natika\u010de anatomske sa zra\u010dnim jastukom &quot;Black Texture&quot;- nzf2612 - DISIMI?<\/title>\n<meta name=\"robots\" content=\"index, follow, max-snippet:-1, max-image-preview:large, max-video-preview:-1\" \/>\n<link rel=\"canonical\" href=\"https:\/\/disimi.hr\/de\/produkt\/natikace-anatomske-sa-zracnim-jastukom-black-texture-nzf2612\/\" \/>\n<meta property=\"og:locale\" content=\"de_DE\" \/>\n<meta property=\"og:type\" content=\"article\" \/>\n<meta property=\"og:title\" content=\"Natika\u010de anatomske sa zra\u010dnim jastukom &quot;Black Texture&quot;- nzf2612 - DISIMI?\" \/>\n<meta property=\"og:description\" content=\"Visina na peti 5 cm  1. Gornji\u0161te: PU \u2013 jedinstven i privla\u010dan dizajn 2. Podstava\/ulo\u017ena tabanica: PU \u2013 ispod tabanice nalazi se sloj od PU pjene od 5mm za savr\u0161enu udobnost 3. Potplat: PU \u2013 izvrsno prianjanje obu\u0107e za podlogu. Zra\u010dni jastuk za apsorpciju prilikom hodanja!  Crne \u017eenske natika\u010de s povi\u0161enim potplatom izra\u0111ene su od laganog i mekanog materijala koji osigurava udobnost pri svakom koraku. \u0160iroki remen s diskretnom teksturom i dekorativnom zlatnom kop\u010dom daje modelu elegantan i moderan izgled, pa se natika\u010de lako kombiniraju i uz svakodnevne i uz malo sve\u010danije odjevne kombinacije. Anatomski oblikovan ulo\u017eak s masa\u017enim ispup\u010denjima pru\u017ea dodatnu udobnost tijekom cjelodnevnog no\u0161enja, dok protuklizni potplat osigurava stabilnost.       VELI\u010cINA DULJINA U MILIMETRIMA        37  245    38  252    39  257    40  262    41  270   42 275\" \/>\n<meta property=\"og:url\" content=\"https:\/\/disimi.hr\/de\/produkt\/natikace-anatomske-sa-zracnim-jastukom-black-texture-nzf2612\/\" \/>\n<meta property=\"og:site_name\" content=\"DISIMI?\" \/>\n<meta property=\"article:publisher\" content=\"https:\/\/www.facebook.com\/DISIMI.hr\/\" \/>\n<meta property=\"article:modified_time\" content=\"2026-03-23T08:11:18+00:00\" \/>\n<meta property=\"og:image\" content=\"https:\/\/disimi.hr\/wp-content\/uploads\/2026\/03\/nzf2612-W.jpg\" \/>\n\t<meta property=\"og:image:width\" content=\"800\" \/>\n\t<meta property=\"og:image:height\" content=\"800\" \/>\n\t<meta property=\"og:image:type\" content=\"image\/jpeg\" \/>\n<meta name=\"twitter:card\" content=\"summary_large_image\" \/>\n<meta name=\"twitter:label1\" content=\"Gesch\u00e4tzte Lesezeit\" \/>\n\t<meta name=\"twitter:data1\" content=\"3\u00a0Minute\" \/>\n<script type=\"application\/ld+json\" class=\"yoast-schema-graph\">{\"@context\":\"https:\\\/\\\/schema.org\",\"@graph\":[{\"@type\":\"WebPage\",\"@id\":\"https:\\\/\\\/disimi.hr\\\/de\\\/produkt\\\/natikace-anatomske-sa-zracnim-jastukom-black-texture-nzf2612\\\/\",\"url\":\"https:\\\/\\\/disimi.hr\\\/de\\\/produkt\\\/natikace-anatomske-sa-zracnim-jastukom-black-texture-nzf2612\\\/\",\"name\":\"Natika\u010de anatomske sa zra\u010dnim jastukom \\\"Black Texture\\\"- nzf2612 - DISIMI?\",\"isPartOf\":{\"@id\":\"https:\\\/\\\/disimi.hr\\\/#website\"},\"primaryImageOfPage\":{\"@id\":\"https:\\\/\\\/disimi.hr\\\/de\\\/produkt\\\/natikace-anatomske-sa-zracnim-jastukom-black-texture-nzf2612\\\/#primaryimage\"},\"image\":{\"@id\":\"https:\\\/\\\/disimi.hr\\\/de\\\/produkt\\\/natikace-anatomske-sa-zracnim-jastukom-black-texture-nzf2612\\\/#primaryimage\"},\"thumbnailUrl\":\"https:\\\/\\\/disimi.hr\\\/wp-content\\\/uploads\\\/2026\\\/03\\\/nzf2612-W.jpg\",\"datePublished\":\"2026-03-23T08:04:07+00:00\",\"dateModified\":\"2026-03-23T08:11:18+00:00\",\"breadcrumb\":{\"@id\":\"https:\\\/\\\/disimi.hr\\\/de\\\/produkt\\\/natikace-anatomske-sa-zracnim-jastukom-black-texture-nzf2612\\\/#breadcrumb\"},\"inLanguage\":\"de\",\"potentialAction\":[{\"@type\":\"ReadAction\",\"target\":[\"https:\\\/\\\/disimi.hr\\\/de\\\/produkt\\\/natikace-anatomske-sa-zracnim-jastukom-black-texture-nzf2612\\\/\"]}]},{\"@type\":\"ImageObject\",\"inLanguage\":\"de\",\"@id\":\"https:\\\/\\\/disimi.hr\\\/de\\\/produkt\\\/natikace-anatomske-sa-zracnim-jastukom-black-texture-nzf2612\\\/#primaryimage\",\"url\":\"https:\\\/\\\/disimi.hr\\\/wp-content\\\/uploads\\\/2026\\\/03\\\/nzf2612-W.jpg\",\"contentUrl\":\"https:\\\/\\\/disimi.hr\\\/wp-content\\\/uploads\\\/2026\\\/03\\\/nzf2612-W.jpg\",\"width\":800,\"height\":800},{\"@type\":\"BreadcrumbList\",\"@id\":\"https:\\\/\\\/disimi.hr\\\/de\\\/produkt\\\/natikace-anatomske-sa-zracnim-jastukom-black-texture-nzf2612\\\/#breadcrumb\",\"itemListElement\":[{\"@type\":\"ListItem\",\"position\":1,\"name\":\"Po\u010detna stranica\",\"item\":\"https:\\\/\\\/disimi.hr\\\/de\\\/\"},{\"@type\":\"ListItem\",\"position\":2,\"name\":\"Produkte\",\"item\":\"https:\\\/\\\/disimi.hr\\\/de\\\/produkte\\\/\"},{\"@type\":\"ListItem\",\"position\":3,\"name\":\"Natika\u010de anatomske sa zra\u010dnim jastukom &#8220;Black Texture&#8221;- nzf2612\"}]},{\"@type\":\"WebSite\",\"@id\":\"https:\\\/\\\/disimi.hr\\\/#website\",\"url\":\"https:\\\/\\\/disimi.hr\\\/\",\"name\":\"DISIMI?\",\"description\":\"Hrvatski brand i jedinstveni dizajn!\",\"publisher\":{\"@id\":\"https:\\\/\\\/disimi.hr\\\/#organization\"},\"potentialAction\":[{\"@type\":\"SearchAction\",\"target\":{\"@type\":\"EntryPoint\",\"urlTemplate\":\"https:\\\/\\\/disimi.hr\\\/?s={search_term_string}\"},\"query-input\":{\"@type\":\"PropertyValueSpecification\",\"valueRequired\":true,\"valueName\":\"search_term_string\"}}],\"inLanguage\":\"de\"},{\"@type\":\"Organization\",\"@id\":\"https:\\\/\\\/disimi.hr\\\/#organization\",\"name\":\"DiSiMi?\",\"url\":\"https:\\\/\\\/disimi.hr\\\/\",\"logo\":{\"@type\":\"ImageObject\",\"inLanguage\":\"de\",\"@id\":\"https:\\\/\\\/disimi.hr\\\/#\\\/schema\\\/logo\\\/image\\\/\",\"url\":\"https:\\\/\\\/disimi.hr\\\/wp-content\\\/uploads\\\/2022\\\/02\\\/logo2.jpg\",\"contentUrl\":\"https:\\\/\\\/disimi.hr\\\/wp-content\\\/uploads\\\/2022\\\/02\\\/logo2.jpg\",\"width\":250,\"height\":79,\"caption\":\"DiSiMi?\"},\"image\":{\"@id\":\"https:\\\/\\\/disimi.hr\\\/#\\\/schema\\\/logo\\\/image\\\/\"},\"sameAs\":[\"https:\\\/\\\/www.facebook.com\\\/DISIMI.hr\\\/\",\"https:\\\/\\\/www.instagram.com\\\/disimi.hr\\\/\"]}]}<\/script>\n<!-- \/ Yoast SEO plugin. -->","yoast_head_json":{"title":"Natika\u010de anatomske sa zra\u010dnim jastukom \"Black Texture\"- nzf2612 - DISIMI?","robots":{"index":"index","follow":"follow","max-snippet":"max-snippet:-1","max-image-preview":"max-image-preview:large","max-video-preview":"max-video-preview:-1"},"canonical":"https:\/\/disimi.hr\/de\/produkt\/natikace-anatomske-sa-zracnim-jastukom-black-texture-nzf2612\/","og_locale":"de_DE","og_type":"article","og_title":"Natika\u010de anatomske sa zra\u010dnim jastukom \"Black Texture\"- nzf2612 - DISIMI?","og_description":"Visina na peti 5 cm  1. Gornji\u0161te: PU \u2013 jedinstven i privla\u010dan dizajn 2. Podstava\/ulo\u017ena tabanica: PU \u2013 ispod tabanice nalazi se sloj od PU pjene od 5mm za savr\u0161enu udobnost 3. Potplat: PU \u2013 izvrsno prianjanje obu\u0107e za podlogu. Zra\u010dni jastuk za apsorpciju prilikom hodanja!  Crne \u017eenske natika\u010de s povi\u0161enim potplatom izra\u0111ene su od laganog i mekanog materijala koji osigurava udobnost pri svakom koraku. \u0160iroki remen s diskretnom teksturom i dekorativnom zlatnom kop\u010dom daje modelu elegantan i moderan izgled, pa se natika\u010de lako kombiniraju i uz svakodnevne i uz malo sve\u010danije odjevne kombinacije. Anatomski oblikovan ulo\u017eak s masa\u017enim ispup\u010denjima pru\u017ea dodatnu udobnost tijekom cjelodnevnog no\u0161enja, dok protuklizni potplat osigurava stabilnost.       VELI\u010cINA DULJINA U MILIMETRIMA        37  245    38  252    39  257    40  262    41  270   42 275","og_url":"https:\/\/disimi.hr\/de\/produkt\/natikace-anatomske-sa-zracnim-jastukom-black-texture-nzf2612\/","og_site_name":"DISIMI?","article_publisher":"https:\/\/www.facebook.com\/DISIMI.hr\/","article_modified_time":"2026-03-23T08:11:18+00:00","og_image":[{"width":800,"height":800,"url":"https:\/\/disimi.hr\/wp-content\/uploads\/2026\/03\/nzf2612-W.jpg","type":"image\/jpeg"}],"twitter_card":"summary_large_image","twitter_misc":{"Gesch\u00e4tzte Lesezeit":"3\u00a0Minute"},"schema":{"@context":"https:\/\/schema.org","@graph":[{"@type":"WebPage","@id":"https:\/\/disimi.hr\/de\/produkt\/natikace-anatomske-sa-zracnim-jastukom-black-texture-nzf2612\/","url":"https:\/\/disimi.hr\/de\/produkt\/natikace-anatomske-sa-zracnim-jastukom-black-texture-nzf2612\/","name":"Natika\u010de anatomske sa zra\u010dnim jastukom \"Black Texture\"- nzf2612 - DISIMI?","isPartOf":{"@id":"https:\/\/disimi.hr\/#website"},"primaryImageOfPage":{"@id":"https:\/\/disimi.hr\/de\/produkt\/natikace-anatomske-sa-zracnim-jastukom-black-texture-nzf2612\/#primaryimage"},"image":{"@id":"https:\/\/disimi.hr\/de\/produkt\/natikace-anatomske-sa-zracnim-jastukom-black-texture-nzf2612\/#primaryimage"},"thumbnailUrl":"https:\/\/disimi.hr\/wp-content\/uploads\/2026\/03\/nzf2612-W.jpg","datePublished":"2026-03-23T08:04:07+00:00","dateModified":"2026-03-23T08:11:18+00:00","breadcrumb":{"@id":"https:\/\/disimi.hr\/de\/produkt\/natikace-anatomske-sa-zracnim-jastukom-black-texture-nzf2612\/#breadcrumb"},"inLanguage":"de","potentialAction":[{"@type":"ReadAction","target":["https:\/\/disimi.hr\/de\/produkt\/natikace-anatomske-sa-zracnim-jastukom-black-texture-nzf2612\/"]}]},{"@type":"ImageObject","inLanguage":"de","@id":"https:\/\/disimi.hr\/de\/produkt\/natikace-anatomske-sa-zracnim-jastukom-black-texture-nzf2612\/#primaryimage","url":"https:\/\/disimi.hr\/wp-content\/uploads\/2026\/03\/nzf2612-W.jpg","contentUrl":"https:\/\/disimi.hr\/wp-content\/uploads\/2026\/03\/nzf2612-W.jpg","width":800,"height":800},{"@type":"BreadcrumbList","@id":"https:\/\/disimi.hr\/de\/produkt\/natikace-anatomske-sa-zracnim-jastukom-black-texture-nzf2612\/#breadcrumb","itemListElement":[{"@type":"ListItem","position":1,"name":"Po\u010detna stranica","item":"https:\/\/disimi.hr\/de\/"},{"@type":"ListItem","position":2,"name":"Produkte","item":"https:\/\/disimi.hr\/de\/produkte\/"},{"@type":"ListItem","position":3,"name":"Natika\u010de anatomske sa zra\u010dnim jastukom &#8220;Black Texture&#8221;- nzf2612"}]},{"@type":"WebSite","@id":"https:\/\/disimi.hr\/#website","url":"https:\/\/disimi.hr\/","name":"DISIMI?","description":"Hrvatski brand i jedinstveni dizajn!","publisher":{"@id":"https:\/\/disimi.hr\/#organization"},"potentialAction":[{"@type":"SearchAction","target":{"@type":"EntryPoint","urlTemplate":"https:\/\/disimi.hr\/?s={search_term_string}"},"query-input":{"@type":"PropertyValueSpecification","valueRequired":true,"valueName":"search_term_string"}}],"inLanguage":"de"},{"@type":"Organization","@id":"https:\/\/disimi.hr\/#organization","name":"DiSiMi?","url":"https:\/\/disimi.hr\/","logo":{"@type":"ImageObject","inLanguage":"de","@id":"https:\/\/disimi.hr\/#\/schema\/logo\/image\/","url":"https:\/\/disimi.hr\/wp-content\/uploads\/2022\/02\/logo2.jpg","contentUrl":"https:\/\/disimi.hr\/wp-content\/uploads\/2022\/02\/logo2.jpg","width":250,"height":79,"caption":"DiSiMi?"},"image":{"@id":"https:\/\/disimi.hr\/#\/schema\/logo\/image\/"},"sameAs":["https:\/\/www.facebook.com\/DISIMI.hr\/","https:\/\/www.instagram.com\/disimi.hr\/"]}]}},"_links":{"self":[{"href":"https:\/\/disimi.hr\/de\/wp-json\/wp\/v2\/product\/130526","targetHints":{"allow":["GET"]}}],"collection":[{"href":"https:\/\/disimi.hr\/de\/wp-json\/wp\/v2\/product"}],"about":[{"href":"https:\/\/disimi.hr\/de\/wp-json\/wp\/v2\/types\/product"}],"wp:featuredmedia":[{"embeddable":true,"href":"https:\/\/disimi.hr\/de\/wp-json\/wp\/v2\/media\/130554"}],"wp:attachment":[{"href":"https:\/\/disimi.hr\/de\/wp-json\/wp\/v2\/media?parent=130526"}],"wp:term":[{"taxonomy":"product_brand","embeddable":true,"href":"https:\/\/disimi.hr\/de\/wp-json\/wp\/v2\/product_brand?post=130526"},{"taxonomy":"product_cat","embeddable":true,"href":"https:\/\/disimi.hr\/de\/wp-json\/wp\/v2\/product_cat?post=130526"},{"taxonomy":"product_tag","embeddable":true,"href":"https:\/\/disimi.hr\/de\/wp-json\/wp\/v2\/product_tag?post=130526"}],"curies":[{"name":"wp","href":"https:\/\/api.w.org\/{rel}","templated":true}]}}