{"id":119690,"date":"2020-03-26T16:43:23","date_gmt":"2020-03-26T15:43:23","guid":{"rendered":"https:\/\/disimi.hr\/proizvod\/yoga-lifestyle-apstraktne\/"},"modified":"2026-04-16T10:03:39","modified_gmt":"2026-04-16T08:03:39","slug":"yoga-lifestyle-apstraktne","status":"publish","type":"product","link":"https:\/\/disimi.hr\/de\/produkt\/yoga-lifestyle-apstraktne\/","title":{"rendered":"Yoga-Lebensstil \u2013 Abstrakt"},"content":{"rendered":"<div class=\"wpb-content-wrapper\"><p>[vc_row][vc_column][vc_column_text woodmart_inline=&#8221;no&#8221; text_larger=&#8221;yes&#8221;] <\/p>\n<p style=\"text-align: center\"><strong class=\"naslov-product-tekst\">Komfort sah noch nie so gut aus.<\/strong><\/p>\n<p style=\"text-align: center\">Perfekt bequem und ein echter Hingucker: Mit den DiSiMi\u00ae Yoga-Sandalen f\u00fchlen Sie sich jeden Tag wie auf Wolken. Sie sind \u00e4u\u00dferst bequem, anatomisch geformt und entsprechen den neuesten Modestandards. Wenn wir sagen, dass diese Sandalen die Zeit anhalten, meinen wir das auch so. Probieren Sie sie einfach bei einem Spaziergang mit Ihren Freunden aus und Sie werden der Star der Runde sein.<\/p>\n<p style=\"text-align: center\"><strong class=\"naslov-product-tekst\">Verw\u00f6hnen Sie Ihre F\u00fc\u00dfe diesen Sommer.<\/strong><\/p>\n<div class=\"product-glavni-tekst\">\n<p style=\"text-align: center\">\u2714<strong> Komfort steht an erster Stelle<\/strong>: DiSiMi? Yoga-Sandalen haben eine zus\u00e4tzliche Schicht unter der Sohle, sodass der Komfort nicht nur gut, sondern perfekt ist!<\/p>\n<p style=\"text-align: center\">\u2714<strong>Sie sparen Geld<\/strong>: Trotz ihrer hohen Qualit\u00e4t sind sie mit ihrem Preis f\u00fcr jedes Budget erschwinglich.<\/p>\n<p style=\"text-align: center\">\u2714<strong>Rutschfeste Sohle<\/strong>: Die PVC- + EVA-Sohle sorgt daf\u00fcr, dass Ihre Yoga-Sandalen auf jedem Untergrund perfekt haften.<\/p>\n<p style=\"text-align: center\">\u2714<strong>Modernes Design<\/strong>: Bei Code DiSiMi? Yoga-Sandalen gibt es keine Kompromisse beim Design. Yoga-Sandalen mit einem einzigartigen und attraktiven Design, attraktiv und bequem!<\/p>\n<p style=\"text-align: center\">\u2714<strong>Robust und dennoch weich<\/strong>: Ob am Strand oder im pulsierenden Stadtleben \u2013 DiSiMi? Yoga-Sandalen haften perfekt auf dem Untergrund und vermitteln bei jedem Schritt ein Gef\u00fchl von Sicherheit und Freiheit.<\/p>\n<\/div>\n<p>[\/vc_column_text][vc_row_inner][vc_column_inner width=&#8221;1\/2&#8243;][vc_single_image image=&#8221;2580&#8243; img_size=&#8221;full&#8221; alignment=&#8221;center&#8221; parallax_scroll=&#8221;no&#8221; woodmart_inline=&#8221;no&#8221;][\/vc_column_inner][vc_column_inner width=&#8221;1\/2&#8243;][vc_single_image image=&#8221;7452&#8243; img_size=&#8221;full&#8221; alignment=&#8221;center&#8221; parallax_scroll=&#8221;no&#8221; woodmart_inline=&#8221;no&#8221;][\/vc_column_inner][\/vc_row_inner][vc_row_inner][vc_column_inner][vc_column_text woodmart_inline=&#8221;no&#8221; text_larger=&#8221;no&#8221;] <\/p>\n<p Bei der Auswahl Ihrer neuen DiSiMi? Yoga-Sandalen sollten Sie auf die richtige Gr\u00f6\u00dfe achten. Zu kleine Sandalen sind nie bequem, zu gro\u00dfe k\u00f6nnen gef\u00e4hrlich sein, insbesondere wenn Sie viele Treppen steigen. Messen Sie daher bitte vor der Bestellung Ihre F\u00fc\u00dfe und vergleichen Sie die Ma\u00dfe mit unserer Gr\u00f6\u00dfentabelle. \n \n\n\n<div class=\"product-zadnje\">\n<p style=\"text-align: center\">Unsere Garantie: Wir sind von der herausragenden Qualit\u00e4t und dem Design unserer Yoga-Sandalen \u00fcberzeugt. Wir glauben so sehr an unser Produkt, dass wir sicher sind, dass es Sie begeistern wird. Sollten die DiSiMi? Sandalen Ihre Erwartungen nicht erf\u00fcllen, k\u00f6nnen Sie sie jederzeit zur\u00fcckgeben und erhalten innerhalb der ersten 30 Tage eine volle R\u00fcckerstattung.<\/p>\n<\/div>\n<p>[\/vc_column_text][\/vc_column_inner][\/vc_row_inner][\/vc_column][\/vc_row]<\/p>\n<\/div>","protected":false},"excerpt":{"rendered":"<div class=\"page\" title=\"Seite 9\">\n<div class=\"section\">\n<div class=\"layoutArea\">\n<div class=\"column\">\n<div>\n<div><img loading=\"lazy\" decoding=\"async\" class=\"alignnone GR\u00d6SSE-medium wp-image-2716\" src=\"http:\/\/disimi.hr\/wp-content\/uploads\/2020\/03\/joga-blue-300x200.jpg\" alt=\"\" width=\"300\" height=\"200\" srcset=\"https:\/\/disimi.hr\/wp-content\/uploads\/2020\/03\/joga-blue-300x200.jpg 300w, https:\/\/disimi.hr\/wp-content\/uploads\/2020\/03\/joga-blue-150x100.jpg 150w, https:\/\/disimi.hr\/wp-content\/uploads\/2020\/03\/joga-blue-600x400.jpg 600w, https:\/\/disimi.hr\/wp-content\/uploads\/2020\/03\/joga-blue-1024x683.jpg 1024w, https:\/\/disimi.hr\/wp-content\/uploads\/2020\/03\/joga-blue-768x512.jpg 768w, https:\/\/disimi.hr\/wp-content\/uploads\/2020\/03\/joga-blue-1200x800.jpg 1200w, https:\/\/disimi.hr\/wp-content\/uploads\/2020\/03\/joga-blue-20x13.jpg 20w, https:\/\/disimi.hr\/wp-content\/uploads\/2020\/03\/joga-blue.jpg 1369w\" sizes=\"auto, (max-width: 300px) 100vw, 300px\" \/><\/div>\n<div>YOGA LIFESTYLE ist ein Produkt, das sich durch h\u00f6chsten Tragekomfort, hochwertige Materialien und ein Design auszeichnet, das mediterrane Entspannung ausstrahlt.<\/div>\n<div>Diese Damensandalen sind ein unverzichtbares Accessoire f\u00fcr ein perfektes Sommer-Outfit und eignen sich sowohl f\u00fcr den Strand als auch f\u00fcr einen Abendausflug.<\/div>\n<\/div>\n<div>Die Lauffl\u00e4che besteht aus YOGA MAT-Material, das unglaublichen Komfort wie beim Gehen auf einem weichen Untergrund garantiert. Die Matte ist f\u00fcr Yoga geeignet, w\u00e4hrend die \u00fcbrigen Materialien (Textil, Gummi und Seil) klassische Werkstoffe sind, die eine hervorragende Passform, hohen Komfort und ein Design garantieren, das mediterrane Entspannung ausstrahlt.<\/div>\n<\/div>\n<\/div>\n<\/div>\n<\/div>\n<div><\/div>\n<div>\n<table border=\"0\" width=\"253\" cellspacing=\"0\" cellpadding=\"0\">\n<tbody>\n<tr>\n<td valign=\"bottom\" nowrap=\"nowrap\" width=\"127\">\n<div>GR\u00d6SSE<u><\/u><u><\/u><\/div>\n<\/td>\n<td valign=\"bottom\" nowrap=\"nowrap\" width=\"127\">L\u00c4NGE IN MILLIMETERN<\/td>\n<\/tr>\n<tr>\n<td valign=\"bottom\" nowrap=\"nowrap\" width=\"127\">\n<div>36<u><\/u><u><\/u><\/div>\n<\/td>\n<td valign=\"bottom\" nowrap=\"nowrap\" width=\"127\">\n<div>235<\/div>\n<\/td>\n<\/tr>\n<tr>\n<td valign=\"bottom\" nowrap=\"nowrap\" width=\"127\">\n<div>37<u><\/u><u><\/u><\/div>\n<\/td>\n<td valign=\"bottom\" nowrap=\"nowrap\" width=\"127\">\n<div>242<\/div>\n<\/td>\n<\/tr>\n<tr>\n<td valign=\"bottom\" nowrap=\"nowrap\" width=\"127\">\n<div>38<u><\/u><u><\/u><\/div>\n<\/td>\n<td valign=\"bottom\" nowrap=\"nowrap\" width=\"127\">\n<div>248<\/div>\n<\/td>\n<\/tr>\n<tr>\n<td valign=\"bottom\" nowrap=\"nowrap\" width=\"127\">\n<div>39<u><\/u><u><\/u><\/div>\n<\/td>\n<td valign=\"bottom\" nowrap=\"nowrap\" width=\"127\">\n<div>255<\/div>\n<\/td>\n<\/tr>\n<tr>\n<td valign=\"bottom\" nowrap=\"nowrap\" width=\"127\">\n<div>40<u><\/u><u><\/u><\/div>\n<\/td>\n<td valign=\"bottom\" nowrap=\"nowrap\" width=\"127\">\n<div>261<\/div>\n<\/td>\n<\/tr>\n<tr>\n<td valign=\"bottom\" nowrap=\"nowrap\" width=\"127\">\n<div>41<u><\/u><u><\/u><\/div>\n<\/td>\n<td valign=\"bottom\" nowrap=\"nowrap\" width=\"127\">\n<div>268<\/div>\n<div><\/div>\n<\/td>\n<\/tr>\n<\/tbody>\n<\/table>\n<\/div>\n","protected":false},"featured_media":119692,"template":"","meta":[],"product_brand":[],"product_cat":[242,268,278],"product_tag":[],"class_list":{"0":"post-119690","1":"product","2":"type-product","3":"status-publish","4":"has-post-thumbnail","6":"product_cat-sommerschuhe","7":"product_cat-sonderangebote","8":"product_cat-yoga-sandalen","10":"first","11":"instock","12":"sale","13":"taxable","14":"shipping-taxable","15":"purchasable","16":"product-type-variable"},"yoast_head":"<!-- This site is optimized with the Yoast SEO plugin v27.5 - https:\/\/yoast.com\/product\/yoast-seo-wordpress\/ -->\n<title>Yoga-Lebensstil \u2013 Abstrakt - DISIMI?<\/title>\n<meta name=\"robots\" content=\"index, follow, max-snippet:-1, max-image-preview:large, max-video-preview:-1\" \/>\n<link rel=\"canonical\" href=\"https:\/\/disimi.hr\/de\/produkt\/yoga-lifestyle-apstraktne\/\" \/>\n<meta property=\"og:locale\" content=\"de_DE\" \/>\n<meta property=\"og:type\" content=\"article\" \/>\n<meta property=\"og:title\" content=\"Yoga-Lebensstil \u2013 Abstrakt - DISIMI?\" \/>\n<meta property=\"og:description\" content=\"YOGA LIFESTYLE ist ein Produkt, das sich durch h\u00f6chsten Tragekomfort, hochwertige Materialien und ein Design auszeichnet, das mediterrane Entspannung ausstrahlt. Diese Damensandalen sind ein unverzichtbares Accessoire f\u00fcr ein perfektes Sommer-Outfit und eignen sich sowohl f\u00fcr den Strand als auch f\u00fcr einen Abendausflug.  Die Lauffl\u00e4che besteht aus YOGA MAT-Material, das unglaublichen Komfort wie beim Gehen auf einem weichen Untergrund garantiert. Die Matte ist f\u00fcr Yoga geeignet, w\u00e4hrend die \u00fcbrigen Materialien (Textil, Gummi und Seil) klassische Werkstoffe sind, die eine hervorragende Passform, hohen Komfort und ein Design garantieren, das mediterrane Entspannung ausstrahlt.           GR\u00d6SSE L\u00c4NGE IN MILLIMETERN    36  235    37  242    38  248    39  255    40  261    41  268\" \/>\n<meta property=\"og:url\" content=\"https:\/\/disimi.hr\/de\/produkt\/yoga-lifestyle-apstraktne\/\" \/>\n<meta property=\"og:site_name\" content=\"DISIMI?\" \/>\n<meta property=\"article:publisher\" content=\"https:\/\/www.facebook.com\/DISIMI.hr\/\" \/>\n<meta property=\"article:modified_time\" content=\"2026-04-16T08:03:39+00:00\" \/>\n<meta property=\"og:image\" content=\"https:\/\/disimi.hr\/wp-content\/uploads\/2020\/03\/f3.jpg\" \/>\n\t<meta property=\"og:image:width\" content=\"1500\" \/>\n\t<meta property=\"og:image:height\" content=\"1002\" \/>\n\t<meta property=\"og:image:type\" content=\"image\/jpeg\" \/>\n<meta name=\"twitter:card\" content=\"summary_large_image\" \/>\n<meta name=\"twitter:label1\" content=\"Gesch\u00e4tzte Lesezeit\" \/>\n\t<meta name=\"twitter:data1\" content=\"1\u00a0Minute\" \/>\n<script type=\"application\/ld+json\" class=\"yoast-schema-graph\">{\"@context\":\"https:\\\/\\\/schema.org\",\"@graph\":[{\"@type\":\"WebPage\",\"@id\":\"https:\\\/\\\/disimi.hr\\\/de\\\/produkt\\\/yoga-lifestyle-apstraktne\\\/\",\"url\":\"https:\\\/\\\/disimi.hr\\\/de\\\/produkt\\\/yoga-lifestyle-apstraktne\\\/\",\"name\":\"Yoga-Lebensstil \u2013 Abstrakt - DISIMI?\",\"isPartOf\":{\"@id\":\"https:\\\/\\\/disimi.hr\\\/#website\"},\"primaryImageOfPage\":{\"@id\":\"https:\\\/\\\/disimi.hr\\\/de\\\/produkt\\\/yoga-lifestyle-apstraktne\\\/#primaryimage\"},\"image\":{\"@id\":\"https:\\\/\\\/disimi.hr\\\/de\\\/produkt\\\/yoga-lifestyle-apstraktne\\\/#primaryimage\"},\"thumbnailUrl\":\"https:\\\/\\\/disimi.hr\\\/wp-content\\\/uploads\\\/2020\\\/03\\\/f3.jpg\",\"datePublished\":\"2020-03-26T15:43:23+00:00\",\"dateModified\":\"2026-04-16T08:03:39+00:00\",\"breadcrumb\":{\"@id\":\"https:\\\/\\\/disimi.hr\\\/de\\\/produkt\\\/yoga-lifestyle-apstraktne\\\/#breadcrumb\"},\"inLanguage\":\"de\",\"potentialAction\":[{\"@type\":\"ReadAction\",\"target\":[\"https:\\\/\\\/disimi.hr\\\/de\\\/produkt\\\/yoga-lifestyle-apstraktne\\\/\"]}]},{\"@type\":\"ImageObject\",\"inLanguage\":\"de\",\"@id\":\"https:\\\/\\\/disimi.hr\\\/de\\\/produkt\\\/yoga-lifestyle-apstraktne\\\/#primaryimage\",\"url\":\"https:\\\/\\\/disimi.hr\\\/wp-content\\\/uploads\\\/2020\\\/03\\\/f3.jpg\",\"contentUrl\":\"https:\\\/\\\/disimi.hr\\\/wp-content\\\/uploads\\\/2020\\\/03\\\/f3.jpg\",\"width\":1500,\"height\":1002},{\"@type\":\"BreadcrumbList\",\"@id\":\"https:\\\/\\\/disimi.hr\\\/de\\\/produkt\\\/yoga-lifestyle-apstraktne\\\/#breadcrumb\",\"itemListElement\":[{\"@type\":\"ListItem\",\"position\":1,\"name\":\"Po\u010detna stranica\",\"item\":\"https:\\\/\\\/disimi.hr\\\/de\\\/\"},{\"@type\":\"ListItem\",\"position\":2,\"name\":\"Produkte\",\"item\":\"https:\\\/\\\/disimi.hr\\\/de\\\/produkte\\\/\"},{\"@type\":\"ListItem\",\"position\":3,\"name\":\"Yoga-Lebensstil \u2013 Abstrakt\"}]},{\"@type\":\"WebSite\",\"@id\":\"https:\\\/\\\/disimi.hr\\\/#website\",\"url\":\"https:\\\/\\\/disimi.hr\\\/\",\"name\":\"DISIMI?\",\"description\":\"Hrvatski brand i jedinstveni dizajn!\",\"publisher\":{\"@id\":\"https:\\\/\\\/disimi.hr\\\/#organization\"},\"potentialAction\":[{\"@type\":\"SearchAction\",\"target\":{\"@type\":\"EntryPoint\",\"urlTemplate\":\"https:\\\/\\\/disimi.hr\\\/?s={search_term_string}\"},\"query-input\":{\"@type\":\"PropertyValueSpecification\",\"valueRequired\":true,\"valueName\":\"search_term_string\"}}],\"inLanguage\":\"de\"},{\"@type\":\"Organization\",\"@id\":\"https:\\\/\\\/disimi.hr\\\/#organization\",\"name\":\"DiSiMi?\",\"url\":\"https:\\\/\\\/disimi.hr\\\/\",\"logo\":{\"@type\":\"ImageObject\",\"inLanguage\":\"de\",\"@id\":\"https:\\\/\\\/disimi.hr\\\/#\\\/schema\\\/logo\\\/image\\\/\",\"url\":\"https:\\\/\\\/disimi.hr\\\/wp-content\\\/uploads\\\/2022\\\/02\\\/logo2.jpg\",\"contentUrl\":\"https:\\\/\\\/disimi.hr\\\/wp-content\\\/uploads\\\/2022\\\/02\\\/logo2.jpg\",\"width\":250,\"height\":79,\"caption\":\"DiSiMi?\"},\"image\":{\"@id\":\"https:\\\/\\\/disimi.hr\\\/#\\\/schema\\\/logo\\\/image\\\/\"},\"sameAs\":[\"https:\\\/\\\/www.facebook.com\\\/DISIMI.hr\\\/\",\"https:\\\/\\\/www.instagram.com\\\/disimi.hr\\\/\"]}]}<\/script>\n<!-- \/ Yoast SEO plugin. -->","yoast_head_json":{"title":"Yoga-Lebensstil \u2013 Abstrakt - DISIMI?","robots":{"index":"index","follow":"follow","max-snippet":"max-snippet:-1","max-image-preview":"max-image-preview:large","max-video-preview":"max-video-preview:-1"},"canonical":"https:\/\/disimi.hr\/de\/produkt\/yoga-lifestyle-apstraktne\/","og_locale":"de_DE","og_type":"article","og_title":"Yoga-Lebensstil \u2013 Abstrakt - DISIMI?","og_description":"YOGA LIFESTYLE ist ein Produkt, das sich durch h\u00f6chsten Tragekomfort, hochwertige Materialien und ein Design auszeichnet, das mediterrane Entspannung ausstrahlt. Diese Damensandalen sind ein unverzichtbares Accessoire f\u00fcr ein perfektes Sommer-Outfit und eignen sich sowohl f\u00fcr den Strand als auch f\u00fcr einen Abendausflug.  Die Lauffl\u00e4che besteht aus YOGA MAT-Material, das unglaublichen Komfort wie beim Gehen auf einem weichen Untergrund garantiert. Die Matte ist f\u00fcr Yoga geeignet, w\u00e4hrend die \u00fcbrigen Materialien (Textil, Gummi und Seil) klassische Werkstoffe sind, die eine hervorragende Passform, hohen Komfort und ein Design garantieren, das mediterrane Entspannung ausstrahlt.           GR\u00d6SSE L\u00c4NGE IN MILLIMETERN    36  235    37  242    38  248    39  255    40  261    41  268","og_url":"https:\/\/disimi.hr\/de\/produkt\/yoga-lifestyle-apstraktne\/","og_site_name":"DISIMI?","article_publisher":"https:\/\/www.facebook.com\/DISIMI.hr\/","article_modified_time":"2026-04-16T08:03:39+00:00","og_image":[{"width":1500,"height":1002,"url":"https:\/\/disimi.hr\/wp-content\/uploads\/2020\/03\/f3.jpg","type":"image\/jpeg"}],"twitter_card":"summary_large_image","twitter_misc":{"Gesch\u00e4tzte Lesezeit":"1\u00a0Minute"},"schema":{"@context":"https:\/\/schema.org","@graph":[{"@type":"WebPage","@id":"https:\/\/disimi.hr\/de\/produkt\/yoga-lifestyle-apstraktne\/","url":"https:\/\/disimi.hr\/de\/produkt\/yoga-lifestyle-apstraktne\/","name":"Yoga-Lebensstil \u2013 Abstrakt - DISIMI?","isPartOf":{"@id":"https:\/\/disimi.hr\/#website"},"primaryImageOfPage":{"@id":"https:\/\/disimi.hr\/de\/produkt\/yoga-lifestyle-apstraktne\/#primaryimage"},"image":{"@id":"https:\/\/disimi.hr\/de\/produkt\/yoga-lifestyle-apstraktne\/#primaryimage"},"thumbnailUrl":"https:\/\/disimi.hr\/wp-content\/uploads\/2020\/03\/f3.jpg","datePublished":"2020-03-26T15:43:23+00:00","dateModified":"2026-04-16T08:03:39+00:00","breadcrumb":{"@id":"https:\/\/disimi.hr\/de\/produkt\/yoga-lifestyle-apstraktne\/#breadcrumb"},"inLanguage":"de","potentialAction":[{"@type":"ReadAction","target":["https:\/\/disimi.hr\/de\/produkt\/yoga-lifestyle-apstraktne\/"]}]},{"@type":"ImageObject","inLanguage":"de","@id":"https:\/\/disimi.hr\/de\/produkt\/yoga-lifestyle-apstraktne\/#primaryimage","url":"https:\/\/disimi.hr\/wp-content\/uploads\/2020\/03\/f3.jpg","contentUrl":"https:\/\/disimi.hr\/wp-content\/uploads\/2020\/03\/f3.jpg","width":1500,"height":1002},{"@type":"BreadcrumbList","@id":"https:\/\/disimi.hr\/de\/produkt\/yoga-lifestyle-apstraktne\/#breadcrumb","itemListElement":[{"@type":"ListItem","position":1,"name":"Po\u010detna stranica","item":"https:\/\/disimi.hr\/de\/"},{"@type":"ListItem","position":2,"name":"Produkte","item":"https:\/\/disimi.hr\/de\/produkte\/"},{"@type":"ListItem","position":3,"name":"Yoga-Lebensstil \u2013 Abstrakt"}]},{"@type":"WebSite","@id":"https:\/\/disimi.hr\/#website","url":"https:\/\/disimi.hr\/","name":"DISIMI?","description":"Hrvatski brand i jedinstveni dizajn!","publisher":{"@id":"https:\/\/disimi.hr\/#organization"},"potentialAction":[{"@type":"SearchAction","target":{"@type":"EntryPoint","urlTemplate":"https:\/\/disimi.hr\/?s={search_term_string}"},"query-input":{"@type":"PropertyValueSpecification","valueRequired":true,"valueName":"search_term_string"}}],"inLanguage":"de"},{"@type":"Organization","@id":"https:\/\/disimi.hr\/#organization","name":"DiSiMi?","url":"https:\/\/disimi.hr\/","logo":{"@type":"ImageObject","inLanguage":"de","@id":"https:\/\/disimi.hr\/#\/schema\/logo\/image\/","url":"https:\/\/disimi.hr\/wp-content\/uploads\/2022\/02\/logo2.jpg","contentUrl":"https:\/\/disimi.hr\/wp-content\/uploads\/2022\/02\/logo2.jpg","width":250,"height":79,"caption":"DiSiMi?"},"image":{"@id":"https:\/\/disimi.hr\/#\/schema\/logo\/image\/"},"sameAs":["https:\/\/www.facebook.com\/DISIMI.hr\/","https:\/\/www.instagram.com\/disimi.hr\/"]}]}},"_links":{"self":[{"href":"https:\/\/disimi.hr\/de\/wp-json\/wp\/v2\/product\/119690","targetHints":{"allow":["GET"]}}],"collection":[{"href":"https:\/\/disimi.hr\/de\/wp-json\/wp\/v2\/product"}],"about":[{"href":"https:\/\/disimi.hr\/de\/wp-json\/wp\/v2\/types\/product"}],"wp:featuredmedia":[{"embeddable":true,"href":"https:\/\/disimi.hr\/de\/wp-json\/wp\/v2\/media\/119692"}],"wp:attachment":[{"href":"https:\/\/disimi.hr\/de\/wp-json\/wp\/v2\/media?parent=119690"}],"wp:term":[{"taxonomy":"product_brand","embeddable":true,"href":"https:\/\/disimi.hr\/de\/wp-json\/wp\/v2\/product_brand?post=119690"},{"taxonomy":"product_cat","embeddable":true,"href":"https:\/\/disimi.hr\/de\/wp-json\/wp\/v2\/product_cat?post=119690"},{"taxonomy":"product_tag","embeddable":true,"href":"https:\/\/disimi.hr\/de\/wp-json\/wp\/v2\/product_tag?post=119690"}],"curies":[{"name":"wp","href":"https:\/\/api.w.org\/{rel}","templated":true}]}}