{"id":119630,"date":"2021-03-24T09:37:35","date_gmt":"2021-03-24T08:37:35","guid":{"rendered":"https:\/\/disimi.hr\/proizvod\/tunika-white-romantic-princess-bijela-duljina-130-cm\/"},"modified":"2026-04-16T10:04:00","modified_gmt":"2026-04-16T08:04:00","slug":"tunika-white-romantic-princess-bijela-duljina-130-cm","status":"publish","type":"product","link":"https:\/\/disimi.hr\/de\/produkt\/tunika-white-romantic-princess-bijela-duljina-130-cm\/","title":{"rendered":"Tunika \u201eWei\u00dfe romantische Prinzessin\u201c, wei\u00df, L\u00e4nge 120 cm &#8211; tnk2101"},"content":{"rendered":"<div class=\"wpb-content-wrapper\"><p>[vc_row][vc_column][vc_column_text woodmart_inline=&#8221;no&#8221; text_larger=&#8221;yes&#8221;] <\/p>\n<p style=\"text-align: center;\"><strong class=\"naslov-product-tekst\">Bequeme Kleidung sah noch nie so gut aus.<\/strong><\/p>\n<p style=\"text-align: center;\">Tuniken schmiegen sich perfekt an die Figur an, ihre L\u00e4nge kaschiert kleine Problemzonen und verleiht eine luftige Leichtigkeit. Die Tuniken von DiSiMi? sind sorgf\u00e4ltig ausgew\u00e4hlte Modelle f\u00fcr den Alltag an warmen Fr\u00fchlings- und Sommertagen. Sie sind \u00e4u\u00dferst bequem und vereinen zeitlose Klassiker mit Details, die in der Modewelt aktuell sind. Ob in der Stadt, am Strand oder beim Spaziergang \u2013 mit den Tuniken von Disimi ziehen Sie alle Blicke auf sich und werden zum Mittelpunkt jeder Veranstaltung.<\/p>\n<p style=\"text-align: center;\"><strong class=\"title-product-tekst\">Genie\u00dfen Sie einen entspannten Sommer!<\/strong><\/p>\n<p style=\"text-align: center;\">\u2714<strong> Dekorative Details<\/strong>: Ziern\u00e4hte bringen Ihre gebr\u00e4unte Haut perfekt zur Geltung.<\/p>\n<p style=\"text-align: center;\">\u2714<strong> Sie sparen Geld<\/strong>: Trotz ihrer hohen Qualit\u00e4t sind sie f\u00fcr jedes Budget erschwinglich.<\/p>\n<div class=\"product-glavni-tekst\">\n<p style=\"text-align: center;\">\u2714<strong> Modernes Design<\/strong>: Bei DiSiMi? werden bei der Tunika keine Kompromisse beim Design gemacht. Tuniken mit einzigartigem und attraktivem Design, die nicht nur sch\u00f6n anzusehen, sondern auch angenehm zu tragen sind.<\/p>\n<p style=\"text-align: center;\">\u2714<strong>Ausgew\u00e4hlte Materialien<\/strong>: Materialien, die sich der K\u00f6rperform nat\u00fcrlich anpassen und f\u00fcr hohen Tragekomfort sorgen, w\u00e4hrend sie gleichzeitig die Funktion von Kleidung erf\u00fcllen, die vor der Sonne sch\u00fctzt und einen ausdrucksstarken Modestil bietet. Strandkleid? Warum nicht?<\/p>\n<p style=\"text-align: center;\">\u2714<strong>Komfort steht an erster Stelle<\/strong>: Die Einheitsgr\u00f6\u00dfe verw\u00f6hnt Sie nicht nur mit ihrer Weichheit, sondern passt auch vielen Frauen. DiSiMi? Tuniken k\u00f6nnen das perfekte Abendkleid sein.<\/p>\n<\/div>\n<p>[\/vc_column_text][vc_row_inner][vc_column_inner width=&#8221;1\/2&#8243;][vc_single_image image=&#8221;2580&#8243; img_size=&#8221;full&#8221; alignment=&#8221;center&#8221; parallax_scroll=&#8221;no&#8221; woodmart_inline=&#8221;no&#8221;][\/vc_column_inner][vc_column_inner width=&#8221;1\/2&#8243;][vc_single_image image=&#8221;7452&#8243; img_size=&#8221;full&#8221; alignment=&#8221;center&#8221; parallax_scroll=&#8221;no&#8221; woodmart_inline=&#8221;no&#8221;][\/vc_column_inner][\/vc_row_inner][vc_row_inner][vc_column_inner][vc_column_text css=&#8221;&#8221; woodmart_inline=&#8221;no&#8221; text_larger=&#8221;no&#8221;] <\/p>\n<p style=\"text-align: center;\"> Fr\u00fchling und Sommer sind die ideale Zeit f\u00fcr leichte Kleidung, die Ihnen Bewegungsfreiheit bietet und Ihnen erm\u00f6glicht, die Vorz\u00fcge von Sonne und warmem Wetter zu genie\u00dfen. Unsere Garantie: Wir sind von der herausragenden Qualit\u00e4t und dem exzellenten Design unserer Tuniken \u00fcberzeugt. Wir glauben so sehr an unser Produkt, dass wir sicher sind, dass es Sie begeistern wird. Sollten die Tuniken von DiSiMi? Ihre Erwartungen nicht erf\u00fcllen, k\u00f6nnen Sie sie jederzeit innerhalb von 30 Tagen zur\u00fccksenden und erhalten den vollen Kaufpreis erstattet.<\/p>\n<p>[\/vc_column_text][\/vc_column_inner][\/vc_row_inner][\/vc_column][\/vc_row]<\/p>\n<\/div>","protected":false},"excerpt":{"rendered":"<p>Tuniken sind l\u00e4ngst viel mehr als nur ein unverzichtbares Sommerkleidungsst\u00fcck. Wir tragen sie \u00fcber dem Badeanzug am Strand, auf einer After-Beach-Party oder beim Abendspaziergang. Der lockere Schnitt und die vielen Spitzendetails verleihen der Figur zus\u00e4tzliche Eleganz. Der bequeme, leichte wei\u00dfe Stoff, der die Sonne nicht zus\u00e4tzlich reflektiert, aber dennoch Blicke auf sich zieht, ist ideal f\u00fcr die Sommerhitze. Die wei\u00dfe Farbe betont die gebr\u00e4unte Haut und verleiht jedem Sommeroutfit eine romantische Note. Viskose \u2013 ein Naturmaterial, das industriell verarbeitet wird, um ein besonders anpassungsf\u00e4higes Produkt zu erhalten \u2013 ist bei Tuniken pflegeleicht und knitterarm. Einheitsgr\u00f6\u00dfe \u2013 entspricht den Konfektionsgr\u00f6\u00dfen S, M, L und XL. Brustumfang: 136 cm, Breite: 68 cm, L\u00e4nge: 120 cm<\/p>\n","protected":false},"featured_media":125818,"template":"","meta":[],"product_brand":[],"product_cat":[234],"product_tag":[],"class_list":{"0":"post-119630","1":"product","2":"type-product","3":"status-publish","4":"has-post-thumbnail","6":"product_cat-tuniken","8":"first","9":"instock","10":"taxable","11":"shipping-taxable","12":"purchasable","13":"product-type-simple"},"yoast_head":"<!-- This site is optimized with the Yoast SEO plugin v27.5 - https:\/\/yoast.com\/product\/yoast-seo-wordpress\/ -->\n<title>Tunika \u201eWei\u00dfe romantische Prinzessin\u201c, wei\u00df, L\u00e4nge 120 cm - tnk2101 - DISIMI?<\/title>\n<meta name=\"robots\" content=\"index, follow, max-snippet:-1, max-image-preview:large, max-video-preview:-1\" \/>\n<link rel=\"canonical\" href=\"https:\/\/disimi.hr\/de\/produkt\/tunika-white-romantic-princess-bijela-duljina-130-cm\/\" \/>\n<meta property=\"og:locale\" content=\"de_DE\" \/>\n<meta property=\"og:type\" content=\"article\" \/>\n<meta property=\"og:title\" content=\"Tunika \u201eWei\u00dfe romantische Prinzessin\u201c, wei\u00df, L\u00e4nge 120 cm - tnk2101 - DISIMI?\" \/>\n<meta property=\"og:description\" content=\"Tuniken sind l\u00e4ngst viel mehr als nur ein unverzichtbares Sommerkleidungsst\u00fcck. Wir tragen sie \u00fcber dem Badeanzug am Strand, auf einer After-Beach-Party oder beim Abendspaziergang. Der lockere Schnitt und die vielen Spitzendetails verleihen der Figur zus\u00e4tzliche Eleganz. Der bequeme, leichte wei\u00dfe Stoff, der die Sonne nicht zus\u00e4tzlich reflektiert, aber dennoch Blicke auf sich zieht, ist ideal f\u00fcr die Sommerhitze. Die wei\u00dfe Farbe betont die gebr\u00e4unte Haut und verleiht jedem Sommeroutfit eine romantische Note. Viskose \u2013 ein Naturmaterial, das industriell verarbeitet wird, um ein besonders anpassungsf\u00e4higes Produkt zu erhalten \u2013 ist bei Tuniken pflegeleicht und knitterarm. Einheitsgr\u00f6\u00dfe \u2013 entspricht den Konfektionsgr\u00f6\u00dfen S, M, L und XL. Brustumfang: 136 cm, Breite: 68 cm, L\u00e4nge: 120 cm\" \/>\n<meta property=\"og:url\" content=\"https:\/\/disimi.hr\/de\/produkt\/tunika-white-romantic-princess-bijela-duljina-130-cm\/\" \/>\n<meta property=\"og:site_name\" content=\"DISIMI?\" \/>\n<meta property=\"article:publisher\" content=\"https:\/\/www.facebook.com\/DISIMI.hr\/\" \/>\n<meta property=\"article:modified_time\" content=\"2026-04-16T08:04:00+00:00\" \/>\n<meta property=\"og:image\" content=\"https:\/\/disimi.hr\/wp-content\/uploads\/2021\/03\/romantic.jpg\" \/>\n\t<meta property=\"og:image:width\" content=\"197\" \/>\n\t<meta property=\"og:image:height\" content=\"295\" \/>\n\t<meta property=\"og:image:type\" content=\"image\/jpeg\" \/>\n<meta name=\"twitter:card\" content=\"summary_large_image\" \/>\n<meta name=\"twitter:label1\" content=\"Gesch\u00e4tzte Lesezeit\" \/>\n\t<meta name=\"twitter:data1\" content=\"2\u00a0Minute\" \/>\n<script type=\"application\/ld+json\" class=\"yoast-schema-graph\">{\"@context\":\"https:\\\/\\\/schema.org\",\"@graph\":[{\"@type\":\"WebPage\",\"@id\":\"https:\\\/\\\/disimi.hr\\\/de\\\/produkt\\\/tunika-white-romantic-princess-bijela-duljina-130-cm\\\/\",\"url\":\"https:\\\/\\\/disimi.hr\\\/de\\\/produkt\\\/tunika-white-romantic-princess-bijela-duljina-130-cm\\\/\",\"name\":\"Tunika \u201eWei\u00dfe romantische Prinzessin\u201c, wei\u00df, L\u00e4nge 120 cm - tnk2101 - DISIMI?\",\"isPartOf\":{\"@id\":\"https:\\\/\\\/disimi.hr\\\/#website\"},\"primaryImageOfPage\":{\"@id\":\"https:\\\/\\\/disimi.hr\\\/de\\\/produkt\\\/tunika-white-romantic-princess-bijela-duljina-130-cm\\\/#primaryimage\"},\"image\":{\"@id\":\"https:\\\/\\\/disimi.hr\\\/de\\\/produkt\\\/tunika-white-romantic-princess-bijela-duljina-130-cm\\\/#primaryimage\"},\"thumbnailUrl\":\"https:\\\/\\\/disimi.hr\\\/wp-content\\\/uploads\\\/2021\\\/03\\\/romantic.jpg\",\"datePublished\":\"2021-03-24T08:37:35+00:00\",\"dateModified\":\"2026-04-16T08:04:00+00:00\",\"breadcrumb\":{\"@id\":\"https:\\\/\\\/disimi.hr\\\/de\\\/produkt\\\/tunika-white-romantic-princess-bijela-duljina-130-cm\\\/#breadcrumb\"},\"inLanguage\":\"de\",\"potentialAction\":[{\"@type\":\"ReadAction\",\"target\":[\"https:\\\/\\\/disimi.hr\\\/de\\\/produkt\\\/tunika-white-romantic-princess-bijela-duljina-130-cm\\\/\"]}]},{\"@type\":\"ImageObject\",\"inLanguage\":\"de\",\"@id\":\"https:\\\/\\\/disimi.hr\\\/de\\\/produkt\\\/tunika-white-romantic-princess-bijela-duljina-130-cm\\\/#primaryimage\",\"url\":\"https:\\\/\\\/disimi.hr\\\/wp-content\\\/uploads\\\/2021\\\/03\\\/romantic.jpg\",\"contentUrl\":\"https:\\\/\\\/disimi.hr\\\/wp-content\\\/uploads\\\/2021\\\/03\\\/romantic.jpg\",\"width\":197,\"height\":295},{\"@type\":\"BreadcrumbList\",\"@id\":\"https:\\\/\\\/disimi.hr\\\/de\\\/produkt\\\/tunika-white-romantic-princess-bijela-duljina-130-cm\\\/#breadcrumb\",\"itemListElement\":[{\"@type\":\"ListItem\",\"position\":1,\"name\":\"Po\u010detna stranica\",\"item\":\"https:\\\/\\\/disimi.hr\\\/de\\\/\"},{\"@type\":\"ListItem\",\"position\":2,\"name\":\"Produkte\",\"item\":\"https:\\\/\\\/disimi.hr\\\/de\\\/produkte\\\/\"},{\"@type\":\"ListItem\",\"position\":3,\"name\":\"Tunika \u201eWei\u00dfe romantische Prinzessin\u201c, wei\u00df, L\u00e4nge 120 cm &#8211; tnk2101\"}]},{\"@type\":\"WebSite\",\"@id\":\"https:\\\/\\\/disimi.hr\\\/#website\",\"url\":\"https:\\\/\\\/disimi.hr\\\/\",\"name\":\"DISIMI?\",\"description\":\"Hrvatski brand i jedinstveni dizajn!\",\"publisher\":{\"@id\":\"https:\\\/\\\/disimi.hr\\\/#organization\"},\"potentialAction\":[{\"@type\":\"SearchAction\",\"target\":{\"@type\":\"EntryPoint\",\"urlTemplate\":\"https:\\\/\\\/disimi.hr\\\/?s={search_term_string}\"},\"query-input\":{\"@type\":\"PropertyValueSpecification\",\"valueRequired\":true,\"valueName\":\"search_term_string\"}}],\"inLanguage\":\"de\"},{\"@type\":\"Organization\",\"@id\":\"https:\\\/\\\/disimi.hr\\\/#organization\",\"name\":\"DiSiMi?\",\"url\":\"https:\\\/\\\/disimi.hr\\\/\",\"logo\":{\"@type\":\"ImageObject\",\"inLanguage\":\"de\",\"@id\":\"https:\\\/\\\/disimi.hr\\\/#\\\/schema\\\/logo\\\/image\\\/\",\"url\":\"https:\\\/\\\/disimi.hr\\\/wp-content\\\/uploads\\\/2022\\\/02\\\/logo2.jpg\",\"contentUrl\":\"https:\\\/\\\/disimi.hr\\\/wp-content\\\/uploads\\\/2022\\\/02\\\/logo2.jpg\",\"width\":250,\"height\":79,\"caption\":\"DiSiMi?\"},\"image\":{\"@id\":\"https:\\\/\\\/disimi.hr\\\/#\\\/schema\\\/logo\\\/image\\\/\"},\"sameAs\":[\"https:\\\/\\\/www.facebook.com\\\/DISIMI.hr\\\/\",\"https:\\\/\\\/www.instagram.com\\\/disimi.hr\\\/\"]}]}<\/script>\n<!-- \/ Yoast SEO plugin. -->","yoast_head_json":{"title":"Tunika \u201eWei\u00dfe romantische Prinzessin\u201c, wei\u00df, L\u00e4nge 120 cm - tnk2101 - DISIMI?","robots":{"index":"index","follow":"follow","max-snippet":"max-snippet:-1","max-image-preview":"max-image-preview:large","max-video-preview":"max-video-preview:-1"},"canonical":"https:\/\/disimi.hr\/de\/produkt\/tunika-white-romantic-princess-bijela-duljina-130-cm\/","og_locale":"de_DE","og_type":"article","og_title":"Tunika \u201eWei\u00dfe romantische Prinzessin\u201c, wei\u00df, L\u00e4nge 120 cm - tnk2101 - DISIMI?","og_description":"Tuniken sind l\u00e4ngst viel mehr als nur ein unverzichtbares Sommerkleidungsst\u00fcck. Wir tragen sie \u00fcber dem Badeanzug am Strand, auf einer After-Beach-Party oder beim Abendspaziergang. Der lockere Schnitt und die vielen Spitzendetails verleihen der Figur zus\u00e4tzliche Eleganz. Der bequeme, leichte wei\u00dfe Stoff, der die Sonne nicht zus\u00e4tzlich reflektiert, aber dennoch Blicke auf sich zieht, ist ideal f\u00fcr die Sommerhitze. Die wei\u00dfe Farbe betont die gebr\u00e4unte Haut und verleiht jedem Sommeroutfit eine romantische Note. Viskose \u2013 ein Naturmaterial, das industriell verarbeitet wird, um ein besonders anpassungsf\u00e4higes Produkt zu erhalten \u2013 ist bei Tuniken pflegeleicht und knitterarm. Einheitsgr\u00f6\u00dfe \u2013 entspricht den Konfektionsgr\u00f6\u00dfen S, M, L und XL. Brustumfang: 136 cm, Breite: 68 cm, L\u00e4nge: 120 cm","og_url":"https:\/\/disimi.hr\/de\/produkt\/tunika-white-romantic-princess-bijela-duljina-130-cm\/","og_site_name":"DISIMI?","article_publisher":"https:\/\/www.facebook.com\/DISIMI.hr\/","article_modified_time":"2026-04-16T08:04:00+00:00","og_image":[{"width":197,"height":295,"url":"https:\/\/disimi.hr\/wp-content\/uploads\/2021\/03\/romantic.jpg","type":"image\/jpeg"}],"twitter_card":"summary_large_image","twitter_misc":{"Gesch\u00e4tzte Lesezeit":"2\u00a0Minute"},"schema":{"@context":"https:\/\/schema.org","@graph":[{"@type":"WebPage","@id":"https:\/\/disimi.hr\/de\/produkt\/tunika-white-romantic-princess-bijela-duljina-130-cm\/","url":"https:\/\/disimi.hr\/de\/produkt\/tunika-white-romantic-princess-bijela-duljina-130-cm\/","name":"Tunika \u201eWei\u00dfe romantische Prinzessin\u201c, wei\u00df, L\u00e4nge 120 cm - tnk2101 - DISIMI?","isPartOf":{"@id":"https:\/\/disimi.hr\/#website"},"primaryImageOfPage":{"@id":"https:\/\/disimi.hr\/de\/produkt\/tunika-white-romantic-princess-bijela-duljina-130-cm\/#primaryimage"},"image":{"@id":"https:\/\/disimi.hr\/de\/produkt\/tunika-white-romantic-princess-bijela-duljina-130-cm\/#primaryimage"},"thumbnailUrl":"https:\/\/disimi.hr\/wp-content\/uploads\/2021\/03\/romantic.jpg","datePublished":"2021-03-24T08:37:35+00:00","dateModified":"2026-04-16T08:04:00+00:00","breadcrumb":{"@id":"https:\/\/disimi.hr\/de\/produkt\/tunika-white-romantic-princess-bijela-duljina-130-cm\/#breadcrumb"},"inLanguage":"de","potentialAction":[{"@type":"ReadAction","target":["https:\/\/disimi.hr\/de\/produkt\/tunika-white-romantic-princess-bijela-duljina-130-cm\/"]}]},{"@type":"ImageObject","inLanguage":"de","@id":"https:\/\/disimi.hr\/de\/produkt\/tunika-white-romantic-princess-bijela-duljina-130-cm\/#primaryimage","url":"https:\/\/disimi.hr\/wp-content\/uploads\/2021\/03\/romantic.jpg","contentUrl":"https:\/\/disimi.hr\/wp-content\/uploads\/2021\/03\/romantic.jpg","width":197,"height":295},{"@type":"BreadcrumbList","@id":"https:\/\/disimi.hr\/de\/produkt\/tunika-white-romantic-princess-bijela-duljina-130-cm\/#breadcrumb","itemListElement":[{"@type":"ListItem","position":1,"name":"Po\u010detna stranica","item":"https:\/\/disimi.hr\/de\/"},{"@type":"ListItem","position":2,"name":"Produkte","item":"https:\/\/disimi.hr\/de\/produkte\/"},{"@type":"ListItem","position":3,"name":"Tunika \u201eWei\u00dfe romantische Prinzessin\u201c, wei\u00df, L\u00e4nge 120 cm &#8211; tnk2101"}]},{"@type":"WebSite","@id":"https:\/\/disimi.hr\/#website","url":"https:\/\/disimi.hr\/","name":"DISIMI?","description":"Hrvatski brand i jedinstveni dizajn!","publisher":{"@id":"https:\/\/disimi.hr\/#organization"},"potentialAction":[{"@type":"SearchAction","target":{"@type":"EntryPoint","urlTemplate":"https:\/\/disimi.hr\/?s={search_term_string}"},"query-input":{"@type":"PropertyValueSpecification","valueRequired":true,"valueName":"search_term_string"}}],"inLanguage":"de"},{"@type":"Organization","@id":"https:\/\/disimi.hr\/#organization","name":"DiSiMi?","url":"https:\/\/disimi.hr\/","logo":{"@type":"ImageObject","inLanguage":"de","@id":"https:\/\/disimi.hr\/#\/schema\/logo\/image\/","url":"https:\/\/disimi.hr\/wp-content\/uploads\/2022\/02\/logo2.jpg","contentUrl":"https:\/\/disimi.hr\/wp-content\/uploads\/2022\/02\/logo2.jpg","width":250,"height":79,"caption":"DiSiMi?"},"image":{"@id":"https:\/\/disimi.hr\/#\/schema\/logo\/image\/"},"sameAs":["https:\/\/www.facebook.com\/DISIMI.hr\/","https:\/\/www.instagram.com\/disimi.hr\/"]}]}},"_links":{"self":[{"href":"https:\/\/disimi.hr\/de\/wp-json\/wp\/v2\/product\/119630","targetHints":{"allow":["GET"]}}],"collection":[{"href":"https:\/\/disimi.hr\/de\/wp-json\/wp\/v2\/product"}],"about":[{"href":"https:\/\/disimi.hr\/de\/wp-json\/wp\/v2\/types\/product"}],"wp:featuredmedia":[{"embeddable":true,"href":"https:\/\/disimi.hr\/de\/wp-json\/wp\/v2\/media\/125818"}],"wp:attachment":[{"href":"https:\/\/disimi.hr\/de\/wp-json\/wp\/v2\/media?parent=119630"}],"wp:term":[{"taxonomy":"product_brand","embeddable":true,"href":"https:\/\/disimi.hr\/de\/wp-json\/wp\/v2\/product_brand?post=119630"},{"taxonomy":"product_cat","embeddable":true,"href":"https:\/\/disimi.hr\/de\/wp-json\/wp\/v2\/product_cat?post=119630"},{"taxonomy":"product_tag","embeddable":true,"href":"https:\/\/disimi.hr\/de\/wp-json\/wp\/v2\/product_tag?post=119630"}],"curies":[{"name":"wp","href":"https:\/\/api.w.org\/{rel}","templated":true}]}}