{"id":119570,"date":"2021-03-26T03:02:03","date_gmt":"2021-03-26T02:02:03","guid":{"rendered":"https:\/\/disimi.hr\/proizvod\/sesir-zenski-face\/"},"modified":"2026-04-17T13:17:49","modified_gmt":"2026-04-17T11:17:49","slug":"sesir-zenski-face","status":"publish","type":"product","link":"https:\/\/disimi.hr\/de\/produkt\/sesir-zenski-face\/","title":{"rendered":"Damenhut \u201eFace\u201c &#8211; szf2102"},"content":{"rendered":"<div class=\"wpb-content-wrapper\"><p>[vc_row][vc_column][vc_column_text woodmart_inline=&#8221;no&#8221; text_larger=&#8221;yes&#8221;] <\/p>\n<p style=\"text-align: center;\"><strong class=\"naslov-product-tekst\">Muss ein Hut nur Sonnenschutz bieten oder kann er auch Blicke abschirmen oder gar Aufmerksamkeit erregen?<\/strong><\/p>\n<p style=\"text-align: center;\">M\u00f6chten Sie auffallen, anders sein?&#8230; Vielleicht haben wir genau das richtige Accessoire f\u00fcr Sie f\u00fcr den Sommer 2023.<br \/>\nDie H\u00fcte von DiSiMi? aus der Kollektion \u201eFace\u201c sind multifunktionale Produkte, die Ihnen viele Likes einbringen werden.<\/p>\n<div class=\"product-glavni-tekst\">\n<p style=\"text-align: center;\">\u2714<strong> Modernes Design<\/strong>: Bei den H\u00fcten von DiSiMi? werden keine Kompromisse beim Design gemacht. H\u00fcte mit einzigartigem und attraktivem Design, bequem, leicht und vor allem effektiv gegen die starke Sonne! Unser Designerteam orientiert sich an den neuesten Trends, was sich in der Hutkollektion \u201eFace\u201c widerspiegelt.<\/p>\n<p style=\"text-align: center;\">\u2714<strong>Starke Botschaft<\/strong>: Die H\u00fcte der Disimi \u201eFace\u201c-Kollektion senden eine starke Botschaft: Ich bin selbstbewusst, wei\u00df, was ich will, und es macht mir nichts aus, in der Masse der gleichen H\u00fcte aufzufallen.<\/p>\n<p style=\"text-align: center;\">\u2714<strong>Komfort, Design und Funktionalit\u00e4t in perfekter Harmonie<\/strong>: Die H\u00fcte von DiSiMi sind nicht nur modische Accessoires mit hohem Tragekomfort, sondern auch \u00e4u\u00dferst praktisch. H\u00fcte mit handgefertigtem Design sind ein echter Hingucker und ein modisches Highlight.<\/p>\n<p style=\"text-align: center;\">\u2714<strong>Zus\u00e4tzlicher Schutz<\/strong>: Der Hut mit extra breiter Krempe sch\u00fctzt nicht nur den Kopf, sondern auch Nacken und Schultern \u2013 K\u00f6rperteile, die sonst oft ungesch\u00fctzt der Sonne ausgesetzt sind.<\/p>\n<p style=\"text-align: center;\">\u2714<strong>Sie sparen Geld<\/strong>: Trotz ihrer hohen Qualit\u00e4t sind sie preisg\u00fcnstig und f\u00fcr jedes Budget geeignet.<\/p>\n<\/div>\n<p>[\/vc_column_text][vc_row_inner][vc_column_inner width=&#8221;1\/2&#8243;][vc_single_image image=&#8221;2580&#8243; img_size=&#8221;full&#8221; alignment=&#8221;center&#8221; parallax_scroll=&#8221;no&#8221; woodmart_inline=&#8221;no&#8221;][\/vc_column_inner][vc_column_inner width=&#8221;1\/2&#8243;][vc_single_image image=&#8221;7452&#8243; img_size=&#8221;full&#8221; alignment=&#8221;center&#8221; parallax_scroll=&#8221;no&#8221; woodmart_inline=&#8221;no&#8221;][\/vc_column_inner][\/vc_row_inner][vc_row_inner][vc_column_inner][vc_column_text woodmart_inline=&#8221;no&#8221; text_larger=&#8221;no&#8221;] <\/p>\n<p style=\"text-align: center;\"><strong class=\"product-podnaslov-2\">Sommer und Sonne sind unsere Begleiter auf der Reise durch die Sommersaison 2023.<\/strong><\/p>\n<div>\n<p style=\"text-align: center;\">Wir sind fest davon \u00fcberzeugt, dass unsere H\u00fcte von h\u00f6chster Qualit\u00e4t und erstklassigem Design sind. Wir glauben so sehr an unser Produkt, dass wir sicher sind, dass es Sie begeistern wird. Wenn DiSiMi? Sollten die H\u00fcte nicht Ihren Erwartungen entsprechen, k\u00f6nnen Sie sie jederzeit zur\u00fcckgeben und wir erstatten Ihnen innerhalb der ersten 30 Tage den vollen Kaufpreis.<\/p>\n<\/div>\n<p>[\/vc_column_text][\/vc_column_inner][\/vc_row_inner][\/vc_column][\/vc_row]<\/p>\n<\/div>","protected":false},"excerpt":{"rendered":"<p>Im Sommer dient der Hut auch als zuverl\u00e4ssiger Sonnenschutz und ist somit nicht nur ein modisches, sondern auch ein unverzichtbares Accessoire an sonnigen Sommertagen. Ein breitkrempiger Hut sch\u00fctzt nicht nur den Kopf, sondern auch Nacken und Schultern, die in der prallen Sonne besonders sonnenbrandgef\u00e4hrdet sind. Die Farben Beige oder Wei\u00df reflektieren die Sonne nicht zus\u00e4tzlich, und das interessante, handgefertigte Design zieht die Blicke auf sich. Der Hut ist leicht und passt daher perfekt zu allen luftigen Sommeroutfits. Ein unersetzliches Sommeraccessoire. Handgefertigte Verzierung. Die Krempe ist ganze 18 cm breit!<\/p>\n","protected":false},"featured_media":132184,"template":"","meta":[],"product_brand":[],"product_cat":[268],"product_tag":[],"class_list":{"0":"post-119570","1":"product","2":"type-product","3":"status-publish","4":"has-post-thumbnail","6":"product_cat-sonderangebote","8":"first","9":"instock","10":"sale","11":"taxable","12":"shipping-taxable","13":"purchasable","14":"product-type-variable"},"yoast_head":"<!-- This site is optimized with the Yoast SEO plugin v27.5 - https:\/\/yoast.com\/product\/yoast-seo-wordpress\/ -->\n<title>Damenhut \u201eFace\u201c - szf2102 - DISIMI?<\/title>\n<meta name=\"robots\" content=\"index, follow, max-snippet:-1, max-image-preview:large, max-video-preview:-1\" \/>\n<link rel=\"canonical\" href=\"https:\/\/disimi.hr\/de\/produkt\/sesir-zenski-face\/\" \/>\n<meta property=\"og:locale\" content=\"de_DE\" \/>\n<meta property=\"og:type\" content=\"article\" \/>\n<meta property=\"og:title\" content=\"Damenhut \u201eFace\u201c - szf2102 - DISIMI?\" \/>\n<meta property=\"og:description\" content=\"Im Sommer dient der Hut auch als zuverl\u00e4ssiger Sonnenschutz und ist somit nicht nur ein modisches, sondern auch ein unverzichtbares Accessoire an sonnigen Sommertagen. Ein breitkrempiger Hut sch\u00fctzt nicht nur den Kopf, sondern auch Nacken und Schultern, die in der prallen Sonne besonders sonnenbrandgef\u00e4hrdet sind. Die Farben Beige oder Wei\u00df reflektieren die Sonne nicht zus\u00e4tzlich, und das interessante, handgefertigte Design zieht die Blicke auf sich. Der Hut ist leicht und passt daher perfekt zu allen luftigen Sommeroutfits. Ein unersetzliches Sommeraccessoire. Handgefertigte Verzierung. Die Krempe ist ganze 18 cm breit!\" \/>\n<meta property=\"og:url\" content=\"https:\/\/disimi.hr\/de\/produkt\/sesir-zenski-face\/\" \/>\n<meta property=\"og:site_name\" content=\"DISIMI?\" \/>\n<meta property=\"article:publisher\" content=\"https:\/\/www.facebook.com\/DISIMI.hr\/\" \/>\n<meta property=\"article:modified_time\" content=\"2026-04-17T11:17:49+00:00\" \/>\n<meta property=\"og:image\" content=\"https:\/\/disimi.hr\/wp-content\/uploads\/2021\/04\/szf2102-f-scaled.jpg\" \/>\n\t<meta property=\"og:image:width\" content=\"2560\" \/>\n\t<meta property=\"og:image:height\" content=\"2254\" \/>\n\t<meta property=\"og:image:type\" content=\"image\/jpeg\" \/>\n<meta name=\"twitter:card\" content=\"summary_large_image\" \/>\n<meta name=\"twitter:label1\" content=\"Gesch\u00e4tzte Lesezeit\" \/>\n\t<meta name=\"twitter:data1\" content=\"2\u00a0Minute\" \/>\n<script type=\"application\/ld+json\" class=\"yoast-schema-graph\">{\"@context\":\"https:\\\/\\\/schema.org\",\"@graph\":[{\"@type\":\"WebPage\",\"@id\":\"https:\\\/\\\/disimi.hr\\\/de\\\/produkt\\\/sesir-zenski-face\\\/\",\"url\":\"https:\\\/\\\/disimi.hr\\\/de\\\/produkt\\\/sesir-zenski-face\\\/\",\"name\":\"Damenhut \u201eFace\u201c - szf2102 - DISIMI?\",\"isPartOf\":{\"@id\":\"https:\\\/\\\/disimi.hr\\\/#website\"},\"primaryImageOfPage\":{\"@id\":\"https:\\\/\\\/disimi.hr\\\/de\\\/produkt\\\/sesir-zenski-face\\\/#primaryimage\"},\"image\":{\"@id\":\"https:\\\/\\\/disimi.hr\\\/de\\\/produkt\\\/sesir-zenski-face\\\/#primaryimage\"},\"thumbnailUrl\":\"https:\\\/\\\/disimi.hr\\\/wp-content\\\/uploads\\\/2021\\\/04\\\/szf2102-f-scaled.jpg\",\"datePublished\":\"2021-03-26T02:02:03+00:00\",\"dateModified\":\"2026-04-17T11:17:49+00:00\",\"breadcrumb\":{\"@id\":\"https:\\\/\\\/disimi.hr\\\/de\\\/produkt\\\/sesir-zenski-face\\\/#breadcrumb\"},\"inLanguage\":\"de\",\"potentialAction\":[{\"@type\":\"ReadAction\",\"target\":[\"https:\\\/\\\/disimi.hr\\\/de\\\/produkt\\\/sesir-zenski-face\\\/\"]}]},{\"@type\":\"ImageObject\",\"inLanguage\":\"de\",\"@id\":\"https:\\\/\\\/disimi.hr\\\/de\\\/produkt\\\/sesir-zenski-face\\\/#primaryimage\",\"url\":\"https:\\\/\\\/disimi.hr\\\/wp-content\\\/uploads\\\/2021\\\/04\\\/szf2102-f-scaled.jpg\",\"contentUrl\":\"https:\\\/\\\/disimi.hr\\\/wp-content\\\/uploads\\\/2021\\\/04\\\/szf2102-f-scaled.jpg\",\"width\":2560,\"height\":2254},{\"@type\":\"BreadcrumbList\",\"@id\":\"https:\\\/\\\/disimi.hr\\\/de\\\/produkt\\\/sesir-zenski-face\\\/#breadcrumb\",\"itemListElement\":[{\"@type\":\"ListItem\",\"position\":1,\"name\":\"Po\u010detna stranica\",\"item\":\"https:\\\/\\\/disimi.hr\\\/de\\\/\"},{\"@type\":\"ListItem\",\"position\":2,\"name\":\"Produkte\",\"item\":\"https:\\\/\\\/disimi.hr\\\/de\\\/produkte\\\/\"},{\"@type\":\"ListItem\",\"position\":3,\"name\":\"Damenhut \u201eFace\u201c &#8211; szf2102\"}]},{\"@type\":\"WebSite\",\"@id\":\"https:\\\/\\\/disimi.hr\\\/#website\",\"url\":\"https:\\\/\\\/disimi.hr\\\/\",\"name\":\"DISIMI?\",\"description\":\"Hrvatski brand i jedinstveni dizajn!\",\"publisher\":{\"@id\":\"https:\\\/\\\/disimi.hr\\\/#organization\"},\"potentialAction\":[{\"@type\":\"SearchAction\",\"target\":{\"@type\":\"EntryPoint\",\"urlTemplate\":\"https:\\\/\\\/disimi.hr\\\/?s={search_term_string}\"},\"query-input\":{\"@type\":\"PropertyValueSpecification\",\"valueRequired\":true,\"valueName\":\"search_term_string\"}}],\"inLanguage\":\"de\"},{\"@type\":\"Organization\",\"@id\":\"https:\\\/\\\/disimi.hr\\\/#organization\",\"name\":\"DiSiMi?\",\"url\":\"https:\\\/\\\/disimi.hr\\\/\",\"logo\":{\"@type\":\"ImageObject\",\"inLanguage\":\"de\",\"@id\":\"https:\\\/\\\/disimi.hr\\\/#\\\/schema\\\/logo\\\/image\\\/\",\"url\":\"https:\\\/\\\/disimi.hr\\\/wp-content\\\/uploads\\\/2022\\\/02\\\/logo2.jpg\",\"contentUrl\":\"https:\\\/\\\/disimi.hr\\\/wp-content\\\/uploads\\\/2022\\\/02\\\/logo2.jpg\",\"width\":250,\"height\":79,\"caption\":\"DiSiMi?\"},\"image\":{\"@id\":\"https:\\\/\\\/disimi.hr\\\/#\\\/schema\\\/logo\\\/image\\\/\"},\"sameAs\":[\"https:\\\/\\\/www.facebook.com\\\/DISIMI.hr\\\/\",\"https:\\\/\\\/www.instagram.com\\\/disimi.hr\\\/\"]}]}<\/script>\n<!-- \/ Yoast SEO plugin. -->","yoast_head_json":{"title":"Damenhut \u201eFace\u201c - szf2102 - DISIMI?","robots":{"index":"index","follow":"follow","max-snippet":"max-snippet:-1","max-image-preview":"max-image-preview:large","max-video-preview":"max-video-preview:-1"},"canonical":"https:\/\/disimi.hr\/de\/produkt\/sesir-zenski-face\/","og_locale":"de_DE","og_type":"article","og_title":"Damenhut \u201eFace\u201c - szf2102 - DISIMI?","og_description":"Im Sommer dient der Hut auch als zuverl\u00e4ssiger Sonnenschutz und ist somit nicht nur ein modisches, sondern auch ein unverzichtbares Accessoire an sonnigen Sommertagen. Ein breitkrempiger Hut sch\u00fctzt nicht nur den Kopf, sondern auch Nacken und Schultern, die in der prallen Sonne besonders sonnenbrandgef\u00e4hrdet sind. Die Farben Beige oder Wei\u00df reflektieren die Sonne nicht zus\u00e4tzlich, und das interessante, handgefertigte Design zieht die Blicke auf sich. Der Hut ist leicht und passt daher perfekt zu allen luftigen Sommeroutfits. Ein unersetzliches Sommeraccessoire. Handgefertigte Verzierung. Die Krempe ist ganze 18 cm breit!","og_url":"https:\/\/disimi.hr\/de\/produkt\/sesir-zenski-face\/","og_site_name":"DISIMI?","article_publisher":"https:\/\/www.facebook.com\/DISIMI.hr\/","article_modified_time":"2026-04-17T11:17:49+00:00","og_image":[{"width":2560,"height":2254,"url":"https:\/\/disimi.hr\/wp-content\/uploads\/2021\/04\/szf2102-f-scaled.jpg","type":"image\/jpeg"}],"twitter_card":"summary_large_image","twitter_misc":{"Gesch\u00e4tzte Lesezeit":"2\u00a0Minute"},"schema":{"@context":"https:\/\/schema.org","@graph":[{"@type":"WebPage","@id":"https:\/\/disimi.hr\/de\/produkt\/sesir-zenski-face\/","url":"https:\/\/disimi.hr\/de\/produkt\/sesir-zenski-face\/","name":"Damenhut \u201eFace\u201c - szf2102 - DISIMI?","isPartOf":{"@id":"https:\/\/disimi.hr\/#website"},"primaryImageOfPage":{"@id":"https:\/\/disimi.hr\/de\/produkt\/sesir-zenski-face\/#primaryimage"},"image":{"@id":"https:\/\/disimi.hr\/de\/produkt\/sesir-zenski-face\/#primaryimage"},"thumbnailUrl":"https:\/\/disimi.hr\/wp-content\/uploads\/2021\/04\/szf2102-f-scaled.jpg","datePublished":"2021-03-26T02:02:03+00:00","dateModified":"2026-04-17T11:17:49+00:00","breadcrumb":{"@id":"https:\/\/disimi.hr\/de\/produkt\/sesir-zenski-face\/#breadcrumb"},"inLanguage":"de","potentialAction":[{"@type":"ReadAction","target":["https:\/\/disimi.hr\/de\/produkt\/sesir-zenski-face\/"]}]},{"@type":"ImageObject","inLanguage":"de","@id":"https:\/\/disimi.hr\/de\/produkt\/sesir-zenski-face\/#primaryimage","url":"https:\/\/disimi.hr\/wp-content\/uploads\/2021\/04\/szf2102-f-scaled.jpg","contentUrl":"https:\/\/disimi.hr\/wp-content\/uploads\/2021\/04\/szf2102-f-scaled.jpg","width":2560,"height":2254},{"@type":"BreadcrumbList","@id":"https:\/\/disimi.hr\/de\/produkt\/sesir-zenski-face\/#breadcrumb","itemListElement":[{"@type":"ListItem","position":1,"name":"Po\u010detna stranica","item":"https:\/\/disimi.hr\/de\/"},{"@type":"ListItem","position":2,"name":"Produkte","item":"https:\/\/disimi.hr\/de\/produkte\/"},{"@type":"ListItem","position":3,"name":"Damenhut \u201eFace\u201c &#8211; szf2102"}]},{"@type":"WebSite","@id":"https:\/\/disimi.hr\/#website","url":"https:\/\/disimi.hr\/","name":"DISIMI?","description":"Hrvatski brand i jedinstveni dizajn!","publisher":{"@id":"https:\/\/disimi.hr\/#organization"},"potentialAction":[{"@type":"SearchAction","target":{"@type":"EntryPoint","urlTemplate":"https:\/\/disimi.hr\/?s={search_term_string}"},"query-input":{"@type":"PropertyValueSpecification","valueRequired":true,"valueName":"search_term_string"}}],"inLanguage":"de"},{"@type":"Organization","@id":"https:\/\/disimi.hr\/#organization","name":"DiSiMi?","url":"https:\/\/disimi.hr\/","logo":{"@type":"ImageObject","inLanguage":"de","@id":"https:\/\/disimi.hr\/#\/schema\/logo\/image\/","url":"https:\/\/disimi.hr\/wp-content\/uploads\/2022\/02\/logo2.jpg","contentUrl":"https:\/\/disimi.hr\/wp-content\/uploads\/2022\/02\/logo2.jpg","width":250,"height":79,"caption":"DiSiMi?"},"image":{"@id":"https:\/\/disimi.hr\/#\/schema\/logo\/image\/"},"sameAs":["https:\/\/www.facebook.com\/DISIMI.hr\/","https:\/\/www.instagram.com\/disimi.hr\/"]}]}},"_links":{"self":[{"href":"https:\/\/disimi.hr\/de\/wp-json\/wp\/v2\/product\/119570","targetHints":{"allow":["GET"]}}],"collection":[{"href":"https:\/\/disimi.hr\/de\/wp-json\/wp\/v2\/product"}],"about":[{"href":"https:\/\/disimi.hr\/de\/wp-json\/wp\/v2\/types\/product"}],"wp:featuredmedia":[{"embeddable":true,"href":"https:\/\/disimi.hr\/de\/wp-json\/wp\/v2\/media\/132184"}],"wp:attachment":[{"href":"https:\/\/disimi.hr\/de\/wp-json\/wp\/v2\/media?parent=119570"}],"wp:term":[{"taxonomy":"product_brand","embeddable":true,"href":"https:\/\/disimi.hr\/de\/wp-json\/wp\/v2\/product_brand?post=119570"},{"taxonomy":"product_cat","embeddable":true,"href":"https:\/\/disimi.hr\/de\/wp-json\/wp\/v2\/product_cat?post=119570"},{"taxonomy":"product_tag","embeddable":true,"href":"https:\/\/disimi.hr\/de\/wp-json\/wp\/v2\/product_tag?post=119570"}],"curies":[{"name":"wp","href":"https:\/\/api.w.org\/{rel}","templated":true}]}}