{"id":119522,"date":"2021-06-29T11:42:03","date_gmt":"2021-06-29T09:42:03","guid":{"rendered":"https:\/\/disimi.hr\/proizvod\/torba-black-princess\/"},"modified":"2026-02-02T13:25:18","modified_gmt":"2026-02-02T12:25:18","slug":"torba-black-princess","status":"publish","type":"product","link":"https:\/\/disimi.hr\/de\/produkt\/torba-black-princess\/","title":{"rendered":"Tasche \u201eBlack Princess\u201c &#8211; tzf904"},"content":{"rendered":"<div class=\"wpb-content-wrapper\"><p>[vc_row][vc_column][vc_column_text woodmart_inline=&#8221;no&#8221; text_larger=&#8221;yes&#8221;] <\/p>\n<p style=\"text-align: center\"><strong>Modeaccessoires, von denen wir uns nicht trennen k\u00f6nnen<\/strong><\/p>\n<p style=\"text-align: center\">Eine rechteckige Tasche aus robustem Material!<\/p>\n<p style=\"text-align: center\"><strong>Das perfekte Geschenk &#8230; nur f\u00fcr Sie!<\/strong><\/p>\n<p style=\"text-align: center\"><strong>\u2714 Eine Tasche, die zu jedem Outfit passt<\/strong>, f\u00fcr einen l\u00e4ssigen Look<\/p>\n<p style=\"text-align: center\"><strong>\u2714 Sie sparen Geld:<\/strong> Trotz hoher Qualit\u00e4t ist der Preis f\u00fcr jedes Budget erschwinglich.<\/p>\n<p style=\"text-align: center\"><strong>\u2714 Modernes Design:<\/strong> Beim Design wurden keine Kompromisse gemacht. DiSiMi? Taschen. Eine Tasche ist ein wesentlicher Bestandteil der Identit\u00e4t einer Frau und muss daher das gewisse Etwas haben.<\/p>\n<p style=\"text-align: center\"><strong>\u2714 Was ist wichtiger als eine Tasche?<\/strong> Selbst wenn Frauen unbegrenzt Geld h\u00e4tten, k\u00f6nnten sie sich sicherlich nicht alle Taschen leisten, die sie m\u00f6gen \u2013 und vor allem brauchen sie diese Taschen. Eine Tasche ist ein unverzichtbarer Bestandteil jedes gelungenen Outfits. Oftmals macht schon der Wechsel der Tasche den entscheidenden Unterschied. Warum ist das so? Denn eine Tasche ist ein modisches Accessoire, das das Ganze abrundet, hervorsticht und somit Aufmerksamkeit erregt.<\/p>\n<p>[\/vc_column_text][vc_row_inner][vc_column_inner width=&#8221;1\/2&#8243;][vc_single_image image=&#8221;2580&#8243; img_size=&#8221;full&#8221; alignment=&#8221;center&#8221; parallax_scroll=&#8221;no&#8221; woodmart_inline=&#8221;no&#8221;][\/vc_column_inner][vc_column_inner width=&#8221;1\/2&#8243;][vc_single_image image=&#8221;7452&#8243; img_size=&#8221;full&#8221; alignment=&#8221;center&#8221; parallax_scroll=&#8221;no&#8221; woodmart_inline=&#8221;no&#8221;][\/vc_column_inner][\/vc_row_inner][vc_row_inner][vc_column_inner][vc_column_text woodmart_inline=&#8221;no&#8221; text_larger=&#8221;no&#8221;] <\/p>\n<p style=\"text-align: Der Sommer und die Sonne sind unsere treuen Begleiter auf dem Weg durch die Sommersaison 2022. Es wird viel dar\u00fcber diskutiert, ob gro\u00dfe oder kleine Handtaschen besser sind. Eine eindeutige Antwort l\u00e4sst sich nicht finden, denn jede Tasche hat ihre Vor- und Nachteile. Gro\u00dfe Taschen bieten Platz f\u00fcr alles, was man sich w\u00fcnscht, sie sind ein echter Hingucker und wirken bei guter Aufteilung nicht \u00fcberladen. \u00dcberladung ist das Hauptargument gegen gro\u00dfe Taschen. Au\u00dferdem h\u00f6rt man oft, dass sie unpraktisch sind, weil sie im Weg sind, wenn man es eilig hat, und oft schwer, weil man alles hineinpacken muss. Kleine Taschen hingegen werden von ihren Bef\u00fcrwortern gesch\u00e4tzt, weil sie nur das N\u00f6tigste aufnehmen. Dadurch ist die Tasche viel leichter und man hat die H\u00e4nde frei. Kleine Taschen sind oft dezenter und verleihen dem Outfit eine schlichte Eleganz. Andererseits m\u00fcssen kleine Taschen oft auch etwas Besonderes in ihrem Inhalt bieten. Genau deshalb bietet DiSiMi? Ihnen sowohl gro\u00dfe als auch kleine Taschen f\u00fcr jeden Geschmack.<\/p>\n<p style=\"text-align: center\">Wir sind fest davon \u00fcberzeugt, dass unsere Taschen von herausragender Qualit\u00e4t und erstklassigem Design sind. Wir glauben so sehr an unser Produkt, dass wir sicher sind, es wird Sie begeistern. Sollten die Taschen von DiSiMi? Ihre Erwartungen nicht erf\u00fcllen, k\u00f6nnen Sie sie jederzeit zur\u00fcckgeben und erhalten innerhalb der ersten 30 Tage eine volle R\u00fcckerstattung.<\/p>\n<\/div>\n<p>[\/vc_column_text][\/vc_column_inner][\/vc_row_inner][\/vc_column][\/vc_row]<\/p>\n<\/div>","protected":false},"excerpt":{"rendered":"<p>Stricktasche mit Perlenherz f\u00fcr Strand und Sommer. Diese vielseitige Tasche aus Naturmaterial l\u00e4sst sich zu unz\u00e4hligen Anl\u00e4ssen kombinieren \u2013 ob beim Kaffeetrinken mit Freunden, beim Ausgehen, am Strand oder im B\u00fcro. Sie sch\u00fctzt Ihre Sachen besonders gut vor der Sonne, da sie sich weniger aufheizt als andere Materialien und ist daher ideal f\u00fcr den Strand. Die gro\u00dfe Stricktasche passt perfekt zu einem unbeschwerten, luftigen Sommer-Look. Ma\u00dfe: 46 x 26 x 16 cm. Material: Seegras. Mit Innenfutter und Rei\u00dfverschluss. Henkelh\u00f6he: 22 cm.<\/p>\n","protected":false},"featured_media":127014,"template":"","meta":[],"product_brand":[],"product_cat":[268],"product_tag":[],"class_list":{"0":"post-119522","1":"product","2":"type-product","3":"status-publish","4":"has-post-thumbnail","6":"product_cat-sonderangebote","8":"first","9":"instock","10":"sale","11":"taxable","12":"shipping-taxable","13":"purchasable","14":"product-type-simple"},"yoast_head":"<!-- This site is optimized with the Yoast SEO plugin v27.3 - https:\/\/yoast.com\/product\/yoast-seo-wordpress\/ -->\n<title>Tasche \u201eBlack Princess\u201c - tzf904 - DISIMI?<\/title>\n<meta name=\"robots\" content=\"index, follow, max-snippet:-1, max-image-preview:large, max-video-preview:-1\" \/>\n<link rel=\"canonical\" href=\"https:\/\/disimi.hr\/de\/produkt\/torba-black-princess\/\" \/>\n<meta property=\"og:locale\" content=\"de_DE\" \/>\n<meta property=\"og:type\" content=\"article\" \/>\n<meta property=\"og:title\" content=\"Tasche \u201eBlack Princess\u201c - tzf904 - DISIMI?\" \/>\n<meta property=\"og:description\" content=\"Stricktasche mit Perlenherz f\u00fcr Strand und Sommer. Diese vielseitige Tasche aus Naturmaterial l\u00e4sst sich zu unz\u00e4hligen Anl\u00e4ssen kombinieren \u2013 ob beim Kaffeetrinken mit Freunden, beim Ausgehen, am Strand oder im B\u00fcro. Sie sch\u00fctzt Ihre Sachen besonders gut vor der Sonne, da sie sich weniger aufheizt als andere Materialien und ist daher ideal f\u00fcr den Strand. Die gro\u00dfe Stricktasche passt perfekt zu einem unbeschwerten, luftigen Sommer-Look. Ma\u00dfe: 46 x 26 x 16 cm. Material: Seegras. Mit Innenfutter und Rei\u00dfverschluss. Henkelh\u00f6he: 22 cm.\" \/>\n<meta property=\"og:url\" content=\"https:\/\/disimi.hr\/de\/produkt\/torba-black-princess\/\" \/>\n<meta property=\"og:site_name\" content=\"DISIMI?\" \/>\n<meta property=\"article:publisher\" content=\"https:\/\/www.facebook.com\/DISIMI.hr\/\" \/>\n<meta property=\"article:modified_time\" content=\"2026-02-02T12:25:18+00:00\" \/>\n<meta property=\"og:image\" content=\"https:\/\/disimi.hr\/wp-content\/uploads\/2021\/06\/tzf904-web.jpg\" \/>\n\t<meta property=\"og:image:width\" content=\"400\" \/>\n\t<meta property=\"og:image:height\" content=\"296\" \/>\n\t<meta property=\"og:image:type\" content=\"image\/jpeg\" \/>\n<meta name=\"twitter:card\" content=\"summary_large_image\" \/>\n<meta name=\"twitter:label1\" content=\"Gesch\u00e4tzte Lesezeit\" \/>\n\t<meta name=\"twitter:data1\" content=\"1\u00a0Minute\" \/>\n<script type=\"application\/ld+json\" class=\"yoast-schema-graph\">{\"@context\":\"https:\\\/\\\/schema.org\",\"@graph\":[{\"@type\":\"WebPage\",\"@id\":\"https:\\\/\\\/disimi.hr\\\/de\\\/produkt\\\/torba-black-princess\\\/\",\"url\":\"https:\\\/\\\/disimi.hr\\\/de\\\/produkt\\\/torba-black-princess\\\/\",\"name\":\"Tasche \u201eBlack Princess\u201c - tzf904 - DISIMI?\",\"isPartOf\":{\"@id\":\"https:\\\/\\\/disimi.hr\\\/#website\"},\"primaryImageOfPage\":{\"@id\":\"https:\\\/\\\/disimi.hr\\\/de\\\/produkt\\\/torba-black-princess\\\/#primaryimage\"},\"image\":{\"@id\":\"https:\\\/\\\/disimi.hr\\\/de\\\/produkt\\\/torba-black-princess\\\/#primaryimage\"},\"thumbnailUrl\":\"https:\\\/\\\/disimi.hr\\\/wp-content\\\/uploads\\\/2021\\\/06\\\/tzf904-web.jpg\",\"datePublished\":\"2021-06-29T09:42:03+00:00\",\"dateModified\":\"2026-02-02T12:25:18+00:00\",\"breadcrumb\":{\"@id\":\"https:\\\/\\\/disimi.hr\\\/de\\\/produkt\\\/torba-black-princess\\\/#breadcrumb\"},\"inLanguage\":\"de\",\"potentialAction\":[{\"@type\":\"ReadAction\",\"target\":[\"https:\\\/\\\/disimi.hr\\\/de\\\/produkt\\\/torba-black-princess\\\/\"]}]},{\"@type\":\"ImageObject\",\"inLanguage\":\"de\",\"@id\":\"https:\\\/\\\/disimi.hr\\\/de\\\/produkt\\\/torba-black-princess\\\/#primaryimage\",\"url\":\"https:\\\/\\\/disimi.hr\\\/wp-content\\\/uploads\\\/2021\\\/06\\\/tzf904-web.jpg\",\"contentUrl\":\"https:\\\/\\\/disimi.hr\\\/wp-content\\\/uploads\\\/2021\\\/06\\\/tzf904-web.jpg\",\"width\":400,\"height\":296},{\"@type\":\"BreadcrumbList\",\"@id\":\"https:\\\/\\\/disimi.hr\\\/de\\\/produkt\\\/torba-black-princess\\\/#breadcrumb\",\"itemListElement\":[{\"@type\":\"ListItem\",\"position\":1,\"name\":\"Po\u010detna stranica\",\"item\":\"https:\\\/\\\/disimi.hr\\\/de\\\/\"},{\"@type\":\"ListItem\",\"position\":2,\"name\":\"Produkte\",\"item\":\"https:\\\/\\\/disimi.hr\\\/de\\\/produkte\\\/\"},{\"@type\":\"ListItem\",\"position\":3,\"name\":\"Tasche \u201eBlack Princess\u201c &#8211; tzf904\"}]},{\"@type\":\"WebSite\",\"@id\":\"https:\\\/\\\/disimi.hr\\\/#website\",\"url\":\"https:\\\/\\\/disimi.hr\\\/\",\"name\":\"DISIMI?\",\"description\":\"Hrvatski brand i jedinstveni dizajn!\",\"publisher\":{\"@id\":\"https:\\\/\\\/disimi.hr\\\/#organization\"},\"potentialAction\":[{\"@type\":\"SearchAction\",\"target\":{\"@type\":\"EntryPoint\",\"urlTemplate\":\"https:\\\/\\\/disimi.hr\\\/?s={search_term_string}\"},\"query-input\":{\"@type\":\"PropertyValueSpecification\",\"valueRequired\":true,\"valueName\":\"search_term_string\"}}],\"inLanguage\":\"de\"},{\"@type\":\"Organization\",\"@id\":\"https:\\\/\\\/disimi.hr\\\/#organization\",\"name\":\"DiSiMi?\",\"url\":\"https:\\\/\\\/disimi.hr\\\/\",\"logo\":{\"@type\":\"ImageObject\",\"inLanguage\":\"de\",\"@id\":\"https:\\\/\\\/disimi.hr\\\/#\\\/schema\\\/logo\\\/image\\\/\",\"url\":\"https:\\\/\\\/disimi.hr\\\/wp-content\\\/uploads\\\/2022\\\/02\\\/logo2.jpg\",\"contentUrl\":\"https:\\\/\\\/disimi.hr\\\/wp-content\\\/uploads\\\/2022\\\/02\\\/logo2.jpg\",\"width\":250,\"height\":79,\"caption\":\"DiSiMi?\"},\"image\":{\"@id\":\"https:\\\/\\\/disimi.hr\\\/#\\\/schema\\\/logo\\\/image\\\/\"},\"sameAs\":[\"https:\\\/\\\/www.facebook.com\\\/DISIMI.hr\\\/\",\"https:\\\/\\\/www.instagram.com\\\/disimi.hr\\\/\"]}]}<\/script>\n<!-- \/ Yoast SEO plugin. -->","yoast_head_json":{"title":"Tasche \u201eBlack Princess\u201c - tzf904 - DISIMI?","robots":{"index":"index","follow":"follow","max-snippet":"max-snippet:-1","max-image-preview":"max-image-preview:large","max-video-preview":"max-video-preview:-1"},"canonical":"https:\/\/disimi.hr\/de\/produkt\/torba-black-princess\/","og_locale":"de_DE","og_type":"article","og_title":"Tasche \u201eBlack Princess\u201c - tzf904 - DISIMI?","og_description":"Stricktasche mit Perlenherz f\u00fcr Strand und Sommer. Diese vielseitige Tasche aus Naturmaterial l\u00e4sst sich zu unz\u00e4hligen Anl\u00e4ssen kombinieren \u2013 ob beim Kaffeetrinken mit Freunden, beim Ausgehen, am Strand oder im B\u00fcro. Sie sch\u00fctzt Ihre Sachen besonders gut vor der Sonne, da sie sich weniger aufheizt als andere Materialien und ist daher ideal f\u00fcr den Strand. Die gro\u00dfe Stricktasche passt perfekt zu einem unbeschwerten, luftigen Sommer-Look. Ma\u00dfe: 46 x 26 x 16 cm. Material: Seegras. Mit Innenfutter und Rei\u00dfverschluss. Henkelh\u00f6he: 22 cm.","og_url":"https:\/\/disimi.hr\/de\/produkt\/torba-black-princess\/","og_site_name":"DISIMI?","article_publisher":"https:\/\/www.facebook.com\/DISIMI.hr\/","article_modified_time":"2026-02-02T12:25:18+00:00","og_image":[{"width":400,"height":296,"url":"https:\/\/disimi.hr\/wp-content\/uploads\/2021\/06\/tzf904-web.jpg","type":"image\/jpeg"}],"twitter_card":"summary_large_image","twitter_misc":{"Gesch\u00e4tzte Lesezeit":"1\u00a0Minute"},"schema":{"@context":"https:\/\/schema.org","@graph":[{"@type":"WebPage","@id":"https:\/\/disimi.hr\/de\/produkt\/torba-black-princess\/","url":"https:\/\/disimi.hr\/de\/produkt\/torba-black-princess\/","name":"Tasche \u201eBlack Princess\u201c - tzf904 - DISIMI?","isPartOf":{"@id":"https:\/\/disimi.hr\/#website"},"primaryImageOfPage":{"@id":"https:\/\/disimi.hr\/de\/produkt\/torba-black-princess\/#primaryimage"},"image":{"@id":"https:\/\/disimi.hr\/de\/produkt\/torba-black-princess\/#primaryimage"},"thumbnailUrl":"https:\/\/disimi.hr\/wp-content\/uploads\/2021\/06\/tzf904-web.jpg","datePublished":"2021-06-29T09:42:03+00:00","dateModified":"2026-02-02T12:25:18+00:00","breadcrumb":{"@id":"https:\/\/disimi.hr\/de\/produkt\/torba-black-princess\/#breadcrumb"},"inLanguage":"de","potentialAction":[{"@type":"ReadAction","target":["https:\/\/disimi.hr\/de\/produkt\/torba-black-princess\/"]}]},{"@type":"ImageObject","inLanguage":"de","@id":"https:\/\/disimi.hr\/de\/produkt\/torba-black-princess\/#primaryimage","url":"https:\/\/disimi.hr\/wp-content\/uploads\/2021\/06\/tzf904-web.jpg","contentUrl":"https:\/\/disimi.hr\/wp-content\/uploads\/2021\/06\/tzf904-web.jpg","width":400,"height":296},{"@type":"BreadcrumbList","@id":"https:\/\/disimi.hr\/de\/produkt\/torba-black-princess\/#breadcrumb","itemListElement":[{"@type":"ListItem","position":1,"name":"Po\u010detna stranica","item":"https:\/\/disimi.hr\/de\/"},{"@type":"ListItem","position":2,"name":"Produkte","item":"https:\/\/disimi.hr\/de\/produkte\/"},{"@type":"ListItem","position":3,"name":"Tasche \u201eBlack Princess\u201c &#8211; tzf904"}]},{"@type":"WebSite","@id":"https:\/\/disimi.hr\/#website","url":"https:\/\/disimi.hr\/","name":"DISIMI?","description":"Hrvatski brand i jedinstveni dizajn!","publisher":{"@id":"https:\/\/disimi.hr\/#organization"},"potentialAction":[{"@type":"SearchAction","target":{"@type":"EntryPoint","urlTemplate":"https:\/\/disimi.hr\/?s={search_term_string}"},"query-input":{"@type":"PropertyValueSpecification","valueRequired":true,"valueName":"search_term_string"}}],"inLanguage":"de"},{"@type":"Organization","@id":"https:\/\/disimi.hr\/#organization","name":"DiSiMi?","url":"https:\/\/disimi.hr\/","logo":{"@type":"ImageObject","inLanguage":"de","@id":"https:\/\/disimi.hr\/#\/schema\/logo\/image\/","url":"https:\/\/disimi.hr\/wp-content\/uploads\/2022\/02\/logo2.jpg","contentUrl":"https:\/\/disimi.hr\/wp-content\/uploads\/2022\/02\/logo2.jpg","width":250,"height":79,"caption":"DiSiMi?"},"image":{"@id":"https:\/\/disimi.hr\/#\/schema\/logo\/image\/"},"sameAs":["https:\/\/www.facebook.com\/DISIMI.hr\/","https:\/\/www.instagram.com\/disimi.hr\/"]}]}},"_links":{"self":[{"href":"https:\/\/disimi.hr\/de\/wp-json\/wp\/v2\/product\/119522","targetHints":{"allow":["GET"]}}],"collection":[{"href":"https:\/\/disimi.hr\/de\/wp-json\/wp\/v2\/product"}],"about":[{"href":"https:\/\/disimi.hr\/de\/wp-json\/wp\/v2\/types\/product"}],"wp:featuredmedia":[{"embeddable":true,"href":"https:\/\/disimi.hr\/de\/wp-json\/wp\/v2\/media\/127014"}],"wp:attachment":[{"href":"https:\/\/disimi.hr\/de\/wp-json\/wp\/v2\/media?parent=119522"}],"wp:term":[{"taxonomy":"product_brand","embeddable":true,"href":"https:\/\/disimi.hr\/de\/wp-json\/wp\/v2\/product_brand?post=119522"},{"taxonomy":"product_cat","embeddable":true,"href":"https:\/\/disimi.hr\/de\/wp-json\/wp\/v2\/product_cat?post=119522"},{"taxonomy":"product_tag","embeddable":true,"href":"https:\/\/disimi.hr\/de\/wp-json\/wp\/v2\/product_tag?post=119522"}],"curies":[{"name":"wp","href":"https:\/\/api.w.org\/{rel}","templated":true}]}}