{"id":119489,"date":"2021-08-31T10:56:33","date_gmt":"2021-08-31T08:56:33","guid":{"rendered":"https:\/\/disimi.hr\/proizvod\/papuce-love-cats-stripes\/"},"modified":"2026-04-20T13:50:42","modified_gmt":"2026-04-20T11:50:42","slug":"papuce-love-cats-stripes","status":"publish","type":"product","link":"https:\/\/disimi.hr\/de\/produkt\/papuce-love-cats-stripes\/","title":{"rendered":"Hausschuhe \u201eLiebe Katzenstreifen\u201c &#8211; pzk021"},"content":{"rendered":"<div class=\"wpb-content-wrapper\"><p>[vc_row][vc_column][vc_column_text woodmart_inline=&#8221;no&#8221; text_larger=&#8221;yes&#8221;] <\/p>\n<p style=\"text-align: center;\"><strong>Komfort sah noch nie so gut aus.<\/strong><\/p>\n<p style=\"text-align: center;\">Die perfekt bequemen und stylischen Disimi-Hausschuhe lassen Sie jeden Tag wie auf Wolken gehen. Sie sind \u00e4u\u00dferst komfortabel, anatomisch geformt und entsprechen den neuesten Modestandards. Wenn wir sagen, dass diese Hausschuhe die Zeit anhalten, meinen wir das auch so. Probieren Sie sie einfach bei einem Spaziergang mit Ihren Freunden aus und Sie werden der Star der Runde sein.<\/p>\n<p style=\"text-align: center;\"><strong>Verw\u00f6hnen Sie Ihre F\u00fc\u00dfe diesen Winter.<\/strong><\/p>\n<p style=\"text-align: center;\">\u2714<strong>Modernes Design<\/strong>: Bei Disimi-Hausschuhen gibt es keine Kompromisse beim Design. Hausschuhe mit einzigartigem und attraktivem Design, die sowohl optisch als auch fu\u00dffreundlich sind! Unser Designerteam orientiert sich an den neuesten Trends, was sich in den CUTE GIRL DOTS Hausschuhen widerspiegelt.<\/p>\n<p style=\"text-align: center;\">\u2714<strong>Robust und weich<\/strong>: Die sch\u00fctzende Wirkung der Disimi Hausschuhe zeigt sich deutlich in ihren Verst\u00e4rkungen, insbesondere im oberen Bereich. Wenn wir zu Hause sind, sind wir \u201evon allen Seiten\u201c umgeben. Warum also nicht auch zu Hause vor \u00e4u\u00dferen Einfl\u00fcssen sch\u00fctzen?<\/p>\n<p style=\"text-align: center;\">\u2714<strong>Komfort an erster Stelle<\/strong>: Disimi Hausschuhe verw\u00f6hnen Ihre F\u00fc\u00dfe nicht nur mit weichem Futter, sondern verf\u00fcgen auch \u00fcber eine spezielle PU-Schicht unter der Innensohle \u2013 f\u00fcr perfekten Komfort!<\/p>\n<p style=\"text-align: center;\">\u2714<strong>Rutschfeste Sohle<\/strong>: Die PVC- und EVA-Sohle sorgt f\u00fcr optimalen Halt auf jedem Untergrund.<\/p>\n<p style=\"text-align: center;\">\u2714<strong>Sparen Sie Geld<\/strong>: Trotz ihrer hohen Qualit\u00e4t sind die Hausschuhe f\u00fcr jedes Budget erschwinglich.<\/p>\n<p>[\/vc_column_text][vc_row_inner][vc_column_inner width=&#8221;1\/2&#8243;][vc_single_image image=&#8221;74522&#8243; img_size=&#8221;full&#8221; alignment=&#8221;center&#8221; parallax_scroll=&#8221;no&#8221; woodmart_inline=&#8221;no&#8221;][\/vc_column_inner][vc_column_inner width=&#8221;1\/2&#8243;][vc_single_image image=&#8221;7452&#8243; img_size=&#8221;full&#8221; alignment=&#8221;center&#8221; parallax_scroll=&#8221;no&#8221; woodmart_inline=&#8221;no&#8221;][\/vc_column_inner][\/vc_row_inner][vc_row_inner][vc_column_inner][vc_column_text woodmart_inline=&#8221;no&#8221; text_larger=&#8221;no&#8221;] <\/p>\n<p style=\"text-align: center;\">Bei der Auswahl Ihrer neuen Disimi-Hausschuhe sollten Sie auf die richtige Gr\u00f6\u00dfe achten. Zu kleine Hausschuhe sind nie bequem, zu gro\u00dfe k\u00f6nnen gef\u00e4hrlich sein, insbesondere wenn Sie viel Treppen steigen. Messen Sie daher bitte vor der Bestellung Ihre F\u00fc\u00dfe und vergleichen Sie die Ma\u00dfe mit unserer Gr\u00f6\u00dfentabelle. Hausschuhe gibt es in vielen Ausf\u00fchrungen. Wenn Sie sie drinnen und drau\u00dfen tragen, zum Beispiel im Garten oder vor dem Haus, sollten sie \u2013 wie alle unsere Modelle \u2013 eine Au\u00dfensohle aus Gummi oder EVA-Material haben.<\/p>\n<p style=\"text-align: center;\">Unsere Garantie: Wir sind von der hohen Qualit\u00e4t und dem ansprechenden Design unserer Hausschuhe \u00fcberzeugt. Wir glauben so sehr an unser Produkt, dass wir sicher sind, es wird Sie begeistern. Sollten die Disimi-Hausschuhe Ihre Erwartungen nicht erf\u00fcllen, k\u00f6nnen Sie sie jederzeit innerhalb von 30 Tagen zur\u00fcckgeben und erhalten den vollen Kaufpreis erstattet.<\/p>\n<p>[\/vc_column_text][\/vc_column_inner][\/vc_row_inner][\/vc_column][\/vc_row]<\/p>\n<\/div>","protected":false},"excerpt":{"rendered":"<p>1. Obermaterial: PVC \u2013 einzigartiges und attraktives Design<br \/>\n2. Innenmaterial: Textil mit spezieller Verst\u00e4rkung im Zehenbereich<br \/>\n3. Futter\/Innensohle: Textil \u2013 unter der Innensohle befindet sich eine 5 mm dicke PU-Schaumschicht f\u00fcr optimalen Komfort<br \/>\n4. Sohle: PVC + EVA \u2013 hervorragende Haftung des Schuhs auf dem Untergrund<\/p>\n<div>\n<div><\/div>\n<div>\n<div><\/div>\n<div>\n<table style=\"height: 194px;\" border=\"0\" width=\"254\" cellspacing=\"0\" cellpadding=\"0\">\n<tbody>\n<tr>\n<td valign=\"bottom\" nowrap=\"nowrap\" width=\"127\">\n<div>GR\u00d6SSE<u><\/u><u><\/u><\/div>\n<\/td>\n<td valign=\"bottom\" nowrap=\"nowrap\" width=\"127\">L\u00c4NGE IN MILLIMETERN<\/td>\n<\/tr>\n<tr>\n<td valign=\"bottom\" nowrap=\"nowrap\" width=\"127\"><\/td>\n<td valign=\"bottom\" nowrap=\"nowrap\" width=\"127\"><\/td>\n<\/tr>\n<tr>\n<td valign=\"bottom\" nowrap=\"nowrap\" width=\"127\">\n<div>37<u><\/u><u><\/u><\/div>\n<\/td>\n<td valign=\"bottom\" nowrap=\"nowrap\" width=\"127\">\n<div>231<\/div>\n<\/td>\n<\/tr>\n<tr>\n<td valign=\"bottom\" nowrap=\"nowrap\" width=\"127\">\n<div>38<u><\/u><u><\/u><\/div>\n<\/td>\n<td valign=\"bottom\" nowrap=\"nowrap\" width=\"127\">\n<div>238<\/div>\n<\/td>\n<\/tr>\n<tr>\n<td valign=\"bottom\" nowrap=\"nowrap\" width=\"127\">\n<div>39<u><\/u><u><\/u><\/div>\n<\/td>\n<td valign=\"bottom\" nowrap=\"nowrap\" width=\"127\">\n<div>242<\/div>\n<\/td>\n<\/tr>\n<tr>\n<td valign=\"bottom\" nowrap=\"nowrap\" width=\"127\">\n<div>40<u><\/u><u><\/u><\/div>\n<\/td>\n<td valign=\"bottom\" nowrap=\"nowrap\" width=\"127\">\n<div>252<\/div>\n<\/td>\n<\/tr>\n<tr>\n<td valign=\"bottom\" nowrap=\"nowrap\" width=\"127\">\n<div>41<u><\/u><u><\/u><\/div>\n<\/td>\n<td valign=\"bottom\" nowrap=\"nowrap\" width=\"127\">\n<div>260<\/div>\n<\/td>\n<\/tr>\n<tr>\n<td valign=\"bottom\" nowrap=\"nowrap\" width=\"127\">\n<div>42<u><\/u><u><\/u><\/div>\n<\/td>\n<td valign=\"bottom\" nowrap=\"nowrap\" width=\"127\">\n<div>265<\/div>\n<\/td>\n<\/tr>\n<\/tbody>\n<\/table>\n<\/div>\n<\/div>\n<\/div>\n","protected":false},"featured_media":124639,"template":"","meta":[],"product_brand":[],"product_cat":[222,221],"product_tag":[],"class_list":{"0":"post-119489","1":"product","2":"type-product","3":"status-publish","4":"has-post-thumbnail","6":"product_cat-hausschuhe","7":"product_cat-hausschuhe-fur-zuhause","9":"first","10":"outofstock","11":"taxable","12":"shipping-taxable","13":"purchasable","14":"product-type-variable"},"yoast_head":"<!-- This site is optimized with the Yoast SEO plugin v27.5 - https:\/\/yoast.com\/product\/yoast-seo-wordpress\/ -->\n<title>Hausschuhe \u201eLiebe Katzenstreifen\u201c - pzk021 - DISIMI?<\/title>\n<meta name=\"robots\" content=\"index, follow, max-snippet:-1, max-image-preview:large, max-video-preview:-1\" \/>\n<link rel=\"canonical\" href=\"https:\/\/disimi.hr\/de\/produkt\/papuce-love-cats-stripes\/\" \/>\n<meta property=\"og:locale\" content=\"de_DE\" \/>\n<meta property=\"og:type\" content=\"article\" \/>\n<meta property=\"og:title\" content=\"Hausschuhe \u201eLiebe Katzenstreifen\u201c - pzk021 - DISIMI?\" \/>\n<meta property=\"og:description\" content=\"1. Obermaterial: PVC \u2013 einzigartiges und attraktives Design 2. Innenmaterial: Textil mit spezieller Verst\u00e4rkung im Zehenbereich 3. Futter\/Innensohle: Textil \u2013 unter der Innensohle befindet sich eine 5 mm dicke PU-Schaumschicht f\u00fcr optimalen Komfort 4. Sohle: PVC + EVA \u2013 hervorragende Haftung des Schuhs auf dem Untergrund          GR\u00d6SSE L\u00c4NGE IN MILLIMETERN        37  231    38  238    39  242    40  252    41  260    42  265\" \/>\n<meta property=\"og:url\" content=\"https:\/\/disimi.hr\/de\/produkt\/papuce-love-cats-stripes\/\" \/>\n<meta property=\"og:site_name\" content=\"DISIMI?\" \/>\n<meta property=\"article:publisher\" content=\"https:\/\/www.facebook.com\/DISIMI.hr\/\" \/>\n<meta property=\"article:modified_time\" content=\"2026-04-20T11:50:42+00:00\" \/>\n<meta property=\"og:image\" content=\"https:\/\/disimi.hr\/wp-content\/uploads\/2021\/08\/PZK021-W.jpg\" \/>\n\t<meta property=\"og:image:width\" content=\"800\" \/>\n\t<meta property=\"og:image:height\" content=\"800\" \/>\n\t<meta property=\"og:image:type\" content=\"image\/jpeg\" \/>\n<meta name=\"twitter:card\" content=\"summary_large_image\" \/>\n<meta name=\"twitter:label1\" content=\"Gesch\u00e4tzte Lesezeit\" \/>\n\t<meta name=\"twitter:data1\" content=\"2\u00a0Minute\" \/>\n<script type=\"application\/ld+json\" class=\"yoast-schema-graph\">{\"@context\":\"https:\\\/\\\/schema.org\",\"@graph\":[{\"@type\":\"WebPage\",\"@id\":\"https:\\\/\\\/disimi.hr\\\/de\\\/produkt\\\/papuce-love-cats-stripes\\\/\",\"url\":\"https:\\\/\\\/disimi.hr\\\/de\\\/produkt\\\/papuce-love-cats-stripes\\\/\",\"name\":\"Hausschuhe \u201eLiebe Katzenstreifen\u201c - pzk021 - DISIMI?\",\"isPartOf\":{\"@id\":\"https:\\\/\\\/disimi.hr\\\/#website\"},\"primaryImageOfPage\":{\"@id\":\"https:\\\/\\\/disimi.hr\\\/de\\\/produkt\\\/papuce-love-cats-stripes\\\/#primaryimage\"},\"image\":{\"@id\":\"https:\\\/\\\/disimi.hr\\\/de\\\/produkt\\\/papuce-love-cats-stripes\\\/#primaryimage\"},\"thumbnailUrl\":\"https:\\\/\\\/disimi.hr\\\/wp-content\\\/uploads\\\/2021\\\/08\\\/PZK021-W.jpg\",\"datePublished\":\"2021-08-31T08:56:33+00:00\",\"dateModified\":\"2026-04-20T11:50:42+00:00\",\"breadcrumb\":{\"@id\":\"https:\\\/\\\/disimi.hr\\\/de\\\/produkt\\\/papuce-love-cats-stripes\\\/#breadcrumb\"},\"inLanguage\":\"de\",\"potentialAction\":[{\"@type\":\"ReadAction\",\"target\":[\"https:\\\/\\\/disimi.hr\\\/de\\\/produkt\\\/papuce-love-cats-stripes\\\/\"]}]},{\"@type\":\"ImageObject\",\"inLanguage\":\"de\",\"@id\":\"https:\\\/\\\/disimi.hr\\\/de\\\/produkt\\\/papuce-love-cats-stripes\\\/#primaryimage\",\"url\":\"https:\\\/\\\/disimi.hr\\\/wp-content\\\/uploads\\\/2021\\\/08\\\/PZK021-W.jpg\",\"contentUrl\":\"https:\\\/\\\/disimi.hr\\\/wp-content\\\/uploads\\\/2021\\\/08\\\/PZK021-W.jpg\",\"width\":800,\"height\":800},{\"@type\":\"BreadcrumbList\",\"@id\":\"https:\\\/\\\/disimi.hr\\\/de\\\/produkt\\\/papuce-love-cats-stripes\\\/#breadcrumb\",\"itemListElement\":[{\"@type\":\"ListItem\",\"position\":1,\"name\":\"Po\u010detna stranica\",\"item\":\"https:\\\/\\\/disimi.hr\\\/de\\\/\"},{\"@type\":\"ListItem\",\"position\":2,\"name\":\"Produkte\",\"item\":\"https:\\\/\\\/disimi.hr\\\/de\\\/produkte\\\/\"},{\"@type\":\"ListItem\",\"position\":3,\"name\":\"Hausschuhe \u201eLiebe Katzenstreifen\u201c &#8211; pzk021\"}]},{\"@type\":\"WebSite\",\"@id\":\"https:\\\/\\\/disimi.hr\\\/#website\",\"url\":\"https:\\\/\\\/disimi.hr\\\/\",\"name\":\"DISIMI?\",\"description\":\"Hrvatski brand i jedinstveni dizajn!\",\"publisher\":{\"@id\":\"https:\\\/\\\/disimi.hr\\\/#organization\"},\"potentialAction\":[{\"@type\":\"SearchAction\",\"target\":{\"@type\":\"EntryPoint\",\"urlTemplate\":\"https:\\\/\\\/disimi.hr\\\/?s={search_term_string}\"},\"query-input\":{\"@type\":\"PropertyValueSpecification\",\"valueRequired\":true,\"valueName\":\"search_term_string\"}}],\"inLanguage\":\"de\"},{\"@type\":\"Organization\",\"@id\":\"https:\\\/\\\/disimi.hr\\\/#organization\",\"name\":\"DiSiMi?\",\"url\":\"https:\\\/\\\/disimi.hr\\\/\",\"logo\":{\"@type\":\"ImageObject\",\"inLanguage\":\"de\",\"@id\":\"https:\\\/\\\/disimi.hr\\\/#\\\/schema\\\/logo\\\/image\\\/\",\"url\":\"https:\\\/\\\/disimi.hr\\\/wp-content\\\/uploads\\\/2022\\\/02\\\/logo2.jpg\",\"contentUrl\":\"https:\\\/\\\/disimi.hr\\\/wp-content\\\/uploads\\\/2022\\\/02\\\/logo2.jpg\",\"width\":250,\"height\":79,\"caption\":\"DiSiMi?\"},\"image\":{\"@id\":\"https:\\\/\\\/disimi.hr\\\/#\\\/schema\\\/logo\\\/image\\\/\"},\"sameAs\":[\"https:\\\/\\\/www.facebook.com\\\/DISIMI.hr\\\/\",\"https:\\\/\\\/www.instagram.com\\\/disimi.hr\\\/\"]}]}<\/script>\n<!-- \/ Yoast SEO plugin. -->","yoast_head_json":{"title":"Hausschuhe \u201eLiebe Katzenstreifen\u201c - pzk021 - DISIMI?","robots":{"index":"index","follow":"follow","max-snippet":"max-snippet:-1","max-image-preview":"max-image-preview:large","max-video-preview":"max-video-preview:-1"},"canonical":"https:\/\/disimi.hr\/de\/produkt\/papuce-love-cats-stripes\/","og_locale":"de_DE","og_type":"article","og_title":"Hausschuhe \u201eLiebe Katzenstreifen\u201c - pzk021 - DISIMI?","og_description":"1. Obermaterial: PVC \u2013 einzigartiges und attraktives Design 2. Innenmaterial: Textil mit spezieller Verst\u00e4rkung im Zehenbereich 3. Futter\/Innensohle: Textil \u2013 unter der Innensohle befindet sich eine 5 mm dicke PU-Schaumschicht f\u00fcr optimalen Komfort 4. Sohle: PVC + EVA \u2013 hervorragende Haftung des Schuhs auf dem Untergrund          GR\u00d6SSE L\u00c4NGE IN MILLIMETERN        37  231    38  238    39  242    40  252    41  260    42  265","og_url":"https:\/\/disimi.hr\/de\/produkt\/papuce-love-cats-stripes\/","og_site_name":"DISIMI?","article_publisher":"https:\/\/www.facebook.com\/DISIMI.hr\/","article_modified_time":"2026-04-20T11:50:42+00:00","og_image":[{"width":800,"height":800,"url":"https:\/\/disimi.hr\/wp-content\/uploads\/2021\/08\/PZK021-W.jpg","type":"image\/jpeg"}],"twitter_card":"summary_large_image","twitter_misc":{"Gesch\u00e4tzte Lesezeit":"2\u00a0Minute"},"schema":{"@context":"https:\/\/schema.org","@graph":[{"@type":"WebPage","@id":"https:\/\/disimi.hr\/de\/produkt\/papuce-love-cats-stripes\/","url":"https:\/\/disimi.hr\/de\/produkt\/papuce-love-cats-stripes\/","name":"Hausschuhe \u201eLiebe Katzenstreifen\u201c - pzk021 - DISIMI?","isPartOf":{"@id":"https:\/\/disimi.hr\/#website"},"primaryImageOfPage":{"@id":"https:\/\/disimi.hr\/de\/produkt\/papuce-love-cats-stripes\/#primaryimage"},"image":{"@id":"https:\/\/disimi.hr\/de\/produkt\/papuce-love-cats-stripes\/#primaryimage"},"thumbnailUrl":"https:\/\/disimi.hr\/wp-content\/uploads\/2021\/08\/PZK021-W.jpg","datePublished":"2021-08-31T08:56:33+00:00","dateModified":"2026-04-20T11:50:42+00:00","breadcrumb":{"@id":"https:\/\/disimi.hr\/de\/produkt\/papuce-love-cats-stripes\/#breadcrumb"},"inLanguage":"de","potentialAction":[{"@type":"ReadAction","target":["https:\/\/disimi.hr\/de\/produkt\/papuce-love-cats-stripes\/"]}]},{"@type":"ImageObject","inLanguage":"de","@id":"https:\/\/disimi.hr\/de\/produkt\/papuce-love-cats-stripes\/#primaryimage","url":"https:\/\/disimi.hr\/wp-content\/uploads\/2021\/08\/PZK021-W.jpg","contentUrl":"https:\/\/disimi.hr\/wp-content\/uploads\/2021\/08\/PZK021-W.jpg","width":800,"height":800},{"@type":"BreadcrumbList","@id":"https:\/\/disimi.hr\/de\/produkt\/papuce-love-cats-stripes\/#breadcrumb","itemListElement":[{"@type":"ListItem","position":1,"name":"Po\u010detna stranica","item":"https:\/\/disimi.hr\/de\/"},{"@type":"ListItem","position":2,"name":"Produkte","item":"https:\/\/disimi.hr\/de\/produkte\/"},{"@type":"ListItem","position":3,"name":"Hausschuhe \u201eLiebe Katzenstreifen\u201c &#8211; pzk021"}]},{"@type":"WebSite","@id":"https:\/\/disimi.hr\/#website","url":"https:\/\/disimi.hr\/","name":"DISIMI?","description":"Hrvatski brand i jedinstveni dizajn!","publisher":{"@id":"https:\/\/disimi.hr\/#organization"},"potentialAction":[{"@type":"SearchAction","target":{"@type":"EntryPoint","urlTemplate":"https:\/\/disimi.hr\/?s={search_term_string}"},"query-input":{"@type":"PropertyValueSpecification","valueRequired":true,"valueName":"search_term_string"}}],"inLanguage":"de"},{"@type":"Organization","@id":"https:\/\/disimi.hr\/#organization","name":"DiSiMi?","url":"https:\/\/disimi.hr\/","logo":{"@type":"ImageObject","inLanguage":"de","@id":"https:\/\/disimi.hr\/#\/schema\/logo\/image\/","url":"https:\/\/disimi.hr\/wp-content\/uploads\/2022\/02\/logo2.jpg","contentUrl":"https:\/\/disimi.hr\/wp-content\/uploads\/2022\/02\/logo2.jpg","width":250,"height":79,"caption":"DiSiMi?"},"image":{"@id":"https:\/\/disimi.hr\/#\/schema\/logo\/image\/"},"sameAs":["https:\/\/www.facebook.com\/DISIMI.hr\/","https:\/\/www.instagram.com\/disimi.hr\/"]}]}},"_links":{"self":[{"href":"https:\/\/disimi.hr\/de\/wp-json\/wp\/v2\/product\/119489","targetHints":{"allow":["GET"]}}],"collection":[{"href":"https:\/\/disimi.hr\/de\/wp-json\/wp\/v2\/product"}],"about":[{"href":"https:\/\/disimi.hr\/de\/wp-json\/wp\/v2\/types\/product"}],"wp:featuredmedia":[{"embeddable":true,"href":"https:\/\/disimi.hr\/de\/wp-json\/wp\/v2\/media\/124639"}],"wp:attachment":[{"href":"https:\/\/disimi.hr\/de\/wp-json\/wp\/v2\/media?parent=119489"}],"wp:term":[{"taxonomy":"product_brand","embeddable":true,"href":"https:\/\/disimi.hr\/de\/wp-json\/wp\/v2\/product_brand?post=119489"},{"taxonomy":"product_cat","embeddable":true,"href":"https:\/\/disimi.hr\/de\/wp-json\/wp\/v2\/product_cat?post=119489"},{"taxonomy":"product_tag","embeddable":true,"href":"https:\/\/disimi.hr\/de\/wp-json\/wp\/v2\/product_tag?post=119489"}],"curies":[{"name":"wp","href":"https:\/\/api.w.org\/{rel}","templated":true}]}}