{"id":119231,"date":"2022-05-06T20:54:34","date_gmt":"2022-05-06T18:54:34","guid":{"rendered":"https:\/\/disimi.hr\/proizvod\/torba-ceker-velika-floramye-tzf2226\/"},"modified":"2026-04-20T13:53:13","modified_gmt":"2026-04-20T11:53:13","slug":"torba-ceker-velika-floramye-tzf2226","status":"publish","type":"product","link":"https:\/\/disimi.hr\/de\/produkt\/torba-ceker-velika-floramye-tzf2226\/","title":{"rendered":"Karierte Tasche \u201eVelika floramye\u201c, Ma\u00dfe 55 x 36 x 15 cm \u2013 tzf2226"},"content":{"rendered":"<div class=\"wpb-content-wrapper\"><p>[vc_row][vc_column][vc_column_text woodmart_inline=&#8221;no&#8221; text_larger=&#8221;yes&#8221;]<\/p>\n<p style=\"text-align: center;\"><strong>Modeaccessoires, von denen wir uns nicht trennen k\u00f6nnen<\/strong><\/p>\n<p style=\"text-align: center;\">Eine Tasche in Form eines ewigen Karomusters aus Naturmaterial \u2013 getrocknetem Seegras!<\/p>\n<p style=\"text-align: center;\"><strong>Das perfekte Geschenk \u2026 nur f\u00fcr Sie!<\/strong><\/p>\n<p style=\"text-align: center;\"><strong>\u2714 Eine Tasche, die zu jedem Outfit passt<\/strong>, f\u00fcr einen l\u00e4ssigen Look<\/p>\n<p style=\"text-align: center;\"><strong>\u2714 Sie sparen Geld:<\/strong> Trotz ihrer hohen Qualit\u00e4t ist sie f\u00fcr jedes Budget erschwinglich.<\/p>\n<p>[\/vc_column_text][vc_row_inner][vc_column_inner width=&#8221;1\/2&#8243;][vc_single_image image=&#8221;2580&#8243; img_size=&#8221;full&#8221; alignment=&#8221;center&#8221; parallax_scroll=&#8221;no&#8221; woodmart_inline=&#8221;no&#8221;][\/vc_column_inner][vc_column_inner width=&#8221;1\/2&#8243;][vc_single_image image=&#8221;7452&#8243; img_size=&#8221;full&#8221; alignment=&#8221;center&#8221; parallax_scroll=&#8221;no&#8221; woodmart_inline=&#8221;no&#8221;][\/vc_column_inner][\/vc_row_inner][vc_row_inner][vc_column_inner][vc_column_text woodmart_inline=&#8221;no&#8221; text_larger=&#8221;no&#8221;]<\/p>\n<div>\n<p style=\"text-align: center;\">Wir sind fest davon \u00fcberzeugt, dass unsere Taschen von h\u00f6chster Qualit\u00e4t und mit erstklassigem Design sind. Wir glauben so sehr an unser Produkt, dass wir sicher sind, es wird Sie begeistern. Sollten die DiSiMi?-Taschen Ihre Erwartungen nicht erf\u00fcllen, k\u00f6nnen Sie sie jederzeit zur\u00fcckgeben und wir erstatten Ihnen innerhalb der ersten 30 Tage den vollen Kaufpreis.<\/p>\n<\/div>\n<p>[\/vc_column_text][\/vc_column_inner][\/vc_row_inner][\/vc_column][\/vc_row]<\/p>\n<\/div>","protected":false},"excerpt":{"rendered":"<p>Stricktasche f\u00fcr Strand und alle Sommer-Outfits. Diese Tasche aus Naturmaterial ist vielseitig kombinierbar \u2013 ob beim Kaffeetrinken mit Freunden, beim Ausgehen, am Strand, im B\u00fcro oder anderswo. Sie sch\u00fctzt Ihre Sachen besonders gut vor der Sonne, da sie sich weniger aufheizt als andere Materialien und ist daher ideal f\u00fcr den Strand. Die gro\u00dfe Stricktasche passt perfekt zu einem unbeschwerten, luftigen Sommer-Look. Material: Seegras. Mit Futter. Ma\u00dfe: 55 x 36 x 15 cm. Zwei Henkel: Der l\u00e4ngere ist 40 cm, der k\u00fcrzere 11 cm hoch. Mit Kordelzug zum Verschlie\u00dfen. Genie\u00dfen Sie den Sommer!<\/p>\n","protected":false},"featured_media":124995,"template":"","meta":[],"product_brand":[],"product_cat":[215,216],"product_tag":[],"class_list":{"0":"post-119231","1":"product","2":"type-product","3":"status-publish","4":"has-post-thumbnail","6":"product_cat-sommertaschen","7":"product_cat-taschen","9":"first","10":"instock","11":"taxable","12":"shipping-taxable","13":"purchasable","14":"product-type-simple"},"yoast_head":"<!-- This site is optimized with the Yoast SEO plugin v27.5 - https:\/\/yoast.com\/product\/yoast-seo-wordpress\/ -->\n<title>Karierte Tasche \u201eVelika floramye\u201c, Ma\u00dfe 55 x 36 x 15 cm \u2013 tzf2226 - DISIMI?<\/title>\n<meta name=\"robots\" content=\"index, follow, max-snippet:-1, max-image-preview:large, max-video-preview:-1\" \/>\n<link rel=\"canonical\" href=\"https:\/\/disimi.hr\/de\/produkt\/torba-ceker-velika-floramye-tzf2226\/\" \/>\n<meta property=\"og:locale\" content=\"de_DE\" \/>\n<meta property=\"og:type\" content=\"article\" \/>\n<meta property=\"og:title\" content=\"Karierte Tasche \u201eVelika floramye\u201c, Ma\u00dfe 55 x 36 x 15 cm \u2013 tzf2226 - DISIMI?\" \/>\n<meta property=\"og:description\" content=\"Stricktasche f\u00fcr Strand und alle Sommer-Outfits. Diese Tasche aus Naturmaterial ist vielseitig kombinierbar \u2013 ob beim Kaffeetrinken mit Freunden, beim Ausgehen, am Strand, im B\u00fcro oder anderswo. Sie sch\u00fctzt Ihre Sachen besonders gut vor der Sonne, da sie sich weniger aufheizt als andere Materialien und ist daher ideal f\u00fcr den Strand. Die gro\u00dfe Stricktasche passt perfekt zu einem unbeschwerten, luftigen Sommer-Look. Material: Seegras. Mit Futter. Ma\u00dfe: 55 x 36 x 15 cm. Zwei Henkel: Der l\u00e4ngere ist 40 cm, der k\u00fcrzere 11 cm hoch. Mit Kordelzug zum Verschlie\u00dfen. Genie\u00dfen Sie den Sommer!\" \/>\n<meta property=\"og:url\" content=\"https:\/\/disimi.hr\/de\/produkt\/torba-ceker-velika-floramye-tzf2226\/\" \/>\n<meta property=\"og:site_name\" content=\"DISIMI?\" \/>\n<meta property=\"article:publisher\" content=\"https:\/\/www.facebook.com\/DISIMI.hr\/\" \/>\n<meta property=\"article:modified_time\" content=\"2026-04-20T11:53:13+00:00\" \/>\n<meta property=\"og:image\" content=\"https:\/\/disimi.hr\/wp-content\/uploads\/2022\/05\/tzf2226-W.jpg\" \/>\n\t<meta property=\"og:image:width\" content=\"800\" \/>\n\t<meta property=\"og:image:height\" content=\"800\" \/>\n\t<meta property=\"og:image:type\" content=\"image\/jpeg\" \/>\n<meta name=\"twitter:card\" content=\"summary_large_image\" \/>\n<meta name=\"twitter:label1\" content=\"Gesch\u00e4tzte Lesezeit\" \/>\n\t<meta name=\"twitter:data1\" content=\"1\u00a0Minute\" \/>\n<script type=\"application\/ld+json\" class=\"yoast-schema-graph\">{\"@context\":\"https:\\\/\\\/schema.org\",\"@graph\":[{\"@type\":\"WebPage\",\"@id\":\"https:\\\/\\\/disimi.hr\\\/de\\\/produkt\\\/torba-ceker-velika-floramye-tzf2226\\\/\",\"url\":\"https:\\\/\\\/disimi.hr\\\/de\\\/produkt\\\/torba-ceker-velika-floramye-tzf2226\\\/\",\"name\":\"Karierte Tasche \u201eVelika floramye\u201c, Ma\u00dfe 55 x 36 x 15 cm \u2013 tzf2226 - DISIMI?\",\"isPartOf\":{\"@id\":\"https:\\\/\\\/disimi.hr\\\/#website\"},\"primaryImageOfPage\":{\"@id\":\"https:\\\/\\\/disimi.hr\\\/de\\\/produkt\\\/torba-ceker-velika-floramye-tzf2226\\\/#primaryimage\"},\"image\":{\"@id\":\"https:\\\/\\\/disimi.hr\\\/de\\\/produkt\\\/torba-ceker-velika-floramye-tzf2226\\\/#primaryimage\"},\"thumbnailUrl\":\"https:\\\/\\\/disimi.hr\\\/wp-content\\\/uploads\\\/2022\\\/05\\\/tzf2226-W.jpg\",\"datePublished\":\"2022-05-06T18:54:34+00:00\",\"dateModified\":\"2026-04-20T11:53:13+00:00\",\"breadcrumb\":{\"@id\":\"https:\\\/\\\/disimi.hr\\\/de\\\/produkt\\\/torba-ceker-velika-floramye-tzf2226\\\/#breadcrumb\"},\"inLanguage\":\"de\",\"potentialAction\":[{\"@type\":\"ReadAction\",\"target\":[\"https:\\\/\\\/disimi.hr\\\/de\\\/produkt\\\/torba-ceker-velika-floramye-tzf2226\\\/\"]}]},{\"@type\":\"ImageObject\",\"inLanguage\":\"de\",\"@id\":\"https:\\\/\\\/disimi.hr\\\/de\\\/produkt\\\/torba-ceker-velika-floramye-tzf2226\\\/#primaryimage\",\"url\":\"https:\\\/\\\/disimi.hr\\\/wp-content\\\/uploads\\\/2022\\\/05\\\/tzf2226-W.jpg\",\"contentUrl\":\"https:\\\/\\\/disimi.hr\\\/wp-content\\\/uploads\\\/2022\\\/05\\\/tzf2226-W.jpg\",\"width\":800,\"height\":800},{\"@type\":\"BreadcrumbList\",\"@id\":\"https:\\\/\\\/disimi.hr\\\/de\\\/produkt\\\/torba-ceker-velika-floramye-tzf2226\\\/#breadcrumb\",\"itemListElement\":[{\"@type\":\"ListItem\",\"position\":1,\"name\":\"Po\u010detna stranica\",\"item\":\"https:\\\/\\\/disimi.hr\\\/de\\\/\"},{\"@type\":\"ListItem\",\"position\":2,\"name\":\"Produkte\",\"item\":\"https:\\\/\\\/disimi.hr\\\/de\\\/produkte\\\/\"},{\"@type\":\"ListItem\",\"position\":3,\"name\":\"Karierte Tasche \u201eVelika floramye\u201c, Ma\u00dfe 55 x 36 x 15 cm \u2013 tzf2226\"}]},{\"@type\":\"WebSite\",\"@id\":\"https:\\\/\\\/disimi.hr\\\/#website\",\"url\":\"https:\\\/\\\/disimi.hr\\\/\",\"name\":\"DISIMI?\",\"description\":\"Hrvatski brand i jedinstveni dizajn!\",\"publisher\":{\"@id\":\"https:\\\/\\\/disimi.hr\\\/#organization\"},\"potentialAction\":[{\"@type\":\"SearchAction\",\"target\":{\"@type\":\"EntryPoint\",\"urlTemplate\":\"https:\\\/\\\/disimi.hr\\\/?s={search_term_string}\"},\"query-input\":{\"@type\":\"PropertyValueSpecification\",\"valueRequired\":true,\"valueName\":\"search_term_string\"}}],\"inLanguage\":\"de\"},{\"@type\":\"Organization\",\"@id\":\"https:\\\/\\\/disimi.hr\\\/#organization\",\"name\":\"DiSiMi?\",\"url\":\"https:\\\/\\\/disimi.hr\\\/\",\"logo\":{\"@type\":\"ImageObject\",\"inLanguage\":\"de\",\"@id\":\"https:\\\/\\\/disimi.hr\\\/#\\\/schema\\\/logo\\\/image\\\/\",\"url\":\"https:\\\/\\\/disimi.hr\\\/wp-content\\\/uploads\\\/2022\\\/02\\\/logo2.jpg\",\"contentUrl\":\"https:\\\/\\\/disimi.hr\\\/wp-content\\\/uploads\\\/2022\\\/02\\\/logo2.jpg\",\"width\":250,\"height\":79,\"caption\":\"DiSiMi?\"},\"image\":{\"@id\":\"https:\\\/\\\/disimi.hr\\\/#\\\/schema\\\/logo\\\/image\\\/\"},\"sameAs\":[\"https:\\\/\\\/www.facebook.com\\\/DISIMI.hr\\\/\",\"https:\\\/\\\/www.instagram.com\\\/disimi.hr\\\/\"]}]}<\/script>\n<!-- \/ Yoast SEO plugin. -->","yoast_head_json":{"title":"Karierte Tasche \u201eVelika floramye\u201c, Ma\u00dfe 55 x 36 x 15 cm \u2013 tzf2226 - DISIMI?","robots":{"index":"index","follow":"follow","max-snippet":"max-snippet:-1","max-image-preview":"max-image-preview:large","max-video-preview":"max-video-preview:-1"},"canonical":"https:\/\/disimi.hr\/de\/produkt\/torba-ceker-velika-floramye-tzf2226\/","og_locale":"de_DE","og_type":"article","og_title":"Karierte Tasche \u201eVelika floramye\u201c, Ma\u00dfe 55 x 36 x 15 cm \u2013 tzf2226 - DISIMI?","og_description":"Stricktasche f\u00fcr Strand und alle Sommer-Outfits. Diese Tasche aus Naturmaterial ist vielseitig kombinierbar \u2013 ob beim Kaffeetrinken mit Freunden, beim Ausgehen, am Strand, im B\u00fcro oder anderswo. Sie sch\u00fctzt Ihre Sachen besonders gut vor der Sonne, da sie sich weniger aufheizt als andere Materialien und ist daher ideal f\u00fcr den Strand. Die gro\u00dfe Stricktasche passt perfekt zu einem unbeschwerten, luftigen Sommer-Look. Material: Seegras. Mit Futter. Ma\u00dfe: 55 x 36 x 15 cm. Zwei Henkel: Der l\u00e4ngere ist 40 cm, der k\u00fcrzere 11 cm hoch. Mit Kordelzug zum Verschlie\u00dfen. Genie\u00dfen Sie den Sommer!","og_url":"https:\/\/disimi.hr\/de\/produkt\/torba-ceker-velika-floramye-tzf2226\/","og_site_name":"DISIMI?","article_publisher":"https:\/\/www.facebook.com\/DISIMI.hr\/","article_modified_time":"2026-04-20T11:53:13+00:00","og_image":[{"width":800,"height":800,"url":"https:\/\/disimi.hr\/wp-content\/uploads\/2022\/05\/tzf2226-W.jpg","type":"image\/jpeg"}],"twitter_card":"summary_large_image","twitter_misc":{"Gesch\u00e4tzte Lesezeit":"1\u00a0Minute"},"schema":{"@context":"https:\/\/schema.org","@graph":[{"@type":"WebPage","@id":"https:\/\/disimi.hr\/de\/produkt\/torba-ceker-velika-floramye-tzf2226\/","url":"https:\/\/disimi.hr\/de\/produkt\/torba-ceker-velika-floramye-tzf2226\/","name":"Karierte Tasche \u201eVelika floramye\u201c, Ma\u00dfe 55 x 36 x 15 cm \u2013 tzf2226 - DISIMI?","isPartOf":{"@id":"https:\/\/disimi.hr\/#website"},"primaryImageOfPage":{"@id":"https:\/\/disimi.hr\/de\/produkt\/torba-ceker-velika-floramye-tzf2226\/#primaryimage"},"image":{"@id":"https:\/\/disimi.hr\/de\/produkt\/torba-ceker-velika-floramye-tzf2226\/#primaryimage"},"thumbnailUrl":"https:\/\/disimi.hr\/wp-content\/uploads\/2022\/05\/tzf2226-W.jpg","datePublished":"2022-05-06T18:54:34+00:00","dateModified":"2026-04-20T11:53:13+00:00","breadcrumb":{"@id":"https:\/\/disimi.hr\/de\/produkt\/torba-ceker-velika-floramye-tzf2226\/#breadcrumb"},"inLanguage":"de","potentialAction":[{"@type":"ReadAction","target":["https:\/\/disimi.hr\/de\/produkt\/torba-ceker-velika-floramye-tzf2226\/"]}]},{"@type":"ImageObject","inLanguage":"de","@id":"https:\/\/disimi.hr\/de\/produkt\/torba-ceker-velika-floramye-tzf2226\/#primaryimage","url":"https:\/\/disimi.hr\/wp-content\/uploads\/2022\/05\/tzf2226-W.jpg","contentUrl":"https:\/\/disimi.hr\/wp-content\/uploads\/2022\/05\/tzf2226-W.jpg","width":800,"height":800},{"@type":"BreadcrumbList","@id":"https:\/\/disimi.hr\/de\/produkt\/torba-ceker-velika-floramye-tzf2226\/#breadcrumb","itemListElement":[{"@type":"ListItem","position":1,"name":"Po\u010detna stranica","item":"https:\/\/disimi.hr\/de\/"},{"@type":"ListItem","position":2,"name":"Produkte","item":"https:\/\/disimi.hr\/de\/produkte\/"},{"@type":"ListItem","position":3,"name":"Karierte Tasche \u201eVelika floramye\u201c, Ma\u00dfe 55 x 36 x 15 cm \u2013 tzf2226"}]},{"@type":"WebSite","@id":"https:\/\/disimi.hr\/#website","url":"https:\/\/disimi.hr\/","name":"DISIMI?","description":"Hrvatski brand i jedinstveni dizajn!","publisher":{"@id":"https:\/\/disimi.hr\/#organization"},"potentialAction":[{"@type":"SearchAction","target":{"@type":"EntryPoint","urlTemplate":"https:\/\/disimi.hr\/?s={search_term_string}"},"query-input":{"@type":"PropertyValueSpecification","valueRequired":true,"valueName":"search_term_string"}}],"inLanguage":"de"},{"@type":"Organization","@id":"https:\/\/disimi.hr\/#organization","name":"DiSiMi?","url":"https:\/\/disimi.hr\/","logo":{"@type":"ImageObject","inLanguage":"de","@id":"https:\/\/disimi.hr\/#\/schema\/logo\/image\/","url":"https:\/\/disimi.hr\/wp-content\/uploads\/2022\/02\/logo2.jpg","contentUrl":"https:\/\/disimi.hr\/wp-content\/uploads\/2022\/02\/logo2.jpg","width":250,"height":79,"caption":"DiSiMi?"},"image":{"@id":"https:\/\/disimi.hr\/#\/schema\/logo\/image\/"},"sameAs":["https:\/\/www.facebook.com\/DISIMI.hr\/","https:\/\/www.instagram.com\/disimi.hr\/"]}]}},"_links":{"self":[{"href":"https:\/\/disimi.hr\/de\/wp-json\/wp\/v2\/product\/119231","targetHints":{"allow":["GET"]}}],"collection":[{"href":"https:\/\/disimi.hr\/de\/wp-json\/wp\/v2\/product"}],"about":[{"href":"https:\/\/disimi.hr\/de\/wp-json\/wp\/v2\/types\/product"}],"wp:featuredmedia":[{"embeddable":true,"href":"https:\/\/disimi.hr\/de\/wp-json\/wp\/v2\/media\/124995"}],"wp:attachment":[{"href":"https:\/\/disimi.hr\/de\/wp-json\/wp\/v2\/media?parent=119231"}],"wp:term":[{"taxonomy":"product_brand","embeddable":true,"href":"https:\/\/disimi.hr\/de\/wp-json\/wp\/v2\/product_brand?post=119231"},{"taxonomy":"product_cat","embeddable":true,"href":"https:\/\/disimi.hr\/de\/wp-json\/wp\/v2\/product_cat?post=119231"},{"taxonomy":"product_tag","embeddable":true,"href":"https:\/\/disimi.hr\/de\/wp-json\/wp\/v2\/product_tag?post=119231"}],"curies":[{"name":"wp","href":"https:\/\/api.w.org\/{rel}","templated":true}]}}