{"id":119213,"date":"2022-05-06T21:10:32","date_gmt":"2022-05-06T19:10:32","guid":{"rendered":"https:\/\/disimi.hr\/proizvod\/torba-ceker-okrugla-aaaaa-di-si-ti-tzf2229\/"},"modified":"2026-05-06T10:31:24","modified_gmt":"2026-05-06T08:31:24","slug":"torba-ceker-okrugla-aaaaa-di-si-ti-tzf2229","status":"publish","type":"product","link":"https:\/\/disimi.hr\/de\/produkt\/torba-ceker-okrugla-aaaaa-di-si-ti-tzf2229\/","title":{"rendered":"Runde karierte Tasche \u201eAaaaa wo bist du?\u201c Durchmesser 26 cm, Tiefe 10 cm \u2013 tzf2229"},"content":{"rendered":"<div class=\"wpb-content-wrapper\"><p>[vc_row][vc_column][vc_column_text woodmart_inline=&#8221;no&#8221; text_larger=&#8221;yes&#8221;] <\/p>\n<p style=\"text-align: center\"><strong>Modeaccessoires, von denen wir uns nicht trennen<\/strong><\/p>\n<p style=\"text-align: center\">Runde Tasche aus nat\u00fcrlichem Webmaterial \u2013 getrocknetem Seegras!<\/p>\n<p style=\"text-align: center\"><strong>Das perfekte Geschenk f\u00fcr&#8230; dich!<\/strong> Diese Tasche macht keine Kompromisse beim Design. Eine Tasche ist ein wesentlicher Bestandteil der Identit\u00e4t einer Frau und muss daher das gewisse Etwas haben.<\/p>\n<p style=\"text-align: center\"><strong>\u2714 Was ist wichtiger als eine Tasche?<\/strong> Selbst wenn Frauen das ganze Geld der Welt h\u00e4tten, w\u00fcrden sie sich sicher nicht alle Taschen leisten k\u00f6nnen, die sie m\u00f6gen \u2013 und vor allem brauchen sie all diese Taschen. Eine Tasche ist ein unverzichtbarer Bestandteil jedes gelungenen Outfits. Oftmals macht schon der Wechsel der Tasche den entscheidenden Unterschied. Woran liegt das? Denn eine Tasche ist ein modisches Accessoire, das das Ganze abrundet, hervorsticht und somit Aufmerksamkeit erregt.<\/p>\n<p>[\/vc_column_text][vc_row_inner][vc_column_inner width=&#8221;1\/2&#8243;][vc_single_image image=&#8221;2580&#8243; img_size=&#8221;full&#8221; alignment=&#8221;center&#8221; parallax_scroll=&#8221;no&#8221; woodmart_inline=&#8221;no&#8221;][\/vc_column_inner][vc_column_inner width=&#8221;1\/2&#8243;][vc_single_image image=&#8221;7452&#8243; img_size=&#8221;full&#8221; alignment=&#8221;center&#8221; parallax_scroll=&#8221;no&#8221; woodmart_inline=&#8221;no&#8221;][\/vc_column_inner][\/vc_row_inner][vc_row_inner][vc_column_inner][vc_column_text woodmart_inline=&#8221;no&#8221; text_larger=&#8221;no&#8221;] <\/p>\n<div>\n<p style=\"text-align: center;\"> Wir sind fest davon \u00fcberzeugt, dass unsere Taschen von h\u00f6chster Qualit\u00e4t und mit erstklassigem Design sind. Wir glauben so sehr an unser Produkt, dass wir sicher sind, dass es Sie begeistern wird. Sollten die DiSiMi?-Taschen Ihre Erwartungen nicht erf\u00fcllen, k\u00f6nnen Sie sie jederzeit zur\u00fcckgeben und wir erstatten Ihnen den vollen Kaufpreis innerhalb der ersten 30 Tage.<\/p>\n<\/div>\n<p>[\/vc_column_text][\/vc_column_inner][\/vc_row_inner][\/vc_column][\/vc_row]<\/p>\n<\/div>","protected":false},"excerpt":{"rendered":"<p>Stricktasche f\u00fcr Strand und alle Sommer-Outfits. Diese Tasche aus Naturmaterial ist vielseitig kombinierbar \u2013 ob zum Kaffeetrinken mit Freunden, zum Ausgehen, am Strand, im B\u00fcro oder anderswo. Sie sch\u00fctzt Ihre Sachen besonders gut vor der Sonne, da sie sich weniger stark aufheizt als andere Materialien und ist daher ideal f\u00fcr den Strand. Diese Stricktasche passt perfekt zu einem unbeschwerten, luftigen Sommer-Look. Material: Seegras. Mit Futter. Ma\u00dfe: Durchmesser 26 cm, Tiefe 10 cm. Zwei Tragegriffe: Der l\u00e4ngere Griff ist verstellbar (bis zu 48 cm hoch), der k\u00fcrzere Griff ist 10 cm hoch. Genie\u00dfen Sie den Sommer!<\/p>\n","protected":false},"featured_media":126068,"template":"","meta":[],"product_brand":[],"product_cat":[215,216],"product_tag":[],"class_list":{"0":"post-119213","1":"product","2":"type-product","3":"status-publish","4":"has-post-thumbnail","6":"product_cat-sommertaschen","7":"product_cat-taschen","9":"first","10":"instock","11":"taxable","12":"shipping-taxable","13":"purchasable","14":"product-type-simple"},"yoast_head":"<!-- This site is optimized with the Yoast SEO plugin v27.5 - https:\/\/yoast.com\/product\/yoast-seo-wordpress\/ -->\n<title>Runde karierte Tasche \u201eAaaaa wo bist du?\u201c Durchmesser 26 cm, Tiefe 10 cm \u2013 tzf2229 - DISIMI?<\/title>\n<meta name=\"robots\" content=\"index, follow, max-snippet:-1, max-image-preview:large, max-video-preview:-1\" \/>\n<link rel=\"canonical\" href=\"https:\/\/disimi.hr\/de\/produkt\/torba-ceker-okrugla-aaaaa-di-si-ti-tzf2229\/\" \/>\n<meta property=\"og:locale\" content=\"de_DE\" \/>\n<meta property=\"og:type\" content=\"article\" \/>\n<meta property=\"og:title\" content=\"Runde karierte Tasche \u201eAaaaa wo bist du?\u201c Durchmesser 26 cm, Tiefe 10 cm \u2013 tzf2229 - DISIMI?\" \/>\n<meta property=\"og:description\" content=\"Stricktasche f\u00fcr Strand und alle Sommer-Outfits. Diese Tasche aus Naturmaterial ist vielseitig kombinierbar \u2013 ob zum Kaffeetrinken mit Freunden, zum Ausgehen, am Strand, im B\u00fcro oder anderswo. Sie sch\u00fctzt Ihre Sachen besonders gut vor der Sonne, da sie sich weniger stark aufheizt als andere Materialien und ist daher ideal f\u00fcr den Strand. Diese Stricktasche passt perfekt zu einem unbeschwerten, luftigen Sommer-Look. Material: Seegras. Mit Futter. Ma\u00dfe: Durchmesser 26 cm, Tiefe 10 cm. Zwei Tragegriffe: Der l\u00e4ngere Griff ist verstellbar (bis zu 48 cm hoch), der k\u00fcrzere Griff ist 10 cm hoch. Genie\u00dfen Sie den Sommer!\" \/>\n<meta property=\"og:url\" content=\"https:\/\/disimi.hr\/de\/produkt\/torba-ceker-okrugla-aaaaa-di-si-ti-tzf2229\/\" \/>\n<meta property=\"og:site_name\" content=\"DISIMI?\" \/>\n<meta property=\"article:publisher\" content=\"https:\/\/www.facebook.com\/DISIMI.hr\/\" \/>\n<meta property=\"article:modified_time\" content=\"2026-05-06T08:31:24+00:00\" \/>\n<meta property=\"og:image\" content=\"https:\/\/disimi.hr\/wp-content\/uploads\/2022\/05\/tzf2229W.jpg\" \/>\n\t<meta property=\"og:image:width\" content=\"800\" \/>\n\t<meta property=\"og:image:height\" content=\"800\" \/>\n\t<meta property=\"og:image:type\" content=\"image\/jpeg\" \/>\n<meta name=\"twitter:card\" content=\"summary_large_image\" \/>\n<meta name=\"twitter:label1\" content=\"Gesch\u00e4tzte Lesezeit\" \/>\n\t<meta name=\"twitter:data1\" content=\"1\u00a0Minute\" \/>\n<script type=\"application\/ld+json\" class=\"yoast-schema-graph\">{\"@context\":\"https:\\\/\\\/schema.org\",\"@graph\":[{\"@type\":\"WebPage\",\"@id\":\"https:\\\/\\\/disimi.hr\\\/de\\\/produkt\\\/torba-ceker-okrugla-aaaaa-di-si-ti-tzf2229\\\/\",\"url\":\"https:\\\/\\\/disimi.hr\\\/de\\\/produkt\\\/torba-ceker-okrugla-aaaaa-di-si-ti-tzf2229\\\/\",\"name\":\"Runde karierte Tasche \u201eAaaaa wo bist du?\u201c Durchmesser 26 cm, Tiefe 10 cm \u2013 tzf2229 - DISIMI?\",\"isPartOf\":{\"@id\":\"https:\\\/\\\/disimi.hr\\\/#website\"},\"primaryImageOfPage\":{\"@id\":\"https:\\\/\\\/disimi.hr\\\/de\\\/produkt\\\/torba-ceker-okrugla-aaaaa-di-si-ti-tzf2229\\\/#primaryimage\"},\"image\":{\"@id\":\"https:\\\/\\\/disimi.hr\\\/de\\\/produkt\\\/torba-ceker-okrugla-aaaaa-di-si-ti-tzf2229\\\/#primaryimage\"},\"thumbnailUrl\":\"https:\\\/\\\/disimi.hr\\\/wp-content\\\/uploads\\\/2022\\\/05\\\/tzf2229W.jpg\",\"datePublished\":\"2022-05-06T19:10:32+00:00\",\"dateModified\":\"2026-05-06T08:31:24+00:00\",\"breadcrumb\":{\"@id\":\"https:\\\/\\\/disimi.hr\\\/de\\\/produkt\\\/torba-ceker-okrugla-aaaaa-di-si-ti-tzf2229\\\/#breadcrumb\"},\"inLanguage\":\"de\",\"potentialAction\":[{\"@type\":\"ReadAction\",\"target\":[\"https:\\\/\\\/disimi.hr\\\/de\\\/produkt\\\/torba-ceker-okrugla-aaaaa-di-si-ti-tzf2229\\\/\"]}]},{\"@type\":\"ImageObject\",\"inLanguage\":\"de\",\"@id\":\"https:\\\/\\\/disimi.hr\\\/de\\\/produkt\\\/torba-ceker-okrugla-aaaaa-di-si-ti-tzf2229\\\/#primaryimage\",\"url\":\"https:\\\/\\\/disimi.hr\\\/wp-content\\\/uploads\\\/2022\\\/05\\\/tzf2229W.jpg\",\"contentUrl\":\"https:\\\/\\\/disimi.hr\\\/wp-content\\\/uploads\\\/2022\\\/05\\\/tzf2229W.jpg\",\"width\":800,\"height\":800},{\"@type\":\"BreadcrumbList\",\"@id\":\"https:\\\/\\\/disimi.hr\\\/de\\\/produkt\\\/torba-ceker-okrugla-aaaaa-di-si-ti-tzf2229\\\/#breadcrumb\",\"itemListElement\":[{\"@type\":\"ListItem\",\"position\":1,\"name\":\"Po\u010detna stranica\",\"item\":\"https:\\\/\\\/disimi.hr\\\/de\\\/\"},{\"@type\":\"ListItem\",\"position\":2,\"name\":\"Produkte\",\"item\":\"https:\\\/\\\/disimi.hr\\\/de\\\/produkte\\\/\"},{\"@type\":\"ListItem\",\"position\":3,\"name\":\"Runde karierte Tasche \u201eAaaaa wo bist du?\u201c Durchmesser 26 cm, Tiefe 10 cm \u2013 tzf2229\"}]},{\"@type\":\"WebSite\",\"@id\":\"https:\\\/\\\/disimi.hr\\\/#website\",\"url\":\"https:\\\/\\\/disimi.hr\\\/\",\"name\":\"DISIMI?\",\"description\":\"Hrvatski brand i jedinstveni dizajn!\",\"publisher\":{\"@id\":\"https:\\\/\\\/disimi.hr\\\/#organization\"},\"potentialAction\":[{\"@type\":\"SearchAction\",\"target\":{\"@type\":\"EntryPoint\",\"urlTemplate\":\"https:\\\/\\\/disimi.hr\\\/?s={search_term_string}\"},\"query-input\":{\"@type\":\"PropertyValueSpecification\",\"valueRequired\":true,\"valueName\":\"search_term_string\"}}],\"inLanguage\":\"de\"},{\"@type\":\"Organization\",\"@id\":\"https:\\\/\\\/disimi.hr\\\/#organization\",\"name\":\"DiSiMi?\",\"url\":\"https:\\\/\\\/disimi.hr\\\/\",\"logo\":{\"@type\":\"ImageObject\",\"inLanguage\":\"de\",\"@id\":\"https:\\\/\\\/disimi.hr\\\/#\\\/schema\\\/logo\\\/image\\\/\",\"url\":\"https:\\\/\\\/disimi.hr\\\/wp-content\\\/uploads\\\/2022\\\/02\\\/logo2.jpg\",\"contentUrl\":\"https:\\\/\\\/disimi.hr\\\/wp-content\\\/uploads\\\/2022\\\/02\\\/logo2.jpg\",\"width\":250,\"height\":79,\"caption\":\"DiSiMi?\"},\"image\":{\"@id\":\"https:\\\/\\\/disimi.hr\\\/#\\\/schema\\\/logo\\\/image\\\/\"},\"sameAs\":[\"https:\\\/\\\/www.facebook.com\\\/DISIMI.hr\\\/\",\"https:\\\/\\\/www.instagram.com\\\/disimi.hr\\\/\"]}]}<\/script>\n<!-- \/ Yoast SEO plugin. -->","yoast_head_json":{"title":"Runde karierte Tasche \u201eAaaaa wo bist du?\u201c Durchmesser 26 cm, Tiefe 10 cm \u2013 tzf2229 - DISIMI?","robots":{"index":"index","follow":"follow","max-snippet":"max-snippet:-1","max-image-preview":"max-image-preview:large","max-video-preview":"max-video-preview:-1"},"canonical":"https:\/\/disimi.hr\/de\/produkt\/torba-ceker-okrugla-aaaaa-di-si-ti-tzf2229\/","og_locale":"de_DE","og_type":"article","og_title":"Runde karierte Tasche \u201eAaaaa wo bist du?\u201c Durchmesser 26 cm, Tiefe 10 cm \u2013 tzf2229 - DISIMI?","og_description":"Stricktasche f\u00fcr Strand und alle Sommer-Outfits. Diese Tasche aus Naturmaterial ist vielseitig kombinierbar \u2013 ob zum Kaffeetrinken mit Freunden, zum Ausgehen, am Strand, im B\u00fcro oder anderswo. Sie sch\u00fctzt Ihre Sachen besonders gut vor der Sonne, da sie sich weniger stark aufheizt als andere Materialien und ist daher ideal f\u00fcr den Strand. Diese Stricktasche passt perfekt zu einem unbeschwerten, luftigen Sommer-Look. Material: Seegras. Mit Futter. Ma\u00dfe: Durchmesser 26 cm, Tiefe 10 cm. Zwei Tragegriffe: Der l\u00e4ngere Griff ist verstellbar (bis zu 48 cm hoch), der k\u00fcrzere Griff ist 10 cm hoch. Genie\u00dfen Sie den Sommer!","og_url":"https:\/\/disimi.hr\/de\/produkt\/torba-ceker-okrugla-aaaaa-di-si-ti-tzf2229\/","og_site_name":"DISIMI?","article_publisher":"https:\/\/www.facebook.com\/DISIMI.hr\/","article_modified_time":"2026-05-06T08:31:24+00:00","og_image":[{"width":800,"height":800,"url":"https:\/\/disimi.hr\/wp-content\/uploads\/2022\/05\/tzf2229W.jpg","type":"image\/jpeg"}],"twitter_card":"summary_large_image","twitter_misc":{"Gesch\u00e4tzte Lesezeit":"1\u00a0Minute"},"schema":{"@context":"https:\/\/schema.org","@graph":[{"@type":"WebPage","@id":"https:\/\/disimi.hr\/de\/produkt\/torba-ceker-okrugla-aaaaa-di-si-ti-tzf2229\/","url":"https:\/\/disimi.hr\/de\/produkt\/torba-ceker-okrugla-aaaaa-di-si-ti-tzf2229\/","name":"Runde karierte Tasche \u201eAaaaa wo bist du?\u201c Durchmesser 26 cm, Tiefe 10 cm \u2013 tzf2229 - DISIMI?","isPartOf":{"@id":"https:\/\/disimi.hr\/#website"},"primaryImageOfPage":{"@id":"https:\/\/disimi.hr\/de\/produkt\/torba-ceker-okrugla-aaaaa-di-si-ti-tzf2229\/#primaryimage"},"image":{"@id":"https:\/\/disimi.hr\/de\/produkt\/torba-ceker-okrugla-aaaaa-di-si-ti-tzf2229\/#primaryimage"},"thumbnailUrl":"https:\/\/disimi.hr\/wp-content\/uploads\/2022\/05\/tzf2229W.jpg","datePublished":"2022-05-06T19:10:32+00:00","dateModified":"2026-05-06T08:31:24+00:00","breadcrumb":{"@id":"https:\/\/disimi.hr\/de\/produkt\/torba-ceker-okrugla-aaaaa-di-si-ti-tzf2229\/#breadcrumb"},"inLanguage":"de","potentialAction":[{"@type":"ReadAction","target":["https:\/\/disimi.hr\/de\/produkt\/torba-ceker-okrugla-aaaaa-di-si-ti-tzf2229\/"]}]},{"@type":"ImageObject","inLanguage":"de","@id":"https:\/\/disimi.hr\/de\/produkt\/torba-ceker-okrugla-aaaaa-di-si-ti-tzf2229\/#primaryimage","url":"https:\/\/disimi.hr\/wp-content\/uploads\/2022\/05\/tzf2229W.jpg","contentUrl":"https:\/\/disimi.hr\/wp-content\/uploads\/2022\/05\/tzf2229W.jpg","width":800,"height":800},{"@type":"BreadcrumbList","@id":"https:\/\/disimi.hr\/de\/produkt\/torba-ceker-okrugla-aaaaa-di-si-ti-tzf2229\/#breadcrumb","itemListElement":[{"@type":"ListItem","position":1,"name":"Po\u010detna stranica","item":"https:\/\/disimi.hr\/de\/"},{"@type":"ListItem","position":2,"name":"Produkte","item":"https:\/\/disimi.hr\/de\/produkte\/"},{"@type":"ListItem","position":3,"name":"Runde karierte Tasche \u201eAaaaa wo bist du?\u201c Durchmesser 26 cm, Tiefe 10 cm \u2013 tzf2229"}]},{"@type":"WebSite","@id":"https:\/\/disimi.hr\/#website","url":"https:\/\/disimi.hr\/","name":"DISIMI?","description":"Hrvatski brand i jedinstveni dizajn!","publisher":{"@id":"https:\/\/disimi.hr\/#organization"},"potentialAction":[{"@type":"SearchAction","target":{"@type":"EntryPoint","urlTemplate":"https:\/\/disimi.hr\/?s={search_term_string}"},"query-input":{"@type":"PropertyValueSpecification","valueRequired":true,"valueName":"search_term_string"}}],"inLanguage":"de"},{"@type":"Organization","@id":"https:\/\/disimi.hr\/#organization","name":"DiSiMi?","url":"https:\/\/disimi.hr\/","logo":{"@type":"ImageObject","inLanguage":"de","@id":"https:\/\/disimi.hr\/#\/schema\/logo\/image\/","url":"https:\/\/disimi.hr\/wp-content\/uploads\/2022\/02\/logo2.jpg","contentUrl":"https:\/\/disimi.hr\/wp-content\/uploads\/2022\/02\/logo2.jpg","width":250,"height":79,"caption":"DiSiMi?"},"image":{"@id":"https:\/\/disimi.hr\/#\/schema\/logo\/image\/"},"sameAs":["https:\/\/www.facebook.com\/DISIMI.hr\/","https:\/\/www.instagram.com\/disimi.hr\/"]}]}},"_links":{"self":[{"href":"https:\/\/disimi.hr\/de\/wp-json\/wp\/v2\/product\/119213","targetHints":{"allow":["GET"]}}],"collection":[{"href":"https:\/\/disimi.hr\/de\/wp-json\/wp\/v2\/product"}],"about":[{"href":"https:\/\/disimi.hr\/de\/wp-json\/wp\/v2\/types\/product"}],"wp:featuredmedia":[{"embeddable":true,"href":"https:\/\/disimi.hr\/de\/wp-json\/wp\/v2\/media\/126068"}],"wp:attachment":[{"href":"https:\/\/disimi.hr\/de\/wp-json\/wp\/v2\/media?parent=119213"}],"wp:term":[{"taxonomy":"product_brand","embeddable":true,"href":"https:\/\/disimi.hr\/de\/wp-json\/wp\/v2\/product_brand?post=119213"},{"taxonomy":"product_cat","embeddable":true,"href":"https:\/\/disimi.hr\/de\/wp-json\/wp\/v2\/product_cat?post=119213"},{"taxonomy":"product_tag","embeddable":true,"href":"https:\/\/disimi.hr\/de\/wp-json\/wp\/v2\/product_tag?post=119213"}],"curies":[{"name":"wp","href":"https:\/\/api.w.org\/{rel}","templated":true}]}}