{"id":119145,"date":"2022-05-11T09:56:11","date_gmt":"2022-05-11T07:56:11","guid":{"rendered":"https:\/\/disimi.hr\/proizvod\/torba-zenska-cvijet-tzf2234\/"},"modified":"2026-02-02T13:45:59","modified_gmt":"2026-02-02T12:45:59","slug":"torba-zenska-cvijet-tzf2234","status":"publish","type":"product","link":"https:\/\/disimi.hr\/de\/produkt\/torba-zenska-cvijet-tzf2234\/","title":{"rendered":"Damenhandtasche \u201eFlower\u201c \u2013 tzf2234"},"content":{"rendered":"<div class=\"wpb-content-wrapper\"><p>[vc_row][vc_column][vc_column_text woodmart_inline=&#8221;no&#8221; text_larger=&#8221;yes&#8221;] <\/p>\n<p style=\"text-align: center;\"><strong>Modeaccessoires, von denen wir uns nicht trennen<\/strong><\/p>\n<p style=\"text-align: center;\">Blumenf\u00f6rmige Tasche aus nat\u00fcrlichem Strickmaterial!<\/p>\n<p style=\"text-align: center;\"><strong>Das perfekte Geschenk \u2026 f\u00fcr Sie!<\/strong> Diese Tasche macht keine Kompromisse beim Design. Eine Tasche ist ein wesentlicher Bestandteil der Identit\u00e4t einer Frau und muss daher das gewisse Etwas haben.<\/p>\n<p style=\"text-align: center;\"><strong>\u2714 Was ist wichtiger als eine Tasche?<\/strong> Selbst wenn Frauen das ganze Geld der Welt h\u00e4tten, w\u00fcrden sie sich sicher nicht alle Taschen leisten k\u00f6nnen, die sie m\u00f6gen \u2013 und vor allem brauchen sie all diese Taschen. Eine Tasche ist ein unverzichtbarer Bestandteil jedes gelungenen Outfits. Oftmals macht schon der Wechsel der Tasche den entscheidenden Unterschied. Woran liegt das? Denn eine Tasche ist ein modisches Accessoire, das das Ganze abrundet, hervorsticht und somit Aufmerksamkeit erregt.<\/p>\n<p>[\/vc_column_text][vc_row_inner][vc_column_inner width=&#8221;1\/2&#8243;][vc_single_image image=&#8221;2580&#8243; img_size=&#8221;full&#8221; alignment=&#8221;center&#8221; parallax_scroll=&#8221;no&#8221; woodmart_inline=&#8221;no&#8221;][\/vc_column_inner][vc_column_inner width=&#8221;1\/2&#8243;][vc_single_image image=&#8221;7452&#8243; img_size=&#8221;full&#8221; alignment=&#8221;center&#8221; parallax_scroll=&#8221;no&#8221; woodmart_inline=&#8221;no&#8221;][\/vc_column_inner][\/vc_row_inner][vc_row_inner][vc_column_inner][vc_column_text woodmart_inline=&#8221;no&#8221; text_larger=&#8221;no&#8221;] <\/p>\n<div>\n<p style=\"text-align: center;\"> Wir sind fest davon \u00fcberzeugt, dass unsere Taschen von h\u00f6chster Qualit\u00e4t und mit erstklassigem Design sind. Wir glauben so sehr an unser Produkt, dass wir sicher sind, es wird Sie begeistern. Sollten die DiSiMi?-Taschen Ihre Erwartungen nicht erf\u00fcllen, k\u00f6nnen Sie sie jederzeit zur\u00fcckgeben und wir erstatten Ihnen innerhalb der ersten 30 Tage den vollen Kaufpreis.<\/p>\n<\/div>\n<p>[\/vc_column_text][\/vc_column_inner][\/vc_row_inner][\/vc_column][\/vc_row]<\/p>\n<\/div>","protected":false},"excerpt":{"rendered":"<p>Eine hochwertige Handtasche ist der Schl\u00fcssel zu einem stilvollen Auftritt. Diese auff\u00e4llige Handtasche aus Naturmaterial in Blumenform ist ein unverzichtbares Modeaccessoire f\u00fcr Abendveranstaltungen und den Alltag. F\u00fcr die wichtigsten Dinge, f\u00fcr besondere Frauen und besondere Anl\u00e4sse. <\/p>\n<p>Wenn Sie zu den Frauen geh\u00f6ren, die Minimalismus lieben und einen schlichten, raffinierten und alltagstauglichen Stil sch\u00e4tzen, dann ist diese hochwertige Tasche ein absolutes Muss f\u00fcr Ihre Garderobe. Die Tasche ist aus Naturmaterialien gefertigt. <\/p>\n<p>Ma\u00dfe: Durchmesser 30 cm, Tiefe 8 cm, Henkelh\u00f6he 56 cm. Mit Futter. Mit Verschlussm\u00f6glichkeit.<\/p>\n","protected":false},"featured_media":125023,"template":"","meta":[],"product_brand":[],"product_cat":[268],"product_tag":[],"class_list":{"0":"post-119145","1":"product","2":"type-product","3":"status-publish","4":"has-post-thumbnail","6":"product_cat-sonderangebote","8":"first","9":"instock","10":"sale","11":"taxable","12":"shipping-taxable","13":"purchasable","14":"product-type-simple"},"yoast_head":"<!-- This site is optimized with the Yoast SEO plugin v27.5 - https:\/\/yoast.com\/product\/yoast-seo-wordpress\/ -->\n<title>Damenhandtasche \u201eFlower\u201c \u2013 tzf2234 - DISIMI?<\/title>\n<meta name=\"robots\" content=\"index, follow, max-snippet:-1, max-image-preview:large, max-video-preview:-1\" \/>\n<link rel=\"canonical\" href=\"https:\/\/disimi.hr\/de\/produkt\/torba-zenska-cvijet-tzf2234\/\" \/>\n<meta property=\"og:locale\" content=\"de_DE\" \/>\n<meta property=\"og:type\" content=\"article\" \/>\n<meta property=\"og:title\" content=\"Damenhandtasche \u201eFlower\u201c \u2013 tzf2234 - DISIMI?\" \/>\n<meta property=\"og:description\" content=\"Eine hochwertige Handtasche ist der Schl\u00fcssel zu einem stilvollen Auftritt. Diese auff\u00e4llige Handtasche aus Naturmaterial in Blumenform ist ein unverzichtbares Modeaccessoire f\u00fcr Abendveranstaltungen und den Alltag. F\u00fcr die wichtigsten Dinge, f\u00fcr besondere Frauen und besondere Anl\u00e4sse.   Wenn Sie zu den Frauen geh\u00f6ren, die Minimalismus lieben und einen schlichten, raffinierten und alltagstauglichen Stil sch\u00e4tzen, dann ist diese hochwertige Tasche ein absolutes Muss f\u00fcr Ihre Garderobe. Die Tasche ist aus Naturmaterialien gefertigt.   Ma\u00dfe: Durchmesser 30 cm, Tiefe 8 cm, Henkelh\u00f6he 56 cm. Mit Futter. Mit Verschlussm\u00f6glichkeit.\" \/>\n<meta property=\"og:url\" content=\"https:\/\/disimi.hr\/de\/produkt\/torba-zenska-cvijet-tzf2234\/\" \/>\n<meta property=\"og:site_name\" content=\"DISIMI?\" \/>\n<meta property=\"article:publisher\" content=\"https:\/\/www.facebook.com\/DISIMI.hr\/\" \/>\n<meta property=\"article:modified_time\" content=\"2026-02-02T12:45:59+00:00\" \/>\n<meta property=\"og:image\" content=\"https:\/\/disimi.hr\/wp-content\/uploads\/2022\/05\/TZF2234W.jpg\" \/>\n\t<meta property=\"og:image:width\" content=\"800\" \/>\n\t<meta property=\"og:image:height\" content=\"800\" \/>\n\t<meta property=\"og:image:type\" content=\"image\/jpeg\" \/>\n<meta name=\"twitter:card\" content=\"summary_large_image\" \/>\n<meta name=\"twitter:label1\" content=\"Gesch\u00e4tzte Lesezeit\" \/>\n\t<meta name=\"twitter:data1\" content=\"2\u00a0Minute\" \/>\n<script type=\"application\/ld+json\" class=\"yoast-schema-graph\">{\"@context\":\"https:\\\/\\\/schema.org\",\"@graph\":[{\"@type\":\"WebPage\",\"@id\":\"https:\\\/\\\/disimi.hr\\\/de\\\/produkt\\\/torba-zenska-cvijet-tzf2234\\\/\",\"url\":\"https:\\\/\\\/disimi.hr\\\/de\\\/produkt\\\/torba-zenska-cvijet-tzf2234\\\/\",\"name\":\"Damenhandtasche \u201eFlower\u201c \u2013 tzf2234 - DISIMI?\",\"isPartOf\":{\"@id\":\"https:\\\/\\\/disimi.hr\\\/#website\"},\"primaryImageOfPage\":{\"@id\":\"https:\\\/\\\/disimi.hr\\\/de\\\/produkt\\\/torba-zenska-cvijet-tzf2234\\\/#primaryimage\"},\"image\":{\"@id\":\"https:\\\/\\\/disimi.hr\\\/de\\\/produkt\\\/torba-zenska-cvijet-tzf2234\\\/#primaryimage\"},\"thumbnailUrl\":\"https:\\\/\\\/disimi.hr\\\/wp-content\\\/uploads\\\/2022\\\/05\\\/TZF2234W.jpg\",\"datePublished\":\"2022-05-11T07:56:11+00:00\",\"dateModified\":\"2026-02-02T12:45:59+00:00\",\"breadcrumb\":{\"@id\":\"https:\\\/\\\/disimi.hr\\\/de\\\/produkt\\\/torba-zenska-cvijet-tzf2234\\\/#breadcrumb\"},\"inLanguage\":\"de\",\"potentialAction\":[{\"@type\":\"ReadAction\",\"target\":[\"https:\\\/\\\/disimi.hr\\\/de\\\/produkt\\\/torba-zenska-cvijet-tzf2234\\\/\"]}]},{\"@type\":\"ImageObject\",\"inLanguage\":\"de\",\"@id\":\"https:\\\/\\\/disimi.hr\\\/de\\\/produkt\\\/torba-zenska-cvijet-tzf2234\\\/#primaryimage\",\"url\":\"https:\\\/\\\/disimi.hr\\\/wp-content\\\/uploads\\\/2022\\\/05\\\/TZF2234W.jpg\",\"contentUrl\":\"https:\\\/\\\/disimi.hr\\\/wp-content\\\/uploads\\\/2022\\\/05\\\/TZF2234W.jpg\",\"width\":800,\"height\":800},{\"@type\":\"BreadcrumbList\",\"@id\":\"https:\\\/\\\/disimi.hr\\\/de\\\/produkt\\\/torba-zenska-cvijet-tzf2234\\\/#breadcrumb\",\"itemListElement\":[{\"@type\":\"ListItem\",\"position\":1,\"name\":\"Po\u010detna stranica\",\"item\":\"https:\\\/\\\/disimi.hr\\\/de\\\/\"},{\"@type\":\"ListItem\",\"position\":2,\"name\":\"Produkte\",\"item\":\"https:\\\/\\\/disimi.hr\\\/de\\\/produkte\\\/\"},{\"@type\":\"ListItem\",\"position\":3,\"name\":\"Damenhandtasche \u201eFlower\u201c \u2013 tzf2234\"}]},{\"@type\":\"WebSite\",\"@id\":\"https:\\\/\\\/disimi.hr\\\/#website\",\"url\":\"https:\\\/\\\/disimi.hr\\\/\",\"name\":\"DISIMI?\",\"description\":\"Hrvatski brand i jedinstveni dizajn!\",\"publisher\":{\"@id\":\"https:\\\/\\\/disimi.hr\\\/#organization\"},\"potentialAction\":[{\"@type\":\"SearchAction\",\"target\":{\"@type\":\"EntryPoint\",\"urlTemplate\":\"https:\\\/\\\/disimi.hr\\\/?s={search_term_string}\"},\"query-input\":{\"@type\":\"PropertyValueSpecification\",\"valueRequired\":true,\"valueName\":\"search_term_string\"}}],\"inLanguage\":\"de\"},{\"@type\":\"Organization\",\"@id\":\"https:\\\/\\\/disimi.hr\\\/#organization\",\"name\":\"DiSiMi?\",\"url\":\"https:\\\/\\\/disimi.hr\\\/\",\"logo\":{\"@type\":\"ImageObject\",\"inLanguage\":\"de\",\"@id\":\"https:\\\/\\\/disimi.hr\\\/#\\\/schema\\\/logo\\\/image\\\/\",\"url\":\"https:\\\/\\\/disimi.hr\\\/wp-content\\\/uploads\\\/2022\\\/02\\\/logo2.jpg\",\"contentUrl\":\"https:\\\/\\\/disimi.hr\\\/wp-content\\\/uploads\\\/2022\\\/02\\\/logo2.jpg\",\"width\":250,\"height\":79,\"caption\":\"DiSiMi?\"},\"image\":{\"@id\":\"https:\\\/\\\/disimi.hr\\\/#\\\/schema\\\/logo\\\/image\\\/\"},\"sameAs\":[\"https:\\\/\\\/www.facebook.com\\\/DISIMI.hr\\\/\",\"https:\\\/\\\/www.instagram.com\\\/disimi.hr\\\/\"]}]}<\/script>\n<!-- \/ Yoast SEO plugin. -->","yoast_head_json":{"title":"Damenhandtasche \u201eFlower\u201c \u2013 tzf2234 - DISIMI?","robots":{"index":"index","follow":"follow","max-snippet":"max-snippet:-1","max-image-preview":"max-image-preview:large","max-video-preview":"max-video-preview:-1"},"canonical":"https:\/\/disimi.hr\/de\/produkt\/torba-zenska-cvijet-tzf2234\/","og_locale":"de_DE","og_type":"article","og_title":"Damenhandtasche \u201eFlower\u201c \u2013 tzf2234 - DISIMI?","og_description":"Eine hochwertige Handtasche ist der Schl\u00fcssel zu einem stilvollen Auftritt. Diese auff\u00e4llige Handtasche aus Naturmaterial in Blumenform ist ein unverzichtbares Modeaccessoire f\u00fcr Abendveranstaltungen und den Alltag. F\u00fcr die wichtigsten Dinge, f\u00fcr besondere Frauen und besondere Anl\u00e4sse.   Wenn Sie zu den Frauen geh\u00f6ren, die Minimalismus lieben und einen schlichten, raffinierten und alltagstauglichen Stil sch\u00e4tzen, dann ist diese hochwertige Tasche ein absolutes Muss f\u00fcr Ihre Garderobe. Die Tasche ist aus Naturmaterialien gefertigt.   Ma\u00dfe: Durchmesser 30 cm, Tiefe 8 cm, Henkelh\u00f6he 56 cm. Mit Futter. Mit Verschlussm\u00f6glichkeit.","og_url":"https:\/\/disimi.hr\/de\/produkt\/torba-zenska-cvijet-tzf2234\/","og_site_name":"DISIMI?","article_publisher":"https:\/\/www.facebook.com\/DISIMI.hr\/","article_modified_time":"2026-02-02T12:45:59+00:00","og_image":[{"width":800,"height":800,"url":"https:\/\/disimi.hr\/wp-content\/uploads\/2022\/05\/TZF2234W.jpg","type":"image\/jpeg"}],"twitter_card":"summary_large_image","twitter_misc":{"Gesch\u00e4tzte Lesezeit":"2\u00a0Minute"},"schema":{"@context":"https:\/\/schema.org","@graph":[{"@type":"WebPage","@id":"https:\/\/disimi.hr\/de\/produkt\/torba-zenska-cvijet-tzf2234\/","url":"https:\/\/disimi.hr\/de\/produkt\/torba-zenska-cvijet-tzf2234\/","name":"Damenhandtasche \u201eFlower\u201c \u2013 tzf2234 - DISIMI?","isPartOf":{"@id":"https:\/\/disimi.hr\/#website"},"primaryImageOfPage":{"@id":"https:\/\/disimi.hr\/de\/produkt\/torba-zenska-cvijet-tzf2234\/#primaryimage"},"image":{"@id":"https:\/\/disimi.hr\/de\/produkt\/torba-zenska-cvijet-tzf2234\/#primaryimage"},"thumbnailUrl":"https:\/\/disimi.hr\/wp-content\/uploads\/2022\/05\/TZF2234W.jpg","datePublished":"2022-05-11T07:56:11+00:00","dateModified":"2026-02-02T12:45:59+00:00","breadcrumb":{"@id":"https:\/\/disimi.hr\/de\/produkt\/torba-zenska-cvijet-tzf2234\/#breadcrumb"},"inLanguage":"de","potentialAction":[{"@type":"ReadAction","target":["https:\/\/disimi.hr\/de\/produkt\/torba-zenska-cvijet-tzf2234\/"]}]},{"@type":"ImageObject","inLanguage":"de","@id":"https:\/\/disimi.hr\/de\/produkt\/torba-zenska-cvijet-tzf2234\/#primaryimage","url":"https:\/\/disimi.hr\/wp-content\/uploads\/2022\/05\/TZF2234W.jpg","contentUrl":"https:\/\/disimi.hr\/wp-content\/uploads\/2022\/05\/TZF2234W.jpg","width":800,"height":800},{"@type":"BreadcrumbList","@id":"https:\/\/disimi.hr\/de\/produkt\/torba-zenska-cvijet-tzf2234\/#breadcrumb","itemListElement":[{"@type":"ListItem","position":1,"name":"Po\u010detna stranica","item":"https:\/\/disimi.hr\/de\/"},{"@type":"ListItem","position":2,"name":"Produkte","item":"https:\/\/disimi.hr\/de\/produkte\/"},{"@type":"ListItem","position":3,"name":"Damenhandtasche \u201eFlower\u201c \u2013 tzf2234"}]},{"@type":"WebSite","@id":"https:\/\/disimi.hr\/#website","url":"https:\/\/disimi.hr\/","name":"DISIMI?","description":"Hrvatski brand i jedinstveni dizajn!","publisher":{"@id":"https:\/\/disimi.hr\/#organization"},"potentialAction":[{"@type":"SearchAction","target":{"@type":"EntryPoint","urlTemplate":"https:\/\/disimi.hr\/?s={search_term_string}"},"query-input":{"@type":"PropertyValueSpecification","valueRequired":true,"valueName":"search_term_string"}}],"inLanguage":"de"},{"@type":"Organization","@id":"https:\/\/disimi.hr\/#organization","name":"DiSiMi?","url":"https:\/\/disimi.hr\/","logo":{"@type":"ImageObject","inLanguage":"de","@id":"https:\/\/disimi.hr\/#\/schema\/logo\/image\/","url":"https:\/\/disimi.hr\/wp-content\/uploads\/2022\/02\/logo2.jpg","contentUrl":"https:\/\/disimi.hr\/wp-content\/uploads\/2022\/02\/logo2.jpg","width":250,"height":79,"caption":"DiSiMi?"},"image":{"@id":"https:\/\/disimi.hr\/#\/schema\/logo\/image\/"},"sameAs":["https:\/\/www.facebook.com\/DISIMI.hr\/","https:\/\/www.instagram.com\/disimi.hr\/"]}]}},"_links":{"self":[{"href":"https:\/\/disimi.hr\/de\/wp-json\/wp\/v2\/product\/119145","targetHints":{"allow":["GET"]}}],"collection":[{"href":"https:\/\/disimi.hr\/de\/wp-json\/wp\/v2\/product"}],"about":[{"href":"https:\/\/disimi.hr\/de\/wp-json\/wp\/v2\/types\/product"}],"wp:featuredmedia":[{"embeddable":true,"href":"https:\/\/disimi.hr\/de\/wp-json\/wp\/v2\/media\/125023"}],"wp:attachment":[{"href":"https:\/\/disimi.hr\/de\/wp-json\/wp\/v2\/media?parent=119145"}],"wp:term":[{"taxonomy":"product_brand","embeddable":true,"href":"https:\/\/disimi.hr\/de\/wp-json\/wp\/v2\/product_brand?post=119145"},{"taxonomy":"product_cat","embeddable":true,"href":"https:\/\/disimi.hr\/de\/wp-json\/wp\/v2\/product_cat?post=119145"},{"taxonomy":"product_tag","embeddable":true,"href":"https:\/\/disimi.hr\/de\/wp-json\/wp\/v2\/product_tag?post=119145"}],"curies":[{"name":"wp","href":"https:\/\/api.w.org\/{rel}","templated":true}]}}