{"id":119103,"date":"2022-06-29T11:36:55","date_gmt":"2022-06-29T09:36:55","guid":{"rendered":"https:\/\/disimi.hr\/proizvod\/sesir-djecji-happy-100-cotton-vel-52-kdf2100\/"},"modified":"2026-02-18T14:31:44","modified_gmt":"2026-02-18T13:31:44","slug":"sesir-djecji-happy-100-cotton-vel-52-kdf2100","status":"publish","type":"product","link":"https:\/\/disimi.hr\/de\/produkt\/sesir-djecji-happy-100-cotton-vel-52-kdf2100\/","title":{"rendered":"Kinderm\u00fctze \u201eHappy\u201c, 100 % Baumwolle, Gr\u00f6\u00dfe 52 &#8211; kdf2100"},"content":{"rendered":"<div class=\"wpb-content-wrapper\"><p>[vc_row][vc_column][vc_column_text woodmart_inline=&#8221;no&#8221; text_larger=&#8221;yes&#8221;][\/vc_column_text][vc_row_inner][vc_column_inner width=&#8221;1\/2&#8243;][vc_single_image image=&#8221;2580&#8243; img_size=&#8221;full&#8221; alignment=&#8221;center&#8221; parallax_scroll=&#8221;no&#8221; woodmart_inline=&#8221;no&#8221;][\/vc_column_inner][vc_column_inner width=&#8221;1\/2&#8243;][vc_single_image image=&#8221;7452&#8243; img_size=&#8221;full&#8221; alignment=&#8221;center&#8221; parallax_scroll=&#8221;no&#8221; woodmart_inline=&#8221;no&#8221;][\/vc_column_inner][\/vc_row_inner][vc_row_inner][vc_column_inner][vc_column_text woodmart_inline=&#8221;no&#8221; text_larger=&#8221;no&#8221;] <\/p>\n<p style=\"text-align: center;\"><strong class=\"product-subtitle-2\">Sommer | Die Sonne ist unser treuer Begleiter auf dem Weg durch den Sommer 2023.<\/strong><\/p>\n<div>\n<p style=\"text-align: center;\">Wir sind fest davon \u00fcberzeugt, dass unsere H\u00fcte von h\u00f6chster Qualit\u00e4t und erstklassigem Design sind. Wir glauben so sehr an unser Produkt, dass wir sicher sind, dass es Sie begeistern wird. Sollten die DiSiMi?-H\u00fcte Ihre Erwartungen nicht erf\u00fcllen, k\u00f6nnen Sie sie jederzeit zur\u00fcckgeben und erhalten innerhalb der ersten 30 Tage eine volle R\u00fcckerstattung.<\/p>\n<\/div>\n<p>[\/vc_column_text][\/vc_column_inner][\/vc_row_inner][\/vc_column][\/vc_row]<\/p>\n<\/div>","protected":false},"excerpt":{"rendered":"<p>Der Hut bietet im Sommer zuverl\u00e4ssigen Sonnenschutz und ist somit nicht nur modisch, sondern auch ein unverzichtbares Accessoire an sonnigen Sommertagen. Er ist leicht und aus Baumwolle gefertigt. Erh\u00e4ltlich in 3 Farben, Gr\u00f6\u00dfe 52 f\u00fcr Kinder von 3\u20134 Jahren.<\/p>\n","protected":false},"featured_media":132163,"template":"","meta":[],"product_brand":[],"product_cat":[268],"product_tag":[],"class_list":{"0":"post-119103","1":"product","2":"type-product","3":"status-publish","4":"has-post-thumbnail","6":"product_cat-sonderangebote","8":"first","9":"instock","10":"sale","11":"taxable","12":"shipping-taxable","13":"purchasable","14":"product-type-variable"},"yoast_head":"<!-- This site is optimized with the Yoast SEO plugin v27.5 - https:\/\/yoast.com\/product\/yoast-seo-wordpress\/ -->\n<title>Kinderm\u00fctze \u201eHappy\u201c, 100 % Baumwolle, Gr\u00f6\u00dfe 52 - kdf2100 - DISIMI?<\/title>\n<meta name=\"robots\" content=\"index, follow, max-snippet:-1, max-image-preview:large, max-video-preview:-1\" \/>\n<link rel=\"canonical\" href=\"https:\/\/disimi.hr\/de\/produkt\/sesir-djecji-happy-100-cotton-vel-52-kdf2100\/\" \/>\n<meta property=\"og:locale\" content=\"de_DE\" \/>\n<meta property=\"og:type\" content=\"article\" \/>\n<meta property=\"og:title\" content=\"Kinderm\u00fctze \u201eHappy\u201c, 100 % Baumwolle, Gr\u00f6\u00dfe 52 - kdf2100 - DISIMI?\" \/>\n<meta property=\"og:description\" content=\"Der Hut bietet im Sommer zuverl\u00e4ssigen Sonnenschutz und ist somit nicht nur modisch, sondern auch ein unverzichtbares Accessoire an sonnigen Sommertagen. Er ist leicht und aus Baumwolle gefertigt. Erh\u00e4ltlich in 3 Farben, Gr\u00f6\u00dfe 52 f\u00fcr Kinder von 3\u20134 Jahren.\" \/>\n<meta property=\"og:url\" content=\"https:\/\/disimi.hr\/de\/produkt\/sesir-djecji-happy-100-cotton-vel-52-kdf2100\/\" \/>\n<meta property=\"og:site_name\" content=\"DISIMI?\" \/>\n<meta property=\"article:publisher\" content=\"https:\/\/www.facebook.com\/DISIMI.hr\/\" \/>\n<meta property=\"article:modified_time\" content=\"2026-02-18T13:31:44+00:00\" \/>\n<meta property=\"og:image\" content=\"https:\/\/disimi.hr\/wp-content\/uploads\/2022\/06\/KDf2100-bili-W.jpg\" \/>\n\t<meta property=\"og:image:width\" content=\"800\" \/>\n\t<meta property=\"og:image:height\" content=\"800\" \/>\n\t<meta property=\"og:image:type\" content=\"image\/jpeg\" \/>\n<meta name=\"twitter:card\" content=\"summary_large_image\" \/>\n<meta name=\"twitter:label1\" content=\"Gesch\u00e4tzte Lesezeit\" \/>\n\t<meta name=\"twitter:data1\" content=\"1\u00a0Minute\" \/>\n<script type=\"application\/ld+json\" class=\"yoast-schema-graph\">{\"@context\":\"https:\\\/\\\/schema.org\",\"@graph\":[{\"@type\":\"WebPage\",\"@id\":\"https:\\\/\\\/disimi.hr\\\/de\\\/produkt\\\/sesir-djecji-happy-100-cotton-vel-52-kdf2100\\\/\",\"url\":\"https:\\\/\\\/disimi.hr\\\/de\\\/produkt\\\/sesir-djecji-happy-100-cotton-vel-52-kdf2100\\\/\",\"name\":\"Kinderm\u00fctze \u201eHappy\u201c, 100 % Baumwolle, Gr\u00f6\u00dfe 52 - kdf2100 - DISIMI?\",\"isPartOf\":{\"@id\":\"https:\\\/\\\/disimi.hr\\\/#website\"},\"primaryImageOfPage\":{\"@id\":\"https:\\\/\\\/disimi.hr\\\/de\\\/produkt\\\/sesir-djecji-happy-100-cotton-vel-52-kdf2100\\\/#primaryimage\"},\"image\":{\"@id\":\"https:\\\/\\\/disimi.hr\\\/de\\\/produkt\\\/sesir-djecji-happy-100-cotton-vel-52-kdf2100\\\/#primaryimage\"},\"thumbnailUrl\":\"https:\\\/\\\/disimi.hr\\\/wp-content\\\/uploads\\\/2022\\\/06\\\/KDf2100-bili-W.jpg\",\"datePublished\":\"2022-06-29T09:36:55+00:00\",\"dateModified\":\"2026-02-18T13:31:44+00:00\",\"breadcrumb\":{\"@id\":\"https:\\\/\\\/disimi.hr\\\/de\\\/produkt\\\/sesir-djecji-happy-100-cotton-vel-52-kdf2100\\\/#breadcrumb\"},\"inLanguage\":\"de\",\"potentialAction\":[{\"@type\":\"ReadAction\",\"target\":[\"https:\\\/\\\/disimi.hr\\\/de\\\/produkt\\\/sesir-djecji-happy-100-cotton-vel-52-kdf2100\\\/\"]}]},{\"@type\":\"ImageObject\",\"inLanguage\":\"de\",\"@id\":\"https:\\\/\\\/disimi.hr\\\/de\\\/produkt\\\/sesir-djecji-happy-100-cotton-vel-52-kdf2100\\\/#primaryimage\",\"url\":\"https:\\\/\\\/disimi.hr\\\/wp-content\\\/uploads\\\/2022\\\/06\\\/KDf2100-bili-W.jpg\",\"contentUrl\":\"https:\\\/\\\/disimi.hr\\\/wp-content\\\/uploads\\\/2022\\\/06\\\/KDf2100-bili-W.jpg\",\"width\":800,\"height\":800},{\"@type\":\"BreadcrumbList\",\"@id\":\"https:\\\/\\\/disimi.hr\\\/de\\\/produkt\\\/sesir-djecji-happy-100-cotton-vel-52-kdf2100\\\/#breadcrumb\",\"itemListElement\":[{\"@type\":\"ListItem\",\"position\":1,\"name\":\"Po\u010detna stranica\",\"item\":\"https:\\\/\\\/disimi.hr\\\/de\\\/\"},{\"@type\":\"ListItem\",\"position\":2,\"name\":\"Produkte\",\"item\":\"https:\\\/\\\/disimi.hr\\\/de\\\/produkte\\\/\"},{\"@type\":\"ListItem\",\"position\":3,\"name\":\"Kinderm\u00fctze \u201eHappy\u201c, 100 % Baumwolle, Gr\u00f6\u00dfe 52 &#8211; kdf2100\"}]},{\"@type\":\"WebSite\",\"@id\":\"https:\\\/\\\/disimi.hr\\\/#website\",\"url\":\"https:\\\/\\\/disimi.hr\\\/\",\"name\":\"DISIMI?\",\"description\":\"Hrvatski brand i jedinstveni dizajn!\",\"publisher\":{\"@id\":\"https:\\\/\\\/disimi.hr\\\/#organization\"},\"potentialAction\":[{\"@type\":\"SearchAction\",\"target\":{\"@type\":\"EntryPoint\",\"urlTemplate\":\"https:\\\/\\\/disimi.hr\\\/?s={search_term_string}\"},\"query-input\":{\"@type\":\"PropertyValueSpecification\",\"valueRequired\":true,\"valueName\":\"search_term_string\"}}],\"inLanguage\":\"de\"},{\"@type\":\"Organization\",\"@id\":\"https:\\\/\\\/disimi.hr\\\/#organization\",\"name\":\"DiSiMi?\",\"url\":\"https:\\\/\\\/disimi.hr\\\/\",\"logo\":{\"@type\":\"ImageObject\",\"inLanguage\":\"de\",\"@id\":\"https:\\\/\\\/disimi.hr\\\/#\\\/schema\\\/logo\\\/image\\\/\",\"url\":\"https:\\\/\\\/disimi.hr\\\/wp-content\\\/uploads\\\/2022\\\/02\\\/logo2.jpg\",\"contentUrl\":\"https:\\\/\\\/disimi.hr\\\/wp-content\\\/uploads\\\/2022\\\/02\\\/logo2.jpg\",\"width\":250,\"height\":79,\"caption\":\"DiSiMi?\"},\"image\":{\"@id\":\"https:\\\/\\\/disimi.hr\\\/#\\\/schema\\\/logo\\\/image\\\/\"},\"sameAs\":[\"https:\\\/\\\/www.facebook.com\\\/DISIMI.hr\\\/\",\"https:\\\/\\\/www.instagram.com\\\/disimi.hr\\\/\"]}]}<\/script>\n<!-- \/ Yoast SEO plugin. -->","yoast_head_json":{"title":"Kinderm\u00fctze \u201eHappy\u201c, 100 % Baumwolle, Gr\u00f6\u00dfe 52 - kdf2100 - DISIMI?","robots":{"index":"index","follow":"follow","max-snippet":"max-snippet:-1","max-image-preview":"max-image-preview:large","max-video-preview":"max-video-preview:-1"},"canonical":"https:\/\/disimi.hr\/de\/produkt\/sesir-djecji-happy-100-cotton-vel-52-kdf2100\/","og_locale":"de_DE","og_type":"article","og_title":"Kinderm\u00fctze \u201eHappy\u201c, 100 % Baumwolle, Gr\u00f6\u00dfe 52 - kdf2100 - DISIMI?","og_description":"Der Hut bietet im Sommer zuverl\u00e4ssigen Sonnenschutz und ist somit nicht nur modisch, sondern auch ein unverzichtbares Accessoire an sonnigen Sommertagen. Er ist leicht und aus Baumwolle gefertigt. Erh\u00e4ltlich in 3 Farben, Gr\u00f6\u00dfe 52 f\u00fcr Kinder von 3\u20134 Jahren.","og_url":"https:\/\/disimi.hr\/de\/produkt\/sesir-djecji-happy-100-cotton-vel-52-kdf2100\/","og_site_name":"DISIMI?","article_publisher":"https:\/\/www.facebook.com\/DISIMI.hr\/","article_modified_time":"2026-02-18T13:31:44+00:00","og_image":[{"width":800,"height":800,"url":"https:\/\/disimi.hr\/wp-content\/uploads\/2022\/06\/KDf2100-bili-W.jpg","type":"image\/jpeg"}],"twitter_card":"summary_large_image","twitter_misc":{"Gesch\u00e4tzte Lesezeit":"1\u00a0Minute"},"schema":{"@context":"https:\/\/schema.org","@graph":[{"@type":"WebPage","@id":"https:\/\/disimi.hr\/de\/produkt\/sesir-djecji-happy-100-cotton-vel-52-kdf2100\/","url":"https:\/\/disimi.hr\/de\/produkt\/sesir-djecji-happy-100-cotton-vel-52-kdf2100\/","name":"Kinderm\u00fctze \u201eHappy\u201c, 100 % Baumwolle, Gr\u00f6\u00dfe 52 - kdf2100 - DISIMI?","isPartOf":{"@id":"https:\/\/disimi.hr\/#website"},"primaryImageOfPage":{"@id":"https:\/\/disimi.hr\/de\/produkt\/sesir-djecji-happy-100-cotton-vel-52-kdf2100\/#primaryimage"},"image":{"@id":"https:\/\/disimi.hr\/de\/produkt\/sesir-djecji-happy-100-cotton-vel-52-kdf2100\/#primaryimage"},"thumbnailUrl":"https:\/\/disimi.hr\/wp-content\/uploads\/2022\/06\/KDf2100-bili-W.jpg","datePublished":"2022-06-29T09:36:55+00:00","dateModified":"2026-02-18T13:31:44+00:00","breadcrumb":{"@id":"https:\/\/disimi.hr\/de\/produkt\/sesir-djecji-happy-100-cotton-vel-52-kdf2100\/#breadcrumb"},"inLanguage":"de","potentialAction":[{"@type":"ReadAction","target":["https:\/\/disimi.hr\/de\/produkt\/sesir-djecji-happy-100-cotton-vel-52-kdf2100\/"]}]},{"@type":"ImageObject","inLanguage":"de","@id":"https:\/\/disimi.hr\/de\/produkt\/sesir-djecji-happy-100-cotton-vel-52-kdf2100\/#primaryimage","url":"https:\/\/disimi.hr\/wp-content\/uploads\/2022\/06\/KDf2100-bili-W.jpg","contentUrl":"https:\/\/disimi.hr\/wp-content\/uploads\/2022\/06\/KDf2100-bili-W.jpg","width":800,"height":800},{"@type":"BreadcrumbList","@id":"https:\/\/disimi.hr\/de\/produkt\/sesir-djecji-happy-100-cotton-vel-52-kdf2100\/#breadcrumb","itemListElement":[{"@type":"ListItem","position":1,"name":"Po\u010detna stranica","item":"https:\/\/disimi.hr\/de\/"},{"@type":"ListItem","position":2,"name":"Produkte","item":"https:\/\/disimi.hr\/de\/produkte\/"},{"@type":"ListItem","position":3,"name":"Kinderm\u00fctze \u201eHappy\u201c, 100 % Baumwolle, Gr\u00f6\u00dfe 52 &#8211; kdf2100"}]},{"@type":"WebSite","@id":"https:\/\/disimi.hr\/#website","url":"https:\/\/disimi.hr\/","name":"DISIMI?","description":"Hrvatski brand i jedinstveni dizajn!","publisher":{"@id":"https:\/\/disimi.hr\/#organization"},"potentialAction":[{"@type":"SearchAction","target":{"@type":"EntryPoint","urlTemplate":"https:\/\/disimi.hr\/?s={search_term_string}"},"query-input":{"@type":"PropertyValueSpecification","valueRequired":true,"valueName":"search_term_string"}}],"inLanguage":"de"},{"@type":"Organization","@id":"https:\/\/disimi.hr\/#organization","name":"DiSiMi?","url":"https:\/\/disimi.hr\/","logo":{"@type":"ImageObject","inLanguage":"de","@id":"https:\/\/disimi.hr\/#\/schema\/logo\/image\/","url":"https:\/\/disimi.hr\/wp-content\/uploads\/2022\/02\/logo2.jpg","contentUrl":"https:\/\/disimi.hr\/wp-content\/uploads\/2022\/02\/logo2.jpg","width":250,"height":79,"caption":"DiSiMi?"},"image":{"@id":"https:\/\/disimi.hr\/#\/schema\/logo\/image\/"},"sameAs":["https:\/\/www.facebook.com\/DISIMI.hr\/","https:\/\/www.instagram.com\/disimi.hr\/"]}]}},"_links":{"self":[{"href":"https:\/\/disimi.hr\/de\/wp-json\/wp\/v2\/product\/119103","targetHints":{"allow":["GET"]}}],"collection":[{"href":"https:\/\/disimi.hr\/de\/wp-json\/wp\/v2\/product"}],"about":[{"href":"https:\/\/disimi.hr\/de\/wp-json\/wp\/v2\/types\/product"}],"wp:featuredmedia":[{"embeddable":true,"href":"https:\/\/disimi.hr\/de\/wp-json\/wp\/v2\/media\/132163"}],"wp:attachment":[{"href":"https:\/\/disimi.hr\/de\/wp-json\/wp\/v2\/media?parent=119103"}],"wp:term":[{"taxonomy":"product_brand","embeddable":true,"href":"https:\/\/disimi.hr\/de\/wp-json\/wp\/v2\/product_brand?post=119103"},{"taxonomy":"product_cat","embeddable":true,"href":"https:\/\/disimi.hr\/de\/wp-json\/wp\/v2\/product_cat?post=119103"},{"taxonomy":"product_tag","embeddable":true,"href":"https:\/\/disimi.hr\/de\/wp-json\/wp\/v2\/product_tag?post=119103"}],"curies":[{"name":"wp","href":"https:\/\/api.w.org\/{rel}","templated":true}]}}