{"id":119100,"date":"2022-07-27T12:31:16","date_gmt":"2022-07-27T10:31:16","guid":{"rendered":"https:\/\/disimi.hr\/proizvod\/torba-big-dots-dim-39x43-cm-tzf2200\/"},"modified":"2026-03-23T09:29:01","modified_gmt":"2026-03-23T08:29:01","slug":"torba-big-dots-dim-39x43-cm-tzf2200","status":"publish","type":"product","link":"https:\/\/disimi.hr\/de\/produkt\/torba-big-dots-dim-39x43-cm-tzf2200\/","title":{"rendered":"Tasche \u201eGro\u00dfe Punkte\u201c, Ma\u00dfe 39 x 43 cm \u2013 tzf2200"},"content":{"rendered":"<div class=\"wpb-content-wrapper\"><p>[vc_row][vc_column][vc_column_text woodmart_inline=&#8221;no&#8221; text_larger=&#8221;yes&#8221;] <\/p>\n<p style=\"text-align: center\"><strong class=\"naslov-product-tekst\">Modische Accessoires, von denen wir uns nicht trennen k\u00f6nnen<\/strong><\/p>\n<p style=\"text-align: center\"><strong class=\"naslov-sesiri-tekst\">Rechteckige Tasche aus robustem Material<\/strong><\/p>\n<p style=\"text-align: center\"><strong class=\"naslov-sesiri-tekst\">Das perfekte Geschenk \u2026 genau f\u00fcr Sie!<\/strong><\/p>\n<p style=\"text-align: center\">\u2714<strong> Eine Tasche<\/strong> f\u00fcr jede Garderobe, f\u00fcr einen l\u00e4ssigen Look<\/p>\n<p style=\"text-align: center\">\u2714<strong> Sie sparen Geld<\/strong>: Trotz hoher Qualit\u00e4t ist der Preis f\u00fcr jedes Budget erschwinglich.<\/p>\n<div class=\"product-glavni-tekst\">\n<p style=\"text-align: center\">\u2714<strong> Modernes Design<\/strong>: Bei DiSiMi?-Taschen werden keine Kompromisse beim Design gemacht. Eine Tasche ist ein integraler Bestandteil der Identit\u00e4t einer Frau und muss daher das gewisse Etwas haben.<\/p>\n<p style=\"text-align: center\">\u2714<strong> Was ist wichtiger als eine Tasche?<\/strong> Selbst wenn Frauen \u00fcber unbegrenzte finanzielle Mittel verf\u00fcgen w\u00fcrden, k\u00f6nnten sie sich sicherlich nicht alle Taschen leisten, die sie sich w\u00fcnschen \u2013 und vor allem: Sie brauchen all diese Taschen. Eine Tasche ist ein unverzichtbarer Bestandteil jedes gelungenen Outfits. Oftmals macht schon der Wechsel der Tasche den Unterschied in einem Outfit aus. Warum ist das so? Weil eine Tasche ein modisches Accessoire ist, das das Ganze abrundet, hervorsticht und somit Aufmerksamkeit erregt..<\/p>\n<\/div>\n<p>[\/vc_column_text][vc_row_inner][vc_column_inner width=&#8221;1\/2&#8243;][vc_single_image image=&#8221;2580&#8243; img_size=&#8221;full&#8221; alignment=&#8221;center&#8221; parallax_scroll=&#8221;no&#8221; woodmart_inline=&#8221;no&#8221;][\/vc_column_inner][vc_column_inner width=&#8221;1\/2&#8243;][vc_single_image image=&#8221;7452&#8243; img_size=&#8221;full&#8221; alignment=&#8221;center&#8221; parallax_scroll=&#8221;no&#8221; woodmart_inline=&#8221;no&#8221;][\/vc_column_inner][\/vc_row_inner][vc_row_inner][vc_column_inner][vc_column_text woodmart_inline=&#8221;no&#8221; text_larger=&#8221;no&#8221;] Ein einzigartiges Design, das verschiedene Muster mit liebevollen Details kombiniert! Funktionale, praktische und vielseitige Tasche. Material: 100 % Polyurethan. Ma\u00dfe: 39 x 43 cm. Die Tasche hat lange Henkel und bietet ausreichend Platz f\u00fcr Ihre Eink\u00e4ufe \ud83d\ude09. Wir sind von der herausragenden Qualit\u00e4t und dem Design unserer Taschen \u00fcberzeugt. Wir glauben so sehr an unser Produkt, dass wir sicher sind, dass es Sie begeistern wird. Sind Sie auch so begeistert? Sollten die Taschen nicht Ihren Erwartungen entsprechen, k\u00f6nnen Sie sie jederzeit zur\u00fcckgeben und erhalten innerhalb der ersten 30 Tage eine vollst\u00e4ndige R\u00fcckerstattung.[\/vc_column_text][\/vc_column_inner][\/vc_row_inner][\/vc_column][\/vc_row]<\/p>\n<\/div>","protected":false},"excerpt":{"rendered":"<p>Rechteckige Tasche aus robustem Material. <\/p>\n<p>Passt zu jedem Outfit, f\u00fcr einen l\u00e4ssigen Look! <\/p>\n<p>Funktionale, praktische und vielseitige Tasche! <\/p>\n<p>Material: 100 % Polyurethan<br \/>\nMa\u00dfe: 39 x 43 cm <\/p>\n<p>Die Tasche hat lange Henkel und bietet ausreichend Platz f\u00fcr Ihre Eink\u00e4ufe \ud83d\ude09 <\/p>\n<p>&nbsp;<\/p>\n","protected":false},"featured_media":124920,"template":"","meta":[],"product_brand":[],"product_cat":[263,216],"product_tag":[],"class_list":{"0":"post-119100","1":"product","2":"type-product","3":"status-publish","4":"has-post-thumbnail","6":"product_cat-alltagstaschen","7":"product_cat-taschen","9":"first","10":"instock","11":"taxable","12":"shipping-taxable","13":"purchasable","14":"product-type-simple"},"yoast_head":"<!-- This site is optimized with the Yoast SEO plugin v27.3 - https:\/\/yoast.com\/product\/yoast-seo-wordpress\/ -->\n<title>Tasche \u201eGro\u00dfe Punkte\u201c, Ma\u00dfe 39 x 43 cm \u2013 tzf2200 - DISIMI?<\/title>\n<meta name=\"robots\" content=\"index, follow, max-snippet:-1, max-image-preview:large, max-video-preview:-1\" \/>\n<link rel=\"canonical\" href=\"https:\/\/disimi.hr\/de\/produkt\/torba-big-dots-dim-39x43-cm-tzf2200\/\" \/>\n<meta property=\"og:locale\" content=\"de_DE\" \/>\n<meta property=\"og:type\" content=\"article\" \/>\n<meta property=\"og:title\" content=\"Tasche \u201eGro\u00dfe Punkte\u201c, Ma\u00dfe 39 x 43 cm \u2013 tzf2200 - DISIMI?\" \/>\n<meta property=\"og:description\" content=\"Rechteckige Tasche aus robustem Material.   Passt zu jedem Outfit, f\u00fcr einen l\u00e4ssigen Look!   Funktionale, praktische und vielseitige Tasche!   Material: 100 % Polyurethan  Ma\u00dfe: 39 x 43 cm   Die Tasche hat lange Henkel und bietet ausreichend Platz f\u00fcr Ihre Eink\u00e4ufe \ud83d\ude09   &nbsp;\" \/>\n<meta property=\"og:url\" content=\"https:\/\/disimi.hr\/de\/produkt\/torba-big-dots-dim-39x43-cm-tzf2200\/\" \/>\n<meta property=\"og:site_name\" content=\"DISIMI?\" \/>\n<meta property=\"article:publisher\" content=\"https:\/\/www.facebook.com\/DISIMI.hr\/\" \/>\n<meta property=\"article:modified_time\" content=\"2026-03-23T08:29:01+00:00\" \/>\n<meta property=\"og:image\" content=\"https:\/\/disimi.hr\/wp-content\/uploads\/2022\/07\/tzf2200-w.jpg\" \/>\n\t<meta property=\"og:image:width\" content=\"800\" \/>\n\t<meta property=\"og:image:height\" content=\"800\" \/>\n\t<meta property=\"og:image:type\" content=\"image\/jpeg\" \/>\n<meta name=\"twitter:card\" content=\"summary_large_image\" \/>\n<meta name=\"twitter:label1\" content=\"Gesch\u00e4tzte Lesezeit\" \/>\n\t<meta name=\"twitter:data1\" content=\"2\u00a0Minute\" \/>\n<script type=\"application\/ld+json\" class=\"yoast-schema-graph\">{\"@context\":\"https:\\\/\\\/schema.org\",\"@graph\":[{\"@type\":\"WebPage\",\"@id\":\"https:\\\/\\\/disimi.hr\\\/de\\\/produkt\\\/torba-big-dots-dim-39x43-cm-tzf2200\\\/\",\"url\":\"https:\\\/\\\/disimi.hr\\\/de\\\/produkt\\\/torba-big-dots-dim-39x43-cm-tzf2200\\\/\",\"name\":\"Tasche \u201eGro\u00dfe Punkte\u201c, Ma\u00dfe 39 x 43 cm \u2013 tzf2200 - DISIMI?\",\"isPartOf\":{\"@id\":\"https:\\\/\\\/disimi.hr\\\/#website\"},\"primaryImageOfPage\":{\"@id\":\"https:\\\/\\\/disimi.hr\\\/de\\\/produkt\\\/torba-big-dots-dim-39x43-cm-tzf2200\\\/#primaryimage\"},\"image\":{\"@id\":\"https:\\\/\\\/disimi.hr\\\/de\\\/produkt\\\/torba-big-dots-dim-39x43-cm-tzf2200\\\/#primaryimage\"},\"thumbnailUrl\":\"https:\\\/\\\/disimi.hr\\\/wp-content\\\/uploads\\\/2022\\\/07\\\/tzf2200-w.jpg\",\"datePublished\":\"2022-07-27T10:31:16+00:00\",\"dateModified\":\"2026-03-23T08:29:01+00:00\",\"breadcrumb\":{\"@id\":\"https:\\\/\\\/disimi.hr\\\/de\\\/produkt\\\/torba-big-dots-dim-39x43-cm-tzf2200\\\/#breadcrumb\"},\"inLanguage\":\"de\",\"potentialAction\":[{\"@type\":\"ReadAction\",\"target\":[\"https:\\\/\\\/disimi.hr\\\/de\\\/produkt\\\/torba-big-dots-dim-39x43-cm-tzf2200\\\/\"]}]},{\"@type\":\"ImageObject\",\"inLanguage\":\"de\",\"@id\":\"https:\\\/\\\/disimi.hr\\\/de\\\/produkt\\\/torba-big-dots-dim-39x43-cm-tzf2200\\\/#primaryimage\",\"url\":\"https:\\\/\\\/disimi.hr\\\/wp-content\\\/uploads\\\/2022\\\/07\\\/tzf2200-w.jpg\",\"contentUrl\":\"https:\\\/\\\/disimi.hr\\\/wp-content\\\/uploads\\\/2022\\\/07\\\/tzf2200-w.jpg\",\"width\":800,\"height\":800},{\"@type\":\"BreadcrumbList\",\"@id\":\"https:\\\/\\\/disimi.hr\\\/de\\\/produkt\\\/torba-big-dots-dim-39x43-cm-tzf2200\\\/#breadcrumb\",\"itemListElement\":[{\"@type\":\"ListItem\",\"position\":1,\"name\":\"Po\u010detna stranica\",\"item\":\"https:\\\/\\\/disimi.hr\\\/de\\\/\"},{\"@type\":\"ListItem\",\"position\":2,\"name\":\"Produkte\",\"item\":\"https:\\\/\\\/disimi.hr\\\/de\\\/produkte\\\/\"},{\"@type\":\"ListItem\",\"position\":3,\"name\":\"Tasche \u201eGro\u00dfe Punkte\u201c, Ma\u00dfe 39 x 43 cm \u2013 tzf2200\"}]},{\"@type\":\"WebSite\",\"@id\":\"https:\\\/\\\/disimi.hr\\\/#website\",\"url\":\"https:\\\/\\\/disimi.hr\\\/\",\"name\":\"DISIMI?\",\"description\":\"Hrvatski brand i jedinstveni dizajn!\",\"publisher\":{\"@id\":\"https:\\\/\\\/disimi.hr\\\/#organization\"},\"potentialAction\":[{\"@type\":\"SearchAction\",\"target\":{\"@type\":\"EntryPoint\",\"urlTemplate\":\"https:\\\/\\\/disimi.hr\\\/?s={search_term_string}\"},\"query-input\":{\"@type\":\"PropertyValueSpecification\",\"valueRequired\":true,\"valueName\":\"search_term_string\"}}],\"inLanguage\":\"de\"},{\"@type\":\"Organization\",\"@id\":\"https:\\\/\\\/disimi.hr\\\/#organization\",\"name\":\"DiSiMi?\",\"url\":\"https:\\\/\\\/disimi.hr\\\/\",\"logo\":{\"@type\":\"ImageObject\",\"inLanguage\":\"de\",\"@id\":\"https:\\\/\\\/disimi.hr\\\/#\\\/schema\\\/logo\\\/image\\\/\",\"url\":\"https:\\\/\\\/disimi.hr\\\/wp-content\\\/uploads\\\/2022\\\/02\\\/logo2.jpg\",\"contentUrl\":\"https:\\\/\\\/disimi.hr\\\/wp-content\\\/uploads\\\/2022\\\/02\\\/logo2.jpg\",\"width\":250,\"height\":79,\"caption\":\"DiSiMi?\"},\"image\":{\"@id\":\"https:\\\/\\\/disimi.hr\\\/#\\\/schema\\\/logo\\\/image\\\/\"},\"sameAs\":[\"https:\\\/\\\/www.facebook.com\\\/DISIMI.hr\\\/\",\"https:\\\/\\\/www.instagram.com\\\/disimi.hr\\\/\"]}]}<\/script>\n<!-- \/ Yoast SEO plugin. -->","yoast_head_json":{"title":"Tasche \u201eGro\u00dfe Punkte\u201c, Ma\u00dfe 39 x 43 cm \u2013 tzf2200 - DISIMI?","robots":{"index":"index","follow":"follow","max-snippet":"max-snippet:-1","max-image-preview":"max-image-preview:large","max-video-preview":"max-video-preview:-1"},"canonical":"https:\/\/disimi.hr\/de\/produkt\/torba-big-dots-dim-39x43-cm-tzf2200\/","og_locale":"de_DE","og_type":"article","og_title":"Tasche \u201eGro\u00dfe Punkte\u201c, Ma\u00dfe 39 x 43 cm \u2013 tzf2200 - DISIMI?","og_description":"Rechteckige Tasche aus robustem Material.   Passt zu jedem Outfit, f\u00fcr einen l\u00e4ssigen Look!   Funktionale, praktische und vielseitige Tasche!   Material: 100 % Polyurethan  Ma\u00dfe: 39 x 43 cm   Die Tasche hat lange Henkel und bietet ausreichend Platz f\u00fcr Ihre Eink\u00e4ufe \ud83d\ude09   &nbsp;","og_url":"https:\/\/disimi.hr\/de\/produkt\/torba-big-dots-dim-39x43-cm-tzf2200\/","og_site_name":"DISIMI?","article_publisher":"https:\/\/www.facebook.com\/DISIMI.hr\/","article_modified_time":"2026-03-23T08:29:01+00:00","og_image":[{"width":800,"height":800,"url":"https:\/\/disimi.hr\/wp-content\/uploads\/2022\/07\/tzf2200-w.jpg","type":"image\/jpeg"}],"twitter_card":"summary_large_image","twitter_misc":{"Gesch\u00e4tzte Lesezeit":"2\u00a0Minute"},"schema":{"@context":"https:\/\/schema.org","@graph":[{"@type":"WebPage","@id":"https:\/\/disimi.hr\/de\/produkt\/torba-big-dots-dim-39x43-cm-tzf2200\/","url":"https:\/\/disimi.hr\/de\/produkt\/torba-big-dots-dim-39x43-cm-tzf2200\/","name":"Tasche \u201eGro\u00dfe Punkte\u201c, Ma\u00dfe 39 x 43 cm \u2013 tzf2200 - DISIMI?","isPartOf":{"@id":"https:\/\/disimi.hr\/#website"},"primaryImageOfPage":{"@id":"https:\/\/disimi.hr\/de\/produkt\/torba-big-dots-dim-39x43-cm-tzf2200\/#primaryimage"},"image":{"@id":"https:\/\/disimi.hr\/de\/produkt\/torba-big-dots-dim-39x43-cm-tzf2200\/#primaryimage"},"thumbnailUrl":"https:\/\/disimi.hr\/wp-content\/uploads\/2022\/07\/tzf2200-w.jpg","datePublished":"2022-07-27T10:31:16+00:00","dateModified":"2026-03-23T08:29:01+00:00","breadcrumb":{"@id":"https:\/\/disimi.hr\/de\/produkt\/torba-big-dots-dim-39x43-cm-tzf2200\/#breadcrumb"},"inLanguage":"de","potentialAction":[{"@type":"ReadAction","target":["https:\/\/disimi.hr\/de\/produkt\/torba-big-dots-dim-39x43-cm-tzf2200\/"]}]},{"@type":"ImageObject","inLanguage":"de","@id":"https:\/\/disimi.hr\/de\/produkt\/torba-big-dots-dim-39x43-cm-tzf2200\/#primaryimage","url":"https:\/\/disimi.hr\/wp-content\/uploads\/2022\/07\/tzf2200-w.jpg","contentUrl":"https:\/\/disimi.hr\/wp-content\/uploads\/2022\/07\/tzf2200-w.jpg","width":800,"height":800},{"@type":"BreadcrumbList","@id":"https:\/\/disimi.hr\/de\/produkt\/torba-big-dots-dim-39x43-cm-tzf2200\/#breadcrumb","itemListElement":[{"@type":"ListItem","position":1,"name":"Po\u010detna stranica","item":"https:\/\/disimi.hr\/de\/"},{"@type":"ListItem","position":2,"name":"Produkte","item":"https:\/\/disimi.hr\/de\/produkte\/"},{"@type":"ListItem","position":3,"name":"Tasche \u201eGro\u00dfe Punkte\u201c, Ma\u00dfe 39 x 43 cm \u2013 tzf2200"}]},{"@type":"WebSite","@id":"https:\/\/disimi.hr\/#website","url":"https:\/\/disimi.hr\/","name":"DISIMI?","description":"Hrvatski brand i jedinstveni dizajn!","publisher":{"@id":"https:\/\/disimi.hr\/#organization"},"potentialAction":[{"@type":"SearchAction","target":{"@type":"EntryPoint","urlTemplate":"https:\/\/disimi.hr\/?s={search_term_string}"},"query-input":{"@type":"PropertyValueSpecification","valueRequired":true,"valueName":"search_term_string"}}],"inLanguage":"de"},{"@type":"Organization","@id":"https:\/\/disimi.hr\/#organization","name":"DiSiMi?","url":"https:\/\/disimi.hr\/","logo":{"@type":"ImageObject","inLanguage":"de","@id":"https:\/\/disimi.hr\/#\/schema\/logo\/image\/","url":"https:\/\/disimi.hr\/wp-content\/uploads\/2022\/02\/logo2.jpg","contentUrl":"https:\/\/disimi.hr\/wp-content\/uploads\/2022\/02\/logo2.jpg","width":250,"height":79,"caption":"DiSiMi?"},"image":{"@id":"https:\/\/disimi.hr\/#\/schema\/logo\/image\/"},"sameAs":["https:\/\/www.facebook.com\/DISIMI.hr\/","https:\/\/www.instagram.com\/disimi.hr\/"]}]}},"_links":{"self":[{"href":"https:\/\/disimi.hr\/de\/wp-json\/wp\/v2\/product\/119100","targetHints":{"allow":["GET"]}}],"collection":[{"href":"https:\/\/disimi.hr\/de\/wp-json\/wp\/v2\/product"}],"about":[{"href":"https:\/\/disimi.hr\/de\/wp-json\/wp\/v2\/types\/product"}],"wp:featuredmedia":[{"embeddable":true,"href":"https:\/\/disimi.hr\/de\/wp-json\/wp\/v2\/media\/124920"}],"wp:attachment":[{"href":"https:\/\/disimi.hr\/de\/wp-json\/wp\/v2\/media?parent=119100"}],"wp:term":[{"taxonomy":"product_brand","embeddable":true,"href":"https:\/\/disimi.hr\/de\/wp-json\/wp\/v2\/product_brand?post=119100"},{"taxonomy":"product_cat","embeddable":true,"href":"https:\/\/disimi.hr\/de\/wp-json\/wp\/v2\/product_cat?post=119100"},{"taxonomy":"product_tag","embeddable":true,"href":"https:\/\/disimi.hr\/de\/wp-json\/wp\/v2\/product_tag?post=119100"}],"curies":[{"name":"wp","href":"https:\/\/api.w.org\/{rel}","templated":true}]}}