{"id":119083,"date":"2022-09-22T13:47:41","date_gmt":"2022-09-22T11:47:41","guid":{"rendered":"https:\/\/disimi.hr\/proizvod\/papuce-anatomske-sa-zracnim-jastukom-white-dots-free-dance-pzk2203\/"},"modified":"2026-04-29T14:19:02","modified_gmt":"2026-04-29T12:19:02","slug":"papuce-anatomske-sa-zracnim-jastukom-white-dots-free-dance-pzk2203","status":"publish","type":"product","link":"https:\/\/disimi.hr\/de\/produkt\/papuce-anatomske-sa-zracnim-jastukom-white-dots-free-dance-pzk2203\/","title":{"rendered":"Anatomische Hausschuhe mit Luftkissen \u201eWhite Dots Free Dance\u201c \u2013 pzk2203"},"content":{"rendered":"<div class=\"wpb-content-wrapper\"><p>[vc_row][vc_column][vc_column_text woodmart_inline=&#8221;no&#8221; text_larger=&#8221;yes&#8221;] <\/p>\n<p style=\"text-align: center;\"><strong>Anatomisches Schuhwerk<\/strong><\/p>\n<p style=\"text-align: center;\">Anatomisches Schuhwerk wurde entwickelt, um Wirbels\u00e4ule, Knie, Gelenke und F\u00fc\u00dfe zu entlasten. Um diese Funktion optimal zu erf\u00fcllen, verf\u00fcgt es \u00fcber ein anatomisch geformtes Profil. Solches Schuhwerk tr\u00e4gt wesentlich zur Erhaltung der korrekten Bewegungsphysiologie bei und beugt somit verschiedenen Fehlstellungen und Verletzungen vor. Wenn Sie berufsbedingt viel auf den Beinen sind, auch zu Hause, sind Ihre F\u00fc\u00dfe nicht nur einer h\u00f6heren Belastung ausgesetzt, sondern auch einem erh\u00f6hten Risiko f\u00fcr Fersensporn, H\u00fchneraugen und Venenprobleme. Falls Sie es noch nicht getan haben, sollten Sie unbedingt in ein gutes Paar anatomisch geformte Schuhe investieren.<\/p>\n<p style=\"text-align: center;\"><strong>Luftkissen<\/strong><\/p>\n<p style=\"text-align: center;\">Dank anatomisch geformter Hausschuhe mit Sto\u00dfd\u00e4mpfern in Form von Luftkissen werden Sie bereits in den ersten Stunden auf den Beinen eine deutliche Druckentlastung der Ferse und eine bessere Durchblutung sp\u00fcren. Bei regelm\u00e4\u00dfigem Tragen reduzieren diese Schuhe auch R\u00fcckenschmerzen, die durch langes Stehen verursacht werden.<\/p>\n<p style=\"text-align: center;\"><strong>Erh\u00f6hter Absatz<\/strong><\/p>\n<p style=\"text-align: center;\">Hausschuhe mit einer Absatzh\u00f6he von 2 Zentimetern verteilen die Last gleichm\u00e4\u00dfig und sorgen so f\u00fcr mehr Gehkomfort. Der hohe Absatz unterstreicht zudem die Eleganz!<\/p>\n<p style=\"text-align: center;\">Gesamtabsatzh\u00f6he 5,5 cm<\/p>\n<p style=\"text-align: center;\">\u2714<strong>Modernes Design<\/strong>: Disimi Hausschuhe machen keine Kompromisse beim Design. Hausschuhe mit einem einzigartigen und attraktiven Design, die sowohl optisch als auch fu\u00dffreundlich sind! Unser Designerteam orientiert sich an den neuesten Trends, was sich in den BIG DOTS Hausschuhen widerspiegelt.<\/p>\n<p style=\"text-align: center;\">\u2714<strong> Robust und weich<\/strong>: Die sch\u00fctzende Dimension der Disimi Hausschuhe zeigt sich deutlich in ihren Verst\u00e4rkungen, insbesondere ganz oben. Wenn wir zu Hause sind, sind wir \u201evon allen Seiten\u201c umgeben. Warum also nicht auch zu Hause vor \u00e4u\u00dferen Einfl\u00fcssen sch\u00fctzen?<\/p>\n<p style=\"text-align: center;\">\u2714<strong>Komfort an erster Stelle<\/strong>: Disimi Hausschuhe verw\u00f6hnen Ihre F\u00fc\u00dfe nicht nur mit weichem Futter, sondern verf\u00fcgen auch \u00fcber eine spezielle PU-Schicht unter der Innensohle \u2013 f\u00fcr perfekten Komfort!<\/p>\n<p style=\"text-align: center;\">\u2714<strong>Rutschfeste Sohle<\/strong>: Die PU- und EVA-Sohle sorgt f\u00fcr optimalen Halt auf jedem Untergrund.<\/p>\n<p style=\"text-align: center;\">\u2714<strong>Sparen Sie Geld<\/strong>: Trotz hoher Qualit\u00e4t sind die Hausschuhe f\u00fcr jedes Budget erschwinglich.<\/p>\n<p>[\/vc_column_text][vc_row_inner][vc_column_inner width=&#8221;1\/2&#8243;][vc_single_image image=&#8221;74522&#8243; img_size=&#8221;full&#8221; alignment=&#8221;center&#8221; parallax_scroll=&#8221;no&#8221; woodmart_inline=&#8221;no&#8221;][\/vc_column_inner][vc_column_inner width=&#8221;1\/2&#8243;][vc_single_image image=&#8221;7452&#8243; img_size=&#8221;full&#8221; alignment=&#8221;center&#8221; parallax_scroll=&#8221;no&#8221; woodmart_inline=&#8221;no&#8221;][\/vc_column_inner][\/vc_row_inner][vc_row_inner][vc_column_inner][vc_column_text woodmart_inline=&#8221;no&#8221; text_larger=&#8221;no&#8221;] <\/p>\n<p style=\"text-align: center;\">Bei der Auswahl Ihrer neuen Disimi-Hausschuhe sollten Sie auf die richtige Gr\u00f6\u00dfe achten. Zu kleine Hausschuhe sind nie bequem, zu gro\u00dfe k\u00f6nnen gef\u00e4hrlich sein, insbesondere wenn Sie viel Treppen steigen. Messen Sie daher bitte vor der Bestellung Ihre F\u00fc\u00dfe und vergleichen Sie die Ma\u00dfe mit unserer Gr\u00f6\u00dfentabelle. Hausschuhe gibt es in vielen Ausf\u00fchrungen. Wenn Sie sie drinnen und drau\u00dfen tragen, zum Beispiel im Garten oder vor dem Haus, sollten sie \u2013 wie alle unsere Modelle \u2013 eine Au\u00dfensohle aus Gummi oder EVA-Material haben.<\/p>\n<p style=\"text-align: center;\"><strong>Unsere Garantie:<\/strong> Wir sind von der herausragenden Qualit\u00e4t und dem ansprechenden Design unserer Hausschuhe \u00fcberzeugt. Wir glauben so sehr an unser Produkt, dass wir sicher sind, es wird Sie begeistern. Sollten die Disimi-Hausschuhe Ihre Erwartungen nicht erf\u00fcllen, k\u00f6nnen Sie sie jederzeit innerhalb von 30 Tagen zur\u00fcckgeben und erhalten den vollen Kaufpreis erstattet.<\/p>\n<p>[\/vc_column_text][\/vc_column_inner][\/vc_row_inner][\/vc_column][\/vc_row]<\/p>\n<\/div>","protected":false},"excerpt":{"rendered":"<p>ZERTIFIZIERTE RUTSCHFESTE SCHUHE <\/p>\n<p>ARBEITSSCHUHE \u2013 Pers\u00f6nliche Schutzschuhe Kategorie II <\/p>\n<p>1. Obermaterial: PU \u2013 einzigartiges und attraktives Design<br \/>\n2. Futter\/Innensohle: PU \u2013 unter der Innensohle befindet sich eine 5 mm dicke PU-Schaumschicht f\u00fcr optimalen Komfort<br \/>\n4. Sohle: PU + EVA \u2013 hervorragende Haftung des Schuhs auf dem Untergrund. Luftpolsterung f\u00fcr D\u00e4mpfung beim Gehen! <\/p>\n<div><\/div>\n<div>\n<table style=\"height: 194px;\" border=\"0\" width=\"254\" cellspacing=\"0\" cellpadding=\"0\">\n<tbody>\n<tr>\n<td valign=\"bottom\" nowrap=\"nowrap\" width=\"127\">\n<div>GR\u00d6SSE<u><\/u><u><\/u><\/div>\n<\/td>\n<td valign=\"bottom\" nowrap=\"nowrap\" width=\"127\">L\u00c4NGE IN MILLIMETERN<\/td>\n<\/tr>\n<tr>\n<td valign=\"bottom\" nowrap=\"nowrap\" width=\"127\"><\/td>\n<td valign=\"bottom\" nowrap=\"nowrap\" width=\"127\"><\/td>\n<\/tr>\n<tr>\n<td valign=\"bottom\" nowrap=\"nowrap\" width=\"127\">\n<div>37<u><\/u><u><\/u><\/div>\n<\/td>\n<td valign=\"bottom\" nowrap=\"nowrap\" width=\"127\">\n<div>242<\/div>\n<\/td>\n<\/tr>\n<tr>\n<td valign=\"bottom\" nowrap=\"nowrap\" width=\"127\">\n<div>38<u><\/u><u><\/u><\/div>\n<\/td>\n<td valign=\"bottom\" nowrap=\"nowrap\" width=\"127\">\n<div>249<\/div>\n<\/td>\n<\/tr>\n<tr>\n<td valign=\"bottom\" nowrap=\"nowrap\" width=\"127\">\n<div>39<u><\/u><u><\/u><\/div>\n<\/td>\n<td valign=\"bottom\" nowrap=\"nowrap\" width=\"127\">\n<div>255<\/div>\n<\/td>\n<\/tr>\n<tr>\n<td valign=\"bottom\" nowrap=\"nowrap\" width=\"127\">\n<div>40<u><\/u><u><\/u><\/div>\n<\/td>\n<td valign=\"bottom\" nowrap=\"nowrap\" width=\"127\">\n<div>262<\/div>\n<\/td>\n<\/tr>\n<tr>\n<td valign=\"bottom\" nowrap=\"nowrap\" width=\"127\">\n<div>41<u><\/u><u><\/u><\/div>\n<\/td>\n<td valign=\"bottom\" nowrap=\"nowrap\" width=\"127\">\n<div>270<\/div>\n<\/td>\n<\/tr>\n<tr>\n<td valign=\"bottom\" nowrap=\"nowrap\" width=\"127\">\n<div>42<u><\/u><u><\/u><\/div>\n<\/td>\n<td valign=\"bottom\" nowrap=\"nowrap\" width=\"127\">\n<div>275<\/div>\n<\/td>\n<\/tr>\n<tr>\n<td valign=\"bottom\" nowrap=\"nowrap\" width=\"127\"><\/td>\n<td valign=\"bottom\" nowrap=\"nowrap\" width=\"127\"><\/td>\n<\/tr>\n<\/tbody>\n<\/table>\n<\/div>\n","protected":false},"featured_media":124751,"template":"","meta":[],"product_brand":[],"product_cat":[265,222],"product_tag":[],"class_list":{"0":"post-119083","1":"product","2":"type-product","3":"status-publish","4":"has-post-thumbnail","6":"product_cat-anatomische-hausschuhe","7":"product_cat-hausschuhe","9":"first","10":"instock","11":"taxable","12":"shipping-taxable","13":"purchasable","14":"product-type-variable"},"yoast_head":"<!-- This site is optimized with the Yoast SEO plugin v27.3 - https:\/\/yoast.com\/product\/yoast-seo-wordpress\/ -->\n<title>Anatomische Hausschuhe mit Luftkissen \u201eWhite Dots Free Dance\u201c \u2013 pzk2203 - DISIMI?<\/title>\n<meta name=\"robots\" content=\"index, follow, max-snippet:-1, max-image-preview:large, max-video-preview:-1\" \/>\n<link rel=\"canonical\" href=\"https:\/\/disimi.hr\/de\/produkt\/papuce-anatomske-sa-zracnim-jastukom-white-dots-free-dance-pzk2203\/\" \/>\n<meta property=\"og:locale\" content=\"de_DE\" \/>\n<meta property=\"og:type\" content=\"article\" \/>\n<meta property=\"og:title\" content=\"Anatomische Hausschuhe mit Luftkissen \u201eWhite Dots Free Dance\u201c \u2013 pzk2203 - DISIMI?\" \/>\n<meta property=\"og:description\" content=\"ZERTIFIZIERTE RUTSCHFESTE SCHUHE  ARBEITSSCHUHE \u2013 Pers\u00f6nliche Schutzschuhe Kategorie II  1. Obermaterial: PU \u2013 einzigartiges und attraktives Design 2. Futter\/Innensohle: PU \u2013 unter der Innensohle befindet sich eine 5 mm dicke PU-Schaumschicht f\u00fcr optimalen Komfort 4. Sohle: PU + EVA \u2013 hervorragende Haftung des Schuhs auf dem Untergrund. Luftpolsterung f\u00fcr D\u00e4mpfung beim Gehen!        GR\u00d6SSE L\u00c4NGE IN MILLIMETERN        37  242    38  249    39  255    40  262    41  270    42  275\" \/>\n<meta property=\"og:url\" content=\"https:\/\/disimi.hr\/de\/produkt\/papuce-anatomske-sa-zracnim-jastukom-white-dots-free-dance-pzk2203\/\" \/>\n<meta property=\"og:site_name\" content=\"DISIMI?\" \/>\n<meta property=\"article:publisher\" content=\"https:\/\/www.facebook.com\/DISIMI.hr\/\" \/>\n<meta property=\"article:modified_time\" content=\"2026-04-29T12:19:02+00:00\" \/>\n<meta property=\"og:image\" content=\"https:\/\/disimi.hr\/wp-content\/uploads\/2022\/09\/PZK2203-W.jpg\" \/>\n\t<meta property=\"og:image:width\" content=\"800\" \/>\n\t<meta property=\"og:image:height\" content=\"800\" \/>\n\t<meta property=\"og:image:type\" content=\"image\/jpeg\" \/>\n<meta name=\"twitter:card\" content=\"summary_large_image\" \/>\n<meta name=\"twitter:label1\" content=\"Gesch\u00e4tzte Lesezeit\" \/>\n\t<meta name=\"twitter:data1\" content=\"3\u00a0Minute\" \/>\n<script type=\"application\/ld+json\" class=\"yoast-schema-graph\">{\"@context\":\"https:\\\/\\\/schema.org\",\"@graph\":[{\"@type\":\"WebPage\",\"@id\":\"https:\\\/\\\/disimi.hr\\\/de\\\/produkt\\\/papuce-anatomske-sa-zracnim-jastukom-white-dots-free-dance-pzk2203\\\/\",\"url\":\"https:\\\/\\\/disimi.hr\\\/de\\\/produkt\\\/papuce-anatomske-sa-zracnim-jastukom-white-dots-free-dance-pzk2203\\\/\",\"name\":\"Anatomische Hausschuhe mit Luftkissen \u201eWhite Dots Free Dance\u201c \u2013 pzk2203 - DISIMI?\",\"isPartOf\":{\"@id\":\"https:\\\/\\\/disimi.hr\\\/#website\"},\"primaryImageOfPage\":{\"@id\":\"https:\\\/\\\/disimi.hr\\\/de\\\/produkt\\\/papuce-anatomske-sa-zracnim-jastukom-white-dots-free-dance-pzk2203\\\/#primaryimage\"},\"image\":{\"@id\":\"https:\\\/\\\/disimi.hr\\\/de\\\/produkt\\\/papuce-anatomske-sa-zracnim-jastukom-white-dots-free-dance-pzk2203\\\/#primaryimage\"},\"thumbnailUrl\":\"https:\\\/\\\/disimi.hr\\\/wp-content\\\/uploads\\\/2022\\\/09\\\/PZK2203-W.jpg\",\"datePublished\":\"2022-09-22T11:47:41+00:00\",\"dateModified\":\"2026-04-29T12:19:02+00:00\",\"breadcrumb\":{\"@id\":\"https:\\\/\\\/disimi.hr\\\/de\\\/produkt\\\/papuce-anatomske-sa-zracnim-jastukom-white-dots-free-dance-pzk2203\\\/#breadcrumb\"},\"inLanguage\":\"de\",\"potentialAction\":[{\"@type\":\"ReadAction\",\"target\":[\"https:\\\/\\\/disimi.hr\\\/de\\\/produkt\\\/papuce-anatomske-sa-zracnim-jastukom-white-dots-free-dance-pzk2203\\\/\"]}]},{\"@type\":\"ImageObject\",\"inLanguage\":\"de\",\"@id\":\"https:\\\/\\\/disimi.hr\\\/de\\\/produkt\\\/papuce-anatomske-sa-zracnim-jastukom-white-dots-free-dance-pzk2203\\\/#primaryimage\",\"url\":\"https:\\\/\\\/disimi.hr\\\/wp-content\\\/uploads\\\/2022\\\/09\\\/PZK2203-W.jpg\",\"contentUrl\":\"https:\\\/\\\/disimi.hr\\\/wp-content\\\/uploads\\\/2022\\\/09\\\/PZK2203-W.jpg\",\"width\":800,\"height\":800},{\"@type\":\"BreadcrumbList\",\"@id\":\"https:\\\/\\\/disimi.hr\\\/de\\\/produkt\\\/papuce-anatomske-sa-zracnim-jastukom-white-dots-free-dance-pzk2203\\\/#breadcrumb\",\"itemListElement\":[{\"@type\":\"ListItem\",\"position\":1,\"name\":\"Po\u010detna stranica\",\"item\":\"https:\\\/\\\/disimi.hr\\\/de\\\/\"},{\"@type\":\"ListItem\",\"position\":2,\"name\":\"Produkte\",\"item\":\"https:\\\/\\\/disimi.hr\\\/de\\\/produkte\\\/\"},{\"@type\":\"ListItem\",\"position\":3,\"name\":\"Anatomische Hausschuhe mit Luftkissen \u201eWhite Dots Free Dance\u201c \u2013 pzk2203\"}]},{\"@type\":\"WebSite\",\"@id\":\"https:\\\/\\\/disimi.hr\\\/#website\",\"url\":\"https:\\\/\\\/disimi.hr\\\/\",\"name\":\"DISIMI?\",\"description\":\"Hrvatski brand i jedinstveni dizajn!\",\"publisher\":{\"@id\":\"https:\\\/\\\/disimi.hr\\\/#organization\"},\"potentialAction\":[{\"@type\":\"SearchAction\",\"target\":{\"@type\":\"EntryPoint\",\"urlTemplate\":\"https:\\\/\\\/disimi.hr\\\/?s={search_term_string}\"},\"query-input\":{\"@type\":\"PropertyValueSpecification\",\"valueRequired\":true,\"valueName\":\"search_term_string\"}}],\"inLanguage\":\"de\"},{\"@type\":\"Organization\",\"@id\":\"https:\\\/\\\/disimi.hr\\\/#organization\",\"name\":\"DiSiMi?\",\"url\":\"https:\\\/\\\/disimi.hr\\\/\",\"logo\":{\"@type\":\"ImageObject\",\"inLanguage\":\"de\",\"@id\":\"https:\\\/\\\/disimi.hr\\\/#\\\/schema\\\/logo\\\/image\\\/\",\"url\":\"https:\\\/\\\/disimi.hr\\\/wp-content\\\/uploads\\\/2022\\\/02\\\/logo2.jpg\",\"contentUrl\":\"https:\\\/\\\/disimi.hr\\\/wp-content\\\/uploads\\\/2022\\\/02\\\/logo2.jpg\",\"width\":250,\"height\":79,\"caption\":\"DiSiMi?\"},\"image\":{\"@id\":\"https:\\\/\\\/disimi.hr\\\/#\\\/schema\\\/logo\\\/image\\\/\"},\"sameAs\":[\"https:\\\/\\\/www.facebook.com\\\/DISIMI.hr\\\/\",\"https:\\\/\\\/www.instagram.com\\\/disimi.hr\\\/\"]}]}<\/script>\n<!-- \/ Yoast SEO plugin. -->","yoast_head_json":{"title":"Anatomische Hausschuhe mit Luftkissen \u201eWhite Dots Free Dance\u201c \u2013 pzk2203 - DISIMI?","robots":{"index":"index","follow":"follow","max-snippet":"max-snippet:-1","max-image-preview":"max-image-preview:large","max-video-preview":"max-video-preview:-1"},"canonical":"https:\/\/disimi.hr\/de\/produkt\/papuce-anatomske-sa-zracnim-jastukom-white-dots-free-dance-pzk2203\/","og_locale":"de_DE","og_type":"article","og_title":"Anatomische Hausschuhe mit Luftkissen \u201eWhite Dots Free Dance\u201c \u2013 pzk2203 - DISIMI?","og_description":"ZERTIFIZIERTE RUTSCHFESTE SCHUHE  ARBEITSSCHUHE \u2013 Pers\u00f6nliche Schutzschuhe Kategorie II  1. Obermaterial: PU \u2013 einzigartiges und attraktives Design 2. Futter\/Innensohle: PU \u2013 unter der Innensohle befindet sich eine 5 mm dicke PU-Schaumschicht f\u00fcr optimalen Komfort 4. Sohle: PU + EVA \u2013 hervorragende Haftung des Schuhs auf dem Untergrund. Luftpolsterung f\u00fcr D\u00e4mpfung beim Gehen!        GR\u00d6SSE L\u00c4NGE IN MILLIMETERN        37  242    38  249    39  255    40  262    41  270    42  275","og_url":"https:\/\/disimi.hr\/de\/produkt\/papuce-anatomske-sa-zracnim-jastukom-white-dots-free-dance-pzk2203\/","og_site_name":"DISIMI?","article_publisher":"https:\/\/www.facebook.com\/DISIMI.hr\/","article_modified_time":"2026-04-29T12:19:02+00:00","og_image":[{"width":800,"height":800,"url":"https:\/\/disimi.hr\/wp-content\/uploads\/2022\/09\/PZK2203-W.jpg","type":"image\/jpeg"}],"twitter_card":"summary_large_image","twitter_misc":{"Gesch\u00e4tzte Lesezeit":"3\u00a0Minute"},"schema":{"@context":"https:\/\/schema.org","@graph":[{"@type":"WebPage","@id":"https:\/\/disimi.hr\/de\/produkt\/papuce-anatomske-sa-zracnim-jastukom-white-dots-free-dance-pzk2203\/","url":"https:\/\/disimi.hr\/de\/produkt\/papuce-anatomske-sa-zracnim-jastukom-white-dots-free-dance-pzk2203\/","name":"Anatomische Hausschuhe mit Luftkissen \u201eWhite Dots Free Dance\u201c \u2013 pzk2203 - DISIMI?","isPartOf":{"@id":"https:\/\/disimi.hr\/#website"},"primaryImageOfPage":{"@id":"https:\/\/disimi.hr\/de\/produkt\/papuce-anatomske-sa-zracnim-jastukom-white-dots-free-dance-pzk2203\/#primaryimage"},"image":{"@id":"https:\/\/disimi.hr\/de\/produkt\/papuce-anatomske-sa-zracnim-jastukom-white-dots-free-dance-pzk2203\/#primaryimage"},"thumbnailUrl":"https:\/\/disimi.hr\/wp-content\/uploads\/2022\/09\/PZK2203-W.jpg","datePublished":"2022-09-22T11:47:41+00:00","dateModified":"2026-04-29T12:19:02+00:00","breadcrumb":{"@id":"https:\/\/disimi.hr\/de\/produkt\/papuce-anatomske-sa-zracnim-jastukom-white-dots-free-dance-pzk2203\/#breadcrumb"},"inLanguage":"de","potentialAction":[{"@type":"ReadAction","target":["https:\/\/disimi.hr\/de\/produkt\/papuce-anatomske-sa-zracnim-jastukom-white-dots-free-dance-pzk2203\/"]}]},{"@type":"ImageObject","inLanguage":"de","@id":"https:\/\/disimi.hr\/de\/produkt\/papuce-anatomske-sa-zracnim-jastukom-white-dots-free-dance-pzk2203\/#primaryimage","url":"https:\/\/disimi.hr\/wp-content\/uploads\/2022\/09\/PZK2203-W.jpg","contentUrl":"https:\/\/disimi.hr\/wp-content\/uploads\/2022\/09\/PZK2203-W.jpg","width":800,"height":800},{"@type":"BreadcrumbList","@id":"https:\/\/disimi.hr\/de\/produkt\/papuce-anatomske-sa-zracnim-jastukom-white-dots-free-dance-pzk2203\/#breadcrumb","itemListElement":[{"@type":"ListItem","position":1,"name":"Po\u010detna stranica","item":"https:\/\/disimi.hr\/de\/"},{"@type":"ListItem","position":2,"name":"Produkte","item":"https:\/\/disimi.hr\/de\/produkte\/"},{"@type":"ListItem","position":3,"name":"Anatomische Hausschuhe mit Luftkissen \u201eWhite Dots Free Dance\u201c \u2013 pzk2203"}]},{"@type":"WebSite","@id":"https:\/\/disimi.hr\/#website","url":"https:\/\/disimi.hr\/","name":"DISIMI?","description":"Hrvatski brand i jedinstveni dizajn!","publisher":{"@id":"https:\/\/disimi.hr\/#organization"},"potentialAction":[{"@type":"SearchAction","target":{"@type":"EntryPoint","urlTemplate":"https:\/\/disimi.hr\/?s={search_term_string}"},"query-input":{"@type":"PropertyValueSpecification","valueRequired":true,"valueName":"search_term_string"}}],"inLanguage":"de"},{"@type":"Organization","@id":"https:\/\/disimi.hr\/#organization","name":"DiSiMi?","url":"https:\/\/disimi.hr\/","logo":{"@type":"ImageObject","inLanguage":"de","@id":"https:\/\/disimi.hr\/#\/schema\/logo\/image\/","url":"https:\/\/disimi.hr\/wp-content\/uploads\/2022\/02\/logo2.jpg","contentUrl":"https:\/\/disimi.hr\/wp-content\/uploads\/2022\/02\/logo2.jpg","width":250,"height":79,"caption":"DiSiMi?"},"image":{"@id":"https:\/\/disimi.hr\/#\/schema\/logo\/image\/"},"sameAs":["https:\/\/www.facebook.com\/DISIMI.hr\/","https:\/\/www.instagram.com\/disimi.hr\/"]}]}},"_links":{"self":[{"href":"https:\/\/disimi.hr\/de\/wp-json\/wp\/v2\/product\/119083","targetHints":{"allow":["GET"]}}],"collection":[{"href":"https:\/\/disimi.hr\/de\/wp-json\/wp\/v2\/product"}],"about":[{"href":"https:\/\/disimi.hr\/de\/wp-json\/wp\/v2\/types\/product"}],"wp:featuredmedia":[{"embeddable":true,"href":"https:\/\/disimi.hr\/de\/wp-json\/wp\/v2\/media\/124751"}],"wp:attachment":[{"href":"https:\/\/disimi.hr\/de\/wp-json\/wp\/v2\/media?parent=119083"}],"wp:term":[{"taxonomy":"product_brand","embeddable":true,"href":"https:\/\/disimi.hr\/de\/wp-json\/wp\/v2\/product_brand?post=119083"},{"taxonomy":"product_cat","embeddable":true,"href":"https:\/\/disimi.hr\/de\/wp-json\/wp\/v2\/product_cat?post=119083"},{"taxonomy":"product_tag","embeddable":true,"href":"https:\/\/disimi.hr\/de\/wp-json\/wp\/v2\/product_tag?post=119083"}],"curies":[{"name":"wp","href":"https:\/\/api.w.org\/{rel}","templated":true}]}}