{"id":118985,"date":"2023-03-27T12:26:53","date_gmt":"2023-03-27T10:26:53","guid":{"rendered":"https:\/\/disimi.hr\/proizvod\/torba-comic-strip-ljulja-tzf2336\/"},"modified":"2026-04-20T12:13:43","modified_gmt":"2026-04-20T10:13:43","slug":"torba-comic-strip-ljulja-tzf2336","status":"publish","type":"product","link":"https:\/\/disimi.hr\/de\/produkt\/torba-comic-strip-ljulja-tzf2336\/","title":{"rendered":"Comic-Tasche \u201eLjulja\u201c \u2013 tzf2336"},"content":{"rendered":"<div class=\"wpb-content-wrapper\"><p>[vc_row][vc_column][vc_column_text woodmart_inline=&#8221;no&#8221; text_larger=&#8221;yes&#8221;] <\/p>\n<p style=\"text-align: center;\"><strong>Modeaccessoires, von denen wir uns nicht trennen<\/strong><\/p>\n<p style=\"text-align: center;\">Tasche aus Baumwoll-\/Jeansmaterial mit Futter!<\/p>\n<p style=\"text-align: center;\"><strong>Das perfekte Geschenk \u2026 f\u00fcr dich!<\/strong> Diese Tasche macht keine Kompromisse beim Design. Eine Tasche ist ein wesentlicher Bestandteil der Identit\u00e4t einer Frau und muss daher das gewisse Etwas haben.<\/p>\n<p style=\"text-align: center;\"><strong>\u2714 Was ist wichtiger als eine Tasche?<\/strong> Selbst wenn Frauen das ganze Geld der Welt h\u00e4tten, w\u00fcrden sie sich sicher nicht alle Taschen leisten k\u00f6nnen, die sie m\u00f6gen \u2013 und vor allem brauchen sie all diese Taschen. Eine Tasche ist ein unverzichtbarer Bestandteil jedes gelungenen Outfits. Oftmals macht schon der Wechsel der Tasche den entscheidenden Unterschied. Woran liegt das? Denn eine Tasche ist ein modisches Accessoire, das das Ganze abrundet, hervorsticht und somit Aufmerksamkeit erregt.<\/p>\n<p>[\/vc_column_text][vc_row_inner][vc_column_inner width=&#8221;1\/2&#8243;][vc_single_image image=&#8221;2580&#8243; img_size=&#8221;full&#8221; alignment=&#8221;center&#8221; parallax_scroll=&#8221;no&#8221; woodmart_inline=&#8221;no&#8221;][\/vc_column_inner][vc_column_inner width=&#8221;1\/2&#8243;][vc_single_image image=&#8221;7452&#8243; img_size=&#8221;full&#8221; alignment=&#8221;center&#8221; parallax_scroll=&#8221;no&#8221; woodmart_inline=&#8221;no&#8221;][\/vc_column_inner][\/vc_row_inner][vc_row_inner][vc_column_inner][vc_column_text woodmart_inline=&#8221;no&#8221; text_larger=&#8221;no&#8221;] <\/p>\n<div>\n<p style=\"text-align: center;\"> Wir sind fest davon \u00fcberzeugt, dass unsere Taschen von h\u00f6chster Qualit\u00e4t und mit erstklassigem Design sind. Wir glauben so sehr an unser Produkt, dass wir sicher sind, es wird Sie begeistern. Sollten die DiSiMi?-Taschen Ihre Erwartungen nicht erf\u00fcllen, k\u00f6nnen Sie sie jederzeit zur\u00fcckgeben und wir erstatten Ihnen innerhalb der ersten 30 Tage den vollen Kaufpreis.<\/p>\n<\/div>\n<p>[\/vc_column_text][\/vc_column_inner][\/vc_row_inner][\/vc_column][\/vc_row]<\/p>\n<\/div>","protected":false},"excerpt":{"rendered":"<p>Eine rautenf\u00f6rmige Tasche aus Baumwolle mit Futter! Erh\u00e4ltlich in verschiedenen Designs in unserem Webshop. <\/p>\n<p>Ma\u00dfe: 36 (Breite) x 33 (Tiefe) x 30 (H\u00f6he) cm <\/p>\n<p>Patentierter Rei\u00dfverschluss. K\u00fcrzer Henkel: 12 cm hoch, l\u00e4ngerer Henkel: h\u00f6henverstellbar bis 50 cm.<\/p>\n","protected":false},"featured_media":125127,"template":"","meta":[],"product_brand":[],"product_cat":[215,216],"product_tag":[],"class_list":{"0":"post-118985","1":"product","2":"type-product","3":"status-publish","4":"has-post-thumbnail","6":"product_cat-sommertaschen","7":"product_cat-taschen","9":"first","10":"instock","11":"taxable","12":"shipping-taxable","13":"purchasable","14":"product-type-simple"},"yoast_head":"<!-- This site is optimized with the Yoast SEO plugin v27.5 - https:\/\/yoast.com\/product\/yoast-seo-wordpress\/ -->\n<title>Comic-Tasche \u201eLjulja\u201c \u2013 tzf2336 - DISIMI?<\/title>\n<meta name=\"robots\" content=\"index, follow, max-snippet:-1, max-image-preview:large, max-video-preview:-1\" \/>\n<link rel=\"canonical\" href=\"https:\/\/disimi.hr\/de\/produkt\/torba-comic-strip-ljulja-tzf2336\/\" \/>\n<meta property=\"og:locale\" content=\"de_DE\" \/>\n<meta property=\"og:type\" content=\"article\" \/>\n<meta property=\"og:title\" content=\"Comic-Tasche \u201eLjulja\u201c \u2013 tzf2336 - DISIMI?\" \/>\n<meta property=\"og:description\" content=\"Eine rautenf\u00f6rmige Tasche aus Baumwolle mit Futter! Erh\u00e4ltlich in verschiedenen Designs in unserem Webshop.  Ma\u00dfe: 36 (Breite) x 33 (Tiefe) x 30 (H\u00f6he) cm  Patentierter Rei\u00dfverschluss. K\u00fcrzer Henkel: 12 cm hoch, l\u00e4ngerer Henkel: h\u00f6henverstellbar bis 50 cm.\" \/>\n<meta property=\"og:url\" content=\"https:\/\/disimi.hr\/de\/produkt\/torba-comic-strip-ljulja-tzf2336\/\" \/>\n<meta property=\"og:site_name\" content=\"DISIMI?\" \/>\n<meta property=\"article:publisher\" content=\"https:\/\/www.facebook.com\/DISIMI.hr\/\" \/>\n<meta property=\"article:modified_time\" content=\"2026-04-20T10:13:43+00:00\" \/>\n<meta property=\"og:image\" content=\"https:\/\/disimi.hr\/wp-content\/uploads\/2023\/03\/tzf2336-W.jpg\" \/>\n\t<meta property=\"og:image:width\" content=\"800\" \/>\n\t<meta property=\"og:image:height\" content=\"800\" \/>\n\t<meta property=\"og:image:type\" content=\"image\/jpeg\" \/>\n<meta name=\"twitter:card\" content=\"summary_large_image\" \/>\n<meta name=\"twitter:label1\" content=\"Gesch\u00e4tzte Lesezeit\" \/>\n\t<meta name=\"twitter:data1\" content=\"1\u00a0Minute\" \/>\n<script type=\"application\/ld+json\" class=\"yoast-schema-graph\">{\"@context\":\"https:\\\/\\\/schema.org\",\"@graph\":[{\"@type\":\"WebPage\",\"@id\":\"https:\\\/\\\/disimi.hr\\\/de\\\/produkt\\\/torba-comic-strip-ljulja-tzf2336\\\/\",\"url\":\"https:\\\/\\\/disimi.hr\\\/de\\\/produkt\\\/torba-comic-strip-ljulja-tzf2336\\\/\",\"name\":\"Comic-Tasche \u201eLjulja\u201c \u2013 tzf2336 - DISIMI?\",\"isPartOf\":{\"@id\":\"https:\\\/\\\/disimi.hr\\\/#website\"},\"primaryImageOfPage\":{\"@id\":\"https:\\\/\\\/disimi.hr\\\/de\\\/produkt\\\/torba-comic-strip-ljulja-tzf2336\\\/#primaryimage\"},\"image\":{\"@id\":\"https:\\\/\\\/disimi.hr\\\/de\\\/produkt\\\/torba-comic-strip-ljulja-tzf2336\\\/#primaryimage\"},\"thumbnailUrl\":\"https:\\\/\\\/disimi.hr\\\/wp-content\\\/uploads\\\/2023\\\/03\\\/tzf2336-W.jpg\",\"datePublished\":\"2023-03-27T10:26:53+00:00\",\"dateModified\":\"2026-04-20T10:13:43+00:00\",\"breadcrumb\":{\"@id\":\"https:\\\/\\\/disimi.hr\\\/de\\\/produkt\\\/torba-comic-strip-ljulja-tzf2336\\\/#breadcrumb\"},\"inLanguage\":\"de\",\"potentialAction\":[{\"@type\":\"ReadAction\",\"target\":[\"https:\\\/\\\/disimi.hr\\\/de\\\/produkt\\\/torba-comic-strip-ljulja-tzf2336\\\/\"]}]},{\"@type\":\"ImageObject\",\"inLanguage\":\"de\",\"@id\":\"https:\\\/\\\/disimi.hr\\\/de\\\/produkt\\\/torba-comic-strip-ljulja-tzf2336\\\/#primaryimage\",\"url\":\"https:\\\/\\\/disimi.hr\\\/wp-content\\\/uploads\\\/2023\\\/03\\\/tzf2336-W.jpg\",\"contentUrl\":\"https:\\\/\\\/disimi.hr\\\/wp-content\\\/uploads\\\/2023\\\/03\\\/tzf2336-W.jpg\",\"width\":800,\"height\":800},{\"@type\":\"BreadcrumbList\",\"@id\":\"https:\\\/\\\/disimi.hr\\\/de\\\/produkt\\\/torba-comic-strip-ljulja-tzf2336\\\/#breadcrumb\",\"itemListElement\":[{\"@type\":\"ListItem\",\"position\":1,\"name\":\"Po\u010detna stranica\",\"item\":\"https:\\\/\\\/disimi.hr\\\/de\\\/\"},{\"@type\":\"ListItem\",\"position\":2,\"name\":\"Produkte\",\"item\":\"https:\\\/\\\/disimi.hr\\\/de\\\/produkte\\\/\"},{\"@type\":\"ListItem\",\"position\":3,\"name\":\"Comic-Tasche \u201eLjulja\u201c \u2013 tzf2336\"}]},{\"@type\":\"WebSite\",\"@id\":\"https:\\\/\\\/disimi.hr\\\/#website\",\"url\":\"https:\\\/\\\/disimi.hr\\\/\",\"name\":\"DISIMI?\",\"description\":\"Hrvatski brand i jedinstveni dizajn!\",\"publisher\":{\"@id\":\"https:\\\/\\\/disimi.hr\\\/#organization\"},\"potentialAction\":[{\"@type\":\"SearchAction\",\"target\":{\"@type\":\"EntryPoint\",\"urlTemplate\":\"https:\\\/\\\/disimi.hr\\\/?s={search_term_string}\"},\"query-input\":{\"@type\":\"PropertyValueSpecification\",\"valueRequired\":true,\"valueName\":\"search_term_string\"}}],\"inLanguage\":\"de\"},{\"@type\":\"Organization\",\"@id\":\"https:\\\/\\\/disimi.hr\\\/#organization\",\"name\":\"DiSiMi?\",\"url\":\"https:\\\/\\\/disimi.hr\\\/\",\"logo\":{\"@type\":\"ImageObject\",\"inLanguage\":\"de\",\"@id\":\"https:\\\/\\\/disimi.hr\\\/#\\\/schema\\\/logo\\\/image\\\/\",\"url\":\"https:\\\/\\\/disimi.hr\\\/wp-content\\\/uploads\\\/2022\\\/02\\\/logo2.jpg\",\"contentUrl\":\"https:\\\/\\\/disimi.hr\\\/wp-content\\\/uploads\\\/2022\\\/02\\\/logo2.jpg\",\"width\":250,\"height\":79,\"caption\":\"DiSiMi?\"},\"image\":{\"@id\":\"https:\\\/\\\/disimi.hr\\\/#\\\/schema\\\/logo\\\/image\\\/\"},\"sameAs\":[\"https:\\\/\\\/www.facebook.com\\\/DISIMI.hr\\\/\",\"https:\\\/\\\/www.instagram.com\\\/disimi.hr\\\/\"]}]}<\/script>\n<!-- \/ Yoast SEO plugin. -->","yoast_head_json":{"title":"Comic-Tasche \u201eLjulja\u201c \u2013 tzf2336 - DISIMI?","robots":{"index":"index","follow":"follow","max-snippet":"max-snippet:-1","max-image-preview":"max-image-preview:large","max-video-preview":"max-video-preview:-1"},"canonical":"https:\/\/disimi.hr\/de\/produkt\/torba-comic-strip-ljulja-tzf2336\/","og_locale":"de_DE","og_type":"article","og_title":"Comic-Tasche \u201eLjulja\u201c \u2013 tzf2336 - DISIMI?","og_description":"Eine rautenf\u00f6rmige Tasche aus Baumwolle mit Futter! Erh\u00e4ltlich in verschiedenen Designs in unserem Webshop.  Ma\u00dfe: 36 (Breite) x 33 (Tiefe) x 30 (H\u00f6he) cm  Patentierter Rei\u00dfverschluss. K\u00fcrzer Henkel: 12 cm hoch, l\u00e4ngerer Henkel: h\u00f6henverstellbar bis 50 cm.","og_url":"https:\/\/disimi.hr\/de\/produkt\/torba-comic-strip-ljulja-tzf2336\/","og_site_name":"DISIMI?","article_publisher":"https:\/\/www.facebook.com\/DISIMI.hr\/","article_modified_time":"2026-04-20T10:13:43+00:00","og_image":[{"width":800,"height":800,"url":"https:\/\/disimi.hr\/wp-content\/uploads\/2023\/03\/tzf2336-W.jpg","type":"image\/jpeg"}],"twitter_card":"summary_large_image","twitter_misc":{"Gesch\u00e4tzte Lesezeit":"1\u00a0Minute"},"schema":{"@context":"https:\/\/schema.org","@graph":[{"@type":"WebPage","@id":"https:\/\/disimi.hr\/de\/produkt\/torba-comic-strip-ljulja-tzf2336\/","url":"https:\/\/disimi.hr\/de\/produkt\/torba-comic-strip-ljulja-tzf2336\/","name":"Comic-Tasche \u201eLjulja\u201c \u2013 tzf2336 - DISIMI?","isPartOf":{"@id":"https:\/\/disimi.hr\/#website"},"primaryImageOfPage":{"@id":"https:\/\/disimi.hr\/de\/produkt\/torba-comic-strip-ljulja-tzf2336\/#primaryimage"},"image":{"@id":"https:\/\/disimi.hr\/de\/produkt\/torba-comic-strip-ljulja-tzf2336\/#primaryimage"},"thumbnailUrl":"https:\/\/disimi.hr\/wp-content\/uploads\/2023\/03\/tzf2336-W.jpg","datePublished":"2023-03-27T10:26:53+00:00","dateModified":"2026-04-20T10:13:43+00:00","breadcrumb":{"@id":"https:\/\/disimi.hr\/de\/produkt\/torba-comic-strip-ljulja-tzf2336\/#breadcrumb"},"inLanguage":"de","potentialAction":[{"@type":"ReadAction","target":["https:\/\/disimi.hr\/de\/produkt\/torba-comic-strip-ljulja-tzf2336\/"]}]},{"@type":"ImageObject","inLanguage":"de","@id":"https:\/\/disimi.hr\/de\/produkt\/torba-comic-strip-ljulja-tzf2336\/#primaryimage","url":"https:\/\/disimi.hr\/wp-content\/uploads\/2023\/03\/tzf2336-W.jpg","contentUrl":"https:\/\/disimi.hr\/wp-content\/uploads\/2023\/03\/tzf2336-W.jpg","width":800,"height":800},{"@type":"BreadcrumbList","@id":"https:\/\/disimi.hr\/de\/produkt\/torba-comic-strip-ljulja-tzf2336\/#breadcrumb","itemListElement":[{"@type":"ListItem","position":1,"name":"Po\u010detna stranica","item":"https:\/\/disimi.hr\/de\/"},{"@type":"ListItem","position":2,"name":"Produkte","item":"https:\/\/disimi.hr\/de\/produkte\/"},{"@type":"ListItem","position":3,"name":"Comic-Tasche \u201eLjulja\u201c \u2013 tzf2336"}]},{"@type":"WebSite","@id":"https:\/\/disimi.hr\/#website","url":"https:\/\/disimi.hr\/","name":"DISIMI?","description":"Hrvatski brand i jedinstveni dizajn!","publisher":{"@id":"https:\/\/disimi.hr\/#organization"},"potentialAction":[{"@type":"SearchAction","target":{"@type":"EntryPoint","urlTemplate":"https:\/\/disimi.hr\/?s={search_term_string}"},"query-input":{"@type":"PropertyValueSpecification","valueRequired":true,"valueName":"search_term_string"}}],"inLanguage":"de"},{"@type":"Organization","@id":"https:\/\/disimi.hr\/#organization","name":"DiSiMi?","url":"https:\/\/disimi.hr\/","logo":{"@type":"ImageObject","inLanguage":"de","@id":"https:\/\/disimi.hr\/#\/schema\/logo\/image\/","url":"https:\/\/disimi.hr\/wp-content\/uploads\/2022\/02\/logo2.jpg","contentUrl":"https:\/\/disimi.hr\/wp-content\/uploads\/2022\/02\/logo2.jpg","width":250,"height":79,"caption":"DiSiMi?"},"image":{"@id":"https:\/\/disimi.hr\/#\/schema\/logo\/image\/"},"sameAs":["https:\/\/www.facebook.com\/DISIMI.hr\/","https:\/\/www.instagram.com\/disimi.hr\/"]}]}},"_links":{"self":[{"href":"https:\/\/disimi.hr\/de\/wp-json\/wp\/v2\/product\/118985","targetHints":{"allow":["GET"]}}],"collection":[{"href":"https:\/\/disimi.hr\/de\/wp-json\/wp\/v2\/product"}],"about":[{"href":"https:\/\/disimi.hr\/de\/wp-json\/wp\/v2\/types\/product"}],"wp:featuredmedia":[{"embeddable":true,"href":"https:\/\/disimi.hr\/de\/wp-json\/wp\/v2\/media\/125127"}],"wp:attachment":[{"href":"https:\/\/disimi.hr\/de\/wp-json\/wp\/v2\/media?parent=118985"}],"wp:term":[{"taxonomy":"product_brand","embeddable":true,"href":"https:\/\/disimi.hr\/de\/wp-json\/wp\/v2\/product_brand?post=118985"},{"taxonomy":"product_cat","embeddable":true,"href":"https:\/\/disimi.hr\/de\/wp-json\/wp\/v2\/product_cat?post=118985"},{"taxonomy":"product_tag","embeddable":true,"href":"https:\/\/disimi.hr\/de\/wp-json\/wp\/v2\/product_tag?post=118985"}],"curies":[{"name":"wp","href":"https:\/\/api.w.org\/{rel}","templated":true}]}}