{"id":118898,"date":"2023-04-27T10:31:18","date_gmt":"2023-04-27T08:31:18","guid":{"rendered":"https:\/\/disimi.hr\/proizvod\/obuca-za-more-aqua-surf-muske-military-grey-vel-41-46-asm2001\/"},"modified":"2026-04-13T12:19:15","modified_gmt":"2026-04-13T10:19:15","slug":"obuca-za-more-aqua-surf-muske-military-grey-vel-41-46-asm2001","status":"publish","type":"product","link":"https:\/\/disimi.hr\/de\/produkt\/obuca-za-more-aqua-surf-muske-military-grey-vel-41-46-asm2001\/","title":{"rendered":"Aqua Surf Herren-Badeschuhe \u201eMilit\u00e4rgrau\u201c, Gr\u00f6\u00dfe 41\u201346 \u2013 asm2001"},"content":{"rendered":"<div class=\"wpb-content-wrapper\"><p>[vc_row][vc_column][vc_column_text woodmart_inline=&#8221;no&#8221; text_larger=&#8221;yes&#8221;] <\/p>\n<p style=\"text-align: center\">\u2714<strong> Rutschfest<\/strong>: Die Sohle mit 4 mm Profil verhindert Ausrutschen.<\/p>\n<div class=\"product-glavni-tekst\">\n<p style=\"text-align: center\">\u2714<strong> Schnelltrocknend<\/strong>: Das Obermaterial trocknet extrem schnell.<\/p>\n<p style=\"text-align: center\">\u2714<strong> Modernes Design<\/strong>: Bei den DiSiMi? Hausschuhen werden keine Kompromisse beim Design gemacht. Aqua Surf mit einzigartigem und attraktivem Design \u2013 attraktiv und bequem!<\/p>\n<p style=\"text-align: center\">\u2714<strong> Einfachheit<\/strong>: Das dehnbare Obermaterial erm\u00f6glicht schnelles und einfaches Anziehen.<\/p>\n<\/div>\n<p>[\/vc_column_text][vc_row_inner][vc_column_inner width=&#8221;1\/2&#8243;][vc_single_image image=&#8221;2580&#8243; img_size=&#8221;full&#8221; alignment=&#8221;center&#8221; parallax_scroll=&#8221;no&#8221; woodmart_inline=&#8221;no&#8221;][\/vc_column_inner][vc_column_inner width=&#8221;1\/2&#8243;][vc_single_image image=&#8221;7452&#8243; img_size=&#8221;full&#8221; alignment=&#8221;center&#8221; parallax_scroll=&#8221;no&#8221; woodmart_inline=&#8221;no&#8221;][\/vc_column_inner][\/vc_row_inner][vc_row_inner][vc_column_inner][vc_column_text woodmart_inline=&#8221;no&#8221; text_larger=&#8221;no&#8221;] <\/p>\n<p style=\"text-align: center\">Unsere Garantie: Wir sind fest davon \u00fcberzeugt, dass unsere Surfbretter von herausragender Qualit\u00e4t und erstklassigem Design sind. Wir glauben so sehr an unser Produkt, dass wir sicher sind, dass es Sie begeistern wird. Sollten die DiSiMi?-Surfbretter Ihre Erwartungen nicht erf\u00fcllen, k\u00f6nnen Sie sie jederzeit zur\u00fcckgeben und wir erstatten Ihnen innerhalb der ersten 30 Tage den vollen Kaufpreis.<\/p>\n<p> [\/vc_column_text][\/vc_column_inner][\/vc_row_inner][\/vc_column][\/vc_row]<\/p>\n<\/div>","protected":false},"excerpt":{"rendered":"<p>Rutschfest <\/p>\n<p>Schnelltrocknend <\/p>\n<p>Leicht an- und auszuziehen <\/p>\n<p>Einzigartiges Design <\/p>\n<div>\n<table border=\"0\" width=\"253\" cellspacing=\"0\" cellpadding=\"0\">\n<tbody>\n<tr>\n<td valign=\"bottom\" nowrap=\"nowrap\" width=\"127\">\n<div>GR\u00d6SSE<u><\/u><u><\/u><\/div>\n<\/td>\n<td valign=\"bottom\" nowrap=\"nowrap\" width=\"127\">L\u00c4NGE IN MILLIMETERN<\/td>\n<\/tr>\n<tr>\n<td valign=\"bottom\" nowrap=\"nowrap\" width=\"127\">41<\/td>\n<td valign=\"bottom\" nowrap=\"nowrap\" width=\"127\">\n<div>272<\/div>\n<\/td>\n<\/tr>\n<tr>\n<td valign=\"bottom\" nowrap=\"nowrap\" width=\"127\">42<\/td>\n<td valign=\"bottom\" nowrap=\"nowrap\" width=\"127\">280<\/td>\n<\/tr>\n<tr>\n<td valign=\"bottom\" nowrap=\"nowrap\" width=\"127\">43<\/td>\n<td valign=\"bottom\" nowrap=\"nowrap\" width=\"127\">\n<div>286<\/div>\n<\/td>\n<\/tr>\n<tr>\n<td valign=\"bottom\" nowrap=\"nowrap\" width=\"127\">44<\/td>\n<td valign=\"bottom\" nowrap=\"nowrap\" width=\"127\">\n<div>294<\/div>\n<\/td>\n<\/tr>\n<tr>\n<td valign=\"bottom\" nowrap=\"nowrap\" width=\"127\">45<\/td>\n<td valign=\"bottom\" nowrap=\"nowrap\" width=\"127\">300<\/td>\n<\/tr>\n<tr>\n<td valign=\"bottom\" nowrap=\"nowrap\" width=\"127\">46<\/td>\n<td valign=\"bottom\" nowrap=\"nowrap\" width=\"127\">\n<div>302<\/div>\n<div><\/div>\n<\/td>\n<\/tr>\n<\/tbody>\n<\/table>\n<\/div>\n","protected":false},"featured_media":118899,"template":"","meta":[],"product_brand":[],"product_cat":[250,242,247],"product_tag":[],"class_list":{"0":"post-118898","1":"product","2":"type-product","3":"status-publish","4":"has-post-thumbnail","6":"product_cat-herren","7":"product_cat-sommerschuhe","8":"product_cat-wasserschuhe","10":"first","11":"instock","12":"taxable","13":"shipping-taxable","14":"purchasable","15":"product-type-variable"},"yoast_head":"<!-- This site is optimized with the Yoast SEO plugin v27.5 - https:\/\/yoast.com\/product\/yoast-seo-wordpress\/ -->\n<title>Aqua Surf Herren-Badeschuhe \u201eMilit\u00e4rgrau\u201c, Gr\u00f6\u00dfe 41\u201346 \u2013 asm2001 - DISIMI?<\/title>\n<meta name=\"robots\" content=\"index, follow, max-snippet:-1, max-image-preview:large, max-video-preview:-1\" \/>\n<link rel=\"canonical\" href=\"https:\/\/disimi.hr\/de\/produkt\/obuca-za-more-aqua-surf-muske-military-grey-vel-41-46-asm2001\/\" \/>\n<meta property=\"og:locale\" content=\"de_DE\" \/>\n<meta property=\"og:type\" content=\"article\" \/>\n<meta property=\"og:title\" content=\"Aqua Surf Herren-Badeschuhe \u201eMilit\u00e4rgrau\u201c, Gr\u00f6\u00dfe 41\u201346 \u2013 asm2001 - DISIMI?\" \/>\n<meta property=\"og:description\" content=\"Rutschfest  Schnelltrocknend  Leicht an- und auszuziehen  Einzigartiges Design      GR\u00d6SSE L\u00c4NGE IN MILLIMETERN   41  272   42 280   43  286   44  294   45 300   46  302\" \/>\n<meta property=\"og:url\" content=\"https:\/\/disimi.hr\/de\/produkt\/obuca-za-more-aqua-surf-muske-military-grey-vel-41-46-asm2001\/\" \/>\n<meta property=\"og:site_name\" content=\"DISIMI?\" \/>\n<meta property=\"article:publisher\" content=\"https:\/\/www.facebook.com\/DISIMI.hr\/\" \/>\n<meta property=\"article:modified_time\" content=\"2026-04-13T10:19:15+00:00\" \/>\n<meta property=\"og:image\" content=\"https:\/\/disimi.hr\/wp-content\/uploads\/2023\/04\/ASM2001-W.jpg\" \/>\n\t<meta property=\"og:image:width\" content=\"800\" \/>\n\t<meta property=\"og:image:height\" content=\"800\" \/>\n\t<meta property=\"og:image:type\" content=\"image\/jpeg\" \/>\n<meta name=\"twitter:card\" content=\"summary_large_image\" \/>\n<meta name=\"twitter:label1\" content=\"Gesch\u00e4tzte Lesezeit\" \/>\n\t<meta name=\"twitter:data1\" content=\"1\u00a0Minute\" \/>\n<script type=\"application\/ld+json\" class=\"yoast-schema-graph\">{\"@context\":\"https:\\\/\\\/schema.org\",\"@graph\":[{\"@type\":\"WebPage\",\"@id\":\"https:\\\/\\\/disimi.hr\\\/de\\\/produkt\\\/obuca-za-more-aqua-surf-muske-military-grey-vel-41-46-asm2001\\\/\",\"url\":\"https:\\\/\\\/disimi.hr\\\/de\\\/produkt\\\/obuca-za-more-aqua-surf-muske-military-grey-vel-41-46-asm2001\\\/\",\"name\":\"Aqua Surf Herren-Badeschuhe \u201eMilit\u00e4rgrau\u201c, Gr\u00f6\u00dfe 41\u201346 \u2013 asm2001 - DISIMI?\",\"isPartOf\":{\"@id\":\"https:\\\/\\\/disimi.hr\\\/#website\"},\"primaryImageOfPage\":{\"@id\":\"https:\\\/\\\/disimi.hr\\\/de\\\/produkt\\\/obuca-za-more-aqua-surf-muske-military-grey-vel-41-46-asm2001\\\/#primaryimage\"},\"image\":{\"@id\":\"https:\\\/\\\/disimi.hr\\\/de\\\/produkt\\\/obuca-za-more-aqua-surf-muske-military-grey-vel-41-46-asm2001\\\/#primaryimage\"},\"thumbnailUrl\":\"https:\\\/\\\/disimi.hr\\\/wp-content\\\/uploads\\\/2023\\\/04\\\/ASM2001-W.jpg\",\"datePublished\":\"2023-04-27T08:31:18+00:00\",\"dateModified\":\"2026-04-13T10:19:15+00:00\",\"breadcrumb\":{\"@id\":\"https:\\\/\\\/disimi.hr\\\/de\\\/produkt\\\/obuca-za-more-aqua-surf-muske-military-grey-vel-41-46-asm2001\\\/#breadcrumb\"},\"inLanguage\":\"de\",\"potentialAction\":[{\"@type\":\"ReadAction\",\"target\":[\"https:\\\/\\\/disimi.hr\\\/de\\\/produkt\\\/obuca-za-more-aqua-surf-muske-military-grey-vel-41-46-asm2001\\\/\"]}]},{\"@type\":\"ImageObject\",\"inLanguage\":\"de\",\"@id\":\"https:\\\/\\\/disimi.hr\\\/de\\\/produkt\\\/obuca-za-more-aqua-surf-muske-military-grey-vel-41-46-asm2001\\\/#primaryimage\",\"url\":\"https:\\\/\\\/disimi.hr\\\/wp-content\\\/uploads\\\/2023\\\/04\\\/ASM2001-W.jpg\",\"contentUrl\":\"https:\\\/\\\/disimi.hr\\\/wp-content\\\/uploads\\\/2023\\\/04\\\/ASM2001-W.jpg\",\"width\":800,\"height\":800},{\"@type\":\"BreadcrumbList\",\"@id\":\"https:\\\/\\\/disimi.hr\\\/de\\\/produkt\\\/obuca-za-more-aqua-surf-muske-military-grey-vel-41-46-asm2001\\\/#breadcrumb\",\"itemListElement\":[{\"@type\":\"ListItem\",\"position\":1,\"name\":\"Po\u010detna stranica\",\"item\":\"https:\\\/\\\/disimi.hr\\\/de\\\/\"},{\"@type\":\"ListItem\",\"position\":2,\"name\":\"Produkte\",\"item\":\"https:\\\/\\\/disimi.hr\\\/de\\\/produkte\\\/\"},{\"@type\":\"ListItem\",\"position\":3,\"name\":\"Aqua Surf Herren-Badeschuhe \u201eMilit\u00e4rgrau\u201c, Gr\u00f6\u00dfe 41\u201346 \u2013 asm2001\"}]},{\"@type\":\"WebSite\",\"@id\":\"https:\\\/\\\/disimi.hr\\\/#website\",\"url\":\"https:\\\/\\\/disimi.hr\\\/\",\"name\":\"DISIMI?\",\"description\":\"Hrvatski brand i jedinstveni dizajn!\",\"publisher\":{\"@id\":\"https:\\\/\\\/disimi.hr\\\/#organization\"},\"potentialAction\":[{\"@type\":\"SearchAction\",\"target\":{\"@type\":\"EntryPoint\",\"urlTemplate\":\"https:\\\/\\\/disimi.hr\\\/?s={search_term_string}\"},\"query-input\":{\"@type\":\"PropertyValueSpecification\",\"valueRequired\":true,\"valueName\":\"search_term_string\"}}],\"inLanguage\":\"de\"},{\"@type\":\"Organization\",\"@id\":\"https:\\\/\\\/disimi.hr\\\/#organization\",\"name\":\"DiSiMi?\",\"url\":\"https:\\\/\\\/disimi.hr\\\/\",\"logo\":{\"@type\":\"ImageObject\",\"inLanguage\":\"de\",\"@id\":\"https:\\\/\\\/disimi.hr\\\/#\\\/schema\\\/logo\\\/image\\\/\",\"url\":\"https:\\\/\\\/disimi.hr\\\/wp-content\\\/uploads\\\/2022\\\/02\\\/logo2.jpg\",\"contentUrl\":\"https:\\\/\\\/disimi.hr\\\/wp-content\\\/uploads\\\/2022\\\/02\\\/logo2.jpg\",\"width\":250,\"height\":79,\"caption\":\"DiSiMi?\"},\"image\":{\"@id\":\"https:\\\/\\\/disimi.hr\\\/#\\\/schema\\\/logo\\\/image\\\/\"},\"sameAs\":[\"https:\\\/\\\/www.facebook.com\\\/DISIMI.hr\\\/\",\"https:\\\/\\\/www.instagram.com\\\/disimi.hr\\\/\"]}]}<\/script>\n<!-- \/ Yoast SEO plugin. -->","yoast_head_json":{"title":"Aqua Surf Herren-Badeschuhe \u201eMilit\u00e4rgrau\u201c, Gr\u00f6\u00dfe 41\u201346 \u2013 asm2001 - DISIMI?","robots":{"index":"index","follow":"follow","max-snippet":"max-snippet:-1","max-image-preview":"max-image-preview:large","max-video-preview":"max-video-preview:-1"},"canonical":"https:\/\/disimi.hr\/de\/produkt\/obuca-za-more-aqua-surf-muske-military-grey-vel-41-46-asm2001\/","og_locale":"de_DE","og_type":"article","og_title":"Aqua Surf Herren-Badeschuhe \u201eMilit\u00e4rgrau\u201c, Gr\u00f6\u00dfe 41\u201346 \u2013 asm2001 - DISIMI?","og_description":"Rutschfest  Schnelltrocknend  Leicht an- und auszuziehen  Einzigartiges Design      GR\u00d6SSE L\u00c4NGE IN MILLIMETERN   41  272   42 280   43  286   44  294   45 300   46  302","og_url":"https:\/\/disimi.hr\/de\/produkt\/obuca-za-more-aqua-surf-muske-military-grey-vel-41-46-asm2001\/","og_site_name":"DISIMI?","article_publisher":"https:\/\/www.facebook.com\/DISIMI.hr\/","article_modified_time":"2026-04-13T10:19:15+00:00","og_image":[{"width":800,"height":800,"url":"https:\/\/disimi.hr\/wp-content\/uploads\/2023\/04\/ASM2001-W.jpg","type":"image\/jpeg"}],"twitter_card":"summary_large_image","twitter_misc":{"Gesch\u00e4tzte Lesezeit":"1\u00a0Minute"},"schema":{"@context":"https:\/\/schema.org","@graph":[{"@type":"WebPage","@id":"https:\/\/disimi.hr\/de\/produkt\/obuca-za-more-aqua-surf-muske-military-grey-vel-41-46-asm2001\/","url":"https:\/\/disimi.hr\/de\/produkt\/obuca-za-more-aqua-surf-muske-military-grey-vel-41-46-asm2001\/","name":"Aqua Surf Herren-Badeschuhe \u201eMilit\u00e4rgrau\u201c, Gr\u00f6\u00dfe 41\u201346 \u2013 asm2001 - DISIMI?","isPartOf":{"@id":"https:\/\/disimi.hr\/#website"},"primaryImageOfPage":{"@id":"https:\/\/disimi.hr\/de\/produkt\/obuca-za-more-aqua-surf-muske-military-grey-vel-41-46-asm2001\/#primaryimage"},"image":{"@id":"https:\/\/disimi.hr\/de\/produkt\/obuca-za-more-aqua-surf-muske-military-grey-vel-41-46-asm2001\/#primaryimage"},"thumbnailUrl":"https:\/\/disimi.hr\/wp-content\/uploads\/2023\/04\/ASM2001-W.jpg","datePublished":"2023-04-27T08:31:18+00:00","dateModified":"2026-04-13T10:19:15+00:00","breadcrumb":{"@id":"https:\/\/disimi.hr\/de\/produkt\/obuca-za-more-aqua-surf-muske-military-grey-vel-41-46-asm2001\/#breadcrumb"},"inLanguage":"de","potentialAction":[{"@type":"ReadAction","target":["https:\/\/disimi.hr\/de\/produkt\/obuca-za-more-aqua-surf-muske-military-grey-vel-41-46-asm2001\/"]}]},{"@type":"ImageObject","inLanguage":"de","@id":"https:\/\/disimi.hr\/de\/produkt\/obuca-za-more-aqua-surf-muske-military-grey-vel-41-46-asm2001\/#primaryimage","url":"https:\/\/disimi.hr\/wp-content\/uploads\/2023\/04\/ASM2001-W.jpg","contentUrl":"https:\/\/disimi.hr\/wp-content\/uploads\/2023\/04\/ASM2001-W.jpg","width":800,"height":800},{"@type":"BreadcrumbList","@id":"https:\/\/disimi.hr\/de\/produkt\/obuca-za-more-aqua-surf-muske-military-grey-vel-41-46-asm2001\/#breadcrumb","itemListElement":[{"@type":"ListItem","position":1,"name":"Po\u010detna stranica","item":"https:\/\/disimi.hr\/de\/"},{"@type":"ListItem","position":2,"name":"Produkte","item":"https:\/\/disimi.hr\/de\/produkte\/"},{"@type":"ListItem","position":3,"name":"Aqua Surf Herren-Badeschuhe \u201eMilit\u00e4rgrau\u201c, Gr\u00f6\u00dfe 41\u201346 \u2013 asm2001"}]},{"@type":"WebSite","@id":"https:\/\/disimi.hr\/#website","url":"https:\/\/disimi.hr\/","name":"DISIMI?","description":"Hrvatski brand i jedinstveni dizajn!","publisher":{"@id":"https:\/\/disimi.hr\/#organization"},"potentialAction":[{"@type":"SearchAction","target":{"@type":"EntryPoint","urlTemplate":"https:\/\/disimi.hr\/?s={search_term_string}"},"query-input":{"@type":"PropertyValueSpecification","valueRequired":true,"valueName":"search_term_string"}}],"inLanguage":"de"},{"@type":"Organization","@id":"https:\/\/disimi.hr\/#organization","name":"DiSiMi?","url":"https:\/\/disimi.hr\/","logo":{"@type":"ImageObject","inLanguage":"de","@id":"https:\/\/disimi.hr\/#\/schema\/logo\/image\/","url":"https:\/\/disimi.hr\/wp-content\/uploads\/2022\/02\/logo2.jpg","contentUrl":"https:\/\/disimi.hr\/wp-content\/uploads\/2022\/02\/logo2.jpg","width":250,"height":79,"caption":"DiSiMi?"},"image":{"@id":"https:\/\/disimi.hr\/#\/schema\/logo\/image\/"},"sameAs":["https:\/\/www.facebook.com\/DISIMI.hr\/","https:\/\/www.instagram.com\/disimi.hr\/"]}]}},"_links":{"self":[{"href":"https:\/\/disimi.hr\/de\/wp-json\/wp\/v2\/product\/118898","targetHints":{"allow":["GET"]}}],"collection":[{"href":"https:\/\/disimi.hr\/de\/wp-json\/wp\/v2\/product"}],"about":[{"href":"https:\/\/disimi.hr\/de\/wp-json\/wp\/v2\/types\/product"}],"wp:featuredmedia":[{"embeddable":true,"href":"https:\/\/disimi.hr\/de\/wp-json\/wp\/v2\/media\/118899"}],"wp:attachment":[{"href":"https:\/\/disimi.hr\/de\/wp-json\/wp\/v2\/media?parent=118898"}],"wp:term":[{"taxonomy":"product_brand","embeddable":true,"href":"https:\/\/disimi.hr\/de\/wp-json\/wp\/v2\/product_brand?post=118898"},{"taxonomy":"product_cat","embeddable":true,"href":"https:\/\/disimi.hr\/de\/wp-json\/wp\/v2\/product_cat?post=118898"},{"taxonomy":"product_tag","embeddable":true,"href":"https:\/\/disimi.hr\/de\/wp-json\/wp\/v2\/product_tag?post=118898"}],"curies":[{"name":"wp","href":"https:\/\/api.w.org\/{rel}","templated":true}]}}