{"id":118832,"date":"2023-04-28T12:44:15","date_gmt":"2023-04-28T10:44:15","guid":{"rendered":"https:\/\/disimi.hr\/proizvod\/tunika-cipka-crna-duljina-133-cm-tnk2304\/"},"modified":"2026-02-02T15:36:32","modified_gmt":"2026-02-02T14:36:32","slug":"tunika-cipka-crna-duljina-133-cm-tnk2304","status":"publish","type":"product","link":"https:\/\/disimi.hr\/de\/produkt\/tunika-cipka-crna-duljina-133-cm-tnk2304\/","title":{"rendered":"Tunika \u201eSpitze\u201c schwarz, L\u00e4nge 133 cm &#8211; tnk2304"},"content":{"rendered":"<div class=\"wpb-content-wrapper\"><p>[vc_row][vc_column][vc_column_text woodmart_inline=&#8221;no&#8221; text_larger=&#8221;yes&#8221;] <\/p>\n<p style=\"text-align: center\"><strong class=\"naslov-product-tekst\">Bequeme Kleidung sah noch nie so gut aus.<\/strong><\/p>\n<p style=\"text-align: center\">Tuniken schmiegen sich perfekt an die Figur an, ihre L\u00e4nge kaschiert kleine Problemzonen und verleiht eine luftige Leichtigkeit. Die Tuniken von DiSiMi? sind sorgf\u00e4ltig ausgew\u00e4hlte Modelle f\u00fcr den Alltag an warmen Fr\u00fchlings- und Sommertagen. Sie sind \u00e4u\u00dferst bequem und vereinen zeitlose Klassiker mit Details, die in der Modewelt aktuell sind. Ob in der Stadt, am Strand oder bei einem gem\u00fctlichen Spaziergang \u2013 mit den Tuniken von Disimi ziehen Sie alle Blicke auf sich und werden zum Mittelpunkt jeder Feier.<\/p>\n<p style=\"text-align: center\"><strong class=\"title-product-tekst\">Genie\u00dfen Sie einen entspannten Sommer!<\/strong><\/p>\n<p style=\"text-align: center\">\u2714<strong> Dekorative Details<\/strong>: Ziern\u00e4hte bringen Ihre gebr\u00e4unte Haut perfekt zur Geltung.<\/p>\n<p style=\"text-align: center\">\u2714<strong> Sie sparen Geld<\/strong>: Trotz ihrer hohen Qualit\u00e4t sind sie f\u00fcr jedes Budget erschwinglich.<\/p>\n<div class=\"product-glavni-tekst\">\n<p style=\"text-align: center\">\u2714<strong> Modernes Design<\/strong>: Bei DiSiMi? werden bei der Tunika keine Kompromisse beim Design gemacht. Tuniken mit einzigartigem und attraktivem Design, die nicht nur sch\u00f6n anzusehen, sondern auch angenehm zu tragen sind.<\/p>\n<p style=\"text-align: center\">\u2714<strong>Ausgew\u00e4hlte Materialien<\/strong>: Materialien, die sich der K\u00f6rperform nat\u00fcrlich anpassen und f\u00fcr hohen Tragekomfort sorgen, w\u00e4hrend sie gleichzeitig die Funktion von Kleidung erf\u00fcllen, die vor der Sonne sch\u00fctzt und einen ausdrucksstarken Modestil bietet. Strandkleid? Warum nicht?<\/p>\n<p style=\"text-align: center\">\u2714<strong>Komfort steht an erster Stelle<\/strong>: Die Einheitsgr\u00f6\u00dfe verw\u00f6hnt Sie nicht nur mit ihrer Weichheit, sondern passt auch vielen Frauen. DiSiMi? Tuniken k\u00f6nnen das perfekte Abendkleid sein.<\/p>\n<\/div>\n<p>[\/vc_column_text][vc_row_inner][vc_column_inner width=&#8221;1\/2&#8243;][vc_single_image image=&#8221;2580&#8243; img_size=&#8221;full&#8221; alignment=&#8221;center&#8221; parallax_scroll=&#8221;no&#8221; woodmart_inline=&#8221;no&#8221;][\/vc_column_inner][vc_column_inner width=&#8221;1\/2&#8243;][vc_single_image image=&#8221;7452&#8243; img_size=&#8221;full&#8221; alignment=&#8221;center&#8221; parallax_scroll=&#8221;no&#8221; woodmart_inline=&#8221;no&#8221;][\/vc_column_inner][\/vc_row_inner][vc_row_inner][vc_column_inner][vc_column_text woodmart_inline=&#8221;no&#8221; text_larger=&#8221;no&#8221;] <\/p>\n<div class=\"product-zadnje\"> Unsere Garantie: Wir sind fest davon \u00fcberzeugt, dass unsere Tuniken von h\u00f6chster Qualit\u00e4t und mit erstklassigem Design sind. Wir glauben so sehr an unser Produkt, dass wir sicher sind, dass es Sie begeistern wird. Sollten die DiSiMi?-Tuniken Ihre Erwartungen nicht erf\u00fcllen, k\u00f6nnen Sie sie jederzeit zur\u00fccksenden und erhalten innerhalb der ersten 30 Tage eine volle R\u00fcckerstattung.<\/div>\n<p>[\/vc_column_text][\/vc_column_inner][\/vc_row_inner][\/vc_column][\/vc_row]<\/p>\n<\/div>","protected":false},"excerpt":{"rendered":"<p>L\u00e4nge 132 cm <\/p>\n<p>Breite 69 cm <\/p>\n<p>Brustumfang 120 cm <\/p>\n<p>Viskose \u2013 ein Naturmaterial, das industriell verarbeitet wird, um ein maximal anpassungsf\u00e4higes Produkt zu erhalten; im Falle von Tuniken ist es pflegeleicht und knittert nicht.<\/p>\n","protected":false},"featured_media":128041,"template":"","meta":[],"product_brand":[],"product_cat":[234],"product_tag":[],"class_list":{"0":"post-118832","1":"product","2":"type-product","3":"status-publish","4":"has-post-thumbnail","6":"product_cat-tuniken","8":"first","9":"instock","10":"taxable","11":"shipping-taxable","12":"purchasable","13":"product-type-simple"},"yoast_head":"<!-- This site is optimized with the Yoast SEO plugin v27.3 - https:\/\/yoast.com\/product\/yoast-seo-wordpress\/ -->\n<title>Tunika \u201eSpitze\u201c schwarz, L\u00e4nge 133 cm - tnk2304 - DISIMI?<\/title>\n<meta name=\"robots\" content=\"index, follow, max-snippet:-1, max-image-preview:large, max-video-preview:-1\" \/>\n<link rel=\"canonical\" href=\"https:\/\/disimi.hr\/de\/produkt\/tunika-cipka-crna-duljina-133-cm-tnk2304\/\" \/>\n<meta property=\"og:locale\" content=\"de_DE\" \/>\n<meta property=\"og:type\" content=\"article\" \/>\n<meta property=\"og:title\" content=\"Tunika \u201eSpitze\u201c schwarz, L\u00e4nge 133 cm - tnk2304 - DISIMI?\" \/>\n<meta property=\"og:description\" content=\"L\u00e4nge 132 cm  Breite 69 cm  Brustumfang 120 cm  Viskose \u2013 ein Naturmaterial, das industriell verarbeitet wird, um ein maximal anpassungsf\u00e4higes Produkt zu erhalten; im Falle von Tuniken ist es pflegeleicht und knittert nicht.\" \/>\n<meta property=\"og:url\" content=\"https:\/\/disimi.hr\/de\/produkt\/tunika-cipka-crna-duljina-133-cm-tnk2304\/\" \/>\n<meta property=\"og:site_name\" content=\"DISIMI?\" \/>\n<meta property=\"article:publisher\" content=\"https:\/\/www.facebook.com\/DISIMI.hr\/\" \/>\n<meta property=\"article:modified_time\" content=\"2026-02-02T14:36:32+00:00\" \/>\n<meta property=\"og:image\" content=\"https:\/\/disimi.hr\/wp-content\/uploads\/2023\/04\/tzf2304-crna.jpg\" \/>\n\t<meta property=\"og:image:width\" content=\"1500\" \/>\n\t<meta property=\"og:image:height\" content=\"1920\" \/>\n\t<meta property=\"og:image:type\" content=\"image\/jpeg\" \/>\n<meta name=\"twitter:card\" content=\"summary_large_image\" \/>\n<meta name=\"twitter:label1\" content=\"Gesch\u00e4tzte Lesezeit\" \/>\n\t<meta name=\"twitter:data1\" content=\"2\u00a0Minute\" \/>\n<script type=\"application\/ld+json\" class=\"yoast-schema-graph\">{\"@context\":\"https:\\\/\\\/schema.org\",\"@graph\":[{\"@type\":\"WebPage\",\"@id\":\"https:\\\/\\\/disimi.hr\\\/de\\\/produkt\\\/tunika-cipka-crna-duljina-133-cm-tnk2304\\\/\",\"url\":\"https:\\\/\\\/disimi.hr\\\/de\\\/produkt\\\/tunika-cipka-crna-duljina-133-cm-tnk2304\\\/\",\"name\":\"Tunika \u201eSpitze\u201c schwarz, L\u00e4nge 133 cm - tnk2304 - DISIMI?\",\"isPartOf\":{\"@id\":\"https:\\\/\\\/disimi.hr\\\/#website\"},\"primaryImageOfPage\":{\"@id\":\"https:\\\/\\\/disimi.hr\\\/de\\\/produkt\\\/tunika-cipka-crna-duljina-133-cm-tnk2304\\\/#primaryimage\"},\"image\":{\"@id\":\"https:\\\/\\\/disimi.hr\\\/de\\\/produkt\\\/tunika-cipka-crna-duljina-133-cm-tnk2304\\\/#primaryimage\"},\"thumbnailUrl\":\"https:\\\/\\\/disimi.hr\\\/wp-content\\\/uploads\\\/2023\\\/04\\\/tzf2304-crna.jpg\",\"datePublished\":\"2023-04-28T10:44:15+00:00\",\"dateModified\":\"2026-02-02T14:36:32+00:00\",\"breadcrumb\":{\"@id\":\"https:\\\/\\\/disimi.hr\\\/de\\\/produkt\\\/tunika-cipka-crna-duljina-133-cm-tnk2304\\\/#breadcrumb\"},\"inLanguage\":\"de\",\"potentialAction\":[{\"@type\":\"ReadAction\",\"target\":[\"https:\\\/\\\/disimi.hr\\\/de\\\/produkt\\\/tunika-cipka-crna-duljina-133-cm-tnk2304\\\/\"]}]},{\"@type\":\"ImageObject\",\"inLanguage\":\"de\",\"@id\":\"https:\\\/\\\/disimi.hr\\\/de\\\/produkt\\\/tunika-cipka-crna-duljina-133-cm-tnk2304\\\/#primaryimage\",\"url\":\"https:\\\/\\\/disimi.hr\\\/wp-content\\\/uploads\\\/2023\\\/04\\\/tzf2304-crna.jpg\",\"contentUrl\":\"https:\\\/\\\/disimi.hr\\\/wp-content\\\/uploads\\\/2023\\\/04\\\/tzf2304-crna.jpg\",\"width\":1500,\"height\":1920},{\"@type\":\"BreadcrumbList\",\"@id\":\"https:\\\/\\\/disimi.hr\\\/de\\\/produkt\\\/tunika-cipka-crna-duljina-133-cm-tnk2304\\\/#breadcrumb\",\"itemListElement\":[{\"@type\":\"ListItem\",\"position\":1,\"name\":\"Po\u010detna stranica\",\"item\":\"https:\\\/\\\/disimi.hr\\\/de\\\/\"},{\"@type\":\"ListItem\",\"position\":2,\"name\":\"Produkte\",\"item\":\"https:\\\/\\\/disimi.hr\\\/de\\\/produkte\\\/\"},{\"@type\":\"ListItem\",\"position\":3,\"name\":\"Tunika \u201eSpitze\u201c schwarz, L\u00e4nge 133 cm &#8211; tnk2304\"}]},{\"@type\":\"WebSite\",\"@id\":\"https:\\\/\\\/disimi.hr\\\/#website\",\"url\":\"https:\\\/\\\/disimi.hr\\\/\",\"name\":\"DISIMI?\",\"description\":\"Hrvatski brand i jedinstveni dizajn!\",\"publisher\":{\"@id\":\"https:\\\/\\\/disimi.hr\\\/#organization\"},\"potentialAction\":[{\"@type\":\"SearchAction\",\"target\":{\"@type\":\"EntryPoint\",\"urlTemplate\":\"https:\\\/\\\/disimi.hr\\\/?s={search_term_string}\"},\"query-input\":{\"@type\":\"PropertyValueSpecification\",\"valueRequired\":true,\"valueName\":\"search_term_string\"}}],\"inLanguage\":\"de\"},{\"@type\":\"Organization\",\"@id\":\"https:\\\/\\\/disimi.hr\\\/#organization\",\"name\":\"DiSiMi?\",\"url\":\"https:\\\/\\\/disimi.hr\\\/\",\"logo\":{\"@type\":\"ImageObject\",\"inLanguage\":\"de\",\"@id\":\"https:\\\/\\\/disimi.hr\\\/#\\\/schema\\\/logo\\\/image\\\/\",\"url\":\"https:\\\/\\\/disimi.hr\\\/wp-content\\\/uploads\\\/2022\\\/02\\\/logo2.jpg\",\"contentUrl\":\"https:\\\/\\\/disimi.hr\\\/wp-content\\\/uploads\\\/2022\\\/02\\\/logo2.jpg\",\"width\":250,\"height\":79,\"caption\":\"DiSiMi?\"},\"image\":{\"@id\":\"https:\\\/\\\/disimi.hr\\\/#\\\/schema\\\/logo\\\/image\\\/\"},\"sameAs\":[\"https:\\\/\\\/www.facebook.com\\\/DISIMI.hr\\\/\",\"https:\\\/\\\/www.instagram.com\\\/disimi.hr\\\/\"]}]}<\/script>\n<!-- \/ Yoast SEO plugin. -->","yoast_head_json":{"title":"Tunika \u201eSpitze\u201c schwarz, L\u00e4nge 133 cm - tnk2304 - DISIMI?","robots":{"index":"index","follow":"follow","max-snippet":"max-snippet:-1","max-image-preview":"max-image-preview:large","max-video-preview":"max-video-preview:-1"},"canonical":"https:\/\/disimi.hr\/de\/produkt\/tunika-cipka-crna-duljina-133-cm-tnk2304\/","og_locale":"de_DE","og_type":"article","og_title":"Tunika \u201eSpitze\u201c schwarz, L\u00e4nge 133 cm - tnk2304 - DISIMI?","og_description":"L\u00e4nge 132 cm  Breite 69 cm  Brustumfang 120 cm  Viskose \u2013 ein Naturmaterial, das industriell verarbeitet wird, um ein maximal anpassungsf\u00e4higes Produkt zu erhalten; im Falle von Tuniken ist es pflegeleicht und knittert nicht.","og_url":"https:\/\/disimi.hr\/de\/produkt\/tunika-cipka-crna-duljina-133-cm-tnk2304\/","og_site_name":"DISIMI?","article_publisher":"https:\/\/www.facebook.com\/DISIMI.hr\/","article_modified_time":"2026-02-02T14:36:32+00:00","og_image":[{"width":1500,"height":1920,"url":"https:\/\/disimi.hr\/wp-content\/uploads\/2023\/04\/tzf2304-crna.jpg","type":"image\/jpeg"}],"twitter_card":"summary_large_image","twitter_misc":{"Gesch\u00e4tzte Lesezeit":"2\u00a0Minute"},"schema":{"@context":"https:\/\/schema.org","@graph":[{"@type":"WebPage","@id":"https:\/\/disimi.hr\/de\/produkt\/tunika-cipka-crna-duljina-133-cm-tnk2304\/","url":"https:\/\/disimi.hr\/de\/produkt\/tunika-cipka-crna-duljina-133-cm-tnk2304\/","name":"Tunika \u201eSpitze\u201c schwarz, L\u00e4nge 133 cm - tnk2304 - DISIMI?","isPartOf":{"@id":"https:\/\/disimi.hr\/#website"},"primaryImageOfPage":{"@id":"https:\/\/disimi.hr\/de\/produkt\/tunika-cipka-crna-duljina-133-cm-tnk2304\/#primaryimage"},"image":{"@id":"https:\/\/disimi.hr\/de\/produkt\/tunika-cipka-crna-duljina-133-cm-tnk2304\/#primaryimage"},"thumbnailUrl":"https:\/\/disimi.hr\/wp-content\/uploads\/2023\/04\/tzf2304-crna.jpg","datePublished":"2023-04-28T10:44:15+00:00","dateModified":"2026-02-02T14:36:32+00:00","breadcrumb":{"@id":"https:\/\/disimi.hr\/de\/produkt\/tunika-cipka-crna-duljina-133-cm-tnk2304\/#breadcrumb"},"inLanguage":"de","potentialAction":[{"@type":"ReadAction","target":["https:\/\/disimi.hr\/de\/produkt\/tunika-cipka-crna-duljina-133-cm-tnk2304\/"]}]},{"@type":"ImageObject","inLanguage":"de","@id":"https:\/\/disimi.hr\/de\/produkt\/tunika-cipka-crna-duljina-133-cm-tnk2304\/#primaryimage","url":"https:\/\/disimi.hr\/wp-content\/uploads\/2023\/04\/tzf2304-crna.jpg","contentUrl":"https:\/\/disimi.hr\/wp-content\/uploads\/2023\/04\/tzf2304-crna.jpg","width":1500,"height":1920},{"@type":"BreadcrumbList","@id":"https:\/\/disimi.hr\/de\/produkt\/tunika-cipka-crna-duljina-133-cm-tnk2304\/#breadcrumb","itemListElement":[{"@type":"ListItem","position":1,"name":"Po\u010detna stranica","item":"https:\/\/disimi.hr\/de\/"},{"@type":"ListItem","position":2,"name":"Produkte","item":"https:\/\/disimi.hr\/de\/produkte\/"},{"@type":"ListItem","position":3,"name":"Tunika \u201eSpitze\u201c schwarz, L\u00e4nge 133 cm &#8211; tnk2304"}]},{"@type":"WebSite","@id":"https:\/\/disimi.hr\/#website","url":"https:\/\/disimi.hr\/","name":"DISIMI?","description":"Hrvatski brand i jedinstveni dizajn!","publisher":{"@id":"https:\/\/disimi.hr\/#organization"},"potentialAction":[{"@type":"SearchAction","target":{"@type":"EntryPoint","urlTemplate":"https:\/\/disimi.hr\/?s={search_term_string}"},"query-input":{"@type":"PropertyValueSpecification","valueRequired":true,"valueName":"search_term_string"}}],"inLanguage":"de"},{"@type":"Organization","@id":"https:\/\/disimi.hr\/#organization","name":"DiSiMi?","url":"https:\/\/disimi.hr\/","logo":{"@type":"ImageObject","inLanguage":"de","@id":"https:\/\/disimi.hr\/#\/schema\/logo\/image\/","url":"https:\/\/disimi.hr\/wp-content\/uploads\/2022\/02\/logo2.jpg","contentUrl":"https:\/\/disimi.hr\/wp-content\/uploads\/2022\/02\/logo2.jpg","width":250,"height":79,"caption":"DiSiMi?"},"image":{"@id":"https:\/\/disimi.hr\/#\/schema\/logo\/image\/"},"sameAs":["https:\/\/www.facebook.com\/DISIMI.hr\/","https:\/\/www.instagram.com\/disimi.hr\/"]}]}},"_links":{"self":[{"href":"https:\/\/disimi.hr\/de\/wp-json\/wp\/v2\/product\/118832","targetHints":{"allow":["GET"]}}],"collection":[{"href":"https:\/\/disimi.hr\/de\/wp-json\/wp\/v2\/product"}],"about":[{"href":"https:\/\/disimi.hr\/de\/wp-json\/wp\/v2\/types\/product"}],"wp:featuredmedia":[{"embeddable":true,"href":"https:\/\/disimi.hr\/de\/wp-json\/wp\/v2\/media\/128041"}],"wp:attachment":[{"href":"https:\/\/disimi.hr\/de\/wp-json\/wp\/v2\/media?parent=118832"}],"wp:term":[{"taxonomy":"product_brand","embeddable":true,"href":"https:\/\/disimi.hr\/de\/wp-json\/wp\/v2\/product_brand?post=118832"},{"taxonomy":"product_cat","embeddable":true,"href":"https:\/\/disimi.hr\/de\/wp-json\/wp\/v2\/product_cat?post=118832"},{"taxonomy":"product_tag","embeddable":true,"href":"https:\/\/disimi.hr\/de\/wp-json\/wp\/v2\/product_tag?post=118832"}],"curies":[{"name":"wp","href":"https:\/\/api.w.org\/{rel}","templated":true}]}}