{"id":118693,"date":"2024-02-13T13:38:03","date_gmt":"2024-02-13T12:38:03","guid":{"rendered":"https:\/\/disimi.hr\/proizvod\/torba-dika-bijela-dim-30x30x15-cm-tzf2400\/"},"modified":"2026-04-02T13:58:33","modified_gmt":"2026-04-02T11:58:33","slug":"torba-dika-bijela-dim-30x30x15-cm-tzf2400","status":"publish","type":"product","link":"https:\/\/disimi.hr\/de\/produkt\/torba-dika-bijela-dim-30x30x15-cm-tzf2400\/","title":{"rendered":"Tasche \u201eDika\u201c, wei\u00df ger\u00e4uchert. 30 x 30 x 15 cm \u2013 tzf2400"},"content":{"rendered":"<div class=\"wpb-content-wrapper\"><p>[vc_row][vc_column][vc_column_text woodmart_inline=&#8221;no&#8221; text_larger=&#8221;yes&#8221;] <\/p>\n<p style=\"text-align: center\"><strong>Modeaccessoires, von denen wir uns nicht trennen<\/strong><\/p>\n<p style=\"text-align: center\">Eine Tasche aus einer Kombination zweier Materialien \u2013 Natur (nat\u00fcrliches Seegras) und Polyurethan!<\/p>\n<p style=\"text-align: center\"><strong>Das perfekte Geschenk, \u2026 Mama f\u00fcr dich!<\/strong> Diese Tasche macht keine Kompromisse beim Design. Eine Tasche ist ein wesentlicher Bestandteil der Identit\u00e4t einer Frau und muss daher das gewisse Etwas haben.<\/p>\n<p style=\"text-align: center\"><strong>\u2714 Was ist wichtiger als eine Tasche?<\/strong> Selbst wenn Frauen das ganze Geld der Welt h\u00e4tten, w\u00fcrden sie sich sicher nicht alle Taschen leisten k\u00f6nnen, die sie m\u00f6gen \u2013 und vor allem brauchen sie all diese Taschen. Eine Tasche ist ein unverzichtbarer Bestandteil jedes gelungenen Outfits. Oftmals macht schon der Wechsel der Tasche den entscheidenden Unterschied. Woran liegt das? Denn eine Tasche ist ein modisches Accessoire, das das Ganze abrundet, hervorsticht und somit Aufmerksamkeit erregt.<\/p>\n<p>[\/vc_column_text][vc_row_inner][vc_column_inner width=&#8221;1\/2&#8243;][vc_single_image image=&#8221;2580&#8243; img_size=&#8221;full&#8221; alignment=&#8221;center&#8221; parallax_scroll=&#8221;no&#8221; woodmart_inline=&#8221;no&#8221;][\/vc_column_inner][vc_column_inner width=&#8221;1\/2&#8243;][vc_single_image image=&#8221;7452&#8243; img_size=&#8221;full&#8221; alignment=&#8221;center&#8221; parallax_scroll=&#8221;no&#8221; woodmart_inline=&#8221;no&#8221;][\/vc_column_inner][\/vc_row_inner][vc_row_inner][vc_column_inner][vc_column_text woodmart_inline=&#8221;no&#8221; text_larger=&#8221;no&#8221;] <\/p>\n<div>\n<p style=\"text-align: center;\"> Wir sind fest davon \u00fcberzeugt, dass unsere Taschen von h\u00f6chster Qualit\u00e4t und mit erstklassigem Design sind. Wir glauben so sehr an unser Produkt, dass wir sicher sind, dass es Sie begeistern wird. Sollten die DiSiMi?-Taschen Ihre Erwartungen nicht erf\u00fcllen, k\u00f6nnen Sie sie jederzeit zur\u00fcckgeben und wir erstatten Ihnen den vollen Kaufpreis innerhalb der ersten 30 Tage.<\/p>\n<\/div>\n<p>[\/vc_column_text][\/vc_column_inner][\/vc_row_inner][\/vc_column][\/vc_row]<\/p>\n<\/div>","protected":false},"excerpt":{"rendered":"<p>Diese Tasche vereint zwei unterschiedliche Materialien und ist perfekt f\u00fcr alle Sommer-Outfits: zum Kaffeetrinken mit Freunden, zum Ausgehen, f\u00fcr den Strand, f\u00fcrs B\u00fcro \u2026 Sie rundet Ihren Look ideal ab. Die Kombination aus zwei Materialien \u2013 nat\u00fcrlichem Seegras und Polyurethan \u2013 sorgt f\u00fcr optimalen Tragekomfort. Die Tasche ist gef\u00fcttert und misst 30 x 30 x 15 cm. Die Henkel bestehen aus einer Kombination von zwei Materialien: Polyurethan und einer 31 cm langen Kette. Die Tasche wird mit einem Magnetverschluss geschlossen. Innen befindet sich ein Rei\u00dfverschlussfach. Genie\u00dfen Sie den Sommer!<\/p>\n","protected":false},"featured_media":127243,"template":"","meta":[],"product_brand":[],"product_cat":[215,216],"product_tag":[],"class_list":{"0":"post-118693","1":"product","2":"type-product","3":"status-publish","4":"has-post-thumbnail","6":"product_cat-sommertaschen","7":"product_cat-taschen","9":"first","10":"instock","11":"featured","12":"taxable","13":"shipping-taxable","14":"purchasable","15":"product-type-simple"},"yoast_head":"<!-- This site is optimized with the Yoast SEO plugin v27.5 - https:\/\/yoast.com\/product\/yoast-seo-wordpress\/ -->\n<title>Tasche \u201eDika\u201c, wei\u00df ger\u00e4uchert. 30 x 30 x 15 cm \u2013 tzf2400 - DISIMI?<\/title>\n<meta name=\"robots\" content=\"index, follow, max-snippet:-1, max-image-preview:large, max-video-preview:-1\" \/>\n<link rel=\"canonical\" href=\"https:\/\/disimi.hr\/de\/produkt\/torba-dika-bijela-dim-30x30x15-cm-tzf2400\/\" \/>\n<meta property=\"og:locale\" content=\"de_DE\" \/>\n<meta property=\"og:type\" content=\"article\" \/>\n<meta property=\"og:title\" content=\"Tasche \u201eDika\u201c, wei\u00df ger\u00e4uchert. 30 x 30 x 15 cm \u2013 tzf2400 - DISIMI?\" \/>\n<meta property=\"og:description\" content=\"Diese Tasche vereint zwei unterschiedliche Materialien und ist perfekt f\u00fcr alle Sommer-Outfits: zum Kaffeetrinken mit Freunden, zum Ausgehen, f\u00fcr den Strand, f\u00fcrs B\u00fcro \u2026 Sie rundet Ihren Look ideal ab. Die Kombination aus zwei Materialien \u2013 nat\u00fcrlichem Seegras und Polyurethan \u2013 sorgt f\u00fcr optimalen Tragekomfort. Die Tasche ist gef\u00fcttert und misst 30 x 30 x 15 cm. Die Henkel bestehen aus einer Kombination von zwei Materialien: Polyurethan und einer 31 cm langen Kette. Die Tasche wird mit einem Magnetverschluss geschlossen. Innen befindet sich ein Rei\u00dfverschlussfach. Genie\u00dfen Sie den Sommer!\" \/>\n<meta property=\"og:url\" content=\"https:\/\/disimi.hr\/de\/produkt\/torba-dika-bijela-dim-30x30x15-cm-tzf2400\/\" \/>\n<meta property=\"og:site_name\" content=\"DISIMI?\" \/>\n<meta property=\"article:publisher\" content=\"https:\/\/www.facebook.com\/DISIMI.hr\/\" \/>\n<meta property=\"article:modified_time\" content=\"2026-04-02T11:58:33+00:00\" \/>\n<meta property=\"og:image\" content=\"https:\/\/disimi.hr\/wp-content\/uploads\/2024\/02\/tzf2400-w.jpg\" \/>\n\t<meta property=\"og:image:width\" content=\"800\" \/>\n\t<meta property=\"og:image:height\" content=\"800\" \/>\n\t<meta property=\"og:image:type\" content=\"image\/jpeg\" \/>\n<meta name=\"twitter:card\" content=\"summary_large_image\" \/>\n<meta name=\"twitter:label1\" content=\"Gesch\u00e4tzte Lesezeit\" \/>\n\t<meta name=\"twitter:data1\" content=\"1\u00a0Minute\" \/>\n<script type=\"application\/ld+json\" class=\"yoast-schema-graph\">{\"@context\":\"https:\\\/\\\/schema.org\",\"@graph\":[{\"@type\":\"WebPage\",\"@id\":\"https:\\\/\\\/disimi.hr\\\/de\\\/produkt\\\/torba-dika-bijela-dim-30x30x15-cm-tzf2400\\\/\",\"url\":\"https:\\\/\\\/disimi.hr\\\/de\\\/produkt\\\/torba-dika-bijela-dim-30x30x15-cm-tzf2400\\\/\",\"name\":\"Tasche \u201eDika\u201c, wei\u00df ger\u00e4uchert. 30 x 30 x 15 cm \u2013 tzf2400 - DISIMI?\",\"isPartOf\":{\"@id\":\"https:\\\/\\\/disimi.hr\\\/#website\"},\"primaryImageOfPage\":{\"@id\":\"https:\\\/\\\/disimi.hr\\\/de\\\/produkt\\\/torba-dika-bijela-dim-30x30x15-cm-tzf2400\\\/#primaryimage\"},\"image\":{\"@id\":\"https:\\\/\\\/disimi.hr\\\/de\\\/produkt\\\/torba-dika-bijela-dim-30x30x15-cm-tzf2400\\\/#primaryimage\"},\"thumbnailUrl\":\"https:\\\/\\\/disimi.hr\\\/wp-content\\\/uploads\\\/2024\\\/02\\\/tzf2400-w.jpg\",\"datePublished\":\"2024-02-13T12:38:03+00:00\",\"dateModified\":\"2026-04-02T11:58:33+00:00\",\"breadcrumb\":{\"@id\":\"https:\\\/\\\/disimi.hr\\\/de\\\/produkt\\\/torba-dika-bijela-dim-30x30x15-cm-tzf2400\\\/#breadcrumb\"},\"inLanguage\":\"de\",\"potentialAction\":[{\"@type\":\"ReadAction\",\"target\":[\"https:\\\/\\\/disimi.hr\\\/de\\\/produkt\\\/torba-dika-bijela-dim-30x30x15-cm-tzf2400\\\/\"]}]},{\"@type\":\"ImageObject\",\"inLanguage\":\"de\",\"@id\":\"https:\\\/\\\/disimi.hr\\\/de\\\/produkt\\\/torba-dika-bijela-dim-30x30x15-cm-tzf2400\\\/#primaryimage\",\"url\":\"https:\\\/\\\/disimi.hr\\\/wp-content\\\/uploads\\\/2024\\\/02\\\/tzf2400-w.jpg\",\"contentUrl\":\"https:\\\/\\\/disimi.hr\\\/wp-content\\\/uploads\\\/2024\\\/02\\\/tzf2400-w.jpg\",\"width\":800,\"height\":800},{\"@type\":\"BreadcrumbList\",\"@id\":\"https:\\\/\\\/disimi.hr\\\/de\\\/produkt\\\/torba-dika-bijela-dim-30x30x15-cm-tzf2400\\\/#breadcrumb\",\"itemListElement\":[{\"@type\":\"ListItem\",\"position\":1,\"name\":\"Po\u010detna stranica\",\"item\":\"https:\\\/\\\/disimi.hr\\\/de\\\/\"},{\"@type\":\"ListItem\",\"position\":2,\"name\":\"Produkte\",\"item\":\"https:\\\/\\\/disimi.hr\\\/de\\\/produkte\\\/\"},{\"@type\":\"ListItem\",\"position\":3,\"name\":\"Tasche \u201eDika\u201c, wei\u00df ger\u00e4uchert. 30 x 30 x 15 cm \u2013 tzf2400\"}]},{\"@type\":\"WebSite\",\"@id\":\"https:\\\/\\\/disimi.hr\\\/#website\",\"url\":\"https:\\\/\\\/disimi.hr\\\/\",\"name\":\"DISIMI?\",\"description\":\"Hrvatski brand i jedinstveni dizajn!\",\"publisher\":{\"@id\":\"https:\\\/\\\/disimi.hr\\\/#organization\"},\"potentialAction\":[{\"@type\":\"SearchAction\",\"target\":{\"@type\":\"EntryPoint\",\"urlTemplate\":\"https:\\\/\\\/disimi.hr\\\/?s={search_term_string}\"},\"query-input\":{\"@type\":\"PropertyValueSpecification\",\"valueRequired\":true,\"valueName\":\"search_term_string\"}}],\"inLanguage\":\"de\"},{\"@type\":\"Organization\",\"@id\":\"https:\\\/\\\/disimi.hr\\\/#organization\",\"name\":\"DiSiMi?\",\"url\":\"https:\\\/\\\/disimi.hr\\\/\",\"logo\":{\"@type\":\"ImageObject\",\"inLanguage\":\"de\",\"@id\":\"https:\\\/\\\/disimi.hr\\\/#\\\/schema\\\/logo\\\/image\\\/\",\"url\":\"https:\\\/\\\/disimi.hr\\\/wp-content\\\/uploads\\\/2022\\\/02\\\/logo2.jpg\",\"contentUrl\":\"https:\\\/\\\/disimi.hr\\\/wp-content\\\/uploads\\\/2022\\\/02\\\/logo2.jpg\",\"width\":250,\"height\":79,\"caption\":\"DiSiMi?\"},\"image\":{\"@id\":\"https:\\\/\\\/disimi.hr\\\/#\\\/schema\\\/logo\\\/image\\\/\"},\"sameAs\":[\"https:\\\/\\\/www.facebook.com\\\/DISIMI.hr\\\/\",\"https:\\\/\\\/www.instagram.com\\\/disimi.hr\\\/\"]}]}<\/script>\n<!-- \/ Yoast SEO plugin. -->","yoast_head_json":{"title":"Tasche \u201eDika\u201c, wei\u00df ger\u00e4uchert. 30 x 30 x 15 cm \u2013 tzf2400 - DISIMI?","robots":{"index":"index","follow":"follow","max-snippet":"max-snippet:-1","max-image-preview":"max-image-preview:large","max-video-preview":"max-video-preview:-1"},"canonical":"https:\/\/disimi.hr\/de\/produkt\/torba-dika-bijela-dim-30x30x15-cm-tzf2400\/","og_locale":"de_DE","og_type":"article","og_title":"Tasche \u201eDika\u201c, wei\u00df ger\u00e4uchert. 30 x 30 x 15 cm \u2013 tzf2400 - DISIMI?","og_description":"Diese Tasche vereint zwei unterschiedliche Materialien und ist perfekt f\u00fcr alle Sommer-Outfits: zum Kaffeetrinken mit Freunden, zum Ausgehen, f\u00fcr den Strand, f\u00fcrs B\u00fcro \u2026 Sie rundet Ihren Look ideal ab. Die Kombination aus zwei Materialien \u2013 nat\u00fcrlichem Seegras und Polyurethan \u2013 sorgt f\u00fcr optimalen Tragekomfort. Die Tasche ist gef\u00fcttert und misst 30 x 30 x 15 cm. Die Henkel bestehen aus einer Kombination von zwei Materialien: Polyurethan und einer 31 cm langen Kette. Die Tasche wird mit einem Magnetverschluss geschlossen. Innen befindet sich ein Rei\u00dfverschlussfach. Genie\u00dfen Sie den Sommer!","og_url":"https:\/\/disimi.hr\/de\/produkt\/torba-dika-bijela-dim-30x30x15-cm-tzf2400\/","og_site_name":"DISIMI?","article_publisher":"https:\/\/www.facebook.com\/DISIMI.hr\/","article_modified_time":"2026-04-02T11:58:33+00:00","og_image":[{"width":800,"height":800,"url":"https:\/\/disimi.hr\/wp-content\/uploads\/2024\/02\/tzf2400-w.jpg","type":"image\/jpeg"}],"twitter_card":"summary_large_image","twitter_misc":{"Gesch\u00e4tzte Lesezeit":"1\u00a0Minute"},"schema":{"@context":"https:\/\/schema.org","@graph":[{"@type":"WebPage","@id":"https:\/\/disimi.hr\/de\/produkt\/torba-dika-bijela-dim-30x30x15-cm-tzf2400\/","url":"https:\/\/disimi.hr\/de\/produkt\/torba-dika-bijela-dim-30x30x15-cm-tzf2400\/","name":"Tasche \u201eDika\u201c, wei\u00df ger\u00e4uchert. 30 x 30 x 15 cm \u2013 tzf2400 - DISIMI?","isPartOf":{"@id":"https:\/\/disimi.hr\/#website"},"primaryImageOfPage":{"@id":"https:\/\/disimi.hr\/de\/produkt\/torba-dika-bijela-dim-30x30x15-cm-tzf2400\/#primaryimage"},"image":{"@id":"https:\/\/disimi.hr\/de\/produkt\/torba-dika-bijela-dim-30x30x15-cm-tzf2400\/#primaryimage"},"thumbnailUrl":"https:\/\/disimi.hr\/wp-content\/uploads\/2024\/02\/tzf2400-w.jpg","datePublished":"2024-02-13T12:38:03+00:00","dateModified":"2026-04-02T11:58:33+00:00","breadcrumb":{"@id":"https:\/\/disimi.hr\/de\/produkt\/torba-dika-bijela-dim-30x30x15-cm-tzf2400\/#breadcrumb"},"inLanguage":"de","potentialAction":[{"@type":"ReadAction","target":["https:\/\/disimi.hr\/de\/produkt\/torba-dika-bijela-dim-30x30x15-cm-tzf2400\/"]}]},{"@type":"ImageObject","inLanguage":"de","@id":"https:\/\/disimi.hr\/de\/produkt\/torba-dika-bijela-dim-30x30x15-cm-tzf2400\/#primaryimage","url":"https:\/\/disimi.hr\/wp-content\/uploads\/2024\/02\/tzf2400-w.jpg","contentUrl":"https:\/\/disimi.hr\/wp-content\/uploads\/2024\/02\/tzf2400-w.jpg","width":800,"height":800},{"@type":"BreadcrumbList","@id":"https:\/\/disimi.hr\/de\/produkt\/torba-dika-bijela-dim-30x30x15-cm-tzf2400\/#breadcrumb","itemListElement":[{"@type":"ListItem","position":1,"name":"Po\u010detna stranica","item":"https:\/\/disimi.hr\/de\/"},{"@type":"ListItem","position":2,"name":"Produkte","item":"https:\/\/disimi.hr\/de\/produkte\/"},{"@type":"ListItem","position":3,"name":"Tasche \u201eDika\u201c, wei\u00df ger\u00e4uchert. 30 x 30 x 15 cm \u2013 tzf2400"}]},{"@type":"WebSite","@id":"https:\/\/disimi.hr\/#website","url":"https:\/\/disimi.hr\/","name":"DISIMI?","description":"Hrvatski brand i jedinstveni dizajn!","publisher":{"@id":"https:\/\/disimi.hr\/#organization"},"potentialAction":[{"@type":"SearchAction","target":{"@type":"EntryPoint","urlTemplate":"https:\/\/disimi.hr\/?s={search_term_string}"},"query-input":{"@type":"PropertyValueSpecification","valueRequired":true,"valueName":"search_term_string"}}],"inLanguage":"de"},{"@type":"Organization","@id":"https:\/\/disimi.hr\/#organization","name":"DiSiMi?","url":"https:\/\/disimi.hr\/","logo":{"@type":"ImageObject","inLanguage":"de","@id":"https:\/\/disimi.hr\/#\/schema\/logo\/image\/","url":"https:\/\/disimi.hr\/wp-content\/uploads\/2022\/02\/logo2.jpg","contentUrl":"https:\/\/disimi.hr\/wp-content\/uploads\/2022\/02\/logo2.jpg","width":250,"height":79,"caption":"DiSiMi?"},"image":{"@id":"https:\/\/disimi.hr\/#\/schema\/logo\/image\/"},"sameAs":["https:\/\/www.facebook.com\/DISIMI.hr\/","https:\/\/www.instagram.com\/disimi.hr\/"]}]}},"_links":{"self":[{"href":"https:\/\/disimi.hr\/de\/wp-json\/wp\/v2\/product\/118693","targetHints":{"allow":["GET"]}}],"collection":[{"href":"https:\/\/disimi.hr\/de\/wp-json\/wp\/v2\/product"}],"about":[{"href":"https:\/\/disimi.hr\/de\/wp-json\/wp\/v2\/types\/product"}],"wp:featuredmedia":[{"embeddable":true,"href":"https:\/\/disimi.hr\/de\/wp-json\/wp\/v2\/media\/127243"}],"wp:attachment":[{"href":"https:\/\/disimi.hr\/de\/wp-json\/wp\/v2\/media?parent=118693"}],"wp:term":[{"taxonomy":"product_brand","embeddable":true,"href":"https:\/\/disimi.hr\/de\/wp-json\/wp\/v2\/product_brand?post=118693"},{"taxonomy":"product_cat","embeddable":true,"href":"https:\/\/disimi.hr\/de\/wp-json\/wp\/v2\/product_cat?post=118693"},{"taxonomy":"product_tag","embeddable":true,"href":"https:\/\/disimi.hr\/de\/wp-json\/wp\/v2\/product_tag?post=118693"}],"curies":[{"name":"wp","href":"https:\/\/api.w.org\/{rel}","templated":true}]}}