{"id":118673,"date":"2024-02-14T10:38:59","date_gmt":"2024-02-14T09:38:59","guid":{"rendered":"https:\/\/disimi.hr\/proizvod\/torba-golden-age-of-hollywood-dim-18-cmpromjer-sirina-8-cm-tzf2406\/"},"modified":"2026-04-17T13:18:32","modified_gmt":"2026-04-17T11:18:32","slug":"torba-golden-age-of-hollywood-dim-18-cmpromjer-sirina-8-cm-tzf2406","status":"publish","type":"product","link":"https:\/\/disimi.hr\/de\/produkt\/torba-golden-age-of-hollywood-dim-18-cmpromjer-sirina-8-cm-tzf2406\/","title":{"rendered":"Tasche \u201eGoldenes Zeitalter Hollywoods\u201c, Gr\u00f6\u00dfe 18 cm (Durchmesser), Breite 8 cm &#8211; tzf2406"},"content":{"rendered":"<div class=\"wpb-content-wrapper\"><p>[vc_row][vc_column][vc_column_text woodmart_inline=&#8221;no&#8221; text_larger=&#8221;yes&#8221;] <\/p>\n<p style=\"text-align: center;\"><strong>Modische Accessoires, von denen wir uns nicht trennen k\u00f6nnen<\/strong><\/p>\n<p style=\"text-align: center;\">Eine runde Tasche aus robustem Material!<\/p>\n<p style=\"text-align: center;\"><strong>Das perfekte Geschenk &#8230; nur f\u00fcr Sie!<\/strong><\/p>\n<p style=\"text-align: center;\"><strong>\u2714 Eine Tasche, die zu jedem Outfit passt<\/strong>, f\u00fcr einen l\u00e4ssigen Look<\/p>\n<p style=\"text-align: center;\"><strong>\u2714 Sie sparen Geld:<\/strong> Trotz hoher Qualit\u00e4t ist der Preis f\u00fcr jedes Budget erschwinglich.<\/p>\n<p style=\"text-align: center;\"><strong>\u2714 Modern Design: Bei DiSiMi?-Taschen werden keine Kompromisse beim Design gemacht. Eine Tasche ist ein wesentlicher Bestandteil der Pers\u00f6nlichkeit einer Frau und muss daher das gewisse Etwas haben. \u2714 Was ist wichtiger als eine Tasche? Selbst wenn Frauen unbegrenzt Geld h\u00e4tten, k\u00f6nnten sie sich sicherlich nicht alle Taschen leisten, die sie m\u00f6gen \u2013 und vor allem brauchen sie diese Taschen. Eine Tasche ist ein unverzichtbarer Bestandteil jedes gelungenen Outfits. Oftmals macht schon der Wechsel der Tasche den entscheidenden Unterschied. Warum ist das so? Denn eine Tasche ist ein modisches Accessoire, das das Ganze abrundet, hervorsticht und somit Aufmerksamkeit erregt.<\/p>\n<p>[\/vc_column_text][vc_row_inner][vc_column_inner width=&#8221;1\/2&#8243;][vc_single_image image=&#8221;2580&#8243; img_size=&#8221;full&#8221; alignment=&#8221;center&#8221; parallax_scroll=&#8221;no&#8221; woodmart_inline=&#8221;no&#8221;][\/vc_column_inner][vc_column_inner width=&#8221;1\/2&#8243;][vc_single_image image=&#8221;7452&#8243; img_size=&#8221;full&#8221; alignment=&#8221;center&#8221; parallax_scroll=&#8221;no&#8221; woodmart_inline=&#8221;no&#8221;][\/vc_column_inner][\/vc_row_inner][vc_row_inner][vc_column_inner][vc_column_text woodmart_inline=&#8221;no&#8221; text_larger=&#8221;no&#8221;] <\/p>\n<div>\n<p style=\"text-align: center;\"> Wir sind fest davon \u00fcberzeugt, dass unsere Taschen von h\u00f6chster Qualit\u00e4t und mit erstklassigem Design sind. Wir glauben so sehr an unser Produkt, dass wir sicher sind, es wird Sie begeistern. Sollten die DiSiMi?-Taschen Ihre Erwartungen nicht erf\u00fcllen, k\u00f6nnen Sie sie jederzeit zur\u00fcckgeben und wir erstatten Ihnen innerhalb der ersten 30 Tage den vollen Kaufpreis.<\/p>\n<\/div>\n<p>[\/vc_column_text][\/vc_column_inner][\/vc_row_inner][\/vc_column][\/vc_row]<\/p>\n<\/div>","protected":false},"excerpt":{"rendered":"<p>Eine kleine, aber feine Handtasche ist der Schl\u00fcssel zu gutem Stil. Eine kleine, elegante Handtasche als unverzichtbares Modeaccessoire f\u00fcr Abendveranstaltungen und l\u00e4ssige Tagesoutfits. F\u00fcr die wichtigsten Dinge, f\u00fcr besondere Frauen und besondere Anl\u00e4sse. <\/p>\n<p>Durchmesser 18 cm und Breite 8 cm. Gef\u00fcttert, mit Knopfverschluss, mit einem kurzen Henkel (20 cm hoch) und einem bis zu 46 cm h\u00f6henverstellbaren Henkel.<\/p>\n","protected":false},"featured_media":126767,"template":"","meta":[],"product_brand":[],"product_cat":[215,216],"product_tag":[],"class_list":{"0":"post-118673","1":"product","2":"type-product","3":"status-publish","4":"has-post-thumbnail","6":"product_cat-sommertaschen","7":"product_cat-taschen","9":"first","10":"instock","11":"featured","12":"taxable","13":"shipping-taxable","14":"purchasable","15":"product-type-simple"},"yoast_head":"<!-- This site is optimized with the Yoast SEO plugin v27.5 - https:\/\/yoast.com\/product\/yoast-seo-wordpress\/ -->\n<title>Tasche \u201eGoldenes Zeitalter Hollywoods\u201c, Gr\u00f6\u00dfe 18 cm (Durchmesser), Breite 8 cm - tzf2406 - DISIMI?<\/title>\n<meta name=\"robots\" content=\"index, follow, max-snippet:-1, max-image-preview:large, max-video-preview:-1\" \/>\n<link rel=\"canonical\" href=\"https:\/\/disimi.hr\/de\/produkt\/torba-golden-age-of-hollywood-dim-18-cmpromjer-sirina-8-cm-tzf2406\/\" \/>\n<meta property=\"og:locale\" content=\"de_DE\" \/>\n<meta property=\"og:type\" content=\"article\" \/>\n<meta property=\"og:title\" content=\"Tasche \u201eGoldenes Zeitalter Hollywoods\u201c, Gr\u00f6\u00dfe 18 cm (Durchmesser), Breite 8 cm - tzf2406 - DISIMI?\" \/>\n<meta property=\"og:description\" content=\"Eine kleine, aber feine Handtasche ist der Schl\u00fcssel zu gutem Stil. Eine kleine, elegante Handtasche als unverzichtbares Modeaccessoire f\u00fcr Abendveranstaltungen und l\u00e4ssige Tagesoutfits. F\u00fcr die wichtigsten Dinge, f\u00fcr besondere Frauen und besondere Anl\u00e4sse.  Durchmesser 18 cm und Breite 8 cm. Gef\u00fcttert, mit Knopfverschluss, mit einem kurzen Henkel (20 cm hoch) und einem bis zu 46 cm h\u00f6henverstellbaren Henkel.\" \/>\n<meta property=\"og:url\" content=\"https:\/\/disimi.hr\/de\/produkt\/torba-golden-age-of-hollywood-dim-18-cmpromjer-sirina-8-cm-tzf2406\/\" \/>\n<meta property=\"og:site_name\" content=\"DISIMI?\" \/>\n<meta property=\"article:publisher\" content=\"https:\/\/www.facebook.com\/DISIMI.hr\/\" \/>\n<meta property=\"article:modified_time\" content=\"2026-04-17T11:18:32+00:00\" \/>\n<meta property=\"og:image\" content=\"https:\/\/disimi.hr\/wp-content\/uploads\/2024\/02\/tzf2406-w.jpg\" \/>\n\t<meta property=\"og:image:width\" content=\"800\" \/>\n\t<meta property=\"og:image:height\" content=\"800\" \/>\n\t<meta property=\"og:image:type\" content=\"image\/jpeg\" \/>\n<meta name=\"twitter:card\" content=\"summary_large_image\" \/>\n<meta name=\"twitter:label1\" content=\"Gesch\u00e4tzte Lesezeit\" \/>\n\t<meta name=\"twitter:data1\" content=\"2\u00a0Minute\" \/>\n<script type=\"application\/ld+json\" class=\"yoast-schema-graph\">{\"@context\":\"https:\\\/\\\/schema.org\",\"@graph\":[{\"@type\":\"WebPage\",\"@id\":\"https:\\\/\\\/disimi.hr\\\/de\\\/produkt\\\/torba-golden-age-of-hollywood-dim-18-cmpromjer-sirina-8-cm-tzf2406\\\/\",\"url\":\"https:\\\/\\\/disimi.hr\\\/de\\\/produkt\\\/torba-golden-age-of-hollywood-dim-18-cmpromjer-sirina-8-cm-tzf2406\\\/\",\"name\":\"Tasche \u201eGoldenes Zeitalter Hollywoods\u201c, Gr\u00f6\u00dfe 18 cm (Durchmesser), Breite 8 cm - tzf2406 - DISIMI?\",\"isPartOf\":{\"@id\":\"https:\\\/\\\/disimi.hr\\\/#website\"},\"primaryImageOfPage\":{\"@id\":\"https:\\\/\\\/disimi.hr\\\/de\\\/produkt\\\/torba-golden-age-of-hollywood-dim-18-cmpromjer-sirina-8-cm-tzf2406\\\/#primaryimage\"},\"image\":{\"@id\":\"https:\\\/\\\/disimi.hr\\\/de\\\/produkt\\\/torba-golden-age-of-hollywood-dim-18-cmpromjer-sirina-8-cm-tzf2406\\\/#primaryimage\"},\"thumbnailUrl\":\"https:\\\/\\\/disimi.hr\\\/wp-content\\\/uploads\\\/2024\\\/02\\\/tzf2406-w.jpg\",\"datePublished\":\"2024-02-14T09:38:59+00:00\",\"dateModified\":\"2026-04-17T11:18:32+00:00\",\"breadcrumb\":{\"@id\":\"https:\\\/\\\/disimi.hr\\\/de\\\/produkt\\\/torba-golden-age-of-hollywood-dim-18-cmpromjer-sirina-8-cm-tzf2406\\\/#breadcrumb\"},\"inLanguage\":\"de\",\"potentialAction\":[{\"@type\":\"ReadAction\",\"target\":[\"https:\\\/\\\/disimi.hr\\\/de\\\/produkt\\\/torba-golden-age-of-hollywood-dim-18-cmpromjer-sirina-8-cm-tzf2406\\\/\"]}]},{\"@type\":\"ImageObject\",\"inLanguage\":\"de\",\"@id\":\"https:\\\/\\\/disimi.hr\\\/de\\\/produkt\\\/torba-golden-age-of-hollywood-dim-18-cmpromjer-sirina-8-cm-tzf2406\\\/#primaryimage\",\"url\":\"https:\\\/\\\/disimi.hr\\\/wp-content\\\/uploads\\\/2024\\\/02\\\/tzf2406-w.jpg\",\"contentUrl\":\"https:\\\/\\\/disimi.hr\\\/wp-content\\\/uploads\\\/2024\\\/02\\\/tzf2406-w.jpg\",\"width\":800,\"height\":800},{\"@type\":\"BreadcrumbList\",\"@id\":\"https:\\\/\\\/disimi.hr\\\/de\\\/produkt\\\/torba-golden-age-of-hollywood-dim-18-cmpromjer-sirina-8-cm-tzf2406\\\/#breadcrumb\",\"itemListElement\":[{\"@type\":\"ListItem\",\"position\":1,\"name\":\"Po\u010detna stranica\",\"item\":\"https:\\\/\\\/disimi.hr\\\/de\\\/\"},{\"@type\":\"ListItem\",\"position\":2,\"name\":\"Produkte\",\"item\":\"https:\\\/\\\/disimi.hr\\\/de\\\/produkte\\\/\"},{\"@type\":\"ListItem\",\"position\":3,\"name\":\"Tasche \u201eGoldenes Zeitalter Hollywoods\u201c, Gr\u00f6\u00dfe 18 cm (Durchmesser), Breite 8 cm &#8211; tzf2406\"}]},{\"@type\":\"WebSite\",\"@id\":\"https:\\\/\\\/disimi.hr\\\/#website\",\"url\":\"https:\\\/\\\/disimi.hr\\\/\",\"name\":\"DISIMI?\",\"description\":\"Hrvatski brand i jedinstveni dizajn!\",\"publisher\":{\"@id\":\"https:\\\/\\\/disimi.hr\\\/#organization\"},\"potentialAction\":[{\"@type\":\"SearchAction\",\"target\":{\"@type\":\"EntryPoint\",\"urlTemplate\":\"https:\\\/\\\/disimi.hr\\\/?s={search_term_string}\"},\"query-input\":{\"@type\":\"PropertyValueSpecification\",\"valueRequired\":true,\"valueName\":\"search_term_string\"}}],\"inLanguage\":\"de\"},{\"@type\":\"Organization\",\"@id\":\"https:\\\/\\\/disimi.hr\\\/#organization\",\"name\":\"DiSiMi?\",\"url\":\"https:\\\/\\\/disimi.hr\\\/\",\"logo\":{\"@type\":\"ImageObject\",\"inLanguage\":\"de\",\"@id\":\"https:\\\/\\\/disimi.hr\\\/#\\\/schema\\\/logo\\\/image\\\/\",\"url\":\"https:\\\/\\\/disimi.hr\\\/wp-content\\\/uploads\\\/2022\\\/02\\\/logo2.jpg\",\"contentUrl\":\"https:\\\/\\\/disimi.hr\\\/wp-content\\\/uploads\\\/2022\\\/02\\\/logo2.jpg\",\"width\":250,\"height\":79,\"caption\":\"DiSiMi?\"},\"image\":{\"@id\":\"https:\\\/\\\/disimi.hr\\\/#\\\/schema\\\/logo\\\/image\\\/\"},\"sameAs\":[\"https:\\\/\\\/www.facebook.com\\\/DISIMI.hr\\\/\",\"https:\\\/\\\/www.instagram.com\\\/disimi.hr\\\/\"]}]}<\/script>\n<!-- \/ Yoast SEO plugin. -->","yoast_head_json":{"title":"Tasche \u201eGoldenes Zeitalter Hollywoods\u201c, Gr\u00f6\u00dfe 18 cm (Durchmesser), Breite 8 cm - tzf2406 - DISIMI?","robots":{"index":"index","follow":"follow","max-snippet":"max-snippet:-1","max-image-preview":"max-image-preview:large","max-video-preview":"max-video-preview:-1"},"canonical":"https:\/\/disimi.hr\/de\/produkt\/torba-golden-age-of-hollywood-dim-18-cmpromjer-sirina-8-cm-tzf2406\/","og_locale":"de_DE","og_type":"article","og_title":"Tasche \u201eGoldenes Zeitalter Hollywoods\u201c, Gr\u00f6\u00dfe 18 cm (Durchmesser), Breite 8 cm - tzf2406 - DISIMI?","og_description":"Eine kleine, aber feine Handtasche ist der Schl\u00fcssel zu gutem Stil. Eine kleine, elegante Handtasche als unverzichtbares Modeaccessoire f\u00fcr Abendveranstaltungen und l\u00e4ssige Tagesoutfits. F\u00fcr die wichtigsten Dinge, f\u00fcr besondere Frauen und besondere Anl\u00e4sse.  Durchmesser 18 cm und Breite 8 cm. Gef\u00fcttert, mit Knopfverschluss, mit einem kurzen Henkel (20 cm hoch) und einem bis zu 46 cm h\u00f6henverstellbaren Henkel.","og_url":"https:\/\/disimi.hr\/de\/produkt\/torba-golden-age-of-hollywood-dim-18-cmpromjer-sirina-8-cm-tzf2406\/","og_site_name":"DISIMI?","article_publisher":"https:\/\/www.facebook.com\/DISIMI.hr\/","article_modified_time":"2026-04-17T11:18:32+00:00","og_image":[{"width":800,"height":800,"url":"https:\/\/disimi.hr\/wp-content\/uploads\/2024\/02\/tzf2406-w.jpg","type":"image\/jpeg"}],"twitter_card":"summary_large_image","twitter_misc":{"Gesch\u00e4tzte Lesezeit":"2\u00a0Minute"},"schema":{"@context":"https:\/\/schema.org","@graph":[{"@type":"WebPage","@id":"https:\/\/disimi.hr\/de\/produkt\/torba-golden-age-of-hollywood-dim-18-cmpromjer-sirina-8-cm-tzf2406\/","url":"https:\/\/disimi.hr\/de\/produkt\/torba-golden-age-of-hollywood-dim-18-cmpromjer-sirina-8-cm-tzf2406\/","name":"Tasche \u201eGoldenes Zeitalter Hollywoods\u201c, Gr\u00f6\u00dfe 18 cm (Durchmesser), Breite 8 cm - tzf2406 - DISIMI?","isPartOf":{"@id":"https:\/\/disimi.hr\/#website"},"primaryImageOfPage":{"@id":"https:\/\/disimi.hr\/de\/produkt\/torba-golden-age-of-hollywood-dim-18-cmpromjer-sirina-8-cm-tzf2406\/#primaryimage"},"image":{"@id":"https:\/\/disimi.hr\/de\/produkt\/torba-golden-age-of-hollywood-dim-18-cmpromjer-sirina-8-cm-tzf2406\/#primaryimage"},"thumbnailUrl":"https:\/\/disimi.hr\/wp-content\/uploads\/2024\/02\/tzf2406-w.jpg","datePublished":"2024-02-14T09:38:59+00:00","dateModified":"2026-04-17T11:18:32+00:00","breadcrumb":{"@id":"https:\/\/disimi.hr\/de\/produkt\/torba-golden-age-of-hollywood-dim-18-cmpromjer-sirina-8-cm-tzf2406\/#breadcrumb"},"inLanguage":"de","potentialAction":[{"@type":"ReadAction","target":["https:\/\/disimi.hr\/de\/produkt\/torba-golden-age-of-hollywood-dim-18-cmpromjer-sirina-8-cm-tzf2406\/"]}]},{"@type":"ImageObject","inLanguage":"de","@id":"https:\/\/disimi.hr\/de\/produkt\/torba-golden-age-of-hollywood-dim-18-cmpromjer-sirina-8-cm-tzf2406\/#primaryimage","url":"https:\/\/disimi.hr\/wp-content\/uploads\/2024\/02\/tzf2406-w.jpg","contentUrl":"https:\/\/disimi.hr\/wp-content\/uploads\/2024\/02\/tzf2406-w.jpg","width":800,"height":800},{"@type":"BreadcrumbList","@id":"https:\/\/disimi.hr\/de\/produkt\/torba-golden-age-of-hollywood-dim-18-cmpromjer-sirina-8-cm-tzf2406\/#breadcrumb","itemListElement":[{"@type":"ListItem","position":1,"name":"Po\u010detna stranica","item":"https:\/\/disimi.hr\/de\/"},{"@type":"ListItem","position":2,"name":"Produkte","item":"https:\/\/disimi.hr\/de\/produkte\/"},{"@type":"ListItem","position":3,"name":"Tasche \u201eGoldenes Zeitalter Hollywoods\u201c, Gr\u00f6\u00dfe 18 cm (Durchmesser), Breite 8 cm &#8211; tzf2406"}]},{"@type":"WebSite","@id":"https:\/\/disimi.hr\/#website","url":"https:\/\/disimi.hr\/","name":"DISIMI?","description":"Hrvatski brand i jedinstveni dizajn!","publisher":{"@id":"https:\/\/disimi.hr\/#organization"},"potentialAction":[{"@type":"SearchAction","target":{"@type":"EntryPoint","urlTemplate":"https:\/\/disimi.hr\/?s={search_term_string}"},"query-input":{"@type":"PropertyValueSpecification","valueRequired":true,"valueName":"search_term_string"}}],"inLanguage":"de"},{"@type":"Organization","@id":"https:\/\/disimi.hr\/#organization","name":"DiSiMi?","url":"https:\/\/disimi.hr\/","logo":{"@type":"ImageObject","inLanguage":"de","@id":"https:\/\/disimi.hr\/#\/schema\/logo\/image\/","url":"https:\/\/disimi.hr\/wp-content\/uploads\/2022\/02\/logo2.jpg","contentUrl":"https:\/\/disimi.hr\/wp-content\/uploads\/2022\/02\/logo2.jpg","width":250,"height":79,"caption":"DiSiMi?"},"image":{"@id":"https:\/\/disimi.hr\/#\/schema\/logo\/image\/"},"sameAs":["https:\/\/www.facebook.com\/DISIMI.hr\/","https:\/\/www.instagram.com\/disimi.hr\/"]}]}},"_links":{"self":[{"href":"https:\/\/disimi.hr\/de\/wp-json\/wp\/v2\/product\/118673","targetHints":{"allow":["GET"]}}],"collection":[{"href":"https:\/\/disimi.hr\/de\/wp-json\/wp\/v2\/product"}],"about":[{"href":"https:\/\/disimi.hr\/de\/wp-json\/wp\/v2\/types\/product"}],"wp:featuredmedia":[{"embeddable":true,"href":"https:\/\/disimi.hr\/de\/wp-json\/wp\/v2\/media\/126767"}],"wp:attachment":[{"href":"https:\/\/disimi.hr\/de\/wp-json\/wp\/v2\/media?parent=118673"}],"wp:term":[{"taxonomy":"product_brand","embeddable":true,"href":"https:\/\/disimi.hr\/de\/wp-json\/wp\/v2\/product_brand?post=118673"},{"taxonomy":"product_cat","embeddable":true,"href":"https:\/\/disimi.hr\/de\/wp-json\/wp\/v2\/product_cat?post=118673"},{"taxonomy":"product_tag","embeddable":true,"href":"https:\/\/disimi.hr\/de\/wp-json\/wp\/v2\/product_tag?post=118673"}],"curies":[{"name":"wp","href":"https:\/\/api.w.org\/{rel}","templated":true}]}}