{"id":118644,"date":"2023-10-18T11:13:12","date_gmt":"2023-10-18T09:13:12","guid":{"rendered":"https:\/\/disimi.hr\/proizvod\/torba-filomena-crna-dim-30x20x14cm-tzf2379\/"},"modified":"2026-05-06T10:31:41","modified_gmt":"2026-05-06T08:31:41","slug":"torba-filomena-crna-dim-30x20x14cm-tzf2379","status":"publish","type":"product","link":"https:\/\/disimi.hr\/de\/produkt\/torba-filomena-crna-dim-30x20x14cm-tzf2379\/","title":{"rendered":"Tasche \u201eFilomena\u201c, schwarz, Ma\u00dfe 30 x 20 x 14 cm \u2013 TZF2379"},"content":{"rendered":"<div class=\"wpb-content-wrapper\"><p>[vc_row][vc_column][vc_column_text woodmart_inline=&#8221;no&#8221; text_larger=&#8221;yes&#8221;] <\/p>\n<p style=\"text-align: center;\"><strong class=\"naslov-product-tekst\">Modische Accessoires, von denen wir uns nicht trennen k\u00f6nnen<\/strong><\/p>\n<p style=\"text-align: center;\">Eine Tasche mit interessanter Form und Textur aus robustem Material<\/p>\n<p style=\"text-align: center;\"><strong class=\"naslov-sesiri-tekst\">Das perfekte Geschenk \u2026 genau f\u00fcr Sie!<\/strong><\/p>\n<p style=\"text-align: center;\">\u2714<strong>Eine Tasche<\/strong>, die zu jeder Garderobe passt und f\u00fcr einen l\u00e4ssigen Stil sorgt<\/p>\n<p style=\"text-align: center;\">\u2714<strong>Sparen Sie Geld<\/strong>: Trotz hoher Qualit\u00e4t ist der Preis f\u00fcr jedes Budget erschwinglich.<\/p>\n<div class=\"product-glavni-tekst\">\n<p style=\"text-align: center;\">\u2714<strong> Modernes Design<\/strong>: Bei DiSiMi?-Taschen werden keine Kompromisse beim Design gemacht. Eine Tasche ist ein integraler Bestandteil der Identit\u00e4t einer Frau und muss daher das gewisse Etwas haben.<\/p>\n<p style=\"text-align: center;\">\u2714<strong> Was ist wichtiger als eine Tasche?<\/strong> Selbst wenn Frauen \u00fcber unbegrenzte finanzielle Mittel verf\u00fcgen w\u00fcrden, k\u00f6nnten sie sich sicherlich nicht alle Taschen leisten, die sie sich w\u00fcnschen \u2013 und vor allem: Sie brauchen all diese Taschen. Eine Tasche ist ein unverzichtbarer Bestandteil jedes gelungenen Outfits. Oftmals macht der Wechsel der Tasche den entscheidenden Unterschied f\u00fcr ein Outfit. Warum ist das so? Weil eine Tasche ein modisches Accessoire ist, das das Ganze abrundet, hervorsticht und somit Aufmerksamkeit erregt..<\/p>\n<\/div>\n<p>[\/vc_column_text][vc_row_inner][vc_column_inner width=&#8221;1\/2&#8243;][vc_single_image image=&#8221;74522&#8243; img_size=&#8221;full&#8221; alignment=&#8221;center&#8221; parallax_scroll=&#8221;no&#8221; woodmart_inline=&#8221;no&#8221;][\/vc_column_inner][vc_column_inner width=&#8221;1\/2&#8243;][vc_single_image image=&#8221;7452&#8243; img_size=&#8221;full&#8221; alignment=&#8221;center&#8221; parallax_scroll=&#8221;no&#8221; woodmart_inline=&#8221;no&#8221;][\/vc_column_inner][\/vc_row_inner][vc_row_inner][vc_column_inner][vc_column_text woodmart_inline=&#8221;no&#8221; text_larger=&#8221;no&#8221;] Originelle Tasche mit interessanter Textur. Material: 100 % Polyurethan. Ma\u00dfe: 30 x 20 x 14 cm. Wir sind von der herausragenden Qualit\u00e4t und dem Design unserer Taschen \u00fcberzeugt. Wir glauben so sehr an unser Produkt, dass wir sicher sind, dass es Sie begeistern wird. Sollten die DiSiMi?-Taschen Ihre Erwartungen nicht erf\u00fcllen, k\u00f6nnen Sie sie innerhalb von 30 Tagen zur\u00fcckgeben und erhalten den vollen Kaufpreis erstattet.<\/p>\n<\/div>\n<p>[\/vc_column_text][\/vc_column_inner][\/vc_row_inner][\/vc_column][\/vc_row]<\/p>\n<\/div>","protected":false},"excerpt":{"rendered":"<p>Eine Tasche mit interessanter Form und Textur aus robustem Material. <\/p>\n<p>Passt zu jeder Garderobe, f\u00fcr einen l\u00e4ssigen Stil! <\/p>\n<p>Material: 100 % Polyurethan<br \/>\nMa\u00dfe: 30 x 20 x 14 cm <\/p>\n<p>Knopfverschluss <\/p>\n<p>Abnehmbarer Kettenriemen (46 cm bis zum oberen Rand der Tasche) <\/p>\n<p>Innentasche mit Rei\u00dfverschluss <\/p>\n<p>Gef\u00fcttert <\/p>\n<p>&nbsp;<\/p>\n","protected":false},"featured_media":125244,"template":"","meta":[],"product_brand":[],"product_cat":[229,216],"product_tag":[],"class_list":{"0":"post-118644","1":"product","2":"type-product","3":"status-publish","4":"has-post-thumbnail","6":"product_cat-mode-taschen","7":"product_cat-taschen","9":"first","10":"instock","11":"sale","12":"featured","13":"taxable","14":"shipping-taxable","15":"purchasable","16":"product-type-simple"},"yoast_head":"<!-- This site is optimized with the Yoast SEO plugin v27.5 - https:\/\/yoast.com\/product\/yoast-seo-wordpress\/ -->\n<title>Tasche \u201eFilomena\u201c, schwarz, Ma\u00dfe 30 x 20 x 14 cm \u2013 TZF2379 - DISIMI?<\/title>\n<meta name=\"robots\" content=\"index, follow, max-snippet:-1, max-image-preview:large, max-video-preview:-1\" \/>\n<link rel=\"canonical\" href=\"https:\/\/disimi.hr\/de\/produkt\/torba-filomena-crna-dim-30x20x14cm-tzf2379\/\" \/>\n<meta property=\"og:locale\" content=\"de_DE\" \/>\n<meta property=\"og:type\" content=\"article\" \/>\n<meta property=\"og:title\" content=\"Tasche \u201eFilomena\u201c, schwarz, Ma\u00dfe 30 x 20 x 14 cm \u2013 TZF2379 - DISIMI?\" \/>\n<meta property=\"og:description\" content=\"Eine Tasche mit interessanter Form und Textur aus robustem Material.  Passt zu jeder Garderobe, f\u00fcr einen l\u00e4ssigen Stil!  Material: 100 % Polyurethan Ma\u00dfe: 30 x 20 x 14 cm  Knopfverschluss  Abnehmbarer Kettenriemen (46 cm bis zum oberen Rand der Tasche)  Innentasche mit Rei\u00dfverschluss  Gef\u00fcttert  &nbsp;\" \/>\n<meta property=\"og:url\" content=\"https:\/\/disimi.hr\/de\/produkt\/torba-filomena-crna-dim-30x20x14cm-tzf2379\/\" \/>\n<meta property=\"og:site_name\" content=\"DISIMI?\" \/>\n<meta property=\"article:publisher\" content=\"https:\/\/www.facebook.com\/DISIMI.hr\/\" \/>\n<meta property=\"article:modified_time\" content=\"2026-05-06T08:31:41+00:00\" \/>\n<meta property=\"og:image\" content=\"https:\/\/disimi.hr\/wp-content\/uploads\/2023\/10\/TZF2379.jpg\" \/>\n\t<meta property=\"og:image:width\" content=\"850\" \/>\n\t<meta property=\"og:image:height\" content=\"850\" \/>\n\t<meta property=\"og:image:type\" content=\"image\/jpeg\" \/>\n<meta name=\"twitter:card\" content=\"summary_large_image\" \/>\n<meta name=\"twitter:label1\" content=\"Gesch\u00e4tzte Lesezeit\" \/>\n\t<meta name=\"twitter:data1\" content=\"2\u00a0Minute\" \/>\n<script type=\"application\/ld+json\" class=\"yoast-schema-graph\">{\"@context\":\"https:\\\/\\\/schema.org\",\"@graph\":[{\"@type\":\"WebPage\",\"@id\":\"https:\\\/\\\/disimi.hr\\\/de\\\/produkt\\\/torba-filomena-crna-dim-30x20x14cm-tzf2379\\\/\",\"url\":\"https:\\\/\\\/disimi.hr\\\/de\\\/produkt\\\/torba-filomena-crna-dim-30x20x14cm-tzf2379\\\/\",\"name\":\"Tasche \u201eFilomena\u201c, schwarz, Ma\u00dfe 30 x 20 x 14 cm \u2013 TZF2379 - DISIMI?\",\"isPartOf\":{\"@id\":\"https:\\\/\\\/disimi.hr\\\/#website\"},\"primaryImageOfPage\":{\"@id\":\"https:\\\/\\\/disimi.hr\\\/de\\\/produkt\\\/torba-filomena-crna-dim-30x20x14cm-tzf2379\\\/#primaryimage\"},\"image\":{\"@id\":\"https:\\\/\\\/disimi.hr\\\/de\\\/produkt\\\/torba-filomena-crna-dim-30x20x14cm-tzf2379\\\/#primaryimage\"},\"thumbnailUrl\":\"https:\\\/\\\/disimi.hr\\\/wp-content\\\/uploads\\\/2023\\\/10\\\/TZF2379.jpg\",\"datePublished\":\"2023-10-18T09:13:12+00:00\",\"dateModified\":\"2026-05-06T08:31:41+00:00\",\"breadcrumb\":{\"@id\":\"https:\\\/\\\/disimi.hr\\\/de\\\/produkt\\\/torba-filomena-crna-dim-30x20x14cm-tzf2379\\\/#breadcrumb\"},\"inLanguage\":\"de\",\"potentialAction\":[{\"@type\":\"ReadAction\",\"target\":[\"https:\\\/\\\/disimi.hr\\\/de\\\/produkt\\\/torba-filomena-crna-dim-30x20x14cm-tzf2379\\\/\"]}]},{\"@type\":\"ImageObject\",\"inLanguage\":\"de\",\"@id\":\"https:\\\/\\\/disimi.hr\\\/de\\\/produkt\\\/torba-filomena-crna-dim-30x20x14cm-tzf2379\\\/#primaryimage\",\"url\":\"https:\\\/\\\/disimi.hr\\\/wp-content\\\/uploads\\\/2023\\\/10\\\/TZF2379.jpg\",\"contentUrl\":\"https:\\\/\\\/disimi.hr\\\/wp-content\\\/uploads\\\/2023\\\/10\\\/TZF2379.jpg\",\"width\":850,\"height\":850},{\"@type\":\"BreadcrumbList\",\"@id\":\"https:\\\/\\\/disimi.hr\\\/de\\\/produkt\\\/torba-filomena-crna-dim-30x20x14cm-tzf2379\\\/#breadcrumb\",\"itemListElement\":[{\"@type\":\"ListItem\",\"position\":1,\"name\":\"Po\u010detna stranica\",\"item\":\"https:\\\/\\\/disimi.hr\\\/de\\\/\"},{\"@type\":\"ListItem\",\"position\":2,\"name\":\"Produkte\",\"item\":\"https:\\\/\\\/disimi.hr\\\/de\\\/produkte\\\/\"},{\"@type\":\"ListItem\",\"position\":3,\"name\":\"Tasche \u201eFilomena\u201c, schwarz, Ma\u00dfe 30 x 20 x 14 cm \u2013 TZF2379\"}]},{\"@type\":\"WebSite\",\"@id\":\"https:\\\/\\\/disimi.hr\\\/#website\",\"url\":\"https:\\\/\\\/disimi.hr\\\/\",\"name\":\"DISIMI?\",\"description\":\"Hrvatski brand i jedinstveni dizajn!\",\"publisher\":{\"@id\":\"https:\\\/\\\/disimi.hr\\\/#organization\"},\"potentialAction\":[{\"@type\":\"SearchAction\",\"target\":{\"@type\":\"EntryPoint\",\"urlTemplate\":\"https:\\\/\\\/disimi.hr\\\/?s={search_term_string}\"},\"query-input\":{\"@type\":\"PropertyValueSpecification\",\"valueRequired\":true,\"valueName\":\"search_term_string\"}}],\"inLanguage\":\"de\"},{\"@type\":\"Organization\",\"@id\":\"https:\\\/\\\/disimi.hr\\\/#organization\",\"name\":\"DiSiMi?\",\"url\":\"https:\\\/\\\/disimi.hr\\\/\",\"logo\":{\"@type\":\"ImageObject\",\"inLanguage\":\"de\",\"@id\":\"https:\\\/\\\/disimi.hr\\\/#\\\/schema\\\/logo\\\/image\\\/\",\"url\":\"https:\\\/\\\/disimi.hr\\\/wp-content\\\/uploads\\\/2022\\\/02\\\/logo2.jpg\",\"contentUrl\":\"https:\\\/\\\/disimi.hr\\\/wp-content\\\/uploads\\\/2022\\\/02\\\/logo2.jpg\",\"width\":250,\"height\":79,\"caption\":\"DiSiMi?\"},\"image\":{\"@id\":\"https:\\\/\\\/disimi.hr\\\/#\\\/schema\\\/logo\\\/image\\\/\"},\"sameAs\":[\"https:\\\/\\\/www.facebook.com\\\/DISIMI.hr\\\/\",\"https:\\\/\\\/www.instagram.com\\\/disimi.hr\\\/\"]}]}<\/script>\n<!-- \/ Yoast SEO plugin. -->","yoast_head_json":{"title":"Tasche \u201eFilomena\u201c, schwarz, Ma\u00dfe 30 x 20 x 14 cm \u2013 TZF2379 - DISIMI?","robots":{"index":"index","follow":"follow","max-snippet":"max-snippet:-1","max-image-preview":"max-image-preview:large","max-video-preview":"max-video-preview:-1"},"canonical":"https:\/\/disimi.hr\/de\/produkt\/torba-filomena-crna-dim-30x20x14cm-tzf2379\/","og_locale":"de_DE","og_type":"article","og_title":"Tasche \u201eFilomena\u201c, schwarz, Ma\u00dfe 30 x 20 x 14 cm \u2013 TZF2379 - DISIMI?","og_description":"Eine Tasche mit interessanter Form und Textur aus robustem Material.  Passt zu jeder Garderobe, f\u00fcr einen l\u00e4ssigen Stil!  Material: 100 % Polyurethan Ma\u00dfe: 30 x 20 x 14 cm  Knopfverschluss  Abnehmbarer Kettenriemen (46 cm bis zum oberen Rand der Tasche)  Innentasche mit Rei\u00dfverschluss  Gef\u00fcttert  &nbsp;","og_url":"https:\/\/disimi.hr\/de\/produkt\/torba-filomena-crna-dim-30x20x14cm-tzf2379\/","og_site_name":"DISIMI?","article_publisher":"https:\/\/www.facebook.com\/DISIMI.hr\/","article_modified_time":"2026-05-06T08:31:41+00:00","og_image":[{"width":850,"height":850,"url":"https:\/\/disimi.hr\/wp-content\/uploads\/2023\/10\/TZF2379.jpg","type":"image\/jpeg"}],"twitter_card":"summary_large_image","twitter_misc":{"Gesch\u00e4tzte Lesezeit":"2\u00a0Minute"},"schema":{"@context":"https:\/\/schema.org","@graph":[{"@type":"WebPage","@id":"https:\/\/disimi.hr\/de\/produkt\/torba-filomena-crna-dim-30x20x14cm-tzf2379\/","url":"https:\/\/disimi.hr\/de\/produkt\/torba-filomena-crna-dim-30x20x14cm-tzf2379\/","name":"Tasche \u201eFilomena\u201c, schwarz, Ma\u00dfe 30 x 20 x 14 cm \u2013 TZF2379 - DISIMI?","isPartOf":{"@id":"https:\/\/disimi.hr\/#website"},"primaryImageOfPage":{"@id":"https:\/\/disimi.hr\/de\/produkt\/torba-filomena-crna-dim-30x20x14cm-tzf2379\/#primaryimage"},"image":{"@id":"https:\/\/disimi.hr\/de\/produkt\/torba-filomena-crna-dim-30x20x14cm-tzf2379\/#primaryimage"},"thumbnailUrl":"https:\/\/disimi.hr\/wp-content\/uploads\/2023\/10\/TZF2379.jpg","datePublished":"2023-10-18T09:13:12+00:00","dateModified":"2026-05-06T08:31:41+00:00","breadcrumb":{"@id":"https:\/\/disimi.hr\/de\/produkt\/torba-filomena-crna-dim-30x20x14cm-tzf2379\/#breadcrumb"},"inLanguage":"de","potentialAction":[{"@type":"ReadAction","target":["https:\/\/disimi.hr\/de\/produkt\/torba-filomena-crna-dim-30x20x14cm-tzf2379\/"]}]},{"@type":"ImageObject","inLanguage":"de","@id":"https:\/\/disimi.hr\/de\/produkt\/torba-filomena-crna-dim-30x20x14cm-tzf2379\/#primaryimage","url":"https:\/\/disimi.hr\/wp-content\/uploads\/2023\/10\/TZF2379.jpg","contentUrl":"https:\/\/disimi.hr\/wp-content\/uploads\/2023\/10\/TZF2379.jpg","width":850,"height":850},{"@type":"BreadcrumbList","@id":"https:\/\/disimi.hr\/de\/produkt\/torba-filomena-crna-dim-30x20x14cm-tzf2379\/#breadcrumb","itemListElement":[{"@type":"ListItem","position":1,"name":"Po\u010detna stranica","item":"https:\/\/disimi.hr\/de\/"},{"@type":"ListItem","position":2,"name":"Produkte","item":"https:\/\/disimi.hr\/de\/produkte\/"},{"@type":"ListItem","position":3,"name":"Tasche \u201eFilomena\u201c, schwarz, Ma\u00dfe 30 x 20 x 14 cm \u2013 TZF2379"}]},{"@type":"WebSite","@id":"https:\/\/disimi.hr\/#website","url":"https:\/\/disimi.hr\/","name":"DISIMI?","description":"Hrvatski brand i jedinstveni dizajn!","publisher":{"@id":"https:\/\/disimi.hr\/#organization"},"potentialAction":[{"@type":"SearchAction","target":{"@type":"EntryPoint","urlTemplate":"https:\/\/disimi.hr\/?s={search_term_string}"},"query-input":{"@type":"PropertyValueSpecification","valueRequired":true,"valueName":"search_term_string"}}],"inLanguage":"de"},{"@type":"Organization","@id":"https:\/\/disimi.hr\/#organization","name":"DiSiMi?","url":"https:\/\/disimi.hr\/","logo":{"@type":"ImageObject","inLanguage":"de","@id":"https:\/\/disimi.hr\/#\/schema\/logo\/image\/","url":"https:\/\/disimi.hr\/wp-content\/uploads\/2022\/02\/logo2.jpg","contentUrl":"https:\/\/disimi.hr\/wp-content\/uploads\/2022\/02\/logo2.jpg","width":250,"height":79,"caption":"DiSiMi?"},"image":{"@id":"https:\/\/disimi.hr\/#\/schema\/logo\/image\/"},"sameAs":["https:\/\/www.facebook.com\/DISIMI.hr\/","https:\/\/www.instagram.com\/disimi.hr\/"]}]}},"_links":{"self":[{"href":"https:\/\/disimi.hr\/de\/wp-json\/wp\/v2\/product\/118644","targetHints":{"allow":["GET"]}}],"collection":[{"href":"https:\/\/disimi.hr\/de\/wp-json\/wp\/v2\/product"}],"about":[{"href":"https:\/\/disimi.hr\/de\/wp-json\/wp\/v2\/types\/product"}],"wp:featuredmedia":[{"embeddable":true,"href":"https:\/\/disimi.hr\/de\/wp-json\/wp\/v2\/media\/125244"}],"wp:attachment":[{"href":"https:\/\/disimi.hr\/de\/wp-json\/wp\/v2\/media?parent=118644"}],"wp:term":[{"taxonomy":"product_brand","embeddable":true,"href":"https:\/\/disimi.hr\/de\/wp-json\/wp\/v2\/product_brand?post=118644"},{"taxonomy":"product_cat","embeddable":true,"href":"https:\/\/disimi.hr\/de\/wp-json\/wp\/v2\/product_cat?post=118644"},{"taxonomy":"product_tag","embeddable":true,"href":"https:\/\/disimi.hr\/de\/wp-json\/wp\/v2\/product_tag?post=118644"}],"curies":[{"name":"wp","href":"https:\/\/api.w.org\/{rel}","templated":true}]}}