{"id":118637,"date":"2023-10-18T11:24:55","date_gmt":"2023-10-18T09:24:55","guid":{"rendered":"https:\/\/disimi.hr\/proizvod\/torba-hobo-crna-dim-30x25x6cm-tzf2378\/"},"modified":"2026-04-20T12:13:51","modified_gmt":"2026-04-20T10:13:51","slug":"torba-hobo-crna-dim-30x25x6cm-tzf2378","status":"publish","type":"product","link":"https:\/\/disimi.hr\/de\/produkt\/torba-hobo-crna-dim-30x25x6cm-tzf2378\/","title":{"rendered":"Tasche \u201eHobo\u201c, schwarz, Ma\u00dfe 30 x 25 x 6 cm \u2013 TZF2378"},"content":{"rendered":"<div class=\"wpb-content-wrapper\"><p>[vc_row][vc_column][vc_column_text woodmart_inline=&#8221;no&#8221; text_larger=&#8221;yes&#8221;]<\/p>\n<p style=\"text-align: center\"><strong class=\"title-product-tekst\">Modeaccessoires, von denen wir uns nicht trennen<\/strong><\/p>\n<p style=\"text-align: center\">Eine Tasche mit interessanter Form und Textur aus flexiblem und strapazierf\u00e4higem Material<\/p>\n<p style=\"text-align: center\"><strong class=\"naslov-sesiri-tekst\">Das perfekte Geschenk \u2026 f\u00fcr Sie!<\/strong><\/p>\n<p style=\"text-align: center\">\u2714<strong>Tasche<\/strong>, die zu jeder Garderobe passt und f\u00fcr einen l\u00e4ssigen Look sorgt<\/p>\n<p style=\"text-align: center\">\u2714<strong>Sie sparen Geld<\/strong>: Trotz ihrer hohen Qualit\u00e4t ist ihr Preis f\u00fcr jeden erschwinglich. Budget.<\/p>\n<div class=\"product-main-text\">\n<p style=\"text-align: center\">\u2714<strong> Modernes Design<\/strong>: Bei DiSiMi?-Taschen gibt es keine Kompromisse beim Design. Eine Tasche ist ein integraler Bestandteil der Identit\u00e4t einer Frau und muss daher das gewisse Etwas haben.<\/p>\n<p style=\"text-align: center\">\u2714<strong> Was ist wichtiger als eine Tasche?<\/strong> Selbst wenn Frauen \u00fcber unbegrenzte finanzielle Mittel verf\u00fcgen w\u00fcrden, k\u00f6nnten sie sich sicherlich nicht alle Taschen leisten, die sie m\u00f6gen \u2013 und vor allem: Sie brauchen all diese Taschen. Eine Tasche ist ein unverzichtbarer Bestandteil jedes gelungenen Outfits. Oftmals macht der Wechsel einer Tasche den entscheidenden Unterschied. Warum? Weil die Tasche ein modisches Accessoire ist, das den Look abrundet, hervorsticht und Aufmerksamkeit erregt. <\/div>\n<p>[\/vc_column_text][vc_row_inner][vc_column_inner width=&#8221;1\/2&#8243;][vc_single_image image=&#8221;74522&#8243; img_size=&#8221;full&#8221; alignment=&#8221;center&#8221; parallax_scroll=&#8221;no&#8221; woodmart_inline=&#8221;no&#8221;][\/vc_column_inner][vc_column_inner width=&#8221;1\/2&#8243;][vc_single_image image=&#8221;7452&#8243; img_size=&#8221;full&#8221; alignment=&#8221;center&#8221; parallax_scroll=&#8221;no&#8221; woodmart_inline=&#8221;no&#8221;][\/vc_column_inner][\/vc_row_inner][vc_row_inner][vc_column_inner][vc_column_text woodmart_inline=&#8221;no&#8221; text_larger=&#8221;no&#8221;]<\/p>\n<p style=\"text-align: center\">Originale, interessante Taschentexturen<\/p>\n<p style=\"text-align: center\">Material: 100 % Polyurethan<\/p>\n<p>Abmessungen: 30 x 25 x 6 cm<\/p>\n<p style=\"text-align: center\">Wir sind fest davon \u00fcberzeugt, dass unsere Taschen von herausragender Qualit\u00e4t und erstklassigem Design sind. Wir glauben so sehr an unser Produkt, dass wir sicher sind, dass es Sie begeistern wird. Wenn DiSiMi? Sollten die Taschen nicht Ihren Erwartungen entsprechen, k\u00f6nnen Sie sie jederzeit zur\u00fcckgeben und erhalten innerhalb der ersten 30 Tage eine vollst\u00e4ndige R\u00fcckerstattung.<\/p>\n<p>[\/vc_column_text][\/vc_column_inner][\/vc_row_inner][\/vc_column][\/vc_row]<\/p>\n<\/div>","protected":false},"excerpt":{"rendered":"<p>Eine Tasche mit interessanter Form und Textur aus flexiblem und strapazierf\u00e4higem Material. <\/p>\n<p>Passt zu jedem Outfit, f\u00fcr einen entspannten Look! <\/p>\n<p>Material: 100 % Polyurethan<br \/>\nMa\u00dfe: 30 x 25 x 6 cm <\/p>\n<p>Rei\u00dfverschluss <\/p>\n<p>Innentasche mit Rei\u00dfverschluss <\/p>\n<p>Mit Futter <\/p>\n<p>&nbsp;<\/p>\n","protected":false},"featured_media":125225,"template":"","meta":[],"product_brand":[],"product_cat":[229,216],"product_tag":[],"class_list":{"0":"post-118637","1":"product","2":"type-product","3":"status-publish","4":"has-post-thumbnail","6":"product_cat-mode-taschen","7":"product_cat-taschen","9":"first","10":"instock","11":"sale","12":"featured","13":"taxable","14":"shipping-taxable","15":"purchasable","16":"product-type-simple"},"yoast_head":"<!-- This site is optimized with the Yoast SEO plugin v27.5 - https:\/\/yoast.com\/product\/yoast-seo-wordpress\/ -->\n<title>Tasche \u201eHobo\u201c, schwarz, Ma\u00dfe 30 x 25 x 6 cm \u2013 TZF2378 - DISIMI?<\/title>\n<meta name=\"robots\" content=\"index, follow, max-snippet:-1, max-image-preview:large, max-video-preview:-1\" \/>\n<link rel=\"canonical\" href=\"https:\/\/disimi.hr\/de\/produkt\/torba-hobo-crna-dim-30x25x6cm-tzf2378\/\" \/>\n<meta property=\"og:locale\" content=\"de_DE\" \/>\n<meta property=\"og:type\" content=\"article\" \/>\n<meta property=\"og:title\" content=\"Tasche \u201eHobo\u201c, schwarz, Ma\u00dfe 30 x 25 x 6 cm \u2013 TZF2378 - DISIMI?\" \/>\n<meta property=\"og:description\" content=\"Eine Tasche mit interessanter Form und Textur aus flexiblem und strapazierf\u00e4higem Material.   Passt zu jedem Outfit, f\u00fcr einen entspannten Look!   Material: 100 % Polyurethan  Ma\u00dfe: 30 x 25 x 6 cm   Rei\u00dfverschluss   Innentasche mit Rei\u00dfverschluss   Mit Futter   &nbsp;\" \/>\n<meta property=\"og:url\" content=\"https:\/\/disimi.hr\/de\/produkt\/torba-hobo-crna-dim-30x25x6cm-tzf2378\/\" \/>\n<meta property=\"og:site_name\" content=\"DISIMI?\" \/>\n<meta property=\"article:publisher\" content=\"https:\/\/www.facebook.com\/DISIMI.hr\/\" \/>\n<meta property=\"article:modified_time\" content=\"2026-04-20T10:13:51+00:00\" \/>\n<meta property=\"og:image\" content=\"https:\/\/disimi.hr\/wp-content\/uploads\/2023\/10\/TZF2378.jpg\" \/>\n\t<meta property=\"og:image:width\" content=\"850\" \/>\n\t<meta property=\"og:image:height\" content=\"850\" \/>\n\t<meta property=\"og:image:type\" content=\"image\/jpeg\" \/>\n<meta name=\"twitter:card\" content=\"summary_large_image\" \/>\n<meta name=\"twitter:label1\" content=\"Gesch\u00e4tzte Lesezeit\" \/>\n\t<meta name=\"twitter:data1\" content=\"2\u00a0Minute\" \/>\n<script type=\"application\/ld+json\" class=\"yoast-schema-graph\">{\"@context\":\"https:\\\/\\\/schema.org\",\"@graph\":[{\"@type\":\"WebPage\",\"@id\":\"https:\\\/\\\/disimi.hr\\\/de\\\/produkt\\\/torba-hobo-crna-dim-30x25x6cm-tzf2378\\\/\",\"url\":\"https:\\\/\\\/disimi.hr\\\/de\\\/produkt\\\/torba-hobo-crna-dim-30x25x6cm-tzf2378\\\/\",\"name\":\"Tasche \u201eHobo\u201c, schwarz, Ma\u00dfe 30 x 25 x 6 cm \u2013 TZF2378 - DISIMI?\",\"isPartOf\":{\"@id\":\"https:\\\/\\\/disimi.hr\\\/#website\"},\"primaryImageOfPage\":{\"@id\":\"https:\\\/\\\/disimi.hr\\\/de\\\/produkt\\\/torba-hobo-crna-dim-30x25x6cm-tzf2378\\\/#primaryimage\"},\"image\":{\"@id\":\"https:\\\/\\\/disimi.hr\\\/de\\\/produkt\\\/torba-hobo-crna-dim-30x25x6cm-tzf2378\\\/#primaryimage\"},\"thumbnailUrl\":\"https:\\\/\\\/disimi.hr\\\/wp-content\\\/uploads\\\/2023\\\/10\\\/TZF2378.jpg\",\"datePublished\":\"2023-10-18T09:24:55+00:00\",\"dateModified\":\"2026-04-20T10:13:51+00:00\",\"breadcrumb\":{\"@id\":\"https:\\\/\\\/disimi.hr\\\/de\\\/produkt\\\/torba-hobo-crna-dim-30x25x6cm-tzf2378\\\/#breadcrumb\"},\"inLanguage\":\"de\",\"potentialAction\":[{\"@type\":\"ReadAction\",\"target\":[\"https:\\\/\\\/disimi.hr\\\/de\\\/produkt\\\/torba-hobo-crna-dim-30x25x6cm-tzf2378\\\/\"]}]},{\"@type\":\"ImageObject\",\"inLanguage\":\"de\",\"@id\":\"https:\\\/\\\/disimi.hr\\\/de\\\/produkt\\\/torba-hobo-crna-dim-30x25x6cm-tzf2378\\\/#primaryimage\",\"url\":\"https:\\\/\\\/disimi.hr\\\/wp-content\\\/uploads\\\/2023\\\/10\\\/TZF2378.jpg\",\"contentUrl\":\"https:\\\/\\\/disimi.hr\\\/wp-content\\\/uploads\\\/2023\\\/10\\\/TZF2378.jpg\",\"width\":850,\"height\":850},{\"@type\":\"BreadcrumbList\",\"@id\":\"https:\\\/\\\/disimi.hr\\\/de\\\/produkt\\\/torba-hobo-crna-dim-30x25x6cm-tzf2378\\\/#breadcrumb\",\"itemListElement\":[{\"@type\":\"ListItem\",\"position\":1,\"name\":\"Po\u010detna stranica\",\"item\":\"https:\\\/\\\/disimi.hr\\\/de\\\/\"},{\"@type\":\"ListItem\",\"position\":2,\"name\":\"Produkte\",\"item\":\"https:\\\/\\\/disimi.hr\\\/de\\\/produkte\\\/\"},{\"@type\":\"ListItem\",\"position\":3,\"name\":\"Tasche \u201eHobo\u201c, schwarz, Ma\u00dfe 30 x 25 x 6 cm \u2013 TZF2378\"}]},{\"@type\":\"WebSite\",\"@id\":\"https:\\\/\\\/disimi.hr\\\/#website\",\"url\":\"https:\\\/\\\/disimi.hr\\\/\",\"name\":\"DISIMI?\",\"description\":\"Hrvatski brand i jedinstveni dizajn!\",\"publisher\":{\"@id\":\"https:\\\/\\\/disimi.hr\\\/#organization\"},\"potentialAction\":[{\"@type\":\"SearchAction\",\"target\":{\"@type\":\"EntryPoint\",\"urlTemplate\":\"https:\\\/\\\/disimi.hr\\\/?s={search_term_string}\"},\"query-input\":{\"@type\":\"PropertyValueSpecification\",\"valueRequired\":true,\"valueName\":\"search_term_string\"}}],\"inLanguage\":\"de\"},{\"@type\":\"Organization\",\"@id\":\"https:\\\/\\\/disimi.hr\\\/#organization\",\"name\":\"DiSiMi?\",\"url\":\"https:\\\/\\\/disimi.hr\\\/\",\"logo\":{\"@type\":\"ImageObject\",\"inLanguage\":\"de\",\"@id\":\"https:\\\/\\\/disimi.hr\\\/#\\\/schema\\\/logo\\\/image\\\/\",\"url\":\"https:\\\/\\\/disimi.hr\\\/wp-content\\\/uploads\\\/2022\\\/02\\\/logo2.jpg\",\"contentUrl\":\"https:\\\/\\\/disimi.hr\\\/wp-content\\\/uploads\\\/2022\\\/02\\\/logo2.jpg\",\"width\":250,\"height\":79,\"caption\":\"DiSiMi?\"},\"image\":{\"@id\":\"https:\\\/\\\/disimi.hr\\\/#\\\/schema\\\/logo\\\/image\\\/\"},\"sameAs\":[\"https:\\\/\\\/www.facebook.com\\\/DISIMI.hr\\\/\",\"https:\\\/\\\/www.instagram.com\\\/disimi.hr\\\/\"]}]}<\/script>\n<!-- \/ Yoast SEO plugin. -->","yoast_head_json":{"title":"Tasche \u201eHobo\u201c, schwarz, Ma\u00dfe 30 x 25 x 6 cm \u2013 TZF2378 - DISIMI?","robots":{"index":"index","follow":"follow","max-snippet":"max-snippet:-1","max-image-preview":"max-image-preview:large","max-video-preview":"max-video-preview:-1"},"canonical":"https:\/\/disimi.hr\/de\/produkt\/torba-hobo-crna-dim-30x25x6cm-tzf2378\/","og_locale":"de_DE","og_type":"article","og_title":"Tasche \u201eHobo\u201c, schwarz, Ma\u00dfe 30 x 25 x 6 cm \u2013 TZF2378 - DISIMI?","og_description":"Eine Tasche mit interessanter Form und Textur aus flexiblem und strapazierf\u00e4higem Material.   Passt zu jedem Outfit, f\u00fcr einen entspannten Look!   Material: 100 % Polyurethan  Ma\u00dfe: 30 x 25 x 6 cm   Rei\u00dfverschluss   Innentasche mit Rei\u00dfverschluss   Mit Futter   &nbsp;","og_url":"https:\/\/disimi.hr\/de\/produkt\/torba-hobo-crna-dim-30x25x6cm-tzf2378\/","og_site_name":"DISIMI?","article_publisher":"https:\/\/www.facebook.com\/DISIMI.hr\/","article_modified_time":"2026-04-20T10:13:51+00:00","og_image":[{"width":850,"height":850,"url":"https:\/\/disimi.hr\/wp-content\/uploads\/2023\/10\/TZF2378.jpg","type":"image\/jpeg"}],"twitter_card":"summary_large_image","twitter_misc":{"Gesch\u00e4tzte Lesezeit":"2\u00a0Minute"},"schema":{"@context":"https:\/\/schema.org","@graph":[{"@type":"WebPage","@id":"https:\/\/disimi.hr\/de\/produkt\/torba-hobo-crna-dim-30x25x6cm-tzf2378\/","url":"https:\/\/disimi.hr\/de\/produkt\/torba-hobo-crna-dim-30x25x6cm-tzf2378\/","name":"Tasche \u201eHobo\u201c, schwarz, Ma\u00dfe 30 x 25 x 6 cm \u2013 TZF2378 - DISIMI?","isPartOf":{"@id":"https:\/\/disimi.hr\/#website"},"primaryImageOfPage":{"@id":"https:\/\/disimi.hr\/de\/produkt\/torba-hobo-crna-dim-30x25x6cm-tzf2378\/#primaryimage"},"image":{"@id":"https:\/\/disimi.hr\/de\/produkt\/torba-hobo-crna-dim-30x25x6cm-tzf2378\/#primaryimage"},"thumbnailUrl":"https:\/\/disimi.hr\/wp-content\/uploads\/2023\/10\/TZF2378.jpg","datePublished":"2023-10-18T09:24:55+00:00","dateModified":"2026-04-20T10:13:51+00:00","breadcrumb":{"@id":"https:\/\/disimi.hr\/de\/produkt\/torba-hobo-crna-dim-30x25x6cm-tzf2378\/#breadcrumb"},"inLanguage":"de","potentialAction":[{"@type":"ReadAction","target":["https:\/\/disimi.hr\/de\/produkt\/torba-hobo-crna-dim-30x25x6cm-tzf2378\/"]}]},{"@type":"ImageObject","inLanguage":"de","@id":"https:\/\/disimi.hr\/de\/produkt\/torba-hobo-crna-dim-30x25x6cm-tzf2378\/#primaryimage","url":"https:\/\/disimi.hr\/wp-content\/uploads\/2023\/10\/TZF2378.jpg","contentUrl":"https:\/\/disimi.hr\/wp-content\/uploads\/2023\/10\/TZF2378.jpg","width":850,"height":850},{"@type":"BreadcrumbList","@id":"https:\/\/disimi.hr\/de\/produkt\/torba-hobo-crna-dim-30x25x6cm-tzf2378\/#breadcrumb","itemListElement":[{"@type":"ListItem","position":1,"name":"Po\u010detna stranica","item":"https:\/\/disimi.hr\/de\/"},{"@type":"ListItem","position":2,"name":"Produkte","item":"https:\/\/disimi.hr\/de\/produkte\/"},{"@type":"ListItem","position":3,"name":"Tasche \u201eHobo\u201c, schwarz, Ma\u00dfe 30 x 25 x 6 cm \u2013 TZF2378"}]},{"@type":"WebSite","@id":"https:\/\/disimi.hr\/#website","url":"https:\/\/disimi.hr\/","name":"DISIMI?","description":"Hrvatski brand i jedinstveni dizajn!","publisher":{"@id":"https:\/\/disimi.hr\/#organization"},"potentialAction":[{"@type":"SearchAction","target":{"@type":"EntryPoint","urlTemplate":"https:\/\/disimi.hr\/?s={search_term_string}"},"query-input":{"@type":"PropertyValueSpecification","valueRequired":true,"valueName":"search_term_string"}}],"inLanguage":"de"},{"@type":"Organization","@id":"https:\/\/disimi.hr\/#organization","name":"DiSiMi?","url":"https:\/\/disimi.hr\/","logo":{"@type":"ImageObject","inLanguage":"de","@id":"https:\/\/disimi.hr\/#\/schema\/logo\/image\/","url":"https:\/\/disimi.hr\/wp-content\/uploads\/2022\/02\/logo2.jpg","contentUrl":"https:\/\/disimi.hr\/wp-content\/uploads\/2022\/02\/logo2.jpg","width":250,"height":79,"caption":"DiSiMi?"},"image":{"@id":"https:\/\/disimi.hr\/#\/schema\/logo\/image\/"},"sameAs":["https:\/\/www.facebook.com\/DISIMI.hr\/","https:\/\/www.instagram.com\/disimi.hr\/"]}]}},"_links":{"self":[{"href":"https:\/\/disimi.hr\/de\/wp-json\/wp\/v2\/product\/118637","targetHints":{"allow":["GET"]}}],"collection":[{"href":"https:\/\/disimi.hr\/de\/wp-json\/wp\/v2\/product"}],"about":[{"href":"https:\/\/disimi.hr\/de\/wp-json\/wp\/v2\/types\/product"}],"wp:featuredmedia":[{"embeddable":true,"href":"https:\/\/disimi.hr\/de\/wp-json\/wp\/v2\/media\/125225"}],"wp:attachment":[{"href":"https:\/\/disimi.hr\/de\/wp-json\/wp\/v2\/media?parent=118637"}],"wp:term":[{"taxonomy":"product_brand","embeddable":true,"href":"https:\/\/disimi.hr\/de\/wp-json\/wp\/v2\/product_brand?post=118637"},{"taxonomy":"product_cat","embeddable":true,"href":"https:\/\/disimi.hr\/de\/wp-json\/wp\/v2\/product_cat?post=118637"},{"taxonomy":"product_tag","embeddable":true,"href":"https:\/\/disimi.hr\/de\/wp-json\/wp\/v2\/product_tag?post=118637"}],"curies":[{"name":"wp","href":"https:\/\/api.w.org\/{rel}","templated":true}]}}