{"id":118456,"date":"2024-02-15T14:16:13","date_gmt":"2024-02-15T13:16:13","guid":{"rendered":"https:\/\/disimi.hr\/proizvod\/sesiri-do-not-disturb-szf2000\/"},"modified":"2026-04-17T13:17:39","modified_gmt":"2026-04-17T11:17:39","slug":"sesiri-do-not-disturb-szf2000","status":"publish","type":"product","link":"https:\/\/disimi.hr\/de\/produkt\/sesiri-do-not-disturb-szf2000\/","title":{"rendered":"H\u00fcte mit der Aufschrift \u201eBitte nicht st\u00f6ren\u201c \u2013 szf2000"},"content":{"rendered":"<div class=\"wpb-content-wrapper\"><p>[vc_row][vc_column][vc_column_text css=&#8221;&#8221; woodmart_inline=&#8221;no&#8221; text_larger=&#8221;yes&#8221;] <\/p>\n<p style=\"text-align: center;\"><strong class=\"naslov-product-tekst\">Muss ein Hut nur Sonnenschutz bieten oder kann er auch Blicke abschirmen oder gar Aufmerksamkeit erregen?<\/strong><\/p>\n<p style=\"text-align: center;\">M\u00f6chten Sie auffallen, anders sein?&#8230;vielleicht haben wir das richtige Accessoire f\u00fcr Sie f\u00fcr den Sommer!<\/p>\n<div class=\"product-glavni-tekst\">\n<p style=\"text-align: center;\">\u2714<strong> Modernes Design<\/strong>: Bei DiSiMi?-H\u00fcten gibt es keine Kompromisse beim Design. H\u00fcte mit einzigartigem und attraktivem Design, bequem, leicht und vor allem effektiv im Kampf gegen die starke Sonne!<\/p>\n<p style=\"text-align: center;\">\u2714<strong> Starke Botschaft<\/strong>: H\u00fcte aus der Disimi-Kollektion senden eine starke Botschaft: Ich bin eine selbstbewusste Person, die wei\u00df, was sie will, und es macht mir nichts aus, in einer Menge gleicher H\u00fcte aufzufallen.<\/p>\n<p style=\"text-align: center;\">\u2714<strong> Komfort, Design und Funktionalit\u00e4t in perfekter Harmonie<\/strong>: Neben ihrer modischen Wirkung und dem hohen Tragekomfort bieten die DiSiMi-H\u00fcte\u2026 H\u00fcte mit handgefertigtem Design sind ein echter Hingucker und ein modisches Highlight.<\/p>\n<p style=\"text-align: center;\">\u2714<strong>Zus\u00e4tzlicher Schutz<\/strong>: Der Hut mit extra breiter Krempe sch\u00fctzt nicht nur den Kopf, sondern auch Nacken und Schultern \u2013 K\u00f6rperteile, die sonst oft ungesch\u00fctzt der Sonne ausgesetzt sind.<\/p>\n<p style=\"text-align: center;\">\u2714<strong>Sie sparen Geld<\/strong>: Trotz ihrer hohen Qualit\u00e4t sind sie preisg\u00fcnstig und f\u00fcr jedes Budget geeignet.<\/p>\n<\/div>\n<p>[\/vc_column_text][vc_row_inner][vc_column_inner width=&#8221;1\/2&#8243;][vc_single_image image=&#8221;2580&#8243; img_size=&#8221;full&#8221; alignment=&#8221;center&#8221; parallax_scroll=&#8221;no&#8221; woodmart_inline=&#8221;no&#8221;][\/vc_column_inner][vc_column_inner width=&#8221;1\/2&#8243;][vc_single_image image=&#8221;7452&#8243; img_size=&#8221;full&#8221; alignment=&#8221;center&#8221; parallax_scroll=&#8221;no&#8221; woodmart_inline=&#8221;no&#8221;][\/vc_column_inner][\/vc_row_inner][vc_row_inner][vc_column_inner][vc_column_text css=&#8221;&#8221; woodmart_inline=&#8221;no&#8221; text_larger=&#8221;no&#8221;] <\/p>\n<div>\n<p style=\"text-align: center;\">Wir sind fest davon \u00fcberzeugt, dass unsere H\u00fcte von h\u00f6chster Qualit\u00e4t und bestem Design sind. Wir glauben so sehr an unser Produkt, dass wir sicher sind, dass es Sie begeistern wird. Wenn DiSiMi? Sollten die H\u00fcte nicht Ihren Erwartungen entsprechen, k\u00f6nnen Sie sie jederzeit zur\u00fcckgeben und erhalten innerhalb der ersten 30 Tage eine vollst\u00e4ndige R\u00fcckerstattung.<\/p>\n<\/div>\n<p>[\/vc_column_text][\/vc_column_inner][\/vc_row_inner][\/vc_column][\/vc_row]<\/p>\n<\/div>","protected":false},"excerpt":{"rendered":"<p>Im Sommer bietet der Hut zuverl\u00e4ssigen Sonnenschutz und ist somit nicht nur ein modisches Accessoire, sondern auch ein unverzichtbarer Begleiter an sonnigen Tagen. Die breite Krempe sch\u00fctzt nicht nur den Kopf, sondern auch Nacken und Schultern, die in der prallen Sonne besonders sonnenbrandgef\u00e4hrdet sind. Die beige Farbe reflektiert die Sonne nicht zus\u00e4tzlich, und das interessante, handgefertigte Design ist ein echter Hingucker. Der Hut ist leicht und passt daher perfekt zu allen luftigen Sommeroutfits. Ein unverzichtbares Sommeraccessoire. Handgefertigte Verzierung. Krempenbreite: 15 cm!<\/p>\n","protected":false},"featured_media":125784,"template":"","meta":[],"product_brand":[],"product_cat":[240,239],"product_tag":[],"class_list":{"0":"post-118456","1":"product","2":"type-product","3":"status-publish","4":"has-post-thumbnail","6":"product_cat-damen-herren","7":"product_cat-hute-mutzen","9":"first","10":"instock","11":"taxable","12":"shipping-taxable","13":"purchasable","14":"product-type-simple"},"yoast_head":"<!-- This site is optimized with the Yoast SEO plugin v27.5 - https:\/\/yoast.com\/product\/yoast-seo-wordpress\/ -->\n<title>H\u00fcte mit der Aufschrift \u201eBitte nicht st\u00f6ren\u201c \u2013 szf2000 - DISIMI?<\/title>\n<meta name=\"robots\" content=\"index, follow, max-snippet:-1, max-image-preview:large, max-video-preview:-1\" \/>\n<link rel=\"canonical\" href=\"https:\/\/disimi.hr\/de\/produkt\/sesiri-do-not-disturb-szf2000\/\" \/>\n<meta property=\"og:locale\" content=\"de_DE\" \/>\n<meta property=\"og:type\" content=\"article\" \/>\n<meta property=\"og:title\" content=\"H\u00fcte mit der Aufschrift \u201eBitte nicht st\u00f6ren\u201c \u2013 szf2000 - DISIMI?\" \/>\n<meta property=\"og:description\" content=\"Im Sommer bietet der Hut zuverl\u00e4ssigen Sonnenschutz und ist somit nicht nur ein modisches Accessoire, sondern auch ein unverzichtbarer Begleiter an sonnigen Tagen. Die breite Krempe sch\u00fctzt nicht nur den Kopf, sondern auch Nacken und Schultern, die in der prallen Sonne besonders sonnenbrandgef\u00e4hrdet sind. Die beige Farbe reflektiert die Sonne nicht zus\u00e4tzlich, und das interessante, handgefertigte Design ist ein echter Hingucker. Der Hut ist leicht und passt daher perfekt zu allen luftigen Sommeroutfits. Ein unverzichtbares Sommeraccessoire. Handgefertigte Verzierung. Krempenbreite: 15 cm!\" \/>\n<meta property=\"og:url\" content=\"https:\/\/disimi.hr\/de\/produkt\/sesiri-do-not-disturb-szf2000\/\" \/>\n<meta property=\"og:site_name\" content=\"DISIMI?\" \/>\n<meta property=\"article:publisher\" content=\"https:\/\/www.facebook.com\/DISIMI.hr\/\" \/>\n<meta property=\"article:modified_time\" content=\"2026-04-17T11:17:39+00:00\" \/>\n<meta property=\"og:image\" content=\"https:\/\/disimi.hr\/wp-content\/uploads\/2024\/02\/szf2000-w.jpg\" \/>\n\t<meta property=\"og:image:width\" content=\"800\" \/>\n\t<meta property=\"og:image:height\" content=\"800\" \/>\n\t<meta property=\"og:image:type\" content=\"image\/jpeg\" \/>\n<meta name=\"twitter:card\" content=\"summary_large_image\" \/>\n<meta name=\"twitter:label1\" content=\"Gesch\u00e4tzte Lesezeit\" \/>\n\t<meta name=\"twitter:data1\" content=\"2\u00a0Minute\" \/>\n<script type=\"application\/ld+json\" class=\"yoast-schema-graph\">{\"@context\":\"https:\\\/\\\/schema.org\",\"@graph\":[{\"@type\":\"WebPage\",\"@id\":\"https:\\\/\\\/disimi.hr\\\/de\\\/produkt\\\/sesiri-do-not-disturb-szf2000\\\/\",\"url\":\"https:\\\/\\\/disimi.hr\\\/de\\\/produkt\\\/sesiri-do-not-disturb-szf2000\\\/\",\"name\":\"H\u00fcte mit der Aufschrift \u201eBitte nicht st\u00f6ren\u201c \u2013 szf2000 - DISIMI?\",\"isPartOf\":{\"@id\":\"https:\\\/\\\/disimi.hr\\\/#website\"},\"primaryImageOfPage\":{\"@id\":\"https:\\\/\\\/disimi.hr\\\/de\\\/produkt\\\/sesiri-do-not-disturb-szf2000\\\/#primaryimage\"},\"image\":{\"@id\":\"https:\\\/\\\/disimi.hr\\\/de\\\/produkt\\\/sesiri-do-not-disturb-szf2000\\\/#primaryimage\"},\"thumbnailUrl\":\"https:\\\/\\\/disimi.hr\\\/wp-content\\\/uploads\\\/2024\\\/02\\\/szf2000-w.jpg\",\"datePublished\":\"2024-02-15T13:16:13+00:00\",\"dateModified\":\"2026-04-17T11:17:39+00:00\",\"breadcrumb\":{\"@id\":\"https:\\\/\\\/disimi.hr\\\/de\\\/produkt\\\/sesiri-do-not-disturb-szf2000\\\/#breadcrumb\"},\"inLanguage\":\"de\",\"potentialAction\":[{\"@type\":\"ReadAction\",\"target\":[\"https:\\\/\\\/disimi.hr\\\/de\\\/produkt\\\/sesiri-do-not-disturb-szf2000\\\/\"]}]},{\"@type\":\"ImageObject\",\"inLanguage\":\"de\",\"@id\":\"https:\\\/\\\/disimi.hr\\\/de\\\/produkt\\\/sesiri-do-not-disturb-szf2000\\\/#primaryimage\",\"url\":\"https:\\\/\\\/disimi.hr\\\/wp-content\\\/uploads\\\/2024\\\/02\\\/szf2000-w.jpg\",\"contentUrl\":\"https:\\\/\\\/disimi.hr\\\/wp-content\\\/uploads\\\/2024\\\/02\\\/szf2000-w.jpg\",\"width\":800,\"height\":800},{\"@type\":\"BreadcrumbList\",\"@id\":\"https:\\\/\\\/disimi.hr\\\/de\\\/produkt\\\/sesiri-do-not-disturb-szf2000\\\/#breadcrumb\",\"itemListElement\":[{\"@type\":\"ListItem\",\"position\":1,\"name\":\"Po\u010detna stranica\",\"item\":\"https:\\\/\\\/disimi.hr\\\/de\\\/\"},{\"@type\":\"ListItem\",\"position\":2,\"name\":\"Produkte\",\"item\":\"https:\\\/\\\/disimi.hr\\\/de\\\/produkte\\\/\"},{\"@type\":\"ListItem\",\"position\":3,\"name\":\"H\u00fcte mit der Aufschrift \u201eBitte nicht st\u00f6ren\u201c \u2013 szf2000\"}]},{\"@type\":\"WebSite\",\"@id\":\"https:\\\/\\\/disimi.hr\\\/#website\",\"url\":\"https:\\\/\\\/disimi.hr\\\/\",\"name\":\"DISIMI?\",\"description\":\"Hrvatski brand i jedinstveni dizajn!\",\"publisher\":{\"@id\":\"https:\\\/\\\/disimi.hr\\\/#organization\"},\"potentialAction\":[{\"@type\":\"SearchAction\",\"target\":{\"@type\":\"EntryPoint\",\"urlTemplate\":\"https:\\\/\\\/disimi.hr\\\/?s={search_term_string}\"},\"query-input\":{\"@type\":\"PropertyValueSpecification\",\"valueRequired\":true,\"valueName\":\"search_term_string\"}}],\"inLanguage\":\"de\"},{\"@type\":\"Organization\",\"@id\":\"https:\\\/\\\/disimi.hr\\\/#organization\",\"name\":\"DiSiMi?\",\"url\":\"https:\\\/\\\/disimi.hr\\\/\",\"logo\":{\"@type\":\"ImageObject\",\"inLanguage\":\"de\",\"@id\":\"https:\\\/\\\/disimi.hr\\\/#\\\/schema\\\/logo\\\/image\\\/\",\"url\":\"https:\\\/\\\/disimi.hr\\\/wp-content\\\/uploads\\\/2022\\\/02\\\/logo2.jpg\",\"contentUrl\":\"https:\\\/\\\/disimi.hr\\\/wp-content\\\/uploads\\\/2022\\\/02\\\/logo2.jpg\",\"width\":250,\"height\":79,\"caption\":\"DiSiMi?\"},\"image\":{\"@id\":\"https:\\\/\\\/disimi.hr\\\/#\\\/schema\\\/logo\\\/image\\\/\"},\"sameAs\":[\"https:\\\/\\\/www.facebook.com\\\/DISIMI.hr\\\/\",\"https:\\\/\\\/www.instagram.com\\\/disimi.hr\\\/\"]}]}<\/script>\n<!-- \/ Yoast SEO plugin. -->","yoast_head_json":{"title":"H\u00fcte mit der Aufschrift \u201eBitte nicht st\u00f6ren\u201c \u2013 szf2000 - DISIMI?","robots":{"index":"index","follow":"follow","max-snippet":"max-snippet:-1","max-image-preview":"max-image-preview:large","max-video-preview":"max-video-preview:-1"},"canonical":"https:\/\/disimi.hr\/de\/produkt\/sesiri-do-not-disturb-szf2000\/","og_locale":"de_DE","og_type":"article","og_title":"H\u00fcte mit der Aufschrift \u201eBitte nicht st\u00f6ren\u201c \u2013 szf2000 - DISIMI?","og_description":"Im Sommer bietet der Hut zuverl\u00e4ssigen Sonnenschutz und ist somit nicht nur ein modisches Accessoire, sondern auch ein unverzichtbarer Begleiter an sonnigen Tagen. Die breite Krempe sch\u00fctzt nicht nur den Kopf, sondern auch Nacken und Schultern, die in der prallen Sonne besonders sonnenbrandgef\u00e4hrdet sind. Die beige Farbe reflektiert die Sonne nicht zus\u00e4tzlich, und das interessante, handgefertigte Design ist ein echter Hingucker. Der Hut ist leicht und passt daher perfekt zu allen luftigen Sommeroutfits. Ein unverzichtbares Sommeraccessoire. Handgefertigte Verzierung. Krempenbreite: 15 cm!","og_url":"https:\/\/disimi.hr\/de\/produkt\/sesiri-do-not-disturb-szf2000\/","og_site_name":"DISIMI?","article_publisher":"https:\/\/www.facebook.com\/DISIMI.hr\/","article_modified_time":"2026-04-17T11:17:39+00:00","og_image":[{"width":800,"height":800,"url":"https:\/\/disimi.hr\/wp-content\/uploads\/2024\/02\/szf2000-w.jpg","type":"image\/jpeg"}],"twitter_card":"summary_large_image","twitter_misc":{"Gesch\u00e4tzte Lesezeit":"2\u00a0Minute"},"schema":{"@context":"https:\/\/schema.org","@graph":[{"@type":"WebPage","@id":"https:\/\/disimi.hr\/de\/produkt\/sesiri-do-not-disturb-szf2000\/","url":"https:\/\/disimi.hr\/de\/produkt\/sesiri-do-not-disturb-szf2000\/","name":"H\u00fcte mit der Aufschrift \u201eBitte nicht st\u00f6ren\u201c \u2013 szf2000 - DISIMI?","isPartOf":{"@id":"https:\/\/disimi.hr\/#website"},"primaryImageOfPage":{"@id":"https:\/\/disimi.hr\/de\/produkt\/sesiri-do-not-disturb-szf2000\/#primaryimage"},"image":{"@id":"https:\/\/disimi.hr\/de\/produkt\/sesiri-do-not-disturb-szf2000\/#primaryimage"},"thumbnailUrl":"https:\/\/disimi.hr\/wp-content\/uploads\/2024\/02\/szf2000-w.jpg","datePublished":"2024-02-15T13:16:13+00:00","dateModified":"2026-04-17T11:17:39+00:00","breadcrumb":{"@id":"https:\/\/disimi.hr\/de\/produkt\/sesiri-do-not-disturb-szf2000\/#breadcrumb"},"inLanguage":"de","potentialAction":[{"@type":"ReadAction","target":["https:\/\/disimi.hr\/de\/produkt\/sesiri-do-not-disturb-szf2000\/"]}]},{"@type":"ImageObject","inLanguage":"de","@id":"https:\/\/disimi.hr\/de\/produkt\/sesiri-do-not-disturb-szf2000\/#primaryimage","url":"https:\/\/disimi.hr\/wp-content\/uploads\/2024\/02\/szf2000-w.jpg","contentUrl":"https:\/\/disimi.hr\/wp-content\/uploads\/2024\/02\/szf2000-w.jpg","width":800,"height":800},{"@type":"BreadcrumbList","@id":"https:\/\/disimi.hr\/de\/produkt\/sesiri-do-not-disturb-szf2000\/#breadcrumb","itemListElement":[{"@type":"ListItem","position":1,"name":"Po\u010detna stranica","item":"https:\/\/disimi.hr\/de\/"},{"@type":"ListItem","position":2,"name":"Produkte","item":"https:\/\/disimi.hr\/de\/produkte\/"},{"@type":"ListItem","position":3,"name":"H\u00fcte mit der Aufschrift \u201eBitte nicht st\u00f6ren\u201c \u2013 szf2000"}]},{"@type":"WebSite","@id":"https:\/\/disimi.hr\/#website","url":"https:\/\/disimi.hr\/","name":"DISIMI?","description":"Hrvatski brand i jedinstveni dizajn!","publisher":{"@id":"https:\/\/disimi.hr\/#organization"},"potentialAction":[{"@type":"SearchAction","target":{"@type":"EntryPoint","urlTemplate":"https:\/\/disimi.hr\/?s={search_term_string}"},"query-input":{"@type":"PropertyValueSpecification","valueRequired":true,"valueName":"search_term_string"}}],"inLanguage":"de"},{"@type":"Organization","@id":"https:\/\/disimi.hr\/#organization","name":"DiSiMi?","url":"https:\/\/disimi.hr\/","logo":{"@type":"ImageObject","inLanguage":"de","@id":"https:\/\/disimi.hr\/#\/schema\/logo\/image\/","url":"https:\/\/disimi.hr\/wp-content\/uploads\/2022\/02\/logo2.jpg","contentUrl":"https:\/\/disimi.hr\/wp-content\/uploads\/2022\/02\/logo2.jpg","width":250,"height":79,"caption":"DiSiMi?"},"image":{"@id":"https:\/\/disimi.hr\/#\/schema\/logo\/image\/"},"sameAs":["https:\/\/www.facebook.com\/DISIMI.hr\/","https:\/\/www.instagram.com\/disimi.hr\/"]}]}},"_links":{"self":[{"href":"https:\/\/disimi.hr\/de\/wp-json\/wp\/v2\/product\/118456","targetHints":{"allow":["GET"]}}],"collection":[{"href":"https:\/\/disimi.hr\/de\/wp-json\/wp\/v2\/product"}],"about":[{"href":"https:\/\/disimi.hr\/de\/wp-json\/wp\/v2\/types\/product"}],"wp:featuredmedia":[{"embeddable":true,"href":"https:\/\/disimi.hr\/de\/wp-json\/wp\/v2\/media\/125784"}],"wp:attachment":[{"href":"https:\/\/disimi.hr\/de\/wp-json\/wp\/v2\/media?parent=118456"}],"wp:term":[{"taxonomy":"product_brand","embeddable":true,"href":"https:\/\/disimi.hr\/de\/wp-json\/wp\/v2\/product_brand?post=118456"},{"taxonomy":"product_cat","embeddable":true,"href":"https:\/\/disimi.hr\/de\/wp-json\/wp\/v2\/product_cat?post=118456"},{"taxonomy":"product_tag","embeddable":true,"href":"https:\/\/disimi.hr\/de\/wp-json\/wp\/v2\/product_tag?post=118456"}],"curies":[{"name":"wp","href":"https:\/\/api.w.org\/{rel}","templated":true}]}}