{"id":118450,"date":"2024-02-19T10:05:50","date_gmt":"2024-02-19T09:05:50","guid":{"rendered":"https:\/\/disimi.hr\/proizvod\/sesir-zenski-ka-i-uvik-gledam-more-2-sort-bijeli-bez-szf2400\/"},"modified":"2026-05-06T10:30:56","modified_gmt":"2026-05-06T08:30:56","slug":"sesir-zenski-ka-i-uvik-gledam-more-2-sort-bijeli-bez-szf2400","status":"publish","type":"product","link":"https:\/\/disimi.hr\/de\/produkt\/sesir-zenski-ka-i-uvik-gledam-more-2-sort-bijeli-bez-szf2400\/","title":{"rendered":"Damenhut \u201eWo ich immer aufs Meer schaue\u201c, 2 Varianten. Wei\u00df, Beige \u2013 Gr\u00f6\u00dfe szf2400"},"content":{"rendered":"<div class=\"wpb-content-wrapper\"><p>[vc_row][vc_column][vc_column_text woodmart_inline=&#8221;no&#8221; text_larger=&#8221;yes&#8221;] <\/p>\n<div class=\"product-glavni-tekst\">\n<p style=\"text-align: center;\">\u2714<strong> Sie sparen Geld<\/strong>: Trotz hoher Qualit\u00e4t ist ihr Preis f\u00fcr jedes Budget erschwinglich.<\/p>\n<\/div>\n<p>[\/vc_column_text][vc_row_inner][vc_column_inner width=&#8221;1\/2&#8243;][vc_single_image image=&#8221;2580&#8243; img_size=&#8221;full&#8221; alignment=&#8221;center&#8221; parallax_scroll=&#8221;no&#8221; woodmart_inline=&#8221;no&#8221;][\/vc_column_inner][vc_column_inner width=&#8221;1\/2&#8243;][vc_single_image image=&#8221;7452&#8243; img_size=&#8221;full&#8221; alignment=&#8221;center&#8221; parallax_scroll=&#8221;no&#8221; woodmart_inline=&#8221;no&#8221;][\/vc_column_inner][\/vc_row_inner][vc_row_inner][vc_column_inner][vc_column_text woodmart_inline=&#8221;no&#8221; text_larger=&#8221;no&#8221;] <\/p>\n<p style=\"text-align: center;\"><strong class=\"product-podnaslov-2\">Sommer und Sonne sind unsere neuen Begleiter auf der Reise durch die Sommersaison!<\/strong><\/p>\n<div>\n<p style=\"text-align: center;\">Wir sind fest davon \u00fcberzeugt, dass unsere H\u00fcte von h\u00f6chster Qualit\u00e4t und erstklassigem Design sind. Wir glauben so sehr an unser Produkt, dass wir sicher sind, dass es Sie begeistern wird. Wenn DiSiMi? Sollten die H\u00fcte nicht Ihren Erwartungen entsprechen, k\u00f6nnen Sie sie jederzeit zur\u00fcckgeben und erhalten innerhalb der ersten 30 Tage eine vollst\u00e4ndige R\u00fcckerstattung.<\/p>\n<\/div>\n<p>[\/vc_column_text][\/vc_column_inner][\/vc_row_inner][\/vc_column][\/vc_row]<\/p>\n<\/div>","protected":false},"excerpt":{"rendered":"<p>Im Sommer dient der Hut auch als zuverl\u00e4ssiger Sonnenschutz und ist somit nicht nur modisch, sondern an sonnigen Sommertagen ein unverzichtbares Accessoire. Ein leichter, luftiger Hut in Wei\u00df oder Beige, der keine zus\u00e4tzliche Sonneneinstrahlung reflektiert. Krempenbreite: 12 cm.<\/p>\n","protected":false},"featured_media":132208,"template":"","meta":[],"product_brand":[],"product_cat":[240,239],"product_tag":[],"class_list":{"0":"post-118450","1":"product","2":"type-product","3":"status-publish","4":"has-post-thumbnail","6":"product_cat-damen-herren","7":"product_cat-hute-mutzen","9":"first","10":"instock","11":"featured","12":"taxable","13":"shipping-taxable","14":"purchasable","15":"product-type-variable"},"yoast_head":"<!-- This site is optimized with the Yoast SEO plugin v27.5 - https:\/\/yoast.com\/product\/yoast-seo-wordpress\/ -->\n<title>Damenhut \u201eWo ich immer aufs Meer schaue\u201c, 2 Varianten. Wei\u00df, Beige \u2013 Gr\u00f6\u00dfe szf2400 - DISIMI?<\/title>\n<meta name=\"robots\" content=\"index, follow, max-snippet:-1, max-image-preview:large, max-video-preview:-1\" \/>\n<link rel=\"canonical\" href=\"https:\/\/disimi.hr\/de\/produkt\/sesir-zenski-ka-i-uvik-gledam-more-2-sort-bijeli-bez-szf2400\/\" \/>\n<meta property=\"og:locale\" content=\"de_DE\" \/>\n<meta property=\"og:type\" content=\"article\" \/>\n<meta property=\"og:title\" content=\"Damenhut \u201eWo ich immer aufs Meer schaue\u201c, 2 Varianten. Wei\u00df, Beige \u2013 Gr\u00f6\u00dfe szf2400 - DISIMI?\" \/>\n<meta property=\"og:description\" content=\"Im Sommer dient der Hut auch als zuverl\u00e4ssiger Sonnenschutz und ist somit nicht nur modisch, sondern an sonnigen Sommertagen ein unverzichtbares Accessoire. Ein leichter, luftiger Hut in Wei\u00df oder Beige, der keine zus\u00e4tzliche Sonneneinstrahlung reflektiert. Krempenbreite: 12 cm.\" \/>\n<meta property=\"og:url\" content=\"https:\/\/disimi.hr\/de\/produkt\/sesir-zenski-ka-i-uvik-gledam-more-2-sort-bijeli-bez-szf2400\/\" \/>\n<meta property=\"og:site_name\" content=\"DISIMI?\" \/>\n<meta property=\"article:publisher\" content=\"https:\/\/www.facebook.com\/DISIMI.hr\/\" \/>\n<meta property=\"article:modified_time\" content=\"2026-05-06T08:30:56+00:00\" \/>\n<meta property=\"og:image\" content=\"https:\/\/disimi.hr\/wp-content\/uploads\/2024\/02\/szf2400-bez-w.jpg\" \/>\n\t<meta property=\"og:image:width\" content=\"800\" \/>\n\t<meta property=\"og:image:height\" content=\"800\" \/>\n\t<meta property=\"og:image:type\" content=\"image\/jpeg\" \/>\n<meta name=\"twitter:card\" content=\"summary_large_image\" \/>\n<meta name=\"twitter:label1\" content=\"Gesch\u00e4tzte Lesezeit\" \/>\n\t<meta name=\"twitter:data1\" content=\"1\u00a0Minute\" \/>\n<script type=\"application\/ld+json\" class=\"yoast-schema-graph\">{\"@context\":\"https:\\\/\\\/schema.org\",\"@graph\":[{\"@type\":\"WebPage\",\"@id\":\"https:\\\/\\\/disimi.hr\\\/de\\\/produkt\\\/sesir-zenski-ka-i-uvik-gledam-more-2-sort-bijeli-bez-szf2400\\\/\",\"url\":\"https:\\\/\\\/disimi.hr\\\/de\\\/produkt\\\/sesir-zenski-ka-i-uvik-gledam-more-2-sort-bijeli-bez-szf2400\\\/\",\"name\":\"Damenhut \u201eWo ich immer aufs Meer schaue\u201c, 2 Varianten. Wei\u00df, Beige \u2013 Gr\u00f6\u00dfe szf2400 - DISIMI?\",\"isPartOf\":{\"@id\":\"https:\\\/\\\/disimi.hr\\\/#website\"},\"primaryImageOfPage\":{\"@id\":\"https:\\\/\\\/disimi.hr\\\/de\\\/produkt\\\/sesir-zenski-ka-i-uvik-gledam-more-2-sort-bijeli-bez-szf2400\\\/#primaryimage\"},\"image\":{\"@id\":\"https:\\\/\\\/disimi.hr\\\/de\\\/produkt\\\/sesir-zenski-ka-i-uvik-gledam-more-2-sort-bijeli-bez-szf2400\\\/#primaryimage\"},\"thumbnailUrl\":\"https:\\\/\\\/disimi.hr\\\/wp-content\\\/uploads\\\/2024\\\/02\\\/szf2400-bez-w.jpg\",\"datePublished\":\"2024-02-19T09:05:50+00:00\",\"dateModified\":\"2026-05-06T08:30:56+00:00\",\"breadcrumb\":{\"@id\":\"https:\\\/\\\/disimi.hr\\\/de\\\/produkt\\\/sesir-zenski-ka-i-uvik-gledam-more-2-sort-bijeli-bez-szf2400\\\/#breadcrumb\"},\"inLanguage\":\"de\",\"potentialAction\":[{\"@type\":\"ReadAction\",\"target\":[\"https:\\\/\\\/disimi.hr\\\/de\\\/produkt\\\/sesir-zenski-ka-i-uvik-gledam-more-2-sort-bijeli-bez-szf2400\\\/\"]}]},{\"@type\":\"ImageObject\",\"inLanguage\":\"de\",\"@id\":\"https:\\\/\\\/disimi.hr\\\/de\\\/produkt\\\/sesir-zenski-ka-i-uvik-gledam-more-2-sort-bijeli-bez-szf2400\\\/#primaryimage\",\"url\":\"https:\\\/\\\/disimi.hr\\\/wp-content\\\/uploads\\\/2024\\\/02\\\/szf2400-bez-w.jpg\",\"contentUrl\":\"https:\\\/\\\/disimi.hr\\\/wp-content\\\/uploads\\\/2024\\\/02\\\/szf2400-bez-w.jpg\",\"width\":800,\"height\":800},{\"@type\":\"BreadcrumbList\",\"@id\":\"https:\\\/\\\/disimi.hr\\\/de\\\/produkt\\\/sesir-zenski-ka-i-uvik-gledam-more-2-sort-bijeli-bez-szf2400\\\/#breadcrumb\",\"itemListElement\":[{\"@type\":\"ListItem\",\"position\":1,\"name\":\"Po\u010detna stranica\",\"item\":\"https:\\\/\\\/disimi.hr\\\/de\\\/\"},{\"@type\":\"ListItem\",\"position\":2,\"name\":\"Produkte\",\"item\":\"https:\\\/\\\/disimi.hr\\\/de\\\/produkte\\\/\"},{\"@type\":\"ListItem\",\"position\":3,\"name\":\"Damenhut \u201eWo ich immer aufs Meer schaue\u201c, 2 Varianten. Wei\u00df, Beige \u2013 Gr\u00f6\u00dfe szf2400\"}]},{\"@type\":\"WebSite\",\"@id\":\"https:\\\/\\\/disimi.hr\\\/#website\",\"url\":\"https:\\\/\\\/disimi.hr\\\/\",\"name\":\"DISIMI?\",\"description\":\"Hrvatski brand i jedinstveni dizajn!\",\"publisher\":{\"@id\":\"https:\\\/\\\/disimi.hr\\\/#organization\"},\"potentialAction\":[{\"@type\":\"SearchAction\",\"target\":{\"@type\":\"EntryPoint\",\"urlTemplate\":\"https:\\\/\\\/disimi.hr\\\/?s={search_term_string}\"},\"query-input\":{\"@type\":\"PropertyValueSpecification\",\"valueRequired\":true,\"valueName\":\"search_term_string\"}}],\"inLanguage\":\"de\"},{\"@type\":\"Organization\",\"@id\":\"https:\\\/\\\/disimi.hr\\\/#organization\",\"name\":\"DiSiMi?\",\"url\":\"https:\\\/\\\/disimi.hr\\\/\",\"logo\":{\"@type\":\"ImageObject\",\"inLanguage\":\"de\",\"@id\":\"https:\\\/\\\/disimi.hr\\\/#\\\/schema\\\/logo\\\/image\\\/\",\"url\":\"https:\\\/\\\/disimi.hr\\\/wp-content\\\/uploads\\\/2022\\\/02\\\/logo2.jpg\",\"contentUrl\":\"https:\\\/\\\/disimi.hr\\\/wp-content\\\/uploads\\\/2022\\\/02\\\/logo2.jpg\",\"width\":250,\"height\":79,\"caption\":\"DiSiMi?\"},\"image\":{\"@id\":\"https:\\\/\\\/disimi.hr\\\/#\\\/schema\\\/logo\\\/image\\\/\"},\"sameAs\":[\"https:\\\/\\\/www.facebook.com\\\/DISIMI.hr\\\/\",\"https:\\\/\\\/www.instagram.com\\\/disimi.hr\\\/\"]}]}<\/script>\n<!-- \/ Yoast SEO plugin. -->","yoast_head_json":{"title":"Damenhut \u201eWo ich immer aufs Meer schaue\u201c, 2 Varianten. Wei\u00df, Beige \u2013 Gr\u00f6\u00dfe szf2400 - DISIMI?","robots":{"index":"index","follow":"follow","max-snippet":"max-snippet:-1","max-image-preview":"max-image-preview:large","max-video-preview":"max-video-preview:-1"},"canonical":"https:\/\/disimi.hr\/de\/produkt\/sesir-zenski-ka-i-uvik-gledam-more-2-sort-bijeli-bez-szf2400\/","og_locale":"de_DE","og_type":"article","og_title":"Damenhut \u201eWo ich immer aufs Meer schaue\u201c, 2 Varianten. Wei\u00df, Beige \u2013 Gr\u00f6\u00dfe szf2400 - DISIMI?","og_description":"Im Sommer dient der Hut auch als zuverl\u00e4ssiger Sonnenschutz und ist somit nicht nur modisch, sondern an sonnigen Sommertagen ein unverzichtbares Accessoire. Ein leichter, luftiger Hut in Wei\u00df oder Beige, der keine zus\u00e4tzliche Sonneneinstrahlung reflektiert. Krempenbreite: 12 cm.","og_url":"https:\/\/disimi.hr\/de\/produkt\/sesir-zenski-ka-i-uvik-gledam-more-2-sort-bijeli-bez-szf2400\/","og_site_name":"DISIMI?","article_publisher":"https:\/\/www.facebook.com\/DISIMI.hr\/","article_modified_time":"2026-05-06T08:30:56+00:00","og_image":[{"width":800,"height":800,"url":"https:\/\/disimi.hr\/wp-content\/uploads\/2024\/02\/szf2400-bez-w.jpg","type":"image\/jpeg"}],"twitter_card":"summary_large_image","twitter_misc":{"Gesch\u00e4tzte Lesezeit":"1\u00a0Minute"},"schema":{"@context":"https:\/\/schema.org","@graph":[{"@type":"WebPage","@id":"https:\/\/disimi.hr\/de\/produkt\/sesir-zenski-ka-i-uvik-gledam-more-2-sort-bijeli-bez-szf2400\/","url":"https:\/\/disimi.hr\/de\/produkt\/sesir-zenski-ka-i-uvik-gledam-more-2-sort-bijeli-bez-szf2400\/","name":"Damenhut \u201eWo ich immer aufs Meer schaue\u201c, 2 Varianten. Wei\u00df, Beige \u2013 Gr\u00f6\u00dfe szf2400 - DISIMI?","isPartOf":{"@id":"https:\/\/disimi.hr\/#website"},"primaryImageOfPage":{"@id":"https:\/\/disimi.hr\/de\/produkt\/sesir-zenski-ka-i-uvik-gledam-more-2-sort-bijeli-bez-szf2400\/#primaryimage"},"image":{"@id":"https:\/\/disimi.hr\/de\/produkt\/sesir-zenski-ka-i-uvik-gledam-more-2-sort-bijeli-bez-szf2400\/#primaryimage"},"thumbnailUrl":"https:\/\/disimi.hr\/wp-content\/uploads\/2024\/02\/szf2400-bez-w.jpg","datePublished":"2024-02-19T09:05:50+00:00","dateModified":"2026-05-06T08:30:56+00:00","breadcrumb":{"@id":"https:\/\/disimi.hr\/de\/produkt\/sesir-zenski-ka-i-uvik-gledam-more-2-sort-bijeli-bez-szf2400\/#breadcrumb"},"inLanguage":"de","potentialAction":[{"@type":"ReadAction","target":["https:\/\/disimi.hr\/de\/produkt\/sesir-zenski-ka-i-uvik-gledam-more-2-sort-bijeli-bez-szf2400\/"]}]},{"@type":"ImageObject","inLanguage":"de","@id":"https:\/\/disimi.hr\/de\/produkt\/sesir-zenski-ka-i-uvik-gledam-more-2-sort-bijeli-bez-szf2400\/#primaryimage","url":"https:\/\/disimi.hr\/wp-content\/uploads\/2024\/02\/szf2400-bez-w.jpg","contentUrl":"https:\/\/disimi.hr\/wp-content\/uploads\/2024\/02\/szf2400-bez-w.jpg","width":800,"height":800},{"@type":"BreadcrumbList","@id":"https:\/\/disimi.hr\/de\/produkt\/sesir-zenski-ka-i-uvik-gledam-more-2-sort-bijeli-bez-szf2400\/#breadcrumb","itemListElement":[{"@type":"ListItem","position":1,"name":"Po\u010detna stranica","item":"https:\/\/disimi.hr\/de\/"},{"@type":"ListItem","position":2,"name":"Produkte","item":"https:\/\/disimi.hr\/de\/produkte\/"},{"@type":"ListItem","position":3,"name":"Damenhut \u201eWo ich immer aufs Meer schaue\u201c, 2 Varianten. Wei\u00df, Beige \u2013 Gr\u00f6\u00dfe szf2400"}]},{"@type":"WebSite","@id":"https:\/\/disimi.hr\/#website","url":"https:\/\/disimi.hr\/","name":"DISIMI?","description":"Hrvatski brand i jedinstveni dizajn!","publisher":{"@id":"https:\/\/disimi.hr\/#organization"},"potentialAction":[{"@type":"SearchAction","target":{"@type":"EntryPoint","urlTemplate":"https:\/\/disimi.hr\/?s={search_term_string}"},"query-input":{"@type":"PropertyValueSpecification","valueRequired":true,"valueName":"search_term_string"}}],"inLanguage":"de"},{"@type":"Organization","@id":"https:\/\/disimi.hr\/#organization","name":"DiSiMi?","url":"https:\/\/disimi.hr\/","logo":{"@type":"ImageObject","inLanguage":"de","@id":"https:\/\/disimi.hr\/#\/schema\/logo\/image\/","url":"https:\/\/disimi.hr\/wp-content\/uploads\/2022\/02\/logo2.jpg","contentUrl":"https:\/\/disimi.hr\/wp-content\/uploads\/2022\/02\/logo2.jpg","width":250,"height":79,"caption":"DiSiMi?"},"image":{"@id":"https:\/\/disimi.hr\/#\/schema\/logo\/image\/"},"sameAs":["https:\/\/www.facebook.com\/DISIMI.hr\/","https:\/\/www.instagram.com\/disimi.hr\/"]}]}},"_links":{"self":[{"href":"https:\/\/disimi.hr\/de\/wp-json\/wp\/v2\/product\/118450","targetHints":{"allow":["GET"]}}],"collection":[{"href":"https:\/\/disimi.hr\/de\/wp-json\/wp\/v2\/product"}],"about":[{"href":"https:\/\/disimi.hr\/de\/wp-json\/wp\/v2\/types\/product"}],"wp:featuredmedia":[{"embeddable":true,"href":"https:\/\/disimi.hr\/de\/wp-json\/wp\/v2\/media\/132208"}],"wp:attachment":[{"href":"https:\/\/disimi.hr\/de\/wp-json\/wp\/v2\/media?parent=118450"}],"wp:term":[{"taxonomy":"product_brand","embeddable":true,"href":"https:\/\/disimi.hr\/de\/wp-json\/wp\/v2\/product_brand?post=118450"},{"taxonomy":"product_cat","embeddable":true,"href":"https:\/\/disimi.hr\/de\/wp-json\/wp\/v2\/product_cat?post=118450"},{"taxonomy":"product_tag","embeddable":true,"href":"https:\/\/disimi.hr\/de\/wp-json\/wp\/v2\/product_tag?post=118450"}],"curies":[{"name":"wp","href":"https:\/\/api.w.org\/{rel}","templated":true}]}}