{"id":118263,"date":"2024-03-22T11:53:25","date_gmt":"2024-03-22T10:53:25","guid":{"rendered":"https:\/\/disimi.hr\/proizvod\/rucnik-za-plazu-red-retro-rlk2400\/"},"modified":"2026-01-31T23:11:27","modified_gmt":"2026-01-31T22:11:27","slug":"rucnik-za-plazu-red-retro-rlk2400","status":"publish","type":"product","link":"https:\/\/disimi.hr\/de\/produkt\/rucnik-za-plazu-red-retro-rlk2400\/","title":{"rendered":"Strandtuch \u201eRot Retro\u201c \u2013 rlk2400"},"content":{"rendered":"<div class=\"wpb-content-wrapper\"><p>[vc_row][vc_column][vc_column_text woodmart_inline=&#8221;no&#8221; text_larger=&#8221;yes&#8221;] <\/p>\n<p style=\"text-align: center;\"><strong class=\"naslov-product-tekst\">Es gibt nicht viele sch\u00f6ne Dinge, als am Strand zu entspannen.<\/strong><\/p>\n<p style=\"text-align: center;\">Ein bequemes, gro\u00dfes Handtuch ist die wichtigste Voraussetzung f\u00fcr einen Strandbesuch. Mit dem DiSiMi?-Handtuch wird das Entspannen am Strand zum Vergn\u00fcgen.<\/p>\n<p style=\"text-align: center;\"><strong class=\"naslov-product-tekst\">Diesen Sommer sind Sie nicht allein, in Begleitung von DiSiMi? Mit einem Handtuch ist Geselligkeit garantiert.<\/strong><\/p>\n<p style=\"text-align: center;\">\u2714<strong>Sie schonen Ihr Geld<\/strong>: Trotz hoher Qualit\u00e4t ist der Preis f\u00fcr jedes Budget erschwinglich.<\/p>\n<p style=\"text-align: center;\">\u2714<strong>Qualit\u00e4t und Komfort<\/strong>: Bei einem Strandtuch kommt es vor allem auf Folgendes an: 100 % Baumwolle, Gr\u00f6\u00dfe: 90 \u00d7 170 cm, Gewicht: 640 Gramm. Unschlagbar!<\/p>\n<div class=\"product-glavni-tekst\" style=\"text-align: center;\">\n<p>\u2714<strong>Nat\u00fcrliches Material<\/strong>: Baumwolle ist das Material Nummer 1, da sie Wasser hervorragend aufnimmt und dank ihrer Webart gleichzeitig schnell trocknet. \u2714<strong>Modernes Design und Gr\u00f6\u00dfe<\/strong>: Mit einem Baumwollhandtuch in King-Size (90 x 170 cm) bietet es Platz f\u00fcr zwei. Selfies bekommen eine neue Dimension. <\/p>\n<\/div>\n<p>[\/vc_column_text][vc_row_inner][vc_column_inner width=&#8221;1\/2&#8243;][vc_single_image image=&#8221;2580&#8243; img_size=&#8221;full&#8221; alignment=&#8221;center&#8221; parallax_scroll=&#8221;no&#8221; woodmart_inline=&#8221;no&#8221;][\/vc_column_inner][vc_column_inner width=&#8221;1\/2&#8243;][vc_single_image image=&#8221;7452&#8243; img_size=&#8221;full&#8221; alignment=&#8221;center&#8221; parallax_scroll=&#8221;no&#8221; woodmart_inline=&#8221;no&#8221;][\/vc_column_inner][\/vc_row_inner][vc_row_inner][vc_column_inner][vc_column_text woodmart_inline=&#8221;no&#8221; text_larger=&#8221;no&#8221;] <\/p>\n<p style=\"text-align: center;\">Unsere Garantie: Wir sind fest davon \u00fcberzeugt, dass unsere Handt\u00fccher von h\u00f6chster Qualit\u00e4t sind. H\u00f6chste Qualit\u00e4t und ansprechendes Design. Wir sind von unserem Produkt so \u00fcberzeugt, dass wir sicher sind, Sie werden begeistert sein. Sollten die Handt\u00fccher Ihre Erwartungen nicht erf\u00fcllen, k\u00f6nnen Sie sie jederzeit zur\u00fccksenden und erhalten innerhalb der ersten 30 Tage eine volle R\u00fcckerstattung.<\/p>\n<\/div>","protected":false},"excerpt":{"rendered":"<p>Wenn Sie ein Handtuch bisher nicht als Teil Ihres Stylings in Betracht gezogen haben, sollten Sie Ihre Meinung \u00e4ndern. Suchen Sie sich Ihre sonnige Ecke, lauschen Sie dem Rauschen der Wellen und lassen Sie Ihre Gedanken schweifen.<br \/>\nKing-Size, Ma\u00dfe: 90 x 170 cm, 100 % Baumwolle, 670 g.<\/p>\n","protected":false},"featured_media":125725,"template":"","meta":[],"product_brand":[],"product_cat":[238],"product_tag":[],"class_list":{"0":"post-118263","1":"product","2":"type-product","3":"status-publish","4":"has-post-thumbnail","6":"product_cat-handtucher","8":"first","9":"instock","10":"featured","11":"taxable","12":"shipping-taxable","13":"purchasable","14":"product-type-simple"},"yoast_head":"<!-- This site is optimized with the Yoast SEO plugin v27.3 - https:\/\/yoast.com\/product\/yoast-seo-wordpress\/ -->\n<title>Strandtuch \u201eRot Retro\u201c \u2013 rlk2400 - DISIMI?<\/title>\n<meta name=\"robots\" content=\"index, follow, max-snippet:-1, max-image-preview:large, max-video-preview:-1\" \/>\n<link rel=\"canonical\" href=\"https:\/\/disimi.hr\/de\/produkt\/rucnik-za-plazu-red-retro-rlk2400\/\" \/>\n<meta property=\"og:locale\" content=\"de_DE\" \/>\n<meta property=\"og:type\" content=\"article\" \/>\n<meta property=\"og:title\" content=\"Strandtuch \u201eRot Retro\u201c \u2013 rlk2400 - DISIMI?\" \/>\n<meta property=\"og:description\" content=\"Wenn Sie ein Handtuch bisher nicht als Teil Ihres Stylings in Betracht gezogen haben, sollten Sie Ihre Meinung \u00e4ndern. Suchen Sie sich Ihre sonnige Ecke, lauschen Sie dem Rauschen der Wellen und lassen Sie Ihre Gedanken schweifen. King-Size, Ma\u00dfe: 90 x 170 cm, 100 % Baumwolle, 670 g.\" \/>\n<meta property=\"og:url\" content=\"https:\/\/disimi.hr\/de\/produkt\/rucnik-za-plazu-red-retro-rlk2400\/\" \/>\n<meta property=\"og:site_name\" content=\"DISIMI?\" \/>\n<meta property=\"article:publisher\" content=\"https:\/\/www.facebook.com\/DISIMI.hr\/\" \/>\n<meta property=\"article:modified_time\" content=\"2026-01-31T22:11:27+00:00\" \/>\n<meta property=\"og:image\" content=\"https:\/\/disimi.hr\/wp-content\/uploads\/2024\/03\/RLK2400-w.jpg\" \/>\n\t<meta property=\"og:image:width\" content=\"800\" \/>\n\t<meta property=\"og:image:height\" content=\"800\" \/>\n\t<meta property=\"og:image:type\" content=\"image\/jpeg\" \/>\n<meta name=\"twitter:card\" content=\"summary_large_image\" \/>\n<meta name=\"twitter:label1\" content=\"Gesch\u00e4tzte Lesezeit\" \/>\n\t<meta name=\"twitter:data1\" content=\"1\u00a0Minute\" \/>\n<script type=\"application\/ld+json\" class=\"yoast-schema-graph\">{\"@context\":\"https:\\\/\\\/schema.org\",\"@graph\":[{\"@type\":\"WebPage\",\"@id\":\"https:\\\/\\\/disimi.hr\\\/de\\\/produkt\\\/rucnik-za-plazu-red-retro-rlk2400\\\/\",\"url\":\"https:\\\/\\\/disimi.hr\\\/de\\\/produkt\\\/rucnik-za-plazu-red-retro-rlk2400\\\/\",\"name\":\"Strandtuch \u201eRot Retro\u201c \u2013 rlk2400 - DISIMI?\",\"isPartOf\":{\"@id\":\"https:\\\/\\\/disimi.hr\\\/#website\"},\"primaryImageOfPage\":{\"@id\":\"https:\\\/\\\/disimi.hr\\\/de\\\/produkt\\\/rucnik-za-plazu-red-retro-rlk2400\\\/#primaryimage\"},\"image\":{\"@id\":\"https:\\\/\\\/disimi.hr\\\/de\\\/produkt\\\/rucnik-za-plazu-red-retro-rlk2400\\\/#primaryimage\"},\"thumbnailUrl\":\"https:\\\/\\\/disimi.hr\\\/wp-content\\\/uploads\\\/2024\\\/03\\\/RLK2400-w.jpg\",\"datePublished\":\"2024-03-22T10:53:25+00:00\",\"dateModified\":\"2026-01-31T22:11:27+00:00\",\"breadcrumb\":{\"@id\":\"https:\\\/\\\/disimi.hr\\\/de\\\/produkt\\\/rucnik-za-plazu-red-retro-rlk2400\\\/#breadcrumb\"},\"inLanguage\":\"de\",\"potentialAction\":[{\"@type\":\"ReadAction\",\"target\":[\"https:\\\/\\\/disimi.hr\\\/de\\\/produkt\\\/rucnik-za-plazu-red-retro-rlk2400\\\/\"]}]},{\"@type\":\"ImageObject\",\"inLanguage\":\"de\",\"@id\":\"https:\\\/\\\/disimi.hr\\\/de\\\/produkt\\\/rucnik-za-plazu-red-retro-rlk2400\\\/#primaryimage\",\"url\":\"https:\\\/\\\/disimi.hr\\\/wp-content\\\/uploads\\\/2024\\\/03\\\/RLK2400-w.jpg\",\"contentUrl\":\"https:\\\/\\\/disimi.hr\\\/wp-content\\\/uploads\\\/2024\\\/03\\\/RLK2400-w.jpg\",\"width\":800,\"height\":800},{\"@type\":\"BreadcrumbList\",\"@id\":\"https:\\\/\\\/disimi.hr\\\/de\\\/produkt\\\/rucnik-za-plazu-red-retro-rlk2400\\\/#breadcrumb\",\"itemListElement\":[{\"@type\":\"ListItem\",\"position\":1,\"name\":\"Po\u010detna stranica\",\"item\":\"https:\\\/\\\/disimi.hr\\\/de\\\/\"},{\"@type\":\"ListItem\",\"position\":2,\"name\":\"Produkte\",\"item\":\"https:\\\/\\\/disimi.hr\\\/de\\\/produkte\\\/\"},{\"@type\":\"ListItem\",\"position\":3,\"name\":\"Strandtuch \u201eRot Retro\u201c \u2013 rlk2400\"}]},{\"@type\":\"WebSite\",\"@id\":\"https:\\\/\\\/disimi.hr\\\/#website\",\"url\":\"https:\\\/\\\/disimi.hr\\\/\",\"name\":\"DISIMI?\",\"description\":\"Hrvatski brand i jedinstveni dizajn!\",\"publisher\":{\"@id\":\"https:\\\/\\\/disimi.hr\\\/#organization\"},\"potentialAction\":[{\"@type\":\"SearchAction\",\"target\":{\"@type\":\"EntryPoint\",\"urlTemplate\":\"https:\\\/\\\/disimi.hr\\\/?s={search_term_string}\"},\"query-input\":{\"@type\":\"PropertyValueSpecification\",\"valueRequired\":true,\"valueName\":\"search_term_string\"}}],\"inLanguage\":\"de\"},{\"@type\":\"Organization\",\"@id\":\"https:\\\/\\\/disimi.hr\\\/#organization\",\"name\":\"DiSiMi?\",\"url\":\"https:\\\/\\\/disimi.hr\\\/\",\"logo\":{\"@type\":\"ImageObject\",\"inLanguage\":\"de\",\"@id\":\"https:\\\/\\\/disimi.hr\\\/#\\\/schema\\\/logo\\\/image\\\/\",\"url\":\"https:\\\/\\\/disimi.hr\\\/wp-content\\\/uploads\\\/2022\\\/02\\\/logo2.jpg\",\"contentUrl\":\"https:\\\/\\\/disimi.hr\\\/wp-content\\\/uploads\\\/2022\\\/02\\\/logo2.jpg\",\"width\":250,\"height\":79,\"caption\":\"DiSiMi?\"},\"image\":{\"@id\":\"https:\\\/\\\/disimi.hr\\\/#\\\/schema\\\/logo\\\/image\\\/\"},\"sameAs\":[\"https:\\\/\\\/www.facebook.com\\\/DISIMI.hr\\\/\",\"https:\\\/\\\/www.instagram.com\\\/disimi.hr\\\/\"]}]}<\/script>\n<!-- \/ Yoast SEO plugin. -->","yoast_head_json":{"title":"Strandtuch \u201eRot Retro\u201c \u2013 rlk2400 - DISIMI?","robots":{"index":"index","follow":"follow","max-snippet":"max-snippet:-1","max-image-preview":"max-image-preview:large","max-video-preview":"max-video-preview:-1"},"canonical":"https:\/\/disimi.hr\/de\/produkt\/rucnik-za-plazu-red-retro-rlk2400\/","og_locale":"de_DE","og_type":"article","og_title":"Strandtuch \u201eRot Retro\u201c \u2013 rlk2400 - DISIMI?","og_description":"Wenn Sie ein Handtuch bisher nicht als Teil Ihres Stylings in Betracht gezogen haben, sollten Sie Ihre Meinung \u00e4ndern. Suchen Sie sich Ihre sonnige Ecke, lauschen Sie dem Rauschen der Wellen und lassen Sie Ihre Gedanken schweifen. King-Size, Ma\u00dfe: 90 x 170 cm, 100 % Baumwolle, 670 g.","og_url":"https:\/\/disimi.hr\/de\/produkt\/rucnik-za-plazu-red-retro-rlk2400\/","og_site_name":"DISIMI?","article_publisher":"https:\/\/www.facebook.com\/DISIMI.hr\/","article_modified_time":"2026-01-31T22:11:27+00:00","og_image":[{"width":800,"height":800,"url":"https:\/\/disimi.hr\/wp-content\/uploads\/2024\/03\/RLK2400-w.jpg","type":"image\/jpeg"}],"twitter_card":"summary_large_image","twitter_misc":{"Gesch\u00e4tzte Lesezeit":"1\u00a0Minute"},"schema":{"@context":"https:\/\/schema.org","@graph":[{"@type":"WebPage","@id":"https:\/\/disimi.hr\/de\/produkt\/rucnik-za-plazu-red-retro-rlk2400\/","url":"https:\/\/disimi.hr\/de\/produkt\/rucnik-za-plazu-red-retro-rlk2400\/","name":"Strandtuch \u201eRot Retro\u201c \u2013 rlk2400 - DISIMI?","isPartOf":{"@id":"https:\/\/disimi.hr\/#website"},"primaryImageOfPage":{"@id":"https:\/\/disimi.hr\/de\/produkt\/rucnik-za-plazu-red-retro-rlk2400\/#primaryimage"},"image":{"@id":"https:\/\/disimi.hr\/de\/produkt\/rucnik-za-plazu-red-retro-rlk2400\/#primaryimage"},"thumbnailUrl":"https:\/\/disimi.hr\/wp-content\/uploads\/2024\/03\/RLK2400-w.jpg","datePublished":"2024-03-22T10:53:25+00:00","dateModified":"2026-01-31T22:11:27+00:00","breadcrumb":{"@id":"https:\/\/disimi.hr\/de\/produkt\/rucnik-za-plazu-red-retro-rlk2400\/#breadcrumb"},"inLanguage":"de","potentialAction":[{"@type":"ReadAction","target":["https:\/\/disimi.hr\/de\/produkt\/rucnik-za-plazu-red-retro-rlk2400\/"]}]},{"@type":"ImageObject","inLanguage":"de","@id":"https:\/\/disimi.hr\/de\/produkt\/rucnik-za-plazu-red-retro-rlk2400\/#primaryimage","url":"https:\/\/disimi.hr\/wp-content\/uploads\/2024\/03\/RLK2400-w.jpg","contentUrl":"https:\/\/disimi.hr\/wp-content\/uploads\/2024\/03\/RLK2400-w.jpg","width":800,"height":800},{"@type":"BreadcrumbList","@id":"https:\/\/disimi.hr\/de\/produkt\/rucnik-za-plazu-red-retro-rlk2400\/#breadcrumb","itemListElement":[{"@type":"ListItem","position":1,"name":"Po\u010detna stranica","item":"https:\/\/disimi.hr\/de\/"},{"@type":"ListItem","position":2,"name":"Produkte","item":"https:\/\/disimi.hr\/de\/produkte\/"},{"@type":"ListItem","position":3,"name":"Strandtuch \u201eRot Retro\u201c \u2013 rlk2400"}]},{"@type":"WebSite","@id":"https:\/\/disimi.hr\/#website","url":"https:\/\/disimi.hr\/","name":"DISIMI?","description":"Hrvatski brand i jedinstveni dizajn!","publisher":{"@id":"https:\/\/disimi.hr\/#organization"},"potentialAction":[{"@type":"SearchAction","target":{"@type":"EntryPoint","urlTemplate":"https:\/\/disimi.hr\/?s={search_term_string}"},"query-input":{"@type":"PropertyValueSpecification","valueRequired":true,"valueName":"search_term_string"}}],"inLanguage":"de"},{"@type":"Organization","@id":"https:\/\/disimi.hr\/#organization","name":"DiSiMi?","url":"https:\/\/disimi.hr\/","logo":{"@type":"ImageObject","inLanguage":"de","@id":"https:\/\/disimi.hr\/#\/schema\/logo\/image\/","url":"https:\/\/disimi.hr\/wp-content\/uploads\/2022\/02\/logo2.jpg","contentUrl":"https:\/\/disimi.hr\/wp-content\/uploads\/2022\/02\/logo2.jpg","width":250,"height":79,"caption":"DiSiMi?"},"image":{"@id":"https:\/\/disimi.hr\/#\/schema\/logo\/image\/"},"sameAs":["https:\/\/www.facebook.com\/DISIMI.hr\/","https:\/\/www.instagram.com\/disimi.hr\/"]}]}},"_links":{"self":[{"href":"https:\/\/disimi.hr\/de\/wp-json\/wp\/v2\/product\/118263","targetHints":{"allow":["GET"]}}],"collection":[{"href":"https:\/\/disimi.hr\/de\/wp-json\/wp\/v2\/product"}],"about":[{"href":"https:\/\/disimi.hr\/de\/wp-json\/wp\/v2\/types\/product"}],"wp:featuredmedia":[{"embeddable":true,"href":"https:\/\/disimi.hr\/de\/wp-json\/wp\/v2\/media\/125725"}],"wp:attachment":[{"href":"https:\/\/disimi.hr\/de\/wp-json\/wp\/v2\/media?parent=118263"}],"wp:term":[{"taxonomy":"product_brand","embeddable":true,"href":"https:\/\/disimi.hr\/de\/wp-json\/wp\/v2\/product_brand?post=118263"},{"taxonomy":"product_cat","embeddable":true,"href":"https:\/\/disimi.hr\/de\/wp-json\/wp\/v2\/product_cat?post=118263"},{"taxonomy":"product_tag","embeddable":true,"href":"https:\/\/disimi.hr\/de\/wp-json\/wp\/v2\/product_tag?post=118263"}],"curies":[{"name":"wp","href":"https:\/\/api.w.org\/{rel}","templated":true}]}}