{"id":118250,"date":"2024-05-16T13:09:45","date_gmt":"2024-05-16T11:09:45","guid":{"rendered":"https:\/\/disimi.hr\/proizvod\/torba-od-pletenog-ratana-rock-roll-dim-19x8x14-cm-tzf2431\/"},"modified":"2026-04-20T13:53:36","modified_gmt":"2026-04-20T11:53:36","slug":"torba-od-pletenog-ratana-rock-roll-dim-19x8x14-cm-tzf2431","status":"publish","type":"product","link":"https:\/\/disimi.hr\/de\/produkt\/torba-od-pletenog-ratana-rock-roll-dim-19x8x14-cm-tzf2431\/","title":{"rendered":"Gewebte Rattantasche \u201eRock &#038; Roll\u201c, Ma\u00dfe 19 x 8 x 14 cm \u2013 tzf2431"},"content":{"rendered":"<div class=\"wpb-content-wrapper\"><p>[vc_row][vc_column][vc_column_text woodmart_inline=&#8221;no&#8221; text_larger=&#8221;yes&#8221;] <\/p>\n<p style=\"text-align: center;\"><strong>Modeaccessoires, von denen wir uns nicht trennen<\/strong><\/p>\n<p style=\"text-align: center;\">Eine Tasche aus robustem und nat\u00fcrlichem Material!<\/p>\n<p style=\"text-align: center;\"><strong>Das perfekte Geschenk \u2026 f\u00fcr Sie!<\/strong> Diese Tasche macht keine Kompromisse beim Design. Eine Tasche ist ein wesentlicher Bestandteil der Identit\u00e4t einer Frau und muss daher das gewisse Etwas haben.<\/p>\n<p style=\"text-align: center;\"><strong>\u2714 Was ist wichtiger als eine Tasche?<\/strong> Selbst wenn Frauen das ganze Geld der Welt h\u00e4tten, w\u00fcrden sie sich sicherlich nicht alle Taschen leisten k\u00f6nnen, die sie m\u00f6gen \u2013 und vor allem brauchen sie diese Taschen. Eine Tasche ist ein unverzichtbarer Bestandteil jedes gelungenen Outfits. Oftmals macht schon der Wechsel der Tasche einen gro\u00dfen Unterschied f\u00fcr ein Outfit. Woran liegt das? Denn eine Tasche ist ein modisches Accessoire, das das Ganze abrundet, hervorsticht und somit Aufmerksamkeit erregt.<\/p>\n<p>[\/vc_column_text][vc_row_inner][vc_column_inner width=&#8221;1\/2&#8243;][vc_single_image image=&#8221;2580&#8243; img_size=&#8221;full&#8221; alignment=&#8221;center&#8221; parallax_scroll=&#8221;no&#8221; woodmart_inline=&#8221;no&#8221;][\/vc_column_inner][vc_column_inner width=&#8221;1\/2&#8243;][vc_single_image image=&#8221;7452&#8243; img_size=&#8221;full&#8221; alignment=&#8221;center&#8221; parallax_scroll=&#8221;no&#8221; woodmart_inline=&#8221;no&#8221;][\/vc_column_inner][\/vc_row_inner][vc_row_inner][vc_column_inner][vc_column_text woodmart_inline=&#8221;no&#8221; text_larger=&#8221;no&#8221;] <\/p>\n<div>\n<p style=\"text-align: center;\"> Wir sind fest davon \u00fcberzeugt, dass unsere Taschen von h\u00f6chster Qualit\u00e4t und mit erstklassigem Design sind. Wir glauben so sehr an unser Produkt, dass wir sicher sind, es wird Sie begeistern. Sollten die DiSiMi?-Taschen Ihre Erwartungen nicht erf\u00fcllen, k\u00f6nnen Sie sie jederzeit zur\u00fcckgeben und wir erstatten Ihnen innerhalb der ersten 30 Tage den vollen Kaufpreis.<\/p>\n<\/div>\n<p>[\/vc_column_text][\/vc_column_inner][\/vc_row_inner][\/vc_column][\/vc_row]<\/p>\n<\/div>","protected":false},"excerpt":{"rendered":"<p>Eine kleine, aber feine Handtasche ist der Schl\u00fcssel zu gutem Stil. Eine kleine, elegante Handtasche als unverzichtbares Modeaccessoire f\u00fcr Abendveranstaltungen und l\u00e4ssige Tagesoutfits. F\u00fcr die wichtigsten Dinge, f\u00fcr besondere Frauen und besondere Anl\u00e4sse. <\/p>\n<p>Aus Naturmaterial gefertigt, Ma\u00dfe: 19 x 8 x 14 cm. Mit Rei\u00dfverschluss. Gef\u00fcttert. Mit einem 65 cm langen Henkel.<\/p>\n","protected":false},"featured_media":127251,"template":"","meta":[],"product_brand":[],"product_cat":[215,216],"product_tag":[269],"class_list":{"0":"post-118250","1":"product","2":"type-product","3":"status-publish","4":"has-post-thumbnail","6":"product_cat-sommertaschen","7":"product_cat-taschen","8":"product_tag-outfit-3","10":"first","11":"instock","12":"featured","13":"taxable","14":"shipping-taxable","15":"purchasable","16":"product-type-simple"},"yoast_head":"<!-- This site is optimized with the Yoast SEO plugin v27.5 - https:\/\/yoast.com\/product\/yoast-seo-wordpress\/ -->\n<title>Gewebte Rattantasche \u201eRock &amp; Roll\u201c, Ma\u00dfe 19 x 8 x 14 cm \u2013 tzf2431 - DISIMI?<\/title>\n<meta name=\"robots\" content=\"index, follow, max-snippet:-1, max-image-preview:large, max-video-preview:-1\" \/>\n<link rel=\"canonical\" href=\"https:\/\/disimi.hr\/de\/produkt\/torba-od-pletenog-ratana-rock-roll-dim-19x8x14-cm-tzf2431\/\" \/>\n<meta property=\"og:locale\" content=\"de_DE\" \/>\n<meta property=\"og:type\" content=\"article\" \/>\n<meta property=\"og:title\" content=\"Gewebte Rattantasche \u201eRock &amp; Roll\u201c, Ma\u00dfe 19 x 8 x 14 cm \u2013 tzf2431 - DISIMI?\" \/>\n<meta property=\"og:description\" content=\"Eine kleine, aber feine Handtasche ist der Schl\u00fcssel zu gutem Stil. Eine kleine, elegante Handtasche als unverzichtbares Modeaccessoire f\u00fcr Abendveranstaltungen und l\u00e4ssige Tagesoutfits. F\u00fcr die wichtigsten Dinge, f\u00fcr besondere Frauen und besondere Anl\u00e4sse.  Aus Naturmaterial gefertigt, Ma\u00dfe: 19 x 8 x 14 cm. Mit Rei\u00dfverschluss. Gef\u00fcttert. Mit einem 65 cm langen Henkel.\" \/>\n<meta property=\"og:url\" content=\"https:\/\/disimi.hr\/de\/produkt\/torba-od-pletenog-ratana-rock-roll-dim-19x8x14-cm-tzf2431\/\" \/>\n<meta property=\"og:site_name\" content=\"DISIMI?\" \/>\n<meta property=\"article:publisher\" content=\"https:\/\/www.facebook.com\/DISIMI.hr\/\" \/>\n<meta property=\"article:modified_time\" content=\"2026-04-20T11:53:36+00:00\" \/>\n<meta property=\"og:image\" content=\"https:\/\/disimi.hr\/wp-content\/uploads\/2024\/05\/tzf2431-W.jpg\" \/>\n\t<meta property=\"og:image:width\" content=\"800\" \/>\n\t<meta property=\"og:image:height\" content=\"800\" \/>\n\t<meta property=\"og:image:type\" content=\"image\/jpeg\" \/>\n<meta name=\"twitter:card\" content=\"summary_large_image\" \/>\n<meta name=\"twitter:label1\" content=\"Gesch\u00e4tzte Lesezeit\" \/>\n\t<meta name=\"twitter:data1\" content=\"2\u00a0Minute\" \/>\n<script type=\"application\/ld+json\" class=\"yoast-schema-graph\">{\"@context\":\"https:\\\/\\\/schema.org\",\"@graph\":[{\"@type\":\"WebPage\",\"@id\":\"https:\\\/\\\/disimi.hr\\\/de\\\/produkt\\\/torba-od-pletenog-ratana-rock-roll-dim-19x8x14-cm-tzf2431\\\/\",\"url\":\"https:\\\/\\\/disimi.hr\\\/de\\\/produkt\\\/torba-od-pletenog-ratana-rock-roll-dim-19x8x14-cm-tzf2431\\\/\",\"name\":\"Gewebte Rattantasche \u201eRock & Roll\u201c, Ma\u00dfe 19 x 8 x 14 cm \u2013 tzf2431 - DISIMI?\",\"isPartOf\":{\"@id\":\"https:\\\/\\\/disimi.hr\\\/#website\"},\"primaryImageOfPage\":{\"@id\":\"https:\\\/\\\/disimi.hr\\\/de\\\/produkt\\\/torba-od-pletenog-ratana-rock-roll-dim-19x8x14-cm-tzf2431\\\/#primaryimage\"},\"image\":{\"@id\":\"https:\\\/\\\/disimi.hr\\\/de\\\/produkt\\\/torba-od-pletenog-ratana-rock-roll-dim-19x8x14-cm-tzf2431\\\/#primaryimage\"},\"thumbnailUrl\":\"https:\\\/\\\/disimi.hr\\\/wp-content\\\/uploads\\\/2024\\\/05\\\/tzf2431-W.jpg\",\"datePublished\":\"2024-05-16T11:09:45+00:00\",\"dateModified\":\"2026-04-20T11:53:36+00:00\",\"breadcrumb\":{\"@id\":\"https:\\\/\\\/disimi.hr\\\/de\\\/produkt\\\/torba-od-pletenog-ratana-rock-roll-dim-19x8x14-cm-tzf2431\\\/#breadcrumb\"},\"inLanguage\":\"de\",\"potentialAction\":[{\"@type\":\"ReadAction\",\"target\":[\"https:\\\/\\\/disimi.hr\\\/de\\\/produkt\\\/torba-od-pletenog-ratana-rock-roll-dim-19x8x14-cm-tzf2431\\\/\"]}]},{\"@type\":\"ImageObject\",\"inLanguage\":\"de\",\"@id\":\"https:\\\/\\\/disimi.hr\\\/de\\\/produkt\\\/torba-od-pletenog-ratana-rock-roll-dim-19x8x14-cm-tzf2431\\\/#primaryimage\",\"url\":\"https:\\\/\\\/disimi.hr\\\/wp-content\\\/uploads\\\/2024\\\/05\\\/tzf2431-W.jpg\",\"contentUrl\":\"https:\\\/\\\/disimi.hr\\\/wp-content\\\/uploads\\\/2024\\\/05\\\/tzf2431-W.jpg\",\"width\":800,\"height\":800},{\"@type\":\"BreadcrumbList\",\"@id\":\"https:\\\/\\\/disimi.hr\\\/de\\\/produkt\\\/torba-od-pletenog-ratana-rock-roll-dim-19x8x14-cm-tzf2431\\\/#breadcrumb\",\"itemListElement\":[{\"@type\":\"ListItem\",\"position\":1,\"name\":\"Po\u010detna stranica\",\"item\":\"https:\\\/\\\/disimi.hr\\\/de\\\/\"},{\"@type\":\"ListItem\",\"position\":2,\"name\":\"Produkte\",\"item\":\"https:\\\/\\\/disimi.hr\\\/de\\\/produkte\\\/\"},{\"@type\":\"ListItem\",\"position\":3,\"name\":\"Gewebte Rattantasche \u201eRock &#038; Roll\u201c, Ma\u00dfe 19 x 8 x 14 cm \u2013 tzf2431\"}]},{\"@type\":\"WebSite\",\"@id\":\"https:\\\/\\\/disimi.hr\\\/#website\",\"url\":\"https:\\\/\\\/disimi.hr\\\/\",\"name\":\"DISIMI?\",\"description\":\"Hrvatski brand i jedinstveni dizajn!\",\"publisher\":{\"@id\":\"https:\\\/\\\/disimi.hr\\\/#organization\"},\"potentialAction\":[{\"@type\":\"SearchAction\",\"target\":{\"@type\":\"EntryPoint\",\"urlTemplate\":\"https:\\\/\\\/disimi.hr\\\/?s={search_term_string}\"},\"query-input\":{\"@type\":\"PropertyValueSpecification\",\"valueRequired\":true,\"valueName\":\"search_term_string\"}}],\"inLanguage\":\"de\"},{\"@type\":\"Organization\",\"@id\":\"https:\\\/\\\/disimi.hr\\\/#organization\",\"name\":\"DiSiMi?\",\"url\":\"https:\\\/\\\/disimi.hr\\\/\",\"logo\":{\"@type\":\"ImageObject\",\"inLanguage\":\"de\",\"@id\":\"https:\\\/\\\/disimi.hr\\\/#\\\/schema\\\/logo\\\/image\\\/\",\"url\":\"https:\\\/\\\/disimi.hr\\\/wp-content\\\/uploads\\\/2022\\\/02\\\/logo2.jpg\",\"contentUrl\":\"https:\\\/\\\/disimi.hr\\\/wp-content\\\/uploads\\\/2022\\\/02\\\/logo2.jpg\",\"width\":250,\"height\":79,\"caption\":\"DiSiMi?\"},\"image\":{\"@id\":\"https:\\\/\\\/disimi.hr\\\/#\\\/schema\\\/logo\\\/image\\\/\"},\"sameAs\":[\"https:\\\/\\\/www.facebook.com\\\/DISIMI.hr\\\/\",\"https:\\\/\\\/www.instagram.com\\\/disimi.hr\\\/\"]}]}<\/script>\n<!-- \/ Yoast SEO plugin. -->","yoast_head_json":{"title":"Gewebte Rattantasche \u201eRock & Roll\u201c, Ma\u00dfe 19 x 8 x 14 cm \u2013 tzf2431 - DISIMI?","robots":{"index":"index","follow":"follow","max-snippet":"max-snippet:-1","max-image-preview":"max-image-preview:large","max-video-preview":"max-video-preview:-1"},"canonical":"https:\/\/disimi.hr\/de\/produkt\/torba-od-pletenog-ratana-rock-roll-dim-19x8x14-cm-tzf2431\/","og_locale":"de_DE","og_type":"article","og_title":"Gewebte Rattantasche \u201eRock & Roll\u201c, Ma\u00dfe 19 x 8 x 14 cm \u2013 tzf2431 - DISIMI?","og_description":"Eine kleine, aber feine Handtasche ist der Schl\u00fcssel zu gutem Stil. Eine kleine, elegante Handtasche als unverzichtbares Modeaccessoire f\u00fcr Abendveranstaltungen und l\u00e4ssige Tagesoutfits. F\u00fcr die wichtigsten Dinge, f\u00fcr besondere Frauen und besondere Anl\u00e4sse.  Aus Naturmaterial gefertigt, Ma\u00dfe: 19 x 8 x 14 cm. Mit Rei\u00dfverschluss. Gef\u00fcttert. Mit einem 65 cm langen Henkel.","og_url":"https:\/\/disimi.hr\/de\/produkt\/torba-od-pletenog-ratana-rock-roll-dim-19x8x14-cm-tzf2431\/","og_site_name":"DISIMI?","article_publisher":"https:\/\/www.facebook.com\/DISIMI.hr\/","article_modified_time":"2026-04-20T11:53:36+00:00","og_image":[{"width":800,"height":800,"url":"https:\/\/disimi.hr\/wp-content\/uploads\/2024\/05\/tzf2431-W.jpg","type":"image\/jpeg"}],"twitter_card":"summary_large_image","twitter_misc":{"Gesch\u00e4tzte Lesezeit":"2\u00a0Minute"},"schema":{"@context":"https:\/\/schema.org","@graph":[{"@type":"WebPage","@id":"https:\/\/disimi.hr\/de\/produkt\/torba-od-pletenog-ratana-rock-roll-dim-19x8x14-cm-tzf2431\/","url":"https:\/\/disimi.hr\/de\/produkt\/torba-od-pletenog-ratana-rock-roll-dim-19x8x14-cm-tzf2431\/","name":"Gewebte Rattantasche \u201eRock & Roll\u201c, Ma\u00dfe 19 x 8 x 14 cm \u2013 tzf2431 - DISIMI?","isPartOf":{"@id":"https:\/\/disimi.hr\/#website"},"primaryImageOfPage":{"@id":"https:\/\/disimi.hr\/de\/produkt\/torba-od-pletenog-ratana-rock-roll-dim-19x8x14-cm-tzf2431\/#primaryimage"},"image":{"@id":"https:\/\/disimi.hr\/de\/produkt\/torba-od-pletenog-ratana-rock-roll-dim-19x8x14-cm-tzf2431\/#primaryimage"},"thumbnailUrl":"https:\/\/disimi.hr\/wp-content\/uploads\/2024\/05\/tzf2431-W.jpg","datePublished":"2024-05-16T11:09:45+00:00","dateModified":"2026-04-20T11:53:36+00:00","breadcrumb":{"@id":"https:\/\/disimi.hr\/de\/produkt\/torba-od-pletenog-ratana-rock-roll-dim-19x8x14-cm-tzf2431\/#breadcrumb"},"inLanguage":"de","potentialAction":[{"@type":"ReadAction","target":["https:\/\/disimi.hr\/de\/produkt\/torba-od-pletenog-ratana-rock-roll-dim-19x8x14-cm-tzf2431\/"]}]},{"@type":"ImageObject","inLanguage":"de","@id":"https:\/\/disimi.hr\/de\/produkt\/torba-od-pletenog-ratana-rock-roll-dim-19x8x14-cm-tzf2431\/#primaryimage","url":"https:\/\/disimi.hr\/wp-content\/uploads\/2024\/05\/tzf2431-W.jpg","contentUrl":"https:\/\/disimi.hr\/wp-content\/uploads\/2024\/05\/tzf2431-W.jpg","width":800,"height":800},{"@type":"BreadcrumbList","@id":"https:\/\/disimi.hr\/de\/produkt\/torba-od-pletenog-ratana-rock-roll-dim-19x8x14-cm-tzf2431\/#breadcrumb","itemListElement":[{"@type":"ListItem","position":1,"name":"Po\u010detna stranica","item":"https:\/\/disimi.hr\/de\/"},{"@type":"ListItem","position":2,"name":"Produkte","item":"https:\/\/disimi.hr\/de\/produkte\/"},{"@type":"ListItem","position":3,"name":"Gewebte Rattantasche \u201eRock &#038; Roll\u201c, Ma\u00dfe 19 x 8 x 14 cm \u2013 tzf2431"}]},{"@type":"WebSite","@id":"https:\/\/disimi.hr\/#website","url":"https:\/\/disimi.hr\/","name":"DISIMI?","description":"Hrvatski brand i jedinstveni dizajn!","publisher":{"@id":"https:\/\/disimi.hr\/#organization"},"potentialAction":[{"@type":"SearchAction","target":{"@type":"EntryPoint","urlTemplate":"https:\/\/disimi.hr\/?s={search_term_string}"},"query-input":{"@type":"PropertyValueSpecification","valueRequired":true,"valueName":"search_term_string"}}],"inLanguage":"de"},{"@type":"Organization","@id":"https:\/\/disimi.hr\/#organization","name":"DiSiMi?","url":"https:\/\/disimi.hr\/","logo":{"@type":"ImageObject","inLanguage":"de","@id":"https:\/\/disimi.hr\/#\/schema\/logo\/image\/","url":"https:\/\/disimi.hr\/wp-content\/uploads\/2022\/02\/logo2.jpg","contentUrl":"https:\/\/disimi.hr\/wp-content\/uploads\/2022\/02\/logo2.jpg","width":250,"height":79,"caption":"DiSiMi?"},"image":{"@id":"https:\/\/disimi.hr\/#\/schema\/logo\/image\/"},"sameAs":["https:\/\/www.facebook.com\/DISIMI.hr\/","https:\/\/www.instagram.com\/disimi.hr\/"]}]}},"_links":{"self":[{"href":"https:\/\/disimi.hr\/de\/wp-json\/wp\/v2\/product\/118250","targetHints":{"allow":["GET"]}}],"collection":[{"href":"https:\/\/disimi.hr\/de\/wp-json\/wp\/v2\/product"}],"about":[{"href":"https:\/\/disimi.hr\/de\/wp-json\/wp\/v2\/types\/product"}],"wp:featuredmedia":[{"embeddable":true,"href":"https:\/\/disimi.hr\/de\/wp-json\/wp\/v2\/media\/127251"}],"wp:attachment":[{"href":"https:\/\/disimi.hr\/de\/wp-json\/wp\/v2\/media?parent=118250"}],"wp:term":[{"taxonomy":"product_brand","embeddable":true,"href":"https:\/\/disimi.hr\/de\/wp-json\/wp\/v2\/product_brand?post=118250"},{"taxonomy":"product_cat","embeddable":true,"href":"https:\/\/disimi.hr\/de\/wp-json\/wp\/v2\/product_cat?post=118250"},{"taxonomy":"product_tag","embeddable":true,"href":"https:\/\/disimi.hr\/de\/wp-json\/wp\/v2\/product_tag?post=118250"}],"curies":[{"name":"wp","href":"https:\/\/api.w.org\/{rel}","templated":true}]}}