{"id":118180,"date":"2024-09-13T13:37:13","date_gmt":"2024-09-13T11:37:13","guid":{"rendered":"https:\/\/disimi.hr\/proizvod\/novcanik-dots-dance-white-dim-13cm-x-10cm-x-4cm-tzf2452\/"},"modified":"2026-04-20T12:13:58","modified_gmt":"2026-04-20T10:13:58","slug":"novcanik-dots-dance-white-dim-13cm-x-10cm-x-4cm-tzf2452","status":"publish","type":"product","link":"https:\/\/disimi.hr\/de\/produkt\/novcanik-dots-dance-white-dim-13cm-x-10cm-x-4cm-tzf2452\/","title":{"rendered":"Geldb\u00f6rse \u201eDots Dance White\u201c, Ma\u00dfe: 13 cm x 10 cm x 4 cm \u2013 TZF2452"},"content":{"rendered":"<div class=\"wpb-content-wrapper\"><p>[vc_row][vc_column][vc_column_text css=&#8221;&#8221; woodmart_inline=&#8221;no&#8221; text_larger=&#8221;yes&#8221;] <\/p>\n<p style=\"text-align: center\"><strong class=\"naslov-product-tekst\">Modische Accessoires, von denen wir uns nicht trennen k\u00f6nnen<\/strong><\/p>\n<p style=\"text-align: center\"><strong class=\"naslov-sesiri-tekst\">Eine Geldb\u00f6rse mit interessantem Design und \u00fcbersichtlicher Aufteilung.<\/strong><\/p>\n<p style=\"text-align: center\"><strong class=\"naslov-sesiri-tekst\">Das perfekte Geschenk \u2026 genau f\u00fcr Sie!<\/strong><\/p>\n<p style=\"text-align: center\"><\u2714<strong>Geldb\u00f6rse<\/strong> mit ausreichend Platz f\u00fcr alles, was Sie brauchen.<\/p>\n<p style=\"text-align: center\"><\u2714<strong>Modernes Design<\/strong>: Wir machen keine Kompromisse beim Design.<\/p>\n<div class=\"product-glavni-tekst\"><\/div>\n<p>[\/vc_column_text][vc_row_inner][vc_column_inner width=&#8221;1\/2&#8243;][vc_single_image image=&#8221;2580&#8243; img_size=&#8221;full&#8221; alignment=&#8221;center&#8221; parallax_scroll=&#8221;no&#8221; woodmart_inline=&#8221;no&#8221;][\/vc_column_inner][vc_column_inner width=&#8221;1\/2&#8243;][vc_single_image image=&#8221;7452&#8243; img_size=&#8221;full&#8221; alignment=&#8221;center&#8221; parallax_scroll=&#8221;no&#8221; woodmart_inline=&#8221;no&#8221;][\/vc_column_inner][\/vc_row_inner][vc_row_inner][vc_column_inner][vc_column_text css=&#8221;&#8221; woodmart_inline=&#8221;no&#8221; text_larger=&#8221;no&#8221;] <\/p>\n<p style=\"text-align: center\">Ein einzigartiges Design, das Kombiniert verschiedene Muster mit dem letzten Schliff!<\/p>\n<p style=\"text-align: center\">Material: 100 % Polyurethan<br \/>\nAbmessungen: 13 x 10 x 4 cm<\/p>\n<p style=\"text-align: center\">Wir sind fest davon \u00fcberzeugt, dass unsere Produkte von herausragender Qualit\u00e4t und erstklassigem Design sind. Wir glauben so sehr an unser Produkt, dass wir sicher sind, dass es Sie begeistern wird. Sollten die Produkte von DiSiMi? Ihre Erwartungen nicht erf\u00fcllen, k\u00f6nnen Sie sie jederzeit zur\u00fcckgeben und erhalten innerhalb der ersten 30 Tage eine volle R\u00fcckerstattung.<\/p>\n<p>[\/vc_column_text][\/vc_column_inner][\/vc_row_inner][\/vc_column][\/vc_row]<\/p>\n<\/div>","protected":false},"excerpt":{"rendered":"<p>Geldb\u00f6rse aus komfortablem und strapazierf\u00e4higem Material mit einzigartigem Design. <\/p>\n<p>Rei\u00dfverschluss mit 3 Kn\u00f6pfen, M\u00fcnzfach, zus\u00e4tzlicher Rei\u00dfverschluss. Separates Fach f\u00fcr Karten und pers\u00f6nliche Dokumente. <\/p>\n<p>Material: Polyurethan<br \/>\nAbmessungen: 13 x 10 x 4 cm <\/p>\n<p>&nbsp;<\/p>\n","protected":false},"featured_media":126778,"template":"","meta":[],"product_brand":[],"product_cat":[233,232],"product_tag":[],"class_list":{"0":"post-118180","1":"product","2":"type-product","3":"status-publish","4":"has-post-thumbnail","6":"product_cat-geldborsen","7":"product_cat-zubehor","9":"first","10":"instock","11":"featured","12":"taxable","13":"shipping-taxable","14":"purchasable","15":"product-type-simple"},"yoast_head":"<!-- This site is optimized with the Yoast SEO plugin v27.3 - https:\/\/yoast.com\/product\/yoast-seo-wordpress\/ -->\n<title>Geldb\u00f6rse \u201eDots Dance White\u201c, Ma\u00dfe: 13 cm x 10 cm x 4 cm \u2013 TZF2452 - DISIMI?<\/title>\n<meta name=\"robots\" content=\"index, follow, max-snippet:-1, max-image-preview:large, max-video-preview:-1\" \/>\n<link rel=\"canonical\" href=\"https:\/\/disimi.hr\/de\/produkt\/novcanik-dots-dance-white-dim-13cm-x-10cm-x-4cm-tzf2452\/\" \/>\n<meta property=\"og:locale\" content=\"de_DE\" \/>\n<meta property=\"og:type\" content=\"article\" \/>\n<meta property=\"og:title\" content=\"Geldb\u00f6rse \u201eDots Dance White\u201c, Ma\u00dfe: 13 cm x 10 cm x 4 cm \u2013 TZF2452 - DISIMI?\" \/>\n<meta property=\"og:description\" content=\"Geldb\u00f6rse aus komfortablem und strapazierf\u00e4higem Material mit einzigartigem Design.   Rei\u00dfverschluss mit 3 Kn\u00f6pfen, M\u00fcnzfach, zus\u00e4tzlicher Rei\u00dfverschluss. Separates Fach f\u00fcr Karten und pers\u00f6nliche Dokumente.   Material: Polyurethan  Abmessungen: 13 x 10 x 4 cm   &nbsp;\" \/>\n<meta property=\"og:url\" content=\"https:\/\/disimi.hr\/de\/produkt\/novcanik-dots-dance-white-dim-13cm-x-10cm-x-4cm-tzf2452\/\" \/>\n<meta property=\"og:site_name\" content=\"DISIMI?\" \/>\n<meta property=\"article:publisher\" content=\"https:\/\/www.facebook.com\/DISIMI.hr\/\" \/>\n<meta property=\"article:modified_time\" content=\"2026-04-20T10:13:58+00:00\" \/>\n<meta property=\"og:image\" content=\"https:\/\/disimi.hr\/wp-content\/uploads\/2024\/09\/tzf2452-w.jpg\" \/>\n\t<meta property=\"og:image:width\" content=\"800\" \/>\n\t<meta property=\"og:image:height\" content=\"800\" \/>\n\t<meta property=\"og:image:type\" content=\"image\/jpeg\" \/>\n<meta name=\"twitter:card\" content=\"summary_large_image\" \/>\n<meta name=\"twitter:label1\" content=\"Gesch\u00e4tzte Lesezeit\" \/>\n\t<meta name=\"twitter:data1\" content=\"1\u00a0Minute\" \/>\n<script type=\"application\/ld+json\" class=\"yoast-schema-graph\">{\"@context\":\"https:\\\/\\\/schema.org\",\"@graph\":[{\"@type\":\"WebPage\",\"@id\":\"https:\\\/\\\/disimi.hr\\\/de\\\/produkt\\\/novcanik-dots-dance-white-dim-13cm-x-10cm-x-4cm-tzf2452\\\/\",\"url\":\"https:\\\/\\\/disimi.hr\\\/de\\\/produkt\\\/novcanik-dots-dance-white-dim-13cm-x-10cm-x-4cm-tzf2452\\\/\",\"name\":\"Geldb\u00f6rse \u201eDots Dance White\u201c, Ma\u00dfe: 13 cm x 10 cm x 4 cm \u2013 TZF2452 - DISIMI?\",\"isPartOf\":{\"@id\":\"https:\\\/\\\/disimi.hr\\\/#website\"},\"primaryImageOfPage\":{\"@id\":\"https:\\\/\\\/disimi.hr\\\/de\\\/produkt\\\/novcanik-dots-dance-white-dim-13cm-x-10cm-x-4cm-tzf2452\\\/#primaryimage\"},\"image\":{\"@id\":\"https:\\\/\\\/disimi.hr\\\/de\\\/produkt\\\/novcanik-dots-dance-white-dim-13cm-x-10cm-x-4cm-tzf2452\\\/#primaryimage\"},\"thumbnailUrl\":\"https:\\\/\\\/disimi.hr\\\/wp-content\\\/uploads\\\/2024\\\/09\\\/tzf2452-w.jpg\",\"datePublished\":\"2024-09-13T11:37:13+00:00\",\"dateModified\":\"2026-04-20T10:13:58+00:00\",\"breadcrumb\":{\"@id\":\"https:\\\/\\\/disimi.hr\\\/de\\\/produkt\\\/novcanik-dots-dance-white-dim-13cm-x-10cm-x-4cm-tzf2452\\\/#breadcrumb\"},\"inLanguage\":\"de\",\"potentialAction\":[{\"@type\":\"ReadAction\",\"target\":[\"https:\\\/\\\/disimi.hr\\\/de\\\/produkt\\\/novcanik-dots-dance-white-dim-13cm-x-10cm-x-4cm-tzf2452\\\/\"]}]},{\"@type\":\"ImageObject\",\"inLanguage\":\"de\",\"@id\":\"https:\\\/\\\/disimi.hr\\\/de\\\/produkt\\\/novcanik-dots-dance-white-dim-13cm-x-10cm-x-4cm-tzf2452\\\/#primaryimage\",\"url\":\"https:\\\/\\\/disimi.hr\\\/wp-content\\\/uploads\\\/2024\\\/09\\\/tzf2452-w.jpg\",\"contentUrl\":\"https:\\\/\\\/disimi.hr\\\/wp-content\\\/uploads\\\/2024\\\/09\\\/tzf2452-w.jpg\",\"width\":800,\"height\":800},{\"@type\":\"BreadcrumbList\",\"@id\":\"https:\\\/\\\/disimi.hr\\\/de\\\/produkt\\\/novcanik-dots-dance-white-dim-13cm-x-10cm-x-4cm-tzf2452\\\/#breadcrumb\",\"itemListElement\":[{\"@type\":\"ListItem\",\"position\":1,\"name\":\"Po\u010detna stranica\",\"item\":\"https:\\\/\\\/disimi.hr\\\/de\\\/\"},{\"@type\":\"ListItem\",\"position\":2,\"name\":\"Produkte\",\"item\":\"https:\\\/\\\/disimi.hr\\\/de\\\/produkte\\\/\"},{\"@type\":\"ListItem\",\"position\":3,\"name\":\"Geldb\u00f6rse \u201eDots Dance White\u201c, Ma\u00dfe: 13 cm x 10 cm x 4 cm \u2013 TZF2452\"}]},{\"@type\":\"WebSite\",\"@id\":\"https:\\\/\\\/disimi.hr\\\/#website\",\"url\":\"https:\\\/\\\/disimi.hr\\\/\",\"name\":\"DISIMI?\",\"description\":\"Hrvatski brand i jedinstveni dizajn!\",\"publisher\":{\"@id\":\"https:\\\/\\\/disimi.hr\\\/#organization\"},\"potentialAction\":[{\"@type\":\"SearchAction\",\"target\":{\"@type\":\"EntryPoint\",\"urlTemplate\":\"https:\\\/\\\/disimi.hr\\\/?s={search_term_string}\"},\"query-input\":{\"@type\":\"PropertyValueSpecification\",\"valueRequired\":true,\"valueName\":\"search_term_string\"}}],\"inLanguage\":\"de\"},{\"@type\":\"Organization\",\"@id\":\"https:\\\/\\\/disimi.hr\\\/#organization\",\"name\":\"DiSiMi?\",\"url\":\"https:\\\/\\\/disimi.hr\\\/\",\"logo\":{\"@type\":\"ImageObject\",\"inLanguage\":\"de\",\"@id\":\"https:\\\/\\\/disimi.hr\\\/#\\\/schema\\\/logo\\\/image\\\/\",\"url\":\"https:\\\/\\\/disimi.hr\\\/wp-content\\\/uploads\\\/2022\\\/02\\\/logo2.jpg\",\"contentUrl\":\"https:\\\/\\\/disimi.hr\\\/wp-content\\\/uploads\\\/2022\\\/02\\\/logo2.jpg\",\"width\":250,\"height\":79,\"caption\":\"DiSiMi?\"},\"image\":{\"@id\":\"https:\\\/\\\/disimi.hr\\\/#\\\/schema\\\/logo\\\/image\\\/\"},\"sameAs\":[\"https:\\\/\\\/www.facebook.com\\\/DISIMI.hr\\\/\",\"https:\\\/\\\/www.instagram.com\\\/disimi.hr\\\/\"]}]}<\/script>\n<!-- \/ Yoast SEO plugin. -->","yoast_head_json":{"title":"Geldb\u00f6rse \u201eDots Dance White\u201c, Ma\u00dfe: 13 cm x 10 cm x 4 cm \u2013 TZF2452 - DISIMI?","robots":{"index":"index","follow":"follow","max-snippet":"max-snippet:-1","max-image-preview":"max-image-preview:large","max-video-preview":"max-video-preview:-1"},"canonical":"https:\/\/disimi.hr\/de\/produkt\/novcanik-dots-dance-white-dim-13cm-x-10cm-x-4cm-tzf2452\/","og_locale":"de_DE","og_type":"article","og_title":"Geldb\u00f6rse \u201eDots Dance White\u201c, Ma\u00dfe: 13 cm x 10 cm x 4 cm \u2013 TZF2452 - DISIMI?","og_description":"Geldb\u00f6rse aus komfortablem und strapazierf\u00e4higem Material mit einzigartigem Design.   Rei\u00dfverschluss mit 3 Kn\u00f6pfen, M\u00fcnzfach, zus\u00e4tzlicher Rei\u00dfverschluss. Separates Fach f\u00fcr Karten und pers\u00f6nliche Dokumente.   Material: Polyurethan  Abmessungen: 13 x 10 x 4 cm   &nbsp;","og_url":"https:\/\/disimi.hr\/de\/produkt\/novcanik-dots-dance-white-dim-13cm-x-10cm-x-4cm-tzf2452\/","og_site_name":"DISIMI?","article_publisher":"https:\/\/www.facebook.com\/DISIMI.hr\/","article_modified_time":"2026-04-20T10:13:58+00:00","og_image":[{"width":800,"height":800,"url":"https:\/\/disimi.hr\/wp-content\/uploads\/2024\/09\/tzf2452-w.jpg","type":"image\/jpeg"}],"twitter_card":"summary_large_image","twitter_misc":{"Gesch\u00e4tzte Lesezeit":"1\u00a0Minute"},"schema":{"@context":"https:\/\/schema.org","@graph":[{"@type":"WebPage","@id":"https:\/\/disimi.hr\/de\/produkt\/novcanik-dots-dance-white-dim-13cm-x-10cm-x-4cm-tzf2452\/","url":"https:\/\/disimi.hr\/de\/produkt\/novcanik-dots-dance-white-dim-13cm-x-10cm-x-4cm-tzf2452\/","name":"Geldb\u00f6rse \u201eDots Dance White\u201c, Ma\u00dfe: 13 cm x 10 cm x 4 cm \u2013 TZF2452 - DISIMI?","isPartOf":{"@id":"https:\/\/disimi.hr\/#website"},"primaryImageOfPage":{"@id":"https:\/\/disimi.hr\/de\/produkt\/novcanik-dots-dance-white-dim-13cm-x-10cm-x-4cm-tzf2452\/#primaryimage"},"image":{"@id":"https:\/\/disimi.hr\/de\/produkt\/novcanik-dots-dance-white-dim-13cm-x-10cm-x-4cm-tzf2452\/#primaryimage"},"thumbnailUrl":"https:\/\/disimi.hr\/wp-content\/uploads\/2024\/09\/tzf2452-w.jpg","datePublished":"2024-09-13T11:37:13+00:00","dateModified":"2026-04-20T10:13:58+00:00","breadcrumb":{"@id":"https:\/\/disimi.hr\/de\/produkt\/novcanik-dots-dance-white-dim-13cm-x-10cm-x-4cm-tzf2452\/#breadcrumb"},"inLanguage":"de","potentialAction":[{"@type":"ReadAction","target":["https:\/\/disimi.hr\/de\/produkt\/novcanik-dots-dance-white-dim-13cm-x-10cm-x-4cm-tzf2452\/"]}]},{"@type":"ImageObject","inLanguage":"de","@id":"https:\/\/disimi.hr\/de\/produkt\/novcanik-dots-dance-white-dim-13cm-x-10cm-x-4cm-tzf2452\/#primaryimage","url":"https:\/\/disimi.hr\/wp-content\/uploads\/2024\/09\/tzf2452-w.jpg","contentUrl":"https:\/\/disimi.hr\/wp-content\/uploads\/2024\/09\/tzf2452-w.jpg","width":800,"height":800},{"@type":"BreadcrumbList","@id":"https:\/\/disimi.hr\/de\/produkt\/novcanik-dots-dance-white-dim-13cm-x-10cm-x-4cm-tzf2452\/#breadcrumb","itemListElement":[{"@type":"ListItem","position":1,"name":"Po\u010detna stranica","item":"https:\/\/disimi.hr\/de\/"},{"@type":"ListItem","position":2,"name":"Produkte","item":"https:\/\/disimi.hr\/de\/produkte\/"},{"@type":"ListItem","position":3,"name":"Geldb\u00f6rse \u201eDots Dance White\u201c, Ma\u00dfe: 13 cm x 10 cm x 4 cm \u2013 TZF2452"}]},{"@type":"WebSite","@id":"https:\/\/disimi.hr\/#website","url":"https:\/\/disimi.hr\/","name":"DISIMI?","description":"Hrvatski brand i jedinstveni dizajn!","publisher":{"@id":"https:\/\/disimi.hr\/#organization"},"potentialAction":[{"@type":"SearchAction","target":{"@type":"EntryPoint","urlTemplate":"https:\/\/disimi.hr\/?s={search_term_string}"},"query-input":{"@type":"PropertyValueSpecification","valueRequired":true,"valueName":"search_term_string"}}],"inLanguage":"de"},{"@type":"Organization","@id":"https:\/\/disimi.hr\/#organization","name":"DiSiMi?","url":"https:\/\/disimi.hr\/","logo":{"@type":"ImageObject","inLanguage":"de","@id":"https:\/\/disimi.hr\/#\/schema\/logo\/image\/","url":"https:\/\/disimi.hr\/wp-content\/uploads\/2022\/02\/logo2.jpg","contentUrl":"https:\/\/disimi.hr\/wp-content\/uploads\/2022\/02\/logo2.jpg","width":250,"height":79,"caption":"DiSiMi?"},"image":{"@id":"https:\/\/disimi.hr\/#\/schema\/logo\/image\/"},"sameAs":["https:\/\/www.facebook.com\/DISIMI.hr\/","https:\/\/www.instagram.com\/disimi.hr\/"]}]}},"_links":{"self":[{"href":"https:\/\/disimi.hr\/de\/wp-json\/wp\/v2\/product\/118180","targetHints":{"allow":["GET"]}}],"collection":[{"href":"https:\/\/disimi.hr\/de\/wp-json\/wp\/v2\/product"}],"about":[{"href":"https:\/\/disimi.hr\/de\/wp-json\/wp\/v2\/types\/product"}],"wp:featuredmedia":[{"embeddable":true,"href":"https:\/\/disimi.hr\/de\/wp-json\/wp\/v2\/media\/126778"}],"wp:attachment":[{"href":"https:\/\/disimi.hr\/de\/wp-json\/wp\/v2\/media?parent=118180"}],"wp:term":[{"taxonomy":"product_brand","embeddable":true,"href":"https:\/\/disimi.hr\/de\/wp-json\/wp\/v2\/product_brand?post=118180"},{"taxonomy":"product_cat","embeddable":true,"href":"https:\/\/disimi.hr\/de\/wp-json\/wp\/v2\/product_cat?post=118180"},{"taxonomy":"product_tag","embeddable":true,"href":"https:\/\/disimi.hr\/de\/wp-json\/wp\/v2\/product_tag?post=118180"}],"curies":[{"name":"wp","href":"https:\/\/api.w.org\/{rel}","templated":true}]}}