{"id":118140,"date":"2024-09-16T13:04:37","date_gmt":"2024-09-16T11:04:37","guid":{"rendered":"https:\/\/disimi.hr\/proizvod\/neseser-dim-17x8x10-cm-tzf2438\/"},"modified":"2026-04-20T12:05:46","modified_gmt":"2026-04-20T10:05:46","slug":"neseser-dim-17x8x10-cm-tzf2438","status":"publish","type":"product","link":"https:\/\/disimi.hr\/de\/produkt\/neseser-dim-17x8x10-cm-tzf2438\/","title":{"rendered":"Neseser Abm. 17x8x10 cm &#8211; tzf2438"},"content":{"rendered":"<div class=\"wpb-content-wrapper\"><p>[vc_row][vc_column][vc_column_text css=&#8221;&#8221; woodmart_inline=&#8221;no&#8221; text_larger=&#8221;yes&#8221;] <\/p>\n<p style=\"text-align: center;\"><strong>Modeaccessoires, von denen wir uns nicht trennen k\u00f6nnen<\/strong><\/p>\n<p style=\"text-align: center;\">Tasche mit Rei\u00dfverschluss!<\/p>\n<p style=\"text-align: center;\"><strong>Das perfekte Geschenk \u2026 genau f\u00fcr dich!<\/strong><\/p>\n<p style=\"text-align: center;\">\u2714<strong>Ideal<\/strong> zur Aufbewahrung von Kosmetikartikeln oder anderen kleinen Gegenst\u00e4nden.<\/p>\n<p style=\"text-align: center;\">\u2714<strong>Gute \u00dcbersicht:<\/strong>Ein gro\u00dfes Hauptfach mit Rei\u00dfverschluss.<\/p>\n<p style=\"text-align: center;\">\u2714<strong>Kompakt und praktisch.<\/strong> Gen\u00fcgend Platz f\u00fcr all die kleinen Dinge.<\/p>\n<p style=\"text-align: center;\">\u2714<strong>Modernes Design: Bei DiSiMi? Design<\/strong> gibt es keine Kompromisse.<\/p>\n<p style=\"text-align: center;\">\u2714<strong>Spart Geld<\/strong>: Hohe Qualit\u00e4t zu einem Preis, der f\u00fcr jedes Budget geeignet ist.<\/p>\n<p>[\/vc_column_text][vc_row_inner][vc_column_inner width=&#8221;1\/2&#8243;][vc_single_image image=&#8221;74522&#8243; img_size=&#8221;full&#8221; alignment=&#8221;center&#8221; parallax_scroll=&#8221;no&#8221; woodmart_inline=&#8221;no&#8221;][\/vc_column_inner][vc_column_inner width=&#8221;1\/2&#8243;][vc_single_image image=&#8221;7452&#8243; img_size=&#8221;full&#8221; alignment=&#8221;center&#8221; parallax_scroll=&#8221;no&#8221; woodmart_inline=&#8221;no&#8221;][\/vc_column_inner][\/vc_row_inner][vc_row_inner][vc_column_inner][vc_column_text css=&#8221;&#8221; woodmart_inline=&#8221;no&#8221; text_larger=&#8221;no&#8221;] <\/p>\n<p style=\"text-align: center;\">Es l\u00e4sst sich oben mit einem Rei\u00dfverschluss \u00f6ffnen und ist innen gef\u00fcttert.<\/p>\n<p style=\"text-align: center;\">Material: Polyester<\/p>\n<p style=\"text-align: center;\">Ma\u00dfe: 17 x 8 x 10 cm<\/p>\n<p style=\"text-align: center;\">Bewahren Sie Ihre Kosmetikprodukte stilvoll auf! \ud83d\ude09<\/p>\n<p style=\"text-align: center;\">Wir sind fest davon \u00fcberzeugt, dass unsere Toilettenartikel von h\u00f6chster Qualit\u00e4t und ansprechendem Design sind. Wir glauben so sehr an unser Produkt, dass wir sicher sind, dass es Sie begeistern wird. Wenn DiSiMi? Sollte der Artikel nicht Ihren Erwartungen entsprechen, k\u00f6nnen Sie ihn jederzeit zur\u00fcckgeben und erhalten innerhalb der ersten 30 Tage eine vollst\u00e4ndige R\u00fcckerstattung.<\/p>\n<p>[\/vc_column_text][\/vc_column_inner][\/vc_row_inner][\/vc_column][\/vc_row]<\/p>\n<\/div>","protected":false},"excerpt":{"rendered":"<p>F\u00fcr Reisen, Arbeit, Training&#8230; <\/p>\n<p>Es l\u00e4sst sich oben mit einem Rei\u00dfverschluss \u00f6ffnen und ist innen gepolstert. <\/p>\n<p>Gute \u00dcbersicht: Ein gro\u00dfes Hauptfach mit Rei\u00dfverschluss. Es ist kompakt, praktisch und bietet ausreichend Platz f\u00fcr alle Kleinigkeiten. <\/p>\n<p>Material: Polyester<br \/>\nMa\u00dfe: 17 x 8 x 10 cm <\/p>\n<p>Bewahren Sie Ihre Beauty-Produkte stilvoll auf! \ud83d\ude09 <\/p>\n<p>&nbsp;<\/p>\n","protected":false},"featured_media":128194,"template":"","meta":[],"product_brand":[],"product_cat":[266,232],"product_tag":[],"class_list":{"0":"post-118140","1":"product","2":"type-product","3":"status-publish","4":"has-post-thumbnail","6":"product_cat-kulturbeutel","7":"product_cat-zubehor","9":"first","10":"instock","11":"featured","12":"taxable","13":"shipping-taxable","14":"purchasable","15":"product-type-simple"},"yoast_head":"<!-- This site is optimized with the Yoast SEO plugin v27.5 - https:\/\/yoast.com\/product\/yoast-seo-wordpress\/ -->\n<title>Neseser Abm. 17x8x10 cm - tzf2438 - DISIMI?<\/title>\n<meta name=\"robots\" content=\"index, follow, max-snippet:-1, max-image-preview:large, max-video-preview:-1\" \/>\n<link rel=\"canonical\" href=\"https:\/\/disimi.hr\/de\/produkt\/neseser-dim-17x8x10-cm-tzf2438\/\" \/>\n<meta property=\"og:locale\" content=\"de_DE\" \/>\n<meta property=\"og:type\" content=\"article\" \/>\n<meta property=\"og:title\" content=\"Neseser Abm. 17x8x10 cm - tzf2438 - DISIMI?\" \/>\n<meta property=\"og:description\" content=\"F\u00fcr Reisen, Arbeit, Training...   Es l\u00e4sst sich oben mit einem Rei\u00dfverschluss \u00f6ffnen und ist innen gepolstert.   Gute \u00dcbersicht: Ein gro\u00dfes Hauptfach mit Rei\u00dfverschluss. Es ist kompakt, praktisch und bietet ausreichend Platz f\u00fcr alle Kleinigkeiten.   Material: Polyester  Ma\u00dfe: 17 x 8 x 10 cm   Bewahren Sie Ihre Beauty-Produkte stilvoll auf! \ud83d\ude09   &nbsp;\" \/>\n<meta property=\"og:url\" content=\"https:\/\/disimi.hr\/de\/produkt\/neseser-dim-17x8x10-cm-tzf2438\/\" \/>\n<meta property=\"og:site_name\" content=\"DISIMI?\" \/>\n<meta property=\"article:publisher\" content=\"https:\/\/www.facebook.com\/DISIMI.hr\/\" \/>\n<meta property=\"article:modified_time\" content=\"2026-04-20T10:05:46+00:00\" \/>\n<meta property=\"og:image\" content=\"https:\/\/disimi.hr\/wp-content\/uploads\/2024\/09\/tzf2438-w.jpg\" \/>\n\t<meta property=\"og:image:width\" content=\"800\" \/>\n\t<meta property=\"og:image:height\" content=\"800\" \/>\n\t<meta property=\"og:image:type\" content=\"image\/jpeg\" \/>\n<meta name=\"twitter:card\" content=\"summary_large_image\" \/>\n<meta name=\"twitter:label1\" content=\"Gesch\u00e4tzte Lesezeit\" \/>\n\t<meta name=\"twitter:data1\" content=\"2\u00a0Minute\" \/>\n<script type=\"application\/ld+json\" class=\"yoast-schema-graph\">{\"@context\":\"https:\\\/\\\/schema.org\",\"@graph\":[{\"@type\":\"WebPage\",\"@id\":\"https:\\\/\\\/disimi.hr\\\/de\\\/produkt\\\/neseser-dim-17x8x10-cm-tzf2438\\\/\",\"url\":\"https:\\\/\\\/disimi.hr\\\/de\\\/produkt\\\/neseser-dim-17x8x10-cm-tzf2438\\\/\",\"name\":\"Neseser Abm. 17x8x10 cm - tzf2438 - DISIMI?\",\"isPartOf\":{\"@id\":\"https:\\\/\\\/disimi.hr\\\/#website\"},\"primaryImageOfPage\":{\"@id\":\"https:\\\/\\\/disimi.hr\\\/de\\\/produkt\\\/neseser-dim-17x8x10-cm-tzf2438\\\/#primaryimage\"},\"image\":{\"@id\":\"https:\\\/\\\/disimi.hr\\\/de\\\/produkt\\\/neseser-dim-17x8x10-cm-tzf2438\\\/#primaryimage\"},\"thumbnailUrl\":\"https:\\\/\\\/disimi.hr\\\/wp-content\\\/uploads\\\/2024\\\/09\\\/tzf2438-w.jpg\",\"datePublished\":\"2024-09-16T11:04:37+00:00\",\"dateModified\":\"2026-04-20T10:05:46+00:00\",\"breadcrumb\":{\"@id\":\"https:\\\/\\\/disimi.hr\\\/de\\\/produkt\\\/neseser-dim-17x8x10-cm-tzf2438\\\/#breadcrumb\"},\"inLanguage\":\"de\",\"potentialAction\":[{\"@type\":\"ReadAction\",\"target\":[\"https:\\\/\\\/disimi.hr\\\/de\\\/produkt\\\/neseser-dim-17x8x10-cm-tzf2438\\\/\"]}]},{\"@type\":\"ImageObject\",\"inLanguage\":\"de\",\"@id\":\"https:\\\/\\\/disimi.hr\\\/de\\\/produkt\\\/neseser-dim-17x8x10-cm-tzf2438\\\/#primaryimage\",\"url\":\"https:\\\/\\\/disimi.hr\\\/wp-content\\\/uploads\\\/2024\\\/09\\\/tzf2438-w.jpg\",\"contentUrl\":\"https:\\\/\\\/disimi.hr\\\/wp-content\\\/uploads\\\/2024\\\/09\\\/tzf2438-w.jpg\",\"width\":800,\"height\":800},{\"@type\":\"BreadcrumbList\",\"@id\":\"https:\\\/\\\/disimi.hr\\\/de\\\/produkt\\\/neseser-dim-17x8x10-cm-tzf2438\\\/#breadcrumb\",\"itemListElement\":[{\"@type\":\"ListItem\",\"position\":1,\"name\":\"Po\u010detna stranica\",\"item\":\"https:\\\/\\\/disimi.hr\\\/de\\\/\"},{\"@type\":\"ListItem\",\"position\":2,\"name\":\"Produkte\",\"item\":\"https:\\\/\\\/disimi.hr\\\/de\\\/produkte\\\/\"},{\"@type\":\"ListItem\",\"position\":3,\"name\":\"Neseser Abm. 17x8x10 cm &#8211; tzf2438\"}]},{\"@type\":\"WebSite\",\"@id\":\"https:\\\/\\\/disimi.hr\\\/#website\",\"url\":\"https:\\\/\\\/disimi.hr\\\/\",\"name\":\"DISIMI?\",\"description\":\"Hrvatski brand i jedinstveni dizajn!\",\"publisher\":{\"@id\":\"https:\\\/\\\/disimi.hr\\\/#organization\"},\"potentialAction\":[{\"@type\":\"SearchAction\",\"target\":{\"@type\":\"EntryPoint\",\"urlTemplate\":\"https:\\\/\\\/disimi.hr\\\/?s={search_term_string}\"},\"query-input\":{\"@type\":\"PropertyValueSpecification\",\"valueRequired\":true,\"valueName\":\"search_term_string\"}}],\"inLanguage\":\"de\"},{\"@type\":\"Organization\",\"@id\":\"https:\\\/\\\/disimi.hr\\\/#organization\",\"name\":\"DiSiMi?\",\"url\":\"https:\\\/\\\/disimi.hr\\\/\",\"logo\":{\"@type\":\"ImageObject\",\"inLanguage\":\"de\",\"@id\":\"https:\\\/\\\/disimi.hr\\\/#\\\/schema\\\/logo\\\/image\\\/\",\"url\":\"https:\\\/\\\/disimi.hr\\\/wp-content\\\/uploads\\\/2022\\\/02\\\/logo2.jpg\",\"contentUrl\":\"https:\\\/\\\/disimi.hr\\\/wp-content\\\/uploads\\\/2022\\\/02\\\/logo2.jpg\",\"width\":250,\"height\":79,\"caption\":\"DiSiMi?\"},\"image\":{\"@id\":\"https:\\\/\\\/disimi.hr\\\/#\\\/schema\\\/logo\\\/image\\\/\"},\"sameAs\":[\"https:\\\/\\\/www.facebook.com\\\/DISIMI.hr\\\/\",\"https:\\\/\\\/www.instagram.com\\\/disimi.hr\\\/\"]}]}<\/script>\n<!-- \/ Yoast SEO plugin. -->","yoast_head_json":{"title":"Neseser Abm. 17x8x10 cm - tzf2438 - DISIMI?","robots":{"index":"index","follow":"follow","max-snippet":"max-snippet:-1","max-image-preview":"max-image-preview:large","max-video-preview":"max-video-preview:-1"},"canonical":"https:\/\/disimi.hr\/de\/produkt\/neseser-dim-17x8x10-cm-tzf2438\/","og_locale":"de_DE","og_type":"article","og_title":"Neseser Abm. 17x8x10 cm - tzf2438 - DISIMI?","og_description":"F\u00fcr Reisen, Arbeit, Training...   Es l\u00e4sst sich oben mit einem Rei\u00dfverschluss \u00f6ffnen und ist innen gepolstert.   Gute \u00dcbersicht: Ein gro\u00dfes Hauptfach mit Rei\u00dfverschluss. Es ist kompakt, praktisch und bietet ausreichend Platz f\u00fcr alle Kleinigkeiten.   Material: Polyester  Ma\u00dfe: 17 x 8 x 10 cm   Bewahren Sie Ihre Beauty-Produkte stilvoll auf! \ud83d\ude09   &nbsp;","og_url":"https:\/\/disimi.hr\/de\/produkt\/neseser-dim-17x8x10-cm-tzf2438\/","og_site_name":"DISIMI?","article_publisher":"https:\/\/www.facebook.com\/DISIMI.hr\/","article_modified_time":"2026-04-20T10:05:46+00:00","og_image":[{"width":800,"height":800,"url":"https:\/\/disimi.hr\/wp-content\/uploads\/2024\/09\/tzf2438-w.jpg","type":"image\/jpeg"}],"twitter_card":"summary_large_image","twitter_misc":{"Gesch\u00e4tzte Lesezeit":"2\u00a0Minute"},"schema":{"@context":"https:\/\/schema.org","@graph":[{"@type":"WebPage","@id":"https:\/\/disimi.hr\/de\/produkt\/neseser-dim-17x8x10-cm-tzf2438\/","url":"https:\/\/disimi.hr\/de\/produkt\/neseser-dim-17x8x10-cm-tzf2438\/","name":"Neseser Abm. 17x8x10 cm - tzf2438 - DISIMI?","isPartOf":{"@id":"https:\/\/disimi.hr\/#website"},"primaryImageOfPage":{"@id":"https:\/\/disimi.hr\/de\/produkt\/neseser-dim-17x8x10-cm-tzf2438\/#primaryimage"},"image":{"@id":"https:\/\/disimi.hr\/de\/produkt\/neseser-dim-17x8x10-cm-tzf2438\/#primaryimage"},"thumbnailUrl":"https:\/\/disimi.hr\/wp-content\/uploads\/2024\/09\/tzf2438-w.jpg","datePublished":"2024-09-16T11:04:37+00:00","dateModified":"2026-04-20T10:05:46+00:00","breadcrumb":{"@id":"https:\/\/disimi.hr\/de\/produkt\/neseser-dim-17x8x10-cm-tzf2438\/#breadcrumb"},"inLanguage":"de","potentialAction":[{"@type":"ReadAction","target":["https:\/\/disimi.hr\/de\/produkt\/neseser-dim-17x8x10-cm-tzf2438\/"]}]},{"@type":"ImageObject","inLanguage":"de","@id":"https:\/\/disimi.hr\/de\/produkt\/neseser-dim-17x8x10-cm-tzf2438\/#primaryimage","url":"https:\/\/disimi.hr\/wp-content\/uploads\/2024\/09\/tzf2438-w.jpg","contentUrl":"https:\/\/disimi.hr\/wp-content\/uploads\/2024\/09\/tzf2438-w.jpg","width":800,"height":800},{"@type":"BreadcrumbList","@id":"https:\/\/disimi.hr\/de\/produkt\/neseser-dim-17x8x10-cm-tzf2438\/#breadcrumb","itemListElement":[{"@type":"ListItem","position":1,"name":"Po\u010detna stranica","item":"https:\/\/disimi.hr\/de\/"},{"@type":"ListItem","position":2,"name":"Produkte","item":"https:\/\/disimi.hr\/de\/produkte\/"},{"@type":"ListItem","position":3,"name":"Neseser Abm. 17x8x10 cm &#8211; tzf2438"}]},{"@type":"WebSite","@id":"https:\/\/disimi.hr\/#website","url":"https:\/\/disimi.hr\/","name":"DISIMI?","description":"Hrvatski brand i jedinstveni dizajn!","publisher":{"@id":"https:\/\/disimi.hr\/#organization"},"potentialAction":[{"@type":"SearchAction","target":{"@type":"EntryPoint","urlTemplate":"https:\/\/disimi.hr\/?s={search_term_string}"},"query-input":{"@type":"PropertyValueSpecification","valueRequired":true,"valueName":"search_term_string"}}],"inLanguage":"de"},{"@type":"Organization","@id":"https:\/\/disimi.hr\/#organization","name":"DiSiMi?","url":"https:\/\/disimi.hr\/","logo":{"@type":"ImageObject","inLanguage":"de","@id":"https:\/\/disimi.hr\/#\/schema\/logo\/image\/","url":"https:\/\/disimi.hr\/wp-content\/uploads\/2022\/02\/logo2.jpg","contentUrl":"https:\/\/disimi.hr\/wp-content\/uploads\/2022\/02\/logo2.jpg","width":250,"height":79,"caption":"DiSiMi?"},"image":{"@id":"https:\/\/disimi.hr\/#\/schema\/logo\/image\/"},"sameAs":["https:\/\/www.facebook.com\/DISIMI.hr\/","https:\/\/www.instagram.com\/disimi.hr\/"]}]}},"_links":{"self":[{"href":"https:\/\/disimi.hr\/de\/wp-json\/wp\/v2\/product\/118140","targetHints":{"allow":["GET"]}}],"collection":[{"href":"https:\/\/disimi.hr\/de\/wp-json\/wp\/v2\/product"}],"about":[{"href":"https:\/\/disimi.hr\/de\/wp-json\/wp\/v2\/types\/product"}],"wp:featuredmedia":[{"embeddable":true,"href":"https:\/\/disimi.hr\/de\/wp-json\/wp\/v2\/media\/128194"}],"wp:attachment":[{"href":"https:\/\/disimi.hr\/de\/wp-json\/wp\/v2\/media?parent=118140"}],"wp:term":[{"taxonomy":"product_brand","embeddable":true,"href":"https:\/\/disimi.hr\/de\/wp-json\/wp\/v2\/product_brand?post=118140"},{"taxonomy":"product_cat","embeddable":true,"href":"https:\/\/disimi.hr\/de\/wp-json\/wp\/v2\/product_cat?post=118140"},{"taxonomy":"product_tag","embeddable":true,"href":"https:\/\/disimi.hr\/de\/wp-json\/wp\/v2\/product_tag?post=118140"}],"curies":[{"name":"wp","href":"https:\/\/api.w.org\/{rel}","templated":true}]}}