{"id":118069,"date":"2024-09-16T14:54:38","date_gmt":"2024-09-16T12:54:38","guid":{"rendered":"https:\/\/disimi.hr\/proizvod\/torba-soft-hobo-dim-40-cm-x-52-cm-tzf2457\/"},"modified":"2026-04-20T13:53:46","modified_gmt":"2026-04-20T11:53:46","slug":"torba-soft-hobo-dim-40-cm-x-52-cm-tzf2457","status":"publish","type":"product","link":"https:\/\/disimi.hr\/de\/produkt\/torba-soft-hobo-dim-40-cm-x-52-cm-tzf2457\/","title":{"rendered":"Tasche \u201eSoft Hobo\u201c, Ma\u00dfe 40 cm x 52 cm \u2013 TZF2457"},"content":{"rendered":"<div class=\"wpb-content-wrapper\"><p>[vc_row][vc_column][vc_column_text css=&#8221;&#8221; woodmart_inline=&#8221;no&#8221; text_larger=&#8221;yes&#8221;] <\/p>\n<p style=\"text-align: center;\"><strong class=\"naslov-product-tekst\">Modische Accessoires, von denen wir uns nicht trennen k\u00f6nnen<\/strong><\/p>\n<p style=\"text-align: center;\">Tasche aus weichem, komfortablem Polyurethanmaterial<\/p>\n<p style=\"text-align: center;\"><strong class=\"naslov-sesiri-tekst\">Das perfekte Geschenk &#8230; nur f\u00fcr Sie!<\/strong><\/p>\n<p style=\"text-align: center;\">\u2714<strong>Tasche<\/strong>, die zu jeder Garderobe passt und f\u00fcr einen entspannten Look sorgt<\/p>\n<p style=\"text-align: center;\">\u2714<strong>Sparen Sie Geld<\/strong>: Trotz hoher Qualit\u00e4t ist der Preis f\u00fcr jedes Budget erschwinglich.<\/p>\n<div class=\"product-glavni-tekst\">\n<p style=\"text-align: center;\">\u2714<strong> Modernes Design<\/strong>: Bei DiSiMi?-Taschen werden keine Kompromisse beim Design gemacht. Eine Tasche ist ein integraler Bestandteil der Identit\u00e4t einer Frau und muss daher das gewisse Etwas haben.<\/p>\n<p style=\"text-align: center;\">\u2714<strong> Was ist wichtiger als eine Tasche?<\/strong> Selbst wenn Frauen \u00fcber unbegrenzte finanzielle Mittel verf\u00fcgen w\u00fcrden, k\u00f6nnten sie sich sicherlich nicht alle Taschen leisten, die sie sich w\u00fcnschen \u2013 und vor allem: Sie brauchen all diese Taschen. Eine Tasche ist ein unverzichtbarer Bestandteil jedes gelungenen Outfits. Oftmals macht der Wechsel der Tasche den entscheidenden Unterschied f\u00fcr ein Outfit. Warum ist das so? Weil eine Tasche ein modisches Accessoire ist, das das Ganze abrundet, hervorsticht und somit Aufmerksamkeit erregt..<\/p>\n<\/div>\n<p>[\/vc_column_text][vc_row_inner][vc_column_inner width=&#8221;1\/2&#8243;][vc_single_image image=&#8221;74522&#8243; img_size=&#8221;full&#8221; alignment=&#8221;center&#8221; parallax_scroll=&#8221;no&#8221; woodmart_inline=&#8221;no&#8221;][\/vc_column_inner][vc_column_inner width=&#8221;1\/2&#8243;][vc_single_image image=&#8221;7452&#8243; img_size=&#8221;full&#8221; alignment=&#8221;center&#8221; parallax_scroll=&#8221;no&#8221; woodmart_inline=&#8221;no&#8221;][\/vc_column_inner][\/vc_row_inner][vc_row_inner][vc_column_inner][vc_column_text css=&#8221;&#8221; woodmart_inline=&#8221;no&#8221; text_larger=&#8221;no&#8221;] <\/p>\n<p style=\"text-align: center;\">Eine originelle Tasche mit einer interessanten Form!<\/p>\n<p style=\"text-align: center;\">Material: Polyurethan<\/p>\n<p>Abmessungen: 40 cm x 52 cm <\/p>\n<p style=\"text-align: center;\">Wir sind fest davon \u00fcberzeugt, dass unsere Taschen von herausragender Qualit\u00e4t und mit exzellentem Design sind. Wir glauben so sehr an unser Produkt, dass wir sicher sind, dass es Sie begeistern wird. Sollten die DiSiMi?-Taschen Ihre Erwartungen nicht erf\u00fcllen, k\u00f6nnen Sie sie jederzeit innerhalb von 30 Tagen zur\u00fcckgeben und erhalten den vollen Kaufpreis erstattet.<\/p>\n<p>[\/vc_column_text][\/vc_column_inner][\/vc_row_inner][\/vc_column][\/vc_row]<\/p>\n<\/div>","protected":false},"excerpt":{"rendered":"<p>Eine Tasche mit interessanter Form! <\/p>\n<p>Passt perfekt zu jeder Garderobe und sorgt f\u00fcr einen l\u00e4ssigen Stil! <\/p>\n<p>Material: Polyurethan<br \/>\nMa\u00dfe: ca. 40 cm x 52 cm <\/p>\n<p>Lackierter Rei\u00dfverschluss <\/p>\n<p>Mit Futter. Innentasche mit Rei\u00dfverschluss. Zus\u00e4tzliche Tasche <\/p>\n<p>&nbsp;<\/p>\n","protected":false},"featured_media":126262,"template":"","meta":[],"product_brand":[],"product_cat":[229,216],"product_tag":[],"class_list":{"0":"post-118069","1":"product","2":"type-product","3":"status-publish","4":"has-post-thumbnail","6":"product_cat-mode-taschen","7":"product_cat-taschen","9":"first","10":"instock","11":"featured","12":"taxable","13":"shipping-taxable","14":"purchasable","15":"product-type-simple"},"yoast_head":"<!-- This site is optimized with the Yoast SEO plugin v27.5 - https:\/\/yoast.com\/product\/yoast-seo-wordpress\/ -->\n<title>Tasche \u201eSoft Hobo\u201c, Ma\u00dfe 40 cm x 52 cm \u2013 TZF2457 - DISIMI?<\/title>\n<meta name=\"robots\" content=\"index, follow, max-snippet:-1, max-image-preview:large, max-video-preview:-1\" \/>\n<link rel=\"canonical\" href=\"https:\/\/disimi.hr\/de\/produkt\/torba-soft-hobo-dim-40-cm-x-52-cm-tzf2457\/\" \/>\n<meta property=\"og:locale\" content=\"de_DE\" \/>\n<meta property=\"og:type\" content=\"article\" \/>\n<meta property=\"og:title\" content=\"Tasche \u201eSoft Hobo\u201c, Ma\u00dfe 40 cm x 52 cm \u2013 TZF2457 - DISIMI?\" \/>\n<meta property=\"og:description\" content=\"Eine Tasche mit interessanter Form!  Passt perfekt zu jeder Garderobe und sorgt f\u00fcr einen l\u00e4ssigen Stil!  Material: Polyurethan Ma\u00dfe: ca. 40 cm x 52 cm  Lackierter Rei\u00dfverschluss  Mit Futter. Innentasche mit Rei\u00dfverschluss. Zus\u00e4tzliche Tasche  &nbsp;\" \/>\n<meta property=\"og:url\" content=\"https:\/\/disimi.hr\/de\/produkt\/torba-soft-hobo-dim-40-cm-x-52-cm-tzf2457\/\" \/>\n<meta property=\"og:site_name\" content=\"DISIMI?\" \/>\n<meta property=\"article:publisher\" content=\"https:\/\/www.facebook.com\/DISIMI.hr\/\" \/>\n<meta property=\"article:modified_time\" content=\"2026-04-20T11:53:46+00:00\" \/>\n<meta property=\"og:image\" content=\"https:\/\/disimi.hr\/wp-content\/uploads\/2024\/09\/tzf2457-w.jpg\" \/>\n\t<meta property=\"og:image:width\" content=\"800\" \/>\n\t<meta property=\"og:image:height\" content=\"800\" \/>\n\t<meta property=\"og:image:type\" content=\"image\/jpeg\" \/>\n<meta name=\"twitter:card\" content=\"summary_large_image\" \/>\n<meta name=\"twitter:label1\" content=\"Gesch\u00e4tzte Lesezeit\" \/>\n\t<meta name=\"twitter:data1\" content=\"2\u00a0Minute\" \/>\n<script type=\"application\/ld+json\" class=\"yoast-schema-graph\">{\"@context\":\"https:\\\/\\\/schema.org\",\"@graph\":[{\"@type\":\"WebPage\",\"@id\":\"https:\\\/\\\/disimi.hr\\\/de\\\/produkt\\\/torba-soft-hobo-dim-40-cm-x-52-cm-tzf2457\\\/\",\"url\":\"https:\\\/\\\/disimi.hr\\\/de\\\/produkt\\\/torba-soft-hobo-dim-40-cm-x-52-cm-tzf2457\\\/\",\"name\":\"Tasche \u201eSoft Hobo\u201c, Ma\u00dfe 40 cm x 52 cm \u2013 TZF2457 - DISIMI?\",\"isPartOf\":{\"@id\":\"https:\\\/\\\/disimi.hr\\\/#website\"},\"primaryImageOfPage\":{\"@id\":\"https:\\\/\\\/disimi.hr\\\/de\\\/produkt\\\/torba-soft-hobo-dim-40-cm-x-52-cm-tzf2457\\\/#primaryimage\"},\"image\":{\"@id\":\"https:\\\/\\\/disimi.hr\\\/de\\\/produkt\\\/torba-soft-hobo-dim-40-cm-x-52-cm-tzf2457\\\/#primaryimage\"},\"thumbnailUrl\":\"https:\\\/\\\/disimi.hr\\\/wp-content\\\/uploads\\\/2024\\\/09\\\/tzf2457-w.jpg\",\"datePublished\":\"2024-09-16T12:54:38+00:00\",\"dateModified\":\"2026-04-20T11:53:46+00:00\",\"breadcrumb\":{\"@id\":\"https:\\\/\\\/disimi.hr\\\/de\\\/produkt\\\/torba-soft-hobo-dim-40-cm-x-52-cm-tzf2457\\\/#breadcrumb\"},\"inLanguage\":\"de\",\"potentialAction\":[{\"@type\":\"ReadAction\",\"target\":[\"https:\\\/\\\/disimi.hr\\\/de\\\/produkt\\\/torba-soft-hobo-dim-40-cm-x-52-cm-tzf2457\\\/\"]}]},{\"@type\":\"ImageObject\",\"inLanguage\":\"de\",\"@id\":\"https:\\\/\\\/disimi.hr\\\/de\\\/produkt\\\/torba-soft-hobo-dim-40-cm-x-52-cm-tzf2457\\\/#primaryimage\",\"url\":\"https:\\\/\\\/disimi.hr\\\/wp-content\\\/uploads\\\/2024\\\/09\\\/tzf2457-w.jpg\",\"contentUrl\":\"https:\\\/\\\/disimi.hr\\\/wp-content\\\/uploads\\\/2024\\\/09\\\/tzf2457-w.jpg\",\"width\":800,\"height\":800},{\"@type\":\"BreadcrumbList\",\"@id\":\"https:\\\/\\\/disimi.hr\\\/de\\\/produkt\\\/torba-soft-hobo-dim-40-cm-x-52-cm-tzf2457\\\/#breadcrumb\",\"itemListElement\":[{\"@type\":\"ListItem\",\"position\":1,\"name\":\"Po\u010detna stranica\",\"item\":\"https:\\\/\\\/disimi.hr\\\/de\\\/\"},{\"@type\":\"ListItem\",\"position\":2,\"name\":\"Produkte\",\"item\":\"https:\\\/\\\/disimi.hr\\\/de\\\/produkte\\\/\"},{\"@type\":\"ListItem\",\"position\":3,\"name\":\"Tasche \u201eSoft Hobo\u201c, Ma\u00dfe 40 cm x 52 cm \u2013 TZF2457\"}]},{\"@type\":\"WebSite\",\"@id\":\"https:\\\/\\\/disimi.hr\\\/#website\",\"url\":\"https:\\\/\\\/disimi.hr\\\/\",\"name\":\"DISIMI?\",\"description\":\"Hrvatski brand i jedinstveni dizajn!\",\"publisher\":{\"@id\":\"https:\\\/\\\/disimi.hr\\\/#organization\"},\"potentialAction\":[{\"@type\":\"SearchAction\",\"target\":{\"@type\":\"EntryPoint\",\"urlTemplate\":\"https:\\\/\\\/disimi.hr\\\/?s={search_term_string}\"},\"query-input\":{\"@type\":\"PropertyValueSpecification\",\"valueRequired\":true,\"valueName\":\"search_term_string\"}}],\"inLanguage\":\"de\"},{\"@type\":\"Organization\",\"@id\":\"https:\\\/\\\/disimi.hr\\\/#organization\",\"name\":\"DiSiMi?\",\"url\":\"https:\\\/\\\/disimi.hr\\\/\",\"logo\":{\"@type\":\"ImageObject\",\"inLanguage\":\"de\",\"@id\":\"https:\\\/\\\/disimi.hr\\\/#\\\/schema\\\/logo\\\/image\\\/\",\"url\":\"https:\\\/\\\/disimi.hr\\\/wp-content\\\/uploads\\\/2022\\\/02\\\/logo2.jpg\",\"contentUrl\":\"https:\\\/\\\/disimi.hr\\\/wp-content\\\/uploads\\\/2022\\\/02\\\/logo2.jpg\",\"width\":250,\"height\":79,\"caption\":\"DiSiMi?\"},\"image\":{\"@id\":\"https:\\\/\\\/disimi.hr\\\/#\\\/schema\\\/logo\\\/image\\\/\"},\"sameAs\":[\"https:\\\/\\\/www.facebook.com\\\/DISIMI.hr\\\/\",\"https:\\\/\\\/www.instagram.com\\\/disimi.hr\\\/\"]}]}<\/script>\n<!-- \/ Yoast SEO plugin. -->","yoast_head_json":{"title":"Tasche \u201eSoft Hobo\u201c, Ma\u00dfe 40 cm x 52 cm \u2013 TZF2457 - DISIMI?","robots":{"index":"index","follow":"follow","max-snippet":"max-snippet:-1","max-image-preview":"max-image-preview:large","max-video-preview":"max-video-preview:-1"},"canonical":"https:\/\/disimi.hr\/de\/produkt\/torba-soft-hobo-dim-40-cm-x-52-cm-tzf2457\/","og_locale":"de_DE","og_type":"article","og_title":"Tasche \u201eSoft Hobo\u201c, Ma\u00dfe 40 cm x 52 cm \u2013 TZF2457 - DISIMI?","og_description":"Eine Tasche mit interessanter Form!  Passt perfekt zu jeder Garderobe und sorgt f\u00fcr einen l\u00e4ssigen Stil!  Material: Polyurethan Ma\u00dfe: ca. 40 cm x 52 cm  Lackierter Rei\u00dfverschluss  Mit Futter. Innentasche mit Rei\u00dfverschluss. Zus\u00e4tzliche Tasche  &nbsp;","og_url":"https:\/\/disimi.hr\/de\/produkt\/torba-soft-hobo-dim-40-cm-x-52-cm-tzf2457\/","og_site_name":"DISIMI?","article_publisher":"https:\/\/www.facebook.com\/DISIMI.hr\/","article_modified_time":"2026-04-20T11:53:46+00:00","og_image":[{"width":800,"height":800,"url":"https:\/\/disimi.hr\/wp-content\/uploads\/2024\/09\/tzf2457-w.jpg","type":"image\/jpeg"}],"twitter_card":"summary_large_image","twitter_misc":{"Gesch\u00e4tzte Lesezeit":"2\u00a0Minute"},"schema":{"@context":"https:\/\/schema.org","@graph":[{"@type":"WebPage","@id":"https:\/\/disimi.hr\/de\/produkt\/torba-soft-hobo-dim-40-cm-x-52-cm-tzf2457\/","url":"https:\/\/disimi.hr\/de\/produkt\/torba-soft-hobo-dim-40-cm-x-52-cm-tzf2457\/","name":"Tasche \u201eSoft Hobo\u201c, Ma\u00dfe 40 cm x 52 cm \u2013 TZF2457 - DISIMI?","isPartOf":{"@id":"https:\/\/disimi.hr\/#website"},"primaryImageOfPage":{"@id":"https:\/\/disimi.hr\/de\/produkt\/torba-soft-hobo-dim-40-cm-x-52-cm-tzf2457\/#primaryimage"},"image":{"@id":"https:\/\/disimi.hr\/de\/produkt\/torba-soft-hobo-dim-40-cm-x-52-cm-tzf2457\/#primaryimage"},"thumbnailUrl":"https:\/\/disimi.hr\/wp-content\/uploads\/2024\/09\/tzf2457-w.jpg","datePublished":"2024-09-16T12:54:38+00:00","dateModified":"2026-04-20T11:53:46+00:00","breadcrumb":{"@id":"https:\/\/disimi.hr\/de\/produkt\/torba-soft-hobo-dim-40-cm-x-52-cm-tzf2457\/#breadcrumb"},"inLanguage":"de","potentialAction":[{"@type":"ReadAction","target":["https:\/\/disimi.hr\/de\/produkt\/torba-soft-hobo-dim-40-cm-x-52-cm-tzf2457\/"]}]},{"@type":"ImageObject","inLanguage":"de","@id":"https:\/\/disimi.hr\/de\/produkt\/torba-soft-hobo-dim-40-cm-x-52-cm-tzf2457\/#primaryimage","url":"https:\/\/disimi.hr\/wp-content\/uploads\/2024\/09\/tzf2457-w.jpg","contentUrl":"https:\/\/disimi.hr\/wp-content\/uploads\/2024\/09\/tzf2457-w.jpg","width":800,"height":800},{"@type":"BreadcrumbList","@id":"https:\/\/disimi.hr\/de\/produkt\/torba-soft-hobo-dim-40-cm-x-52-cm-tzf2457\/#breadcrumb","itemListElement":[{"@type":"ListItem","position":1,"name":"Po\u010detna stranica","item":"https:\/\/disimi.hr\/de\/"},{"@type":"ListItem","position":2,"name":"Produkte","item":"https:\/\/disimi.hr\/de\/produkte\/"},{"@type":"ListItem","position":3,"name":"Tasche \u201eSoft Hobo\u201c, Ma\u00dfe 40 cm x 52 cm \u2013 TZF2457"}]},{"@type":"WebSite","@id":"https:\/\/disimi.hr\/#website","url":"https:\/\/disimi.hr\/","name":"DISIMI?","description":"Hrvatski brand i jedinstveni dizajn!","publisher":{"@id":"https:\/\/disimi.hr\/#organization"},"potentialAction":[{"@type":"SearchAction","target":{"@type":"EntryPoint","urlTemplate":"https:\/\/disimi.hr\/?s={search_term_string}"},"query-input":{"@type":"PropertyValueSpecification","valueRequired":true,"valueName":"search_term_string"}}],"inLanguage":"de"},{"@type":"Organization","@id":"https:\/\/disimi.hr\/#organization","name":"DiSiMi?","url":"https:\/\/disimi.hr\/","logo":{"@type":"ImageObject","inLanguage":"de","@id":"https:\/\/disimi.hr\/#\/schema\/logo\/image\/","url":"https:\/\/disimi.hr\/wp-content\/uploads\/2022\/02\/logo2.jpg","contentUrl":"https:\/\/disimi.hr\/wp-content\/uploads\/2022\/02\/logo2.jpg","width":250,"height":79,"caption":"DiSiMi?"},"image":{"@id":"https:\/\/disimi.hr\/#\/schema\/logo\/image\/"},"sameAs":["https:\/\/www.facebook.com\/DISIMI.hr\/","https:\/\/www.instagram.com\/disimi.hr\/"]}]}},"_links":{"self":[{"href":"https:\/\/disimi.hr\/de\/wp-json\/wp\/v2\/product\/118069","targetHints":{"allow":["GET"]}}],"collection":[{"href":"https:\/\/disimi.hr\/de\/wp-json\/wp\/v2\/product"}],"about":[{"href":"https:\/\/disimi.hr\/de\/wp-json\/wp\/v2\/types\/product"}],"wp:featuredmedia":[{"embeddable":true,"href":"https:\/\/disimi.hr\/de\/wp-json\/wp\/v2\/media\/126262"}],"wp:attachment":[{"href":"https:\/\/disimi.hr\/de\/wp-json\/wp\/v2\/media?parent=118069"}],"wp:term":[{"taxonomy":"product_brand","embeddable":true,"href":"https:\/\/disimi.hr\/de\/wp-json\/wp\/v2\/product_brand?post=118069"},{"taxonomy":"product_cat","embeddable":true,"href":"https:\/\/disimi.hr\/de\/wp-json\/wp\/v2\/product_cat?post=118069"},{"taxonomy":"product_tag","embeddable":true,"href":"https:\/\/disimi.hr\/de\/wp-json\/wp\/v2\/product_tag?post=118069"}],"curies":[{"name":"wp","href":"https:\/\/api.w.org\/{rel}","templated":true}]}}