{"id":117980,"date":"2025-03-21T12:05:41","date_gmt":"2025-03-21T11:05:41","guid":{"rendered":"https:\/\/disimi.hr\/proizvod\/natikace-sa-velikom-kopcom-white-texture-nzf2509\/"},"modified":"2026-05-06T10:26:28","modified_gmt":"2026-05-06T08:26:28","slug":"natikace-sa-velikom-kopcom-white-texture-nzf2509","status":"publish","type":"product","link":"https:\/\/disimi.hr\/de\/produkt\/natikace-sa-velikom-kopcom-white-texture-nzf2509\/","title":{"rendered":"Loafer mit gro\u00dfer Schnalle in \u201eWei\u00dfer Textur\u201c \u2013 nzf2509"},"content":{"rendered":"<div class=\"wpb-content-wrapper\"><p>[vc_row][vc_column][vc_column_text css=&#8221;&#8221; woodmart_inline=&#8221;no&#8221; text_larger=&#8221;yes&#8221;] <\/p>\n<p style=\"text-align: center;\"><strong class=\"naslov-product-tekst\">Komfort sah noch nie so gut aus.<\/strong><\/p>\n<p style=\"text-align: center;\">Die perfekt bequemen und stylischen DiSiMi\u00ae-Hausschuhe machen das Gehen auf Wolken zum Alltag. Sie sind \u00e4u\u00dferst komfortabel, anatomisch geformt und entsprechen den neuesten Modestandards. Wenn wir sagen, dass diese Hausschuhe die Zeit anhalten, meinen wir das auch so. Probieren Sie sie einfach bei einem Spaziergang mit Ihren Freunden an und Sie werden der Star der Stadt sein.<\/p>\n<p style=\"text-align: center;\"><strong class=\"naslov-product-tekst\">Verw\u00f6hnen Sie Ihre F\u00fc\u00dfe diesen Sommer.<\/strong><\/p>\n<div class=\"product-glavni-tekst\">\n<p style=\"text-align: center;\">\u2714<strong> Komfort steht an erster Stelle<\/strong>: DiSiMi? Die Hausschuhe haben eine zus\u00e4tzliche Schicht unter der Sohle, sodass der Komfort nicht nur gut, sondern perfekt ist!<\/p>\n<p style=\"text-align: center;\">\u2714<strong>Sie sparen Geld<\/strong>: Trotz ihrer hohen Qualit\u00e4t sind sie mit ihrem Preis f\u00fcr jedes Budget erschwinglich.<\/p>\n<p style=\"text-align: center;\">\u2714<strong>Rutschfeste Sohle<\/strong>: Die EVA- und Gummisohle sorgt daf\u00fcr, dass Ihre Hausschuhe auf jedem Untergrund perfekt haften.<\/p>\n<p style=\"text-align: center;\">\u2714<strong>Modernes Design<\/strong>: Bei Code DiSiMi? werden beim Design der Hausschuhe keine Kompromisse gemacht. Hausschuhe mit einem einzigartigen und attraktiven Design, attraktiv und bequem!<\/p>\n<p style=\"text-align: center;\">\u2714<strong>Robust und dennoch weich<\/strong>: Ob am Strand oder im pulsierenden Stadtleben \u2013 DiSiMi? Die Hausschuhe haften perfekt auf dem Untergrund und vermitteln bei jedem Schritt ein Gef\u00fchl von Sicherheit und Freiheit. <\/p>\n<p>\u2714<strong> F\u00fcr welche Anl\u00e4sse? <\/strong>Ob f\u00fcr einen entspannten Stadtbummel, ein Treffen mit Freunden zum Kaffee oder um Ihrem Sommeroutfit eine elegante Note zu verleihen \u2013 diese Hausschuhe sind die perfekte Wahl. Kombinieren Sie sie mit flie\u00dfenden Kleidern, Jeans oder sogar Business-Outfits f\u00fcr einen modernen und schicken Look. <\/p>\n<\/div>\n<p>[\/vc_column_text][vc_row_inner][vc_column_inner width=&#8221;1\/2&#8243;][vc_single_image image=&#8221;2580&#8243; img_size=&#8221;full&#8221; alignment=&#8221;center&#8221; parallax_scroll=&#8221;no&#8221; woodmart_inline=&#8221;no&#8221;][\/vc_column_inner][vc_column_inner width=&#8221;1\/2&#8243;][vc_single_image image=&#8221;7452&#8243; img_size=&#8221;full&#8221; alignment=&#8221;center&#8221; parallax_scroll=&#8221;no&#8221; woodmart_inline=&#8221;no&#8221;][\/vc_column_inner][\/vc_row_inner][vc_row_inner][vc_column_inner][vc_column_text woodmart_inline=&#8221;no&#8221; text_larger=&#8221;no&#8221;] <\/p>\n<p style=\"text-align: center;\">Bei der Auswahl Ihres neuen DiSiMi? Bei der Auswahl Ihrer Hausschuhe sollten Sie auf die richtige Gr\u00f6\u00dfe achten. Zu kleine Hausschuhe sind nie bequem, zu gro\u00dfe k\u00f6nnen gef\u00e4hrlich sein, besonders wenn Sie viele Treppen steigen. Messen Sie daher bitte vor der Bestellung Ihre F\u00fc\u00dfe und vergleichen Sie die Ma\u00dfe mit unserer Gr\u00f6\u00dfentabelle.<\/p>\n<div class=\"product-zadnje\">\n<p style=\"text-align: center;\">Unsere Garantie: Wir sind von der herausragenden Qualit\u00e4t und dem Design unserer Hausschuhe \u00fcberzeugt. Wir glauben so sehr an unser Produkt, dass wir sicher sind, dass es Sie begeistern wird. Sollten die DiSiMi?-Hausschuhe Ihre Erwartungen nicht erf\u00fcllen, k\u00f6nnen Sie sie jederzeit zur\u00fccksenden und erhalten innerhalb der ersten 30 Tage eine volle R\u00fcckerstattung.<\/p>\n<\/div>\n<p>[\/vc_column_text][\/vc_column_inner][\/vc_row_inner][\/vc_column][\/vc_row]<\/p>\n<\/div>","protected":false},"excerpt":{"rendered":"<p>Bequem, elegant, anders! Feminines Modell mit gro\u00dfer Schnalle. <\/p>\n<p>Bequeme und effektive Hausschuhe geh\u00f6ren zu den Must-haves f\u00fcr Fr\u00fchling und Sommer. Das Obermaterial besteht aus verarbeitetem \u00d6ko-Leder, unter der PU-Innensohle sorgt eine Schicht Memory-Schaum f\u00fcr perfekten Komfort. Die Sohle ist aus einer Kombination von EVA-Material und Gummi gefertigt. <\/p>\n<p>Erg\u00e4nzen Sie Ihre Schuhsammlung mit diesen eleganten Hausschuhen und setzen Sie ein modisches Statement! Klicken Sie auf \u201eIn den Warenkorb\u201c und genie\u00dfen Sie die Kombination aus Komfort und Luxus. <\/p>\n<p>&nbsp; <\/p>\n<table style=\"height: 214px;\" border=\"0\" width=\"252\" cellspacing=\"0\" cellpadding=\"0\">\n<tbody>\n<tr>\n<td valign=\"bottom\" nowrap=\"nowrap\" width=\"127\">\n<div>GR\u00d6SSE<u><\/u><u><\/u><\/div>\n<\/td>\n<td valign=\"bottom\" nowrap=\"nowrap\" width=\"127\">L\u00c4NGE IN MILLIMETERN<\/td>\n<\/tr>\n<tr>\n<td valign=\"bottom\" nowrap=\"nowrap\" width=\"127\">\n<div>37<u><\/u><\/div>\n<\/td>\n<td valign=\"bottom\" nowrap=\"nowrap\" width=\"127\">\n<div>242<\/div>\n<\/td>\n<\/tr>\n<tr>\n<td valign=\"bottom\" nowrap=\"nowrap\" width=\"127\">\n<div>38<u><\/u><\/div>\n<\/td>\n<td valign=\"bottom\" nowrap=\"nowrap\" width=\"127\">\n<div>248<\/div>\n<\/td>\n<\/tr>\n<tr>\n<td valign=\"bottom\" nowrap=\"nowrap\" width=\"127\">\n<div>39<u><\/u><\/div>\n<\/td>\n<td valign=\"bottom\" nowrap=\"nowrap\" width=\"127\">\n<div>254<\/div>\n<\/td>\n<\/tr>\n<tr>\n<td valign=\"bottom\" nowrap=\"nowrap\" width=\"127\">40<\/td>\n<td valign=\"bottom\" nowrap=\"nowrap\" width=\"127\">\n<div>260<\/div>\n<\/td>\n<\/tr>\n<tr>\n<td valign=\"bottom\" nowrap=\"nowrap\" width=\"127\">\n<div>41<u><\/u><\/div>\n<\/td>\n<td valign=\"bottom\" nowrap=\"nowrap\" width=\"127\">\n<div>268<\/div>\n<\/td>\n<\/tr>\n<tr>\n<td valign=\"bottom\" nowrap=\"nowrap\" width=\"127\">\n<div>42<u><\/u><\/div>\n<\/td>\n<td valign=\"bottom\" nowrap=\"nowrap\" width=\"127\">\n<div>276<\/div>\n<\/td>\n<\/tr>\n<\/tbody>\n<\/table>\n","protected":false},"featured_media":124501,"template":"","meta":[],"product_brand":[],"product_cat":[246,242],"product_tag":[235],"class_list":{"0":"post-117980","1":"product","2":"type-product","3":"status-publish","4":"has-post-thumbnail","6":"product_cat-pantoletten","7":"product_cat-sommerschuhe","8":"product_tag-outfit-5","10":"first","11":"instock","12":"featured","13":"taxable","14":"shipping-taxable","15":"purchasable","16":"product-type-variable"},"yoast_head":"<!-- This site is optimized with the Yoast SEO plugin v27.5 - https:\/\/yoast.com\/product\/yoast-seo-wordpress\/ -->\n<title>Loafer mit gro\u00dfer Schnalle in \u201eWei\u00dfer Textur\u201c \u2013 nzf2509 - DISIMI?<\/title>\n<meta name=\"robots\" content=\"index, follow, max-snippet:-1, max-image-preview:large, max-video-preview:-1\" \/>\n<link rel=\"canonical\" href=\"https:\/\/disimi.hr\/de\/produkt\/natikace-sa-velikom-kopcom-white-texture-nzf2509\/\" \/>\n<meta property=\"og:locale\" content=\"de_DE\" \/>\n<meta property=\"og:type\" content=\"article\" \/>\n<meta property=\"og:title\" content=\"Loafer mit gro\u00dfer Schnalle in \u201eWei\u00dfer Textur\u201c \u2013 nzf2509 - DISIMI?\" \/>\n<meta property=\"og:description\" content=\"Bequem, elegant, anders! Feminines Modell mit gro\u00dfer Schnalle.  Bequeme und effektive Hausschuhe geh\u00f6ren zu den Must-haves f\u00fcr Fr\u00fchling und Sommer. Das Obermaterial besteht aus verarbeitetem \u00d6ko-Leder, unter der PU-Innensohle sorgt eine Schicht Memory-Schaum f\u00fcr perfekten Komfort. Die Sohle ist aus einer Kombination von EVA-Material und Gummi gefertigt.  Erg\u00e4nzen Sie Ihre Schuhsammlung mit diesen eleganten Hausschuhen und setzen Sie ein modisches Statement! Klicken Sie auf \u201eIn den Warenkorb\u201c und genie\u00dfen Sie die Kombination aus Komfort und Luxus.  &nbsp;     GR\u00d6SSE L\u00c4NGE IN MILLIMETERN    37  242    38  248    39  254   40  260    41  268    42  276\" \/>\n<meta property=\"og:url\" content=\"https:\/\/disimi.hr\/de\/produkt\/natikace-sa-velikom-kopcom-white-texture-nzf2509\/\" \/>\n<meta property=\"og:site_name\" content=\"DISIMI?\" \/>\n<meta property=\"article:publisher\" content=\"https:\/\/www.facebook.com\/DISIMI.hr\/\" \/>\n<meta property=\"article:modified_time\" content=\"2026-05-06T08:26:28+00:00\" \/>\n<meta property=\"og:image\" content=\"https:\/\/disimi.hr\/wp-content\/uploads\/2025\/03\/NZF2509-w.jpg\" \/>\n\t<meta property=\"og:image:width\" content=\"800\" \/>\n\t<meta property=\"og:image:height\" content=\"800\" \/>\n\t<meta property=\"og:image:type\" content=\"image\/jpeg\" \/>\n<meta name=\"twitter:card\" content=\"summary_large_image\" \/>\n<meta name=\"twitter:label1\" content=\"Gesch\u00e4tzte Lesezeit\" \/>\n\t<meta name=\"twitter:data1\" content=\"2\u00a0Minute\" \/>\n<script type=\"application\/ld+json\" class=\"yoast-schema-graph\">{\"@context\":\"https:\\\/\\\/schema.org\",\"@graph\":[{\"@type\":\"WebPage\",\"@id\":\"https:\\\/\\\/disimi.hr\\\/de\\\/produkt\\\/natikace-sa-velikom-kopcom-white-texture-nzf2509\\\/\",\"url\":\"https:\\\/\\\/disimi.hr\\\/de\\\/produkt\\\/natikace-sa-velikom-kopcom-white-texture-nzf2509\\\/\",\"name\":\"Loafer mit gro\u00dfer Schnalle in \u201eWei\u00dfer Textur\u201c \u2013 nzf2509 - DISIMI?\",\"isPartOf\":{\"@id\":\"https:\\\/\\\/disimi.hr\\\/#website\"},\"primaryImageOfPage\":{\"@id\":\"https:\\\/\\\/disimi.hr\\\/de\\\/produkt\\\/natikace-sa-velikom-kopcom-white-texture-nzf2509\\\/#primaryimage\"},\"image\":{\"@id\":\"https:\\\/\\\/disimi.hr\\\/de\\\/produkt\\\/natikace-sa-velikom-kopcom-white-texture-nzf2509\\\/#primaryimage\"},\"thumbnailUrl\":\"https:\\\/\\\/disimi.hr\\\/wp-content\\\/uploads\\\/2025\\\/03\\\/NZF2509-w.jpg\",\"datePublished\":\"2025-03-21T11:05:41+00:00\",\"dateModified\":\"2026-05-06T08:26:28+00:00\",\"breadcrumb\":{\"@id\":\"https:\\\/\\\/disimi.hr\\\/de\\\/produkt\\\/natikace-sa-velikom-kopcom-white-texture-nzf2509\\\/#breadcrumb\"},\"inLanguage\":\"de\",\"potentialAction\":[{\"@type\":\"ReadAction\",\"target\":[\"https:\\\/\\\/disimi.hr\\\/de\\\/produkt\\\/natikace-sa-velikom-kopcom-white-texture-nzf2509\\\/\"]}]},{\"@type\":\"ImageObject\",\"inLanguage\":\"de\",\"@id\":\"https:\\\/\\\/disimi.hr\\\/de\\\/produkt\\\/natikace-sa-velikom-kopcom-white-texture-nzf2509\\\/#primaryimage\",\"url\":\"https:\\\/\\\/disimi.hr\\\/wp-content\\\/uploads\\\/2025\\\/03\\\/NZF2509-w.jpg\",\"contentUrl\":\"https:\\\/\\\/disimi.hr\\\/wp-content\\\/uploads\\\/2025\\\/03\\\/NZF2509-w.jpg\",\"width\":800,\"height\":800},{\"@type\":\"BreadcrumbList\",\"@id\":\"https:\\\/\\\/disimi.hr\\\/de\\\/produkt\\\/natikace-sa-velikom-kopcom-white-texture-nzf2509\\\/#breadcrumb\",\"itemListElement\":[{\"@type\":\"ListItem\",\"position\":1,\"name\":\"Po\u010detna stranica\",\"item\":\"https:\\\/\\\/disimi.hr\\\/de\\\/\"},{\"@type\":\"ListItem\",\"position\":2,\"name\":\"Produkte\",\"item\":\"https:\\\/\\\/disimi.hr\\\/de\\\/produkte\\\/\"},{\"@type\":\"ListItem\",\"position\":3,\"name\":\"Loafer mit gro\u00dfer Schnalle in \u201eWei\u00dfer Textur\u201c \u2013 nzf2509\"}]},{\"@type\":\"WebSite\",\"@id\":\"https:\\\/\\\/disimi.hr\\\/#website\",\"url\":\"https:\\\/\\\/disimi.hr\\\/\",\"name\":\"DISIMI?\",\"description\":\"Hrvatski brand i jedinstveni dizajn!\",\"publisher\":{\"@id\":\"https:\\\/\\\/disimi.hr\\\/#organization\"},\"potentialAction\":[{\"@type\":\"SearchAction\",\"target\":{\"@type\":\"EntryPoint\",\"urlTemplate\":\"https:\\\/\\\/disimi.hr\\\/?s={search_term_string}\"},\"query-input\":{\"@type\":\"PropertyValueSpecification\",\"valueRequired\":true,\"valueName\":\"search_term_string\"}}],\"inLanguage\":\"de\"},{\"@type\":\"Organization\",\"@id\":\"https:\\\/\\\/disimi.hr\\\/#organization\",\"name\":\"DiSiMi?\",\"url\":\"https:\\\/\\\/disimi.hr\\\/\",\"logo\":{\"@type\":\"ImageObject\",\"inLanguage\":\"de\",\"@id\":\"https:\\\/\\\/disimi.hr\\\/#\\\/schema\\\/logo\\\/image\\\/\",\"url\":\"https:\\\/\\\/disimi.hr\\\/wp-content\\\/uploads\\\/2022\\\/02\\\/logo2.jpg\",\"contentUrl\":\"https:\\\/\\\/disimi.hr\\\/wp-content\\\/uploads\\\/2022\\\/02\\\/logo2.jpg\",\"width\":250,\"height\":79,\"caption\":\"DiSiMi?\"},\"image\":{\"@id\":\"https:\\\/\\\/disimi.hr\\\/#\\\/schema\\\/logo\\\/image\\\/\"},\"sameAs\":[\"https:\\\/\\\/www.facebook.com\\\/DISIMI.hr\\\/\",\"https:\\\/\\\/www.instagram.com\\\/disimi.hr\\\/\"]}]}<\/script>\n<!-- \/ Yoast SEO plugin. -->","yoast_head_json":{"title":"Loafer mit gro\u00dfer Schnalle in \u201eWei\u00dfer Textur\u201c \u2013 nzf2509 - DISIMI?","robots":{"index":"index","follow":"follow","max-snippet":"max-snippet:-1","max-image-preview":"max-image-preview:large","max-video-preview":"max-video-preview:-1"},"canonical":"https:\/\/disimi.hr\/de\/produkt\/natikace-sa-velikom-kopcom-white-texture-nzf2509\/","og_locale":"de_DE","og_type":"article","og_title":"Loafer mit gro\u00dfer Schnalle in \u201eWei\u00dfer Textur\u201c \u2013 nzf2509 - DISIMI?","og_description":"Bequem, elegant, anders! Feminines Modell mit gro\u00dfer Schnalle.  Bequeme und effektive Hausschuhe geh\u00f6ren zu den Must-haves f\u00fcr Fr\u00fchling und Sommer. Das Obermaterial besteht aus verarbeitetem \u00d6ko-Leder, unter der PU-Innensohle sorgt eine Schicht Memory-Schaum f\u00fcr perfekten Komfort. Die Sohle ist aus einer Kombination von EVA-Material und Gummi gefertigt.  Erg\u00e4nzen Sie Ihre Schuhsammlung mit diesen eleganten Hausschuhen und setzen Sie ein modisches Statement! Klicken Sie auf \u201eIn den Warenkorb\u201c und genie\u00dfen Sie die Kombination aus Komfort und Luxus.  &nbsp;     GR\u00d6SSE L\u00c4NGE IN MILLIMETERN    37  242    38  248    39  254   40  260    41  268    42  276","og_url":"https:\/\/disimi.hr\/de\/produkt\/natikace-sa-velikom-kopcom-white-texture-nzf2509\/","og_site_name":"DISIMI?","article_publisher":"https:\/\/www.facebook.com\/DISIMI.hr\/","article_modified_time":"2026-05-06T08:26:28+00:00","og_image":[{"width":800,"height":800,"url":"https:\/\/disimi.hr\/wp-content\/uploads\/2025\/03\/NZF2509-w.jpg","type":"image\/jpeg"}],"twitter_card":"summary_large_image","twitter_misc":{"Gesch\u00e4tzte Lesezeit":"2\u00a0Minute"},"schema":{"@context":"https:\/\/schema.org","@graph":[{"@type":"WebPage","@id":"https:\/\/disimi.hr\/de\/produkt\/natikace-sa-velikom-kopcom-white-texture-nzf2509\/","url":"https:\/\/disimi.hr\/de\/produkt\/natikace-sa-velikom-kopcom-white-texture-nzf2509\/","name":"Loafer mit gro\u00dfer Schnalle in \u201eWei\u00dfer Textur\u201c \u2013 nzf2509 - DISIMI?","isPartOf":{"@id":"https:\/\/disimi.hr\/#website"},"primaryImageOfPage":{"@id":"https:\/\/disimi.hr\/de\/produkt\/natikace-sa-velikom-kopcom-white-texture-nzf2509\/#primaryimage"},"image":{"@id":"https:\/\/disimi.hr\/de\/produkt\/natikace-sa-velikom-kopcom-white-texture-nzf2509\/#primaryimage"},"thumbnailUrl":"https:\/\/disimi.hr\/wp-content\/uploads\/2025\/03\/NZF2509-w.jpg","datePublished":"2025-03-21T11:05:41+00:00","dateModified":"2026-05-06T08:26:28+00:00","breadcrumb":{"@id":"https:\/\/disimi.hr\/de\/produkt\/natikace-sa-velikom-kopcom-white-texture-nzf2509\/#breadcrumb"},"inLanguage":"de","potentialAction":[{"@type":"ReadAction","target":["https:\/\/disimi.hr\/de\/produkt\/natikace-sa-velikom-kopcom-white-texture-nzf2509\/"]}]},{"@type":"ImageObject","inLanguage":"de","@id":"https:\/\/disimi.hr\/de\/produkt\/natikace-sa-velikom-kopcom-white-texture-nzf2509\/#primaryimage","url":"https:\/\/disimi.hr\/wp-content\/uploads\/2025\/03\/NZF2509-w.jpg","contentUrl":"https:\/\/disimi.hr\/wp-content\/uploads\/2025\/03\/NZF2509-w.jpg","width":800,"height":800},{"@type":"BreadcrumbList","@id":"https:\/\/disimi.hr\/de\/produkt\/natikace-sa-velikom-kopcom-white-texture-nzf2509\/#breadcrumb","itemListElement":[{"@type":"ListItem","position":1,"name":"Po\u010detna stranica","item":"https:\/\/disimi.hr\/de\/"},{"@type":"ListItem","position":2,"name":"Produkte","item":"https:\/\/disimi.hr\/de\/produkte\/"},{"@type":"ListItem","position":3,"name":"Loafer mit gro\u00dfer Schnalle in \u201eWei\u00dfer Textur\u201c \u2013 nzf2509"}]},{"@type":"WebSite","@id":"https:\/\/disimi.hr\/#website","url":"https:\/\/disimi.hr\/","name":"DISIMI?","description":"Hrvatski brand i jedinstveni dizajn!","publisher":{"@id":"https:\/\/disimi.hr\/#organization"},"potentialAction":[{"@type":"SearchAction","target":{"@type":"EntryPoint","urlTemplate":"https:\/\/disimi.hr\/?s={search_term_string}"},"query-input":{"@type":"PropertyValueSpecification","valueRequired":true,"valueName":"search_term_string"}}],"inLanguage":"de"},{"@type":"Organization","@id":"https:\/\/disimi.hr\/#organization","name":"DiSiMi?","url":"https:\/\/disimi.hr\/","logo":{"@type":"ImageObject","inLanguage":"de","@id":"https:\/\/disimi.hr\/#\/schema\/logo\/image\/","url":"https:\/\/disimi.hr\/wp-content\/uploads\/2022\/02\/logo2.jpg","contentUrl":"https:\/\/disimi.hr\/wp-content\/uploads\/2022\/02\/logo2.jpg","width":250,"height":79,"caption":"DiSiMi?"},"image":{"@id":"https:\/\/disimi.hr\/#\/schema\/logo\/image\/"},"sameAs":["https:\/\/www.facebook.com\/DISIMI.hr\/","https:\/\/www.instagram.com\/disimi.hr\/"]}]}},"_links":{"self":[{"href":"https:\/\/disimi.hr\/de\/wp-json\/wp\/v2\/product\/117980","targetHints":{"allow":["GET"]}}],"collection":[{"href":"https:\/\/disimi.hr\/de\/wp-json\/wp\/v2\/product"}],"about":[{"href":"https:\/\/disimi.hr\/de\/wp-json\/wp\/v2\/types\/product"}],"wp:featuredmedia":[{"embeddable":true,"href":"https:\/\/disimi.hr\/de\/wp-json\/wp\/v2\/media\/124501"}],"wp:attachment":[{"href":"https:\/\/disimi.hr\/de\/wp-json\/wp\/v2\/media?parent=117980"}],"wp:term":[{"taxonomy":"product_brand","embeddable":true,"href":"https:\/\/disimi.hr\/de\/wp-json\/wp\/v2\/product_brand?post=117980"},{"taxonomy":"product_cat","embeddable":true,"href":"https:\/\/disimi.hr\/de\/wp-json\/wp\/v2\/product_cat?post=117980"},{"taxonomy":"product_tag","embeddable":true,"href":"https:\/\/disimi.hr\/de\/wp-json\/wp\/v2\/product_tag?post=117980"}],"curies":[{"name":"wp","href":"https:\/\/api.w.org\/{rel}","templated":true}]}}