{"id":117908,"date":"2025-03-21T13:27:24","date_gmt":"2025-03-21T12:27:24","guid":{"rendered":"https:\/\/disimi.hr\/proizvod\/natikace-sa-dvije-trake-crne-nzf2513\/"},"modified":"2026-05-06T10:27:02","modified_gmt":"2026-05-06T08:27:02","slug":"natikace-sa-dvije-trake-crne-nzf2513","status":"publish","type":"product","link":"https:\/\/disimi.hr\/de\/produkt\/natikace-sa-dvije-trake-crne-nzf2513\/","title":{"rendered":"Hausschuhe mit zwei Riemen \u201eSchwarz\u201c &#8211; nzf2513"},"content":{"rendered":"<div class=\"wpb-content-wrapper\"><p>[vc_row][vc_column][vc_row_inner][vc_column_inner width=&#8221;1\/2&#8243;][vc_single_image image=&#8221;2580&#8243; img_size=&#8221;full&#8221; alignment=&#8221;center&#8221; parallax_scroll=&#8221;no&#8221; woodmart_inline=&#8221;no&#8221;][\/vc_column_inner][vc_column_inner width=&#8221;1\/2&#8243;][vc_single_image image=&#8221;7452&#8243; img_size=&#8221;full&#8221; alignment=&#8221;center&#8221; parallax_scroll=&#8221;no&#8221; woodmart_inline=&#8221;no&#8221;][\/vc_column_inner][\/vc_row_inner][vc_row_inner][vc_column_inner][vc_column_text woodmart_inline=&#8221;no&#8221; text_larger=&#8221;no&#8221;] <\/p>\n<p style=\"text-align: center;\">Bei der Auswahl Ihres neuen DiSiMi? Bei Hausschuhen ist die richtige Gr\u00f6\u00dfe entscheidend. Zu kleine Hausschuhe sind nie bequem, zu gro\u00dfe k\u00f6nnen gef\u00e4hrlich sein, besonders wenn Sie viel Treppen steigen. Messen Sie daher bitte vor der Bestellung Ihre F\u00fc\u00dfe und vergleichen Sie die Ma\u00dfe mit unserer Gr\u00f6\u00dfentabelle.<\/p>\n<div class=\"product-zadnje\">\n<p style=\"text-align: center;\">Unsere Garantie: Wir sind von der herausragenden Qualit\u00e4t und dem ansprechenden Design unserer Hausschuhe \u00fcberzeugt. Wir glauben so sehr an unser Produkt, dass wir sicher sind, dass es Sie begeistern wird. Sollten die DiSiMi?-Hausschuhe Ihre Erwartungen nicht erf\u00fcllen, k\u00f6nnen Sie sie jederzeit zur\u00fccksenden und erhalten innerhalb der ersten 30 Tage eine volle R\u00fcckerstattung.<\/p>\n<\/div>\n<p>[\/vc_column_text][\/vc_column_inner][\/vc_row_inner][\/vc_column][\/vc_row]<\/p>\n<\/div>","protected":false},"excerpt":{"rendered":"<p>Verleihen Sie Ihren Schuhen Eleganz und Komfort mit diesen raffinierten Zweiriemen-Loafern! Ihr minimalistisches Design in Schwarz mit markanten goldenen Schnallen macht sie zur perfekten Wahl f\u00fcr jeden Anlass \u2013 vom Alltagsspaziergang bis zum legeren Abendausflug. Diese Loafer sind die ideale Kombination aus Stil und Funktionalit\u00e4t \u2013 ein Must-have-Accessoire f\u00fcr die moderne Frau, die Wert auf Komfort legt, ohne dabei auf \u00c4sthetik zu verzichten! <\/p>\n<p>Bequem und praktisch: Loafer geh\u00f6ren zu den wichtigsten Schuhmodellen f\u00fcr die w\u00e4rmsten Fr\u00fchlings- und Sommertage. Zarte Farbt\u00f6ne, hohe Abs\u00e4tze, Komfort \u2013 eine unschlagbare Sommerkombination! Das Obermaterial besteht aus behandeltem \u00d6ko-Leder, unter der PU-Innensohle sorgt eine Schicht Memory-Schaum f\u00fcr perfekten Tragekomfort. Die Sohle ist aus einer Kombination von EVA-Material und Gummi gefertigt. <\/p>\n<p>Perfekt zu Sommerkleidern, eleganten Hosen oder Ihrer Lieblingsjeans \u2013 diese Loafer werden schnell zu Ihrem Lieblingsbegleiter f\u00fcr jeden Tag! <\/p>\n<table style=\"height: 214px;\" border=\"0\" width=\"252\" cellspacing=\"0\" cellpadding=\"0\">\n<tbody>\n<tr>\n<td valign=\"bottom\" nowrap=\"nowrap\" width=\"127\">\n<div>GR\u00d6SSE<u><\/u><u><\/u><\/div>\n<\/td>\n<td valign=\"bottom\" nowrap=\"nowrap\" width=\"127\">L\u00c4NGE IN MILLIMETERN<\/td>\n<\/tr>\n<tr>\n<td valign=\"bottom\" nowrap=\"nowrap\" width=\"127\">\n<div>37<u><\/u><\/div>\n<\/td>\n<td valign=\"bottom\" nowrap=\"nowrap\" width=\"127\">\n<div>240<\/div>\n<\/td>\n<\/tr>\n<tr>\n<td valign=\"bottom\" nowrap=\"nowrap\" width=\"127\">\n<div>38<u><\/u><\/div>\n<\/td>\n<td valign=\"bottom\" nowrap=\"nowrap\" width=\"127\">\n<div>245<\/div>\n<\/td>\n<\/tr>\n<tr>\n<td valign=\"bottom\" nowrap=\"nowrap\" width=\"127\">\n<div>39<u><\/u><\/div>\n<\/td>\n<td valign=\"bottom\" nowrap=\"nowrap\" width=\"127\">\n<div>250<\/div>\n<\/td>\n<\/tr>\n<tr>\n<td valign=\"bottom\" nowrap=\"nowrap\" width=\"127\">40<\/td>\n<td valign=\"bottom\" nowrap=\"nowrap\" width=\"127\">\n<div>260<\/div>\n<\/td>\n<\/tr>\n<tr>\n<td valign=\"bottom\" nowrap=\"nowrap\" width=\"127\">\n<div>41<u><\/u><\/div>\n<\/td>\n<td valign=\"bottom\" nowrap=\"nowrap\" width=\"127\">\n<div>267<\/div>\n<\/td>\n<\/tr>\n<tr>\n<td valign=\"bottom\" nowrap=\"nowrap\" width=\"127\">\n<div>42<u><\/u><\/div>\n<\/td>\n<td valign=\"bottom\" nowrap=\"nowrap\" width=\"127\">\n<div>272<\/div>\n<\/td>\n<\/tr>\n<\/tbody>\n<\/table>\n","protected":false},"featured_media":124530,"template":"","meta":[],"product_brand":[],"product_cat":[246,242],"product_tag":[261],"class_list":{"0":"post-117908","1":"product","2":"type-product","3":"status-publish","4":"has-post-thumbnail","6":"product_cat-pantoletten","7":"product_cat-sommerschuhe","8":"product_tag-outfit-6","10":"first","11":"instock","12":"featured","13":"taxable","14":"shipping-taxable","15":"purchasable","16":"product-type-variable"},"yoast_head":"<!-- This site is optimized with the Yoast SEO plugin v27.5 - https:\/\/yoast.com\/product\/yoast-seo-wordpress\/ -->\n<title>Hausschuhe mit zwei Riemen \u201eSchwarz\u201c - nzf2513 - DISIMI?<\/title>\n<meta name=\"robots\" content=\"index, follow, max-snippet:-1, max-image-preview:large, max-video-preview:-1\" \/>\n<link rel=\"canonical\" href=\"https:\/\/disimi.hr\/de\/produkt\/natikace-sa-dvije-trake-crne-nzf2513\/\" \/>\n<meta property=\"og:locale\" content=\"de_DE\" \/>\n<meta property=\"og:type\" content=\"article\" \/>\n<meta property=\"og:title\" content=\"Hausschuhe mit zwei Riemen \u201eSchwarz\u201c - nzf2513 - DISIMI?\" \/>\n<meta property=\"og:description\" content=\"Verleihen Sie Ihren Schuhen Eleganz und Komfort mit diesen raffinierten Zweiriemen-Loafern! Ihr minimalistisches Design in Schwarz mit markanten goldenen Schnallen macht sie zur perfekten Wahl f\u00fcr jeden Anlass \u2013 vom Alltagsspaziergang bis zum legeren Abendausflug. Diese Loafer sind die ideale Kombination aus Stil und Funktionalit\u00e4t \u2013 ein Must-have-Accessoire f\u00fcr die moderne Frau, die Wert auf Komfort legt, ohne dabei auf \u00c4sthetik zu verzichten!  Bequem und praktisch: Loafer geh\u00f6ren zu den wichtigsten Schuhmodellen f\u00fcr die w\u00e4rmsten Fr\u00fchlings- und Sommertage. Zarte Farbt\u00f6ne, hohe Abs\u00e4tze, Komfort \u2013 eine unschlagbare Sommerkombination! Das Obermaterial besteht aus behandeltem \u00d6ko-Leder, unter der PU-Innensohle sorgt eine Schicht Memory-Schaum f\u00fcr perfekten Tragekomfort. Die Sohle ist aus einer Kombination von EVA-Material und Gummi gefertigt.  Perfekt zu Sommerkleidern, eleganten Hosen oder Ihrer Lieblingsjeans \u2013 diese Loafer werden schnell zu Ihrem Lieblingsbegleiter f\u00fcr jeden Tag!     GR\u00d6SSE L\u00c4NGE IN MILLIMETERN    37  240    38  245    39  250   40  260    41  267    42  272\" \/>\n<meta property=\"og:url\" content=\"https:\/\/disimi.hr\/de\/produkt\/natikace-sa-dvije-trake-crne-nzf2513\/\" \/>\n<meta property=\"og:site_name\" content=\"DISIMI?\" \/>\n<meta property=\"article:publisher\" content=\"https:\/\/www.facebook.com\/DISIMI.hr\/\" \/>\n<meta property=\"article:modified_time\" content=\"2026-05-06T08:27:02+00:00\" \/>\n<meta property=\"og:image\" content=\"https:\/\/disimi.hr\/wp-content\/uploads\/2025\/03\/NZF2513-w.jpg\" \/>\n\t<meta property=\"og:image:width\" content=\"800\" \/>\n\t<meta property=\"og:image:height\" content=\"800\" \/>\n\t<meta property=\"og:image:type\" content=\"image\/jpeg\" \/>\n<meta name=\"twitter:card\" content=\"summary_large_image\" \/>\n<meta name=\"twitter:label1\" content=\"Gesch\u00e4tzte Lesezeit\" \/>\n\t<meta name=\"twitter:data1\" content=\"1\u00a0Minute\" \/>\n<script type=\"application\/ld+json\" class=\"yoast-schema-graph\">{\"@context\":\"https:\\\/\\\/schema.org\",\"@graph\":[{\"@type\":\"WebPage\",\"@id\":\"https:\\\/\\\/disimi.hr\\\/de\\\/produkt\\\/natikace-sa-dvije-trake-crne-nzf2513\\\/\",\"url\":\"https:\\\/\\\/disimi.hr\\\/de\\\/produkt\\\/natikace-sa-dvije-trake-crne-nzf2513\\\/\",\"name\":\"Hausschuhe mit zwei Riemen \u201eSchwarz\u201c - nzf2513 - DISIMI?\",\"isPartOf\":{\"@id\":\"https:\\\/\\\/disimi.hr\\\/#website\"},\"primaryImageOfPage\":{\"@id\":\"https:\\\/\\\/disimi.hr\\\/de\\\/produkt\\\/natikace-sa-dvije-trake-crne-nzf2513\\\/#primaryimage\"},\"image\":{\"@id\":\"https:\\\/\\\/disimi.hr\\\/de\\\/produkt\\\/natikace-sa-dvije-trake-crne-nzf2513\\\/#primaryimage\"},\"thumbnailUrl\":\"https:\\\/\\\/disimi.hr\\\/wp-content\\\/uploads\\\/2025\\\/03\\\/NZF2513-w.jpg\",\"datePublished\":\"2025-03-21T12:27:24+00:00\",\"dateModified\":\"2026-05-06T08:27:02+00:00\",\"breadcrumb\":{\"@id\":\"https:\\\/\\\/disimi.hr\\\/de\\\/produkt\\\/natikace-sa-dvije-trake-crne-nzf2513\\\/#breadcrumb\"},\"inLanguage\":\"de\",\"potentialAction\":[{\"@type\":\"ReadAction\",\"target\":[\"https:\\\/\\\/disimi.hr\\\/de\\\/produkt\\\/natikace-sa-dvije-trake-crne-nzf2513\\\/\"]}]},{\"@type\":\"ImageObject\",\"inLanguage\":\"de\",\"@id\":\"https:\\\/\\\/disimi.hr\\\/de\\\/produkt\\\/natikace-sa-dvije-trake-crne-nzf2513\\\/#primaryimage\",\"url\":\"https:\\\/\\\/disimi.hr\\\/wp-content\\\/uploads\\\/2025\\\/03\\\/NZF2513-w.jpg\",\"contentUrl\":\"https:\\\/\\\/disimi.hr\\\/wp-content\\\/uploads\\\/2025\\\/03\\\/NZF2513-w.jpg\",\"width\":800,\"height\":800},{\"@type\":\"BreadcrumbList\",\"@id\":\"https:\\\/\\\/disimi.hr\\\/de\\\/produkt\\\/natikace-sa-dvije-trake-crne-nzf2513\\\/#breadcrumb\",\"itemListElement\":[{\"@type\":\"ListItem\",\"position\":1,\"name\":\"Po\u010detna stranica\",\"item\":\"https:\\\/\\\/disimi.hr\\\/de\\\/\"},{\"@type\":\"ListItem\",\"position\":2,\"name\":\"Produkte\",\"item\":\"https:\\\/\\\/disimi.hr\\\/de\\\/produkte\\\/\"},{\"@type\":\"ListItem\",\"position\":3,\"name\":\"Hausschuhe mit zwei Riemen \u201eSchwarz\u201c &#8211; nzf2513\"}]},{\"@type\":\"WebSite\",\"@id\":\"https:\\\/\\\/disimi.hr\\\/#website\",\"url\":\"https:\\\/\\\/disimi.hr\\\/\",\"name\":\"DISIMI?\",\"description\":\"Hrvatski brand i jedinstveni dizajn!\",\"publisher\":{\"@id\":\"https:\\\/\\\/disimi.hr\\\/#organization\"},\"potentialAction\":[{\"@type\":\"SearchAction\",\"target\":{\"@type\":\"EntryPoint\",\"urlTemplate\":\"https:\\\/\\\/disimi.hr\\\/?s={search_term_string}\"},\"query-input\":{\"@type\":\"PropertyValueSpecification\",\"valueRequired\":true,\"valueName\":\"search_term_string\"}}],\"inLanguage\":\"de\"},{\"@type\":\"Organization\",\"@id\":\"https:\\\/\\\/disimi.hr\\\/#organization\",\"name\":\"DiSiMi?\",\"url\":\"https:\\\/\\\/disimi.hr\\\/\",\"logo\":{\"@type\":\"ImageObject\",\"inLanguage\":\"de\",\"@id\":\"https:\\\/\\\/disimi.hr\\\/#\\\/schema\\\/logo\\\/image\\\/\",\"url\":\"https:\\\/\\\/disimi.hr\\\/wp-content\\\/uploads\\\/2022\\\/02\\\/logo2.jpg\",\"contentUrl\":\"https:\\\/\\\/disimi.hr\\\/wp-content\\\/uploads\\\/2022\\\/02\\\/logo2.jpg\",\"width\":250,\"height\":79,\"caption\":\"DiSiMi?\"},\"image\":{\"@id\":\"https:\\\/\\\/disimi.hr\\\/#\\\/schema\\\/logo\\\/image\\\/\"},\"sameAs\":[\"https:\\\/\\\/www.facebook.com\\\/DISIMI.hr\\\/\",\"https:\\\/\\\/www.instagram.com\\\/disimi.hr\\\/\"]}]}<\/script>\n<!-- \/ Yoast SEO plugin. -->","yoast_head_json":{"title":"Hausschuhe mit zwei Riemen \u201eSchwarz\u201c - nzf2513 - DISIMI?","robots":{"index":"index","follow":"follow","max-snippet":"max-snippet:-1","max-image-preview":"max-image-preview:large","max-video-preview":"max-video-preview:-1"},"canonical":"https:\/\/disimi.hr\/de\/produkt\/natikace-sa-dvije-trake-crne-nzf2513\/","og_locale":"de_DE","og_type":"article","og_title":"Hausschuhe mit zwei Riemen \u201eSchwarz\u201c - nzf2513 - DISIMI?","og_description":"Verleihen Sie Ihren Schuhen Eleganz und Komfort mit diesen raffinierten Zweiriemen-Loafern! Ihr minimalistisches Design in Schwarz mit markanten goldenen Schnallen macht sie zur perfekten Wahl f\u00fcr jeden Anlass \u2013 vom Alltagsspaziergang bis zum legeren Abendausflug. Diese Loafer sind die ideale Kombination aus Stil und Funktionalit\u00e4t \u2013 ein Must-have-Accessoire f\u00fcr die moderne Frau, die Wert auf Komfort legt, ohne dabei auf \u00c4sthetik zu verzichten!  Bequem und praktisch: Loafer geh\u00f6ren zu den wichtigsten Schuhmodellen f\u00fcr die w\u00e4rmsten Fr\u00fchlings- und Sommertage. Zarte Farbt\u00f6ne, hohe Abs\u00e4tze, Komfort \u2013 eine unschlagbare Sommerkombination! Das Obermaterial besteht aus behandeltem \u00d6ko-Leder, unter der PU-Innensohle sorgt eine Schicht Memory-Schaum f\u00fcr perfekten Tragekomfort. Die Sohle ist aus einer Kombination von EVA-Material und Gummi gefertigt.  Perfekt zu Sommerkleidern, eleganten Hosen oder Ihrer Lieblingsjeans \u2013 diese Loafer werden schnell zu Ihrem Lieblingsbegleiter f\u00fcr jeden Tag!     GR\u00d6SSE L\u00c4NGE IN MILLIMETERN    37  240    38  245    39  250   40  260    41  267    42  272","og_url":"https:\/\/disimi.hr\/de\/produkt\/natikace-sa-dvije-trake-crne-nzf2513\/","og_site_name":"DISIMI?","article_publisher":"https:\/\/www.facebook.com\/DISIMI.hr\/","article_modified_time":"2026-05-06T08:27:02+00:00","og_image":[{"width":800,"height":800,"url":"https:\/\/disimi.hr\/wp-content\/uploads\/2025\/03\/NZF2513-w.jpg","type":"image\/jpeg"}],"twitter_card":"summary_large_image","twitter_misc":{"Gesch\u00e4tzte Lesezeit":"1\u00a0Minute"},"schema":{"@context":"https:\/\/schema.org","@graph":[{"@type":"WebPage","@id":"https:\/\/disimi.hr\/de\/produkt\/natikace-sa-dvije-trake-crne-nzf2513\/","url":"https:\/\/disimi.hr\/de\/produkt\/natikace-sa-dvije-trake-crne-nzf2513\/","name":"Hausschuhe mit zwei Riemen \u201eSchwarz\u201c - nzf2513 - DISIMI?","isPartOf":{"@id":"https:\/\/disimi.hr\/#website"},"primaryImageOfPage":{"@id":"https:\/\/disimi.hr\/de\/produkt\/natikace-sa-dvije-trake-crne-nzf2513\/#primaryimage"},"image":{"@id":"https:\/\/disimi.hr\/de\/produkt\/natikace-sa-dvije-trake-crne-nzf2513\/#primaryimage"},"thumbnailUrl":"https:\/\/disimi.hr\/wp-content\/uploads\/2025\/03\/NZF2513-w.jpg","datePublished":"2025-03-21T12:27:24+00:00","dateModified":"2026-05-06T08:27:02+00:00","breadcrumb":{"@id":"https:\/\/disimi.hr\/de\/produkt\/natikace-sa-dvije-trake-crne-nzf2513\/#breadcrumb"},"inLanguage":"de","potentialAction":[{"@type":"ReadAction","target":["https:\/\/disimi.hr\/de\/produkt\/natikace-sa-dvije-trake-crne-nzf2513\/"]}]},{"@type":"ImageObject","inLanguage":"de","@id":"https:\/\/disimi.hr\/de\/produkt\/natikace-sa-dvije-trake-crne-nzf2513\/#primaryimage","url":"https:\/\/disimi.hr\/wp-content\/uploads\/2025\/03\/NZF2513-w.jpg","contentUrl":"https:\/\/disimi.hr\/wp-content\/uploads\/2025\/03\/NZF2513-w.jpg","width":800,"height":800},{"@type":"BreadcrumbList","@id":"https:\/\/disimi.hr\/de\/produkt\/natikace-sa-dvije-trake-crne-nzf2513\/#breadcrumb","itemListElement":[{"@type":"ListItem","position":1,"name":"Po\u010detna stranica","item":"https:\/\/disimi.hr\/de\/"},{"@type":"ListItem","position":2,"name":"Produkte","item":"https:\/\/disimi.hr\/de\/produkte\/"},{"@type":"ListItem","position":3,"name":"Hausschuhe mit zwei Riemen \u201eSchwarz\u201c &#8211; nzf2513"}]},{"@type":"WebSite","@id":"https:\/\/disimi.hr\/#website","url":"https:\/\/disimi.hr\/","name":"DISIMI?","description":"Hrvatski brand i jedinstveni dizajn!","publisher":{"@id":"https:\/\/disimi.hr\/#organization"},"potentialAction":[{"@type":"SearchAction","target":{"@type":"EntryPoint","urlTemplate":"https:\/\/disimi.hr\/?s={search_term_string}"},"query-input":{"@type":"PropertyValueSpecification","valueRequired":true,"valueName":"search_term_string"}}],"inLanguage":"de"},{"@type":"Organization","@id":"https:\/\/disimi.hr\/#organization","name":"DiSiMi?","url":"https:\/\/disimi.hr\/","logo":{"@type":"ImageObject","inLanguage":"de","@id":"https:\/\/disimi.hr\/#\/schema\/logo\/image\/","url":"https:\/\/disimi.hr\/wp-content\/uploads\/2022\/02\/logo2.jpg","contentUrl":"https:\/\/disimi.hr\/wp-content\/uploads\/2022\/02\/logo2.jpg","width":250,"height":79,"caption":"DiSiMi?"},"image":{"@id":"https:\/\/disimi.hr\/#\/schema\/logo\/image\/"},"sameAs":["https:\/\/www.facebook.com\/DISIMI.hr\/","https:\/\/www.instagram.com\/disimi.hr\/"]}]}},"_links":{"self":[{"href":"https:\/\/disimi.hr\/de\/wp-json\/wp\/v2\/product\/117908","targetHints":{"allow":["GET"]}}],"collection":[{"href":"https:\/\/disimi.hr\/de\/wp-json\/wp\/v2\/product"}],"about":[{"href":"https:\/\/disimi.hr\/de\/wp-json\/wp\/v2\/types\/product"}],"wp:featuredmedia":[{"embeddable":true,"href":"https:\/\/disimi.hr\/de\/wp-json\/wp\/v2\/media\/124530"}],"wp:attachment":[{"href":"https:\/\/disimi.hr\/de\/wp-json\/wp\/v2\/media?parent=117908"}],"wp:term":[{"taxonomy":"product_brand","embeddable":true,"href":"https:\/\/disimi.hr\/de\/wp-json\/wp\/v2\/product_brand?post=117908"},{"taxonomy":"product_cat","embeddable":true,"href":"https:\/\/disimi.hr\/de\/wp-json\/wp\/v2\/product_cat?post=117908"},{"taxonomy":"product_tag","embeddable":true,"href":"https:\/\/disimi.hr\/de\/wp-json\/wp\/v2\/product_tag?post=117908"}],"curies":[{"name":"wp","href":"https:\/\/api.w.org\/{rel}","templated":true}]}}