{"id":117900,"date":"2025-03-21T13:33:42","date_gmt":"2025-03-21T12:33:42","guid":{"rendered":"https:\/\/disimi.hr\/proizvod\/natikace-zenske-black-povisene-nzf2510\/"},"modified":"2026-04-29T14:16:28","modified_gmt":"2026-04-29T12:16:28","slug":"natikace-zenske-black-povisene-nzf2510","status":"publish","type":"product","link":"https:\/\/disimi.hr\/de\/produkt\/natikace-zenske-black-povisene-nzf2510\/","title":{"rendered":"Schwarze Damen-Hausschuhe mit Absatz &#8211; nzf2510"},"content":{"rendered":"<div class=\"wpb-content-wrapper\"><p>[vc_row][vc_column][vc_column_text woodmart_inline=&#8221;no&#8221; text_larger=&#8221;yes&#8221;] <\/p>\n<p style=\"text-align: center\"><strong class=\"naslov-product-tekst\">Komfort sah noch nie so gut aus.<\/strong><\/p>\n<p style=\"text-align: center\">Die perfekt bequemen und stylischen DiSiMi\u00ae-Hausschuhe machen das Gehen auf Wolken zum Alltag. Sie sind \u00e4u\u00dferst komfortabel, anatomisch geformt und entsprechen den neuesten Modestandards. Wenn wir sagen, dass diese Hausschuhe die Zeit anhalten, meinen wir das auch so. Probieren Sie sie einfach bei einem Spaziergang mit Ihren Freunden aus und Sie werden der Star der Runde sein.<\/p>\n<p style=\"text-align: center\"><strong class=\"naslov-product-tekst\">Verw\u00f6hnen Sie Ihre F\u00fc\u00dfe diesen Sommer.<\/strong><\/p>\n<div class=\"product-glavni-tekst\">\n<p style=\"text-align: center\">\u2714<strong> Komfort steht an erster Stelle<\/strong>: DiSiMi? Die Hausschuhe haben eine zus\u00e4tzliche Schicht unter der Sohle, sodass der Komfort nicht nur gut, sondern perfekt ist!<\/p>\n<p style=\"text-align: center\">\u2714<strong>Sie sparen Geld<\/strong>: Trotz ihrer hohen Qualit\u00e4t sind sie mit ihrem Preis f\u00fcr jedes Budget erschwinglich.<\/p>\n<p style=\"text-align: center\">\u2714<strong>Rutschfeste Sohle<\/strong>: Die EVA- + Gummisohle sorgt daf\u00fcr, dass Ihre Hausschuhe auf jedem Untergrund perfekt haften.<\/p>\n<p style=\"text-align: center\">\u2714<strong>Modernes Design<\/strong>: Die Code DiSiMi? Slipper machen keine Kompromisse beim Design. Hausschuhe mit einem einzigartigen und attraktiven Design, attraktiv und bequem!<\/p>\n<p style=\"text-align: center\">\u2714<strong>Robust und dennoch weich<\/strong>: Ob am Strand oder im pulsierenden Stadtleben \u2013 DiSiMi? Die Flip-Flops haften perfekt auf dem Untergrund und vermitteln bei jedem Schritt ein Gef\u00fchl von Sicherheit und Freiheit.<\/p>\n<\/div>\n<p>[\/vc_column_text][vc_row_inner][vc_column_inner width=&#8221;1\/2&#8243;][vc_single_image image=&#8221;2580&#8243; img_size=&#8221;full&#8221; alignment=&#8221;center&#8221; parallax_scroll=&#8221;no&#8221; woodmart_inline=&#8221;no&#8221;][\/vc_column_inner][vc_column_inner width=&#8221;1\/2&#8243;][vc_single_image image=&#8221;7452&#8243; img_size=&#8221;full&#8221; alignment=&#8221;center&#8221; parallax_scroll=&#8221;no&#8221; woodmart_inline=&#8221;no&#8221;][\/vc_column_inner][\/vc_row_inner][vc_row_inner][vc_column_inner][vc_column_text woodmart_inline=&#8221;no&#8221; text_larger=&#8221;no&#8221;] Bei der Auswahl Ihrer neuen DiSiMi?-Hausschuhe sollten Sie auf die richtige Gr\u00f6\u00dfe achten. Zu kleine Hausschuhe sind nie bequem, zu gro\u00dfe k\u00f6nnen gef\u00e4hrlich sein, besonders wenn Sie viele Treppen steigen. Messen Sie daher bitte vor der Bestellung Ihre F\u00fc\u00dfe und vergleichen Sie die Ma\u00dfe mit unserer Gr\u00f6\u00dfentabelle. Unsere Garantie: Wir sind von der herausragenden Qualit\u00e4t und dem Design unserer Hausschuhe \u00fcberzeugt. Wir glauben so sehr an unser Produkt, dass wir sicher sind, dass es Sie begeistern wird. Sollten die DiSiMi?-Hausschuhe Ihre Erwartungen nicht erf\u00fcllen, k\u00f6nnen Sie sie jederzeit zur\u00fcckgeben und erhalten innerhalb der ersten 30 Tage eine volle R\u00fcckerstattung.<\/p>\n<\/div>","protected":false},"excerpt":{"rendered":"<p>Das Obermaterial besteht aus PU-Material, unter der textilen Innensohle befindet sich eine 3 mm dicke Schicht Memory-Schaum f\u00fcr perfekten Tragekomfort. Die Sohle ist aus einer Kombination von EVA-Material und Gummi gefertigt, um optimale Haltbarkeit und gute Rutschfestigkeit zu gew\u00e4hrleisten. <\/p>\n<p>Mit diesen eleganten schwarzen High-Top-Loafern sind Sie der Star der Modewelt! Ihr schlichtes Design mit einem einzelnen Riemen und einer goldenen Schnalle ist modern und zeitlos zugleich. Die erh\u00f6hte Sohle mit Jute-Details verleiht ihnen einen trendigen Touch, w\u00e4hrend die bequeme Innensohle Sie mit ihrer Weichheit verw\u00f6hnt. Diese Loafer sind die perfekte Wahl f\u00fcr alle, die vielseitige Schuhe suchen, die sich m\u00fchelos mit verschiedenen Stilen kombinieren lassen. Freuen Sie sich auf Komplimente! <\/p>\n<p>&nbsp; <\/p>\n<div>\n<table border=\"0\" width=\"253\" cellspacing=\"0\" cellpadding=\"0\">\n<tbody>\n<tr>\n<td valign=\"bottom\" nowrap=\"nowrap\" width=\"127\">\n<div>GR\u00d6SSE<u><\/u><u><\/u><\/div>\n<\/td>\n<td valign=\"bottom\" nowrap=\"nowrap\" width=\"127\">L\u00c4NGE IN MILLIMETERN<\/td>\n<\/tr>\n<tr>\n<td valign=\"bottom\" nowrap=\"nowrap\" width=\"127\">\n<div>37<u><\/u><\/div>\n<\/td>\n<td valign=\"bottom\" nowrap=\"nowrap\" width=\"127\">\n<div>240<\/div>\n<\/td>\n<\/tr>\n<tr>\n<td valign=\"bottom\" nowrap=\"nowrap\" width=\"127\">\n<div>38<u><\/u><\/div>\n<\/td>\n<td valign=\"bottom\" nowrap=\"nowrap\" width=\"127\">\n<div>245<\/div>\n<\/td>\n<\/tr>\n<tr>\n<td valign=\"bottom\" nowrap=\"nowrap\" width=\"127\">\n<div>39<u><\/u><\/div>\n<\/td>\n<td valign=\"bottom\" nowrap=\"nowrap\" width=\"127\">\n<div>250<\/div>\n<\/td>\n<\/tr>\n<tr>\n<td valign=\"bottom\" nowrap=\"nowrap\" width=\"127\">40<\/td>\n<td valign=\"bottom\" nowrap=\"nowrap\" width=\"127\">\n<div>260<\/div>\n<\/td>\n<\/tr>\n<tr>\n<td valign=\"bottom\" nowrap=\"nowrap\" width=\"127\">\n<div>41<u><\/u><\/div>\n<\/td>\n<td valign=\"bottom\" nowrap=\"nowrap\" width=\"127\">\n<div>267<\/div>\n<\/td>\n<\/tr>\n<tr>\n<td valign=\"bottom\" nowrap=\"nowrap\" width=\"127\">\n<div>42<u><\/u><\/div>\n<\/td>\n<td valign=\"bottom\" nowrap=\"nowrap\" width=\"127\">\n<div>272<\/div>\n<\/td>\n<\/tr>\n<\/tbody>\n<\/table>\n<\/div>\n","protected":false},"featured_media":124509,"template":"","meta":[],"product_brand":[],"product_cat":[246,242],"product_tag":[236],"class_list":{"0":"post-117900","1":"product","2":"type-product","3":"status-publish","4":"has-post-thumbnail","6":"product_cat-pantoletten","7":"product_cat-sommerschuhe","8":"product_tag-outfit-7","10":"first","11":"instock","12":"featured","13":"taxable","14":"shipping-taxable","15":"purchasable","16":"product-type-variable"},"yoast_head":"<!-- This site is optimized with the Yoast SEO plugin v27.3 - https:\/\/yoast.com\/product\/yoast-seo-wordpress\/ -->\n<title>Schwarze Damen-Hausschuhe mit Absatz - nzf2510 - DISIMI?<\/title>\n<meta name=\"robots\" content=\"index, follow, max-snippet:-1, max-image-preview:large, max-video-preview:-1\" \/>\n<link rel=\"canonical\" href=\"https:\/\/disimi.hr\/de\/produkt\/natikace-zenske-black-povisene-nzf2510\/\" \/>\n<meta property=\"og:locale\" content=\"de_DE\" \/>\n<meta property=\"og:type\" content=\"article\" \/>\n<meta property=\"og:title\" content=\"Schwarze Damen-Hausschuhe mit Absatz - nzf2510 - DISIMI?\" \/>\n<meta property=\"og:description\" content=\"Das Obermaterial besteht aus PU-Material, unter der textilen Innensohle befindet sich eine 3 mm dicke Schicht Memory-Schaum f\u00fcr perfekten Tragekomfort. Die Sohle ist aus einer Kombination von EVA-Material und Gummi gefertigt, um optimale Haltbarkeit und gute Rutschfestigkeit zu gew\u00e4hrleisten.  Mit diesen eleganten schwarzen High-Top-Loafern sind Sie der Star der Modewelt! Ihr schlichtes Design mit einem einzelnen Riemen und einer goldenen Schnalle ist modern und zeitlos zugleich. Die erh\u00f6hte Sohle mit Jute-Details verleiht ihnen einen trendigen Touch, w\u00e4hrend die bequeme Innensohle Sie mit ihrer Weichheit verw\u00f6hnt. Diese Loafer sind die perfekte Wahl f\u00fcr alle, die vielseitige Schuhe suchen, die sich m\u00fchelos mit verschiedenen Stilen kombinieren lassen. Freuen Sie sich auf Komplimente!  &nbsp;      GR\u00d6SSE L\u00c4NGE IN MILLIMETERN    37  240    38  245    39  250   40  260    41  267    42  272\" \/>\n<meta property=\"og:url\" content=\"https:\/\/disimi.hr\/de\/produkt\/natikace-zenske-black-povisene-nzf2510\/\" \/>\n<meta property=\"og:site_name\" content=\"DISIMI?\" \/>\n<meta property=\"article:publisher\" content=\"https:\/\/www.facebook.com\/DISIMI.hr\/\" \/>\n<meta property=\"article:modified_time\" content=\"2026-04-29T12:16:28+00:00\" \/>\n<meta property=\"og:image\" content=\"https:\/\/disimi.hr\/wp-content\/uploads\/2025\/03\/NZF2510-w.jpg\" \/>\n\t<meta property=\"og:image:width\" content=\"800\" \/>\n\t<meta property=\"og:image:height\" content=\"800\" \/>\n\t<meta property=\"og:image:type\" content=\"image\/jpeg\" \/>\n<meta name=\"twitter:card\" content=\"summary_large_image\" \/>\n<meta name=\"twitter:label1\" content=\"Gesch\u00e4tzte Lesezeit\" \/>\n\t<meta name=\"twitter:data1\" content=\"2\u00a0Minute\" \/>\n<script type=\"application\/ld+json\" class=\"yoast-schema-graph\">{\"@context\":\"https:\\\/\\\/schema.org\",\"@graph\":[{\"@type\":\"WebPage\",\"@id\":\"https:\\\/\\\/disimi.hr\\\/de\\\/produkt\\\/natikace-zenske-black-povisene-nzf2510\\\/\",\"url\":\"https:\\\/\\\/disimi.hr\\\/de\\\/produkt\\\/natikace-zenske-black-povisene-nzf2510\\\/\",\"name\":\"Schwarze Damen-Hausschuhe mit Absatz - nzf2510 - DISIMI?\",\"isPartOf\":{\"@id\":\"https:\\\/\\\/disimi.hr\\\/#website\"},\"primaryImageOfPage\":{\"@id\":\"https:\\\/\\\/disimi.hr\\\/de\\\/produkt\\\/natikace-zenske-black-povisene-nzf2510\\\/#primaryimage\"},\"image\":{\"@id\":\"https:\\\/\\\/disimi.hr\\\/de\\\/produkt\\\/natikace-zenske-black-povisene-nzf2510\\\/#primaryimage\"},\"thumbnailUrl\":\"https:\\\/\\\/disimi.hr\\\/wp-content\\\/uploads\\\/2025\\\/03\\\/NZF2510-w.jpg\",\"datePublished\":\"2025-03-21T12:33:42+00:00\",\"dateModified\":\"2026-04-29T12:16:28+00:00\",\"breadcrumb\":{\"@id\":\"https:\\\/\\\/disimi.hr\\\/de\\\/produkt\\\/natikace-zenske-black-povisene-nzf2510\\\/#breadcrumb\"},\"inLanguage\":\"de\",\"potentialAction\":[{\"@type\":\"ReadAction\",\"target\":[\"https:\\\/\\\/disimi.hr\\\/de\\\/produkt\\\/natikace-zenske-black-povisene-nzf2510\\\/\"]}]},{\"@type\":\"ImageObject\",\"inLanguage\":\"de\",\"@id\":\"https:\\\/\\\/disimi.hr\\\/de\\\/produkt\\\/natikace-zenske-black-povisene-nzf2510\\\/#primaryimage\",\"url\":\"https:\\\/\\\/disimi.hr\\\/wp-content\\\/uploads\\\/2025\\\/03\\\/NZF2510-w.jpg\",\"contentUrl\":\"https:\\\/\\\/disimi.hr\\\/wp-content\\\/uploads\\\/2025\\\/03\\\/NZF2510-w.jpg\",\"width\":800,\"height\":800},{\"@type\":\"BreadcrumbList\",\"@id\":\"https:\\\/\\\/disimi.hr\\\/de\\\/produkt\\\/natikace-zenske-black-povisene-nzf2510\\\/#breadcrumb\",\"itemListElement\":[{\"@type\":\"ListItem\",\"position\":1,\"name\":\"Po\u010detna stranica\",\"item\":\"https:\\\/\\\/disimi.hr\\\/de\\\/\"},{\"@type\":\"ListItem\",\"position\":2,\"name\":\"Produkte\",\"item\":\"https:\\\/\\\/disimi.hr\\\/de\\\/produkte\\\/\"},{\"@type\":\"ListItem\",\"position\":3,\"name\":\"Schwarze Damen-Hausschuhe mit Absatz &#8211; nzf2510\"}]},{\"@type\":\"WebSite\",\"@id\":\"https:\\\/\\\/disimi.hr\\\/#website\",\"url\":\"https:\\\/\\\/disimi.hr\\\/\",\"name\":\"DISIMI?\",\"description\":\"Hrvatski brand i jedinstveni dizajn!\",\"publisher\":{\"@id\":\"https:\\\/\\\/disimi.hr\\\/#organization\"},\"potentialAction\":[{\"@type\":\"SearchAction\",\"target\":{\"@type\":\"EntryPoint\",\"urlTemplate\":\"https:\\\/\\\/disimi.hr\\\/?s={search_term_string}\"},\"query-input\":{\"@type\":\"PropertyValueSpecification\",\"valueRequired\":true,\"valueName\":\"search_term_string\"}}],\"inLanguage\":\"de\"},{\"@type\":\"Organization\",\"@id\":\"https:\\\/\\\/disimi.hr\\\/#organization\",\"name\":\"DiSiMi?\",\"url\":\"https:\\\/\\\/disimi.hr\\\/\",\"logo\":{\"@type\":\"ImageObject\",\"inLanguage\":\"de\",\"@id\":\"https:\\\/\\\/disimi.hr\\\/#\\\/schema\\\/logo\\\/image\\\/\",\"url\":\"https:\\\/\\\/disimi.hr\\\/wp-content\\\/uploads\\\/2022\\\/02\\\/logo2.jpg\",\"contentUrl\":\"https:\\\/\\\/disimi.hr\\\/wp-content\\\/uploads\\\/2022\\\/02\\\/logo2.jpg\",\"width\":250,\"height\":79,\"caption\":\"DiSiMi?\"},\"image\":{\"@id\":\"https:\\\/\\\/disimi.hr\\\/#\\\/schema\\\/logo\\\/image\\\/\"},\"sameAs\":[\"https:\\\/\\\/www.facebook.com\\\/DISIMI.hr\\\/\",\"https:\\\/\\\/www.instagram.com\\\/disimi.hr\\\/\"]}]}<\/script>\n<!-- \/ Yoast SEO plugin. -->","yoast_head_json":{"title":"Schwarze Damen-Hausschuhe mit Absatz - nzf2510 - DISIMI?","robots":{"index":"index","follow":"follow","max-snippet":"max-snippet:-1","max-image-preview":"max-image-preview:large","max-video-preview":"max-video-preview:-1"},"canonical":"https:\/\/disimi.hr\/de\/produkt\/natikace-zenske-black-povisene-nzf2510\/","og_locale":"de_DE","og_type":"article","og_title":"Schwarze Damen-Hausschuhe mit Absatz - nzf2510 - DISIMI?","og_description":"Das Obermaterial besteht aus PU-Material, unter der textilen Innensohle befindet sich eine 3 mm dicke Schicht Memory-Schaum f\u00fcr perfekten Tragekomfort. Die Sohle ist aus einer Kombination von EVA-Material und Gummi gefertigt, um optimale Haltbarkeit und gute Rutschfestigkeit zu gew\u00e4hrleisten.  Mit diesen eleganten schwarzen High-Top-Loafern sind Sie der Star der Modewelt! Ihr schlichtes Design mit einem einzelnen Riemen und einer goldenen Schnalle ist modern und zeitlos zugleich. Die erh\u00f6hte Sohle mit Jute-Details verleiht ihnen einen trendigen Touch, w\u00e4hrend die bequeme Innensohle Sie mit ihrer Weichheit verw\u00f6hnt. Diese Loafer sind die perfekte Wahl f\u00fcr alle, die vielseitige Schuhe suchen, die sich m\u00fchelos mit verschiedenen Stilen kombinieren lassen. Freuen Sie sich auf Komplimente!  &nbsp;      GR\u00d6SSE L\u00c4NGE IN MILLIMETERN    37  240    38  245    39  250   40  260    41  267    42  272","og_url":"https:\/\/disimi.hr\/de\/produkt\/natikace-zenske-black-povisene-nzf2510\/","og_site_name":"DISIMI?","article_publisher":"https:\/\/www.facebook.com\/DISIMI.hr\/","article_modified_time":"2026-04-29T12:16:28+00:00","og_image":[{"width":800,"height":800,"url":"https:\/\/disimi.hr\/wp-content\/uploads\/2025\/03\/NZF2510-w.jpg","type":"image\/jpeg"}],"twitter_card":"summary_large_image","twitter_misc":{"Gesch\u00e4tzte Lesezeit":"2\u00a0Minute"},"schema":{"@context":"https:\/\/schema.org","@graph":[{"@type":"WebPage","@id":"https:\/\/disimi.hr\/de\/produkt\/natikace-zenske-black-povisene-nzf2510\/","url":"https:\/\/disimi.hr\/de\/produkt\/natikace-zenske-black-povisene-nzf2510\/","name":"Schwarze Damen-Hausschuhe mit Absatz - nzf2510 - DISIMI?","isPartOf":{"@id":"https:\/\/disimi.hr\/#website"},"primaryImageOfPage":{"@id":"https:\/\/disimi.hr\/de\/produkt\/natikace-zenske-black-povisene-nzf2510\/#primaryimage"},"image":{"@id":"https:\/\/disimi.hr\/de\/produkt\/natikace-zenske-black-povisene-nzf2510\/#primaryimage"},"thumbnailUrl":"https:\/\/disimi.hr\/wp-content\/uploads\/2025\/03\/NZF2510-w.jpg","datePublished":"2025-03-21T12:33:42+00:00","dateModified":"2026-04-29T12:16:28+00:00","breadcrumb":{"@id":"https:\/\/disimi.hr\/de\/produkt\/natikace-zenske-black-povisene-nzf2510\/#breadcrumb"},"inLanguage":"de","potentialAction":[{"@type":"ReadAction","target":["https:\/\/disimi.hr\/de\/produkt\/natikace-zenske-black-povisene-nzf2510\/"]}]},{"@type":"ImageObject","inLanguage":"de","@id":"https:\/\/disimi.hr\/de\/produkt\/natikace-zenske-black-povisene-nzf2510\/#primaryimage","url":"https:\/\/disimi.hr\/wp-content\/uploads\/2025\/03\/NZF2510-w.jpg","contentUrl":"https:\/\/disimi.hr\/wp-content\/uploads\/2025\/03\/NZF2510-w.jpg","width":800,"height":800},{"@type":"BreadcrumbList","@id":"https:\/\/disimi.hr\/de\/produkt\/natikace-zenske-black-povisene-nzf2510\/#breadcrumb","itemListElement":[{"@type":"ListItem","position":1,"name":"Po\u010detna stranica","item":"https:\/\/disimi.hr\/de\/"},{"@type":"ListItem","position":2,"name":"Produkte","item":"https:\/\/disimi.hr\/de\/produkte\/"},{"@type":"ListItem","position":3,"name":"Schwarze Damen-Hausschuhe mit Absatz &#8211; nzf2510"}]},{"@type":"WebSite","@id":"https:\/\/disimi.hr\/#website","url":"https:\/\/disimi.hr\/","name":"DISIMI?","description":"Hrvatski brand i jedinstveni dizajn!","publisher":{"@id":"https:\/\/disimi.hr\/#organization"},"potentialAction":[{"@type":"SearchAction","target":{"@type":"EntryPoint","urlTemplate":"https:\/\/disimi.hr\/?s={search_term_string}"},"query-input":{"@type":"PropertyValueSpecification","valueRequired":true,"valueName":"search_term_string"}}],"inLanguage":"de"},{"@type":"Organization","@id":"https:\/\/disimi.hr\/#organization","name":"DiSiMi?","url":"https:\/\/disimi.hr\/","logo":{"@type":"ImageObject","inLanguage":"de","@id":"https:\/\/disimi.hr\/#\/schema\/logo\/image\/","url":"https:\/\/disimi.hr\/wp-content\/uploads\/2022\/02\/logo2.jpg","contentUrl":"https:\/\/disimi.hr\/wp-content\/uploads\/2022\/02\/logo2.jpg","width":250,"height":79,"caption":"DiSiMi?"},"image":{"@id":"https:\/\/disimi.hr\/#\/schema\/logo\/image\/"},"sameAs":["https:\/\/www.facebook.com\/DISIMI.hr\/","https:\/\/www.instagram.com\/disimi.hr\/"]}]}},"_links":{"self":[{"href":"https:\/\/disimi.hr\/de\/wp-json\/wp\/v2\/product\/117900","targetHints":{"allow":["GET"]}}],"collection":[{"href":"https:\/\/disimi.hr\/de\/wp-json\/wp\/v2\/product"}],"about":[{"href":"https:\/\/disimi.hr\/de\/wp-json\/wp\/v2\/types\/product"}],"wp:featuredmedia":[{"embeddable":true,"href":"https:\/\/disimi.hr\/de\/wp-json\/wp\/v2\/media\/124509"}],"wp:attachment":[{"href":"https:\/\/disimi.hr\/de\/wp-json\/wp\/v2\/media?parent=117900"}],"wp:term":[{"taxonomy":"product_brand","embeddable":true,"href":"https:\/\/disimi.hr\/de\/wp-json\/wp\/v2\/product_brand?post=117900"},{"taxonomy":"product_cat","embeddable":true,"href":"https:\/\/disimi.hr\/de\/wp-json\/wp\/v2\/product_cat?post=117900"},{"taxonomy":"product_tag","embeddable":true,"href":"https:\/\/disimi.hr\/de\/wp-json\/wp\/v2\/product_tag?post=117900"}],"curies":[{"name":"wp","href":"https:\/\/api.w.org\/{rel}","templated":true}]}}