{"id":117892,"date":"2025-03-21T13:43:49","date_gmt":"2025-03-21T12:43:49","guid":{"rendered":"https:\/\/disimi.hr\/proizvod\/natikace-zenske-textile-dirty-white-povisene-nzf2511\/"},"modified":"2026-05-14T12:17:47","modified_gmt":"2026-05-14T10:17:47","slug":"natikace-zenske-textile-dirty-white-povisene-nzf2511","status":"publish","type":"product","link":"https:\/\/disimi.hr\/de\/produkt\/natikace-zenske-textile-dirty-white-povisene-nzf2511\/","title":{"rendered":"Damen-Flip-Flops \u201eTextile dirty white\u201c elevated &#8211; nzf2511"},"content":{"rendered":"<div class=\"wpb-content-wrapper\"><p>[vc_row][vc_column][vc_column_text woodmart_inline=&#8221;no&#8221; text_larger=&#8221;yes&#8221;] <\/p>\n<p style=\"text-align: center;\"><strong class=\"naslov-product-tekst\">Komfort sah noch nie so gut aus.<\/strong><\/p>\n<p style=\"text-align: center;\">Die DiSiMi? Hausschuhe sind nicht nur unglaublich bequem, sondern auch ein echter Hingucker und machen das Gehen auf Wolken zum Alltag. Sie sind \u00e4u\u00dferst komfortabel, anatomisch geformt und entsprechen den neuesten Standards der Modebranche. Wenn wir sagen, dass diese Hausschuhe die Zeit anhalten, meinen wir das auch so. Probieren Sie sie einfach bei einem Spaziergang mit Ihren Freunden an und Sie werden der Star der Stadt sein.<\/p>\n<p style=\"text-align: center;\"><strong class=\"naslov-product-tekst\">Verw\u00f6hnen Sie Ihre F\u00fc\u00dfe diesen Sommer.<\/strong><\/p>\n<div class=\"product-glavni-tekst\">\n<p style=\"text-align: center;\">\u2714<strong> Komfort steht an erster Stelle<\/strong>: DiSiMi? Die Hausschuhe haben eine zus\u00e4tzliche Schicht unter der Sohle, sodass der Komfort nicht nur gut, sondern perfekt ist!<\/p>\n<p style=\"text-align: center;\">\u2714<strong>Sie sparen Geld<\/strong>: Trotz ihrer hohen Qualit\u00e4t sind sie mit ihrem Preis f\u00fcr jedes Budget erschwinglich.<\/p>\n<p style=\"text-align: center;\">\u2714<strong>Rutschfeste Sohle<\/strong>: Die EVA- + Gummisohle sorgt daf\u00fcr, dass Ihre Hausschuhe auf jedem Untergrund perfekt haften.<\/p>\n<p style=\"text-align: center;\">\u2714<strong>Modernes Design<\/strong>: Bei DiSiMi?-Slippern werden keine Kompromisse beim Design gemacht. Hausschuhe mit einem einzigartigen und attraktiven Design, attraktiv und bequem!<\/p>\n<p style=\"text-align: center;\">\u2714<strong>Robust und dennoch weich<\/strong>: Ob am Strand oder im pulsierenden Stadtleben \u2013 DiSiMi? Die Flip-Flops haften perfekt auf dem Untergrund und vermitteln bei jedem Schritt ein Gef\u00fchl von Sicherheit und Freiheit.<\/p>\n<\/div>\n<p>[\/vc_column_text][vc_row_inner][vc_column_inner width=&#8221;1\/2&#8243;][vc_single_image image=&#8221;2580&#8243; img_size=&#8221;full&#8221; alignment=&#8221;center&#8221; parallax_scroll=&#8221;no&#8221; woodmart_inline=&#8221;no&#8221;][\/vc_column_inner][vc_column_inner width=&#8221;1\/2&#8243;][vc_single_image image=&#8221;7452&#8243; img_size=&#8221;full&#8221; alignment=&#8221;center&#8221; parallax_scroll=&#8221;no&#8221; woodmart_inline=&#8221;no&#8221;][\/vc_column_inner][\/vc_row_inner][vc_row_inner][vc_column_inner][vc_column_text woodmart_inline=&#8221;no&#8221; text_larger=&#8221;no&#8221;] Bei der Auswahl Ihrer neuen DiSiMi?-Hausschuhe sollten Sie auf die richtige Gr\u00f6\u00dfe achten. Zu kleine Hausschuhe sind nie bequem, zu gro\u00dfe k\u00f6nnen gef\u00e4hrlich sein, besonders wenn Sie viele Treppen steigen. Messen Sie daher bitte vor der Bestellung Ihre F\u00fc\u00dfe und vergleichen Sie die Ma\u00dfe mit unserer Gr\u00f6\u00dfentabelle. Unsere Garantie: Wir sind von der herausragenden Qualit\u00e4t und dem Design unserer Hausschuhe \u00fcberzeugt. Wir glauben so sehr an unser Produkt, dass wir sicher sind, dass es Sie begeistern wird. Sollten die DiSiMi?-Hausschuhe Ihre Erwartungen nicht erf\u00fcllen, k\u00f6nnen Sie sie jederzeit zur\u00fccksenden und erhalten innerhalb der ersten 30 Tage eine volle R\u00fcckerstattung.<\/p>\n<\/div>","protected":false},"excerpt":{"rendered":"<p>Das Obermaterial besteht aus PU-Material, unter der textilen Innensohle befindet sich eine 3 mm dicke Schicht Memory-Schaum f\u00fcr perfekten Tragekomfort. Die Sohle ist aus einer Kombination von EVA-Material und Gummi gefertigt, um optimale Haltbarkeit und gute Rutschfestigkeit zu gew\u00e4hrleisten. <\/p>\n<p>Mit diesen eleganten High-Top-Loafern sind Sie der Star der Modewelt! Ihr schlichtes Design mit einem einzelnen Riemen und einer goldenen Schnalle ist modern und zeitlos zugleich. Die hohe Sohle mit Jute-Details verleiht ihnen einen trendigen Touch, w\u00e4hrend die bequeme Innensohle Sie mit ihrer Weichheit verw\u00f6hnt. Diese Loafer sind die perfekte Wahl f\u00fcr alle, die vielseitige Schuhe suchen, die sich m\u00fchelos mit verschiedenen Stilen kombinieren lassen. Freuen Sie sich auf Komplimente! <\/p>\n<p>&nbsp; <\/p>\n<div>\n<table border=\"0\" width=\"253\" cellspacing=\"0\" cellpadding=\"0\">\n<tbody>\n<tr>\n<td valign=\"bottom\" nowrap=\"nowrap\" width=\"127\">\n<div>GR\u00d6SSE<u><\/u><u><\/u><\/div>\n<\/td>\n<td valign=\"bottom\" nowrap=\"nowrap\" width=\"127\">L\u00c4NGE IN MILLIMETERN<\/td>\n<\/tr>\n<tr>\n<td valign=\"bottom\" nowrap=\"nowrap\" width=\"127\">\n<div>37<u><\/u><\/div>\n<\/td>\n<td valign=\"bottom\" nowrap=\"nowrap\" width=\"127\">\n<div>240<\/div>\n<\/td>\n<\/tr>\n<tr>\n<td valign=\"bottom\" nowrap=\"nowrap\" width=\"127\">\n<div>38<u><\/u><\/div>\n<\/td>\n<td valign=\"bottom\" nowrap=\"nowrap\" width=\"127\">\n<div>245<\/div>\n<\/td>\n<\/tr>\n<tr>\n<td valign=\"bottom\" nowrap=\"nowrap\" width=\"127\">\n<div>39<u><\/u><\/div>\n<\/td>\n<td valign=\"bottom\" nowrap=\"nowrap\" width=\"127\">\n<div>250<\/div>\n<\/td>\n<\/tr>\n<tr>\n<td valign=\"bottom\" nowrap=\"nowrap\" width=\"127\">40<\/td>\n<td valign=\"bottom\" nowrap=\"nowrap\" width=\"127\">\n<div>260<\/div>\n<\/td>\n<\/tr>\n<tr>\n<td valign=\"bottom\" nowrap=\"nowrap\" width=\"127\">\n<div>41<u><\/u><\/div>\n<\/td>\n<td valign=\"bottom\" nowrap=\"nowrap\" width=\"127\">\n<div>267<\/div>\n<\/td>\n<\/tr>\n<tr>\n<td valign=\"bottom\" nowrap=\"nowrap\" width=\"127\">\n<div>42<u><\/u><\/div>\n<\/td>\n<td valign=\"bottom\" nowrap=\"nowrap\" width=\"127\">\n<div>272<\/div>\n<\/td>\n<\/tr>\n<\/tbody>\n<\/table>\n<\/div>\n","protected":false},"featured_media":124514,"template":"","meta":[],"product_brand":[],"product_cat":[246,242],"product_tag":[],"class_list":{"0":"post-117892","1":"product","2":"type-product","3":"status-publish","4":"has-post-thumbnail","6":"product_cat-pantoletten","7":"product_cat-sommerschuhe","9":"first","10":"instock","11":"featured","12":"taxable","13":"shipping-taxable","14":"purchasable","15":"product-type-variable"},"yoast_head":"<!-- This site is optimized with the Yoast SEO plugin v27.5 - https:\/\/yoast.com\/product\/yoast-seo-wordpress\/ -->\n<title>Damen-Flip-Flops \u201eTextile dirty white\u201c elevated - nzf2511 - DISIMI?<\/title>\n<meta name=\"robots\" content=\"index, follow, max-snippet:-1, max-image-preview:large, max-video-preview:-1\" \/>\n<link rel=\"canonical\" href=\"https:\/\/disimi.hr\/de\/produkt\/natikace-zenske-textile-dirty-white-povisene-nzf2511\/\" \/>\n<meta property=\"og:locale\" content=\"de_DE\" \/>\n<meta property=\"og:type\" content=\"article\" \/>\n<meta property=\"og:title\" content=\"Damen-Flip-Flops \u201eTextile dirty white\u201c elevated - nzf2511 - DISIMI?\" \/>\n<meta property=\"og:description\" content=\"Das Obermaterial besteht aus PU-Material, unter der textilen Innensohle befindet sich eine 3 mm dicke Schicht Memory-Schaum f\u00fcr perfekten Tragekomfort. Die Sohle ist aus einer Kombination von EVA-Material und Gummi gefertigt, um optimale Haltbarkeit und gute Rutschfestigkeit zu gew\u00e4hrleisten.  Mit diesen eleganten High-Top-Loafern sind Sie der Star der Modewelt! Ihr schlichtes Design mit einem einzelnen Riemen und einer goldenen Schnalle ist modern und zeitlos zugleich. Die hohe Sohle mit Jute-Details verleiht ihnen einen trendigen Touch, w\u00e4hrend die bequeme Innensohle Sie mit ihrer Weichheit verw\u00f6hnt. Diese Loafer sind die perfekte Wahl f\u00fcr alle, die vielseitige Schuhe suchen, die sich m\u00fchelos mit verschiedenen Stilen kombinieren lassen. Freuen Sie sich auf Komplimente!  &nbsp;      GR\u00d6SSE L\u00c4NGE IN MILLIMETERN    37  240    38  245    39  250   40  260    41  267    42  272\" \/>\n<meta property=\"og:url\" content=\"https:\/\/disimi.hr\/de\/produkt\/natikace-zenske-textile-dirty-white-povisene-nzf2511\/\" \/>\n<meta property=\"og:site_name\" content=\"DISIMI?\" \/>\n<meta property=\"article:publisher\" content=\"https:\/\/www.facebook.com\/DISIMI.hr\/\" \/>\n<meta property=\"article:modified_time\" content=\"2026-05-14T10:17:47+00:00\" \/>\n<meta property=\"og:image\" content=\"https:\/\/disimi.hr\/wp-content\/uploads\/2025\/03\/NZF2511-w.jpg\" \/>\n\t<meta property=\"og:image:width\" content=\"800\" \/>\n\t<meta property=\"og:image:height\" content=\"800\" \/>\n\t<meta property=\"og:image:type\" content=\"image\/jpeg\" \/>\n<meta name=\"twitter:card\" content=\"summary_large_image\" \/>\n<meta name=\"twitter:label1\" content=\"Gesch\u00e4tzte Lesezeit\" \/>\n\t<meta name=\"twitter:data1\" content=\"2\u00a0Minute\" \/>\n<script type=\"application\/ld+json\" class=\"yoast-schema-graph\">{\"@context\":\"https:\\\/\\\/schema.org\",\"@graph\":[{\"@type\":\"WebPage\",\"@id\":\"https:\\\/\\\/disimi.hr\\\/de\\\/produkt\\\/natikace-zenske-textile-dirty-white-povisene-nzf2511\\\/\",\"url\":\"https:\\\/\\\/disimi.hr\\\/de\\\/produkt\\\/natikace-zenske-textile-dirty-white-povisene-nzf2511\\\/\",\"name\":\"Damen-Flip-Flops \u201eTextile dirty white\u201c elevated - nzf2511 - DISIMI?\",\"isPartOf\":{\"@id\":\"https:\\\/\\\/disimi.hr\\\/#website\"},\"primaryImageOfPage\":{\"@id\":\"https:\\\/\\\/disimi.hr\\\/de\\\/produkt\\\/natikace-zenske-textile-dirty-white-povisene-nzf2511\\\/#primaryimage\"},\"image\":{\"@id\":\"https:\\\/\\\/disimi.hr\\\/de\\\/produkt\\\/natikace-zenske-textile-dirty-white-povisene-nzf2511\\\/#primaryimage\"},\"thumbnailUrl\":\"https:\\\/\\\/disimi.hr\\\/wp-content\\\/uploads\\\/2025\\\/03\\\/NZF2511-w.jpg\",\"datePublished\":\"2025-03-21T12:43:49+00:00\",\"dateModified\":\"2026-05-14T10:17:47+00:00\",\"breadcrumb\":{\"@id\":\"https:\\\/\\\/disimi.hr\\\/de\\\/produkt\\\/natikace-zenske-textile-dirty-white-povisene-nzf2511\\\/#breadcrumb\"},\"inLanguage\":\"de\",\"potentialAction\":[{\"@type\":\"ReadAction\",\"target\":[\"https:\\\/\\\/disimi.hr\\\/de\\\/produkt\\\/natikace-zenske-textile-dirty-white-povisene-nzf2511\\\/\"]}]},{\"@type\":\"ImageObject\",\"inLanguage\":\"de\",\"@id\":\"https:\\\/\\\/disimi.hr\\\/de\\\/produkt\\\/natikace-zenske-textile-dirty-white-povisene-nzf2511\\\/#primaryimage\",\"url\":\"https:\\\/\\\/disimi.hr\\\/wp-content\\\/uploads\\\/2025\\\/03\\\/NZF2511-w.jpg\",\"contentUrl\":\"https:\\\/\\\/disimi.hr\\\/wp-content\\\/uploads\\\/2025\\\/03\\\/NZF2511-w.jpg\",\"width\":800,\"height\":800},{\"@type\":\"BreadcrumbList\",\"@id\":\"https:\\\/\\\/disimi.hr\\\/de\\\/produkt\\\/natikace-zenske-textile-dirty-white-povisene-nzf2511\\\/#breadcrumb\",\"itemListElement\":[{\"@type\":\"ListItem\",\"position\":1,\"name\":\"Po\u010detna stranica\",\"item\":\"https:\\\/\\\/disimi.hr\\\/de\\\/\"},{\"@type\":\"ListItem\",\"position\":2,\"name\":\"Produkte\",\"item\":\"https:\\\/\\\/disimi.hr\\\/de\\\/produkte\\\/\"},{\"@type\":\"ListItem\",\"position\":3,\"name\":\"Damen-Flip-Flops \u201eTextile dirty white\u201c elevated &#8211; nzf2511\"}]},{\"@type\":\"WebSite\",\"@id\":\"https:\\\/\\\/disimi.hr\\\/#website\",\"url\":\"https:\\\/\\\/disimi.hr\\\/\",\"name\":\"DISIMI?\",\"description\":\"Hrvatski brand i jedinstveni dizajn!\",\"publisher\":{\"@id\":\"https:\\\/\\\/disimi.hr\\\/#organization\"},\"potentialAction\":[{\"@type\":\"SearchAction\",\"target\":{\"@type\":\"EntryPoint\",\"urlTemplate\":\"https:\\\/\\\/disimi.hr\\\/?s={search_term_string}\"},\"query-input\":{\"@type\":\"PropertyValueSpecification\",\"valueRequired\":true,\"valueName\":\"search_term_string\"}}],\"inLanguage\":\"de\"},{\"@type\":\"Organization\",\"@id\":\"https:\\\/\\\/disimi.hr\\\/#organization\",\"name\":\"DiSiMi?\",\"url\":\"https:\\\/\\\/disimi.hr\\\/\",\"logo\":{\"@type\":\"ImageObject\",\"inLanguage\":\"de\",\"@id\":\"https:\\\/\\\/disimi.hr\\\/#\\\/schema\\\/logo\\\/image\\\/\",\"url\":\"https:\\\/\\\/disimi.hr\\\/wp-content\\\/uploads\\\/2022\\\/02\\\/logo2.jpg\",\"contentUrl\":\"https:\\\/\\\/disimi.hr\\\/wp-content\\\/uploads\\\/2022\\\/02\\\/logo2.jpg\",\"width\":250,\"height\":79,\"caption\":\"DiSiMi?\"},\"image\":{\"@id\":\"https:\\\/\\\/disimi.hr\\\/#\\\/schema\\\/logo\\\/image\\\/\"},\"sameAs\":[\"https:\\\/\\\/www.facebook.com\\\/DISIMI.hr\\\/\",\"https:\\\/\\\/www.instagram.com\\\/disimi.hr\\\/\"]}]}<\/script>\n<!-- \/ Yoast SEO plugin. -->","yoast_head_json":{"title":"Damen-Flip-Flops \u201eTextile dirty white\u201c elevated - nzf2511 - DISIMI?","robots":{"index":"index","follow":"follow","max-snippet":"max-snippet:-1","max-image-preview":"max-image-preview:large","max-video-preview":"max-video-preview:-1"},"canonical":"https:\/\/disimi.hr\/de\/produkt\/natikace-zenske-textile-dirty-white-povisene-nzf2511\/","og_locale":"de_DE","og_type":"article","og_title":"Damen-Flip-Flops \u201eTextile dirty white\u201c elevated - nzf2511 - DISIMI?","og_description":"Das Obermaterial besteht aus PU-Material, unter der textilen Innensohle befindet sich eine 3 mm dicke Schicht Memory-Schaum f\u00fcr perfekten Tragekomfort. Die Sohle ist aus einer Kombination von EVA-Material und Gummi gefertigt, um optimale Haltbarkeit und gute Rutschfestigkeit zu gew\u00e4hrleisten.  Mit diesen eleganten High-Top-Loafern sind Sie der Star der Modewelt! Ihr schlichtes Design mit einem einzelnen Riemen und einer goldenen Schnalle ist modern und zeitlos zugleich. Die hohe Sohle mit Jute-Details verleiht ihnen einen trendigen Touch, w\u00e4hrend die bequeme Innensohle Sie mit ihrer Weichheit verw\u00f6hnt. Diese Loafer sind die perfekte Wahl f\u00fcr alle, die vielseitige Schuhe suchen, die sich m\u00fchelos mit verschiedenen Stilen kombinieren lassen. Freuen Sie sich auf Komplimente!  &nbsp;      GR\u00d6SSE L\u00c4NGE IN MILLIMETERN    37  240    38  245    39  250   40  260    41  267    42  272","og_url":"https:\/\/disimi.hr\/de\/produkt\/natikace-zenske-textile-dirty-white-povisene-nzf2511\/","og_site_name":"DISIMI?","article_publisher":"https:\/\/www.facebook.com\/DISIMI.hr\/","article_modified_time":"2026-05-14T10:17:47+00:00","og_image":[{"width":800,"height":800,"url":"https:\/\/disimi.hr\/wp-content\/uploads\/2025\/03\/NZF2511-w.jpg","type":"image\/jpeg"}],"twitter_card":"summary_large_image","twitter_misc":{"Gesch\u00e4tzte Lesezeit":"2\u00a0Minute"},"schema":{"@context":"https:\/\/schema.org","@graph":[{"@type":"WebPage","@id":"https:\/\/disimi.hr\/de\/produkt\/natikace-zenske-textile-dirty-white-povisene-nzf2511\/","url":"https:\/\/disimi.hr\/de\/produkt\/natikace-zenske-textile-dirty-white-povisene-nzf2511\/","name":"Damen-Flip-Flops \u201eTextile dirty white\u201c elevated - nzf2511 - DISIMI?","isPartOf":{"@id":"https:\/\/disimi.hr\/#website"},"primaryImageOfPage":{"@id":"https:\/\/disimi.hr\/de\/produkt\/natikace-zenske-textile-dirty-white-povisene-nzf2511\/#primaryimage"},"image":{"@id":"https:\/\/disimi.hr\/de\/produkt\/natikace-zenske-textile-dirty-white-povisene-nzf2511\/#primaryimage"},"thumbnailUrl":"https:\/\/disimi.hr\/wp-content\/uploads\/2025\/03\/NZF2511-w.jpg","datePublished":"2025-03-21T12:43:49+00:00","dateModified":"2026-05-14T10:17:47+00:00","breadcrumb":{"@id":"https:\/\/disimi.hr\/de\/produkt\/natikace-zenske-textile-dirty-white-povisene-nzf2511\/#breadcrumb"},"inLanguage":"de","potentialAction":[{"@type":"ReadAction","target":["https:\/\/disimi.hr\/de\/produkt\/natikace-zenske-textile-dirty-white-povisene-nzf2511\/"]}]},{"@type":"ImageObject","inLanguage":"de","@id":"https:\/\/disimi.hr\/de\/produkt\/natikace-zenske-textile-dirty-white-povisene-nzf2511\/#primaryimage","url":"https:\/\/disimi.hr\/wp-content\/uploads\/2025\/03\/NZF2511-w.jpg","contentUrl":"https:\/\/disimi.hr\/wp-content\/uploads\/2025\/03\/NZF2511-w.jpg","width":800,"height":800},{"@type":"BreadcrumbList","@id":"https:\/\/disimi.hr\/de\/produkt\/natikace-zenske-textile-dirty-white-povisene-nzf2511\/#breadcrumb","itemListElement":[{"@type":"ListItem","position":1,"name":"Po\u010detna stranica","item":"https:\/\/disimi.hr\/de\/"},{"@type":"ListItem","position":2,"name":"Produkte","item":"https:\/\/disimi.hr\/de\/produkte\/"},{"@type":"ListItem","position":3,"name":"Damen-Flip-Flops \u201eTextile dirty white\u201c elevated &#8211; nzf2511"}]},{"@type":"WebSite","@id":"https:\/\/disimi.hr\/#website","url":"https:\/\/disimi.hr\/","name":"DISIMI?","description":"Hrvatski brand i jedinstveni dizajn!","publisher":{"@id":"https:\/\/disimi.hr\/#organization"},"potentialAction":[{"@type":"SearchAction","target":{"@type":"EntryPoint","urlTemplate":"https:\/\/disimi.hr\/?s={search_term_string}"},"query-input":{"@type":"PropertyValueSpecification","valueRequired":true,"valueName":"search_term_string"}}],"inLanguage":"de"},{"@type":"Organization","@id":"https:\/\/disimi.hr\/#organization","name":"DiSiMi?","url":"https:\/\/disimi.hr\/","logo":{"@type":"ImageObject","inLanguage":"de","@id":"https:\/\/disimi.hr\/#\/schema\/logo\/image\/","url":"https:\/\/disimi.hr\/wp-content\/uploads\/2022\/02\/logo2.jpg","contentUrl":"https:\/\/disimi.hr\/wp-content\/uploads\/2022\/02\/logo2.jpg","width":250,"height":79,"caption":"DiSiMi?"},"image":{"@id":"https:\/\/disimi.hr\/#\/schema\/logo\/image\/"},"sameAs":["https:\/\/www.facebook.com\/DISIMI.hr\/","https:\/\/www.instagram.com\/disimi.hr\/"]}]}},"_links":{"self":[{"href":"https:\/\/disimi.hr\/de\/wp-json\/wp\/v2\/product\/117892","targetHints":{"allow":["GET"]}}],"collection":[{"href":"https:\/\/disimi.hr\/de\/wp-json\/wp\/v2\/product"}],"about":[{"href":"https:\/\/disimi.hr\/de\/wp-json\/wp\/v2\/types\/product"}],"wp:featuredmedia":[{"embeddable":true,"href":"https:\/\/disimi.hr\/de\/wp-json\/wp\/v2\/media\/124514"}],"wp:attachment":[{"href":"https:\/\/disimi.hr\/de\/wp-json\/wp\/v2\/media?parent=117892"}],"wp:term":[{"taxonomy":"product_brand","embeddable":true,"href":"https:\/\/disimi.hr\/de\/wp-json\/wp\/v2\/product_brand?post=117892"},{"taxonomy":"product_cat","embeddable":true,"href":"https:\/\/disimi.hr\/de\/wp-json\/wp\/v2\/product_cat?post=117892"},{"taxonomy":"product_tag","embeddable":true,"href":"https:\/\/disimi.hr\/de\/wp-json\/wp\/v2\/product_tag?post=117892"}],"curies":[{"name":"wp","href":"https:\/\/api.w.org\/{rel}","templated":true}]}}