{"id":117856,"date":"2025-03-28T10:21:56","date_gmt":"2025-03-28T09:21:56","guid":{"rendered":"https:\/\/disimi.hr\/proizvod\/torba-tote-edition-leopard-dim-32x26x12-cm-tzf2511\/"},"modified":"2026-04-16T13:25:22","modified_gmt":"2026-04-16T11:25:22","slug":"torba-tote-edition-leopard-dim-32x26x12-cm-tzf2511","status":"publish","type":"product","link":"https:\/\/disimi.hr\/de\/produkt\/torba-tote-edition-leopard-dim-32x26x12-cm-tzf2511\/","title":{"rendered":"Tote Edition \u201eLeopard\u201c Tasche, Ma\u00dfe 32 x 26 x 12 cm &#8211; tzf2511"},"content":{"rendered":"<div class=\"wpb-content-wrapper\"><p>[vc_row][vc_column][vc_column_text css=&#8221;&#8221; woodmart_inline=&#8221;no&#8221; text_larger=&#8221;yes&#8221;] <\/p>\n<p style=\"text-align: center;\"><strong>Modeaccessoires, von denen wir uns nicht trennen k\u00f6nnen<\/strong><\/p>\n<p style=\"text-align: center;\">Verleihen Sie Ihrem Alltag mit dieser modernen Tasche im Leopardenmuster aus der DiSiMi?-Kollektion einen Hauch von K\u00fchnheit und Stil. Diese Tasche vereint Funktionalit\u00e4t und trendiges Design perfekt und ist ideal f\u00fcr alle Fashionistas, die auffallen m\u00f6chten.<\/p>\n<p style=\"text-align: center;\"><strong>Das perfekte Geschenk \u2026 f\u00fcr Sie!<\/strong><\/p>\n<p style=\"text-align: center;\"><strong>\u2714 Eine Tasche f\u00fcr jedes Outfit<\/strong>, f\u00fcr einen l\u00e4ssigen Look<\/p>\n<p style=\"text-align: center;\"><strong>\u2714 Gut f\u00fcrs Geld:<\/strong> Trotz hoher Qualit\u00e4t ist der Preis f\u00fcr jedes Budget erschwinglich.<\/p>\n<p style=\"text-align: center;\"><strong>\u2714 Modernes Design:<\/strong> Bei DiSiMi? wurden beim Design keine Kompromisse gemacht. Eine Tasche ist ein wesentlicher Bestandteil der Identit\u00e4t einer Frau und muss daher das gewisse Etwas haben.<\/p>\n<p style=\"text-align: center;\"><strong>\u2714 Was ist wichtiger als eine Tasche?<\/strong> Selbst wenn Frauen unbegrenzt Geld h\u00e4tten, k\u00f6nnten sie sich sicherlich nicht alle Taschen leisten, die ihnen gefallen \u2013 und vor allem brauchen sie diese Taschen. Eine Tasche ist ein unverzichtbarer Bestandteil jedes gelungenen Outfits. Oftmals macht schon der Wechsel der Tasche den entscheidenden Unterschied. Warum ist das so? Denn eine Tasche ist ein modisches Accessoire, das das Ganze abrundet, hervorsticht und somit Aufmerksamkeit erregt.<\/p>\n<p>[\/vc_column_text][vc_row_inner][vc_column_inner width=&#8221;1\/2&#8243;][vc_single_image image=&#8221;2580&#8243; img_size=&#8221;full&#8221; alignment=&#8221;center&#8221; parallax_scroll=&#8221;no&#8221; woodmart_inline=&#8221;no&#8221;][\/vc_column_inner][vc_column_inner width=&#8221;1\/2&#8243;][vc_single_image image=&#8221;7452&#8243; img_size=&#8221;full&#8221; alignment=&#8221;center&#8221; parallax_scroll=&#8221;no&#8221; woodmart_inline=&#8221;no&#8221;][\/vc_column_inner][\/vc_row_inner][vc_row_inner][vc_column_inner][vc_column_text woodmart_inline=&#8221;no&#8221; text_larger=&#8221;no&#8221;] <\/p>\n<div>\n<p style=\"text-align: center;\"> Wir sind fest davon \u00fcberzeugt, dass unsere Taschen von h\u00f6chster Qualit\u00e4t und mit erstklassigem Design sind. Wir glauben so sehr an unser Produkt, dass wir sicher sind, es wird Sie begeistern. Sollten die DiSiMi?-Taschen Ihre Erwartungen nicht erf\u00fcllen, k\u00f6nnen Sie sie jederzeit zur\u00fcckgeben und wir erstatten Ihnen innerhalb der ersten 30 Tage den vollen Kaufpreis.<\/p>\n<\/div>\n<p>[\/vc_column_text][\/vc_column_inner][\/vc_row_inner][\/vc_column][\/vc_row]<\/p>\n<\/div>","protected":false},"excerpt":{"rendered":"<ul class=\"marker:text-textOff list-disc\">\n<li>\n<p class=\"my-0\"><strong>Material und Design:<\/strong> Strapazierf\u00e4higes, pflegeleichtes Canvas. Die Tasche ist aus hochwertigen Materialien gefertigt und mit einem auff\u00e4lligen Leopardenmuster verziert, das Eleganz und K\u00fchnheit ausstrahlt. Details mit der Aufschrift &#8220;DiSiMi?&#8221; verleihen ihr eine pers\u00f6nliche Note.<\/p>\n<\/li>\n<li>\n<p class=\"my-0\"><strong>Abmessungen:<\/strong> Ideale Gr\u00f6\u00dfe f\u00fcr den Alltag \u2013 ausreichend Platz f\u00fcr all Ihre Sachen. Ma\u00dfe: 32 x 26 x 12 cm. Mit Rei\u00dfverschluss. Sie l\u00e4sst sich leicht mit l\u00e4ssigen oder eleganten Outfits kombinieren.<\/p>\n<\/li>\n<li>\n<p class=\"my-0\"><strong>Design:<\/strong> K\u00fcrzere Henkel und ein verstellbarer Schultergurt sorgen f\u00fcr flexible Tragem\u00f6glichkeiten.<\/p>\n<\/li>\n<li>\n<p class=\"my-0\"><strong>Farbe:<\/strong> Leopardenmuster, ein unverzichtbares Mode-Detail im Jahr 2025, symbolisiert einen unbezwingbaren Geist und unterstreicht Ihre Pers\u00f6nlichkeit.<\/p>\n<\/li>\n<li>\n<p class=\"my-0\"><strong>Vielseitig einsetzbar:<\/strong> Perfekt f\u00fcr Arbeit, Uni, Stadtbummel oder Wochenendausfl\u00fcge.<\/p>\n<\/li>\n<\/ul>\n<p>&nbsp;<\/p>\n","protected":false},"featured_media":126350,"template":"","meta":[],"product_brand":[],"product_cat":[215,216],"product_tag":[],"class_list":{"0":"post-117856","1":"product","2":"type-product","3":"status-publish","4":"has-post-thumbnail","6":"product_cat-sommertaschen","7":"product_cat-taschen","9":"first","10":"instock","11":"featured","12":"taxable","13":"shipping-taxable","14":"purchasable","15":"product-type-simple"},"yoast_head":"<!-- This site is optimized with the Yoast SEO plugin v27.5 - https:\/\/yoast.com\/product\/yoast-seo-wordpress\/ -->\n<title>Tote Edition \u201eLeopard\u201c Tasche, Ma\u00dfe 32 x 26 x 12 cm - tzf2511 - DISIMI?<\/title>\n<meta name=\"robots\" content=\"index, follow, max-snippet:-1, max-image-preview:large, max-video-preview:-1\" \/>\n<link rel=\"canonical\" href=\"https:\/\/disimi.hr\/de\/produkt\/torba-tote-edition-leopard-dim-32x26x12-cm-tzf2511\/\" \/>\n<meta property=\"og:locale\" content=\"de_DE\" \/>\n<meta property=\"og:type\" content=\"article\" \/>\n<meta property=\"og:title\" content=\"Tote Edition \u201eLeopard\u201c Tasche, Ma\u00dfe 32 x 26 x 12 cm - tzf2511 - DISIMI?\" \/>\n<meta property=\"og:description\" content=\"Material und Design: Strapazierf\u00e4higes, pflegeleichtes Canvas. Die Tasche ist aus hochwertigen Materialien gefertigt und mit einem auff\u00e4lligen Leopardenmuster verziert, das Eleganz und K\u00fchnheit ausstrahlt. Details mit der Aufschrift &quot;DiSiMi?&quot; verleihen ihr eine pers\u00f6nliche Note.    Abmessungen: Ideale Gr\u00f6\u00dfe f\u00fcr den Alltag \u2013 ausreichend Platz f\u00fcr all Ihre Sachen. Ma\u00dfe: 32 x 26 x 12 cm. Mit Rei\u00dfverschluss. Sie l\u00e4sst sich leicht mit l\u00e4ssigen oder eleganten Outfits kombinieren.    Design: K\u00fcrzere Henkel und ein verstellbarer Schultergurt sorgen f\u00fcr flexible Tragem\u00f6glichkeiten.    Farbe: Leopardenmuster, ein unverzichtbares Mode-Detail im Jahr 2025, symbolisiert einen unbezwingbaren Geist und unterstreicht Ihre Pers\u00f6nlichkeit.    Vielseitig einsetzbar: Perfekt f\u00fcr Arbeit, Uni, Stadtbummel oder Wochenendausfl\u00fcge.   &nbsp;\" \/>\n<meta property=\"og:url\" content=\"https:\/\/disimi.hr\/de\/produkt\/torba-tote-edition-leopard-dim-32x26x12-cm-tzf2511\/\" \/>\n<meta property=\"og:site_name\" content=\"DISIMI?\" \/>\n<meta property=\"article:publisher\" content=\"https:\/\/www.facebook.com\/DISIMI.hr\/\" \/>\n<meta property=\"article:modified_time\" content=\"2026-04-16T11:25:22+00:00\" \/>\n<meta property=\"og:image\" content=\"https:\/\/disimi.hr\/wp-content\/uploads\/2025\/03\/tzf2511-W.jpg\" \/>\n\t<meta property=\"og:image:width\" content=\"800\" \/>\n\t<meta property=\"og:image:height\" content=\"800\" \/>\n\t<meta property=\"og:image:type\" content=\"image\/jpeg\" \/>\n<meta name=\"twitter:card\" content=\"summary_large_image\" \/>\n<meta name=\"twitter:label1\" content=\"Gesch\u00e4tzte Lesezeit\" \/>\n\t<meta name=\"twitter:data1\" content=\"2\u00a0Minute\" \/>\n<script type=\"application\/ld+json\" class=\"yoast-schema-graph\">{\"@context\":\"https:\\\/\\\/schema.org\",\"@graph\":[{\"@type\":\"WebPage\",\"@id\":\"https:\\\/\\\/disimi.hr\\\/de\\\/produkt\\\/torba-tote-edition-leopard-dim-32x26x12-cm-tzf2511\\\/\",\"url\":\"https:\\\/\\\/disimi.hr\\\/de\\\/produkt\\\/torba-tote-edition-leopard-dim-32x26x12-cm-tzf2511\\\/\",\"name\":\"Tote Edition \u201eLeopard\u201c Tasche, Ma\u00dfe 32 x 26 x 12 cm - tzf2511 - DISIMI?\",\"isPartOf\":{\"@id\":\"https:\\\/\\\/disimi.hr\\\/#website\"},\"primaryImageOfPage\":{\"@id\":\"https:\\\/\\\/disimi.hr\\\/de\\\/produkt\\\/torba-tote-edition-leopard-dim-32x26x12-cm-tzf2511\\\/#primaryimage\"},\"image\":{\"@id\":\"https:\\\/\\\/disimi.hr\\\/de\\\/produkt\\\/torba-tote-edition-leopard-dim-32x26x12-cm-tzf2511\\\/#primaryimage\"},\"thumbnailUrl\":\"https:\\\/\\\/disimi.hr\\\/wp-content\\\/uploads\\\/2025\\\/03\\\/tzf2511-W.jpg\",\"datePublished\":\"2025-03-28T09:21:56+00:00\",\"dateModified\":\"2026-04-16T11:25:22+00:00\",\"breadcrumb\":{\"@id\":\"https:\\\/\\\/disimi.hr\\\/de\\\/produkt\\\/torba-tote-edition-leopard-dim-32x26x12-cm-tzf2511\\\/#breadcrumb\"},\"inLanguage\":\"de\",\"potentialAction\":[{\"@type\":\"ReadAction\",\"target\":[\"https:\\\/\\\/disimi.hr\\\/de\\\/produkt\\\/torba-tote-edition-leopard-dim-32x26x12-cm-tzf2511\\\/\"]}]},{\"@type\":\"ImageObject\",\"inLanguage\":\"de\",\"@id\":\"https:\\\/\\\/disimi.hr\\\/de\\\/produkt\\\/torba-tote-edition-leopard-dim-32x26x12-cm-tzf2511\\\/#primaryimage\",\"url\":\"https:\\\/\\\/disimi.hr\\\/wp-content\\\/uploads\\\/2025\\\/03\\\/tzf2511-W.jpg\",\"contentUrl\":\"https:\\\/\\\/disimi.hr\\\/wp-content\\\/uploads\\\/2025\\\/03\\\/tzf2511-W.jpg\",\"width\":800,\"height\":800},{\"@type\":\"BreadcrumbList\",\"@id\":\"https:\\\/\\\/disimi.hr\\\/de\\\/produkt\\\/torba-tote-edition-leopard-dim-32x26x12-cm-tzf2511\\\/#breadcrumb\",\"itemListElement\":[{\"@type\":\"ListItem\",\"position\":1,\"name\":\"Po\u010detna stranica\",\"item\":\"https:\\\/\\\/disimi.hr\\\/de\\\/\"},{\"@type\":\"ListItem\",\"position\":2,\"name\":\"Produkte\",\"item\":\"https:\\\/\\\/disimi.hr\\\/de\\\/produkte\\\/\"},{\"@type\":\"ListItem\",\"position\":3,\"name\":\"Tote Edition \u201eLeopard\u201c Tasche, Ma\u00dfe 32 x 26 x 12 cm &#8211; tzf2511\"}]},{\"@type\":\"WebSite\",\"@id\":\"https:\\\/\\\/disimi.hr\\\/#website\",\"url\":\"https:\\\/\\\/disimi.hr\\\/\",\"name\":\"DISIMI?\",\"description\":\"Hrvatski brand i jedinstveni dizajn!\",\"publisher\":{\"@id\":\"https:\\\/\\\/disimi.hr\\\/#organization\"},\"potentialAction\":[{\"@type\":\"SearchAction\",\"target\":{\"@type\":\"EntryPoint\",\"urlTemplate\":\"https:\\\/\\\/disimi.hr\\\/?s={search_term_string}\"},\"query-input\":{\"@type\":\"PropertyValueSpecification\",\"valueRequired\":true,\"valueName\":\"search_term_string\"}}],\"inLanguage\":\"de\"},{\"@type\":\"Organization\",\"@id\":\"https:\\\/\\\/disimi.hr\\\/#organization\",\"name\":\"DiSiMi?\",\"url\":\"https:\\\/\\\/disimi.hr\\\/\",\"logo\":{\"@type\":\"ImageObject\",\"inLanguage\":\"de\",\"@id\":\"https:\\\/\\\/disimi.hr\\\/#\\\/schema\\\/logo\\\/image\\\/\",\"url\":\"https:\\\/\\\/disimi.hr\\\/wp-content\\\/uploads\\\/2022\\\/02\\\/logo2.jpg\",\"contentUrl\":\"https:\\\/\\\/disimi.hr\\\/wp-content\\\/uploads\\\/2022\\\/02\\\/logo2.jpg\",\"width\":250,\"height\":79,\"caption\":\"DiSiMi?\"},\"image\":{\"@id\":\"https:\\\/\\\/disimi.hr\\\/#\\\/schema\\\/logo\\\/image\\\/\"},\"sameAs\":[\"https:\\\/\\\/www.facebook.com\\\/DISIMI.hr\\\/\",\"https:\\\/\\\/www.instagram.com\\\/disimi.hr\\\/\"]}]}<\/script>\n<!-- \/ Yoast SEO plugin. -->","yoast_head_json":{"title":"Tote Edition \u201eLeopard\u201c Tasche, Ma\u00dfe 32 x 26 x 12 cm - tzf2511 - DISIMI?","robots":{"index":"index","follow":"follow","max-snippet":"max-snippet:-1","max-image-preview":"max-image-preview:large","max-video-preview":"max-video-preview:-1"},"canonical":"https:\/\/disimi.hr\/de\/produkt\/torba-tote-edition-leopard-dim-32x26x12-cm-tzf2511\/","og_locale":"de_DE","og_type":"article","og_title":"Tote Edition \u201eLeopard\u201c Tasche, Ma\u00dfe 32 x 26 x 12 cm - tzf2511 - DISIMI?","og_description":"Material und Design: Strapazierf\u00e4higes, pflegeleichtes Canvas. Die Tasche ist aus hochwertigen Materialien gefertigt und mit einem auff\u00e4lligen Leopardenmuster verziert, das Eleganz und K\u00fchnheit ausstrahlt. Details mit der Aufschrift \"DiSiMi?\" verleihen ihr eine pers\u00f6nliche Note.    Abmessungen: Ideale Gr\u00f6\u00dfe f\u00fcr den Alltag \u2013 ausreichend Platz f\u00fcr all Ihre Sachen. Ma\u00dfe: 32 x 26 x 12 cm. Mit Rei\u00dfverschluss. Sie l\u00e4sst sich leicht mit l\u00e4ssigen oder eleganten Outfits kombinieren.    Design: K\u00fcrzere Henkel und ein verstellbarer Schultergurt sorgen f\u00fcr flexible Tragem\u00f6glichkeiten.    Farbe: Leopardenmuster, ein unverzichtbares Mode-Detail im Jahr 2025, symbolisiert einen unbezwingbaren Geist und unterstreicht Ihre Pers\u00f6nlichkeit.    Vielseitig einsetzbar: Perfekt f\u00fcr Arbeit, Uni, Stadtbummel oder Wochenendausfl\u00fcge.   &nbsp;","og_url":"https:\/\/disimi.hr\/de\/produkt\/torba-tote-edition-leopard-dim-32x26x12-cm-tzf2511\/","og_site_name":"DISIMI?","article_publisher":"https:\/\/www.facebook.com\/DISIMI.hr\/","article_modified_time":"2026-04-16T11:25:22+00:00","og_image":[{"width":800,"height":800,"url":"https:\/\/disimi.hr\/wp-content\/uploads\/2025\/03\/tzf2511-W.jpg","type":"image\/jpeg"}],"twitter_card":"summary_large_image","twitter_misc":{"Gesch\u00e4tzte Lesezeit":"2\u00a0Minute"},"schema":{"@context":"https:\/\/schema.org","@graph":[{"@type":"WebPage","@id":"https:\/\/disimi.hr\/de\/produkt\/torba-tote-edition-leopard-dim-32x26x12-cm-tzf2511\/","url":"https:\/\/disimi.hr\/de\/produkt\/torba-tote-edition-leopard-dim-32x26x12-cm-tzf2511\/","name":"Tote Edition \u201eLeopard\u201c Tasche, Ma\u00dfe 32 x 26 x 12 cm - tzf2511 - DISIMI?","isPartOf":{"@id":"https:\/\/disimi.hr\/#website"},"primaryImageOfPage":{"@id":"https:\/\/disimi.hr\/de\/produkt\/torba-tote-edition-leopard-dim-32x26x12-cm-tzf2511\/#primaryimage"},"image":{"@id":"https:\/\/disimi.hr\/de\/produkt\/torba-tote-edition-leopard-dim-32x26x12-cm-tzf2511\/#primaryimage"},"thumbnailUrl":"https:\/\/disimi.hr\/wp-content\/uploads\/2025\/03\/tzf2511-W.jpg","datePublished":"2025-03-28T09:21:56+00:00","dateModified":"2026-04-16T11:25:22+00:00","breadcrumb":{"@id":"https:\/\/disimi.hr\/de\/produkt\/torba-tote-edition-leopard-dim-32x26x12-cm-tzf2511\/#breadcrumb"},"inLanguage":"de","potentialAction":[{"@type":"ReadAction","target":["https:\/\/disimi.hr\/de\/produkt\/torba-tote-edition-leopard-dim-32x26x12-cm-tzf2511\/"]}]},{"@type":"ImageObject","inLanguage":"de","@id":"https:\/\/disimi.hr\/de\/produkt\/torba-tote-edition-leopard-dim-32x26x12-cm-tzf2511\/#primaryimage","url":"https:\/\/disimi.hr\/wp-content\/uploads\/2025\/03\/tzf2511-W.jpg","contentUrl":"https:\/\/disimi.hr\/wp-content\/uploads\/2025\/03\/tzf2511-W.jpg","width":800,"height":800},{"@type":"BreadcrumbList","@id":"https:\/\/disimi.hr\/de\/produkt\/torba-tote-edition-leopard-dim-32x26x12-cm-tzf2511\/#breadcrumb","itemListElement":[{"@type":"ListItem","position":1,"name":"Po\u010detna stranica","item":"https:\/\/disimi.hr\/de\/"},{"@type":"ListItem","position":2,"name":"Produkte","item":"https:\/\/disimi.hr\/de\/produkte\/"},{"@type":"ListItem","position":3,"name":"Tote Edition \u201eLeopard\u201c Tasche, Ma\u00dfe 32 x 26 x 12 cm &#8211; tzf2511"}]},{"@type":"WebSite","@id":"https:\/\/disimi.hr\/#website","url":"https:\/\/disimi.hr\/","name":"DISIMI?","description":"Hrvatski brand i jedinstveni dizajn!","publisher":{"@id":"https:\/\/disimi.hr\/#organization"},"potentialAction":[{"@type":"SearchAction","target":{"@type":"EntryPoint","urlTemplate":"https:\/\/disimi.hr\/?s={search_term_string}"},"query-input":{"@type":"PropertyValueSpecification","valueRequired":true,"valueName":"search_term_string"}}],"inLanguage":"de"},{"@type":"Organization","@id":"https:\/\/disimi.hr\/#organization","name":"DiSiMi?","url":"https:\/\/disimi.hr\/","logo":{"@type":"ImageObject","inLanguage":"de","@id":"https:\/\/disimi.hr\/#\/schema\/logo\/image\/","url":"https:\/\/disimi.hr\/wp-content\/uploads\/2022\/02\/logo2.jpg","contentUrl":"https:\/\/disimi.hr\/wp-content\/uploads\/2022\/02\/logo2.jpg","width":250,"height":79,"caption":"DiSiMi?"},"image":{"@id":"https:\/\/disimi.hr\/#\/schema\/logo\/image\/"},"sameAs":["https:\/\/www.facebook.com\/DISIMI.hr\/","https:\/\/www.instagram.com\/disimi.hr\/"]}]}},"_links":{"self":[{"href":"https:\/\/disimi.hr\/de\/wp-json\/wp\/v2\/product\/117856","targetHints":{"allow":["GET"]}}],"collection":[{"href":"https:\/\/disimi.hr\/de\/wp-json\/wp\/v2\/product"}],"about":[{"href":"https:\/\/disimi.hr\/de\/wp-json\/wp\/v2\/types\/product"}],"wp:featuredmedia":[{"embeddable":true,"href":"https:\/\/disimi.hr\/de\/wp-json\/wp\/v2\/media\/126350"}],"wp:attachment":[{"href":"https:\/\/disimi.hr\/de\/wp-json\/wp\/v2\/media?parent=117856"}],"wp:term":[{"taxonomy":"product_brand","embeddable":true,"href":"https:\/\/disimi.hr\/de\/wp-json\/wp\/v2\/product_brand?post=117856"},{"taxonomy":"product_cat","embeddable":true,"href":"https:\/\/disimi.hr\/de\/wp-json\/wp\/v2\/product_cat?post=117856"},{"taxonomy":"product_tag","embeddable":true,"href":"https:\/\/disimi.hr\/de\/wp-json\/wp\/v2\/product_tag?post=117856"}],"curies":[{"name":"wp","href":"https:\/\/api.w.org\/{rel}","templated":true}]}}