{"id":117851,"date":"2025-03-28T10:29:29","date_gmt":"2025-03-28T09:29:29","guid":{"rendered":"https:\/\/disimi.hr\/proizvod\/torba-pure-elegance-dim-27x32x10-cm-tzf2514\/"},"modified":"2026-04-20T12:05:53","modified_gmt":"2026-04-20T10:05:53","slug":"torba-pure-elegance-dim-27x32x10-cm-tzf2514","status":"publish","type":"product","link":"https:\/\/disimi.hr\/de\/produkt\/torba-pure-elegance-dim-27x32x10-cm-tzf2514\/","title":{"rendered":"Tasche \u201ePure Elegance\u201c, Ma\u00dfe 27 x 32 x 10 cm \u2013 tzf2514"},"content":{"rendered":"<div class=\"wpb-content-wrapper\"><p>[vc_row][vc_column][vc_column_text css=&#8221;&#8221; woodmart_inline=&#8221;no&#8221; text_larger=&#8221;yes&#8221;] <\/p>\n<p style=\"text-align: center;\"><strong>Modeaccessoires, von denen wir uns nicht trennen k\u00f6nnen<\/strong><\/p>\n<p class=\"my-0\" style=\"text-align: center;\"><strong>Stricktasche mit schwarzen Details<\/strong><\/p>\n<p class=\"my-0\" style=\"text-align: center;\">Machen Sie sich bereit f\u00fcr den Sommer mit dieser eleganten und praktischen Stricktasche! Diese Tasche ist perfekt f\u00fcr die Stadt oder entspannte Momente am Strand und vereint einen nat\u00fcrlichen Look mit modernen Details.<\/p>\n<p style=\"text-align: center;\"><strong>Das perfekte Geschenk \u2026 f\u00fcr Sie!<\/strong><\/p>\n<p style=\"text-align: center;\"><strong>\u2714 Eine Tasche f\u00fcr jedes Outfit<\/strong>, f\u00fcr einen l\u00e4ssigen Stil<\/p>\n<p style=\"text-align: center;\"><strong>\u2714 Sie schonen Ihr Geld:<\/strong> Trotz ihrer hohen Qualit\u00e4t ist sie mit ihrem Preis f\u00fcr jedes Budget erschwinglich.<\/p>\n<p style=\"text-align: center;\"><strong>\u2714 Modernes Design:<\/strong> Wo ist DiSiMi? Diese Tasche macht keine Kompromisse beim Design. Eine Tasche ist ein wesentlicher Bestandteil der Identit\u00e4t einer Frau und muss daher das gewisse Etwas haben.<\/p>\n<p style=\"text-align: center;\"><strong>\u2714 Was ist wichtiger als eine Tasche?<\/strong> Selbst wenn Frauen unbegrenzt Geld h\u00e4tten, k\u00f6nnten sie sich sicherlich nicht alle Taschen leisten, die ihnen gefallen \u2013 und vor allem brauchen sie diese Taschen. Eine Tasche ist ein unverzichtbarer Bestandteil jedes gelungenen Outfits. Oftmals macht schon der Wechsel der Tasche den entscheidenden Unterschied. Warum ist das so? Denn eine Tasche ist ein modisches Accessoire, das das Ganze abrundet, hervorsticht und somit Aufmerksamkeit erregt.<\/p>\n<p>[\/vc_column_text][vc_row_inner][vc_column_inner width=&#8221;1\/2&#8243;][vc_single_image image=&#8221;2580&#8243; img_size=&#8221;full&#8221; alignment=&#8221;center&#8221; parallax_scroll=&#8221;no&#8221; woodmart_inline=&#8221;no&#8221;][\/vc_column_inner][vc_column_inner width=&#8221;1\/2&#8243;][vc_single_image image=&#8221;7452&#8243; img_size=&#8221;full&#8221; alignment=&#8221;center&#8221; parallax_scroll=&#8221;no&#8221; woodmart_inline=&#8221;no&#8221;][\/vc_column_inner][\/vc_row_inner][vc_row_inner][vc_column_inner][vc_column_text woodmart_inline=&#8221;no&#8221; text_larger=&#8221;no&#8221;] <\/p>\n<div>\n<p style=\"text-align: center;\"> Wir sind fest davon \u00fcberzeugt, dass unsere Taschen von h\u00f6chster Qualit\u00e4t und mit erstklassigem Design sind. Wir glauben so sehr an unser Produkt, dass wir sicher sind, es wird Sie begeistern. Sollten die DiSiMi?-Taschen Ihre Erwartungen nicht erf\u00fcllen, k\u00f6nnen Sie sie jederzeit zur\u00fcckgeben und wir erstatten Ihnen innerhalb der ersten 30 Tage den vollen Kaufpreis.<\/p>\n<\/div>\n<p>[\/vc_column_text][\/vc_column_inner][\/vc_row_inner][\/vc_column][\/vc_row]<\/p>\n<\/div>","protected":false},"excerpt":{"rendered":"<ul class=\"marker:text-textOff list-disc\">\n<li>\n<p class=\"my-0\"><strong>Material und Design:<\/strong> Diese Tasche aus hochwertigem, beigefarbenem Strickmaterial (einer Kombination aus Polypropylen und PVC) strahlt nat\u00fcrliche Eleganz aus. Schwarze Details wie Griffe und Schultergurt setzen einen raffinierten Kontrast.<\/p>\n<\/li>\n<li>\n<p class=\"my-0\"><strong>Praktikabilit\u00e4t:<\/strong> Die Tasche bietet zwei Tragem\u00f6glichkeiten: stabile Griffe zum Tragen in der Hand und einen verstellbaren Schultergurt f\u00fcr Flexibilit\u00e4t und Komfort. Das ger\u00e4umige Innere bietet ausreichend Platz f\u00fcr all Ihre wichtigen Dinge.<\/p>\n<\/li>\n<li>\n<p class=\"my-0\"><strong>Abmessungen:<\/strong> Die Tasche hat die ideale Gr\u00f6\u00dfe f\u00fcr den Alltag und l\u00e4sst sich problemlos mit verschiedenen Kleidungsstilen kombinieren. Abmessungen: 27 x 10 x 32 cm. Rei\u00dfverschluss.<\/p>\n<\/li>\n<li>\n<p class=\"my-0\"><strong>Stil:<\/strong> Diese Tasche ist perfekt f\u00fcr alle, die einen nat\u00fcrlichen und l\u00e4ssigen Stil lieben und rundet Ihren Sommerlook ab. Das Strickdesign ist in dieser Saison ein absoluter Hit, und die schwarzen Details verleihen ihr einen Hauch von Eleganz.<\/p>\n<\/li>\n<\/ul>\n<p class=\"my-0\">Diese Tasche ist die perfekte Wahl f\u00fcr alle, die eine praktische und gleichzeitig stilvolle Erg\u00e4nzung ihrer Garderobe suchen. Bestellen Sie Ihre Stricktasche mit schwarzen Details und seien Sie bereit f\u00fcr den Sommer!<\/p>\n","protected":false},"featured_media":128104,"template":"","meta":[],"product_brand":[],"product_cat":[215,216],"product_tag":[],"class_list":{"0":"post-117851","1":"product","2":"type-product","3":"status-publish","4":"has-post-thumbnail","6":"product_cat-sommertaschen","7":"product_cat-taschen","9":"first","10":"instock","11":"featured","12":"taxable","13":"shipping-taxable","14":"purchasable","15":"product-type-simple"},"yoast_head":"<!-- This site is optimized with the Yoast SEO plugin v27.5 - https:\/\/yoast.com\/product\/yoast-seo-wordpress\/ -->\n<title>Tasche \u201ePure Elegance\u201c, Ma\u00dfe 27 x 32 x 10 cm \u2013 tzf2514 - DISIMI?<\/title>\n<meta name=\"robots\" content=\"index, follow, max-snippet:-1, max-image-preview:large, max-video-preview:-1\" \/>\n<link rel=\"canonical\" href=\"https:\/\/disimi.hr\/de\/produkt\/torba-pure-elegance-dim-27x32x10-cm-tzf2514\/\" \/>\n<meta property=\"og:locale\" content=\"de_DE\" \/>\n<meta property=\"og:type\" content=\"article\" \/>\n<meta property=\"og:title\" content=\"Tasche \u201ePure Elegance\u201c, Ma\u00dfe 27 x 32 x 10 cm \u2013 tzf2514 - DISIMI?\" \/>\n<meta property=\"og:description\" content=\"Material und Design: Diese Tasche aus hochwertigem, beigefarbenem Strickmaterial (einer Kombination aus Polypropylen und PVC) strahlt nat\u00fcrliche Eleganz aus. Schwarze Details wie Griffe und Schultergurt setzen einen raffinierten Kontrast.    Praktikabilit\u00e4t: Die Tasche bietet zwei Tragem\u00f6glichkeiten: stabile Griffe zum Tragen in der Hand und einen verstellbaren Schultergurt f\u00fcr Flexibilit\u00e4t und Komfort. Das ger\u00e4umige Innere bietet ausreichend Platz f\u00fcr all Ihre wichtigen Dinge.    Abmessungen: Die Tasche hat die ideale Gr\u00f6\u00dfe f\u00fcr den Alltag und l\u00e4sst sich problemlos mit verschiedenen Kleidungsstilen kombinieren. Abmessungen: 27 x 10 x 32 cm. Rei\u00dfverschluss.    Stil: Diese Tasche ist perfekt f\u00fcr alle, die einen nat\u00fcrlichen und l\u00e4ssigen Stil lieben und rundet Ihren Sommerlook ab. Das Strickdesign ist in dieser Saison ein absoluter Hit, und die schwarzen Details verleihen ihr einen Hauch von Eleganz.   Diese Tasche ist die perfekte Wahl f\u00fcr alle, die eine praktische und gleichzeitig stilvolle Erg\u00e4nzung ihrer Garderobe suchen. Bestellen Sie Ihre Stricktasche mit schwarzen Details und seien Sie bereit f\u00fcr den Sommer!\" \/>\n<meta property=\"og:url\" content=\"https:\/\/disimi.hr\/de\/produkt\/torba-pure-elegance-dim-27x32x10-cm-tzf2514\/\" \/>\n<meta property=\"og:site_name\" content=\"DISIMI?\" \/>\n<meta property=\"article:publisher\" content=\"https:\/\/www.facebook.com\/DISIMI.hr\/\" \/>\n<meta property=\"article:modified_time\" content=\"2026-04-20T10:05:53+00:00\" \/>\n<meta property=\"og:image\" content=\"https:\/\/disimi.hr\/wp-content\/uploads\/2025\/03\/tzf2514-W.jpg\" \/>\n\t<meta property=\"og:image:width\" content=\"800\" \/>\n\t<meta property=\"og:image:height\" content=\"800\" \/>\n\t<meta property=\"og:image:type\" content=\"image\/jpeg\" \/>\n<meta name=\"twitter:card\" content=\"summary_large_image\" \/>\n<meta name=\"twitter:label1\" content=\"Gesch\u00e4tzte Lesezeit\" \/>\n\t<meta name=\"twitter:data1\" content=\"2\u00a0Minute\" \/>\n<script type=\"application\/ld+json\" class=\"yoast-schema-graph\">{\"@context\":\"https:\\\/\\\/schema.org\",\"@graph\":[{\"@type\":\"WebPage\",\"@id\":\"https:\\\/\\\/disimi.hr\\\/de\\\/produkt\\\/torba-pure-elegance-dim-27x32x10-cm-tzf2514\\\/\",\"url\":\"https:\\\/\\\/disimi.hr\\\/de\\\/produkt\\\/torba-pure-elegance-dim-27x32x10-cm-tzf2514\\\/\",\"name\":\"Tasche \u201ePure Elegance\u201c, Ma\u00dfe 27 x 32 x 10 cm \u2013 tzf2514 - DISIMI?\",\"isPartOf\":{\"@id\":\"https:\\\/\\\/disimi.hr\\\/#website\"},\"primaryImageOfPage\":{\"@id\":\"https:\\\/\\\/disimi.hr\\\/de\\\/produkt\\\/torba-pure-elegance-dim-27x32x10-cm-tzf2514\\\/#primaryimage\"},\"image\":{\"@id\":\"https:\\\/\\\/disimi.hr\\\/de\\\/produkt\\\/torba-pure-elegance-dim-27x32x10-cm-tzf2514\\\/#primaryimage\"},\"thumbnailUrl\":\"https:\\\/\\\/disimi.hr\\\/wp-content\\\/uploads\\\/2025\\\/03\\\/tzf2514-W.jpg\",\"datePublished\":\"2025-03-28T09:29:29+00:00\",\"dateModified\":\"2026-04-20T10:05:53+00:00\",\"breadcrumb\":{\"@id\":\"https:\\\/\\\/disimi.hr\\\/de\\\/produkt\\\/torba-pure-elegance-dim-27x32x10-cm-tzf2514\\\/#breadcrumb\"},\"inLanguage\":\"de\",\"potentialAction\":[{\"@type\":\"ReadAction\",\"target\":[\"https:\\\/\\\/disimi.hr\\\/de\\\/produkt\\\/torba-pure-elegance-dim-27x32x10-cm-tzf2514\\\/\"]}]},{\"@type\":\"ImageObject\",\"inLanguage\":\"de\",\"@id\":\"https:\\\/\\\/disimi.hr\\\/de\\\/produkt\\\/torba-pure-elegance-dim-27x32x10-cm-tzf2514\\\/#primaryimage\",\"url\":\"https:\\\/\\\/disimi.hr\\\/wp-content\\\/uploads\\\/2025\\\/03\\\/tzf2514-W.jpg\",\"contentUrl\":\"https:\\\/\\\/disimi.hr\\\/wp-content\\\/uploads\\\/2025\\\/03\\\/tzf2514-W.jpg\",\"width\":800,\"height\":800},{\"@type\":\"BreadcrumbList\",\"@id\":\"https:\\\/\\\/disimi.hr\\\/de\\\/produkt\\\/torba-pure-elegance-dim-27x32x10-cm-tzf2514\\\/#breadcrumb\",\"itemListElement\":[{\"@type\":\"ListItem\",\"position\":1,\"name\":\"Po\u010detna stranica\",\"item\":\"https:\\\/\\\/disimi.hr\\\/de\\\/\"},{\"@type\":\"ListItem\",\"position\":2,\"name\":\"Produkte\",\"item\":\"https:\\\/\\\/disimi.hr\\\/de\\\/produkte\\\/\"},{\"@type\":\"ListItem\",\"position\":3,\"name\":\"Tasche \u201ePure Elegance\u201c, Ma\u00dfe 27 x 32 x 10 cm \u2013 tzf2514\"}]},{\"@type\":\"WebSite\",\"@id\":\"https:\\\/\\\/disimi.hr\\\/#website\",\"url\":\"https:\\\/\\\/disimi.hr\\\/\",\"name\":\"DISIMI?\",\"description\":\"Hrvatski brand i jedinstveni dizajn!\",\"publisher\":{\"@id\":\"https:\\\/\\\/disimi.hr\\\/#organization\"},\"potentialAction\":[{\"@type\":\"SearchAction\",\"target\":{\"@type\":\"EntryPoint\",\"urlTemplate\":\"https:\\\/\\\/disimi.hr\\\/?s={search_term_string}\"},\"query-input\":{\"@type\":\"PropertyValueSpecification\",\"valueRequired\":true,\"valueName\":\"search_term_string\"}}],\"inLanguage\":\"de\"},{\"@type\":\"Organization\",\"@id\":\"https:\\\/\\\/disimi.hr\\\/#organization\",\"name\":\"DiSiMi?\",\"url\":\"https:\\\/\\\/disimi.hr\\\/\",\"logo\":{\"@type\":\"ImageObject\",\"inLanguage\":\"de\",\"@id\":\"https:\\\/\\\/disimi.hr\\\/#\\\/schema\\\/logo\\\/image\\\/\",\"url\":\"https:\\\/\\\/disimi.hr\\\/wp-content\\\/uploads\\\/2022\\\/02\\\/logo2.jpg\",\"contentUrl\":\"https:\\\/\\\/disimi.hr\\\/wp-content\\\/uploads\\\/2022\\\/02\\\/logo2.jpg\",\"width\":250,\"height\":79,\"caption\":\"DiSiMi?\"},\"image\":{\"@id\":\"https:\\\/\\\/disimi.hr\\\/#\\\/schema\\\/logo\\\/image\\\/\"},\"sameAs\":[\"https:\\\/\\\/www.facebook.com\\\/DISIMI.hr\\\/\",\"https:\\\/\\\/www.instagram.com\\\/disimi.hr\\\/\"]}]}<\/script>\n<!-- \/ Yoast SEO plugin. -->","yoast_head_json":{"title":"Tasche \u201ePure Elegance\u201c, Ma\u00dfe 27 x 32 x 10 cm \u2013 tzf2514 - DISIMI?","robots":{"index":"index","follow":"follow","max-snippet":"max-snippet:-1","max-image-preview":"max-image-preview:large","max-video-preview":"max-video-preview:-1"},"canonical":"https:\/\/disimi.hr\/de\/produkt\/torba-pure-elegance-dim-27x32x10-cm-tzf2514\/","og_locale":"de_DE","og_type":"article","og_title":"Tasche \u201ePure Elegance\u201c, Ma\u00dfe 27 x 32 x 10 cm \u2013 tzf2514 - DISIMI?","og_description":"Material und Design: Diese Tasche aus hochwertigem, beigefarbenem Strickmaterial (einer Kombination aus Polypropylen und PVC) strahlt nat\u00fcrliche Eleganz aus. Schwarze Details wie Griffe und Schultergurt setzen einen raffinierten Kontrast.    Praktikabilit\u00e4t: Die Tasche bietet zwei Tragem\u00f6glichkeiten: stabile Griffe zum Tragen in der Hand und einen verstellbaren Schultergurt f\u00fcr Flexibilit\u00e4t und Komfort. Das ger\u00e4umige Innere bietet ausreichend Platz f\u00fcr all Ihre wichtigen Dinge.    Abmessungen: Die Tasche hat die ideale Gr\u00f6\u00dfe f\u00fcr den Alltag und l\u00e4sst sich problemlos mit verschiedenen Kleidungsstilen kombinieren. Abmessungen: 27 x 10 x 32 cm. Rei\u00dfverschluss.    Stil: Diese Tasche ist perfekt f\u00fcr alle, die einen nat\u00fcrlichen und l\u00e4ssigen Stil lieben und rundet Ihren Sommerlook ab. Das Strickdesign ist in dieser Saison ein absoluter Hit, und die schwarzen Details verleihen ihr einen Hauch von Eleganz.   Diese Tasche ist die perfekte Wahl f\u00fcr alle, die eine praktische und gleichzeitig stilvolle Erg\u00e4nzung ihrer Garderobe suchen. Bestellen Sie Ihre Stricktasche mit schwarzen Details und seien Sie bereit f\u00fcr den Sommer!","og_url":"https:\/\/disimi.hr\/de\/produkt\/torba-pure-elegance-dim-27x32x10-cm-tzf2514\/","og_site_name":"DISIMI?","article_publisher":"https:\/\/www.facebook.com\/DISIMI.hr\/","article_modified_time":"2026-04-20T10:05:53+00:00","og_image":[{"width":800,"height":800,"url":"https:\/\/disimi.hr\/wp-content\/uploads\/2025\/03\/tzf2514-W.jpg","type":"image\/jpeg"}],"twitter_card":"summary_large_image","twitter_misc":{"Gesch\u00e4tzte Lesezeit":"2\u00a0Minute"},"schema":{"@context":"https:\/\/schema.org","@graph":[{"@type":"WebPage","@id":"https:\/\/disimi.hr\/de\/produkt\/torba-pure-elegance-dim-27x32x10-cm-tzf2514\/","url":"https:\/\/disimi.hr\/de\/produkt\/torba-pure-elegance-dim-27x32x10-cm-tzf2514\/","name":"Tasche \u201ePure Elegance\u201c, Ma\u00dfe 27 x 32 x 10 cm \u2013 tzf2514 - DISIMI?","isPartOf":{"@id":"https:\/\/disimi.hr\/#website"},"primaryImageOfPage":{"@id":"https:\/\/disimi.hr\/de\/produkt\/torba-pure-elegance-dim-27x32x10-cm-tzf2514\/#primaryimage"},"image":{"@id":"https:\/\/disimi.hr\/de\/produkt\/torba-pure-elegance-dim-27x32x10-cm-tzf2514\/#primaryimage"},"thumbnailUrl":"https:\/\/disimi.hr\/wp-content\/uploads\/2025\/03\/tzf2514-W.jpg","datePublished":"2025-03-28T09:29:29+00:00","dateModified":"2026-04-20T10:05:53+00:00","breadcrumb":{"@id":"https:\/\/disimi.hr\/de\/produkt\/torba-pure-elegance-dim-27x32x10-cm-tzf2514\/#breadcrumb"},"inLanguage":"de","potentialAction":[{"@type":"ReadAction","target":["https:\/\/disimi.hr\/de\/produkt\/torba-pure-elegance-dim-27x32x10-cm-tzf2514\/"]}]},{"@type":"ImageObject","inLanguage":"de","@id":"https:\/\/disimi.hr\/de\/produkt\/torba-pure-elegance-dim-27x32x10-cm-tzf2514\/#primaryimage","url":"https:\/\/disimi.hr\/wp-content\/uploads\/2025\/03\/tzf2514-W.jpg","contentUrl":"https:\/\/disimi.hr\/wp-content\/uploads\/2025\/03\/tzf2514-W.jpg","width":800,"height":800},{"@type":"BreadcrumbList","@id":"https:\/\/disimi.hr\/de\/produkt\/torba-pure-elegance-dim-27x32x10-cm-tzf2514\/#breadcrumb","itemListElement":[{"@type":"ListItem","position":1,"name":"Po\u010detna stranica","item":"https:\/\/disimi.hr\/de\/"},{"@type":"ListItem","position":2,"name":"Produkte","item":"https:\/\/disimi.hr\/de\/produkte\/"},{"@type":"ListItem","position":3,"name":"Tasche \u201ePure Elegance\u201c, Ma\u00dfe 27 x 32 x 10 cm \u2013 tzf2514"}]},{"@type":"WebSite","@id":"https:\/\/disimi.hr\/#website","url":"https:\/\/disimi.hr\/","name":"DISIMI?","description":"Hrvatski brand i jedinstveni dizajn!","publisher":{"@id":"https:\/\/disimi.hr\/#organization"},"potentialAction":[{"@type":"SearchAction","target":{"@type":"EntryPoint","urlTemplate":"https:\/\/disimi.hr\/?s={search_term_string}"},"query-input":{"@type":"PropertyValueSpecification","valueRequired":true,"valueName":"search_term_string"}}],"inLanguage":"de"},{"@type":"Organization","@id":"https:\/\/disimi.hr\/#organization","name":"DiSiMi?","url":"https:\/\/disimi.hr\/","logo":{"@type":"ImageObject","inLanguage":"de","@id":"https:\/\/disimi.hr\/#\/schema\/logo\/image\/","url":"https:\/\/disimi.hr\/wp-content\/uploads\/2022\/02\/logo2.jpg","contentUrl":"https:\/\/disimi.hr\/wp-content\/uploads\/2022\/02\/logo2.jpg","width":250,"height":79,"caption":"DiSiMi?"},"image":{"@id":"https:\/\/disimi.hr\/#\/schema\/logo\/image\/"},"sameAs":["https:\/\/www.facebook.com\/DISIMI.hr\/","https:\/\/www.instagram.com\/disimi.hr\/"]}]}},"_links":{"self":[{"href":"https:\/\/disimi.hr\/de\/wp-json\/wp\/v2\/product\/117851","targetHints":{"allow":["GET"]}}],"collection":[{"href":"https:\/\/disimi.hr\/de\/wp-json\/wp\/v2\/product"}],"about":[{"href":"https:\/\/disimi.hr\/de\/wp-json\/wp\/v2\/types\/product"}],"wp:featuredmedia":[{"embeddable":true,"href":"https:\/\/disimi.hr\/de\/wp-json\/wp\/v2\/media\/128104"}],"wp:attachment":[{"href":"https:\/\/disimi.hr\/de\/wp-json\/wp\/v2\/media?parent=117851"}],"wp:term":[{"taxonomy":"product_brand","embeddable":true,"href":"https:\/\/disimi.hr\/de\/wp-json\/wp\/v2\/product_brand?post=117851"},{"taxonomy":"product_cat","embeddable":true,"href":"https:\/\/disimi.hr\/de\/wp-json\/wp\/v2\/product_cat?post=117851"},{"taxonomy":"product_tag","embeddable":true,"href":"https:\/\/disimi.hr\/de\/wp-json\/wp\/v2\/product_tag?post=117851"}],"curies":[{"name":"wp","href":"https:\/\/api.w.org\/{rel}","templated":true}]}}