{"id":117845,"date":"2025-03-28T10:44:17","date_gmt":"2025-03-28T09:44:17","guid":{"rendered":"https:\/\/disimi.hr\/proizvod\/torba-pismo-pletena-bez-dim-26x20-cm-tzf2517\/"},"modified":"2026-04-20T12:05:53","modified_gmt":"2026-04-20T10:05:53","slug":"torba-pismo-pletena-bez-dim-26x20-cm-tzf2517","status":"publish","type":"product","link":"https:\/\/disimi.hr\/de\/produkt\/torba-pismo-pletena-bez-dim-26x20-cm-tzf2517\/","title":{"rendered":"Strickbrieftasche \u201eBeige\u201c, Ma\u00dfe 26 x 20 cm &#8211; tzf2517"},"content":{"rendered":"<div class=\"wpb-content-wrapper\"><p>[vc_row][vc_column][vc_column_text css=&#8221;&#8221; woodmart_inline=&#8221;no&#8221; text_larger=&#8221;yes&#8221;] <\/p>\n<p style=\"text-align: center;\"><strong>Modeaccessoires, von denen wir uns nicht trennen k\u00f6nnen<\/strong><\/p>\n<p style=\"text-align: center;\">Lernen Sie den perfekten Begleiter f\u00fcr Abendveranstaltungen oder besondere Anl\u00e4sse kennen \u2013 unsere elegante Strick-Umh\u00e4ngetasche aus der DiSiMi?-Kollektion. Klein genug f\u00fcr den Alltag, aber dennoch so auff\u00e4llig, dass Sie garantiert auffallen!<\/p>\n<p style=\"text-align: center;\"><strong>Das perfekte Geschenk \u2026 f\u00fcr Sie!<\/strong><\/p>\n<p style=\"text-align: center;\"><strong>\u2714 Eine Tasche f\u00fcr jedes Outfit<\/strong>, f\u00fcr einen entspannten Look<\/p>\n<p style=\"text-align: center;\"><strong>\u2714 Sie sparen Geld:<\/strong> Trotz hoher Qualit\u00e4t zu einem Preis, der in jedes Budget passt.<\/p>\n<p style=\"text-align: center;\"><strong>\u2714 Modernes Design:<\/strong> Bei DiSiMi? werden beim Design keine Kompromisse gemacht. Eine Tasche ist ein wesentlicher Bestandteil der Identit\u00e4t einer Frau und muss daher das gewisse Etwas haben.<\/p>\n<p style=\"text-align: center;\"><strong>\u2714 Was ist wichtiger als eine Tasche?<\/strong> Selbst wenn Frauen unbegrenzt Geld h\u00e4tten, k\u00f6nnten sie sich sicherlich nicht alle Taschen leisten, die ihnen gefallen \u2013 und vor allem brauchen sie diese Taschen. Eine Tasche ist ein unverzichtbarer Bestandteil jedes gelungenen Outfits. Oftmals macht schon der Wechsel der Tasche den entscheidenden Unterschied. Warum ist das so? Da eine Tasche ein modisches Accessoire ist, das das Ganze abrundet, sticht sie hervor und zieht somit die Aufmerksamkeit auf sich.<\/p>\n<p>[\/vc_column_text][vc_row_inner][vc_column_inner width=&#8221;1\/2&#8243;][vc_single_image image=&#8221;2580&#8243; img_size=&#8221;full&#8221; alignment=&#8221;center&#8221; parallax_scroll=&#8221;no&#8221; woodmart_inline=&#8221;no&#8221;][\/vc_column_inner][vc_column_inner width=&#8221;1\/2&#8243;][vc_single_image image=&#8221;7452&#8243; img_size=&#8221;full&#8221; alignment=&#8221;center&#8221; parallax_scroll=&#8221;no&#8221; woodmart_inline=&#8221;no&#8221;][\/vc_column_inner][\/vc_row_inner][vc_row_inner][vc_column_inner][vc_column_text woodmart_inline=&#8221;no&#8221; text_larger=&#8221;no&#8221;] <\/p>\n<p style=\"text-align: Ein einzigartiges Design, das verschiedene Muster mit liebevollen Details kombiniert!<\/p>\n<p style=\"text-align: center;\">Sie l\u00e4sst sich oben mit einem Rei\u00dfverschluss \u00f6ffnen und ist innen gef\u00fcttert.<\/p>\n<p style=\"text-align: center;\">Ma\u00dfe: 26 x 20 cm<\/p>\n<p style=\"text-align: center;\">Sie hat au\u00dferdem einen Tragegriff. \ud83d\ude09<\/p>\n<p style=\"text-align: center;\">Wir sind von der herausragenden Qualit\u00e4t und dem Design unserer Taschen \u00fcberzeugt. Wir glauben so sehr an unser Produkt, dass wir sicher sind, es wird Sie begeistern. Sollten die DiSiMi?-Taschen Ihre Erwartungen nicht erf\u00fcllen, k\u00f6nnen Sie sie jederzeit innerhalb von 30 Tagen zur\u00fcckgeben und erhalten den vollen Kaufpreis erstattet.<\/p>\n<p>[\/vc_column_text][\/vc_column_inner][\/vc_row_inner][\/vc_column][\/vc_row]<\/p>\n<\/div>","protected":false},"excerpt":{"rendered":"<ul class=\"marker:text-textOff list-disc\">\n<li>\n<p class=\"my-0\"><strong>Material und Design:<\/strong> Diese Tasche aus hochwertigem Webmaterial (einer Kombination aus robustem Papier und Baumwolle) strahlt nat\u00fcrliche Eleganz aus. Das minimalistische Design mit der dezenten Aufschrift \u201eDiSiMi?\u201c verleiht ihr Raffinesse.<\/p>\n<\/li>\n<li>\n<p class=\"my-0\"><strong>Praktikabilit\u00e4t:<\/strong> Diese Brieftasche ist ideal zum Tragen in der Hand und perfekt f\u00fcr die Aufbewahrung von wichtigen Dingen wie Handy, Geldb\u00f6rse und Schl\u00fcsseln. Der Rei\u00dfverschluss sorgt f\u00fcr die Sicherheit Ihrer Wertsachen. Sie verf\u00fcgt au\u00dferdem \u00fcber einen kleinen Tragegriff.<\/p>\n<\/li>\n<li>\n<p class=\"my-0\"><strong>Abmessungen:<\/strong> Dank ihrer kompakten Gr\u00f6\u00dfe ist sie perfekt f\u00fcr Abende oder besondere Anl\u00e4sse. Abmessungen 26 x 20 cm<\/p>\n<\/li>\n<li>\n<p class=\"my-0\"><strong>Stil:<\/strong> Diese Umh\u00e4ngetasche ist die perfekte Erg\u00e4nzung f\u00fcr jedes elegante Outfit. Sie rundet Ihren Look ab und verleiht ihm einen Hauch von Raffinesse. Ihr nat\u00fcrlicher Look l\u00e4sst sich leicht mit verschiedenen Kleidungsstilen kombinieren.<\/p>\n<\/li>\n<\/ul>\n<p class=\"my-0\">Diese Umh\u00e4ngetasche ist die ideale Wahl f\u00fcr alle, die eine praktische und gleichzeitig elegante Erg\u00e4nzung ihrer Garderobe suchen. Bestellen Sie Ihre gestrickte Umh\u00e4ngetasche von DiSiMi? und gl\u00e4nzen Sie bei jeder Gelegenheit!<\/p>\n","protected":false},"featured_media":126400,"template":"","meta":[],"product_brand":[],"product_cat":[262,216],"product_tag":[],"class_list":{"0":"post-117845","1":"product","2":"type-product","3":"status-publish","4":"has-post-thumbnail","6":"product_cat-clutches","7":"product_cat-taschen","9":"first","10":"instock","11":"featured","12":"taxable","13":"shipping-taxable","14":"purchasable","15":"product-type-simple"},"yoast_head":"<!-- This site is optimized with the Yoast SEO plugin v27.3 - https:\/\/yoast.com\/product\/yoast-seo-wordpress\/ -->\n<title>Strickbrieftasche \u201eBeige\u201c, Ma\u00dfe 26 x 20 cm - tzf2517 - DISIMI?<\/title>\n<meta name=\"robots\" content=\"index, follow, max-snippet:-1, max-image-preview:large, max-video-preview:-1\" \/>\n<link rel=\"canonical\" href=\"https:\/\/disimi.hr\/de\/produkt\/torba-pismo-pletena-bez-dim-26x20-cm-tzf2517\/\" \/>\n<meta property=\"og:locale\" content=\"de_DE\" \/>\n<meta property=\"og:type\" content=\"article\" \/>\n<meta property=\"og:title\" content=\"Strickbrieftasche \u201eBeige\u201c, Ma\u00dfe 26 x 20 cm - tzf2517 - DISIMI?\" \/>\n<meta property=\"og:description\" content=\"Material und Design: Diese Tasche aus hochwertigem Webmaterial (einer Kombination aus robustem Papier und Baumwolle) strahlt nat\u00fcrliche Eleganz aus. Das minimalistische Design mit der dezenten Aufschrift \u201eDiSiMi?\u201c verleiht ihr Raffinesse.    Praktikabilit\u00e4t: Diese Brieftasche ist ideal zum Tragen in der Hand und perfekt f\u00fcr die Aufbewahrung von wichtigen Dingen wie Handy, Geldb\u00f6rse und Schl\u00fcsseln. Der Rei\u00dfverschluss sorgt f\u00fcr die Sicherheit Ihrer Wertsachen. Sie verf\u00fcgt au\u00dferdem \u00fcber einen kleinen Tragegriff.    Abmessungen: Dank ihrer kompakten Gr\u00f6\u00dfe ist sie perfekt f\u00fcr Abende oder besondere Anl\u00e4sse. Abmessungen 26 x 20 cm    Stil: Diese Umh\u00e4ngetasche ist die perfekte Erg\u00e4nzung f\u00fcr jedes elegante Outfit. Sie rundet Ihren Look ab und verleiht ihm einen Hauch von Raffinesse. Ihr nat\u00fcrlicher Look l\u00e4sst sich leicht mit verschiedenen Kleidungsstilen kombinieren.   Diese Umh\u00e4ngetasche ist die ideale Wahl f\u00fcr alle, die eine praktische und gleichzeitig elegante Erg\u00e4nzung ihrer Garderobe suchen. Bestellen Sie Ihre gestrickte Umh\u00e4ngetasche von DiSiMi? und gl\u00e4nzen Sie bei jeder Gelegenheit!\" \/>\n<meta property=\"og:url\" content=\"https:\/\/disimi.hr\/de\/produkt\/torba-pismo-pletena-bez-dim-26x20-cm-tzf2517\/\" \/>\n<meta property=\"og:site_name\" content=\"DISIMI?\" \/>\n<meta property=\"article:publisher\" content=\"https:\/\/www.facebook.com\/DISIMI.hr\/\" \/>\n<meta property=\"article:modified_time\" content=\"2026-04-20T10:05:53+00:00\" \/>\n<meta property=\"og:image\" content=\"https:\/\/disimi.hr\/wp-content\/uploads\/2025\/03\/tzf2517-W.jpg\" \/>\n\t<meta property=\"og:image:width\" content=\"800\" \/>\n\t<meta property=\"og:image:height\" content=\"800\" \/>\n\t<meta property=\"og:image:type\" content=\"image\/jpeg\" \/>\n<meta name=\"twitter:card\" content=\"summary_large_image\" \/>\n<meta name=\"twitter:label1\" content=\"Gesch\u00e4tzte Lesezeit\" \/>\n\t<meta name=\"twitter:data1\" content=\"1\u00a0Minute\" \/>\n<script type=\"application\/ld+json\" class=\"yoast-schema-graph\">{\"@context\":\"https:\\\/\\\/schema.org\",\"@graph\":[{\"@type\":\"WebPage\",\"@id\":\"https:\\\/\\\/disimi.hr\\\/de\\\/produkt\\\/torba-pismo-pletena-bez-dim-26x20-cm-tzf2517\\\/\",\"url\":\"https:\\\/\\\/disimi.hr\\\/de\\\/produkt\\\/torba-pismo-pletena-bez-dim-26x20-cm-tzf2517\\\/\",\"name\":\"Strickbrieftasche \u201eBeige\u201c, Ma\u00dfe 26 x 20 cm - tzf2517 - DISIMI?\",\"isPartOf\":{\"@id\":\"https:\\\/\\\/disimi.hr\\\/#website\"},\"primaryImageOfPage\":{\"@id\":\"https:\\\/\\\/disimi.hr\\\/de\\\/produkt\\\/torba-pismo-pletena-bez-dim-26x20-cm-tzf2517\\\/#primaryimage\"},\"image\":{\"@id\":\"https:\\\/\\\/disimi.hr\\\/de\\\/produkt\\\/torba-pismo-pletena-bez-dim-26x20-cm-tzf2517\\\/#primaryimage\"},\"thumbnailUrl\":\"https:\\\/\\\/disimi.hr\\\/wp-content\\\/uploads\\\/2025\\\/03\\\/tzf2517-W.jpg\",\"datePublished\":\"2025-03-28T09:44:17+00:00\",\"dateModified\":\"2026-04-20T10:05:53+00:00\",\"breadcrumb\":{\"@id\":\"https:\\\/\\\/disimi.hr\\\/de\\\/produkt\\\/torba-pismo-pletena-bez-dim-26x20-cm-tzf2517\\\/#breadcrumb\"},\"inLanguage\":\"de\",\"potentialAction\":[{\"@type\":\"ReadAction\",\"target\":[\"https:\\\/\\\/disimi.hr\\\/de\\\/produkt\\\/torba-pismo-pletena-bez-dim-26x20-cm-tzf2517\\\/\"]}]},{\"@type\":\"ImageObject\",\"inLanguage\":\"de\",\"@id\":\"https:\\\/\\\/disimi.hr\\\/de\\\/produkt\\\/torba-pismo-pletena-bez-dim-26x20-cm-tzf2517\\\/#primaryimage\",\"url\":\"https:\\\/\\\/disimi.hr\\\/wp-content\\\/uploads\\\/2025\\\/03\\\/tzf2517-W.jpg\",\"contentUrl\":\"https:\\\/\\\/disimi.hr\\\/wp-content\\\/uploads\\\/2025\\\/03\\\/tzf2517-W.jpg\",\"width\":800,\"height\":800},{\"@type\":\"BreadcrumbList\",\"@id\":\"https:\\\/\\\/disimi.hr\\\/de\\\/produkt\\\/torba-pismo-pletena-bez-dim-26x20-cm-tzf2517\\\/#breadcrumb\",\"itemListElement\":[{\"@type\":\"ListItem\",\"position\":1,\"name\":\"Po\u010detna stranica\",\"item\":\"https:\\\/\\\/disimi.hr\\\/de\\\/\"},{\"@type\":\"ListItem\",\"position\":2,\"name\":\"Produkte\",\"item\":\"https:\\\/\\\/disimi.hr\\\/de\\\/produkte\\\/\"},{\"@type\":\"ListItem\",\"position\":3,\"name\":\"Strickbrieftasche \u201eBeige\u201c, Ma\u00dfe 26 x 20 cm &#8211; tzf2517\"}]},{\"@type\":\"WebSite\",\"@id\":\"https:\\\/\\\/disimi.hr\\\/#website\",\"url\":\"https:\\\/\\\/disimi.hr\\\/\",\"name\":\"DISIMI?\",\"description\":\"Hrvatski brand i jedinstveni dizajn!\",\"publisher\":{\"@id\":\"https:\\\/\\\/disimi.hr\\\/#organization\"},\"potentialAction\":[{\"@type\":\"SearchAction\",\"target\":{\"@type\":\"EntryPoint\",\"urlTemplate\":\"https:\\\/\\\/disimi.hr\\\/?s={search_term_string}\"},\"query-input\":{\"@type\":\"PropertyValueSpecification\",\"valueRequired\":true,\"valueName\":\"search_term_string\"}}],\"inLanguage\":\"de\"},{\"@type\":\"Organization\",\"@id\":\"https:\\\/\\\/disimi.hr\\\/#organization\",\"name\":\"DiSiMi?\",\"url\":\"https:\\\/\\\/disimi.hr\\\/\",\"logo\":{\"@type\":\"ImageObject\",\"inLanguage\":\"de\",\"@id\":\"https:\\\/\\\/disimi.hr\\\/#\\\/schema\\\/logo\\\/image\\\/\",\"url\":\"https:\\\/\\\/disimi.hr\\\/wp-content\\\/uploads\\\/2022\\\/02\\\/logo2.jpg\",\"contentUrl\":\"https:\\\/\\\/disimi.hr\\\/wp-content\\\/uploads\\\/2022\\\/02\\\/logo2.jpg\",\"width\":250,\"height\":79,\"caption\":\"DiSiMi?\"},\"image\":{\"@id\":\"https:\\\/\\\/disimi.hr\\\/#\\\/schema\\\/logo\\\/image\\\/\"},\"sameAs\":[\"https:\\\/\\\/www.facebook.com\\\/DISIMI.hr\\\/\",\"https:\\\/\\\/www.instagram.com\\\/disimi.hr\\\/\"]}]}<\/script>\n<!-- \/ Yoast SEO plugin. -->","yoast_head_json":{"title":"Strickbrieftasche \u201eBeige\u201c, Ma\u00dfe 26 x 20 cm - tzf2517 - DISIMI?","robots":{"index":"index","follow":"follow","max-snippet":"max-snippet:-1","max-image-preview":"max-image-preview:large","max-video-preview":"max-video-preview:-1"},"canonical":"https:\/\/disimi.hr\/de\/produkt\/torba-pismo-pletena-bez-dim-26x20-cm-tzf2517\/","og_locale":"de_DE","og_type":"article","og_title":"Strickbrieftasche \u201eBeige\u201c, Ma\u00dfe 26 x 20 cm - tzf2517 - DISIMI?","og_description":"Material und Design: Diese Tasche aus hochwertigem Webmaterial (einer Kombination aus robustem Papier und Baumwolle) strahlt nat\u00fcrliche Eleganz aus. Das minimalistische Design mit der dezenten Aufschrift \u201eDiSiMi?\u201c verleiht ihr Raffinesse.    Praktikabilit\u00e4t: Diese Brieftasche ist ideal zum Tragen in der Hand und perfekt f\u00fcr die Aufbewahrung von wichtigen Dingen wie Handy, Geldb\u00f6rse und Schl\u00fcsseln. Der Rei\u00dfverschluss sorgt f\u00fcr die Sicherheit Ihrer Wertsachen. Sie verf\u00fcgt au\u00dferdem \u00fcber einen kleinen Tragegriff.    Abmessungen: Dank ihrer kompakten Gr\u00f6\u00dfe ist sie perfekt f\u00fcr Abende oder besondere Anl\u00e4sse. Abmessungen 26 x 20 cm    Stil: Diese Umh\u00e4ngetasche ist die perfekte Erg\u00e4nzung f\u00fcr jedes elegante Outfit. Sie rundet Ihren Look ab und verleiht ihm einen Hauch von Raffinesse. Ihr nat\u00fcrlicher Look l\u00e4sst sich leicht mit verschiedenen Kleidungsstilen kombinieren.   Diese Umh\u00e4ngetasche ist die ideale Wahl f\u00fcr alle, die eine praktische und gleichzeitig elegante Erg\u00e4nzung ihrer Garderobe suchen. Bestellen Sie Ihre gestrickte Umh\u00e4ngetasche von DiSiMi? und gl\u00e4nzen Sie bei jeder Gelegenheit!","og_url":"https:\/\/disimi.hr\/de\/produkt\/torba-pismo-pletena-bez-dim-26x20-cm-tzf2517\/","og_site_name":"DISIMI?","article_publisher":"https:\/\/www.facebook.com\/DISIMI.hr\/","article_modified_time":"2026-04-20T10:05:53+00:00","og_image":[{"width":800,"height":800,"url":"https:\/\/disimi.hr\/wp-content\/uploads\/2025\/03\/tzf2517-W.jpg","type":"image\/jpeg"}],"twitter_card":"summary_large_image","twitter_misc":{"Gesch\u00e4tzte Lesezeit":"1\u00a0Minute"},"schema":{"@context":"https:\/\/schema.org","@graph":[{"@type":"WebPage","@id":"https:\/\/disimi.hr\/de\/produkt\/torba-pismo-pletena-bez-dim-26x20-cm-tzf2517\/","url":"https:\/\/disimi.hr\/de\/produkt\/torba-pismo-pletena-bez-dim-26x20-cm-tzf2517\/","name":"Strickbrieftasche \u201eBeige\u201c, Ma\u00dfe 26 x 20 cm - tzf2517 - DISIMI?","isPartOf":{"@id":"https:\/\/disimi.hr\/#website"},"primaryImageOfPage":{"@id":"https:\/\/disimi.hr\/de\/produkt\/torba-pismo-pletena-bez-dim-26x20-cm-tzf2517\/#primaryimage"},"image":{"@id":"https:\/\/disimi.hr\/de\/produkt\/torba-pismo-pletena-bez-dim-26x20-cm-tzf2517\/#primaryimage"},"thumbnailUrl":"https:\/\/disimi.hr\/wp-content\/uploads\/2025\/03\/tzf2517-W.jpg","datePublished":"2025-03-28T09:44:17+00:00","dateModified":"2026-04-20T10:05:53+00:00","breadcrumb":{"@id":"https:\/\/disimi.hr\/de\/produkt\/torba-pismo-pletena-bez-dim-26x20-cm-tzf2517\/#breadcrumb"},"inLanguage":"de","potentialAction":[{"@type":"ReadAction","target":["https:\/\/disimi.hr\/de\/produkt\/torba-pismo-pletena-bez-dim-26x20-cm-tzf2517\/"]}]},{"@type":"ImageObject","inLanguage":"de","@id":"https:\/\/disimi.hr\/de\/produkt\/torba-pismo-pletena-bez-dim-26x20-cm-tzf2517\/#primaryimage","url":"https:\/\/disimi.hr\/wp-content\/uploads\/2025\/03\/tzf2517-W.jpg","contentUrl":"https:\/\/disimi.hr\/wp-content\/uploads\/2025\/03\/tzf2517-W.jpg","width":800,"height":800},{"@type":"BreadcrumbList","@id":"https:\/\/disimi.hr\/de\/produkt\/torba-pismo-pletena-bez-dim-26x20-cm-tzf2517\/#breadcrumb","itemListElement":[{"@type":"ListItem","position":1,"name":"Po\u010detna stranica","item":"https:\/\/disimi.hr\/de\/"},{"@type":"ListItem","position":2,"name":"Produkte","item":"https:\/\/disimi.hr\/de\/produkte\/"},{"@type":"ListItem","position":3,"name":"Strickbrieftasche \u201eBeige\u201c, Ma\u00dfe 26 x 20 cm &#8211; tzf2517"}]},{"@type":"WebSite","@id":"https:\/\/disimi.hr\/#website","url":"https:\/\/disimi.hr\/","name":"DISIMI?","description":"Hrvatski brand i jedinstveni dizajn!","publisher":{"@id":"https:\/\/disimi.hr\/#organization"},"potentialAction":[{"@type":"SearchAction","target":{"@type":"EntryPoint","urlTemplate":"https:\/\/disimi.hr\/?s={search_term_string}"},"query-input":{"@type":"PropertyValueSpecification","valueRequired":true,"valueName":"search_term_string"}}],"inLanguage":"de"},{"@type":"Organization","@id":"https:\/\/disimi.hr\/#organization","name":"DiSiMi?","url":"https:\/\/disimi.hr\/","logo":{"@type":"ImageObject","inLanguage":"de","@id":"https:\/\/disimi.hr\/#\/schema\/logo\/image\/","url":"https:\/\/disimi.hr\/wp-content\/uploads\/2022\/02\/logo2.jpg","contentUrl":"https:\/\/disimi.hr\/wp-content\/uploads\/2022\/02\/logo2.jpg","width":250,"height":79,"caption":"DiSiMi?"},"image":{"@id":"https:\/\/disimi.hr\/#\/schema\/logo\/image\/"},"sameAs":["https:\/\/www.facebook.com\/DISIMI.hr\/","https:\/\/www.instagram.com\/disimi.hr\/"]}]}},"_links":{"self":[{"href":"https:\/\/disimi.hr\/de\/wp-json\/wp\/v2\/product\/117845","targetHints":{"allow":["GET"]}}],"collection":[{"href":"https:\/\/disimi.hr\/de\/wp-json\/wp\/v2\/product"}],"about":[{"href":"https:\/\/disimi.hr\/de\/wp-json\/wp\/v2\/types\/product"}],"wp:featuredmedia":[{"embeddable":true,"href":"https:\/\/disimi.hr\/de\/wp-json\/wp\/v2\/media\/126400"}],"wp:attachment":[{"href":"https:\/\/disimi.hr\/de\/wp-json\/wp\/v2\/media?parent=117845"}],"wp:term":[{"taxonomy":"product_brand","embeddable":true,"href":"https:\/\/disimi.hr\/de\/wp-json\/wp\/v2\/product_brand?post=117845"},{"taxonomy":"product_cat","embeddable":true,"href":"https:\/\/disimi.hr\/de\/wp-json\/wp\/v2\/product_cat?post=117845"},{"taxonomy":"product_tag","embeddable":true,"href":"https:\/\/disimi.hr\/de\/wp-json\/wp\/v2\/product_tag?post=117845"}],"curies":[{"name":"wp","href":"https:\/\/api.w.org\/{rel}","templated":true}]}}