{"id":117831,"date":"2025-03-28T10:59:59","date_gmt":"2025-03-28T09:59:59","guid":{"rendered":"https:\/\/disimi.hr\/proizvod\/torba-ruksak-big-dots-dim-30x44x14-cm-tzf2501\/"},"modified":"2026-04-16T13:25:20","modified_gmt":"2026-04-16T11:25:20","slug":"torba-ruksak-big-dots-dim-30x44x14-cm-tzf2501","status":"publish","type":"product","link":"https:\/\/disimi.hr\/de\/produkt\/torba-ruksak-big-dots-dim-30x44x14-cm-tzf2501\/","title":{"rendered":"Rucksacktasche \u201eBig Dots\u201c, Ma\u00dfe 30 x 44 x 14 cm \u2013 tzf2501"},"content":{"rendered":"<div class=\"wpb-content-wrapper\"><p>[vc_row][vc_column][vc_column_text css=&#8221;&#8221; woodmart_inline=&#8221;no&#8221; text_larger=&#8221;yes&#8221;] <\/p>\n<p style=\"text-align: center;\"><strong>Modeaccessoires, von denen wir uns nicht trennen k\u00f6nnen<\/strong><\/p>\n<p style=\"text-align: center;\">Bezaubernder Polka-Dot-Rucksack von DiSiMi?<\/p>\n<p style=\"text-align: center;\">Verleihen Sie Ihrem Stil mit diesem bezaubernden Polka-Dot-Rucksack aus der DiSiMi?-Kollektion einen Hauch von Verspieltheit. Ideal f\u00fcr alle Abenteuer des Alltags: Dieser Rucksack vereint Funktionalit\u00e4t mit unwiderstehlichem Design.<\/p>\n<p style=\"text-align: center;\"><strong>Das perfekte Geschenk \u2026 f\u00fcr dich!<\/strong><\/p>\n<p style=\"text-align: center;\"><strong>\u2714 Passt zu jedem Outfit<\/strong> und sorgt f\u00fcr einen l\u00e4ssigen Look.<\/p>\n<p style=\"text-align: center;\"><strong>\u2714 Spart Geld:<\/strong> Trotz hoher Qualit\u00e4t ist dieser Rucksack f\u00fcr jedes Budget erschwinglich.<\/p>\n<p style=\"text-align: center;\"><strong>\u2714 Modernes Design:<\/strong> Bei DiSiMi? wurden beim Design keine Kompromisse gemacht. Eine Tasche ist ein wesentlicher Bestandteil der Identit\u00e4t einer Frau und muss daher das gewisse Etwas haben.<\/p>\n<p style=\"text-align: center;\"><strong>\u2714 Was ist wichtiger als eine Tasche?<\/strong> Selbst wenn Frauen unbegrenzt Geld h\u00e4tten, k\u00f6nnten sie sich sicherlich nicht alle Taschen leisten, die ihnen gefallen \u2013 und vor allem brauchen sie diese Taschen. Eine Tasche ist ein unverzichtbarer Bestandteil jedes gelungenen Outfits. Oftmals macht schon der Wechsel der Tasche den entscheidenden Unterschied. Warum ist das so? Denn eine Tasche ist ein modisches Accessoire, das das Ganze abrundet, hervorsticht und somit Aufmerksamkeit erregt.<\/p>\n<p>[\/vc_column_text][vc_row_inner][vc_column_inner width=&#8221;1\/2&#8243;][vc_single_image image=&#8221;2580&#8243; img_size=&#8221;full&#8221; alignment=&#8221;center&#8221; parallax_scroll=&#8221;no&#8221; woodmart_inline=&#8221;no&#8221;][\/vc_column_inner][vc_column_inner width=&#8221;1\/2&#8243;][vc_single_image image=&#8221;7452&#8243; img_size=&#8221;full&#8221; alignment=&#8221;center&#8221; parallax_scroll=&#8221;no&#8221; woodmart_inline=&#8221;no&#8221;][\/vc_column_inner][\/vc_row_inner][vc_row_inner][vc_column_inner][vc_column_text woodmart_inline=&#8221;no&#8221; text_larger=&#8221;no&#8221;] <\/p>\n<div>\n<p style=\"text-align: center;\"> Wir sind fest davon \u00fcberzeugt, dass unsere Taschen von h\u00f6chster Qualit\u00e4t und mit erstklassigem Design sind. Wir glauben so sehr an unser Produkt, dass wir sicher sind, es wird Sie begeistern. Sollten die DiSiMi?-Taschen Ihre Erwartungen nicht erf\u00fcllen, k\u00f6nnen Sie sie jederzeit zur\u00fcckgeben und wir erstatten Ihnen innerhalb der ersten 30 Tage den vollen Kaufpreis.<\/p>\n<\/div>\n<p>[\/vc_column_text][\/vc_column_inner][\/vc_row_inner][\/vc_column][\/vc_row]<\/p>\n<\/div>","protected":false},"excerpt":{"rendered":"<p>Pflege: Mit einem feuchten Tuch abwischen. Nicht von Hand oder in der Waschmaschine waschen. <\/p>\n<p>Tasche aus Baumwolle, Polyester und Jute mit Futter und Innentasche! <\/p>\n<p>Ma\u00dfe: 30 (Breite) x 44 (H\u00f6he) x 14 (Tiefe) cm <\/p>\n<p>Knopfverschluss. <\/p>\n<ul class=\"marker:text-textOff list-disc\">\n<li>\n<p class=\"my-0\"><strong>Material und Design:<\/strong> Dieser Rucksack aus hochwertigem Material mit einem auff\u00e4lligen Punktmuster und einem nat\u00fcrlichen Juteboden strahlt Frische und Stil aus. Die dezente Aufschrift \u201eDiSiMi?\u201c verleiht ihm eine besondere Note.<\/p>\n<\/li>\n<li>\n<p class=\"my-0\"><strong>Praktikabilit\u00e4t:<\/strong> Der Rucksack bietet ein ger\u00e4umiges Inneres mit ausreichend Platz f\u00fcr all Ihre wichtigen Dinge. Der Druckknopfverschluss sorgt daf\u00fcr, dass Ihre Sachen sicher verstaut sind.<\/p>\n<\/li>\n<li>\n<p class=\"my-0\"><strong>Abmessungen:<\/strong> Die ideale Gr\u00f6\u00dfe f\u00fcr den Alltag, egal ob f\u00fcr die Uni, die Arbeit oder einen Stadtbummel.<\/p>\n<\/li>\n<li>\n<p class=\"my-0\"><strong>Stil:<\/strong> Perfekt f\u00fcr alle, die Komfort und Verspieltheit kombinieren m\u00f6chten. Dieser gepunktete Rucksack wertet jedes Outfit auf und verleiht ihm einen Hauch von Charme.<\/p>\n<\/li>\n<\/ul>\n<p class=\"my-0\">Dieser Rucksack ist die ideale Wahl f\u00fcr alle, die eine praktische und gleichzeitig stylische Erg\u00e4nzung f\u00fcr ihre Garderobe suchen. Bestellen Sie Ihren DiSiMi-Rucksack mit Punkten und genie\u00dfen Sie Ihre t\u00e4glichen Abenteuer mit Stil!<\/p>\n","protected":false},"featured_media":126432,"template":"","meta":[],"product_brand":[],"product_cat":[215,216],"product_tag":[],"class_list":{"0":"post-117831","1":"product","2":"type-product","3":"status-publish","4":"has-post-thumbnail","6":"product_cat-sommertaschen","7":"product_cat-taschen","9":"first","10":"instock","11":"featured","12":"taxable","13":"shipping-taxable","14":"purchasable","15":"product-type-simple"},"yoast_head":"<!-- This site is optimized with the Yoast SEO plugin v27.5 - https:\/\/yoast.com\/product\/yoast-seo-wordpress\/ -->\n<title>Rucksacktasche \u201eBig Dots\u201c, Ma\u00dfe 30 x 44 x 14 cm \u2013 tzf2501 - DISIMI?<\/title>\n<meta name=\"robots\" content=\"index, follow, max-snippet:-1, max-image-preview:large, max-video-preview:-1\" \/>\n<link rel=\"canonical\" href=\"https:\/\/disimi.hr\/de\/produkt\/torba-ruksak-big-dots-dim-30x44x14-cm-tzf2501\/\" \/>\n<meta property=\"og:locale\" content=\"de_DE\" \/>\n<meta property=\"og:type\" content=\"article\" \/>\n<meta property=\"og:title\" content=\"Rucksacktasche \u201eBig Dots\u201c, Ma\u00dfe 30 x 44 x 14 cm \u2013 tzf2501 - DISIMI?\" \/>\n<meta property=\"og:description\" content=\"Pflege: Mit einem feuchten Tuch abwischen. Nicht von Hand oder in der Waschmaschine waschen.  Tasche aus Baumwolle, Polyester und Jute mit Futter und Innentasche!  Ma\u00dfe: 30 (Breite) x 44 (H\u00f6he) x 14 (Tiefe) cm  Knopfverschluss.    Material und Design: Dieser Rucksack aus hochwertigem Material mit einem auff\u00e4lligen Punktmuster und einem nat\u00fcrlichen Juteboden strahlt Frische und Stil aus. Die dezente Aufschrift \u201eDiSiMi?\u201c verleiht ihm eine besondere Note.    Praktikabilit\u00e4t: Der Rucksack bietet ein ger\u00e4umiges Inneres mit ausreichend Platz f\u00fcr all Ihre wichtigen Dinge. Der Druckknopfverschluss sorgt daf\u00fcr, dass Ihre Sachen sicher verstaut sind.    Abmessungen: Die ideale Gr\u00f6\u00dfe f\u00fcr den Alltag, egal ob f\u00fcr die Uni, die Arbeit oder einen Stadtbummel.    Stil: Perfekt f\u00fcr alle, die Komfort und Verspieltheit kombinieren m\u00f6chten. Dieser gepunktete Rucksack wertet jedes Outfit auf und verleiht ihm einen Hauch von Charme.   Dieser Rucksack ist die ideale Wahl f\u00fcr alle, die eine praktische und gleichzeitig stylische Erg\u00e4nzung f\u00fcr ihre Garderobe suchen. Bestellen Sie Ihren DiSiMi-Rucksack mit Punkten und genie\u00dfen Sie Ihre t\u00e4glichen Abenteuer mit Stil!\" \/>\n<meta property=\"og:url\" content=\"https:\/\/disimi.hr\/de\/produkt\/torba-ruksak-big-dots-dim-30x44x14-cm-tzf2501\/\" \/>\n<meta property=\"og:site_name\" content=\"DISIMI?\" \/>\n<meta property=\"article:publisher\" content=\"https:\/\/www.facebook.com\/DISIMI.hr\/\" \/>\n<meta property=\"article:modified_time\" content=\"2026-04-16T11:25:20+00:00\" \/>\n<meta property=\"og:image\" content=\"https:\/\/disimi.hr\/wp-content\/uploads\/2025\/03\/TZF2501-w.jpg\" \/>\n\t<meta property=\"og:image:width\" content=\"800\" \/>\n\t<meta property=\"og:image:height\" content=\"800\" \/>\n\t<meta property=\"og:image:type\" content=\"image\/jpeg\" \/>\n<meta name=\"twitter:card\" content=\"summary_large_image\" \/>\n<meta name=\"twitter:label1\" content=\"Gesch\u00e4tzte Lesezeit\" \/>\n\t<meta name=\"twitter:data1\" content=\"2\u00a0Minute\" \/>\n<script type=\"application\/ld+json\" class=\"yoast-schema-graph\">{\"@context\":\"https:\\\/\\\/schema.org\",\"@graph\":[{\"@type\":\"WebPage\",\"@id\":\"https:\\\/\\\/disimi.hr\\\/de\\\/produkt\\\/torba-ruksak-big-dots-dim-30x44x14-cm-tzf2501\\\/\",\"url\":\"https:\\\/\\\/disimi.hr\\\/de\\\/produkt\\\/torba-ruksak-big-dots-dim-30x44x14-cm-tzf2501\\\/\",\"name\":\"Rucksacktasche \u201eBig Dots\u201c, Ma\u00dfe 30 x 44 x 14 cm \u2013 tzf2501 - DISIMI?\",\"isPartOf\":{\"@id\":\"https:\\\/\\\/disimi.hr\\\/#website\"},\"primaryImageOfPage\":{\"@id\":\"https:\\\/\\\/disimi.hr\\\/de\\\/produkt\\\/torba-ruksak-big-dots-dim-30x44x14-cm-tzf2501\\\/#primaryimage\"},\"image\":{\"@id\":\"https:\\\/\\\/disimi.hr\\\/de\\\/produkt\\\/torba-ruksak-big-dots-dim-30x44x14-cm-tzf2501\\\/#primaryimage\"},\"thumbnailUrl\":\"https:\\\/\\\/disimi.hr\\\/wp-content\\\/uploads\\\/2025\\\/03\\\/TZF2501-w.jpg\",\"datePublished\":\"2025-03-28T09:59:59+00:00\",\"dateModified\":\"2026-04-16T11:25:20+00:00\",\"breadcrumb\":{\"@id\":\"https:\\\/\\\/disimi.hr\\\/de\\\/produkt\\\/torba-ruksak-big-dots-dim-30x44x14-cm-tzf2501\\\/#breadcrumb\"},\"inLanguage\":\"de\",\"potentialAction\":[{\"@type\":\"ReadAction\",\"target\":[\"https:\\\/\\\/disimi.hr\\\/de\\\/produkt\\\/torba-ruksak-big-dots-dim-30x44x14-cm-tzf2501\\\/\"]}]},{\"@type\":\"ImageObject\",\"inLanguage\":\"de\",\"@id\":\"https:\\\/\\\/disimi.hr\\\/de\\\/produkt\\\/torba-ruksak-big-dots-dim-30x44x14-cm-tzf2501\\\/#primaryimage\",\"url\":\"https:\\\/\\\/disimi.hr\\\/wp-content\\\/uploads\\\/2025\\\/03\\\/TZF2501-w.jpg\",\"contentUrl\":\"https:\\\/\\\/disimi.hr\\\/wp-content\\\/uploads\\\/2025\\\/03\\\/TZF2501-w.jpg\",\"width\":800,\"height\":800},{\"@type\":\"BreadcrumbList\",\"@id\":\"https:\\\/\\\/disimi.hr\\\/de\\\/produkt\\\/torba-ruksak-big-dots-dim-30x44x14-cm-tzf2501\\\/#breadcrumb\",\"itemListElement\":[{\"@type\":\"ListItem\",\"position\":1,\"name\":\"Po\u010detna stranica\",\"item\":\"https:\\\/\\\/disimi.hr\\\/de\\\/\"},{\"@type\":\"ListItem\",\"position\":2,\"name\":\"Produkte\",\"item\":\"https:\\\/\\\/disimi.hr\\\/de\\\/produkte\\\/\"},{\"@type\":\"ListItem\",\"position\":3,\"name\":\"Rucksacktasche \u201eBig Dots\u201c, Ma\u00dfe 30 x 44 x 14 cm \u2013 tzf2501\"}]},{\"@type\":\"WebSite\",\"@id\":\"https:\\\/\\\/disimi.hr\\\/#website\",\"url\":\"https:\\\/\\\/disimi.hr\\\/\",\"name\":\"DISIMI?\",\"description\":\"Hrvatski brand i jedinstveni dizajn!\",\"publisher\":{\"@id\":\"https:\\\/\\\/disimi.hr\\\/#organization\"},\"potentialAction\":[{\"@type\":\"SearchAction\",\"target\":{\"@type\":\"EntryPoint\",\"urlTemplate\":\"https:\\\/\\\/disimi.hr\\\/?s={search_term_string}\"},\"query-input\":{\"@type\":\"PropertyValueSpecification\",\"valueRequired\":true,\"valueName\":\"search_term_string\"}}],\"inLanguage\":\"de\"},{\"@type\":\"Organization\",\"@id\":\"https:\\\/\\\/disimi.hr\\\/#organization\",\"name\":\"DiSiMi?\",\"url\":\"https:\\\/\\\/disimi.hr\\\/\",\"logo\":{\"@type\":\"ImageObject\",\"inLanguage\":\"de\",\"@id\":\"https:\\\/\\\/disimi.hr\\\/#\\\/schema\\\/logo\\\/image\\\/\",\"url\":\"https:\\\/\\\/disimi.hr\\\/wp-content\\\/uploads\\\/2022\\\/02\\\/logo2.jpg\",\"contentUrl\":\"https:\\\/\\\/disimi.hr\\\/wp-content\\\/uploads\\\/2022\\\/02\\\/logo2.jpg\",\"width\":250,\"height\":79,\"caption\":\"DiSiMi?\"},\"image\":{\"@id\":\"https:\\\/\\\/disimi.hr\\\/#\\\/schema\\\/logo\\\/image\\\/\"},\"sameAs\":[\"https:\\\/\\\/www.facebook.com\\\/DISIMI.hr\\\/\",\"https:\\\/\\\/www.instagram.com\\\/disimi.hr\\\/\"]}]}<\/script>\n<!-- \/ Yoast SEO plugin. -->","yoast_head_json":{"title":"Rucksacktasche \u201eBig Dots\u201c, Ma\u00dfe 30 x 44 x 14 cm \u2013 tzf2501 - DISIMI?","robots":{"index":"index","follow":"follow","max-snippet":"max-snippet:-1","max-image-preview":"max-image-preview:large","max-video-preview":"max-video-preview:-1"},"canonical":"https:\/\/disimi.hr\/de\/produkt\/torba-ruksak-big-dots-dim-30x44x14-cm-tzf2501\/","og_locale":"de_DE","og_type":"article","og_title":"Rucksacktasche \u201eBig Dots\u201c, Ma\u00dfe 30 x 44 x 14 cm \u2013 tzf2501 - DISIMI?","og_description":"Pflege: Mit einem feuchten Tuch abwischen. Nicht von Hand oder in der Waschmaschine waschen.  Tasche aus Baumwolle, Polyester und Jute mit Futter und Innentasche!  Ma\u00dfe: 30 (Breite) x 44 (H\u00f6he) x 14 (Tiefe) cm  Knopfverschluss.    Material und Design: Dieser Rucksack aus hochwertigem Material mit einem auff\u00e4lligen Punktmuster und einem nat\u00fcrlichen Juteboden strahlt Frische und Stil aus. Die dezente Aufschrift \u201eDiSiMi?\u201c verleiht ihm eine besondere Note.    Praktikabilit\u00e4t: Der Rucksack bietet ein ger\u00e4umiges Inneres mit ausreichend Platz f\u00fcr all Ihre wichtigen Dinge. Der Druckknopfverschluss sorgt daf\u00fcr, dass Ihre Sachen sicher verstaut sind.    Abmessungen: Die ideale Gr\u00f6\u00dfe f\u00fcr den Alltag, egal ob f\u00fcr die Uni, die Arbeit oder einen Stadtbummel.    Stil: Perfekt f\u00fcr alle, die Komfort und Verspieltheit kombinieren m\u00f6chten. Dieser gepunktete Rucksack wertet jedes Outfit auf und verleiht ihm einen Hauch von Charme.   Dieser Rucksack ist die ideale Wahl f\u00fcr alle, die eine praktische und gleichzeitig stylische Erg\u00e4nzung f\u00fcr ihre Garderobe suchen. Bestellen Sie Ihren DiSiMi-Rucksack mit Punkten und genie\u00dfen Sie Ihre t\u00e4glichen Abenteuer mit Stil!","og_url":"https:\/\/disimi.hr\/de\/produkt\/torba-ruksak-big-dots-dim-30x44x14-cm-tzf2501\/","og_site_name":"DISIMI?","article_publisher":"https:\/\/www.facebook.com\/DISIMI.hr\/","article_modified_time":"2026-04-16T11:25:20+00:00","og_image":[{"width":800,"height":800,"url":"https:\/\/disimi.hr\/wp-content\/uploads\/2025\/03\/TZF2501-w.jpg","type":"image\/jpeg"}],"twitter_card":"summary_large_image","twitter_misc":{"Gesch\u00e4tzte Lesezeit":"2\u00a0Minute"},"schema":{"@context":"https:\/\/schema.org","@graph":[{"@type":"WebPage","@id":"https:\/\/disimi.hr\/de\/produkt\/torba-ruksak-big-dots-dim-30x44x14-cm-tzf2501\/","url":"https:\/\/disimi.hr\/de\/produkt\/torba-ruksak-big-dots-dim-30x44x14-cm-tzf2501\/","name":"Rucksacktasche \u201eBig Dots\u201c, Ma\u00dfe 30 x 44 x 14 cm \u2013 tzf2501 - DISIMI?","isPartOf":{"@id":"https:\/\/disimi.hr\/#website"},"primaryImageOfPage":{"@id":"https:\/\/disimi.hr\/de\/produkt\/torba-ruksak-big-dots-dim-30x44x14-cm-tzf2501\/#primaryimage"},"image":{"@id":"https:\/\/disimi.hr\/de\/produkt\/torba-ruksak-big-dots-dim-30x44x14-cm-tzf2501\/#primaryimage"},"thumbnailUrl":"https:\/\/disimi.hr\/wp-content\/uploads\/2025\/03\/TZF2501-w.jpg","datePublished":"2025-03-28T09:59:59+00:00","dateModified":"2026-04-16T11:25:20+00:00","breadcrumb":{"@id":"https:\/\/disimi.hr\/de\/produkt\/torba-ruksak-big-dots-dim-30x44x14-cm-tzf2501\/#breadcrumb"},"inLanguage":"de","potentialAction":[{"@type":"ReadAction","target":["https:\/\/disimi.hr\/de\/produkt\/torba-ruksak-big-dots-dim-30x44x14-cm-tzf2501\/"]}]},{"@type":"ImageObject","inLanguage":"de","@id":"https:\/\/disimi.hr\/de\/produkt\/torba-ruksak-big-dots-dim-30x44x14-cm-tzf2501\/#primaryimage","url":"https:\/\/disimi.hr\/wp-content\/uploads\/2025\/03\/TZF2501-w.jpg","contentUrl":"https:\/\/disimi.hr\/wp-content\/uploads\/2025\/03\/TZF2501-w.jpg","width":800,"height":800},{"@type":"BreadcrumbList","@id":"https:\/\/disimi.hr\/de\/produkt\/torba-ruksak-big-dots-dim-30x44x14-cm-tzf2501\/#breadcrumb","itemListElement":[{"@type":"ListItem","position":1,"name":"Po\u010detna stranica","item":"https:\/\/disimi.hr\/de\/"},{"@type":"ListItem","position":2,"name":"Produkte","item":"https:\/\/disimi.hr\/de\/produkte\/"},{"@type":"ListItem","position":3,"name":"Rucksacktasche \u201eBig Dots\u201c, Ma\u00dfe 30 x 44 x 14 cm \u2013 tzf2501"}]},{"@type":"WebSite","@id":"https:\/\/disimi.hr\/#website","url":"https:\/\/disimi.hr\/","name":"DISIMI?","description":"Hrvatski brand i jedinstveni dizajn!","publisher":{"@id":"https:\/\/disimi.hr\/#organization"},"potentialAction":[{"@type":"SearchAction","target":{"@type":"EntryPoint","urlTemplate":"https:\/\/disimi.hr\/?s={search_term_string}"},"query-input":{"@type":"PropertyValueSpecification","valueRequired":true,"valueName":"search_term_string"}}],"inLanguage":"de"},{"@type":"Organization","@id":"https:\/\/disimi.hr\/#organization","name":"DiSiMi?","url":"https:\/\/disimi.hr\/","logo":{"@type":"ImageObject","inLanguage":"de","@id":"https:\/\/disimi.hr\/#\/schema\/logo\/image\/","url":"https:\/\/disimi.hr\/wp-content\/uploads\/2022\/02\/logo2.jpg","contentUrl":"https:\/\/disimi.hr\/wp-content\/uploads\/2022\/02\/logo2.jpg","width":250,"height":79,"caption":"DiSiMi?"},"image":{"@id":"https:\/\/disimi.hr\/#\/schema\/logo\/image\/"},"sameAs":["https:\/\/www.facebook.com\/DISIMI.hr\/","https:\/\/www.instagram.com\/disimi.hr\/"]}]}},"_links":{"self":[{"href":"https:\/\/disimi.hr\/de\/wp-json\/wp\/v2\/product\/117831","targetHints":{"allow":["GET"]}}],"collection":[{"href":"https:\/\/disimi.hr\/de\/wp-json\/wp\/v2\/product"}],"about":[{"href":"https:\/\/disimi.hr\/de\/wp-json\/wp\/v2\/types\/product"}],"wp:featuredmedia":[{"embeddable":true,"href":"https:\/\/disimi.hr\/de\/wp-json\/wp\/v2\/media\/126432"}],"wp:attachment":[{"href":"https:\/\/disimi.hr\/de\/wp-json\/wp\/v2\/media?parent=117831"}],"wp:term":[{"taxonomy":"product_brand","embeddable":true,"href":"https:\/\/disimi.hr\/de\/wp-json\/wp\/v2\/product_brand?post=117831"},{"taxonomy":"product_cat","embeddable":true,"href":"https:\/\/disimi.hr\/de\/wp-json\/wp\/v2\/product_cat?post=117831"},{"taxonomy":"product_tag","embeddable":true,"href":"https:\/\/disimi.hr\/de\/wp-json\/wp\/v2\/product_tag?post=117831"}],"curies":[{"name":"wp","href":"https:\/\/api.w.org\/{rel}","templated":true}]}}