{"id":117820,"date":"2025-03-28T11:32:40","date_gmt":"2025-03-28T10:32:40","guid":{"rendered":"https:\/\/disimi.hr\/proizvod\/torba-vrecasta-prostrana-zebra-natural-tzf2520\/"},"modified":"2026-04-29T14:21:40","modified_gmt":"2026-04-29T12:21:40","slug":"torba-vrecasta-prostrana-zebra-natural-tzf2520","status":"publish","type":"product","link":"https:\/\/disimi.hr\/de\/produkt\/torba-vrecasta-prostrana-zebra-natural-tzf2520\/","title":{"rendered":"Tasche, ger\u00e4umig &#8220;Zebra Natural&#8221; &#8211; tzf2520"},"content":{"rendered":"<div class=\"wpb-content-wrapper\"><p>[vc_row][vc_column][vc_column_text css=&#8221;&#8221; woodmart_inline=&#8221;no&#8221; text_larger=&#8221;yes&#8221;] <\/p>\n<p style=\"text-align: center;\"><strong>Modeaccessoires, ohne die wir nicht leben k\u00f6nnen<\/strong><\/p>\n<p style=\"text-align: center;\">Moderne Tragetaschen \u2013 eine Kombination aus Stil und Funktionalit\u00e4t!<\/p>\n<p style=\"text-align: center;\">Suchen Sie eine Tasche, die ger\u00e4umig, leicht und gleichzeitig ein echter Hingucker ist? Unsere modernen Tragetaschen sind die ideale Wahl f\u00fcr allt\u00e4gliche Besorgungen, Reisen oder entspannte Stadtbummel. Hergestellt aus leichten und strapazierf\u00e4higen Materialien, bieten sie ausreichend Platz f\u00fcr all Ihre wichtigen Dinge, w\u00e4hrend trendige Prints ihnen eine besondere modische Note verleihen.<\/p>\n<p style=\"text-align: center;\"><strong>Das perfekte Geschenk \u2026 f\u00fcr Sie!<\/strong><\/p>\n<p style=\"text-align: center;\"><strong>\u2714 Eine Tasche f\u00fcr jedes Outfit<\/strong>, f\u00fcr einen entspannten Look<\/p>\n<p style=\"text-align: center;\"><strong>\u2714 Sie sparen Geld:<\/strong> Trotz ihrer hohen Qualit\u00e4t ist sie f\u00fcr jedes Budget erschwinglich.<\/p>\n<p style=\"text-align: center;\"><strong>\u2714 Modernes Design:<\/strong> Was ist mit DiSiMi? Die Tasche macht keine Kompromisse beim Design. Eine Tasche ist ein wesentlicher Bestandteil der Identit\u00e4t einer Frau und muss daher das gewisse Etwas haben.<\/p>\n<p style=\"text-align: center;\"><strong>\u2714 Was ist wichtiger als eine Tasche?<\/strong> Selbst wenn Frauen unbegrenzt Geld h\u00e4tten, k\u00f6nnten sie sich sicherlich nicht alle Taschen leisten, die ihnen gefallen \u2013 und vor allem brauchen sie diese Taschen. Eine Tasche ist ein unverzichtbarer Bestandteil jedes gelungenen Outfits. Oftmals macht schon der Wechsel der Tasche den entscheidenden Unterschied. Warum ist das so? Denn eine Tasche ist ein modisches Accessoire, das das Ganze abrundet, hervorsticht und somit Aufmerksamkeit erregt.<\/p>\n<p>[\/vc_column_text][vc_row_inner][vc_column_inner width=&#8221;1\/2&#8243;][vc_single_image image=&#8221;2580&#8243; img_size=&#8221;full&#8221; alignment=&#8221;center&#8221; parallax_scroll=&#8221;no&#8221; woodmart_inline=&#8221;no&#8221;][\/vc_column_inner][vc_column_inner width=&#8221;1\/2&#8243;][vc_single_image image=&#8221;7452&#8243; img_size=&#8221;full&#8221; alignment=&#8221;center&#8221; parallax_scroll=&#8221;no&#8221; woodmart_inline=&#8221;no&#8221;][\/vc_column_inner][\/vc_row_inner][vc_row_inner][vc_column_inner][vc_column_text woodmart_inline=&#8221;no&#8221; text_larger=&#8221;no&#8221;] <\/p>\n<div>\n<p style=\"text-align: center;\"> Wir sind fest davon \u00fcberzeugt, dass unsere Taschen von h\u00f6chster Qualit\u00e4t und mit erstklassigem Design sind. Wir glauben so sehr an unser Produkt, dass wir sicher sind, es wird Sie begeistern. Sollten die DiSiMi?-Taschen Ihre Erwartungen nicht erf\u00fcllen, k\u00f6nnen Sie sie jederzeit zur\u00fcckgeben und wir erstatten Ihnen innerhalb der ersten 30 Tage den vollen Kaufpreis.<\/p>\n<\/div>\n<p>[\/vc_column_text][\/vc_column_inner][\/vc_row_inner][\/vc_column][\/vc_row]<\/p>\n<\/div>","protected":false},"excerpt":{"rendered":"<p class=\"\" data-start=\"383\" data-end=\"752\">\u2714 <strong data-start=\"407\" data-end=\"433\">Ger\u00e4umiges Inneres<\/strong> \u2013 genug Platz f\u00fcr alles, was Sie tags\u00fcber brauchen<br data-start=\"488\" data-end=\"491\" data-is-only-node=\"\" \/>\u2714 <strong data-start=\"493\" data-end=\"512\">Leichtes Material<\/strong> \u2013 angenehm zu tragen, auch wenn voll beladen<br data-start=\"552\" data-end=\"555\" \/>\u2714 <strong data-start=\"557\" data-end=\"579\">Elegante Muster<\/strong> \u2013 Punkte, Zebra- oder Leopardenmuster f\u00fcr verschiedene Stile (alle Muster in unserem Webshop erh\u00e4ltlich)<br data-start=\"634\" data-end=\"637\" \/>\u2714 <strong data-start=\"639\" data-end=\"658\">Praktisch Griffe<\/strong> \u2013 erm\u00f6glichen bequemes Tragen \u00fcber der Schulter<br data-start=\"697\" data-end=\"700\" \/>\u2714 <strong data-start=\"702\" data-end=\"716\">Abmessungen:<\/strong>46 (Breite) x 33 (H\u00f6he) x 25 cm (Tiefe)<\/p>\n<p class=\"\" data-start=\"754\" data-end=\"870\">Diese Taschen sind in verschiedenen Designs erh\u00e4ltlich, passen zu jedem Outfit und werden schnell zu Ihrem Lieblingsaccessoire f\u00fcr alle Anl\u00e4sse! \ud83d\udc5c\u2728<\/p>\n","protected":false},"featured_media":127024,"template":"","meta":[],"product_brand":[],"product_cat":[215,216],"product_tag":[],"class_list":{"0":"post-117820","1":"product","2":"type-product","3":"status-publish","4":"has-post-thumbnail","6":"product_cat-sommertaschen","7":"product_cat-taschen","9":"first","10":"instock","11":"featured","12":"taxable","13":"shipping-taxable","14":"purchasable","15":"product-type-simple"},"yoast_head":"<!-- This site is optimized with the Yoast SEO plugin v27.5 - https:\/\/yoast.com\/product\/yoast-seo-wordpress\/ -->\n<title>Tasche, ger\u00e4umig &quot;Zebra Natural&quot; - tzf2520 - DISIMI?<\/title>\n<meta name=\"robots\" content=\"index, follow, max-snippet:-1, max-image-preview:large, max-video-preview:-1\" \/>\n<link rel=\"canonical\" href=\"https:\/\/disimi.hr\/de\/produkt\/torba-vrecasta-prostrana-zebra-natural-tzf2520\/\" \/>\n<meta property=\"og:locale\" content=\"de_DE\" \/>\n<meta property=\"og:type\" content=\"article\" \/>\n<meta property=\"og:title\" content=\"Tasche, ger\u00e4umig &quot;Zebra Natural&quot; - tzf2520 - DISIMI?\" \/>\n<meta property=\"og:description\" content=\"\u2714 Ger\u00e4umiges Inneres \u2013 genug Platz f\u00fcr alles, was Sie tags\u00fcber brauchen\u2714 Leichtes Material \u2013 angenehm zu tragen, auch wenn voll beladen\u2714 Elegante Muster \u2013 Punkte, Zebra- oder Leopardenmuster f\u00fcr verschiedene Stile (alle Muster in unserem Webshop erh\u00e4ltlich)\u2714 Praktisch Griffe \u2013 erm\u00f6glichen bequemes Tragen \u00fcber der Schulter\u2714 Abmessungen:46 (Breite) x 33 (H\u00f6he) x 25 cm (Tiefe) Diese Taschen sind in verschiedenen Designs erh\u00e4ltlich, passen zu jedem Outfit und werden schnell zu Ihrem Lieblingsaccessoire f\u00fcr alle Anl\u00e4sse! \ud83d\udc5c\u2728\" \/>\n<meta property=\"og:url\" content=\"https:\/\/disimi.hr\/de\/produkt\/torba-vrecasta-prostrana-zebra-natural-tzf2520\/\" \/>\n<meta property=\"og:site_name\" content=\"DISIMI?\" \/>\n<meta property=\"article:publisher\" content=\"https:\/\/www.facebook.com\/DISIMI.hr\/\" \/>\n<meta property=\"article:modified_time\" content=\"2026-04-29T12:21:40+00:00\" \/>\n<meta property=\"og:image\" content=\"https:\/\/disimi.hr\/wp-content\/uploads\/2025\/03\/TZF2520-w.jpg\" \/>\n\t<meta property=\"og:image:width\" content=\"800\" \/>\n\t<meta property=\"og:image:height\" content=\"800\" \/>\n\t<meta property=\"og:image:type\" content=\"image\/jpeg\" \/>\n<meta name=\"twitter:card\" content=\"summary_large_image\" \/>\n<meta name=\"twitter:label1\" content=\"Gesch\u00e4tzte Lesezeit\" \/>\n\t<meta name=\"twitter:data1\" content=\"2\u00a0Minute\" \/>\n<script type=\"application\/ld+json\" class=\"yoast-schema-graph\">{\"@context\":\"https:\\\/\\\/schema.org\",\"@graph\":[{\"@type\":\"WebPage\",\"@id\":\"https:\\\/\\\/disimi.hr\\\/de\\\/produkt\\\/torba-vrecasta-prostrana-zebra-natural-tzf2520\\\/\",\"url\":\"https:\\\/\\\/disimi.hr\\\/de\\\/produkt\\\/torba-vrecasta-prostrana-zebra-natural-tzf2520\\\/\",\"name\":\"Tasche, ger\u00e4umig \\\"Zebra Natural\\\" - tzf2520 - DISIMI?\",\"isPartOf\":{\"@id\":\"https:\\\/\\\/disimi.hr\\\/#website\"},\"primaryImageOfPage\":{\"@id\":\"https:\\\/\\\/disimi.hr\\\/de\\\/produkt\\\/torba-vrecasta-prostrana-zebra-natural-tzf2520\\\/#primaryimage\"},\"image\":{\"@id\":\"https:\\\/\\\/disimi.hr\\\/de\\\/produkt\\\/torba-vrecasta-prostrana-zebra-natural-tzf2520\\\/#primaryimage\"},\"thumbnailUrl\":\"https:\\\/\\\/disimi.hr\\\/wp-content\\\/uploads\\\/2025\\\/03\\\/TZF2520-w.jpg\",\"datePublished\":\"2025-03-28T10:32:40+00:00\",\"dateModified\":\"2026-04-29T12:21:40+00:00\",\"breadcrumb\":{\"@id\":\"https:\\\/\\\/disimi.hr\\\/de\\\/produkt\\\/torba-vrecasta-prostrana-zebra-natural-tzf2520\\\/#breadcrumb\"},\"inLanguage\":\"de\",\"potentialAction\":[{\"@type\":\"ReadAction\",\"target\":[\"https:\\\/\\\/disimi.hr\\\/de\\\/produkt\\\/torba-vrecasta-prostrana-zebra-natural-tzf2520\\\/\"]}]},{\"@type\":\"ImageObject\",\"inLanguage\":\"de\",\"@id\":\"https:\\\/\\\/disimi.hr\\\/de\\\/produkt\\\/torba-vrecasta-prostrana-zebra-natural-tzf2520\\\/#primaryimage\",\"url\":\"https:\\\/\\\/disimi.hr\\\/wp-content\\\/uploads\\\/2025\\\/03\\\/TZF2520-w.jpg\",\"contentUrl\":\"https:\\\/\\\/disimi.hr\\\/wp-content\\\/uploads\\\/2025\\\/03\\\/TZF2520-w.jpg\",\"width\":800,\"height\":800},{\"@type\":\"BreadcrumbList\",\"@id\":\"https:\\\/\\\/disimi.hr\\\/de\\\/produkt\\\/torba-vrecasta-prostrana-zebra-natural-tzf2520\\\/#breadcrumb\",\"itemListElement\":[{\"@type\":\"ListItem\",\"position\":1,\"name\":\"Po\u010detna stranica\",\"item\":\"https:\\\/\\\/disimi.hr\\\/de\\\/\"},{\"@type\":\"ListItem\",\"position\":2,\"name\":\"Produkte\",\"item\":\"https:\\\/\\\/disimi.hr\\\/de\\\/produkte\\\/\"},{\"@type\":\"ListItem\",\"position\":3,\"name\":\"Tasche, ger\u00e4umig &#8220;Zebra Natural&#8221; &#8211; tzf2520\"}]},{\"@type\":\"WebSite\",\"@id\":\"https:\\\/\\\/disimi.hr\\\/#website\",\"url\":\"https:\\\/\\\/disimi.hr\\\/\",\"name\":\"DISIMI?\",\"description\":\"Hrvatski brand i jedinstveni dizajn!\",\"publisher\":{\"@id\":\"https:\\\/\\\/disimi.hr\\\/#organization\"},\"potentialAction\":[{\"@type\":\"SearchAction\",\"target\":{\"@type\":\"EntryPoint\",\"urlTemplate\":\"https:\\\/\\\/disimi.hr\\\/?s={search_term_string}\"},\"query-input\":{\"@type\":\"PropertyValueSpecification\",\"valueRequired\":true,\"valueName\":\"search_term_string\"}}],\"inLanguage\":\"de\"},{\"@type\":\"Organization\",\"@id\":\"https:\\\/\\\/disimi.hr\\\/#organization\",\"name\":\"DiSiMi?\",\"url\":\"https:\\\/\\\/disimi.hr\\\/\",\"logo\":{\"@type\":\"ImageObject\",\"inLanguage\":\"de\",\"@id\":\"https:\\\/\\\/disimi.hr\\\/#\\\/schema\\\/logo\\\/image\\\/\",\"url\":\"https:\\\/\\\/disimi.hr\\\/wp-content\\\/uploads\\\/2022\\\/02\\\/logo2.jpg\",\"contentUrl\":\"https:\\\/\\\/disimi.hr\\\/wp-content\\\/uploads\\\/2022\\\/02\\\/logo2.jpg\",\"width\":250,\"height\":79,\"caption\":\"DiSiMi?\"},\"image\":{\"@id\":\"https:\\\/\\\/disimi.hr\\\/#\\\/schema\\\/logo\\\/image\\\/\"},\"sameAs\":[\"https:\\\/\\\/www.facebook.com\\\/DISIMI.hr\\\/\",\"https:\\\/\\\/www.instagram.com\\\/disimi.hr\\\/\"]}]}<\/script>\n<!-- \/ Yoast SEO plugin. -->","yoast_head_json":{"title":"Tasche, ger\u00e4umig \"Zebra Natural\" - tzf2520 - DISIMI?","robots":{"index":"index","follow":"follow","max-snippet":"max-snippet:-1","max-image-preview":"max-image-preview:large","max-video-preview":"max-video-preview:-1"},"canonical":"https:\/\/disimi.hr\/de\/produkt\/torba-vrecasta-prostrana-zebra-natural-tzf2520\/","og_locale":"de_DE","og_type":"article","og_title":"Tasche, ger\u00e4umig \"Zebra Natural\" - tzf2520 - DISIMI?","og_description":"\u2714 Ger\u00e4umiges Inneres \u2013 genug Platz f\u00fcr alles, was Sie tags\u00fcber brauchen\u2714 Leichtes Material \u2013 angenehm zu tragen, auch wenn voll beladen\u2714 Elegante Muster \u2013 Punkte, Zebra- oder Leopardenmuster f\u00fcr verschiedene Stile (alle Muster in unserem Webshop erh\u00e4ltlich)\u2714 Praktisch Griffe \u2013 erm\u00f6glichen bequemes Tragen \u00fcber der Schulter\u2714 Abmessungen:46 (Breite) x 33 (H\u00f6he) x 25 cm (Tiefe) Diese Taschen sind in verschiedenen Designs erh\u00e4ltlich, passen zu jedem Outfit und werden schnell zu Ihrem Lieblingsaccessoire f\u00fcr alle Anl\u00e4sse! \ud83d\udc5c\u2728","og_url":"https:\/\/disimi.hr\/de\/produkt\/torba-vrecasta-prostrana-zebra-natural-tzf2520\/","og_site_name":"DISIMI?","article_publisher":"https:\/\/www.facebook.com\/DISIMI.hr\/","article_modified_time":"2026-04-29T12:21:40+00:00","og_image":[{"width":800,"height":800,"url":"https:\/\/disimi.hr\/wp-content\/uploads\/2025\/03\/TZF2520-w.jpg","type":"image\/jpeg"}],"twitter_card":"summary_large_image","twitter_misc":{"Gesch\u00e4tzte Lesezeit":"2\u00a0Minute"},"schema":{"@context":"https:\/\/schema.org","@graph":[{"@type":"WebPage","@id":"https:\/\/disimi.hr\/de\/produkt\/torba-vrecasta-prostrana-zebra-natural-tzf2520\/","url":"https:\/\/disimi.hr\/de\/produkt\/torba-vrecasta-prostrana-zebra-natural-tzf2520\/","name":"Tasche, ger\u00e4umig \"Zebra Natural\" - tzf2520 - DISIMI?","isPartOf":{"@id":"https:\/\/disimi.hr\/#website"},"primaryImageOfPage":{"@id":"https:\/\/disimi.hr\/de\/produkt\/torba-vrecasta-prostrana-zebra-natural-tzf2520\/#primaryimage"},"image":{"@id":"https:\/\/disimi.hr\/de\/produkt\/torba-vrecasta-prostrana-zebra-natural-tzf2520\/#primaryimage"},"thumbnailUrl":"https:\/\/disimi.hr\/wp-content\/uploads\/2025\/03\/TZF2520-w.jpg","datePublished":"2025-03-28T10:32:40+00:00","dateModified":"2026-04-29T12:21:40+00:00","breadcrumb":{"@id":"https:\/\/disimi.hr\/de\/produkt\/torba-vrecasta-prostrana-zebra-natural-tzf2520\/#breadcrumb"},"inLanguage":"de","potentialAction":[{"@type":"ReadAction","target":["https:\/\/disimi.hr\/de\/produkt\/torba-vrecasta-prostrana-zebra-natural-tzf2520\/"]}]},{"@type":"ImageObject","inLanguage":"de","@id":"https:\/\/disimi.hr\/de\/produkt\/torba-vrecasta-prostrana-zebra-natural-tzf2520\/#primaryimage","url":"https:\/\/disimi.hr\/wp-content\/uploads\/2025\/03\/TZF2520-w.jpg","contentUrl":"https:\/\/disimi.hr\/wp-content\/uploads\/2025\/03\/TZF2520-w.jpg","width":800,"height":800},{"@type":"BreadcrumbList","@id":"https:\/\/disimi.hr\/de\/produkt\/torba-vrecasta-prostrana-zebra-natural-tzf2520\/#breadcrumb","itemListElement":[{"@type":"ListItem","position":1,"name":"Po\u010detna stranica","item":"https:\/\/disimi.hr\/de\/"},{"@type":"ListItem","position":2,"name":"Produkte","item":"https:\/\/disimi.hr\/de\/produkte\/"},{"@type":"ListItem","position":3,"name":"Tasche, ger\u00e4umig &#8220;Zebra Natural&#8221; &#8211; tzf2520"}]},{"@type":"WebSite","@id":"https:\/\/disimi.hr\/#website","url":"https:\/\/disimi.hr\/","name":"DISIMI?","description":"Hrvatski brand i jedinstveni dizajn!","publisher":{"@id":"https:\/\/disimi.hr\/#organization"},"potentialAction":[{"@type":"SearchAction","target":{"@type":"EntryPoint","urlTemplate":"https:\/\/disimi.hr\/?s={search_term_string}"},"query-input":{"@type":"PropertyValueSpecification","valueRequired":true,"valueName":"search_term_string"}}],"inLanguage":"de"},{"@type":"Organization","@id":"https:\/\/disimi.hr\/#organization","name":"DiSiMi?","url":"https:\/\/disimi.hr\/","logo":{"@type":"ImageObject","inLanguage":"de","@id":"https:\/\/disimi.hr\/#\/schema\/logo\/image\/","url":"https:\/\/disimi.hr\/wp-content\/uploads\/2022\/02\/logo2.jpg","contentUrl":"https:\/\/disimi.hr\/wp-content\/uploads\/2022\/02\/logo2.jpg","width":250,"height":79,"caption":"DiSiMi?"},"image":{"@id":"https:\/\/disimi.hr\/#\/schema\/logo\/image\/"},"sameAs":["https:\/\/www.facebook.com\/DISIMI.hr\/","https:\/\/www.instagram.com\/disimi.hr\/"]}]}},"_links":{"self":[{"href":"https:\/\/disimi.hr\/de\/wp-json\/wp\/v2\/product\/117820","targetHints":{"allow":["GET"]}}],"collection":[{"href":"https:\/\/disimi.hr\/de\/wp-json\/wp\/v2\/product"}],"about":[{"href":"https:\/\/disimi.hr\/de\/wp-json\/wp\/v2\/types\/product"}],"wp:featuredmedia":[{"embeddable":true,"href":"https:\/\/disimi.hr\/de\/wp-json\/wp\/v2\/media\/127024"}],"wp:attachment":[{"href":"https:\/\/disimi.hr\/de\/wp-json\/wp\/v2\/media?parent=117820"}],"wp:term":[{"taxonomy":"product_brand","embeddable":true,"href":"https:\/\/disimi.hr\/de\/wp-json\/wp\/v2\/product_brand?post=117820"},{"taxonomy":"product_cat","embeddable":true,"href":"https:\/\/disimi.hr\/de\/wp-json\/wp\/v2\/product_cat?post=117820"},{"taxonomy":"product_tag","embeddable":true,"href":"https:\/\/disimi.hr\/de\/wp-json\/wp\/v2\/product_tag?post=117820"}],"curies":[{"name":"wp","href":"https:\/\/api.w.org\/{rel}","templated":true}]}}