{"id":117795,"date":"2025-04-01T10:59:08","date_gmt":"2025-04-01T08:59:08","guid":{"rendered":"https:\/\/disimi.hr\/proizvod\/torba-tote-edition-disimi-bez-dim-24x24x12-cm-tzf2509\/"},"modified":"2026-04-20T12:05:54","modified_gmt":"2026-04-20T10:05:54","slug":"torba-tote-edition-disimi-bez-dim-24x24x12-cm-tzf2509","status":"publish","type":"product","link":"https:\/\/disimi.hr\/de\/produkt\/torba-tote-edition-disimi-bez-dim-24x24x12-cm-tzf2509\/","title":{"rendered":"Tragetasche \u201eDiSiMi?\u201c, beige-rauchfarben. 24 x 24 x 12 cm \u2013 tzf2509"},"content":{"rendered":"<div class=\"wpb-content-wrapper\"><p>[vc_row][vc_column][vc_column_text css=&#8221;&#8221; woodmart_inline=&#8221;no&#8221; text_larger=&#8221;yes&#8221;] <\/p>\n<p style=\"text-align: center\"><strong>Modische Accessoires, von denen wir uns nicht trennen k\u00f6nnen<\/strong><\/p>\n<p style=\"text-align: center\">Verleihen Sie Ihrem Alltag Stil und Funktionalit\u00e4t mit dieser modernen Tasche unserer Marke <strong>DiSiMi?<\/strong>. Die Tasche vereint Funktionalit\u00e4t und \u00c4sthetik und besticht durch ihre markanten schwarz-wei\u00dfen Streifen und das unverkennbare \u201eDiSiMi?\u201c-Logo. Das elegante Design ist auf den B\u00e4ndern aufgedruckt.<\/p>\n<p style=\"text-align: center\"><strong>Das perfekte Geschenk \u2026 f\u00fcr Sie!<\/strong><\/p>\n<p style=\"text-align: center\"><strong>\u2714 Eine Tasche f\u00fcr jedes Outfit<\/strong>, f\u00fcr einen entspannten Look<\/p>\n<p style=\"text-align: center\"><strong>\u2714 Sie sparen Geld:<\/strong> Trotz ihrer hohen Qualit\u00e4t ist sie f\u00fcr jedes Budget erschwinglich.<\/p>\n<p style=\"text-align: center\"><strong>\u2714 Modernes Design:<\/strong> Code DiSiMi? \u2013 bei dieser Tasche wurden keine Kompromisse beim Design eingegangen. Eine Tasche ist ein wesentlicher Bestandteil der Identit\u00e4t einer Frau und muss daher das gewisse Etwas haben.<\/p>\n<p style=\"text-align: center\"><strong>\u2714 Was ist wichtiger als eine Tasche?<\/strong> Selbst wenn wir unbegrenzt Geld h\u00e4tten, k\u00f6nnten sich Frauen sicherlich nicht alle Taschen leisten, die sie m\u00f6gen \u2013 und vor allem: Sie brauchen all diese Taschen. Eine Tasche ist ein unverzichtbarer Bestandteil jedes gelungenen Outfits. Oftmals macht schon die Wahl der Tasche den entscheidenden Unterschied. Warum ist das so? Denn eine Tasche ist ein modisches Accessoire, das das Ganze abrundet, hervorsticht und somit Aufmerksamkeit erregt.<\/p>\n<p>[\/vc_column_text][vc_row_inner][vc_column_inner width=&#8221;1\/2&#8243;][vc_single_image image=&#8221;2580&#8243; img_size=&#8221;full&#8221; alignment=&#8221;center&#8221; parallax_scroll=&#8221;no&#8221; woodmart_inline=&#8221;no&#8221;][\/vc_column_inner][vc_column_inner width=&#8221;1\/2&#8243;][vc_single_image image=&#8221;7452&#8243; img_size=&#8221;full&#8221; alignment=&#8221;center&#8221; parallax_scroll=&#8221;no&#8221; woodmart_inline=&#8221;no&#8221;][\/vc_column_inner][\/vc_row_inner][vc_row_inner][vc_column_inner][vc_column_text woodmart_inline=&#8221;no&#8221; text_larger=&#8221;no&#8221;] <\/p>\n<div>\n<p style=\"text-align: center;\"> Wir sind fest davon \u00fcberzeugt, dass unsere Taschen von h\u00f6chster Qualit\u00e4t und mit erstklassigem Design sind. Wir glauben so sehr an unser Produkt, dass wir sicher sind, dass es Sie begeistern wird. Sollten die DiSiMi?-Taschen Ihre Erwartungen nicht erf\u00fcllen, k\u00f6nnen Sie sie jederzeit zur\u00fcckgeben und wir erstatten Ihnen den vollen Kaufpreis innerhalb der ersten 30 Tage.<\/p>\n<\/div>\n<p>[\/vc_column_text][\/vc_column_inner][\/vc_row_inner][\/vc_column][\/vc_row]<\/p>\n<\/div>","protected":false},"excerpt":{"rendered":"<ul class=\"marker:text-textOff list-disc\">\n<li>\n<p class=\"my-0\"><strong>Material:<\/strong> Strapazierf\u00e4higes, pflegeleichtes Canvas.<\/p>\n<\/li>\n<li>\n<p class=\"my-0\"><strong>Abmessungen:<\/strong> Ideale Gr\u00f6\u00dfe f\u00fcr den t\u00e4glichen Bedarf \u2013 genug Platz f\u00fcr all Ihre Sachen. Abmessungen: 24 x 24 x 12 cm. Mit Rei\u00dfverschluss. Gepolsterter Innenraum mit Innentasche.<\/p>\n<\/li>\n<li>\n<p class=\"my-0\"><strong>Design:<\/strong> K\u00fcrzere Henkel und ein verstellbarer Schultergurt sorgen f\u00fcr flexible Tragem\u00f6glichkeiten.<\/p>\n<\/li>\n<li>\n<p class=\"my-0\"><strong>Farbe:<\/strong> Ein neutraler Beigeton, der sich m\u00fchelos in jedes Outfit einf\u00fcgt.<\/p>\n<\/li>\n<li>\n<p class=\"my-0\"><strong>Vielseitig einsetzbar:<\/strong> Diese Tasche ist die perfekte Wahl f\u00fcr alle Anl\u00e4sse \u2013 ob f\u00fcrs B\u00fcro, einen Stadtbummel oder ein Treffen mit Freunden. Ihre Praktikabilit\u00e4t und ihr moderner Look machen sie zu einer unverzichtbaren Erg\u00e4nzung jeder Garderobe.<\/p>\n<p class=\"my-0\">Erg\u00e4nzen Sie Ihre Sammlung mit dieser Tasche und zeigen Sie Ihren einzigartigen Stil!<\/p>\n<\/li>\n<\/ul>\n<p>&nbsp;<\/p>\n","protected":false},"featured_media":131067,"template":"","meta":[],"product_brand":[],"product_cat":[215,216],"product_tag":[261],"class_list":{"0":"post-117795","1":"product","2":"type-product","3":"status-publish","4":"has-post-thumbnail","6":"product_cat-sommertaschen","7":"product_cat-taschen","8":"product_tag-outfit-6","10":"first","11":"instock","12":"featured","13":"taxable","14":"shipping-taxable","15":"purchasable","16":"product-type-simple"},"yoast_head":"<!-- This site is optimized with the Yoast SEO plugin v27.5 - https:\/\/yoast.com\/product\/yoast-seo-wordpress\/ -->\n<title>Tragetasche \u201eDiSiMi?\u201c, beige-rauchfarben. 24 x 24 x 12 cm \u2013 tzf2509 - DISIMI?<\/title>\n<meta name=\"robots\" content=\"index, follow, max-snippet:-1, max-image-preview:large, max-video-preview:-1\" \/>\n<link rel=\"canonical\" href=\"https:\/\/disimi.hr\/de\/produkt\/torba-tote-edition-disimi-bez-dim-24x24x12-cm-tzf2509\/\" \/>\n<meta property=\"og:locale\" content=\"de_DE\" \/>\n<meta property=\"og:type\" content=\"article\" \/>\n<meta property=\"og:title\" content=\"Tragetasche \u201eDiSiMi?\u201c, beige-rauchfarben. 24 x 24 x 12 cm \u2013 tzf2509 - DISIMI?\" \/>\n<meta property=\"og:description\" content=\"Material: Strapazierf\u00e4higes, pflegeleichtes Canvas.    Abmessungen: Ideale Gr\u00f6\u00dfe f\u00fcr den t\u00e4glichen Bedarf \u2013 genug Platz f\u00fcr all Ihre Sachen. Abmessungen: 24 x 24 x 12 cm. Mit Rei\u00dfverschluss. Gepolsterter Innenraum mit Innentasche.    Design: K\u00fcrzere Henkel und ein verstellbarer Schultergurt sorgen f\u00fcr flexible Tragem\u00f6glichkeiten.    Farbe: Ein neutraler Beigeton, der sich m\u00fchelos in jedes Outfit einf\u00fcgt.    Vielseitig einsetzbar: Diese Tasche ist die perfekte Wahl f\u00fcr alle Anl\u00e4sse \u2013 ob f\u00fcrs B\u00fcro, einen Stadtbummel oder ein Treffen mit Freunden. Ihre Praktikabilit\u00e4t und ihr moderner Look machen sie zu einer unverzichtbaren Erg\u00e4nzung jeder Garderobe. Erg\u00e4nzen Sie Ihre Sammlung mit dieser Tasche und zeigen Sie Ihren einzigartigen Stil!   &nbsp;\" \/>\n<meta property=\"og:url\" content=\"https:\/\/disimi.hr\/de\/produkt\/torba-tote-edition-disimi-bez-dim-24x24x12-cm-tzf2509\/\" \/>\n<meta property=\"og:site_name\" content=\"DISIMI?\" \/>\n<meta property=\"article:publisher\" content=\"https:\/\/www.facebook.com\/DISIMI.hr\/\" \/>\n<meta property=\"article:modified_time\" content=\"2026-04-20T10:05:54+00:00\" \/>\n<meta property=\"og:image\" content=\"https:\/\/disimi.hr\/wp-content\/uploads\/2025\/04\/TZF2509-w.jpg\" \/>\n\t<meta property=\"og:image:width\" content=\"800\" \/>\n\t<meta property=\"og:image:height\" content=\"800\" \/>\n\t<meta property=\"og:image:type\" content=\"image\/jpeg\" \/>\n<meta name=\"twitter:card\" content=\"summary_large_image\" \/>\n<meta name=\"twitter:label1\" content=\"Gesch\u00e4tzte Lesezeit\" \/>\n\t<meta name=\"twitter:data1\" content=\"2\u00a0Minute\" \/>\n<script type=\"application\/ld+json\" class=\"yoast-schema-graph\">{\"@context\":\"https:\\\/\\\/schema.org\",\"@graph\":[{\"@type\":\"WebPage\",\"@id\":\"https:\\\/\\\/disimi.hr\\\/de\\\/produkt\\\/torba-tote-edition-disimi-bez-dim-24x24x12-cm-tzf2509\\\/\",\"url\":\"https:\\\/\\\/disimi.hr\\\/de\\\/produkt\\\/torba-tote-edition-disimi-bez-dim-24x24x12-cm-tzf2509\\\/\",\"name\":\"Tragetasche \u201eDiSiMi?\u201c, beige-rauchfarben. 24 x 24 x 12 cm \u2013 tzf2509 - DISIMI?\",\"isPartOf\":{\"@id\":\"https:\\\/\\\/disimi.hr\\\/#website\"},\"primaryImageOfPage\":{\"@id\":\"https:\\\/\\\/disimi.hr\\\/de\\\/produkt\\\/torba-tote-edition-disimi-bez-dim-24x24x12-cm-tzf2509\\\/#primaryimage\"},\"image\":{\"@id\":\"https:\\\/\\\/disimi.hr\\\/de\\\/produkt\\\/torba-tote-edition-disimi-bez-dim-24x24x12-cm-tzf2509\\\/#primaryimage\"},\"thumbnailUrl\":\"https:\\\/\\\/disimi.hr\\\/wp-content\\\/uploads\\\/2025\\\/04\\\/TZF2509-w.jpg\",\"datePublished\":\"2025-04-01T08:59:08+00:00\",\"dateModified\":\"2026-04-20T10:05:54+00:00\",\"breadcrumb\":{\"@id\":\"https:\\\/\\\/disimi.hr\\\/de\\\/produkt\\\/torba-tote-edition-disimi-bez-dim-24x24x12-cm-tzf2509\\\/#breadcrumb\"},\"inLanguage\":\"de\",\"potentialAction\":[{\"@type\":\"ReadAction\",\"target\":[\"https:\\\/\\\/disimi.hr\\\/de\\\/produkt\\\/torba-tote-edition-disimi-bez-dim-24x24x12-cm-tzf2509\\\/\"]}]},{\"@type\":\"ImageObject\",\"inLanguage\":\"de\",\"@id\":\"https:\\\/\\\/disimi.hr\\\/de\\\/produkt\\\/torba-tote-edition-disimi-bez-dim-24x24x12-cm-tzf2509\\\/#primaryimage\",\"url\":\"https:\\\/\\\/disimi.hr\\\/wp-content\\\/uploads\\\/2025\\\/04\\\/TZF2509-w.jpg\",\"contentUrl\":\"https:\\\/\\\/disimi.hr\\\/wp-content\\\/uploads\\\/2025\\\/04\\\/TZF2509-w.jpg\",\"width\":800,\"height\":800},{\"@type\":\"BreadcrumbList\",\"@id\":\"https:\\\/\\\/disimi.hr\\\/de\\\/produkt\\\/torba-tote-edition-disimi-bez-dim-24x24x12-cm-tzf2509\\\/#breadcrumb\",\"itemListElement\":[{\"@type\":\"ListItem\",\"position\":1,\"name\":\"Po\u010detna stranica\",\"item\":\"https:\\\/\\\/disimi.hr\\\/de\\\/\"},{\"@type\":\"ListItem\",\"position\":2,\"name\":\"Produkte\",\"item\":\"https:\\\/\\\/disimi.hr\\\/de\\\/produkte\\\/\"},{\"@type\":\"ListItem\",\"position\":3,\"name\":\"Tragetasche \u201eDiSiMi?\u201c, beige-rauchfarben. 24 x 24 x 12 cm \u2013 tzf2509\"}]},{\"@type\":\"WebSite\",\"@id\":\"https:\\\/\\\/disimi.hr\\\/#website\",\"url\":\"https:\\\/\\\/disimi.hr\\\/\",\"name\":\"DISIMI?\",\"description\":\"Hrvatski brand i jedinstveni dizajn!\",\"publisher\":{\"@id\":\"https:\\\/\\\/disimi.hr\\\/#organization\"},\"potentialAction\":[{\"@type\":\"SearchAction\",\"target\":{\"@type\":\"EntryPoint\",\"urlTemplate\":\"https:\\\/\\\/disimi.hr\\\/?s={search_term_string}\"},\"query-input\":{\"@type\":\"PropertyValueSpecification\",\"valueRequired\":true,\"valueName\":\"search_term_string\"}}],\"inLanguage\":\"de\"},{\"@type\":\"Organization\",\"@id\":\"https:\\\/\\\/disimi.hr\\\/#organization\",\"name\":\"DiSiMi?\",\"url\":\"https:\\\/\\\/disimi.hr\\\/\",\"logo\":{\"@type\":\"ImageObject\",\"inLanguage\":\"de\",\"@id\":\"https:\\\/\\\/disimi.hr\\\/#\\\/schema\\\/logo\\\/image\\\/\",\"url\":\"https:\\\/\\\/disimi.hr\\\/wp-content\\\/uploads\\\/2022\\\/02\\\/logo2.jpg\",\"contentUrl\":\"https:\\\/\\\/disimi.hr\\\/wp-content\\\/uploads\\\/2022\\\/02\\\/logo2.jpg\",\"width\":250,\"height\":79,\"caption\":\"DiSiMi?\"},\"image\":{\"@id\":\"https:\\\/\\\/disimi.hr\\\/#\\\/schema\\\/logo\\\/image\\\/\"},\"sameAs\":[\"https:\\\/\\\/www.facebook.com\\\/DISIMI.hr\\\/\",\"https:\\\/\\\/www.instagram.com\\\/disimi.hr\\\/\"]}]}<\/script>\n<!-- \/ Yoast SEO plugin. -->","yoast_head_json":{"title":"Tragetasche \u201eDiSiMi?\u201c, beige-rauchfarben. 24 x 24 x 12 cm \u2013 tzf2509 - DISIMI?","robots":{"index":"index","follow":"follow","max-snippet":"max-snippet:-1","max-image-preview":"max-image-preview:large","max-video-preview":"max-video-preview:-1"},"canonical":"https:\/\/disimi.hr\/de\/produkt\/torba-tote-edition-disimi-bez-dim-24x24x12-cm-tzf2509\/","og_locale":"de_DE","og_type":"article","og_title":"Tragetasche \u201eDiSiMi?\u201c, beige-rauchfarben. 24 x 24 x 12 cm \u2013 tzf2509 - DISIMI?","og_description":"Material: Strapazierf\u00e4higes, pflegeleichtes Canvas.    Abmessungen: Ideale Gr\u00f6\u00dfe f\u00fcr den t\u00e4glichen Bedarf \u2013 genug Platz f\u00fcr all Ihre Sachen. Abmessungen: 24 x 24 x 12 cm. Mit Rei\u00dfverschluss. Gepolsterter Innenraum mit Innentasche.    Design: K\u00fcrzere Henkel und ein verstellbarer Schultergurt sorgen f\u00fcr flexible Tragem\u00f6glichkeiten.    Farbe: Ein neutraler Beigeton, der sich m\u00fchelos in jedes Outfit einf\u00fcgt.    Vielseitig einsetzbar: Diese Tasche ist die perfekte Wahl f\u00fcr alle Anl\u00e4sse \u2013 ob f\u00fcrs B\u00fcro, einen Stadtbummel oder ein Treffen mit Freunden. Ihre Praktikabilit\u00e4t und ihr moderner Look machen sie zu einer unverzichtbaren Erg\u00e4nzung jeder Garderobe. Erg\u00e4nzen Sie Ihre Sammlung mit dieser Tasche und zeigen Sie Ihren einzigartigen Stil!   &nbsp;","og_url":"https:\/\/disimi.hr\/de\/produkt\/torba-tote-edition-disimi-bez-dim-24x24x12-cm-tzf2509\/","og_site_name":"DISIMI?","article_publisher":"https:\/\/www.facebook.com\/DISIMI.hr\/","article_modified_time":"2026-04-20T10:05:54+00:00","og_image":[{"width":800,"height":800,"url":"https:\/\/disimi.hr\/wp-content\/uploads\/2025\/04\/TZF2509-w.jpg","type":"image\/jpeg"}],"twitter_card":"summary_large_image","twitter_misc":{"Gesch\u00e4tzte Lesezeit":"2\u00a0Minute"},"schema":{"@context":"https:\/\/schema.org","@graph":[{"@type":"WebPage","@id":"https:\/\/disimi.hr\/de\/produkt\/torba-tote-edition-disimi-bez-dim-24x24x12-cm-tzf2509\/","url":"https:\/\/disimi.hr\/de\/produkt\/torba-tote-edition-disimi-bez-dim-24x24x12-cm-tzf2509\/","name":"Tragetasche \u201eDiSiMi?\u201c, beige-rauchfarben. 24 x 24 x 12 cm \u2013 tzf2509 - DISIMI?","isPartOf":{"@id":"https:\/\/disimi.hr\/#website"},"primaryImageOfPage":{"@id":"https:\/\/disimi.hr\/de\/produkt\/torba-tote-edition-disimi-bez-dim-24x24x12-cm-tzf2509\/#primaryimage"},"image":{"@id":"https:\/\/disimi.hr\/de\/produkt\/torba-tote-edition-disimi-bez-dim-24x24x12-cm-tzf2509\/#primaryimage"},"thumbnailUrl":"https:\/\/disimi.hr\/wp-content\/uploads\/2025\/04\/TZF2509-w.jpg","datePublished":"2025-04-01T08:59:08+00:00","dateModified":"2026-04-20T10:05:54+00:00","breadcrumb":{"@id":"https:\/\/disimi.hr\/de\/produkt\/torba-tote-edition-disimi-bez-dim-24x24x12-cm-tzf2509\/#breadcrumb"},"inLanguage":"de","potentialAction":[{"@type":"ReadAction","target":["https:\/\/disimi.hr\/de\/produkt\/torba-tote-edition-disimi-bez-dim-24x24x12-cm-tzf2509\/"]}]},{"@type":"ImageObject","inLanguage":"de","@id":"https:\/\/disimi.hr\/de\/produkt\/torba-tote-edition-disimi-bez-dim-24x24x12-cm-tzf2509\/#primaryimage","url":"https:\/\/disimi.hr\/wp-content\/uploads\/2025\/04\/TZF2509-w.jpg","contentUrl":"https:\/\/disimi.hr\/wp-content\/uploads\/2025\/04\/TZF2509-w.jpg","width":800,"height":800},{"@type":"BreadcrumbList","@id":"https:\/\/disimi.hr\/de\/produkt\/torba-tote-edition-disimi-bez-dim-24x24x12-cm-tzf2509\/#breadcrumb","itemListElement":[{"@type":"ListItem","position":1,"name":"Po\u010detna stranica","item":"https:\/\/disimi.hr\/de\/"},{"@type":"ListItem","position":2,"name":"Produkte","item":"https:\/\/disimi.hr\/de\/produkte\/"},{"@type":"ListItem","position":3,"name":"Tragetasche \u201eDiSiMi?\u201c, beige-rauchfarben. 24 x 24 x 12 cm \u2013 tzf2509"}]},{"@type":"WebSite","@id":"https:\/\/disimi.hr\/#website","url":"https:\/\/disimi.hr\/","name":"DISIMI?","description":"Hrvatski brand i jedinstveni dizajn!","publisher":{"@id":"https:\/\/disimi.hr\/#organization"},"potentialAction":[{"@type":"SearchAction","target":{"@type":"EntryPoint","urlTemplate":"https:\/\/disimi.hr\/?s={search_term_string}"},"query-input":{"@type":"PropertyValueSpecification","valueRequired":true,"valueName":"search_term_string"}}],"inLanguage":"de"},{"@type":"Organization","@id":"https:\/\/disimi.hr\/#organization","name":"DiSiMi?","url":"https:\/\/disimi.hr\/","logo":{"@type":"ImageObject","inLanguage":"de","@id":"https:\/\/disimi.hr\/#\/schema\/logo\/image\/","url":"https:\/\/disimi.hr\/wp-content\/uploads\/2022\/02\/logo2.jpg","contentUrl":"https:\/\/disimi.hr\/wp-content\/uploads\/2022\/02\/logo2.jpg","width":250,"height":79,"caption":"DiSiMi?"},"image":{"@id":"https:\/\/disimi.hr\/#\/schema\/logo\/image\/"},"sameAs":["https:\/\/www.facebook.com\/DISIMI.hr\/","https:\/\/www.instagram.com\/disimi.hr\/"]}]}},"_links":{"self":[{"href":"https:\/\/disimi.hr\/de\/wp-json\/wp\/v2\/product\/117795","targetHints":{"allow":["GET"]}}],"collection":[{"href":"https:\/\/disimi.hr\/de\/wp-json\/wp\/v2\/product"}],"about":[{"href":"https:\/\/disimi.hr\/de\/wp-json\/wp\/v2\/types\/product"}],"wp:featuredmedia":[{"embeddable":true,"href":"https:\/\/disimi.hr\/de\/wp-json\/wp\/v2\/media\/131067"}],"wp:attachment":[{"href":"https:\/\/disimi.hr\/de\/wp-json\/wp\/v2\/media?parent=117795"}],"wp:term":[{"taxonomy":"product_brand","embeddable":true,"href":"https:\/\/disimi.hr\/de\/wp-json\/wp\/v2\/product_brand?post=117795"},{"taxonomy":"product_cat","embeddable":true,"href":"https:\/\/disimi.hr\/de\/wp-json\/wp\/v2\/product_cat?post=117795"},{"taxonomy":"product_tag","embeddable":true,"href":"https:\/\/disimi.hr\/de\/wp-json\/wp\/v2\/product_tag?post=117795"}],"curies":[{"name":"wp","href":"https:\/\/api.w.org\/{rel}","templated":true}]}}