{"id":117780,"date":"2025-04-01T12:10:52","date_gmt":"2025-04-01T10:10:52","guid":{"rendered":"https:\/\/disimi.hr\/proizvod\/torba-sa-velikom-kopcom-smeda-dim-22x18x10-cm-tzf2513\/"},"modified":"2026-04-29T14:21:37","modified_gmt":"2026-04-29T12:21:37","slug":"torba-sa-velikom-kopcom-smeda-dim-22x18x10-cm-tzf2513","status":"publish","type":"product","link":"https:\/\/disimi.hr\/de\/produkt\/torba-sa-velikom-kopcom-smeda-dim-22x18x10-cm-tzf2513\/","title":{"rendered":"Tasche mit gro\u00dfer Schnalle, braun, Ma\u00dfe 22 x 18 x 10 cm &#8211; tzf2513"},"content":{"rendered":"<div class=\"wpb-content-wrapper\"><p>[vc_row][vc_column][vc_column_text css=&#8221;&#8221; woodmart_inline=&#8221;no&#8221; text_larger=&#8221;yes&#8221;] <\/p>\n<p style=\"text-align: center;\"><strong>Modeaccessoires, von denen wir uns nicht trennen<\/strong><\/p>\n<p style=\"text-align: center;\">Eine Kombination aus nat\u00fcrlichem Look und modernem Design! Diese braune Beuteltasche aus einer Kombination von \u00d6ko-Leder und Strickstruktur ist perfekt f\u00fcr alle, die einen l\u00e4ssigen Stil mit einem Hauch von Eleganz lieben.<\/p>\n<p style=\"text-align: center;\"><strong>Das perfekte Geschenk \u2026 f\u00fcr Sie!<\/strong><\/p>\n<p style=\"text-align: center;\"><strong>\u2714 Eine Tasche f\u00fcr jedes Outfit<\/strong>, f\u00fcr einen entspannten Look<\/p>\n<p style=\"text-align: center;\"><strong>\u2714 Gut f\u00fcrs Geld:<\/strong> Trotz hoher Qualit\u00e4t ist sie f\u00fcr jedes Budget erschwinglich.<\/p>\n<p style=\"text-align: center;\"><strong>\u2714 Modernes Design:<\/strong> Bei DiSiMi? wurden beim Design keine Kompromisse gemacht. Eine Tasche ist ein wesentlicher Bestandteil der Identit\u00e4t einer Frau und muss daher das gewisse Etwas haben.<\/p>\n<p style=\"text-align: center;\"><strong>\u2714 Was ist wichtiger als eine Tasche?<\/strong> Selbst wenn Frauen unbegrenzt Geld h\u00e4tten, k\u00f6nnten sie sich sicherlich nicht alle Taschen leisten, die ihnen gefallen \u2013 und vor allem brauchen sie diese Taschen. Eine Tasche ist ein unverzichtbarer Bestandteil jedes gelungenen Outfits. Oftmals macht schon der Wechsel der Tasche den entscheidenden Unterschied. Warum ist das so? Denn eine Tasche ist ein modisches Accessoire, das das Ganze abrundet, hervorsticht und somit Aufmerksamkeit erregt.<\/p>\n<p>[\/vc_column_text][vc_row_inner][vc_column_inner width=&#8221;1\/2&#8243;][vc_single_image image=&#8221;2580&#8243; img_size=&#8221;full&#8221; alignment=&#8221;center&#8221; parallax_scroll=&#8221;no&#8221; woodmart_inline=&#8221;no&#8221;][\/vc_column_inner][vc_column_inner width=&#8221;1\/2&#8243;][vc_single_image image=&#8221;7452&#8243; img_size=&#8221;full&#8221; alignment=&#8221;center&#8221; parallax_scroll=&#8221;no&#8221; woodmart_inline=&#8221;no&#8221;][\/vc_column_inner][\/vc_row_inner][vc_row_inner][vc_column_inner][vc_column_text woodmart_inline=&#8221;no&#8221; text_larger=&#8221;no&#8221;] <\/p>\n<div>\n<p style=\"text-align: center;\"> Wir sind fest davon \u00fcberzeugt, dass unsere Taschen von h\u00f6chster Qualit\u00e4t und mit erstklassigem Design sind. Wir glauben so sehr an unser Produkt, dass wir sicher sind, es wird Sie begeistern. Sollten die DiSiMi?-Taschen Ihre Erwartungen nicht erf\u00fcllen, k\u00f6nnen Sie sie jederzeit zur\u00fcckgeben und wir erstatten Ihnen innerhalb der ersten 30 Tage den vollen Kaufpreis.<\/p>\n<\/div>\n<p>[\/vc_column_text][\/vc_column_inner][\/vc_row_inner][\/vc_column][\/vc_row]<\/p>\n<\/div>","protected":false},"excerpt":{"rendered":"<p>Eine kleine, aber feine Handtasche ist der Schl\u00fcssel zu gutem Stil. Diese kleine, elegante Handtasche ist ein unverzichtbares Modeaccessoire f\u00fcr Abendveranstaltungen und den Alltag. F\u00fcr die wichtigsten Dinge, f\u00fcr besondere Frauen und besondere Anl\u00e4sse. <\/p>\n<p>Gefertigt aus strapazierf\u00e4higem Material (Kunstleder mit strukturierten Details und Polyesterfutter), Ma\u00dfe: 22 x 18 x 10 cm. Mit Futter und Innentasche, Rei\u00dfverschluss und Schnalle. Mit h\u00f6henverstellbarem Henkel. <\/p>\n<ul class=\"marker:text-textOff list-disc\">\n<li>\n<p class=\"my-0\"><strong>Farbe:<\/strong> Ein warmer Braunton, der sich leicht mit verschiedenen Stilen kombinieren l\u00e4sst.<\/p>\n<\/li>\n<li>\n<p class=\"my-0\"><strong>Abmessungen:<\/strong> Kompakt, aber dennoch ger\u00e4umig genug f\u00fcr Ihre wichtigsten Dinge.<\/p>\n<\/li>\n<li>\n<p class=\"my-0\"><strong>Griffe:<\/strong> Verstellbarer Riemen zum Tragen quer \u00fcber der Schulter.<\/p>\n<\/li>\n<li>\n<p class=\"my-0\"><strong>Innenraum:<\/strong> Hauptfach mit sicherem Rei\u00dfverschluss.<\/p>\n<\/li>\n<li>\n<p class=\"my-0\"><strong>Details:<\/strong> Eine goldene Schnalle im Vintage-Stil verleiht diesem Design Eleganz.<\/p>\n<\/li>\n<\/ul>\n<p class=\"my-0\">Perfekt f\u00fcr den Alltag, Spazierg\u00e4nge oder entspannte Wochenendausfl\u00fcge \u2013 diese Tasche vereint Funktionalit\u00e4t mit einem trendigen Look.<\/p>\n<p>&nbsp;<\/p>\n","protected":false},"featured_media":126342,"template":"","meta":[],"product_brand":[],"product_cat":[215,216],"product_tag":[],"class_list":{"0":"post-117780","1":"product","2":"type-product","3":"status-publish","4":"has-post-thumbnail","6":"product_cat-sommertaschen","7":"product_cat-taschen","9":"first","10":"instock","11":"featured","12":"taxable","13":"shipping-taxable","14":"purchasable","15":"product-type-simple"},"yoast_head":"<!-- This site is optimized with the Yoast SEO plugin v27.5 - https:\/\/yoast.com\/product\/yoast-seo-wordpress\/ -->\n<title>Tasche mit gro\u00dfer Schnalle, braun, Ma\u00dfe 22 x 18 x 10 cm - tzf2513 - DISIMI?<\/title>\n<meta name=\"robots\" content=\"index, follow, max-snippet:-1, max-image-preview:large, max-video-preview:-1\" \/>\n<link rel=\"canonical\" href=\"https:\/\/disimi.hr\/de\/produkt\/torba-sa-velikom-kopcom-smeda-dim-22x18x10-cm-tzf2513\/\" \/>\n<meta property=\"og:locale\" content=\"de_DE\" \/>\n<meta property=\"og:type\" content=\"article\" \/>\n<meta property=\"og:title\" content=\"Tasche mit gro\u00dfer Schnalle, braun, Ma\u00dfe 22 x 18 x 10 cm - tzf2513 - DISIMI?\" \/>\n<meta property=\"og:description\" content=\"Eine kleine, aber feine Handtasche ist der Schl\u00fcssel zu gutem Stil. Diese kleine, elegante Handtasche ist ein unverzichtbares Modeaccessoire f\u00fcr Abendveranstaltungen und den Alltag. F\u00fcr die wichtigsten Dinge, f\u00fcr besondere Frauen und besondere Anl\u00e4sse.  Gefertigt aus strapazierf\u00e4higem Material (Kunstleder mit strukturierten Details und Polyesterfutter), Ma\u00dfe: 22 x 18 x 10 cm. Mit Futter und Innentasche, Rei\u00dfverschluss und Schnalle. Mit h\u00f6henverstellbarem Henkel.    Farbe: Ein warmer Braunton, der sich leicht mit verschiedenen Stilen kombinieren l\u00e4sst.    Abmessungen: Kompakt, aber dennoch ger\u00e4umig genug f\u00fcr Ihre wichtigsten Dinge.    Griffe: Verstellbarer Riemen zum Tragen quer \u00fcber der Schulter.    Innenraum: Hauptfach mit sicherem Rei\u00dfverschluss.    Details: Eine goldene Schnalle im Vintage-Stil verleiht diesem Design Eleganz.   Perfekt f\u00fcr den Alltag, Spazierg\u00e4nge oder entspannte Wochenendausfl\u00fcge \u2013 diese Tasche vereint Funktionalit\u00e4t mit einem trendigen Look. &nbsp;\" \/>\n<meta property=\"og:url\" content=\"https:\/\/disimi.hr\/de\/produkt\/torba-sa-velikom-kopcom-smeda-dim-22x18x10-cm-tzf2513\/\" \/>\n<meta property=\"og:site_name\" content=\"DISIMI?\" \/>\n<meta property=\"article:publisher\" content=\"https:\/\/www.facebook.com\/DISIMI.hr\/\" \/>\n<meta property=\"article:modified_time\" content=\"2026-04-29T12:21:37+00:00\" \/>\n<meta property=\"og:image\" content=\"https:\/\/disimi.hr\/wp-content\/uploads\/2025\/04\/TZF2513-w.jpg\" \/>\n\t<meta property=\"og:image:width\" content=\"800\" \/>\n\t<meta property=\"og:image:height\" content=\"800\" \/>\n\t<meta property=\"og:image:type\" content=\"image\/jpeg\" \/>\n<meta name=\"twitter:card\" content=\"summary_large_image\" \/>\n<meta name=\"twitter:label1\" content=\"Gesch\u00e4tzte Lesezeit\" \/>\n\t<meta name=\"twitter:data1\" content=\"2\u00a0Minute\" \/>\n<script type=\"application\/ld+json\" class=\"yoast-schema-graph\">{\"@context\":\"https:\\\/\\\/schema.org\",\"@graph\":[{\"@type\":\"WebPage\",\"@id\":\"https:\\\/\\\/disimi.hr\\\/de\\\/produkt\\\/torba-sa-velikom-kopcom-smeda-dim-22x18x10-cm-tzf2513\\\/\",\"url\":\"https:\\\/\\\/disimi.hr\\\/de\\\/produkt\\\/torba-sa-velikom-kopcom-smeda-dim-22x18x10-cm-tzf2513\\\/\",\"name\":\"Tasche mit gro\u00dfer Schnalle, braun, Ma\u00dfe 22 x 18 x 10 cm - tzf2513 - DISIMI?\",\"isPartOf\":{\"@id\":\"https:\\\/\\\/disimi.hr\\\/#website\"},\"primaryImageOfPage\":{\"@id\":\"https:\\\/\\\/disimi.hr\\\/de\\\/produkt\\\/torba-sa-velikom-kopcom-smeda-dim-22x18x10-cm-tzf2513\\\/#primaryimage\"},\"image\":{\"@id\":\"https:\\\/\\\/disimi.hr\\\/de\\\/produkt\\\/torba-sa-velikom-kopcom-smeda-dim-22x18x10-cm-tzf2513\\\/#primaryimage\"},\"thumbnailUrl\":\"https:\\\/\\\/disimi.hr\\\/wp-content\\\/uploads\\\/2025\\\/04\\\/TZF2513-w.jpg\",\"datePublished\":\"2025-04-01T10:10:52+00:00\",\"dateModified\":\"2026-04-29T12:21:37+00:00\",\"breadcrumb\":{\"@id\":\"https:\\\/\\\/disimi.hr\\\/de\\\/produkt\\\/torba-sa-velikom-kopcom-smeda-dim-22x18x10-cm-tzf2513\\\/#breadcrumb\"},\"inLanguage\":\"de\",\"potentialAction\":[{\"@type\":\"ReadAction\",\"target\":[\"https:\\\/\\\/disimi.hr\\\/de\\\/produkt\\\/torba-sa-velikom-kopcom-smeda-dim-22x18x10-cm-tzf2513\\\/\"]}]},{\"@type\":\"ImageObject\",\"inLanguage\":\"de\",\"@id\":\"https:\\\/\\\/disimi.hr\\\/de\\\/produkt\\\/torba-sa-velikom-kopcom-smeda-dim-22x18x10-cm-tzf2513\\\/#primaryimage\",\"url\":\"https:\\\/\\\/disimi.hr\\\/wp-content\\\/uploads\\\/2025\\\/04\\\/TZF2513-w.jpg\",\"contentUrl\":\"https:\\\/\\\/disimi.hr\\\/wp-content\\\/uploads\\\/2025\\\/04\\\/TZF2513-w.jpg\",\"width\":800,\"height\":800},{\"@type\":\"BreadcrumbList\",\"@id\":\"https:\\\/\\\/disimi.hr\\\/de\\\/produkt\\\/torba-sa-velikom-kopcom-smeda-dim-22x18x10-cm-tzf2513\\\/#breadcrumb\",\"itemListElement\":[{\"@type\":\"ListItem\",\"position\":1,\"name\":\"Po\u010detna stranica\",\"item\":\"https:\\\/\\\/disimi.hr\\\/de\\\/\"},{\"@type\":\"ListItem\",\"position\":2,\"name\":\"Produkte\",\"item\":\"https:\\\/\\\/disimi.hr\\\/de\\\/produkte\\\/\"},{\"@type\":\"ListItem\",\"position\":3,\"name\":\"Tasche mit gro\u00dfer Schnalle, braun, Ma\u00dfe 22 x 18 x 10 cm &#8211; tzf2513\"}]},{\"@type\":\"WebSite\",\"@id\":\"https:\\\/\\\/disimi.hr\\\/#website\",\"url\":\"https:\\\/\\\/disimi.hr\\\/\",\"name\":\"DISIMI?\",\"description\":\"Hrvatski brand i jedinstveni dizajn!\",\"publisher\":{\"@id\":\"https:\\\/\\\/disimi.hr\\\/#organization\"},\"potentialAction\":[{\"@type\":\"SearchAction\",\"target\":{\"@type\":\"EntryPoint\",\"urlTemplate\":\"https:\\\/\\\/disimi.hr\\\/?s={search_term_string}\"},\"query-input\":{\"@type\":\"PropertyValueSpecification\",\"valueRequired\":true,\"valueName\":\"search_term_string\"}}],\"inLanguage\":\"de\"},{\"@type\":\"Organization\",\"@id\":\"https:\\\/\\\/disimi.hr\\\/#organization\",\"name\":\"DiSiMi?\",\"url\":\"https:\\\/\\\/disimi.hr\\\/\",\"logo\":{\"@type\":\"ImageObject\",\"inLanguage\":\"de\",\"@id\":\"https:\\\/\\\/disimi.hr\\\/#\\\/schema\\\/logo\\\/image\\\/\",\"url\":\"https:\\\/\\\/disimi.hr\\\/wp-content\\\/uploads\\\/2022\\\/02\\\/logo2.jpg\",\"contentUrl\":\"https:\\\/\\\/disimi.hr\\\/wp-content\\\/uploads\\\/2022\\\/02\\\/logo2.jpg\",\"width\":250,\"height\":79,\"caption\":\"DiSiMi?\"},\"image\":{\"@id\":\"https:\\\/\\\/disimi.hr\\\/#\\\/schema\\\/logo\\\/image\\\/\"},\"sameAs\":[\"https:\\\/\\\/www.facebook.com\\\/DISIMI.hr\\\/\",\"https:\\\/\\\/www.instagram.com\\\/disimi.hr\\\/\"]}]}<\/script>\n<!-- \/ Yoast SEO plugin. -->","yoast_head_json":{"title":"Tasche mit gro\u00dfer Schnalle, braun, Ma\u00dfe 22 x 18 x 10 cm - tzf2513 - DISIMI?","robots":{"index":"index","follow":"follow","max-snippet":"max-snippet:-1","max-image-preview":"max-image-preview:large","max-video-preview":"max-video-preview:-1"},"canonical":"https:\/\/disimi.hr\/de\/produkt\/torba-sa-velikom-kopcom-smeda-dim-22x18x10-cm-tzf2513\/","og_locale":"de_DE","og_type":"article","og_title":"Tasche mit gro\u00dfer Schnalle, braun, Ma\u00dfe 22 x 18 x 10 cm - tzf2513 - DISIMI?","og_description":"Eine kleine, aber feine Handtasche ist der Schl\u00fcssel zu gutem Stil. Diese kleine, elegante Handtasche ist ein unverzichtbares Modeaccessoire f\u00fcr Abendveranstaltungen und den Alltag. F\u00fcr die wichtigsten Dinge, f\u00fcr besondere Frauen und besondere Anl\u00e4sse.  Gefertigt aus strapazierf\u00e4higem Material (Kunstleder mit strukturierten Details und Polyesterfutter), Ma\u00dfe: 22 x 18 x 10 cm. Mit Futter und Innentasche, Rei\u00dfverschluss und Schnalle. Mit h\u00f6henverstellbarem Henkel.    Farbe: Ein warmer Braunton, der sich leicht mit verschiedenen Stilen kombinieren l\u00e4sst.    Abmessungen: Kompakt, aber dennoch ger\u00e4umig genug f\u00fcr Ihre wichtigsten Dinge.    Griffe: Verstellbarer Riemen zum Tragen quer \u00fcber der Schulter.    Innenraum: Hauptfach mit sicherem Rei\u00dfverschluss.    Details: Eine goldene Schnalle im Vintage-Stil verleiht diesem Design Eleganz.   Perfekt f\u00fcr den Alltag, Spazierg\u00e4nge oder entspannte Wochenendausfl\u00fcge \u2013 diese Tasche vereint Funktionalit\u00e4t mit einem trendigen Look. &nbsp;","og_url":"https:\/\/disimi.hr\/de\/produkt\/torba-sa-velikom-kopcom-smeda-dim-22x18x10-cm-tzf2513\/","og_site_name":"DISIMI?","article_publisher":"https:\/\/www.facebook.com\/DISIMI.hr\/","article_modified_time":"2026-04-29T12:21:37+00:00","og_image":[{"width":800,"height":800,"url":"https:\/\/disimi.hr\/wp-content\/uploads\/2025\/04\/TZF2513-w.jpg","type":"image\/jpeg"}],"twitter_card":"summary_large_image","twitter_misc":{"Gesch\u00e4tzte Lesezeit":"2\u00a0Minute"},"schema":{"@context":"https:\/\/schema.org","@graph":[{"@type":"WebPage","@id":"https:\/\/disimi.hr\/de\/produkt\/torba-sa-velikom-kopcom-smeda-dim-22x18x10-cm-tzf2513\/","url":"https:\/\/disimi.hr\/de\/produkt\/torba-sa-velikom-kopcom-smeda-dim-22x18x10-cm-tzf2513\/","name":"Tasche mit gro\u00dfer Schnalle, braun, Ma\u00dfe 22 x 18 x 10 cm - tzf2513 - DISIMI?","isPartOf":{"@id":"https:\/\/disimi.hr\/#website"},"primaryImageOfPage":{"@id":"https:\/\/disimi.hr\/de\/produkt\/torba-sa-velikom-kopcom-smeda-dim-22x18x10-cm-tzf2513\/#primaryimage"},"image":{"@id":"https:\/\/disimi.hr\/de\/produkt\/torba-sa-velikom-kopcom-smeda-dim-22x18x10-cm-tzf2513\/#primaryimage"},"thumbnailUrl":"https:\/\/disimi.hr\/wp-content\/uploads\/2025\/04\/TZF2513-w.jpg","datePublished":"2025-04-01T10:10:52+00:00","dateModified":"2026-04-29T12:21:37+00:00","breadcrumb":{"@id":"https:\/\/disimi.hr\/de\/produkt\/torba-sa-velikom-kopcom-smeda-dim-22x18x10-cm-tzf2513\/#breadcrumb"},"inLanguage":"de","potentialAction":[{"@type":"ReadAction","target":["https:\/\/disimi.hr\/de\/produkt\/torba-sa-velikom-kopcom-smeda-dim-22x18x10-cm-tzf2513\/"]}]},{"@type":"ImageObject","inLanguage":"de","@id":"https:\/\/disimi.hr\/de\/produkt\/torba-sa-velikom-kopcom-smeda-dim-22x18x10-cm-tzf2513\/#primaryimage","url":"https:\/\/disimi.hr\/wp-content\/uploads\/2025\/04\/TZF2513-w.jpg","contentUrl":"https:\/\/disimi.hr\/wp-content\/uploads\/2025\/04\/TZF2513-w.jpg","width":800,"height":800},{"@type":"BreadcrumbList","@id":"https:\/\/disimi.hr\/de\/produkt\/torba-sa-velikom-kopcom-smeda-dim-22x18x10-cm-tzf2513\/#breadcrumb","itemListElement":[{"@type":"ListItem","position":1,"name":"Po\u010detna stranica","item":"https:\/\/disimi.hr\/de\/"},{"@type":"ListItem","position":2,"name":"Produkte","item":"https:\/\/disimi.hr\/de\/produkte\/"},{"@type":"ListItem","position":3,"name":"Tasche mit gro\u00dfer Schnalle, braun, Ma\u00dfe 22 x 18 x 10 cm &#8211; tzf2513"}]},{"@type":"WebSite","@id":"https:\/\/disimi.hr\/#website","url":"https:\/\/disimi.hr\/","name":"DISIMI?","description":"Hrvatski brand i jedinstveni dizajn!","publisher":{"@id":"https:\/\/disimi.hr\/#organization"},"potentialAction":[{"@type":"SearchAction","target":{"@type":"EntryPoint","urlTemplate":"https:\/\/disimi.hr\/?s={search_term_string}"},"query-input":{"@type":"PropertyValueSpecification","valueRequired":true,"valueName":"search_term_string"}}],"inLanguage":"de"},{"@type":"Organization","@id":"https:\/\/disimi.hr\/#organization","name":"DiSiMi?","url":"https:\/\/disimi.hr\/","logo":{"@type":"ImageObject","inLanguage":"de","@id":"https:\/\/disimi.hr\/#\/schema\/logo\/image\/","url":"https:\/\/disimi.hr\/wp-content\/uploads\/2022\/02\/logo2.jpg","contentUrl":"https:\/\/disimi.hr\/wp-content\/uploads\/2022\/02\/logo2.jpg","width":250,"height":79,"caption":"DiSiMi?"},"image":{"@id":"https:\/\/disimi.hr\/#\/schema\/logo\/image\/"},"sameAs":["https:\/\/www.facebook.com\/DISIMI.hr\/","https:\/\/www.instagram.com\/disimi.hr\/"]}]}},"_links":{"self":[{"href":"https:\/\/disimi.hr\/de\/wp-json\/wp\/v2\/product\/117780","targetHints":{"allow":["GET"]}}],"collection":[{"href":"https:\/\/disimi.hr\/de\/wp-json\/wp\/v2\/product"}],"about":[{"href":"https:\/\/disimi.hr\/de\/wp-json\/wp\/v2\/types\/product"}],"wp:featuredmedia":[{"embeddable":true,"href":"https:\/\/disimi.hr\/de\/wp-json\/wp\/v2\/media\/126342"}],"wp:attachment":[{"href":"https:\/\/disimi.hr\/de\/wp-json\/wp\/v2\/media?parent=117780"}],"wp:term":[{"taxonomy":"product_brand","embeddable":true,"href":"https:\/\/disimi.hr\/de\/wp-json\/wp\/v2\/product_brand?post=117780"},{"taxonomy":"product_cat","embeddable":true,"href":"https:\/\/disimi.hr\/de\/wp-json\/wp\/v2\/product_cat?post=117780"},{"taxonomy":"product_tag","embeddable":true,"href":"https:\/\/disimi.hr\/de\/wp-json\/wp\/v2\/product_tag?post=117780"}],"curies":[{"name":"wp","href":"https:\/\/api.w.org\/{rel}","templated":true}]}}