{"id":117763,"date":"2025-04-01T12:42:45","date_gmt":"2025-04-01T10:42:45","guid":{"rendered":"https:\/\/disimi.hr\/proizvod\/torba-wooden-closure-dim-22x14x7-cm-tzf2516\/"},"modified":"2026-04-16T10:04:51","modified_gmt":"2026-04-16T08:04:51","slug":"torba-wooden-closure-dim-22x14x7-cm-tzf2516","status":"publish","type":"product","link":"https:\/\/disimi.hr\/de\/produkt\/torba-wooden-closure-dim-22x14x7-cm-tzf2516\/","title":{"rendered":"Tasche \u201eHolzverschluss\u201c, Ma\u00dfe 22 x 14 x 7 cm \u2013 tzf2516"},"content":{"rendered":"<div class=\"wpb-content-wrapper\"><p>[vc_row][vc_column][vc_column_text css=&#8221;&#8221; woodmart_inline=&#8221;no&#8221; text_larger=&#8221;yes&#8221;] <\/p>\n<p style=\"text-align: center;\"><strong>Modeaccessoires, von denen wir uns nicht trennen k\u00f6nnen<\/strong><\/p>\n<p style=\"text-align: center;\">Verleihen Sie Ihrem Alltagsstil mit der <strong>&#8220;Tasche mit Holzverschluss&#8221;<\/strong> einen Hauch von Retro-Eleganz. Diese Tasche vereint klassisches Design mit modernen Details und ist damit die perfekte Wahl f\u00fcr Frauen, die Eleganz und Funktionalit\u00e4t lieben.<\/p>\n<p style=\"text-align: center;\"><strong>Das perfekte Geschenk \u2026 f\u00fcr Sie!<\/strong><\/p>\n<p style=\"text-align: center;\"><strong>\u2714 Eine Tasche f\u00fcr jedes Outfit<\/strong>, f\u00fcr einen entspannten Look<\/p>\n<p style=\"text-align: center;\"><strong>\u2714 Gut f\u00fcrs Geld:<\/strong> Trotz hoher Qualit\u00e4t ist der Preis f\u00fcr jedes Budget erschwinglich.<\/p>\n<p style=\"text-align: center;\"><strong>\u2714 Modernes Design:<\/strong> Bei DiSiMi? wurden beim Design keine Kompromisse gemacht. Eine Tasche ist ein wesentlicher Bestandteil der Identit\u00e4t einer Frau und muss daher das gewisse Etwas haben.<\/p>\n<p style=\"text-align: center;\"><strong>\u2714 Was ist wichtiger als eine Tasche?<\/strong> Selbst wenn Frauen unbegrenzt Geld h\u00e4tten, k\u00f6nnten sie sich sicherlich nicht alle Taschen leisten, die ihnen gefallen \u2013 und vor allem brauchen sie diese Taschen. Eine Tasche ist ein unverzichtbarer Bestandteil jedes gelungenen Outfits. Oftmals macht schon der Wechsel der Tasche den entscheidenden Unterschied. Warum ist das so? Denn eine Tasche ist ein modisches Accessoire, das das Ganze abrundet, hervorsticht und somit Aufmerksamkeit erregt.<\/p>\n<p>[\/vc_column_text][vc_row_inner][vc_column_inner width=&#8221;1\/2&#8243;][vc_single_image image=&#8221;2580&#8243; img_size=&#8221;full&#8221; alignment=&#8221;center&#8221; parallax_scroll=&#8221;no&#8221; woodmart_inline=&#8221;no&#8221;][\/vc_column_inner][vc_column_inner width=&#8221;1\/2&#8243;][vc_single_image image=&#8221;7452&#8243; img_size=&#8221;full&#8221; alignment=&#8221;center&#8221; parallax_scroll=&#8221;no&#8221; woodmart_inline=&#8221;no&#8221;][\/vc_column_inner][\/vc_row_inner][vc_row_inner][vc_column_inner][vc_column_text woodmart_inline=&#8221;no&#8221; text_larger=&#8221;no&#8221;] <\/p>\n<div>\n<p style=\"text-align: center;\"> Wir sind fest davon \u00fcberzeugt, dass unsere Taschen von h\u00f6chster Qualit\u00e4t und mit erstklassigem Design sind. Wir glauben so sehr an unser Produkt, dass wir sicher sind, es wird Sie begeistern. Sollten die DiSiMi?-Taschen Ihre Erwartungen nicht erf\u00fcllen, k\u00f6nnen Sie sie jederzeit zur\u00fcckgeben und wir erstatten Ihnen innerhalb der ersten 30 Tage den vollen Kaufpreis.<\/p>\n<\/div>\n<p>[\/vc_column_text][\/vc_column_inner][\/vc_row_inner][\/vc_column][\/vc_row]<\/p>\n<\/div>","protected":false},"excerpt":{"rendered":"<p>Eine kleine, aber robuste Tasche ist der Schl\u00fcssel zu gutem Stil. Diese kleine, auff\u00e4llige Handtasche ist ein unverzichtbares Modeaccessoire f\u00fcr Abendveranstaltungen und den Alltag. F\u00fcr die wichtigsten Dinge, f\u00fcr besondere Frauen und besondere Anl\u00e4sse. <\/p>\n<p>Hergestellt aus strapazierf\u00e4higem Material (Baumwoll-Polyester-Mischung mit Polyesterfutter), Ma\u00dfe: 22 x 14 x 7 cm. Mit Futter und Innentasche, Verschluss mit Schnalle. Mit extra langem Henkel. <\/p>\n<ul class=\"marker:text-textOff list-disc\">\n<li>\n<p class=\"my-0\"><strong>Farbe:<\/strong> Vertikale Streifen, die sich leicht mit jedem Outfit kombinieren lassen.<\/p>\n<\/li>\n<li>\n<p class=\"my-0\"><strong>Abmessungen:<\/strong> Kompakt, aber ger\u00e4umig genug f\u00fcr Ihre wichtigsten Dinge.<\/p>\n<\/li>\n<li>\n<p class=\"my-0\"><strong>Henkel:<\/strong> Kettenriemen zum Tragen \u00fcber der Schulter oder quer \u00fcber dem K\u00f6rper.<\/p>\n<\/li>\n<li>\n<p class=\"my-0\"><strong>Innenraum:<\/strong> Hauptfach mit sicherem Verschluss.<\/p>\n<\/li>\n<li>\n<p class=\"my-0\"><strong>Details:<\/strong> Eine schwarze Holzschnalle im Vintage-Stil verleiht diesem Design Eleganz.<\/p>\n<\/li>\n<\/ul>\n<p class=\"my-0\">Perfekt f\u00fcr den Alltag, Spazierg\u00e4nge oder entspannte Wochenendausfl\u00fcge \u2013 diese Tasche vereint Funktionalit\u00e4t mit einem trendigen Look.<\/p>\n<p>&nbsp;<\/p>\n","protected":false},"featured_media":126829,"template":"","meta":[],"product_brand":[],"product_cat":[215,216],"product_tag":[],"class_list":{"0":"post-117763","1":"product","2":"type-product","3":"status-publish","4":"has-post-thumbnail","6":"product_cat-sommertaschen","7":"product_cat-taschen","9":"first","10":"instock","11":"featured","12":"taxable","13":"shipping-taxable","14":"purchasable","15":"product-type-simple"},"yoast_head":"<!-- This site is optimized with the Yoast SEO plugin v27.3 - https:\/\/yoast.com\/product\/yoast-seo-wordpress\/ -->\n<title>Tasche \u201eHolzverschluss\u201c, Ma\u00dfe 22 x 14 x 7 cm \u2013 tzf2516 - DISIMI?<\/title>\n<meta name=\"robots\" content=\"index, follow, max-snippet:-1, max-image-preview:large, max-video-preview:-1\" \/>\n<link rel=\"canonical\" href=\"https:\/\/disimi.hr\/de\/produkt\/torba-wooden-closure-dim-22x14x7-cm-tzf2516\/\" \/>\n<meta property=\"og:locale\" content=\"de_DE\" \/>\n<meta property=\"og:type\" content=\"article\" \/>\n<meta property=\"og:title\" content=\"Tasche \u201eHolzverschluss\u201c, Ma\u00dfe 22 x 14 x 7 cm \u2013 tzf2516 - DISIMI?\" \/>\n<meta property=\"og:description\" content=\"Eine kleine, aber robuste Tasche ist der Schl\u00fcssel zu gutem Stil. Diese kleine, auff\u00e4llige Handtasche ist ein unverzichtbares Modeaccessoire f\u00fcr Abendveranstaltungen und den Alltag. F\u00fcr die wichtigsten Dinge, f\u00fcr besondere Frauen und besondere Anl\u00e4sse.  Hergestellt aus strapazierf\u00e4higem Material (Baumwoll-Polyester-Mischung mit Polyesterfutter), Ma\u00dfe: 22 x 14 x 7 cm. Mit Futter und Innentasche, Verschluss mit Schnalle. Mit extra langem Henkel.    Farbe: Vertikale Streifen, die sich leicht mit jedem Outfit kombinieren lassen.    Abmessungen: Kompakt, aber ger\u00e4umig genug f\u00fcr Ihre wichtigsten Dinge.    Henkel: Kettenriemen zum Tragen \u00fcber der Schulter oder quer \u00fcber dem K\u00f6rper.    Innenraum: Hauptfach mit sicherem Verschluss.    Details: Eine schwarze Holzschnalle im Vintage-Stil verleiht diesem Design Eleganz.   Perfekt f\u00fcr den Alltag, Spazierg\u00e4nge oder entspannte Wochenendausfl\u00fcge \u2013 diese Tasche vereint Funktionalit\u00e4t mit einem trendigen Look. &nbsp;\" \/>\n<meta property=\"og:url\" content=\"https:\/\/disimi.hr\/de\/produkt\/torba-wooden-closure-dim-22x14x7-cm-tzf2516\/\" \/>\n<meta property=\"og:site_name\" content=\"DISIMI?\" \/>\n<meta property=\"article:publisher\" content=\"https:\/\/www.facebook.com\/DISIMI.hr\/\" \/>\n<meta property=\"article:modified_time\" content=\"2026-04-16T08:04:51+00:00\" \/>\n<meta property=\"og:image\" content=\"https:\/\/disimi.hr\/wp-content\/uploads\/2025\/04\/TZF2516-w.jpg\" \/>\n\t<meta property=\"og:image:width\" content=\"800\" \/>\n\t<meta property=\"og:image:height\" content=\"800\" \/>\n\t<meta property=\"og:image:type\" content=\"image\/jpeg\" \/>\n<meta name=\"twitter:card\" content=\"summary_large_image\" \/>\n<meta name=\"twitter:label1\" content=\"Gesch\u00e4tzte Lesezeit\" \/>\n\t<meta name=\"twitter:data1\" content=\"2\u00a0Minute\" \/>\n<script type=\"application\/ld+json\" class=\"yoast-schema-graph\">{\"@context\":\"https:\\\/\\\/schema.org\",\"@graph\":[{\"@type\":\"WebPage\",\"@id\":\"https:\\\/\\\/disimi.hr\\\/de\\\/produkt\\\/torba-wooden-closure-dim-22x14x7-cm-tzf2516\\\/\",\"url\":\"https:\\\/\\\/disimi.hr\\\/de\\\/produkt\\\/torba-wooden-closure-dim-22x14x7-cm-tzf2516\\\/\",\"name\":\"Tasche \u201eHolzverschluss\u201c, Ma\u00dfe 22 x 14 x 7 cm \u2013 tzf2516 - DISIMI?\",\"isPartOf\":{\"@id\":\"https:\\\/\\\/disimi.hr\\\/#website\"},\"primaryImageOfPage\":{\"@id\":\"https:\\\/\\\/disimi.hr\\\/de\\\/produkt\\\/torba-wooden-closure-dim-22x14x7-cm-tzf2516\\\/#primaryimage\"},\"image\":{\"@id\":\"https:\\\/\\\/disimi.hr\\\/de\\\/produkt\\\/torba-wooden-closure-dim-22x14x7-cm-tzf2516\\\/#primaryimage\"},\"thumbnailUrl\":\"https:\\\/\\\/disimi.hr\\\/wp-content\\\/uploads\\\/2025\\\/04\\\/TZF2516-w.jpg\",\"datePublished\":\"2025-04-01T10:42:45+00:00\",\"dateModified\":\"2026-04-16T08:04:51+00:00\",\"breadcrumb\":{\"@id\":\"https:\\\/\\\/disimi.hr\\\/de\\\/produkt\\\/torba-wooden-closure-dim-22x14x7-cm-tzf2516\\\/#breadcrumb\"},\"inLanguage\":\"de\",\"potentialAction\":[{\"@type\":\"ReadAction\",\"target\":[\"https:\\\/\\\/disimi.hr\\\/de\\\/produkt\\\/torba-wooden-closure-dim-22x14x7-cm-tzf2516\\\/\"]}]},{\"@type\":\"ImageObject\",\"inLanguage\":\"de\",\"@id\":\"https:\\\/\\\/disimi.hr\\\/de\\\/produkt\\\/torba-wooden-closure-dim-22x14x7-cm-tzf2516\\\/#primaryimage\",\"url\":\"https:\\\/\\\/disimi.hr\\\/wp-content\\\/uploads\\\/2025\\\/04\\\/TZF2516-w.jpg\",\"contentUrl\":\"https:\\\/\\\/disimi.hr\\\/wp-content\\\/uploads\\\/2025\\\/04\\\/TZF2516-w.jpg\",\"width\":800,\"height\":800},{\"@type\":\"BreadcrumbList\",\"@id\":\"https:\\\/\\\/disimi.hr\\\/de\\\/produkt\\\/torba-wooden-closure-dim-22x14x7-cm-tzf2516\\\/#breadcrumb\",\"itemListElement\":[{\"@type\":\"ListItem\",\"position\":1,\"name\":\"Po\u010detna stranica\",\"item\":\"https:\\\/\\\/disimi.hr\\\/de\\\/\"},{\"@type\":\"ListItem\",\"position\":2,\"name\":\"Produkte\",\"item\":\"https:\\\/\\\/disimi.hr\\\/de\\\/produkte\\\/\"},{\"@type\":\"ListItem\",\"position\":3,\"name\":\"Tasche \u201eHolzverschluss\u201c, Ma\u00dfe 22 x 14 x 7 cm \u2013 tzf2516\"}]},{\"@type\":\"WebSite\",\"@id\":\"https:\\\/\\\/disimi.hr\\\/#website\",\"url\":\"https:\\\/\\\/disimi.hr\\\/\",\"name\":\"DISIMI?\",\"description\":\"Hrvatski brand i jedinstveni dizajn!\",\"publisher\":{\"@id\":\"https:\\\/\\\/disimi.hr\\\/#organization\"},\"potentialAction\":[{\"@type\":\"SearchAction\",\"target\":{\"@type\":\"EntryPoint\",\"urlTemplate\":\"https:\\\/\\\/disimi.hr\\\/?s={search_term_string}\"},\"query-input\":{\"@type\":\"PropertyValueSpecification\",\"valueRequired\":true,\"valueName\":\"search_term_string\"}}],\"inLanguage\":\"de\"},{\"@type\":\"Organization\",\"@id\":\"https:\\\/\\\/disimi.hr\\\/#organization\",\"name\":\"DiSiMi?\",\"url\":\"https:\\\/\\\/disimi.hr\\\/\",\"logo\":{\"@type\":\"ImageObject\",\"inLanguage\":\"de\",\"@id\":\"https:\\\/\\\/disimi.hr\\\/#\\\/schema\\\/logo\\\/image\\\/\",\"url\":\"https:\\\/\\\/disimi.hr\\\/wp-content\\\/uploads\\\/2022\\\/02\\\/logo2.jpg\",\"contentUrl\":\"https:\\\/\\\/disimi.hr\\\/wp-content\\\/uploads\\\/2022\\\/02\\\/logo2.jpg\",\"width\":250,\"height\":79,\"caption\":\"DiSiMi?\"},\"image\":{\"@id\":\"https:\\\/\\\/disimi.hr\\\/#\\\/schema\\\/logo\\\/image\\\/\"},\"sameAs\":[\"https:\\\/\\\/www.facebook.com\\\/DISIMI.hr\\\/\",\"https:\\\/\\\/www.instagram.com\\\/disimi.hr\\\/\"]}]}<\/script>\n<!-- \/ Yoast SEO plugin. -->","yoast_head_json":{"title":"Tasche \u201eHolzverschluss\u201c, Ma\u00dfe 22 x 14 x 7 cm \u2013 tzf2516 - DISIMI?","robots":{"index":"index","follow":"follow","max-snippet":"max-snippet:-1","max-image-preview":"max-image-preview:large","max-video-preview":"max-video-preview:-1"},"canonical":"https:\/\/disimi.hr\/de\/produkt\/torba-wooden-closure-dim-22x14x7-cm-tzf2516\/","og_locale":"de_DE","og_type":"article","og_title":"Tasche \u201eHolzverschluss\u201c, Ma\u00dfe 22 x 14 x 7 cm \u2013 tzf2516 - DISIMI?","og_description":"Eine kleine, aber robuste Tasche ist der Schl\u00fcssel zu gutem Stil. Diese kleine, auff\u00e4llige Handtasche ist ein unverzichtbares Modeaccessoire f\u00fcr Abendveranstaltungen und den Alltag. F\u00fcr die wichtigsten Dinge, f\u00fcr besondere Frauen und besondere Anl\u00e4sse.  Hergestellt aus strapazierf\u00e4higem Material (Baumwoll-Polyester-Mischung mit Polyesterfutter), Ma\u00dfe: 22 x 14 x 7 cm. Mit Futter und Innentasche, Verschluss mit Schnalle. Mit extra langem Henkel.    Farbe: Vertikale Streifen, die sich leicht mit jedem Outfit kombinieren lassen.    Abmessungen: Kompakt, aber ger\u00e4umig genug f\u00fcr Ihre wichtigsten Dinge.    Henkel: Kettenriemen zum Tragen \u00fcber der Schulter oder quer \u00fcber dem K\u00f6rper.    Innenraum: Hauptfach mit sicherem Verschluss.    Details: Eine schwarze Holzschnalle im Vintage-Stil verleiht diesem Design Eleganz.   Perfekt f\u00fcr den Alltag, Spazierg\u00e4nge oder entspannte Wochenendausfl\u00fcge \u2013 diese Tasche vereint Funktionalit\u00e4t mit einem trendigen Look. &nbsp;","og_url":"https:\/\/disimi.hr\/de\/produkt\/torba-wooden-closure-dim-22x14x7-cm-tzf2516\/","og_site_name":"DISIMI?","article_publisher":"https:\/\/www.facebook.com\/DISIMI.hr\/","article_modified_time":"2026-04-16T08:04:51+00:00","og_image":[{"width":800,"height":800,"url":"https:\/\/disimi.hr\/wp-content\/uploads\/2025\/04\/TZF2516-w.jpg","type":"image\/jpeg"}],"twitter_card":"summary_large_image","twitter_misc":{"Gesch\u00e4tzte Lesezeit":"2\u00a0Minute"},"schema":{"@context":"https:\/\/schema.org","@graph":[{"@type":"WebPage","@id":"https:\/\/disimi.hr\/de\/produkt\/torba-wooden-closure-dim-22x14x7-cm-tzf2516\/","url":"https:\/\/disimi.hr\/de\/produkt\/torba-wooden-closure-dim-22x14x7-cm-tzf2516\/","name":"Tasche \u201eHolzverschluss\u201c, Ma\u00dfe 22 x 14 x 7 cm \u2013 tzf2516 - DISIMI?","isPartOf":{"@id":"https:\/\/disimi.hr\/#website"},"primaryImageOfPage":{"@id":"https:\/\/disimi.hr\/de\/produkt\/torba-wooden-closure-dim-22x14x7-cm-tzf2516\/#primaryimage"},"image":{"@id":"https:\/\/disimi.hr\/de\/produkt\/torba-wooden-closure-dim-22x14x7-cm-tzf2516\/#primaryimage"},"thumbnailUrl":"https:\/\/disimi.hr\/wp-content\/uploads\/2025\/04\/TZF2516-w.jpg","datePublished":"2025-04-01T10:42:45+00:00","dateModified":"2026-04-16T08:04:51+00:00","breadcrumb":{"@id":"https:\/\/disimi.hr\/de\/produkt\/torba-wooden-closure-dim-22x14x7-cm-tzf2516\/#breadcrumb"},"inLanguage":"de","potentialAction":[{"@type":"ReadAction","target":["https:\/\/disimi.hr\/de\/produkt\/torba-wooden-closure-dim-22x14x7-cm-tzf2516\/"]}]},{"@type":"ImageObject","inLanguage":"de","@id":"https:\/\/disimi.hr\/de\/produkt\/torba-wooden-closure-dim-22x14x7-cm-tzf2516\/#primaryimage","url":"https:\/\/disimi.hr\/wp-content\/uploads\/2025\/04\/TZF2516-w.jpg","contentUrl":"https:\/\/disimi.hr\/wp-content\/uploads\/2025\/04\/TZF2516-w.jpg","width":800,"height":800},{"@type":"BreadcrumbList","@id":"https:\/\/disimi.hr\/de\/produkt\/torba-wooden-closure-dim-22x14x7-cm-tzf2516\/#breadcrumb","itemListElement":[{"@type":"ListItem","position":1,"name":"Po\u010detna stranica","item":"https:\/\/disimi.hr\/de\/"},{"@type":"ListItem","position":2,"name":"Produkte","item":"https:\/\/disimi.hr\/de\/produkte\/"},{"@type":"ListItem","position":3,"name":"Tasche \u201eHolzverschluss\u201c, Ma\u00dfe 22 x 14 x 7 cm \u2013 tzf2516"}]},{"@type":"WebSite","@id":"https:\/\/disimi.hr\/#website","url":"https:\/\/disimi.hr\/","name":"DISIMI?","description":"Hrvatski brand i jedinstveni dizajn!","publisher":{"@id":"https:\/\/disimi.hr\/#organization"},"potentialAction":[{"@type":"SearchAction","target":{"@type":"EntryPoint","urlTemplate":"https:\/\/disimi.hr\/?s={search_term_string}"},"query-input":{"@type":"PropertyValueSpecification","valueRequired":true,"valueName":"search_term_string"}}],"inLanguage":"de"},{"@type":"Organization","@id":"https:\/\/disimi.hr\/#organization","name":"DiSiMi?","url":"https:\/\/disimi.hr\/","logo":{"@type":"ImageObject","inLanguage":"de","@id":"https:\/\/disimi.hr\/#\/schema\/logo\/image\/","url":"https:\/\/disimi.hr\/wp-content\/uploads\/2022\/02\/logo2.jpg","contentUrl":"https:\/\/disimi.hr\/wp-content\/uploads\/2022\/02\/logo2.jpg","width":250,"height":79,"caption":"DiSiMi?"},"image":{"@id":"https:\/\/disimi.hr\/#\/schema\/logo\/image\/"},"sameAs":["https:\/\/www.facebook.com\/DISIMI.hr\/","https:\/\/www.instagram.com\/disimi.hr\/"]}]}},"_links":{"self":[{"href":"https:\/\/disimi.hr\/de\/wp-json\/wp\/v2\/product\/117763","targetHints":{"allow":["GET"]}}],"collection":[{"href":"https:\/\/disimi.hr\/de\/wp-json\/wp\/v2\/product"}],"about":[{"href":"https:\/\/disimi.hr\/de\/wp-json\/wp\/v2\/types\/product"}],"wp:featuredmedia":[{"embeddable":true,"href":"https:\/\/disimi.hr\/de\/wp-json\/wp\/v2\/media\/126829"}],"wp:attachment":[{"href":"https:\/\/disimi.hr\/de\/wp-json\/wp\/v2\/media?parent=117763"}],"wp:term":[{"taxonomy":"product_brand","embeddable":true,"href":"https:\/\/disimi.hr\/de\/wp-json\/wp\/v2\/product_brand?post=117763"},{"taxonomy":"product_cat","embeddable":true,"href":"https:\/\/disimi.hr\/de\/wp-json\/wp\/v2\/product_cat?post=117763"},{"taxonomy":"product_tag","embeddable":true,"href":"https:\/\/disimi.hr\/de\/wp-json\/wp\/v2\/product_tag?post=117763"}],"curies":[{"name":"wp","href":"https:\/\/api.w.org\/{rel}","templated":true}]}}