{"id":117755,"date":"2025-04-01T13:08:33","date_gmt":"2025-04-01T11:08:33","guid":{"rendered":"https:\/\/disimi.hr\/proizvod\/natikace-junior-modre-vel-30-35-nmj2501-m\/"},"modified":"2026-05-14T12:15:57","modified_gmt":"2026-05-14T10:15:57","slug":"natikace-junior-modre-vel-30-35-nmj2501-m","status":"publish","type":"product","link":"https:\/\/disimi.hr\/de\/produkt\/natikace-junior-modre-vel-30-35-nmj2501-m\/","title":{"rendered":"Kinder-Flip-Flops, hellrosa, Gr\u00f6\u00dfe 30-35 &#8211; nmj2501-b"},"content":{"rendered":"<div class=\"wpb-content-wrapper\"><p>[vc_row][vc_column][vc_column_text css=&#8221;&#8221; woodmart_inline=&#8221;no&#8221; text_larger=&#8221;yes&#8221;] <\/p>\n<p style=\"text-align: center;\"><strong class=\"naslov-product-tekst\">Komfort sah noch nie so gut aus.<\/strong><\/p>\n<p style=\"text-align: center;\">Auch Ihre Kinder verdienen bequeme Hausschuhe!<\/p>\n<p style=\"text-align: center;\"><strong class=\"naslov-product-tekst\">Verw\u00f6hnen Sie Ihre F\u00fc\u00dfe diesen Sommer.<\/strong><\/p>\n<div class=\"product-glavni-tekst\">\n<p style=\"text-align: center;\">\u2714<strong>Komfort steht an erster Stelle<\/strong>: Hausschuhe aus EVA-Material bieten au\u00dfergew\u00f6hnlichen Komfort! Die perfekte Wahl f\u00fcr lange Spazierg\u00e4nge oder entspannte Momente zu Hause \u2013 diese Hausschuhe bieten optimale Fu\u00dfunterst\u00fctzung. Die ergonomische Form erm\u00f6glicht eine nat\u00fcrliche Fu\u00dfstellung und reduziert so die Erm\u00fcdung im Laufe des Tages.<\/p>\n<p style=\"text-align: center;\">\u2714<strong> Sparen Sie Geld<\/strong>: Trotz ihrer hohen Qualit\u00e4t ist sie f\u00fcr jedes Budget erschwinglich.<\/p>\n<p style=\"text-align: center;\">\u2714<strong> Rutschfeste Sohle<\/strong>: Die EVA-Sohle sorgt f\u00fcr guten Halt auf jedem Untergrund.<\/p>\n<p style=\"text-align: center;\">\u2714<strong> Robust und dennoch weich<\/strong>: DiSiMi? Hausschuhe haften perfekt auf dem Untergrund und vermitteln bei jedem Schritt ein Gef\u00fchl von Sicherheit und Freiheit.<\/p>\n<p>\u2714<strong> F\u00fcr welche Anl\u00e4sse?<\/strong> Ob am Strand oder im pulsierenden Stadtleben \u2013 DiSiMi? Hausschuhe haften perfekt auf dem Untergrund und vermitteln bei jedem Schritt ein Gef\u00fchl von Sicherheit und Freiheit. <\/p>\n<\/div>\n<p>[\/vc_column_text][vc_row_inner][vc_column_inner width=&#8221;1\/2&#8243;][vc_single_image image=&#8221;2580&#8243; img_size=&#8221;full&#8221; alignment=&#8221;center&#8221; parallax_scroll=&#8221;no&#8221; woodmart_inline=&#8221;no&#8221;][\/vc_column_inner][vc_column_inner width=&#8221;1\/2&#8243;][vc_single_image image=&#8221;7452&#8243; img_size=&#8221;full&#8221; alignment=&#8221;center&#8221; parallax_scroll=&#8221;no&#8221; woodmart_inline=&#8221;no&#8221;][\/vc_column_inner][\/vc_row_inner][vc_row_inner][vc_column_inner][vc_column_text woodmart_inline=&#8221;no&#8221; text_larger=&#8221;no&#8221;] <\/p>\n<p style=\"text-align: center;\">Bei der Auswahl Ihres neuen DiSiMi? Bei der Auswahl Ihrer Hausschuhe sollten Sie auf die richtige Gr\u00f6\u00dfe achten. Zu kleine Hausschuhe sind nie bequem, zu gro\u00dfe k\u00f6nnen gef\u00e4hrlich sein, besonders wenn Sie viele Treppen steigen. Messen Sie daher bitte vor der Bestellung Ihre F\u00fc\u00dfe und vergleichen Sie die Ma\u00dfe mit unserer Gr\u00f6\u00dfentabelle.<\/p>\n<div class=\"product-zadnje\">\n<p style=\"text-align: center;\">Unsere Garantie: Wir sind von der herausragenden Qualit\u00e4t und dem Design unserer Hausschuhe \u00fcberzeugt. Wir glauben so sehr an unser Produkt, dass wir sicher sind, dass es Sie begeistern wird. Sollten die DiSiMi?-Hausschuhe Ihre Erwartungen nicht erf\u00fcllen, k\u00f6nnen Sie sie jederzeit zur\u00fccksenden und erhalten innerhalb der ersten 30 Tage eine volle R\u00fcckerstattung.<\/p>\n<\/div>\n<p>[\/vc_column_text][\/vc_column_inner][\/vc_row_inner][\/vc_column][\/vc_row]<\/p>\n<\/div>","protected":false},"excerpt":{"rendered":"<p>Flip-Flops aus EVA-Material f\u00fcr perfekten Tragekomfort. Gr\u00f6\u00dfen 30\u201335. <\/p>\n<p>Verpassen Sie nicht die Gelegenheit, Komfort und Stil in Ihren Alltag zu bringen \u2013 bestellen Sie Ihre Flip-Flops noch heute! <\/p>\n<div>\n<table border=\"0\" width=\"253\" cellspacing=\"0\" cellpadding=\"0\">\n<tbody>\n<tr>\n<td valign=\"bottom\" nowrap=\"nowrap\" width=\"127\">\n<div>GR\u00d6SSE<u><\/u><u><\/u><\/div>\n<\/td>\n<td valign=\"bottom\" nowrap=\"nowrap\" width=\"127\">L\u00c4NGE IN MILLIMETERN<\/td>\n<\/tr>\n<tr>\n<td valign=\"bottom\" nowrap=\"nowrap\" width=\"127\">\n<div>30<\/div>\n<\/td>\n<td valign=\"bottom\" nowrap=\"nowrap\" width=\"127\">190<\/td>\n<\/tr>\n<tr>\n<td valign=\"bottom\" nowrap=\"nowrap\" width=\"127\">\n<div>31<\/div>\n<\/td>\n<td valign=\"bottom\" nowrap=\"nowrap\" width=\"127\">195<\/td>\n<\/tr>\n<tr>\n<td valign=\"bottom\" nowrap=\"nowrap\" width=\"127\">\n<div>32<\/div>\n<\/td>\n<td valign=\"bottom\" nowrap=\"nowrap\" width=\"127\">\n<div>200<\/div>\n<\/td>\n<\/tr>\n<tr>\n<td valign=\"bottom\" nowrap=\"nowrap\" width=\"127\">33<\/td>\n<td valign=\"bottom\" nowrap=\"nowrap\" width=\"127\">\n<div>205<\/div>\n<\/td>\n<\/tr>\n<tr>\n<td valign=\"bottom\" nowrap=\"nowrap\" width=\"127\">34<\/td>\n<td valign=\"bottom\" nowrap=\"nowrap\" width=\"127\">\n<div>215<\/div>\n<\/td>\n<\/tr>\n<tr>\n<td valign=\"bottom\" nowrap=\"nowrap\" width=\"127\">35<\/td>\n<td valign=\"bottom\" nowrap=\"nowrap\" width=\"127\">220<\/td>\n<\/tr>\n<\/tbody>\n<\/table>\n<\/div>\n","protected":false},"featured_media":132165,"template":"","meta":[],"product_brand":[],"product_cat":[254,242],"product_tag":[],"class_list":{"0":"post-117755","1":"product","2":"type-product","3":"status-publish","4":"has-post-thumbnail","6":"product_cat-kinder","7":"product_cat-sommerschuhe","9":"first","10":"instock","11":"taxable","12":"shipping-taxable","13":"purchasable","14":"product-type-variable"},"yoast_head":"<!-- This site is optimized with the Yoast SEO plugin v27.5 - https:\/\/yoast.com\/product\/yoast-seo-wordpress\/ -->\n<title>Kinder-Flip-Flops, hellrosa, Gr\u00f6\u00dfe 30-35 - nmj2501-b - DISIMI?<\/title>\n<meta name=\"robots\" content=\"index, follow, max-snippet:-1, max-image-preview:large, max-video-preview:-1\" \/>\n<link rel=\"canonical\" href=\"https:\/\/disimi.hr\/de\/produkt\/natikace-junior-modre-vel-30-35-nmj2501-m\/\" \/>\n<meta property=\"og:locale\" content=\"de_DE\" \/>\n<meta property=\"og:type\" content=\"article\" \/>\n<meta property=\"og:title\" content=\"Kinder-Flip-Flops, hellrosa, Gr\u00f6\u00dfe 30-35 - nmj2501-b - DISIMI?\" \/>\n<meta property=\"og:description\" content=\"Flip-Flops aus EVA-Material f\u00fcr perfekten Tragekomfort. Gr\u00f6\u00dfen 30\u201335.  Verpassen Sie nicht die Gelegenheit, Komfort und Stil in Ihren Alltag zu bringen \u2013 bestellen Sie Ihre Flip-Flops noch heute!      GR\u00d6SSE L\u00c4NGE IN MILLIMETERN    30 190    31 195    32  200   33  205   34  215   35 220\" \/>\n<meta property=\"og:url\" content=\"https:\/\/disimi.hr\/de\/produkt\/natikace-junior-modre-vel-30-35-nmj2501-m\/\" \/>\n<meta property=\"og:site_name\" content=\"DISIMI?\" \/>\n<meta property=\"article:publisher\" content=\"https:\/\/www.facebook.com\/DISIMI.hr\/\" \/>\n<meta property=\"article:modified_time\" content=\"2026-05-14T10:15:57+00:00\" \/>\n<meta property=\"og:image\" content=\"https:\/\/disimi.hr\/wp-content\/uploads\/2025\/04\/NMJ2501-ROZE-W.jpg\" \/>\n\t<meta property=\"og:image:width\" content=\"800\" \/>\n\t<meta property=\"og:image:height\" content=\"800\" \/>\n\t<meta property=\"og:image:type\" content=\"image\/jpeg\" \/>\n<meta name=\"twitter:card\" content=\"summary_large_image\" \/>\n<meta name=\"twitter:label1\" content=\"Gesch\u00e4tzte Lesezeit\" \/>\n\t<meta name=\"twitter:data1\" content=\"2\u00a0Minute\" \/>\n<script type=\"application\/ld+json\" class=\"yoast-schema-graph\">{\"@context\":\"https:\\\/\\\/schema.org\",\"@graph\":[{\"@type\":\"WebPage\",\"@id\":\"https:\\\/\\\/disimi.hr\\\/de\\\/produkt\\\/natikace-junior-modre-vel-30-35-nmj2501-m\\\/\",\"url\":\"https:\\\/\\\/disimi.hr\\\/de\\\/produkt\\\/natikace-junior-modre-vel-30-35-nmj2501-m\\\/\",\"name\":\"Kinder-Flip-Flops, hellrosa, Gr\u00f6\u00dfe 30-35 - nmj2501-b - DISIMI?\",\"isPartOf\":{\"@id\":\"https:\\\/\\\/disimi.hr\\\/#website\"},\"primaryImageOfPage\":{\"@id\":\"https:\\\/\\\/disimi.hr\\\/de\\\/produkt\\\/natikace-junior-modre-vel-30-35-nmj2501-m\\\/#primaryimage\"},\"image\":{\"@id\":\"https:\\\/\\\/disimi.hr\\\/de\\\/produkt\\\/natikace-junior-modre-vel-30-35-nmj2501-m\\\/#primaryimage\"},\"thumbnailUrl\":\"https:\\\/\\\/disimi.hr\\\/wp-content\\\/uploads\\\/2025\\\/04\\\/NMJ2501-ROZE-W.jpg\",\"datePublished\":\"2025-04-01T11:08:33+00:00\",\"dateModified\":\"2026-05-14T10:15:57+00:00\",\"breadcrumb\":{\"@id\":\"https:\\\/\\\/disimi.hr\\\/de\\\/produkt\\\/natikace-junior-modre-vel-30-35-nmj2501-m\\\/#breadcrumb\"},\"inLanguage\":\"de\",\"potentialAction\":[{\"@type\":\"ReadAction\",\"target\":[\"https:\\\/\\\/disimi.hr\\\/de\\\/produkt\\\/natikace-junior-modre-vel-30-35-nmj2501-m\\\/\"]}]},{\"@type\":\"ImageObject\",\"inLanguage\":\"de\",\"@id\":\"https:\\\/\\\/disimi.hr\\\/de\\\/produkt\\\/natikace-junior-modre-vel-30-35-nmj2501-m\\\/#primaryimage\",\"url\":\"https:\\\/\\\/disimi.hr\\\/wp-content\\\/uploads\\\/2025\\\/04\\\/NMJ2501-ROZE-W.jpg\",\"contentUrl\":\"https:\\\/\\\/disimi.hr\\\/wp-content\\\/uploads\\\/2025\\\/04\\\/NMJ2501-ROZE-W.jpg\",\"width\":800,\"height\":800},{\"@type\":\"BreadcrumbList\",\"@id\":\"https:\\\/\\\/disimi.hr\\\/de\\\/produkt\\\/natikace-junior-modre-vel-30-35-nmj2501-m\\\/#breadcrumb\",\"itemListElement\":[{\"@type\":\"ListItem\",\"position\":1,\"name\":\"Po\u010detna stranica\",\"item\":\"https:\\\/\\\/disimi.hr\\\/de\\\/\"},{\"@type\":\"ListItem\",\"position\":2,\"name\":\"Produkte\",\"item\":\"https:\\\/\\\/disimi.hr\\\/de\\\/produkte\\\/\"},{\"@type\":\"ListItem\",\"position\":3,\"name\":\"Kinder-Flip-Flops, hellrosa, Gr\u00f6\u00dfe 30-35 &#8211; nmj2501-b\"}]},{\"@type\":\"WebSite\",\"@id\":\"https:\\\/\\\/disimi.hr\\\/#website\",\"url\":\"https:\\\/\\\/disimi.hr\\\/\",\"name\":\"DISIMI?\",\"description\":\"Hrvatski brand i jedinstveni dizajn!\",\"publisher\":{\"@id\":\"https:\\\/\\\/disimi.hr\\\/#organization\"},\"potentialAction\":[{\"@type\":\"SearchAction\",\"target\":{\"@type\":\"EntryPoint\",\"urlTemplate\":\"https:\\\/\\\/disimi.hr\\\/?s={search_term_string}\"},\"query-input\":{\"@type\":\"PropertyValueSpecification\",\"valueRequired\":true,\"valueName\":\"search_term_string\"}}],\"inLanguage\":\"de\"},{\"@type\":\"Organization\",\"@id\":\"https:\\\/\\\/disimi.hr\\\/#organization\",\"name\":\"DiSiMi?\",\"url\":\"https:\\\/\\\/disimi.hr\\\/\",\"logo\":{\"@type\":\"ImageObject\",\"inLanguage\":\"de\",\"@id\":\"https:\\\/\\\/disimi.hr\\\/#\\\/schema\\\/logo\\\/image\\\/\",\"url\":\"https:\\\/\\\/disimi.hr\\\/wp-content\\\/uploads\\\/2022\\\/02\\\/logo2.jpg\",\"contentUrl\":\"https:\\\/\\\/disimi.hr\\\/wp-content\\\/uploads\\\/2022\\\/02\\\/logo2.jpg\",\"width\":250,\"height\":79,\"caption\":\"DiSiMi?\"},\"image\":{\"@id\":\"https:\\\/\\\/disimi.hr\\\/#\\\/schema\\\/logo\\\/image\\\/\"},\"sameAs\":[\"https:\\\/\\\/www.facebook.com\\\/DISIMI.hr\\\/\",\"https:\\\/\\\/www.instagram.com\\\/disimi.hr\\\/\"]}]}<\/script>\n<!-- \/ Yoast SEO plugin. -->","yoast_head_json":{"title":"Kinder-Flip-Flops, hellrosa, Gr\u00f6\u00dfe 30-35 - nmj2501-b - DISIMI?","robots":{"index":"index","follow":"follow","max-snippet":"max-snippet:-1","max-image-preview":"max-image-preview:large","max-video-preview":"max-video-preview:-1"},"canonical":"https:\/\/disimi.hr\/de\/produkt\/natikace-junior-modre-vel-30-35-nmj2501-m\/","og_locale":"de_DE","og_type":"article","og_title":"Kinder-Flip-Flops, hellrosa, Gr\u00f6\u00dfe 30-35 - nmj2501-b - DISIMI?","og_description":"Flip-Flops aus EVA-Material f\u00fcr perfekten Tragekomfort. Gr\u00f6\u00dfen 30\u201335.  Verpassen Sie nicht die Gelegenheit, Komfort und Stil in Ihren Alltag zu bringen \u2013 bestellen Sie Ihre Flip-Flops noch heute!      GR\u00d6SSE L\u00c4NGE IN MILLIMETERN    30 190    31 195    32  200   33  205   34  215   35 220","og_url":"https:\/\/disimi.hr\/de\/produkt\/natikace-junior-modre-vel-30-35-nmj2501-m\/","og_site_name":"DISIMI?","article_publisher":"https:\/\/www.facebook.com\/DISIMI.hr\/","article_modified_time":"2026-05-14T10:15:57+00:00","og_image":[{"width":800,"height":800,"url":"https:\/\/disimi.hr\/wp-content\/uploads\/2025\/04\/NMJ2501-ROZE-W.jpg","type":"image\/jpeg"}],"twitter_card":"summary_large_image","twitter_misc":{"Gesch\u00e4tzte Lesezeit":"2\u00a0Minute"},"schema":{"@context":"https:\/\/schema.org","@graph":[{"@type":"WebPage","@id":"https:\/\/disimi.hr\/de\/produkt\/natikace-junior-modre-vel-30-35-nmj2501-m\/","url":"https:\/\/disimi.hr\/de\/produkt\/natikace-junior-modre-vel-30-35-nmj2501-m\/","name":"Kinder-Flip-Flops, hellrosa, Gr\u00f6\u00dfe 30-35 - nmj2501-b - DISIMI?","isPartOf":{"@id":"https:\/\/disimi.hr\/#website"},"primaryImageOfPage":{"@id":"https:\/\/disimi.hr\/de\/produkt\/natikace-junior-modre-vel-30-35-nmj2501-m\/#primaryimage"},"image":{"@id":"https:\/\/disimi.hr\/de\/produkt\/natikace-junior-modre-vel-30-35-nmj2501-m\/#primaryimage"},"thumbnailUrl":"https:\/\/disimi.hr\/wp-content\/uploads\/2025\/04\/NMJ2501-ROZE-W.jpg","datePublished":"2025-04-01T11:08:33+00:00","dateModified":"2026-05-14T10:15:57+00:00","breadcrumb":{"@id":"https:\/\/disimi.hr\/de\/produkt\/natikace-junior-modre-vel-30-35-nmj2501-m\/#breadcrumb"},"inLanguage":"de","potentialAction":[{"@type":"ReadAction","target":["https:\/\/disimi.hr\/de\/produkt\/natikace-junior-modre-vel-30-35-nmj2501-m\/"]}]},{"@type":"ImageObject","inLanguage":"de","@id":"https:\/\/disimi.hr\/de\/produkt\/natikace-junior-modre-vel-30-35-nmj2501-m\/#primaryimage","url":"https:\/\/disimi.hr\/wp-content\/uploads\/2025\/04\/NMJ2501-ROZE-W.jpg","contentUrl":"https:\/\/disimi.hr\/wp-content\/uploads\/2025\/04\/NMJ2501-ROZE-W.jpg","width":800,"height":800},{"@type":"BreadcrumbList","@id":"https:\/\/disimi.hr\/de\/produkt\/natikace-junior-modre-vel-30-35-nmj2501-m\/#breadcrumb","itemListElement":[{"@type":"ListItem","position":1,"name":"Po\u010detna stranica","item":"https:\/\/disimi.hr\/de\/"},{"@type":"ListItem","position":2,"name":"Produkte","item":"https:\/\/disimi.hr\/de\/produkte\/"},{"@type":"ListItem","position":3,"name":"Kinder-Flip-Flops, hellrosa, Gr\u00f6\u00dfe 30-35 &#8211; nmj2501-b"}]},{"@type":"WebSite","@id":"https:\/\/disimi.hr\/#website","url":"https:\/\/disimi.hr\/","name":"DISIMI?","description":"Hrvatski brand i jedinstveni dizajn!","publisher":{"@id":"https:\/\/disimi.hr\/#organization"},"potentialAction":[{"@type":"SearchAction","target":{"@type":"EntryPoint","urlTemplate":"https:\/\/disimi.hr\/?s={search_term_string}"},"query-input":{"@type":"PropertyValueSpecification","valueRequired":true,"valueName":"search_term_string"}}],"inLanguage":"de"},{"@type":"Organization","@id":"https:\/\/disimi.hr\/#organization","name":"DiSiMi?","url":"https:\/\/disimi.hr\/","logo":{"@type":"ImageObject","inLanguage":"de","@id":"https:\/\/disimi.hr\/#\/schema\/logo\/image\/","url":"https:\/\/disimi.hr\/wp-content\/uploads\/2022\/02\/logo2.jpg","contentUrl":"https:\/\/disimi.hr\/wp-content\/uploads\/2022\/02\/logo2.jpg","width":250,"height":79,"caption":"DiSiMi?"},"image":{"@id":"https:\/\/disimi.hr\/#\/schema\/logo\/image\/"},"sameAs":["https:\/\/www.facebook.com\/DISIMI.hr\/","https:\/\/www.instagram.com\/disimi.hr\/"]}]}},"_links":{"self":[{"href":"https:\/\/disimi.hr\/de\/wp-json\/wp\/v2\/product\/117755","targetHints":{"allow":["GET"]}}],"collection":[{"href":"https:\/\/disimi.hr\/de\/wp-json\/wp\/v2\/product"}],"about":[{"href":"https:\/\/disimi.hr\/de\/wp-json\/wp\/v2\/types\/product"}],"wp:featuredmedia":[{"embeddable":true,"href":"https:\/\/disimi.hr\/de\/wp-json\/wp\/v2\/media\/132165"}],"wp:attachment":[{"href":"https:\/\/disimi.hr\/de\/wp-json\/wp\/v2\/media?parent=117755"}],"wp:term":[{"taxonomy":"product_brand","embeddable":true,"href":"https:\/\/disimi.hr\/de\/wp-json\/wp\/v2\/product_brand?post=117755"},{"taxonomy":"product_cat","embeddable":true,"href":"https:\/\/disimi.hr\/de\/wp-json\/wp\/v2\/product_cat?post=117755"},{"taxonomy":"product_tag","embeddable":true,"href":"https:\/\/disimi.hr\/de\/wp-json\/wp\/v2\/product_tag?post=117755"}],"curies":[{"name":"wp","href":"https:\/\/api.w.org\/{rel}","templated":true}]}}