{"id":117739,"date":"2025-04-01T13:52:48","date_gmt":"2025-04-01T11:52:48","guid":{"rendered":"https:\/\/disimi.hr\/proizvod\/natikace-muske-modre-vel-40-45-nms2500\/"},"modified":"2026-05-14T12:16:11","modified_gmt":"2026-05-14T10:16:11","slug":"natikace-muske-modre-vel-40-45-nms2500","status":"publish","type":"product","link":"https:\/\/disimi.hr\/de\/produkt\/natikace-muske-modre-vel-40-45-nms2500\/","title":{"rendered":"Herren-Flip-Flops, blau, Gr\u00f6\u00dfe 40-45 &#8211; nms2500"},"content":{"rendered":"<div class=\"wpb-content-wrapper\"><p>[vc_row][vc_column][vc_column_text woodmart_inline=&#8221;no&#8221; text_larger=&#8221;yes&#8221;] <\/p>\n<p style=\"text-align: center;\"><strong>Komfort sah noch nie so gut aus.<\/strong><\/p>\n<p style=\"text-align: center;\"><strong>Verw\u00f6hnen Sie Ihre F\u00fc\u00dfe diesen Sommer.<\/strong><\/p>\n<p style=\"text-align: center;\">\u2714<strong> Modernes Design<\/strong><\/p>\n<p style=\"text-align: center;\">\u2714<strong> Robust und dennoch weich<\/strong><\/p>\n<p style=\"text-align: center;\">\u2714<strong> Komfort steht an erster Stelle<\/strong><\/p>\n<p style=\"text-align: center;\">\u2714<strong> Rutschfeste Sohle<\/strong><\/p>\n<p style=\"text-align: center;\">\u2714<strong> Sparen Ihr Geld<\/strong>: Obwohl sie von hoher Qualit\u00e4t sind, passen sie preislich in jedes Budget.<\/p>\n<p>[\/vc_column_text][vc_row_inner][vc_column_inner width=&#8221;1\/2&#8243;][vc_single_image image=&#8221;2580&#8243; img_size=&#8221;full&#8221; alignment=&#8221;center&#8221; parallax_scroll=&#8221;no&#8221; woodmart_inline=&#8221;no&#8221;][\/vc_column_inner][vc_column_inner width=&#8221;1\/2&#8243;][vc_single_image image=&#8221;7452&#8243; img_size=&#8221;full&#8221; alignment=&#8221;center&#8221; parallax_scroll=&#8221;no&#8221; woodmart_inline=&#8221;no&#8221;][\/vc_column_inner][\/vc_row_inner][vc_row_inner][vc_column_inner][vc_column_text woodmart_inline=&#8221;no&#8221; text_larger=&#8221;no&#8221;] <\/p>\n<p style=\"text-align: Bitte messen Sie Ihre F\u00fc\u00dfe vor der Bestellung und vergleichen Sie die Ma\u00dfe mit unserer Gr\u00f6\u00dfentabelle. \n\n\n<p style=\"text-align: center;\">Unsere Garantie: Wir sind von der hohen Qualit\u00e4t und dem ansprechenden Design unserer Flip-Flops \u00fcberzeugt. Wir glauben so sehr an unser Produkt, dass wir sicher sind, dass es Sie begeistern wird. Sollten die Disimi-Slipper Ihre Erwartungen nicht erf\u00fcllen, k\u00f6nnen Sie sie jederzeit zur\u00fccksenden und erhalten innerhalb der ersten 30 Tage eine volle R\u00fcckerstattung.<\/p>\n<p>[\/vc_column_text][\/vc_column_inner][\/vc_row_inner][\/vc_column][\/vc_row]<\/p>\n<\/div>","protected":false},"excerpt":{"rendered":"<p>1. Obermaterial: EVA<br \/>\n2. Sohle: EVA \u2013 hervorragende Haftung des Schuhs auf dem Untergrund <\/p>\n<div>\n<div><\/div>\n<div>\n<table style=\"height: 194px;\" border=\"0\" width=\"254\" cellspacing=\"0\" cellpadding=\"0\">\n<tbody>\n<tr>\n<td valign=\"bottom\" nowrap=\"nowrap\" width=\"127\">\n<div>GR\u00d6SSE<u><\/u><u><\/u><\/div>\n<\/td>\n<td valign=\"bottom\" nowrap=\"nowrap\" width=\"127\">L\u00c4NGE IN MILLIMETERN<\/td>\n<\/tr>\n<tr>\n<td valign=\"bottom\" nowrap=\"nowrap\" width=\"127\">40<\/td>\n<td valign=\"bottom\" nowrap=\"nowrap\" width=\"127\">245<\/td>\n<\/tr>\n<tr>\n<td valign=\"bottom\" nowrap=\"nowrap\" width=\"127\">41<\/td>\n<td valign=\"bottom\" nowrap=\"nowrap\" width=\"127\">\n<div>255<\/div>\n<\/td>\n<\/tr>\n<tr>\n<td valign=\"bottom\" nowrap=\"nowrap\" width=\"127\">42<\/td>\n<td valign=\"bottom\" nowrap=\"nowrap\" width=\"127\">\n<div>260<\/div>\n<\/td>\n<\/tr>\n<tr>\n<td valign=\"bottom\" nowrap=\"nowrap\" width=\"127\">43<\/td>\n<td valign=\"bottom\" nowrap=\"nowrap\" width=\"127\">\n<div>265<\/div>\n<\/td>\n<\/tr>\n<tr>\n<td valign=\"bottom\" nowrap=\"nowrap\" width=\"127\">44<\/td>\n<td valign=\"bottom\" nowrap=\"nowrap\" width=\"127\">\n<div>270<\/div>\n<\/td>\n<\/tr>\n<tr>\n<td valign=\"bottom\" nowrap=\"nowrap\" width=\"127\">\n<div>45<u><\/u><\/div>\n<\/td>\n<td valign=\"bottom\" nowrap=\"nowrap\" width=\"127\">\n<div>279<\/div>\n<\/td>\n<\/tr>\n<tr>\n<td valign=\"bottom\" nowrap=\"nowrap\" width=\"127\"><\/td>\n<td valign=\"bottom\" nowrap=\"nowrap\" width=\"127\"><\/td>\n<\/tr>\n<\/tbody>\n<\/table>\n<\/div>\n<\/div>\n","protected":false},"featured_media":117740,"template":"","meta":[],"product_brand":[],"product_cat":[250,242],"product_tag":[],"class_list":{"0":"post-117739","1":"product","2":"type-product","3":"status-publish","4":"has-post-thumbnail","6":"product_cat-herren","7":"product_cat-sommerschuhe","9":"first","10":"instock","11":"taxable","12":"shipping-taxable","13":"purchasable","14":"product-type-variable"},"yoast_head":"<!-- This site is optimized with the Yoast SEO plugin v27.5 - https:\/\/yoast.com\/product\/yoast-seo-wordpress\/ -->\n<title>Herren-Flip-Flops, blau, Gr\u00f6\u00dfe 40-45 - nms2500 - DISIMI?<\/title>\n<meta name=\"robots\" content=\"index, follow, max-snippet:-1, max-image-preview:large, max-video-preview:-1\" \/>\n<link rel=\"canonical\" href=\"https:\/\/disimi.hr\/de\/produkt\/natikace-muske-modre-vel-40-45-nms2500\/\" \/>\n<meta property=\"og:locale\" content=\"de_DE\" \/>\n<meta property=\"og:type\" content=\"article\" \/>\n<meta property=\"og:title\" content=\"Herren-Flip-Flops, blau, Gr\u00f6\u00dfe 40-45 - nms2500 - DISIMI?\" \/>\n<meta property=\"og:description\" content=\"1. Obermaterial: EVA 2. Sohle: EVA \u2013 hervorragende Haftung des Schuhs auf dem Untergrund        GR\u00d6SSE L\u00c4NGE IN MILLIMETERN   40 245   41  255   42  260   43  265   44  270    45  279\" \/>\n<meta property=\"og:url\" content=\"https:\/\/disimi.hr\/de\/produkt\/natikace-muske-modre-vel-40-45-nms2500\/\" \/>\n<meta property=\"og:site_name\" content=\"DISIMI?\" \/>\n<meta property=\"article:publisher\" content=\"https:\/\/www.facebook.com\/DISIMI.hr\/\" \/>\n<meta property=\"article:modified_time\" content=\"2026-05-14T10:16:11+00:00\" \/>\n<meta property=\"og:image\" content=\"https:\/\/disimi.hr\/wp-content\/uploads\/2025\/04\/NMS2500-W.jpg\" \/>\n\t<meta property=\"og:image:width\" content=\"800\" \/>\n\t<meta property=\"og:image:height\" content=\"800\" \/>\n\t<meta property=\"og:image:type\" content=\"image\/jpeg\" \/>\n<meta name=\"twitter:card\" content=\"summary_large_image\" \/>\n<meta name=\"twitter:label1\" content=\"Gesch\u00e4tzte Lesezeit\" \/>\n\t<meta name=\"twitter:data1\" content=\"1\u00a0Minute\" \/>\n<script type=\"application\/ld+json\" class=\"yoast-schema-graph\">{\"@context\":\"https:\\\/\\\/schema.org\",\"@graph\":[{\"@type\":\"WebPage\",\"@id\":\"https:\\\/\\\/disimi.hr\\\/de\\\/produkt\\\/natikace-muske-modre-vel-40-45-nms2500\\\/\",\"url\":\"https:\\\/\\\/disimi.hr\\\/de\\\/produkt\\\/natikace-muske-modre-vel-40-45-nms2500\\\/\",\"name\":\"Herren-Flip-Flops, blau, Gr\u00f6\u00dfe 40-45 - nms2500 - DISIMI?\",\"isPartOf\":{\"@id\":\"https:\\\/\\\/disimi.hr\\\/#website\"},\"primaryImageOfPage\":{\"@id\":\"https:\\\/\\\/disimi.hr\\\/de\\\/produkt\\\/natikace-muske-modre-vel-40-45-nms2500\\\/#primaryimage\"},\"image\":{\"@id\":\"https:\\\/\\\/disimi.hr\\\/de\\\/produkt\\\/natikace-muske-modre-vel-40-45-nms2500\\\/#primaryimage\"},\"thumbnailUrl\":\"https:\\\/\\\/disimi.hr\\\/wp-content\\\/uploads\\\/2025\\\/04\\\/NMS2500-W.jpg\",\"datePublished\":\"2025-04-01T11:52:48+00:00\",\"dateModified\":\"2026-05-14T10:16:11+00:00\",\"breadcrumb\":{\"@id\":\"https:\\\/\\\/disimi.hr\\\/de\\\/produkt\\\/natikace-muske-modre-vel-40-45-nms2500\\\/#breadcrumb\"},\"inLanguage\":\"de\",\"potentialAction\":[{\"@type\":\"ReadAction\",\"target\":[\"https:\\\/\\\/disimi.hr\\\/de\\\/produkt\\\/natikace-muske-modre-vel-40-45-nms2500\\\/\"]}]},{\"@type\":\"ImageObject\",\"inLanguage\":\"de\",\"@id\":\"https:\\\/\\\/disimi.hr\\\/de\\\/produkt\\\/natikace-muske-modre-vel-40-45-nms2500\\\/#primaryimage\",\"url\":\"https:\\\/\\\/disimi.hr\\\/wp-content\\\/uploads\\\/2025\\\/04\\\/NMS2500-W.jpg\",\"contentUrl\":\"https:\\\/\\\/disimi.hr\\\/wp-content\\\/uploads\\\/2025\\\/04\\\/NMS2500-W.jpg\",\"width\":800,\"height\":800},{\"@type\":\"BreadcrumbList\",\"@id\":\"https:\\\/\\\/disimi.hr\\\/de\\\/produkt\\\/natikace-muske-modre-vel-40-45-nms2500\\\/#breadcrumb\",\"itemListElement\":[{\"@type\":\"ListItem\",\"position\":1,\"name\":\"Po\u010detna stranica\",\"item\":\"https:\\\/\\\/disimi.hr\\\/de\\\/\"},{\"@type\":\"ListItem\",\"position\":2,\"name\":\"Produkte\",\"item\":\"https:\\\/\\\/disimi.hr\\\/de\\\/produkte\\\/\"},{\"@type\":\"ListItem\",\"position\":3,\"name\":\"Herren-Flip-Flops, blau, Gr\u00f6\u00dfe 40-45 &#8211; nms2500\"}]},{\"@type\":\"WebSite\",\"@id\":\"https:\\\/\\\/disimi.hr\\\/#website\",\"url\":\"https:\\\/\\\/disimi.hr\\\/\",\"name\":\"DISIMI?\",\"description\":\"Hrvatski brand i jedinstveni dizajn!\",\"publisher\":{\"@id\":\"https:\\\/\\\/disimi.hr\\\/#organization\"},\"potentialAction\":[{\"@type\":\"SearchAction\",\"target\":{\"@type\":\"EntryPoint\",\"urlTemplate\":\"https:\\\/\\\/disimi.hr\\\/?s={search_term_string}\"},\"query-input\":{\"@type\":\"PropertyValueSpecification\",\"valueRequired\":true,\"valueName\":\"search_term_string\"}}],\"inLanguage\":\"de\"},{\"@type\":\"Organization\",\"@id\":\"https:\\\/\\\/disimi.hr\\\/#organization\",\"name\":\"DiSiMi?\",\"url\":\"https:\\\/\\\/disimi.hr\\\/\",\"logo\":{\"@type\":\"ImageObject\",\"inLanguage\":\"de\",\"@id\":\"https:\\\/\\\/disimi.hr\\\/#\\\/schema\\\/logo\\\/image\\\/\",\"url\":\"https:\\\/\\\/disimi.hr\\\/wp-content\\\/uploads\\\/2022\\\/02\\\/logo2.jpg\",\"contentUrl\":\"https:\\\/\\\/disimi.hr\\\/wp-content\\\/uploads\\\/2022\\\/02\\\/logo2.jpg\",\"width\":250,\"height\":79,\"caption\":\"DiSiMi?\"},\"image\":{\"@id\":\"https:\\\/\\\/disimi.hr\\\/#\\\/schema\\\/logo\\\/image\\\/\"},\"sameAs\":[\"https:\\\/\\\/www.facebook.com\\\/DISIMI.hr\\\/\",\"https:\\\/\\\/www.instagram.com\\\/disimi.hr\\\/\"]}]}<\/script>\n<!-- \/ Yoast SEO plugin. -->","yoast_head_json":{"title":"Herren-Flip-Flops, blau, Gr\u00f6\u00dfe 40-45 - nms2500 - DISIMI?","robots":{"index":"index","follow":"follow","max-snippet":"max-snippet:-1","max-image-preview":"max-image-preview:large","max-video-preview":"max-video-preview:-1"},"canonical":"https:\/\/disimi.hr\/de\/produkt\/natikace-muske-modre-vel-40-45-nms2500\/","og_locale":"de_DE","og_type":"article","og_title":"Herren-Flip-Flops, blau, Gr\u00f6\u00dfe 40-45 - nms2500 - DISIMI?","og_description":"1. Obermaterial: EVA 2. Sohle: EVA \u2013 hervorragende Haftung des Schuhs auf dem Untergrund        GR\u00d6SSE L\u00c4NGE IN MILLIMETERN   40 245   41  255   42  260   43  265   44  270    45  279","og_url":"https:\/\/disimi.hr\/de\/produkt\/natikace-muske-modre-vel-40-45-nms2500\/","og_site_name":"DISIMI?","article_publisher":"https:\/\/www.facebook.com\/DISIMI.hr\/","article_modified_time":"2026-05-14T10:16:11+00:00","og_image":[{"width":800,"height":800,"url":"https:\/\/disimi.hr\/wp-content\/uploads\/2025\/04\/NMS2500-W.jpg","type":"image\/jpeg"}],"twitter_card":"summary_large_image","twitter_misc":{"Gesch\u00e4tzte Lesezeit":"1\u00a0Minute"},"schema":{"@context":"https:\/\/schema.org","@graph":[{"@type":"WebPage","@id":"https:\/\/disimi.hr\/de\/produkt\/natikace-muske-modre-vel-40-45-nms2500\/","url":"https:\/\/disimi.hr\/de\/produkt\/natikace-muske-modre-vel-40-45-nms2500\/","name":"Herren-Flip-Flops, blau, Gr\u00f6\u00dfe 40-45 - nms2500 - DISIMI?","isPartOf":{"@id":"https:\/\/disimi.hr\/#website"},"primaryImageOfPage":{"@id":"https:\/\/disimi.hr\/de\/produkt\/natikace-muske-modre-vel-40-45-nms2500\/#primaryimage"},"image":{"@id":"https:\/\/disimi.hr\/de\/produkt\/natikace-muske-modre-vel-40-45-nms2500\/#primaryimage"},"thumbnailUrl":"https:\/\/disimi.hr\/wp-content\/uploads\/2025\/04\/NMS2500-W.jpg","datePublished":"2025-04-01T11:52:48+00:00","dateModified":"2026-05-14T10:16:11+00:00","breadcrumb":{"@id":"https:\/\/disimi.hr\/de\/produkt\/natikace-muske-modre-vel-40-45-nms2500\/#breadcrumb"},"inLanguage":"de","potentialAction":[{"@type":"ReadAction","target":["https:\/\/disimi.hr\/de\/produkt\/natikace-muske-modre-vel-40-45-nms2500\/"]}]},{"@type":"ImageObject","inLanguage":"de","@id":"https:\/\/disimi.hr\/de\/produkt\/natikace-muske-modre-vel-40-45-nms2500\/#primaryimage","url":"https:\/\/disimi.hr\/wp-content\/uploads\/2025\/04\/NMS2500-W.jpg","contentUrl":"https:\/\/disimi.hr\/wp-content\/uploads\/2025\/04\/NMS2500-W.jpg","width":800,"height":800},{"@type":"BreadcrumbList","@id":"https:\/\/disimi.hr\/de\/produkt\/natikace-muske-modre-vel-40-45-nms2500\/#breadcrumb","itemListElement":[{"@type":"ListItem","position":1,"name":"Po\u010detna stranica","item":"https:\/\/disimi.hr\/de\/"},{"@type":"ListItem","position":2,"name":"Produkte","item":"https:\/\/disimi.hr\/de\/produkte\/"},{"@type":"ListItem","position":3,"name":"Herren-Flip-Flops, blau, Gr\u00f6\u00dfe 40-45 &#8211; nms2500"}]},{"@type":"WebSite","@id":"https:\/\/disimi.hr\/#website","url":"https:\/\/disimi.hr\/","name":"DISIMI?","description":"Hrvatski brand i jedinstveni dizajn!","publisher":{"@id":"https:\/\/disimi.hr\/#organization"},"potentialAction":[{"@type":"SearchAction","target":{"@type":"EntryPoint","urlTemplate":"https:\/\/disimi.hr\/?s={search_term_string}"},"query-input":{"@type":"PropertyValueSpecification","valueRequired":true,"valueName":"search_term_string"}}],"inLanguage":"de"},{"@type":"Organization","@id":"https:\/\/disimi.hr\/#organization","name":"DiSiMi?","url":"https:\/\/disimi.hr\/","logo":{"@type":"ImageObject","inLanguage":"de","@id":"https:\/\/disimi.hr\/#\/schema\/logo\/image\/","url":"https:\/\/disimi.hr\/wp-content\/uploads\/2022\/02\/logo2.jpg","contentUrl":"https:\/\/disimi.hr\/wp-content\/uploads\/2022\/02\/logo2.jpg","width":250,"height":79,"caption":"DiSiMi?"},"image":{"@id":"https:\/\/disimi.hr\/#\/schema\/logo\/image\/"},"sameAs":["https:\/\/www.facebook.com\/DISIMI.hr\/","https:\/\/www.instagram.com\/disimi.hr\/"]}]}},"_links":{"self":[{"href":"https:\/\/disimi.hr\/de\/wp-json\/wp\/v2\/product\/117739","targetHints":{"allow":["GET"]}}],"collection":[{"href":"https:\/\/disimi.hr\/de\/wp-json\/wp\/v2\/product"}],"about":[{"href":"https:\/\/disimi.hr\/de\/wp-json\/wp\/v2\/types\/product"}],"wp:featuredmedia":[{"embeddable":true,"href":"https:\/\/disimi.hr\/de\/wp-json\/wp\/v2\/media\/117740"}],"wp:attachment":[{"href":"https:\/\/disimi.hr\/de\/wp-json\/wp\/v2\/media?parent=117739"}],"wp:term":[{"taxonomy":"product_brand","embeddable":true,"href":"https:\/\/disimi.hr\/de\/wp-json\/wp\/v2\/product_brand?post=117739"},{"taxonomy":"product_cat","embeddable":true,"href":"https:\/\/disimi.hr\/de\/wp-json\/wp\/v2\/product_cat?post=117739"},{"taxonomy":"product_tag","embeddable":true,"href":"https:\/\/disimi.hr\/de\/wp-json\/wp\/v2\/product_tag?post=117739"}],"curies":[{"name":"wp","href":"https:\/\/api.w.org\/{rel}","templated":true}]}}